{"id":13695,"date":"2025-11-23T08:18:35","date_gmt":"2025-11-23T01:18:35","guid":{"rendered":"https:\/\/thietbidienlama.com\/?post_type=product&#038;p=13695"},"modified":"2025-11-23T10:02:34","modified_gmt":"2025-11-23T03:02:34","slug":"mat-1-uten-dong-vpro-mau-vang","status":"publish","type":"product","link":"https:\/\/www.thietbidienlama.com\/en\/mat-1-uten-dong-vpro-mau-vang\/","title":{"rendered":"M\u1eb7t 1 UTEN D\u00f2ng VPRO M\u00e0u V\u00e0ng M\u1eb7t k\u00ednh sapphire"},"content":{"rendered":"<h2 style=\"text-align: center;\"><span style=\"color: #000000;\">M\u1eb7t 1 UTEN D\u00f2ng VPRO <\/span><span style=\"color: #000000;\">M\u00e0u V\u00e0ng <\/span><span style=\"color: #000000;\">M\u1eb7t k\u00ednh sapphire\u00a0<\/span><\/h2>\n<p data-hveid=\"CAEIAhAA\" data-processed=\"true\" data-complete=\"true\"><span style=\"font-size: 12pt; color: #000000;\"><strong><span style=\"color: #ff6600;\"><a style=\"color: #ff6600;\" href=\"https:\/\/thietbidienlama.com\/mat-1-uten-dong-vpro-mau-vang-mat-kinh-sapphire\/\">M\u1eb7t 1 UTEN D\u00f2ng Vpro M\u00e0u V\u00e0ng<\/a><\/span><\/strong> m\u1eb7t k\u00ednh sapphire l\u00e0 m\u1ed9t s\u1ea3n ph\u1ea9m cao c\u1ea5p, mang \u0111\u1ebfn s\u1ef1 sang tr\u1ecdng v\u00e0 hi\u1ec7n \u0111\u1ea1i cho kh\u00f4ng gian l\u1eafp \u0111\u1eb7t.<\/span><\/p>\n<p data-complete=\"true\" data-processed=\"true\"><img fetchpriority=\"high\" decoding=\"async\" class=\"alignnone size-medium wp-image-13696 aligncenter\" src=\"http:\/\/thietbidienlama.com\/wp-content\/uploads\/2025\/11\/Mat-1-UTEN-Dong-VPRO-Mat-kinh-sapphire-Mau-Vang-300x300.jpg\" alt=\"\" width=\"300\" height=\"300\" srcset=\"https:\/\/www.thietbidienlama.com\/wp-content\/uploads\/2025\/11\/Mat-1-UTEN-Dong-VPRO-Mat-kinh-sapphire-Mau-Vang-300x300.jpg 300w, https:\/\/www.thietbidienlama.com\/wp-content\/uploads\/2025\/11\/Mat-1-UTEN-Dong-VPRO-Mat-kinh-sapphire-Mau-Vang-150x150.jpg 150w, https:\/\/www.thietbidienlama.com\/wp-content\/uploads\/2025\/11\/Mat-1-UTEN-Dong-VPRO-Mat-kinh-sapphire-Mau-Vang-12x12.jpg 12w, https:\/\/www.thietbidienlama.com\/wp-content\/uploads\/2025\/11\/Mat-1-UTEN-Dong-VPRO-Mat-kinh-sapphire-Mau-Vang.jpg 500w\" sizes=\"(max-width: 300px) 100vw, 300px\" \/><\/p>\n<h3 role=\"heading\" aria-level=\"3\" data-processed=\"true\" data-complete=\"true\"><span style=\"font-size: 14pt; color: #000000;\">Th\u00f4ng tin chi ti\u1ebft s\u1ea3n ph\u1ea9m:<\/span><\/h3>\n<ul data-processed=\"true\" data-complete=\"true\">\n<li data-hveid=\"CAEIBBAA\" data-complete=\"true\" data-sae=\"\"><span style=\"font-size: 12pt; color: #000000;\">T\u00ean s\u1ea3n ph\u1ea9m:\u00a0M\u1eb7t k\u00ednh UTEN VPRO GOLD GLASS\u00a0(d\u00f9ng cho 1 thi\u1ebft b\u1ecb).<\/span><\/li>\n<li data-hveid=\"CAEIBBAB\" data-complete=\"true\" data-sae=\"\"><span style=\"font-size: 12pt; color: #000000;\">M\u00e3 s\u1ea3n ph\u1ea9m:\u00a0VPRO-PM1\u00a0(d\u00f9ng cho 1 thi\u1ebft b\u1ecb c\u1ee1 S, k\u00edch th\u01b0\u1edbc ph\u1ed5 th\u00f4ng) ho\u1eb7c\u00a0VPRO-PM1.5 (d\u00f9ng cho 1 thi\u1ebft b\u1ecb c\u1ee1 M).<\/span><\/li>\n<li data-hveid=\"CAEIBBAC\" data-complete=\"true\" data-sae=\"\"><span style=\"font-size: 12pt; color: #000000;\">Ch\u1ea5t li\u1ec7u:\u00a0Nh\u1ef1a PC cao c\u1ea5p k\u1ebft h\u1ee3p v\u1edbi m\u1eb7t k\u00ednh sapphire b\u00f3ng b\u1ea9y.<\/span><\/li>\n<li data-hveid=\"CAEIBBAD\" data-complete=\"true\" data-sae=\"\"><span style=\"font-size: 12pt; color: #000000;\">M\u00e0u s\u1eafc:\u00a0M\u00e0u v\u00e0ng trang nh\u00e3 (gold), vi\u1ec1n nh\u1ef1a \u1ed1p m\u1eb7t k\u00ednh.<\/span><\/li>\n<li data-hveid=\"CAEIBBAE\" data-complete=\"true\" data-sae=\"\"><span style=\"font-size: 12pt; color: #000000;\">K\u00edch th\u01b0\u1edbc:\u00a0117 x 74mm (\u00e1p d\u1ee5ng cho c\u1ea3\u00a0VPRO-PM1\u00a0v\u00e0\u00a0VPRO-PM1.5).<\/span><\/li>\n<li data-hveid=\"CAEIBBAF\" data-sae=\"\" data-complete=\"true\"><span style=\"font-size: 12pt; color: #000000;\">\u0110\u1eb7c t\u00ednh:<\/span>\n<ul data-complete=\"true\">\n<li data-hveid=\"CAEIBBAG\" data-complete=\"true\" data-sae=\"\"><span style=\"font-size: 12pt; color: #000000;\">Thi\u1ebft k\u1ebf sang tr\u1ecdng:\u00a0T\u00f4ng m\u00e0u v\u00e0ng gold k\u1ebft h\u1ee3p m\u1eb7t k\u00ednh sapphire t\u1ea1o \u0111i\u1ec3m nh\u1ea5n n\u1ed5i b\u1eadt, ph\u00f9 h\u1ee3p v\u1edbi c\u00e1c kh\u00f4ng gian n\u1ed9i th\u1ea5t cao c\u1ea5p, kh\u00e1ch s\u1ea1n, bi\u1ec7t th\u1ef1.<\/span><\/li>\n<li data-hveid=\"CAEIBBAH\" data-complete=\"true\" data-sae=\"\"><span style=\"font-size: 12pt; color: #000000;\">Ch\u1ed1ng tr\u1ea7y x\u01b0\u1edbc:\u00a0B\u1ec1 m\u1eb7t k\u00ednh sapphire c\u00f3 \u0111\u1ed9 c\u1ee9ng cao, gi\u00fap ch\u1ed1ng tr\u1ea7y x\u01b0\u1edbc v\u00e0 gi\u1eef \u0111\u01b0\u1ee3c v\u1ebb \u0111\u1eb9p b\u1ec1n l\u00e2u.<\/span><\/li>\n<li data-hveid=\"CAEIBBAI\" data-complete=\"true\" data-sae=\"\"><span style=\"font-size: 12pt; color: #000000;\">\u0110\u1ed9 b\u1ec1n:\u00a0Ch\u1ea5t li\u1ec7u PC v\u00e0 k\u00ednh sapphire \u0111\u1ea3m b\u1ea3o \u0111\u1ed9 b\u1ec1n cao, ch\u1ecbu \u0111\u01b0\u1ee3c nhi\u1ec7t \u0111\u1ed9 l\u00e0m vi\u1ec7c t\u1eeb -20 \u0111\u1ebfn 70 \u0111\u1ed9 C.<\/span><\/li>\n<li data-hveid=\"CAEIBBAJ\" data-sae=\"\" data-complete=\"true\"><span style=\"font-size: 12pt; color: #000000;\">D\u1ec5 d\u00e0ng l\u1eafp \u0111\u1eb7t:\u00a0L\u00e0 m\u1eb7t che, d\u1ec5 d\u00e0ng l\u1eafp \u0111\u1eb7t v\u1edbi c\u00e1c h\u1ea1t c\u00f4ng t\u1eafc, \u1ed5 c\u1eafm d\u00f2ng VPRO t\u01b0\u01a1ng \u1ee9ng.<\/span><\/li>\n<\/ul>\n<\/li>\n<li data-hveid=\"CAEIBBAK\" data-complete=\"true\" data-processed=\"true\" data-sae=\"\"><span style=\"font-size: 12pt; color: #000000;\">B\u1ea3o h\u00e0nh:\u00a0S\u1ea3n ph\u1ea9m th\u01b0\u1eddng \u0111\u01b0\u1ee3c b\u1ea3o h\u00e0nh trong th\u1eddi gian d\u00e0i (l\u00ean \u0111\u1ebfn 12 n\u0103m).\u00a0<button tabindex=\"0\" data-amic=\"true\" data-icl-uuid=\"db53a78c-9311-47fa-8fb0-a9d6f90caaff\" aria-label=\"Xem c\u00e1c \u0111\u01b0\u1eddng li\u00ean k\u1ebft c\u00f3 li\u00ean quan\" data-wiz-attrbind=\"disabled=ahAsw_1x_C5gNJc;class=ahAsw_1x_UpSNec;\" data-ved=\"2ahUKEwi4gMW_i4eRAxX8lK8BHXRkD-0Qye0OegYIAQgEEAs\"><\/button><\/span><\/li>\n<\/ul>\n<p data-hveid=\"CAEIBRAA\" data-complete=\"true\" data-processed=\"true\"><span style=\"font-size: 12pt; color: #000000;\">S\u1ea3n ph\u1ea9m n\u00e0y l\u00e0 l\u1ef1a ch\u1ecdn l\u00fd t\u01b0\u1edfng cho nh\u1eefng ai t\u00ecm ki\u1ebfm gi\u1ea3i ph\u00e1p thi\u1ebft b\u1ecb \u0111i\u1ec7n kh\u00f4ng ch\u1ec9 an to\u00e0n, ti\u1ec7n d\u1ee5ng m\u00e0 c\u00f2n mang t\u00ednh th\u1ea9m m\u1ef9 v\u00e0 \u0111\u1eb3ng c\u1ea5p cao.<\/span><\/p>\n<p class=\"Y3BBE\" data-hveid=\"CAEICBAA\" data-complete=\"true\" data-processed=\"true\"><span style=\"font-size: 12pt; color: #000000;\"><strong>LI\u00caN H\u1ec6 : Hotline: 0935 228 204 ( Ms Lam )<\/strong><\/span><\/p>\n<p><span style=\"font-size: 12pt; color: #000000;\"><strong>Facebook:\u00a0<span style=\"color: #ff6600;\"><a style=\"color: #ff6600;\" href=\"https:\/\/www.facebook.com\/thietbidienlama\" target=\"_blank\" rel=\"noopener\">THI\u1ebeT\u00a0B\u1eca \u0110I\u1ec6N LAMA<\/a><\/span><\/strong><\/span><\/p>\n<p><span style=\"font-size: 12pt; color: #000000;\"><strong>Tiktok:\u00a0<span style=\"color: #ff6600;\"><a style=\"color: #ff6600;\" href=\"https:\/\/www.tiktok.com\/@thietbidienlama\" target=\"_blank\" rel=\"noopener\">THI\u1ebeT\u00a0B\u1eca \u0110I\u1ec6N LAMA<\/a><\/span><\/strong><\/span><\/p>\n<p><span style=\"font-size: 12pt; color: #000000;\"><strong>Youtube: <span style=\"color: #ff6600;\"><a style=\"color: #ff6600;\" href=\"https:\/\/www.youtube.com\/@thietbidienlama\" target=\"_blank\" rel=\"noopener\">THI\u1ebeT\u00a0B\u1eca \u0110I\u1ec6N LAMA<\/a><\/span><\/strong><\/span><\/p>","protected":false},"excerpt":{"rendered":"<p>M\u1eb7t 1 UTEN D\u00f2ng VPRO M\u00e0u V\u00e0ng M\u1eb7t k\u00ednh sapphire\u00a0 M\u1eb7t 1 UTEN D\u00f2ng Vpro M\u00e0u V\u00e0ng m\u1eb7t k\u00ednh sapphire<\/p>","protected":false},"featured_media":13696,"comment_status":"closed","ping_status":"closed","template":"","meta":[],"product_brand":[],"product_cat":[992,991],"product_tag":[997,996],"class_list":{"0":"post-13695","1":"product","2":"type-product","3":"status-publish","4":"has-post-thumbnail","6":"product_cat-mat-kinh-vpro-uten","7":"product_cat-mat-cong-tac-uten","8":"product_tag-mat-1-uten-dong-vpro","9":"product_tag-mat-1-uten-dong-vpro-mau-vang","11":"first","12":"instock","13":"sale","14":"shipping-taxable","15":"purchasable","16":"product-type-simple"},"_links":{"self":[{"href":"https:\/\/www.thietbidienlama.com\/en\/wp-json\/wp\/v2\/product\/13695","targetHints":{"allow":["GET"]}}],"collection":[{"href":"https:\/\/www.thietbidienlama.com\/en\/wp-json\/wp\/v2\/product"}],"about":[{"href":"https:\/\/www.thietbidienlama.com\/en\/wp-json\/wp\/v2\/types\/product"}],"replies":[{"embeddable":true,"href":"https:\/\/www.thietbidienlama.com\/en\/wp-json\/wp\/v2\/comments?post=13695"}],"version-history":[{"count":2,"href":"https:\/\/www.thietbidienlama.com\/en\/wp-json\/wp\/v2\/product\/13695\/revisions"}],"predecessor-version":[{"id":13698,"href":"https:\/\/www.thietbidienlama.com\/en\/wp-json\/wp\/v2\/product\/13695\/revisions\/13698"}],"wp:featuredmedia":[{"embeddable":true,"href":"https:\/\/www.thietbidienlama.com\/en\/wp-json\/wp\/v2\/media\/13696"}],"wp:attachment":[{"href":"https:\/\/www.thietbidienlama.com\/en\/wp-json\/wp\/v2\/media?parent=13695"}],"wp:term":[{"taxonomy":"product_brand","embeddable":true,"href":"https:\/\/www.thietbidienlama.com\/en\/wp-json\/wp\/v2\/product_brand?post=13695"},{"taxonomy":"product_cat","embeddable":true,"href":"https:\/\/www.thietbidienlama.com\/en\/wp-json\/wp\/v2\/product_cat?post=13695"},{"taxonomy":"product_tag","embeddable":true,"href":"https:\/\/www.thietbidienlama.com\/en\/wp-json\/wp\/v2\/product_tag?post=13695"}],"curies":[{"name":"wp","href":"https:\/\/api.w.org\/{rel}","templated":true}]}}