{"id":13687,"date":"2025-11-23T08:06:05","date_gmt":"2025-11-23T01:06:05","guid":{"rendered":"https:\/\/thietbidienlama.com\/?post_type=product&#038;p=13687"},"modified":"2025-11-23T08:06:05","modified_gmt":"2025-11-23T01:06:05","slug":"mat-3-uten-dong-vpro-mat-kinh-sapphire","status":"publish","type":"product","link":"https:\/\/www.thietbidienlama.com\/en\/mat-3-uten-dong-vpro-mat-kinh-sapphire\/","title":{"rendered":"M\u1eb7t 3 UTEN D\u00f2ng VPRO M\u1eb7t k\u00ednh sapphire M\u00e0u Ghi X\u00e1m"},"content":{"rendered":"<h2 style=\"text-align: center;\"><span style=\"color: #000000;\">M\u1eb7t 3 UTEN D\u00f2ng VPRO M\u1eb7t k\u00ednh sapphire M\u00e0u Ghi X\u00e1m<\/span><\/h2>\n<p data-hveid=\"CAIQAA\" data-complete=\"true\" data-processed=\"true\"><span style=\"font-size: 12pt; color: #000000;\"><span style=\"color: #ff6600;\"><a style=\"color: #ff6600;\" href=\"https:\/\/thietbidienlama.com\/mat-3-uten-dong-vpro-mat-kinh-sapphire\/\"><strong>M\u1eb7t 3 Uten d\u00f2ng VPRO<\/strong><\/a><\/span>\u00a0v\u1edbi m\u1eb7t k\u00ednh sapphire m\u00e0u ghi x\u00e1m l\u00e0 m\u1ed9t s\u1ea3n ph\u1ea9m ph\u1ee5 ki\u1ec7n \u0111i\u1ec7n cao c\u1ea5p, n\u1ed5i b\u1eadt v\u1edbi thi\u1ebft k\u1ebf sang tr\u1ecdng v\u00e0 \u0111\u1ed9 b\u1ec1n cao.<\/span><\/p>\n<p data-complete=\"true\" data-processed=\"true\"><img fetchpriority=\"high\" decoding=\"async\" class=\"alignnone size-medium wp-image-13689 aligncenter\" src=\"http:\/\/thietbidienlama.com\/wp-content\/uploads\/2025\/11\/Mat-3-UTEN-Dong-VPRO-Mat-kinh-sapphire-Mau-Ghi-Xam-3-300x300.jpg\" alt=\"\" width=\"300\" height=\"300\" srcset=\"https:\/\/www.thietbidienlama.com\/wp-content\/uploads\/2025\/11\/Mat-3-UTEN-Dong-VPRO-Mat-kinh-sapphire-Mau-Ghi-Xam-3-300x300.jpg 300w, https:\/\/www.thietbidienlama.com\/wp-content\/uploads\/2025\/11\/Mat-3-UTEN-Dong-VPRO-Mat-kinh-sapphire-Mau-Ghi-Xam-3-150x150.jpg 150w, https:\/\/www.thietbidienlama.com\/wp-content\/uploads\/2025\/11\/Mat-3-UTEN-Dong-VPRO-Mat-kinh-sapphire-Mau-Ghi-Xam-3-12x12.jpg 12w, https:\/\/www.thietbidienlama.com\/wp-content\/uploads\/2025\/11\/Mat-3-UTEN-Dong-VPRO-Mat-kinh-sapphire-Mau-Ghi-Xam-3.jpg 500w\" sizes=\"(max-width: 300px) 100vw, 300px\" \/><\/p>\n<h3 role=\"heading\" aria-level=\"3\" data-processed=\"true\" data-complete=\"true\"><span style=\"font-size: 14pt; color: #000000;\">Th\u00f4ng tin chi ti\u1ebft s\u1ea3n ph\u1ea9m:<\/span><\/h3>\n<ul data-complete=\"true\" data-processed=\"true\">\n<li data-hveid=\"CAQQAA\" data-complete=\"true\" data-sae=\"\"><span style=\"font-size: 12pt; color: #000000;\"><strong>T\u00ean s\u1ea3n ph\u1ea9m:<\/strong>\u00a0M\u1eb7t k\u00ednh UTEN VPRO GRAY GLASS (d\u00f9ng cho 3 thi\u1ebft b\u1ecb c\u1ee1 S).<\/span><\/li>\n<li data-hveid=\"CAQQAQ\" data-complete=\"true\" data-sae=\"\"><span style=\"font-size: 12pt; color: #000000;\"><strong>M\u00e3 s\u1ea3n ph\u1ea9m<\/strong>:\u00a0VPRO-PM3\u00a0(ho\u1eb7c m\u00e3 t\u01b0\u01a1ng t\u1ef1 t\u00f9y theo nh\u00e0 ph\u00e2n ph\u1ed1i).<\/span><\/li>\n<li data-hveid=\"CAQQAg\" data-complete=\"true\" data-sae=\"\"><span style=\"font-size: 12pt; color: #000000;\"><strong>Ch\u1ea5t li\u1ec7u:<\/strong>\u00a0Nh\u1ef1a PC cao c\u1ea5p k\u1ebft h\u1ee3p v\u1edbi m\u1eb7t k\u00ednh sapphire.<\/span><\/li>\n<li data-hveid=\"CAQQAw\" data-complete=\"true\" data-sae=\"\"><span style=\"font-size: 12pt; color: #000000;\"><strong>M\u00e0u s\u1eafc:<\/strong>\u00a0M\u00e0u ghi x\u00e1m, vi\u1ec1n nh\u1ef1a \u1ed1p m\u1eb7t k\u00ednh sapphire.<\/span><\/li>\n<li data-hveid=\"CAQQBA\" data-complete=\"true\" data-sae=\"\"><span style=\"font-size: 12pt; color: #000000;\"><strong>K\u00edch th\u01b0\u1edbc:<\/strong>\u00a0117 x 74mm.<\/span><\/li>\n<li data-hveid=\"CAQQBQ\" data-complete=\"true\" data-sae=\"\"><strong><span style=\"font-size: 12pt; color: #000000;\">\u0110\u1eb7c t\u00ednh:<\/span><\/strong>\n<ul data-complete=\"true\">\n<li data-hveid=\"CAQQBg\" data-complete=\"true\" data-sae=\"\"><span style=\"font-size: 12pt; color: #000000;\">Sang tr\u1ecdng v\u00e0 hi\u1ec7n \u0111\u1ea1i:\u00a0B\u1ec1 m\u1eb7t k\u00ednh sapphire mang l\u1ea1i v\u1ebb ngo\u00e0i b\u00f3ng b\u1ea9y, ch\u1ed1ng tr\u1ea7y x\u01b0\u1edbc hi\u1ec7u qu\u1ea3, t\u1ea1o \u0111i\u1ec3m nh\u1ea5n cao c\u1ea5p cho kh\u00f4ng gian n\u1ed9i th\u1ea5t.<\/span><\/li>\n<li data-hveid=\"CAQQBw\" data-complete=\"true\" data-sae=\"\"><span style=\"font-size: 12pt; color: #000000;\">\u0110\u1ed9 b\u1ec1n cao:\u00a0K\u00ednh sapphire \u0111\u01b0\u1ee3c bi\u1ebft \u0111\u1ebfn v\u1edbi \u0111\u1ed9 c\u1ee9ng v\u00e0 kh\u1ea3 n\u0103ng ch\u1ecbu l\u1ef1c t\u1ed1t.<\/span><\/li>\n<li data-hveid=\"CAQQCA\" data-complete=\"true\" data-sae=\"\"><span style=\"font-size: 12pt; color: #000000;\">An to\u00e0n:\u00a0Vi\u1ec1n nh\u1ef1a PC gi\u00fap c\u00e1ch \u0111i\u1ec7n t\u1ed1t, \u0111\u1ea3m b\u1ea3o an to\u00e0n khi s\u1eed d\u1ee5ng.<\/span><\/li>\n<li data-hveid=\"CAQQCQ\" data-complete=\"true\" data-sae=\"\"><span style=\"font-size: 12pt; color: #000000;\">T\u01b0\u01a1ng th\u00edch:\u00a0S\u1ea3n ph\u1ea9m l\u00e0 m\u1eb7t che, c\u1ea7n k\u1ebft h\u1ee3p v\u1edbi c\u00e1c h\u1ea1t c\u00f4ng t\u1eafc, \u1ed5 c\u1eafm d\u00f2ng VPRO t\u01b0\u01a1ng \u1ee9ng \u0111\u1ec3 t\u1ea1o th\u00e0nh b\u1ed9 c\u00f4ng t\u1eafc\/\u1ed5 c\u1eafm ho\u00e0n ch\u1ec9nh.<\/span><\/li>\n<\/ul>\n<\/li>\n<li data-hveid=\"CAQQCg\" data-complete=\"true\" data-sae=\"\"><span style=\"font-size: 12pt; color: #000000;\"><strong>Nhi\u1ec7t \u0111\u1ed9 l\u00e0m vi\u1ec7c:<\/strong>\u00a0-20 ~ 70 \u0111\u1ed9 C.<\/span><\/li>\n<li data-hveid=\"CAQQCw\" data-complete=\"true\" data-sae=\"\"><span style=\"font-size: 12pt; color: #000000;\"><strong>B\u1ea3o h\u00e0nh:<\/strong> Th\u00f4ng th\u01b0\u1eddng \u0111\u01b0\u1ee3c b\u1ea3o h\u00e0nh 12 n\u0103m.<\/span><\/li>\n<\/ul>\n<p data-hveid=\"CAYQAA\" data-complete=\"true\" data-processed=\"true\"><span style=\"font-size: 12pt; color: #000000;\">S\u1ea3n ph\u1ea9m n\u00e0y th\u01b0\u1eddng \u0111\u01b0\u1ee3c s\u1eed d\u1ee5ng trong c\u00e1c c\u00f4ng tr\u00ecnh d\u00e2n d\u1ee5ng v\u00e0 th\u01b0\u01a1ng m\u1ea1i y\u00eau c\u1ea7u t\u00ednh th\u1ea9m m\u1ef9 cao, mang l\u1ea1i s\u1ef1 ti\u1ec7n nghi v\u00e0 an to\u00e0n cho ng\u01b0\u1eddi d\u00f9ng.<\/span><\/p>\n<p data-hveid=\"CAYQAA\" data-complete=\"true\" data-processed=\"true\"><img decoding=\"async\" class=\"alignnone size-medium wp-image-13688 aligncenter\" src=\"http:\/\/thietbidienlama.com\/wp-content\/uploads\/2025\/11\/Mat-3-UTEN-Dong-VPRO-Mat-kinh-sapphire-Mau-Ghi-Xam-2-300x300.jpg\" alt=\"\" width=\"300\" height=\"300\" srcset=\"https:\/\/www.thietbidienlama.com\/wp-content\/uploads\/2025\/11\/Mat-3-UTEN-Dong-VPRO-Mat-kinh-sapphire-Mau-Ghi-Xam-2-300x300.jpg 300w, https:\/\/www.thietbidienlama.com\/wp-content\/uploads\/2025\/11\/Mat-3-UTEN-Dong-VPRO-Mat-kinh-sapphire-Mau-Ghi-Xam-2-150x150.jpg 150w, https:\/\/www.thietbidienlama.com\/wp-content\/uploads\/2025\/11\/Mat-3-UTEN-Dong-VPRO-Mat-kinh-sapphire-Mau-Ghi-Xam-2-12x12.jpg 12w, https:\/\/www.thietbidienlama.com\/wp-content\/uploads\/2025\/11\/Mat-3-UTEN-Dong-VPRO-Mat-kinh-sapphire-Mau-Ghi-Xam-2.jpg 500w\" sizes=\"(max-width: 300px) 100vw, 300px\" \/><\/p>\n<p class=\"Y3BBE\" data-hveid=\"CAEICBAA\" data-complete=\"true\" data-processed=\"true\"><span style=\"font-size: 12pt; color: #000000;\"><strong>LI\u00caN H\u1ec6 : Hotline: 0935 228 204 ( Ms Lam )<\/strong><\/span><\/p>\n<p><span style=\"font-size: 12pt; color: #000000;\"><strong>Facebook:\u00a0<span style=\"color: #ff6600;\"><a style=\"color: #ff6600;\" href=\"https:\/\/www.facebook.com\/thietbidienlama\" target=\"_blank\" rel=\"noopener\">THI\u1ebeT\u00a0B\u1eca \u0110I\u1ec6N LAMA<\/a><\/span><\/strong><\/span><\/p>\n<p><span style=\"font-size: 12pt; color: #000000;\"><strong>Tiktok:\u00a0<span style=\"color: #ff6600;\"><a style=\"color: #ff6600;\" href=\"https:\/\/www.tiktok.com\/@thietbidienlama\" target=\"_blank\" rel=\"noopener\">THI\u1ebeT\u00a0B\u1eca \u0110I\u1ec6N LAMA<\/a><\/span><\/strong><\/span><\/p>\n<p><span style=\"font-size: 12pt; color: #000000;\"><strong>Youtube: <span style=\"color: #ff6600;\"><a style=\"color: #ff6600;\" href=\"https:\/\/www.youtube.com\/@thietbidienlama\" target=\"_blank\" rel=\"noopener\">THI\u1ebeT\u00a0B\u1eca \u0110I\u1ec6N LAMA<\/a><\/span><\/strong><\/span><\/p>","protected":false},"excerpt":{"rendered":"<p>M\u1eb7t 3 UTEN D\u00f2ng VPRO M\u1eb7t k\u00ednh sapphire M\u00e0u Ghi X\u00e1m M\u1eb7t 3 Uten d\u00f2ng VPRO\u00a0v\u1edbi m\u1eb7t k\u00ednh sapphire m\u00e0u<\/p>","protected":false},"featured_media":13690,"comment_status":"closed","ping_status":"closed","template":"","meta":[],"product_brand":[],"product_cat":[991,992],"product_tag":[994,995],"class_list":{"0":"post-13687","1":"product","2":"type-product","3":"status-publish","4":"has-post-thumbnail","6":"product_cat-mat-cong-tac-uten","7":"product_cat-mat-kinh-vpro-uten","8":"product_tag-mat-3-uten","9":"product_tag-mat-3-uten-vpro","11":"first","12":"instock","13":"sale","14":"shipping-taxable","15":"purchasable","16":"product-type-simple"},"_links":{"self":[{"href":"https:\/\/www.thietbidienlama.com\/en\/wp-json\/wp\/v2\/product\/13687","targetHints":{"allow":["GET"]}}],"collection":[{"href":"https:\/\/www.thietbidienlama.com\/en\/wp-json\/wp\/v2\/product"}],"about":[{"href":"https:\/\/www.thietbidienlama.com\/en\/wp-json\/wp\/v2\/types\/product"}],"replies":[{"embeddable":true,"href":"https:\/\/www.thietbidienlama.com\/en\/wp-json\/wp\/v2\/comments?post=13687"}],"version-history":[{"count":2,"href":"https:\/\/www.thietbidienlama.com\/en\/wp-json\/wp\/v2\/product\/13687\/revisions"}],"predecessor-version":[{"id":13692,"href":"https:\/\/www.thietbidienlama.com\/en\/wp-json\/wp\/v2\/product\/13687\/revisions\/13692"}],"wp:featuredmedia":[{"embeddable":true,"href":"https:\/\/www.thietbidienlama.com\/en\/wp-json\/wp\/v2\/media\/13690"}],"wp:attachment":[{"href":"https:\/\/www.thietbidienlama.com\/en\/wp-json\/wp\/v2\/media?parent=13687"}],"wp:term":[{"taxonomy":"product_brand","embeddable":true,"href":"https:\/\/www.thietbidienlama.com\/en\/wp-json\/wp\/v2\/product_brand?post=13687"},{"taxonomy":"product_cat","embeddable":true,"href":"https:\/\/www.thietbidienlama.com\/en\/wp-json\/wp\/v2\/product_cat?post=13687"},{"taxonomy":"product_tag","embeddable":true,"href":"https:\/\/www.thietbidienlama.com\/en\/wp-json\/wp\/v2\/product_tag?post=13687"}],"curies":[{"name":"wp","href":"https:\/\/api.w.org\/{rel}","templated":true}]}}