{"id":13677,"date":"2025-11-20T13:40:09","date_gmt":"2025-11-20T06:40:09","guid":{"rendered":"https:\/\/thietbidienlama.com\/?post_type=product&#038;p=13677"},"modified":"2025-11-20T13:40:09","modified_gmt":"2025-11-20T06:40:09","slug":"mat-2-uten-dong-vpro-mat-kinh-sapphire-mau-ghi","status":"publish","type":"product","link":"https:\/\/www.thietbidienlama.com\/en\/mat-2-uten-dong-vpro-mat-kinh-sapphire-mau-ghi\/","title":{"rendered":"M\u1eb7t 2 UTEN D\u00f2ng VPRO M\u1eb7t k\u00ednh sapphire M\u00e0u Ghi"},"content":{"rendered":"<h2 style=\"text-align: center;\" data-hveid=\"CAEIAhAA\" data-processed=\"true\" data-complete=\"true\"><span style=\"color: #000000; font-size: 18pt;\">M\u1eb7t 2 UTEN D\u00f2ng VPRO M\u1eb7t k\u00ednh sapphire M\u00e0u Ghi<\/span><\/h2>\n<p data-hveid=\"CAEIAhAA\" data-processed=\"true\" data-complete=\"true\"><span style=\"color: #000000; font-size: 12pt;\"><span style=\"color: #ff6600;\"><a style=\"color: #ff6600;\" href=\"https:\/\/thietbidienlama.com\/mat-2-uten-dong-vpro-mat-kinh-sapphire-mau-ghi\/\"><strong>M\u1eb7t 2<\/strong> <strong>UTEN D\u00f2ng VPRO<\/strong><\/a><\/span> m\u1eb7t k\u00ednh sapphire\u00a0m\u00e0u ghi\u00a0l\u00e0 lo\u1ea1i m\u1eb7t che cao c\u1ea5p d\u00e0nh cho\u00a0hai thi\u1ebft b\u1ecb\u00a0c\u1ee1 S, thu\u1ed9c d\u00f2ng VPRO c\u1ee7a UTEN, n\u1ed5i b\u1eadt v\u1edbi b\u1ec1 m\u1eb7t\u00a0k\u00ednh sapphire sang tr\u1ecdng v\u00e0 b\u1ec1n b\u1ec9.<\/span><\/p>\n<p data-complete=\"true\" data-processed=\"true\"><img fetchpriority=\"high\" decoding=\"async\" class=\"aligncenter wp-image-13682 size-medium\" src=\"http:\/\/thietbidienlama.com\/wp-content\/uploads\/2025\/11\/Mat-2-UTEN-Dong-VPRO-Mat-kinh-sapphire-Mau-Ghi-xam-3-300x300.jpg\" alt=\"M\u1eb7t 2 UTEN D\u00f2ng VPRO M\u1eb7t k\u00ednh sapphire M\u00e0u Ghi\" width=\"300\" height=\"300\" srcset=\"https:\/\/www.thietbidienlama.com\/wp-content\/uploads\/2025\/11\/Mat-2-UTEN-Dong-VPRO-Mat-kinh-sapphire-Mau-Ghi-xam-3-300x300.jpg 300w, https:\/\/www.thietbidienlama.com\/wp-content\/uploads\/2025\/11\/Mat-2-UTEN-Dong-VPRO-Mat-kinh-sapphire-Mau-Ghi-xam-3-150x150.jpg 150w, https:\/\/www.thietbidienlama.com\/wp-content\/uploads\/2025\/11\/Mat-2-UTEN-Dong-VPRO-Mat-kinh-sapphire-Mau-Ghi-xam-3-12x12.jpg 12w, https:\/\/www.thietbidienlama.com\/wp-content\/uploads\/2025\/11\/Mat-2-UTEN-Dong-VPRO-Mat-kinh-sapphire-Mau-Ghi-xam-3.jpg 500w\" sizes=\"(max-width: 300px) 100vw, 300px\" \/><\/p>\n<h3 role=\"heading\" aria-level=\"3\" data-processed=\"true\" data-complete=\"true\"><span style=\"color: #000000; font-size: 14pt;\">\u0110\u1eb7c \u0111i\u1ec3m n\u1ed5i b\u1eadt<\/span><\/h3>\n<ul data-processed=\"true\" data-complete=\"true\">\n<li data-hveid=\"CAEIBBAA\" data-complete=\"true\" data-sae=\"\"><span style=\"color: #000000; font-size: 12pt;\">M\u00e3 s\u1ea3n ph\u1ea9m:\u00a0VPRO-PM2\u00a0(d\u00f9ng cho 2 thi\u1ebft b\u1ecb c\u1ee1 S).<\/span><\/li>\n<li data-hveid=\"CAEIBBAB\" data-complete=\"true\" data-sae=\"\"><span style=\"color: #000000; font-size: 12pt;\">Ch\u1ea5t li\u1ec7u cao c\u1ea5p: \u0110\u01b0\u1ee3c l\u00e0m t\u1eeb nh\u1ef1a PC ch\u1ea5t l\u01b0\u1ee3ng cao v\u00e0 ph\u1ee7 m\u1ed9t l\u1edbp\u00a0k\u00ednh sapphire\u00a0theo c\u00f4ng ngh\u1ec7 ch\u00ednh x\u00e1c, tinh vi, mang l\u1ea1i kh\u1ea3 n\u0103ng ch\u1ed1ng tr\u1ea7y x\u01b0\u1edbc v\u00e0 v\u1ebb ngo\u00e0i b\u00f3ng b\u1ea9y, hi\u1ec7n \u0111\u1ea1i.<\/span><\/li>\n<li data-hveid=\"CAEIBBAC\" data-complete=\"true\" data-sae=\"\"><span style=\"color: #000000; font-size: 12pt;\">M\u00e0u s\u1eafc: M\u00e0u\u00a0ghi\u00a0(gray) trang nh\u00e3, vi\u1ec1n nh\u1ef1a \u1ed1p m\u1eb7t k\u00ednh.<\/span><\/li>\n<li data-hveid=\"CAEIBBAD\" data-complete=\"true\" data-sae=\"\"><span style=\"color: #000000; font-size: 12pt;\">Thi\u1ebft k\u1ebf: \u0110\u00e2y l\u00e0 m\u1eb7t che c\u1ee1 S, d\u00f9ng cho\u00a0hai thi\u1ebft b\u1ecb\u00a0(v\u00ed d\u1ee5: hai c\u00f4ng t\u1eafc \u0111\u01a1n, m\u1ed9t c\u00f4ng t\u1eafc \u0111\u00f4i, ho\u1eb7c c\u00e1c s\u1ef1 k\u1ebft h\u1ee3p kh\u00e1c c\u1ee7a h\u1ea1t c\u00f4ng t\u1eafc\/\u1ed5 c\u1eafm c\u1ee1 S).<\/span><\/li>\n<li data-hveid=\"CAEIBBAE\" data-complete=\"true\" data-sae=\"\"><span style=\"color: #000000; font-size: 12pt;\">K\u00edch th\u01b0\u1edbc chu\u1ea9n: K\u00edch th\u01b0\u1edbc t\u1ed5ng th\u1ec3 c\u1ee7a m\u1eb7t l\u00e0\u00a0117 x 74mm, ph\u00f9 h\u1ee3p v\u1edbi \u0111\u1ebf \u00e2m ch\u1eef nh\u1eadt ti\u00eau chu\u1ea9n t\u1ea1i Vi\u1ec7t Nam.<\/span><\/li>\n<li data-hveid=\"CAEIBBAF\" data-complete=\"true\" data-sae=\"\"><span style=\"color: #000000; font-size: 12pt;\">\u0110\u1ed9 b\u1ec1n v\u00e0 b\u1ea3o h\u00e0nh: S\u1ea3n ph\u1ea9m c\u00f3 nhi\u1ec7t \u0111\u1ed9 l\u00e0m vi\u1ec7c r\u1ed9ng t\u1eeb -20 ~ 70 \u0111\u1ed9 C v\u00e0 \u0111\u01b0\u1ee3c b\u1ea3o h\u00e0nh ch\u00ednh h\u00e3ng l\u00ean \u0111\u1ebfn\u00a012 n\u0103m, \u0111\u1ea3m b\u1ea3o \u0111\u1ed9 tin c\u1eady khi s\u1eed d\u1ee5ng.<\/span><\/li>\n<\/ul>\n<p><img decoding=\"async\" class=\"alignnone size-medium wp-image-13681 aligncenter\" src=\"http:\/\/thietbidienlama.com\/wp-content\/uploads\/2025\/11\/Mat-2-UTEN-Dong-VPRO-Mat-kinh-sapphire-Mau-Ghi-xam-2-300x300.jpg\" alt=\"\" width=\"300\" height=\"300\" srcset=\"https:\/\/www.thietbidienlama.com\/wp-content\/uploads\/2025\/11\/Mat-2-UTEN-Dong-VPRO-Mat-kinh-sapphire-Mau-Ghi-xam-2-300x300.jpg 300w, https:\/\/www.thietbidienlama.com\/wp-content\/uploads\/2025\/11\/Mat-2-UTEN-Dong-VPRO-Mat-kinh-sapphire-Mau-Ghi-xam-2-150x150.jpg 150w, https:\/\/www.thietbidienlama.com\/wp-content\/uploads\/2025\/11\/Mat-2-UTEN-Dong-VPRO-Mat-kinh-sapphire-Mau-Ghi-xam-2-12x12.jpg 12w, https:\/\/www.thietbidienlama.com\/wp-content\/uploads\/2025\/11\/Mat-2-UTEN-Dong-VPRO-Mat-kinh-sapphire-Mau-Ghi-xam-2.jpg 500w\" sizes=\"(max-width: 300px) 100vw, 300px\" \/><\/p>\n<p class=\"Y3BBE\" data-hveid=\"CAEICBAA\" data-complete=\"true\" data-processed=\"true\"><span style=\"font-size: 12pt; color: #000000;\"><strong>LI\u00caN H\u1ec6 : Hotline: 0935 228 204 ( Ms Lam )<\/strong><\/span><\/p>\n<p><span style=\"font-size: 12pt; color: #000000;\"><strong>Facebook:\u00a0<span style=\"color: #ff6600;\"><a style=\"color: #ff6600;\" href=\"https:\/\/www.facebook.com\/thietbidienlama\" target=\"_blank\" rel=\"noopener\">THI\u1ebeT\u00a0B\u1eca \u0110I\u1ec6N LAMA<\/a><\/span><\/strong><\/span><\/p>\n<p><span style=\"font-size: 12pt; color: #000000;\"><strong>Tiktok:\u00a0<span style=\"color: #ff6600;\"><a style=\"color: #ff6600;\" href=\"https:\/\/www.tiktok.com\/@thietbidienlama\" target=\"_blank\" rel=\"noopener\">THI\u1ebeT\u00a0B\u1eca \u0110I\u1ec6N LAMA<\/a><\/span><\/strong><\/span><\/p>\n<p><span style=\"font-size: 12pt; color: #000000;\"><strong>Youtube: <span style=\"color: #ff6600;\"><a style=\"color: #ff6600;\" href=\"https:\/\/www.youtube.com\/@thietbidienlama\" target=\"_blank\" rel=\"noopener\">THI\u1ebeT\u00a0B\u1eca \u0110I\u1ec6N LAMA<\/a><\/span><\/strong><\/span><\/p>","protected":false},"excerpt":{"rendered":"<p>M\u1eb7t 2 UTEN D\u00f2ng VPRO M\u1eb7t k\u00ednh sapphire M\u00e0u Ghi M\u1eb7t 2 UTEN D\u00f2ng VPRO m\u1eb7t k\u00ednh sapphire\u00a0m\u00e0u ghi\u00a0l\u00e0 lo\u1ea1i<\/p>","protected":false},"featured_media":13683,"comment_status":"closed","ping_status":"closed","template":"","meta":[],"product_brand":[],"product_cat":[991,992],"product_tag":[993],"class_list":{"0":"post-13677","1":"product","2":"type-product","3":"status-publish","4":"has-post-thumbnail","6":"product_cat-mat-cong-tac-uten","7":"product_cat-mat-kinh-vpro-uten","8":"product_tag-mat-2-uten-dong-vpro","10":"first","11":"instock","12":"sale","13":"shipping-taxable","14":"purchasable","15":"product-type-simple"},"_links":{"self":[{"href":"https:\/\/www.thietbidienlama.com\/en\/wp-json\/wp\/v2\/product\/13677","targetHints":{"allow":["GET"]}}],"collection":[{"href":"https:\/\/www.thietbidienlama.com\/en\/wp-json\/wp\/v2\/product"}],"about":[{"href":"https:\/\/www.thietbidienlama.com\/en\/wp-json\/wp\/v2\/types\/product"}],"replies":[{"embeddable":true,"href":"https:\/\/www.thietbidienlama.com\/en\/wp-json\/wp\/v2\/comments?post=13677"}],"version-history":[{"count":2,"href":"https:\/\/www.thietbidienlama.com\/en\/wp-json\/wp\/v2\/product\/13677\/revisions"}],"predecessor-version":[{"id":13685,"href":"https:\/\/www.thietbidienlama.com\/en\/wp-json\/wp\/v2\/product\/13677\/revisions\/13685"}],"wp:featuredmedia":[{"embeddable":true,"href":"https:\/\/www.thietbidienlama.com\/en\/wp-json\/wp\/v2\/media\/13683"}],"wp:attachment":[{"href":"https:\/\/www.thietbidienlama.com\/en\/wp-json\/wp\/v2\/media?parent=13677"}],"wp:term":[{"taxonomy":"product_brand","embeddable":true,"href":"https:\/\/www.thietbidienlama.com\/en\/wp-json\/wp\/v2\/product_brand?post=13677"},{"taxonomy":"product_cat","embeddable":true,"href":"https:\/\/www.thietbidienlama.com\/en\/wp-json\/wp\/v2\/product_cat?post=13677"},{"taxonomy":"product_tag","embeddable":true,"href":"https:\/\/www.thietbidienlama.com\/en\/wp-json\/wp\/v2\/product_tag?post=13677"}],"curies":[{"name":"wp","href":"https:\/\/api.w.org\/{rel}","templated":true}]}}