{"id":13648,"date":"2025-11-19T16:31:58","date_gmt":"2025-11-19T09:31:58","guid":{"rendered":"https:\/\/thietbidienlama.com\/?post_type=product&#038;p=13648"},"modified":"2025-11-20T13:19:03","modified_gmt":"2025-11-20T06:19:03","slug":"hat-o-cam-mang-uten-v7","status":"publish","type":"product","link":"https:\/\/www.thietbidienlama.com\/en\/hat-o-cam-mang-uten-v7\/","title":{"rendered":"H\u1ea1t \u1ed4 C\u1eafm M\u1ea1ng UTEN V7 C\u1ee1 S P-PCSS"},"content":{"rendered":"<h2 style=\"text-align: center;\"><span style=\"color: #000000;\">H\u1ea1t \u1ed4 C\u1eafm M\u1ea1ng UTEN V7 C\u1ee1 S P-PCSS<\/span><\/h2>\n<p class=\"Y3BBE\" data-hveid=\"CAEIARAA\" data-processed=\"true\" data-complete=\"true\"><span style=\"font-size: 12pt; color: #000000;\"><span class=\"T286Pc\" data-sfc-cp=\"\" data-complete=\"true\">H\u1ea1t <span style=\"color: #ff6600;\"><strong><a style=\"color: #ff6600;\" href=\"https:\/\/thietbidienlama.com\/hat-o-cam-mang-uten-v7\/\">\u1ed5 c\u1eafm m\u1ea1ng\u00a0UTEN V7<\/a><\/strong><\/span> C\u1ee1 S\u00a0(M\u00e3 s\u1ea3n ph\u1ea9m:\u00a0<\/span><strong class=\"Yjhzub\" data-complete=\"true\">V7.0P-PCSS<\/strong>\u00a0ho\u1eb7c\u00a0<strong class=\"Yjhzub\" data-complete=\"true\">V7.0-PCSS<\/strong>, t\u00f9y nh\u00e0 ph\u00e2n ph\u1ed1i) l\u00e0 m\u1ed9t thi\u1ebft b\u1ecb \u0111i\u1ec7n cao c\u1ea5p \u0111\u01b0\u1ee3c s\u1eed d\u1ee5ng \u0111\u1ec3 c\u1eafm d\u00e2y m\u1ea1ng internet, thu\u1ed9c d\u00f2ng s\u1ea3n ph\u1ea9m Uten Series V7.0 n\u1ed5i ti\u1ebfng.<\/span><\/p>\n<p class=\"Fsg96\" data-processed=\"true\" data-complete=\"true\"><img fetchpriority=\"high\" decoding=\"async\" class=\"size-medium wp-image-13651 aligncenter\" src=\"http:\/\/thietbidienlama.com\/wp-content\/uploads\/2025\/11\/Hat-O-Cam-Mang-UTEN-V7-Co-S-P-PCSS-c-300x300.jpg\" alt=\"\" width=\"300\" height=\"300\" srcset=\"https:\/\/www.thietbidienlama.com\/wp-content\/uploads\/2025\/11\/Hat-O-Cam-Mang-UTEN-V7-Co-S-P-PCSS-c-300x300.jpg 300w, https:\/\/www.thietbidienlama.com\/wp-content\/uploads\/2025\/11\/Hat-O-Cam-Mang-UTEN-V7-Co-S-P-PCSS-c-150x150.jpg 150w, https:\/\/www.thietbidienlama.com\/wp-content\/uploads\/2025\/11\/Hat-O-Cam-Mang-UTEN-V7-Co-S-P-PCSS-c-12x12.jpg 12w, https:\/\/www.thietbidienlama.com\/wp-content\/uploads\/2025\/11\/Hat-O-Cam-Mang-UTEN-V7-Co-S-P-PCSS-c.jpg 500w\" sizes=\"(max-width: 300px) 100vw, 300px\" \/><\/p>\n<h3 class=\"otQkpb\" role=\"heading\" aria-level=\"3\" data-processed=\"true\" data-complete=\"true\"><span style=\"font-size: 14pt; color: #000000;\">\u0110\u1eb7c \u0111i\u1ec3m v\u00e0 Th\u00f4ng s\u1ed1 k\u1ef9 thu\u1eadt ch\u00ednh:<\/span><\/h3>\n<ul class=\"KsbFXc U6u95\" data-processed=\"true\" data-complete=\"true\">\n<li data-hveid=\"CAEIBRAA\" data-complete=\"true\"><span class=\"T286Pc\" style=\"font-size: 12pt; color: #000000;\" data-sfc-cp=\"\" data-complete=\"true\"><strong class=\"Yjhzub\" data-complete=\"true\">Th\u01b0\u01a1ng hi\u1ec7u:<\/strong>\u00a0UTEN (C\u00f4ng ngh\u1ec7 \u0110\u1ee9c)<\/span><\/li>\n<li data-hveid=\"CAEIBRAB\" data-complete=\"true\"><span class=\"T286Pc\" style=\"font-size: 12pt; color: #000000;\" data-sfc-cp=\"\" data-complete=\"true\"><strong class=\"Yjhzub\" data-complete=\"true\">M\u00e3 s\u1ea3n ph\u1ea9m:<\/strong>\u00a0V7.0P-PCSS \/ V7.0-PCSS<\/span><\/li>\n<li data-hveid=\"CAEIBRAC\" data-complete=\"true\"><span class=\"T286Pc\" style=\"font-size: 12pt; color: #000000;\" data-sfc-cp=\"\" data-complete=\"true\"><strong class=\"Yjhzub\" data-complete=\"true\">Ch\u1ee7ng lo\u1ea1i:<\/strong>\u00a0H\u1ea1t \u1ed5 c\u1eafm m\u1ea1ng LAN internet (RJ45)<\/span><\/li>\n<li data-hveid=\"CAEIBRAD\" data-complete=\"true\"><span class=\"T286Pc\" style=\"font-size: 12pt; color: #000000;\" data-sfc-cp=\"\" data-complete=\"true\"><strong class=\"Yjhzub\" data-complete=\"true\">K\u00edch th\u01b0\u1edbc:<\/strong>\u00a0C\u1ee1 S (Size S), ph\u00f9 h\u1ee3p l\u1eafp \u0111\u1eb7t v\u1edbi c\u00e1c lo\u1ea1i m\u1eb7t che, \u0111\u1ebf \u00e2m ho\u1eb7c n\u1ed5i ch\u1eef nh\u1eadt k\u00edch th\u01b0\u1edbc 106x50mm c\u1ee7a d\u00f2ng V7.0<\/span><\/li>\n<li data-hveid=\"CAEIBRAE\" data-complete=\"true\"><span class=\"T286Pc\" style=\"font-size: 12pt; color: #000000;\" data-sfc-cp=\"\" data-complete=\"true\"><strong class=\"Yjhzub\" data-complete=\"true\">M\u00e0u s\u1eafc:<\/strong>\u00a0M\u00e0u ghi x\u00e1m sang tr\u1ecdng<\/span><\/li>\n<li data-hveid=\"CAEIBRAF\" data-complete=\"true\"><span class=\"T286Pc\" style=\"font-size: 12pt; color: #000000;\" data-sfc-cp=\"\" data-complete=\"true\"><strong class=\"Yjhzub\" data-complete=\"true\">Ch\u1ea5t li\u1ec7u:<\/strong>\u00a0Nh\u1ef1a PC cao c\u1ea5p k\u1ebft h\u1ee3p \u0111\u1ed3ng t\u00edm 65%, \u0111\u1ea3m b\u1ea3o \u0111\u1ed9 b\u1ec1n v\u00e0 kh\u1ea3 n\u0103ng d\u1eabn t\u00edn hi\u1ec7u t\u1ed1t<\/span><\/li>\n<li data-hveid=\"CAEIBRAG\" data-complete=\"true\"><span class=\"T286Pc\" style=\"font-size: 12pt; color: #000000;\" data-sfc-cp=\"\" data-complete=\"true\"><strong class=\"Yjhzub\" data-complete=\"true\">Ch\u1ebf \u0111\u1ed9 k\u1ebft n\u1ed1i:<\/strong>\u00a0H\u1ed7 tr\u1ee3 chu\u1ea9n k\u1ebft n\u1ed1i T568A v\u00e0 T568B, linh ho\u1ea1t trong vi\u1ec7c \u0111\u1ea5u n\u1ed1i d\u00e2y m\u1ea1ng<\/span><\/li>\n<li data-hveid=\"CAEIBRAH\" data-complete=\"true\"><span class=\"T286Pc\" style=\"font-size: 12pt; color: #000000;\" data-sfc-cp=\"\" data-complete=\"true\"><strong class=\"Yjhzub\" data-complete=\"true\">D\u00f2ng \u0111i\u1ec7n tr\u1edf:<\/strong>\u00a0Kh\u00f4ng qu\u00e1 500 M\u03a9<\/span><\/li>\n<li data-hveid=\"CAEIBRAI\" data-complete=\"true\"><span class=\"T286Pc\" style=\"font-size: 12pt; color: #000000;\" data-sfc-cp=\"\" data-complete=\"true\"><strong class=\"Yjhzub\" data-complete=\"true\">Nhi\u1ec7t \u0111\u1ed9 l\u00e0m vi\u1ec7c:<\/strong>\u00a0T\u1eeb -20\u00b0C \u0111\u1ebfn 70\u00b0C<\/span><\/li>\n<li data-hveid=\"CAEIBRAJ\" data-complete=\"true\"><span class=\"T286Pc\" style=\"font-size: 12pt; color: #000000;\" data-sfc-cp=\"\" data-complete=\"true\"><strong class=\"Yjhzub\" data-complete=\"true\">\u0110\u1ed9 \u1ea9m:<\/strong>\u00a095%<\/span><\/li>\n<li data-hveid=\"CAEIBRAK\" data-complete=\"true\"><span class=\"T286Pc\" style=\"font-size: 12pt; color: #000000;\" data-sfc-cp=\"\" data-complete=\"true\"><strong class=\"Yjhzub\" data-complete=\"true\">L\u1eafp \u0111\u1eb7t:<\/strong>\u00a0L\u1eafp \u00e2m t\u01b0\u1eddng ho\u1eb7c l\u1eafp n\u1ed5i<\/span><\/li>\n<li data-hveid=\"CAEIBRAL\" data-complete=\"true\"><span class=\"T286Pc\" style=\"font-size: 12pt; color: #000000;\" data-sfc-cp=\"\" data-complete=\"true\"><strong class=\"Yjhzub\" data-complete=\"true\">Ti\u00eau chu\u1ea9n:<\/strong>\u00a0\u0110\u1ea1t ti\u00eau chu\u1ea9n ch\u1ea5t l\u01b0\u1ee3ng Ch\u00e2u \u00c2u v\u00e0 \u0111\u01b0\u1ee3c ki\u1ec3m \u0111\u1ecbnh b\u1edfi T\u1ed5ng C\u1ee5c ti\u00eau chu\u1ea9n \u0111o l\u01b0\u1eddng ch\u1ea5t l\u01b0\u1ee3ng Vi\u1ec7t Nam<\/span><\/li>\n<li data-hveid=\"CAEIBRAM\" data-complete=\"true\"><span class=\"T286Pc\" style=\"font-size: 12pt; color: #000000;\" data-sfc-cp=\"\" data-complete=\"true\"><strong class=\"Yjhzub\" data-complete=\"true\">B\u1ea3o h\u00e0nh:<\/strong>\u00a012 n\u0103m<\/span><\/li>\n<\/ul>\n<p style=\"text-align: center;\">\u00a0<img decoding=\"async\" class=\"alignnone size-medium wp-image-13650\" src=\"http:\/\/thietbidienlama.com\/wp-content\/uploads\/2025\/11\/Hat-O-Cam-Mang-UTEN-V7-Co-S-P-PCSS-b-300x300.jpg\" alt=\"\" width=\"300\" height=\"300\" srcset=\"https:\/\/www.thietbidienlama.com\/wp-content\/uploads\/2025\/11\/Hat-O-Cam-Mang-UTEN-V7-Co-S-P-PCSS-b-300x300.jpg 300w, https:\/\/www.thietbidienlama.com\/wp-content\/uploads\/2025\/11\/Hat-O-Cam-Mang-UTEN-V7-Co-S-P-PCSS-b-150x150.jpg 150w, https:\/\/www.thietbidienlama.com\/wp-content\/uploads\/2025\/11\/Hat-O-Cam-Mang-UTEN-V7-Co-S-P-PCSS-b-12x12.jpg 12w, https:\/\/www.thietbidienlama.com\/wp-content\/uploads\/2025\/11\/Hat-O-Cam-Mang-UTEN-V7-Co-S-P-PCSS-b.jpg 500w\" sizes=\"(max-width: 300px) 100vw, 300px\" \/> <img decoding=\"async\" class=\"alignnone size-medium wp-image-13649\" src=\"http:\/\/thietbidienlama.com\/wp-content\/uploads\/2025\/11\/Hat-O-Cam-Mang-UTEN-V7-Co-S-P-PCSS-a-300x300.jpg\" alt=\"\" width=\"300\" height=\"300\" srcset=\"https:\/\/www.thietbidienlama.com\/wp-content\/uploads\/2025\/11\/Hat-O-Cam-Mang-UTEN-V7-Co-S-P-PCSS-a-300x300.jpg 300w, https:\/\/www.thietbidienlama.com\/wp-content\/uploads\/2025\/11\/Hat-O-Cam-Mang-UTEN-V7-Co-S-P-PCSS-a-150x150.jpg 150w, https:\/\/www.thietbidienlama.com\/wp-content\/uploads\/2025\/11\/Hat-O-Cam-Mang-UTEN-V7-Co-S-P-PCSS-a-12x12.jpg 12w, https:\/\/www.thietbidienlama.com\/wp-content\/uploads\/2025\/11\/Hat-O-Cam-Mang-UTEN-V7-Co-S-P-PCSS-a.jpg 500w\" sizes=\"(max-width: 300px) 100vw, 300px\" \/><\/p>\n<p class=\"Y3BBE\" data-hveid=\"CAEIBhAA\" data-processed=\"true\" data-complete=\"true\"><span style=\"font-size: 12pt; color: #000000;\">S\u1ea3n ph\u1ea9m \u0111\u01b0\u1ee3c \u0111\u00e1nh gi\u00e1 cao v\u1ec1 ch\u1ea5t l\u01b0\u1ee3ng, thi\u1ebft k\u1ebf hi\u1ec7n \u0111\u1ea1i, ph\u00f9 h\u1ee3p cho nhi\u1ec1u c\u00f4ng tr\u00ecnh d\u00e2n d\u1ee5ng v\u00e0 cao c\u1ea5p nh\u01b0 bi\u1ec7t th\u1ef1, kh\u00e1ch s\u1ea1n, khu \u0111\u00f4 th\u1ecb m\u1edbi.<\/span><\/p>\n<p class=\"Y3BBE\" data-hveid=\"CAEICBAA\" data-complete=\"true\" data-processed=\"true\"><span style=\"font-size: 12pt; color: #000000;\"><strong>LI\u00caN H\u1ec6 : Hotline: 0935 228 204 ( Ms Lam )<\/strong><\/span><\/p>\n<p><span style=\"font-size: 12pt; color: #000000;\"><strong>Facebook:\u00a0<span style=\"color: #ff6600;\"><a style=\"color: #ff6600;\" href=\"https:\/\/www.facebook.com\/thietbidienlama\" target=\"_blank\" rel=\"noopener\">THI\u1ebeT\u00a0B\u1eca \u0110I\u1ec6N LAMA<\/a><\/span><\/strong><\/span><\/p>\n<p><span style=\"font-size: 12pt; color: #000000;\"><strong>Tiktok:\u00a0<span style=\"color: #ff6600;\"><a style=\"color: #ff6600;\" href=\"https:\/\/www.tiktok.com\/@thietbidienlama\" target=\"_blank\" rel=\"noopener\">THI\u1ebeT\u00a0B\u1eca \u0110I\u1ec6N LAMA<\/a><\/span><\/strong><\/span><\/p>\n<p><span style=\"font-size: 12pt; color: #000000;\"><strong>Youtube: <span style=\"color: #ff6600;\"><a style=\"color: #ff6600;\" href=\"https:\/\/www.youtube.com\/@thietbidienlama\" target=\"_blank\" rel=\"noopener\">THI\u1ebeT\u00a0B\u1eca \u0110I\u1ec6N LAMA<\/a><\/span><\/strong><\/span><\/p>","protected":false},"excerpt":{"rendered":"<p>H\u1ea1t \u1ed4 C\u1eafm M\u1ea1ng UTEN V7 C\u1ee1 S P-PCSS H\u1ea1t \u1ed5 c\u1eafm m\u1ea1ng\u00a0UTEN V7 C\u1ee1 S\u00a0(M\u00e3 s\u1ea3n ph\u1ea9m:\u00a0V7.0P-PCSS\u00a0ho\u1eb7c\u00a0V7.0-PCSS, t\u00f9y nh\u00e0<\/p>","protected":false},"featured_media":13652,"comment_status":"closed","ping_status":"closed","template":"","meta":[],"product_brand":[],"product_cat":[985,984,978],"product_tag":[989,990],"class_list":{"0":"post-13648","1":"product","2":"type-product","3":"status-publish","4":"has-post-thumbnail","6":"product_cat-o-cam-uten-v7","7":"product_cat-o-cam-uten","8":"product_cat-thiet-bi-dien-uten","9":"product_tag-o-cam-mang-uten","10":"product_tag-o-cam-mang-uten-v7","12":"first","13":"instock","14":"sale","15":"shipping-taxable","16":"purchasable","17":"product-type-simple"},"_links":{"self":[{"href":"https:\/\/www.thietbidienlama.com\/en\/wp-json\/wp\/v2\/product\/13648","targetHints":{"allow":["GET"]}}],"collection":[{"href":"https:\/\/www.thietbidienlama.com\/en\/wp-json\/wp\/v2\/product"}],"about":[{"href":"https:\/\/www.thietbidienlama.com\/en\/wp-json\/wp\/v2\/types\/product"}],"replies":[{"embeddable":true,"href":"https:\/\/www.thietbidienlama.com\/en\/wp-json\/wp\/v2\/comments?post=13648"}],"version-history":[{"count":4,"href":"https:\/\/www.thietbidienlama.com\/en\/wp-json\/wp\/v2\/product\/13648\/revisions"}],"predecessor-version":[{"id":13671,"href":"https:\/\/www.thietbidienlama.com\/en\/wp-json\/wp\/v2\/product\/13648\/revisions\/13671"}],"wp:featuredmedia":[{"embeddable":true,"href":"https:\/\/www.thietbidienlama.com\/en\/wp-json\/wp\/v2\/media\/13652"}],"wp:attachment":[{"href":"https:\/\/www.thietbidienlama.com\/en\/wp-json\/wp\/v2\/media?parent=13648"}],"wp:term":[{"taxonomy":"product_brand","embeddable":true,"href":"https:\/\/www.thietbidienlama.com\/en\/wp-json\/wp\/v2\/product_brand?post=13648"},{"taxonomy":"product_cat","embeddable":true,"href":"https:\/\/www.thietbidienlama.com\/en\/wp-json\/wp\/v2\/product_cat?post=13648"},{"taxonomy":"product_tag","embeddable":true,"href":"https:\/\/www.thietbidienlama.com\/en\/wp-json\/wp\/v2\/product_tag?post=13648"}],"curies":[{"name":"wp","href":"https:\/\/api.w.org\/{rel}","templated":true}]}}