{"id":13641,"date":"2025-11-19T11:50:36","date_gmt":"2025-11-19T04:50:36","guid":{"rendered":"https:\/\/thietbidienlama.com\/?post_type=product&#038;p=13641"},"modified":"2025-11-20T13:20:26","modified_gmt":"2025-11-20T06:20:26","slug":"hat-o-cam-3-chau-uten-v7-co-m-pcz13-n-ms","status":"publish","type":"product","link":"https:\/\/www.thietbidienlama.com\/en\/hat-o-cam-3-chau-uten-v7-co-m-pcz13-n-ms\/","title":{"rendered":"H\u1ea1t \u1ed4 C\u1eafm 3 Ch\u1ea5u UTEN V7 C\u1ee1 M PCZ13\/N-MS"},"content":{"rendered":"<h2 style=\"text-align: center;\"><span style=\"color: #000000;\">H\u1ea1t \u1ed4 C\u1eafm 3 Ch\u1ea5u UTEN V7 C\u1ee1 M PCZ13\/N-MS<\/span><\/h2>\n<p class=\"Y3BBE\" data-hveid=\"CAEIAhAA\" data-complete=\"true\" data-processed=\"true\"><span style=\"font-size: 12pt; color: #000000;\"><span class=\"T286Pc\" data-sfc-cp=\"\" data-complete=\"true\" data-processed=\"true\">H\u1ea1t <strong><span style=\"color: #ff6600;\"><a style=\"color: #ff6600;\" href=\"https:\/\/thietbidienlama.com\/hat-o-cam-3-chau-uten-v7-co-m-pcz13-n-ms\/\">\u1ed5 c\u1eafm 3 ch\u1ea5u UTEN V7<\/a><\/span><\/strong> C\u1ee1 M, m\u00e3 s\u1ea3n ph\u1ea9m\u00a0<\/span><strong class=\"Yjhzub\" data-complete=\"true\" data-processed=\"true\"><span class=\"T286Pc\" data-sfc-cp=\"\" data-complete=\"true\" data-processed=\"true\">V7.0PCZ13\/N-MS<\/span><\/strong>, l\u00e0 m\u1ed9t module \u1ed5 c\u1eafm \u0111i\u1ec7n \u0111a n\u0103ng cao c\u1ea5p thu\u1ed9c d\u00f2ng Uten V7.0, \u0111\u01b0\u1ee3c thi\u1ebft k\u1ebf \u0111\u1ec3 s\u1eed d\u1ee5ng cho nhi\u1ec1u lo\u1ea1i ph\u00edch c\u1eafm kh\u00e1c nhau, bao g\u1ed3m c\u1ea3 ph\u00edch c\u1eafm 2 ch\u1ea5u v\u00e0 3 ch\u1ea5u (c\u00f3 ti\u1ebfp \u0111\u1ecba).<\/span><\/p>\n<p class=\"Fsg96\" data-complete=\"true\" data-processed=\"true\"><img fetchpriority=\"high\" decoding=\"async\" class=\"alignnone size-medium wp-image-13646 aligncenter\" src=\"http:\/\/thietbidienlama.com\/wp-content\/uploads\/2025\/11\/O-Cam-Don-3-Chau-UTEN-V7-300x300.jpg\" alt=\"\" width=\"300\" height=\"300\" srcset=\"https:\/\/www.thietbidienlama.com\/wp-content\/uploads\/2025\/11\/O-Cam-Don-3-Chau-UTEN-V7-300x300.jpg 300w, https:\/\/www.thietbidienlama.com\/wp-content\/uploads\/2025\/11\/O-Cam-Don-3-Chau-UTEN-V7-150x150.jpg 150w, https:\/\/www.thietbidienlama.com\/wp-content\/uploads\/2025\/11\/O-Cam-Don-3-Chau-UTEN-V7-12x12.jpg 12w, https:\/\/www.thietbidienlama.com\/wp-content\/uploads\/2025\/11\/O-Cam-Don-3-Chau-UTEN-V7.jpg 500w\" sizes=\"(max-width: 300px) 100vw, 300px\" \/><\/p>\n<h3 class=\"otQkpb\" role=\"heading\" aria-level=\"3\" data-complete=\"true\" data-processed=\"true\"><span style=\"font-size: 14pt; color: #000000;\">\u0110\u1eb7c \u0111i\u1ec3m v\u00e0 Th\u00f4ng s\u1ed1 k\u1ef9 thu\u1eadt ch\u00ednh:<\/span><\/h3>\n<ul class=\"KsbFXc U6u95\" data-complete=\"true\" data-processed=\"true\">\n<li data-hveid=\"CAEIBBAA\" data-complete=\"true\" data-sae=\"\"><span class=\"T286Pc\" style=\"font-size: 12pt; color: #000000;\" data-sfc-cp=\"\" data-complete=\"true\"><strong class=\"Yjhzub\" data-complete=\"true\">M\u00e3 s\u1ea3n ph\u1ea9m<\/strong>:\u00a0V7.0PCZ13\/N-MS.<\/span><\/li>\n<li data-hveid=\"CAEIBBAB\" data-complete=\"true\" data-sae=\"\"><span class=\"T286Pc\" style=\"font-size: 12pt; color: #000000;\" data-sfc-cp=\"\" data-complete=\"true\"><strong class=\"Yjhzub\" data-complete=\"true\">Ch\u1ee9c n\u0103ng<\/strong>: D\u00f9ng \u0111\u1ec3 k\u1ebft n\u1ed1i c\u00e1c thi\u1ebft b\u1ecb \u0111i\u1ec7n v\u1edbi ngu\u1ed3n \u0111i\u1ec7n, h\u1ed7 tr\u1ee3 c\u1ea3 ph\u00edch c\u1eafm 2 ch\u1ea5u v\u00e0 3 ch\u1ea5u, v\u1edbi ch\u1ea5u th\u1ee9 ba c\u00f3 ch\u1ee9c n\u0103ng\u00a0<strong class=\"Yjhzub\" data-complete=\"true\">ti\u1ebfp \u0111\u1ecba<\/strong>\u00a0(n\u1ed1i \u0111\u1ea5t) gi\u00fap ch\u1ed1ng gi\u1eadt, \u0111\u1ea3m b\u1ea3o an to\u00e0n khi s\u1eed d\u1ee5ng.<\/span><\/li>\n<li data-hveid=\"CAEIBBAC\" data-complete=\"true\" data-sae=\"\"><span class=\"T286Pc\" style=\"font-size: 12pt; color: #000000;\" data-sfc-cp=\"\" data-complete=\"true\"><strong class=\"Yjhzub\" data-complete=\"true\">K\u00edch th\u01b0\u1edbc (C\u1ee1 M &#8211; Size M)<\/strong>: K\u00edch th\u01b0\u1edbc h\u1ea1t trung b\u00ecnh, l\u1edbn h\u01a1n c\u1ee1 S, th\u01b0\u1eddng chi\u1ebfm m\u1ed9t kh\u00f4ng gian ti\u00eau chu\u1ea9n tr\u00ean m\u1eb7t che (plate).<\/span><\/li>\n<li data-hveid=\"CAEIBBAD\" data-complete=\"true\" data-sae=\"\"><span class=\"T286Pc\" style=\"font-size: 12pt; color: #000000;\" data-sfc-cp=\"\" data-complete=\"true\"><strong class=\"Yjhzub\" data-complete=\"true\">D\u00f2ng \u0111i\u1ec7n\/ \u0110i\u1ec7n \u00e1p \u0111\u1ecbnh m\u1ee9c<\/strong>: 16A\/250V ~ 50\/60Hz, ph\u00f9 h\u1ee3p v\u1edbi ti\u00eau chu\u1ea9n \u0111i\u1ec7n d\u00e2n d\u1ee5ng v\u00e0 th\u01b0\u01a1ng m\u1ea1i.<\/span><\/li>\n<li data-hveid=\"CAEIBBAE\" data-complete=\"true\" data-sae=\"\"><span class=\"T286Pc\" style=\"font-size: 12pt; color: #000000;\" data-sfc-cp=\"\" data-complete=\"true\"><strong class=\"Yjhzub\" data-complete=\"true\">Ch\u1ea5t li\u1ec7u<\/strong>:<\/span>\n<ul class=\"KsbFXc U6u95\" data-complete=\"true\">\n<li data-hveid=\"CAEIBBAF\" data-complete=\"true\" data-sae=\"\"><span class=\"T286Pc\" style=\"font-size: 12pt; color: #000000;\" data-sfc-cp=\"\" data-complete=\"true\">Th\u00e2n h\u1ea1t l\u00e0m t\u1eeb v\u1eadt li\u1ec7u\u00a0<strong class=\"Yjhzub\" data-complete=\"true\">PC (Polycarbonate)<\/strong>\u00a0cao c\u1ea5p, ch\u1ecbu nhi\u1ec7t, ch\u1ed1ng ch\u00e1y.<\/span><\/li>\n<li data-hveid=\"CAEIBBAG\" data-complete=\"true\" data-sae=\"\"><span class=\"T286Pc\" style=\"font-size: 12pt; color: #000000;\" data-sfc-cp=\"\" data-complete=\"true\">Ti\u1ebfp \u0111i\u1ec3m l\u00e0m b\u1eb1ng\u00a0<strong class=\"Yjhzub\" data-complete=\"true\">\u0111\u1ed3ng ph\u1ed1t pho<\/strong>\u00a0ho\u1eb7c\u00a0<strong class=\"Yjhzub\" data-complete=\"true\">\u0111\u1ed3ng t\u00edm 65%<\/strong>\u00a0v\u00e0 \u0111\u01b0\u1ee3c\u00a0<strong class=\"Yjhzub\" data-complete=\"true\">m\u1ea1 b\u1ea1c<\/strong>\u00a0d\u00e0y 0.35mm, \u0111\u1ea3m b\u1ea3o d\u1eabn \u0111i\u1ec7n t\u1ed1t, ti\u1ebfp x\u00fac ch\u1eafc ch\u1eafn v\u00e0 \u0111\u1ed9 b\u1ec1n cao.<\/span><\/li>\n<\/ul>\n<\/li>\n<li data-hveid=\"CAEIBBAH\" data-complete=\"true\" data-sae=\"\"><span class=\"T286Pc\" style=\"font-size: 12pt; color: #000000;\" data-sfc-cp=\"\" data-complete=\"true\"><strong class=\"Yjhzub\" data-complete=\"true\">\u0110\u1ed9 b\u1ec1n<\/strong>: Tu\u1ed5i th\u1ecd cao, kh\u1ea3 n\u0103ng ho\u1ea1t \u0111\u1ed9ng (c\u1eafm\/r\u00fat) \u0111\u1ea1t kho\u1ea3ng\u00a0<strong class=\"Yjhzub\" data-complete=\"true\">10.000 l\u1ea7n<\/strong>.<\/span><\/li>\n<li data-hveid=\"CAEIBBAI\" data-complete=\"true\" data-sae=\"\"><span class=\"T286Pc\" style=\"font-size: 12pt; color: #000000;\" data-sfc-cp=\"\" data-complete=\"true\"><strong class=\"Yjhzub\" data-complete=\"true\">M\u00e0u s\u1eafc<\/strong>: M\u00e0u ghi x\u00e1m \u0111\u1eb7c tr\u01b0ng c\u1ee7a d\u00f2ng V7.0, mang l\u1ea1i v\u1ebb \u0111\u1eb9p hi\u1ec7n \u0111\u1ea1i v\u00e0 sang tr\u1ecdng.<\/span><\/li>\n<li data-hveid=\"CAEIBBAJ\" data-complete=\"true\" data-sae=\"\"><span class=\"T286Pc\" style=\"font-size: 12pt; color: #000000;\" data-sfc-cp=\"\" data-complete=\"true\"><strong class=\"Yjhzub\" data-complete=\"true\">L\u1eafp \u0111\u1eb7t<\/strong>: Th\u01b0\u1eddng l\u1eafp \u00e2m t\u01b0\u1eddng v\u1edbi \u0111\u1ebf \u00e2m h\u00ecnh ch\u1eef nh\u1eadt ti\u00eau chu\u1ea9n. S\u1ea3n ph\u1ea9m c\u1ea7n \u0111\u01b0\u1ee3c k\u1ebft h\u1ee3p v\u1edbi m\u1eb7t che (plate) Uten V7.0 t\u01b0\u01a1ng \u1ee9ng (v\u00ed d\u1ee5: m\u1eb7t 1 l\u1ed7 c\u1ee1 M) \u0111\u1ec3 ho\u00e0n thi\u1ec7n vi\u1ec7c l\u1eafp \u0111\u1eb7t.<\/span><\/li>\n<\/ul>\n<p style=\"text-align: center;\"><img decoding=\"async\" class=\"alignnone size-medium wp-image-13644\" src=\"http:\/\/thietbidienlama.com\/wp-content\/uploads\/2025\/11\/O-Cam-3-Chau-UTEN-V7-c-300x300.jpg\" alt=\"\" width=\"300\" height=\"300\" srcset=\"https:\/\/www.thietbidienlama.com\/wp-content\/uploads\/2025\/11\/O-Cam-3-Chau-UTEN-V7-c-300x300.jpg 300w, https:\/\/www.thietbidienlama.com\/wp-content\/uploads\/2025\/11\/O-Cam-3-Chau-UTEN-V7-c-150x150.jpg 150w, https:\/\/www.thietbidienlama.com\/wp-content\/uploads\/2025\/11\/O-Cam-3-Chau-UTEN-V7-c-12x12.jpg 12w, https:\/\/www.thietbidienlama.com\/wp-content\/uploads\/2025\/11\/O-Cam-3-Chau-UTEN-V7-c.jpg 500w\" sizes=\"(max-width: 300px) 100vw, 300px\" \/> <img decoding=\"async\" class=\"alignnone size-medium wp-image-13643\" src=\"http:\/\/thietbidienlama.com\/wp-content\/uploads\/2025\/11\/O-Cam-3-Chau-UTEN-V7-b-300x300.jpg\" alt=\"\" width=\"300\" height=\"300\" srcset=\"https:\/\/www.thietbidienlama.com\/wp-content\/uploads\/2025\/11\/O-Cam-3-Chau-UTEN-V7-b-300x300.jpg 300w, https:\/\/www.thietbidienlama.com\/wp-content\/uploads\/2025\/11\/O-Cam-3-Chau-UTEN-V7-b-150x150.jpg 150w, https:\/\/www.thietbidienlama.com\/wp-content\/uploads\/2025\/11\/O-Cam-3-Chau-UTEN-V7-b-12x12.jpg 12w, https:\/\/www.thietbidienlama.com\/wp-content\/uploads\/2025\/11\/O-Cam-3-Chau-UTEN-V7-b.jpg 500w\" sizes=\"(max-width: 300px) 100vw, 300px\" \/> <img loading=\"lazy\" decoding=\"async\" class=\"alignnone size-medium wp-image-13642\" src=\"http:\/\/thietbidienlama.com\/wp-content\/uploads\/2025\/11\/O-Cam-3-Chau-UTEN-V7-a-300x300.jpg\" alt=\"\" width=\"300\" height=\"300\" srcset=\"https:\/\/www.thietbidienlama.com\/wp-content\/uploads\/2025\/11\/O-Cam-3-Chau-UTEN-V7-a-300x300.jpg 300w, https:\/\/www.thietbidienlama.com\/wp-content\/uploads\/2025\/11\/O-Cam-3-Chau-UTEN-V7-a-150x150.jpg 150w, https:\/\/www.thietbidienlama.com\/wp-content\/uploads\/2025\/11\/O-Cam-3-Chau-UTEN-V7-a-12x12.jpg 12w, https:\/\/www.thietbidienlama.com\/wp-content\/uploads\/2025\/11\/O-Cam-3-Chau-UTEN-V7-a.jpg 500w\" sizes=\"(max-width: 300px) 100vw, 300px\" \/><\/p>\n<p class=\"Y3BBE\" data-hveid=\"CAEIBRAA\" data-complete=\"true\" data-processed=\"true\"><span style=\"font-size: 12pt; color: #000000;\">H\u1ea1t \u1ed5 c\u1eafm n\u00e0y l\u00e0 m\u1ed9t l\u1ef1a ch\u1ecdn ph\u1ed5 bi\u1ebfn cho c\u00e1c c\u00f4ng tr\u00ecnh cao c\u1ea5p nh\u1edd t\u00ednh \u0111a n\u0103ng, \u0111\u1ed9 an to\u00e0n cao v\u00e0 thi\u1ebft k\u1ebf tinh t\u1ebf theo ti\u00eau chu\u1ea9n Ch\u00e2u \u00c2u.<\/span><\/p>\n<p class=\"Y3BBE\" data-hveid=\"CAEICBAA\" data-complete=\"true\" data-processed=\"true\"><span style=\"font-size: 12pt; color: #000000;\"><strong>LI\u00caN H\u1ec6 : Hotline: 0935 228 204 ( Ms Lam )<\/strong><\/span><\/p>\n<p><span style=\"font-size: 12pt; color: #000000;\"><strong>Facebook:\u00a0<span style=\"color: #ff6600;\"><a style=\"color: #ff6600;\" href=\"https:\/\/www.facebook.com\/thietbidienlama\" target=\"_blank\" rel=\"noopener\">THI\u1ebeT\u00a0B\u1eca \u0110I\u1ec6N LAMA<\/a><\/span><\/strong><\/span><\/p>\n<p><span style=\"font-size: 12pt; color: #000000;\"><strong>Tiktok:\u00a0<span style=\"color: #ff6600;\"><a style=\"color: #ff6600;\" href=\"https:\/\/www.tiktok.com\/@thietbidienlama\" target=\"_blank\" rel=\"noopener\">THI\u1ebeT\u00a0B\u1eca \u0110I\u1ec6N LAMA<\/a><\/span><\/strong><\/span><\/p>\n<p><span style=\"font-size: 12pt; color: #000000;\"><strong>Youtube: <span style=\"color: #ff6600;\"><a style=\"color: #ff6600;\" href=\"https:\/\/www.youtube.com\/@thietbidienlama\" target=\"_blank\" rel=\"noopener\">THI\u1ebeT\u00a0B\u1eca \u0110I\u1ec6N LAMA<\/a><\/span><\/strong><\/span><\/p>","protected":false},"excerpt":{"rendered":"<p>H\u1ea1t \u1ed4 C\u1eafm 3 Ch\u1ea5u UTEN V7 C\u1ee1 M PCZ13\/N-MS H\u1ea1t \u1ed5 c\u1eafm 3 ch\u1ea5u UTEN V7 C\u1ee1 M, m\u00e3<\/p>","protected":false},"featured_media":13645,"comment_status":"closed","ping_status":"closed","template":"","meta":[],"product_brand":[],"product_cat":[984,985],"product_tag":[987,986,988],"class_list":{"0":"post-13641","1":"product","2":"type-product","3":"status-publish","4":"has-post-thumbnail","6":"product_cat-o-cam-uten","7":"product_cat-o-cam-uten-v7","8":"product_tag-o-cam-3-chau-uten","9":"product_tag-o-cam-uten","10":"product_tag-o-cam-uten-v7","12":"first","13":"instock","14":"sale","15":"shipping-taxable","16":"purchasable","17":"product-type-simple"},"_links":{"self":[{"href":"https:\/\/www.thietbidienlama.com\/en\/wp-json\/wp\/v2\/product\/13641","targetHints":{"allow":["GET"]}}],"collection":[{"href":"https:\/\/www.thietbidienlama.com\/en\/wp-json\/wp\/v2\/product"}],"about":[{"href":"https:\/\/www.thietbidienlama.com\/en\/wp-json\/wp\/v2\/types\/product"}],"replies":[{"embeddable":true,"href":"https:\/\/www.thietbidienlama.com\/en\/wp-json\/wp\/v2\/comments?post=13641"}],"version-history":[{"count":2,"href":"https:\/\/www.thietbidienlama.com\/en\/wp-json\/wp\/v2\/product\/13641\/revisions"}],"predecessor-version":[{"id":13672,"href":"https:\/\/www.thietbidienlama.com\/en\/wp-json\/wp\/v2\/product\/13641\/revisions\/13672"}],"wp:featuredmedia":[{"embeddable":true,"href":"https:\/\/www.thietbidienlama.com\/en\/wp-json\/wp\/v2\/media\/13645"}],"wp:attachment":[{"href":"https:\/\/www.thietbidienlama.com\/en\/wp-json\/wp\/v2\/media?parent=13641"}],"wp:term":[{"taxonomy":"product_brand","embeddable":true,"href":"https:\/\/www.thietbidienlama.com\/en\/wp-json\/wp\/v2\/product_brand?post=13641"},{"taxonomy":"product_cat","embeddable":true,"href":"https:\/\/www.thietbidienlama.com\/en\/wp-json\/wp\/v2\/product_cat?post=13641"},{"taxonomy":"product_tag","embeddable":true,"href":"https:\/\/www.thietbidienlama.com\/en\/wp-json\/wp\/v2\/product_tag?post=13641"}],"curies":[{"name":"wp","href":"https:\/\/api.w.org\/{rel}","templated":true}]}}