{"id":13629,"date":"2025-11-19T11:22:00","date_gmt":"2025-11-19T04:22:00","guid":{"rendered":"https:\/\/thietbidienlama.com\/?post_type=product&#038;p=13629"},"modified":"2025-11-20T13:20:53","modified_gmt":"2025-11-20T06:20:53","slug":"hat-o-cam-2-chau-uten-v7-co-s-pcz2-n-ss","status":"publish","type":"product","link":"https:\/\/www.thietbidienlama.com\/en\/hat-o-cam-2-chau-uten-v7-co-s-pcz2-n-ss\/","title":{"rendered":"H\u1ea1t \u1ed4 C\u1eafm 2 Ch\u1ea5u UTEN V7 C\u1ee1 S PCZ2\/N-SS"},"content":{"rendered":"<h2 style=\"text-align: center;\" data-hveid=\"CAEIAhAA\" data-complete=\"true\" data-processed=\"true\"><span style=\"font-size: 18pt; color: #000000;\">H\u1ea1t \u1ed4 C\u1eafm 2 Ch\u1ea5u UTEN V7 <\/span><span style=\"font-size: 18pt; color: #000000;\">C\u1ee1 S <\/span><span style=\"font-size: 18pt; color: #000000;\">PCZ2\/N-SS<\/span><\/h2>\n<p class=\"Y3BBE\" data-hveid=\"CAEIAhAA\" data-complete=\"true\" data-processed=\"true\"><span style=\"font-size: 12pt; color: #000000;\"><span class=\"T286Pc\" data-sfc-cp=\"\" data-complete=\"true\" data-processed=\"true\">H\u1ea1t <span style=\"color: #ff6600;\"><strong><a style=\"color: #ff6600;\" href=\"https:\/\/thietbidienlama.com\/hat-o-cam-2-chau-uten-v7-co-s-pcz2-n-ss\/\">\u1ed5 c\u1eafm 2 ch\u1ea5u UTEN V7<\/a><\/strong><\/span>.0 c\u1ee1 S, m\u00e3 s\u1ea3n ph\u1ea9m <\/span><strong class=\"Yjhzub\" data-complete=\"true\" data-processed=\"true\"><span class=\"T286Pc\" data-sfc-cp=\"\" data-complete=\"true\" data-processed=\"true\">V7.0PCZ2\/N-SS<\/span><\/strong>, l\u00e0 m\u1ed9t th\u00e0nh ph\u1ea7n (module) \u1ed5 c\u1eafm \u0111i\u1ec7n thu\u1ed9c d\u00f2ng s\u1ea3n ph\u1ea9m cao c\u1ea5p Uten V7.0, \u0111\u01b0\u1ee3c s\u1ea3n xu\u1ea5t theo c\u00f4ng ngh\u1ec7 \u0110\u1ee9c.<\/span><\/p>\n<p class=\"Fsg96\" data-complete=\"true\" data-processed=\"true\"><img fetchpriority=\"high\" decoding=\"async\" class=\"alignnone size-medium wp-image-13633 aligncenter\" src=\"http:\/\/thietbidienlama.com\/wp-content\/uploads\/2025\/11\/Hat-o-cam-2-chau-co-s-uten-v7.0-b-300x300.jpg\" alt=\"\" width=\"300\" height=\"300\" srcset=\"https:\/\/www.thietbidienlama.com\/wp-content\/uploads\/2025\/11\/Hat-o-cam-2-chau-co-s-uten-v7.0-b-300x300.jpg 300w, https:\/\/www.thietbidienlama.com\/wp-content\/uploads\/2025\/11\/Hat-o-cam-2-chau-co-s-uten-v7.0-b-150x150.jpg 150w, https:\/\/www.thietbidienlama.com\/wp-content\/uploads\/2025\/11\/Hat-o-cam-2-chau-co-s-uten-v7.0-b-12x12.jpg 12w, https:\/\/www.thietbidienlama.com\/wp-content\/uploads\/2025\/11\/Hat-o-cam-2-chau-co-s-uten-v7.0-b.jpg 500w\" sizes=\"(max-width: 300px) 100vw, 300px\" \/><\/p>\n<h3 class=\"otQkpb\" role=\"heading\" aria-level=\"3\" data-processed=\"true\" data-complete=\"true\"><span style=\"font-size: 14pt; color: #000000;\">\u0110\u1eb7c \u0111i\u1ec3m v\u00e0 Th\u00f4ng s\u1ed1 k\u1ef9 thu\u1eadt ch\u00ednh:<\/span><\/h3>\n<ul class=\"KsbFXc U6u95\" data-processed=\"true\" data-complete=\"true\">\n<li data-hveid=\"CAEIBBAA\" data-complete=\"true\" data-sae=\"\"><span class=\"T286Pc\" style=\"font-size: 12pt; color: #000000;\" data-sfc-cp=\"\" data-complete=\"true\"><strong class=\"Yjhzub\" data-complete=\"true\">M\u00e3 s\u1ea3n ph\u1ea9m<\/strong>:\u00a0V7.0PCZ2\/N-SS.<\/span><\/li>\n<li data-hveid=\"CAEIBBAB\" data-complete=\"true\" data-sae=\"\"><span class=\"T286Pc\" style=\"font-size: 12pt; color: #000000;\" data-sfc-cp=\"\" data-complete=\"true\"><strong class=\"Yjhzub\" data-complete=\"true\">Ch\u1ee9c n\u0103ng<\/strong>: Cung c\u1ea5p ngu\u1ed3n \u0111i\u1ec7n cho c\u00e1c thi\u1ebft b\u1ecb s\u1eed d\u1ee5ng ph\u00edch c\u1eafm 2 ch\u1ea5u.<\/span><\/li>\n<li data-hveid=\"CAEIBBAC\" data-complete=\"true\" data-sae=\"\"><span class=\"T286Pc\" style=\"font-size: 12pt; color: #000000;\" data-sfc-cp=\"\" data-complete=\"true\"><strong class=\"Yjhzub\" data-complete=\"true\">K\u00edch th\u01b0\u1edbc (C\u1ee1 S &#8211; Size S)<\/strong>: K\u00edch th\u01b0\u1edbc h\u1ea1t nh\u1ecf, cho ph\u00e9p l\u1eafp \u0111\u1eb7t linh ho\u1ea1t nhi\u1ec1u module tr\u00ean c\u00f9ng m\u1ed9t m\u1eb7t che Uten V7.0 ti\u00eau chu\u1ea9n (v\u00ed d\u1ee5: l\u1eafp 2 ho\u1eb7c 3 h\u1ea1t c\u1ee1 S tr\u00ean m\u1ed9t m\u1eb7t che t\u01b0\u01a1ng \u1ee9ng).<\/span><\/li>\n<li data-hveid=\"CAEIBBAD\" data-complete=\"true\" data-sae=\"\"><span class=\"T286Pc\" style=\"font-size: 12pt; color: #000000;\" data-sfc-cp=\"\" data-complete=\"true\"><strong class=\"Yjhzub\" data-complete=\"true\">D\u00f2ng \u0111i\u1ec7n\/ \u0110i\u1ec7n \u00e1p \u0111\u1ecbnh m\u1ee9c<\/strong>: 16A\/250V ~ 50\/60Hz, ph\u00f9 h\u1ee3p v\u1edbi h\u1ea7u h\u1ebft c\u00e1c thi\u1ebft b\u1ecb \u0111i\u1ec7n d\u00e2n d\u1ee5ng.<\/span><\/li>\n<\/ul>\n<ul>\n<li><strong class=\"Yjhzub\" style=\"color: #000000; font-size: 12pt;\" data-complete=\"true\">Ch\u1ea5t li\u1ec7u<\/strong><span style=\"color: #000000; font-size: 12pt;\">:<\/span><\/li>\n<\/ul>\n<ul class=\"KsbFXc U6u95\" data-processed=\"true\" data-complete=\"true\">\n<li style=\"list-style-type: none;\">\n<ul class=\"KsbFXc U6u95\" data-complete=\"true\">\n<li data-hveid=\"CAEIBBAF\" data-complete=\"true\" data-sae=\"\"><span class=\"T286Pc\" style=\"font-size: 12pt; color: #000000;\" data-sfc-cp=\"\" data-complete=\"true\">Th\u00e2n h\u1ea1t l\u00e0m t\u1eeb v\u1eadt li\u1ec7u\u00a0<strong class=\"Yjhzub\" data-complete=\"true\">PC (Polycarbonate)<\/strong>\u00a0ch\u1ea5t l\u01b0\u1ee3ng cao, c\u00f3 kh\u1ea3 n\u0103ng ch\u1ecbu nhi\u1ec7t v\u00e0 ch\u1ed1ng ch\u00e1y.<\/span><\/li>\n<li data-hveid=\"CAEIBBAG\" data-complete=\"true\" data-sae=\"\"><span class=\"T286Pc\" style=\"font-size: 12pt; color: #000000;\" data-sfc-cp=\"\" data-complete=\"true\">Ti\u1ebfp \u0111i\u1ec3m s\u1eed d\u1ee5ng\u00a0<strong class=\"Yjhzub\" data-complete=\"true\">\u0111\u1ed3ng t\u00edm 65%<\/strong>\u00a0ho\u1eb7c \u0111\u1ed3ng ph\u1ed1t pho, \u0111\u01b0\u1ee3c\u00a0<strong class=\"Yjhzub\" data-complete=\"true\">m\u1ea1 b\u1ea1c<\/strong>\u00a0d\u00e0y 0.35mm, \u0111\u1ea3m b\u1ea3o d\u1eabn \u0111i\u1ec7n t\u1ed1t, ti\u1ebfp x\u00fac ch\u1eafc ch\u1eafn v\u00e0 \u0111\u1ed9 b\u1ec1n cao.<\/span><\/li>\n<\/ul>\n<\/li>\n<li data-hveid=\"CAEIBBAH\" data-sae=\"\" data-complete=\"true\"><span class=\"T286Pc\" style=\"font-size: 12pt; color: #000000;\" data-sfc-cp=\"\" data-complete=\"true\"><strong class=\"Yjhzub\" data-complete=\"true\">\u0110\u1ed9 b\u1ec1n<\/strong>: C\u00f3 tu\u1ed5i th\u1ecd kho\u1ea3ng\u00a0<strong class=\"Yjhzub\" data-complete=\"true\">10.000 l\u1ea7n c\u1eafm\/r\u00fat<\/strong>, \u0111\u1ea3m b\u1ea3o s\u1eed d\u1ee5ng l\u00e2u d\u00e0i.<\/span><\/li>\n<li data-hveid=\"CAEIBBAI\" data-complete=\"true\" data-processed=\"true\" data-sae=\"\"><span class=\"T286Pc\" style=\"font-size: 12pt; color: #000000;\" data-sfc-cp=\"\" data-complete=\"true\"><strong class=\"Yjhzub\" data-complete=\"true\">M\u00e0u s\u1eafc<\/strong>: M\u00e0u ghi x\u00e1m \u0111\u1eb7c tr\u01b0ng, mang l\u1ea1i v\u1ebb \u0111\u1eb9p hi\u1ec7n \u0111\u1ea1i, sang tr\u1ecdng.<\/span><\/li>\n<li data-hveid=\"CAEIBBAJ\" data-complete=\"true\" data-processed=\"true\" data-sae=\"\"><span style=\"font-size: 12pt; color: #000000;\"><span class=\"T286Pc\" data-sfc-cp=\"\" data-complete=\"true\"><strong class=\"Yjhzub\" data-complete=\"true\">L\u1eafp \u0111\u1eb7t<\/strong>: Th\u01b0\u1eddng l\u1eafp \u00e2m t\u01b0\u1eddng v\u1edbi \u0111\u1ebf \u00e2m h\u00ecnh ch\u1eef nh\u1eadt ti\u00eau chu\u1ea9n v\u00e0 c\u1ea7n k\u1ebft h\u1ee3p v\u1edbi m\u1eb7t che (plate) Uten V7.0 t\u01b0\u01a1ng \u1ee9ng (v\u00ed d\u1ee5 V7.0PM1, V7.0PM2&#8230;).<\/span><\/span><\/li>\n<\/ul>\n<p style=\"text-align: center;\"><img decoding=\"async\" class=\"alignnone size-medium wp-image-13634\" src=\"http:\/\/thietbidienlama.com\/wp-content\/uploads\/2025\/11\/Hat-o-cam-2-chau-co-s-uten-v7.0-c-300x300.jpg\" alt=\"\" width=\"300\" height=\"300\" srcset=\"https:\/\/www.thietbidienlama.com\/wp-content\/uploads\/2025\/11\/Hat-o-cam-2-chau-co-s-uten-v7.0-c-300x300.jpg 300w, https:\/\/www.thietbidienlama.com\/wp-content\/uploads\/2025\/11\/Hat-o-cam-2-chau-co-s-uten-v7.0-c-150x150.jpg 150w, https:\/\/www.thietbidienlama.com\/wp-content\/uploads\/2025\/11\/Hat-o-cam-2-chau-co-s-uten-v7.0-c-12x12.jpg 12w, https:\/\/www.thietbidienlama.com\/wp-content\/uploads\/2025\/11\/Hat-o-cam-2-chau-co-s-uten-v7.0-c.jpg 500w\" sizes=\"(max-width: 300px) 100vw, 300px\" \/> <img decoding=\"async\" class=\"alignnone size-medium wp-image-13635\" src=\"http:\/\/thietbidienlama.com\/wp-content\/uploads\/2025\/11\/Hat-o-cam-2-chau-co-s-uten-v7.0-d-300x300.jpg\" alt=\"\" width=\"300\" height=\"300\" srcset=\"https:\/\/www.thietbidienlama.com\/wp-content\/uploads\/2025\/11\/Hat-o-cam-2-chau-co-s-uten-v7.0-d-300x300.jpg 300w, https:\/\/www.thietbidienlama.com\/wp-content\/uploads\/2025\/11\/Hat-o-cam-2-chau-co-s-uten-v7.0-d-150x150.jpg 150w, https:\/\/www.thietbidienlama.com\/wp-content\/uploads\/2025\/11\/Hat-o-cam-2-chau-co-s-uten-v7.0-d-12x12.jpg 12w, https:\/\/www.thietbidienlama.com\/wp-content\/uploads\/2025\/11\/Hat-o-cam-2-chau-co-s-uten-v7.0-d.jpg 500w\" sizes=\"(max-width: 300px) 100vw, 300px\" \/> <img loading=\"lazy\" decoding=\"async\" class=\"alignnone size-medium wp-image-13636\" src=\"http:\/\/thietbidienlama.com\/wp-content\/uploads\/2025\/11\/Hat-o-cam-2-chau-co-s-uten-v7.0-e-300x300.jpg\" alt=\"\" width=\"300\" height=\"300\" srcset=\"https:\/\/www.thietbidienlama.com\/wp-content\/uploads\/2025\/11\/Hat-o-cam-2-chau-co-s-uten-v7.0-e-300x300.jpg 300w, https:\/\/www.thietbidienlama.com\/wp-content\/uploads\/2025\/11\/Hat-o-cam-2-chau-co-s-uten-v7.0-e-150x150.jpg 150w, https:\/\/www.thietbidienlama.com\/wp-content\/uploads\/2025\/11\/Hat-o-cam-2-chau-co-s-uten-v7.0-e-12x12.jpg 12w, https:\/\/www.thietbidienlama.com\/wp-content\/uploads\/2025\/11\/Hat-o-cam-2-chau-co-s-uten-v7.0-e.jpg 500w\" sizes=\"(max-width: 300px) 100vw, 300px\" \/> <img loading=\"lazy\" decoding=\"async\" class=\"alignnone size-medium wp-image-13637\" src=\"http:\/\/thietbidienlama.com\/wp-content\/uploads\/2025\/11\/Hat-o-cam-2-chau-co-s-uten-v7.0-f-300x300.jpg\" alt=\"\" width=\"300\" height=\"300\" srcset=\"https:\/\/www.thietbidienlama.com\/wp-content\/uploads\/2025\/11\/Hat-o-cam-2-chau-co-s-uten-v7.0-f-300x300.jpg 300w, https:\/\/www.thietbidienlama.com\/wp-content\/uploads\/2025\/11\/Hat-o-cam-2-chau-co-s-uten-v7.0-f-150x150.jpg 150w, https:\/\/www.thietbidienlama.com\/wp-content\/uploads\/2025\/11\/Hat-o-cam-2-chau-co-s-uten-v7.0-f-12x12.jpg 12w, https:\/\/www.thietbidienlama.com\/wp-content\/uploads\/2025\/11\/Hat-o-cam-2-chau-co-s-uten-v7.0-f.jpg 500w\" sizes=\"(max-width: 300px) 100vw, 300px\" \/><\/p>\n<p class=\"Y3BBE\" data-hveid=\"CAEIBRAA\" data-complete=\"true\" data-processed=\"true\"><span style=\"font-size: 12pt; color: #000000;\">S\u1ea3n ph\u1ea9m n\u00e0y l\u00e0 l\u1ef1a ch\u1ecdn l\u00fd t\u01b0\u1edfng cho c\u00e1c c\u00f4ng tr\u00ecnh cao c\u1ea5p nh\u1edd s\u1ef1 k\u1ebft h\u1ee3p gi\u1eefa ch\u1ea5t l\u01b0\u1ee3ng b\u1ec1n b\u1ec9 ti\u00eau chu\u1ea9n Ch\u00e2u \u00c2u v\u00e0 thi\u1ebft k\u1ebf th\u1ea9m m\u1ef9, tinh t\u1ebf.<\/span><\/p>\n<p class=\"Y3BBE\" data-hveid=\"CAEICBAA\" data-complete=\"true\" data-processed=\"true\"><span style=\"font-size: 12pt; color: #000000;\"><strong>LI\u00caN H\u1ec6 : Hotline: 0935 228 204 ( Ms Lam )<\/strong><\/span><\/p>\n<p><span style=\"font-size: 12pt; color: #000000;\"><strong>Facebook:\u00a0<span style=\"color: #ff6600;\"><a style=\"color: #ff6600;\" href=\"https:\/\/www.facebook.com\/thietbidienlama\" target=\"_blank\" rel=\"noopener\">THI\u1ebeT\u00a0B\u1eca \u0110I\u1ec6N LAMA<\/a><\/span><\/strong><\/span><\/p>\n<p><span style=\"font-size: 12pt; color: #000000;\"><strong>Tiktok:\u00a0<span style=\"color: #ff6600;\"><a style=\"color: #ff6600;\" href=\"https:\/\/www.tiktok.com\/@thietbidienlama\" target=\"_blank\" rel=\"noopener\">THI\u1ebeT\u00a0B\u1eca \u0110I\u1ec6N LAMA<\/a><\/span><\/strong><\/span><\/p>\n<p><span style=\"font-size: 12pt; color: #000000;\"><strong>Youtube: <span style=\"color: #ff6600;\"><a style=\"color: #ff6600;\" href=\"https:\/\/www.youtube.com\/@thietbidienlama\" target=\"_blank\" rel=\"noopener\">THI\u1ebeT\u00a0B\u1eca \u0110I\u1ec6N LAMA<\/a><\/span><\/strong><\/span><\/p>","protected":false},"excerpt":{"rendered":"<p>H\u1ea1t \u1ed4 C\u1eafm 2 Ch\u1ea5u UTEN V7 C\u1ee1 S PCZ2\/N-SS H\u1ea1t \u1ed5 c\u1eafm 2 ch\u1ea5u UTEN V7.0 c\u1ee1 S, m\u00e3<\/p>","protected":false},"featured_media":13628,"comment_status":"closed","ping_status":"closed","template":"","meta":[],"product_brand":[],"product_cat":[984,985,978],"product_tag":[],"class_list":{"0":"post-13629","1":"product","2":"type-product","3":"status-publish","4":"has-post-thumbnail","6":"product_cat-o-cam-uten","7":"product_cat-o-cam-uten-v7","8":"product_cat-thiet-bi-dien-uten","10":"first","11":"instock","12":"sale","13":"shipping-taxable","14":"purchasable","15":"product-type-simple"},"_links":{"self":[{"href":"https:\/\/www.thietbidienlama.com\/en\/wp-json\/wp\/v2\/product\/13629","targetHints":{"allow":["GET"]}}],"collection":[{"href":"https:\/\/www.thietbidienlama.com\/en\/wp-json\/wp\/v2\/product"}],"about":[{"href":"https:\/\/www.thietbidienlama.com\/en\/wp-json\/wp\/v2\/types\/product"}],"replies":[{"embeddable":true,"href":"https:\/\/www.thietbidienlama.com\/en\/wp-json\/wp\/v2\/comments?post=13629"}],"version-history":[{"count":4,"href":"https:\/\/www.thietbidienlama.com\/en\/wp-json\/wp\/v2\/product\/13629\/revisions"}],"predecessor-version":[{"id":13674,"href":"https:\/\/www.thietbidienlama.com\/en\/wp-json\/wp\/v2\/product\/13629\/revisions\/13674"}],"wp:featuredmedia":[{"embeddable":true,"href":"https:\/\/www.thietbidienlama.com\/en\/wp-json\/wp\/v2\/media\/13628"}],"wp:attachment":[{"href":"https:\/\/www.thietbidienlama.com\/en\/wp-json\/wp\/v2\/media?parent=13629"}],"wp:term":[{"taxonomy":"product_brand","embeddable":true,"href":"https:\/\/www.thietbidienlama.com\/en\/wp-json\/wp\/v2\/product_brand?post=13629"},{"taxonomy":"product_cat","embeddable":true,"href":"https:\/\/www.thietbidienlama.com\/en\/wp-json\/wp\/v2\/product_cat?post=13629"},{"taxonomy":"product_tag","embeddable":true,"href":"https:\/\/www.thietbidienlama.com\/en\/wp-json\/wp\/v2\/product_tag?post=13629"}],"curies":[{"name":"wp","href":"https:\/\/api.w.org\/{rel}","templated":true}]}}