{"id":13619,"date":"2025-11-19T10:38:37","date_gmt":"2025-11-19T03:38:37","guid":{"rendered":"https:\/\/thietbidienlama.com\/?post_type=product&#038;p=13619"},"modified":"2025-11-28T14:45:21","modified_gmt":"2025-11-28T07:45:21","slug":"hat-cong-tac-2-chieu-co-s-uten-v7-pgk12-ss","status":"publish","type":"product","link":"https:\/\/www.thietbidienlama.com\/en\/hat-cong-tac-2-chieu-co-s-uten-v7-pgk12-ss\/","title":{"rendered":"H\u1ea1t C\u00f4ng T\u1eafc 2 Chi\u1ec1u C\u1ee1 S UTEN V7 PGK12-SS"},"content":{"rendered":"<h2 style=\"text-align: center;\"><span style=\"color: #000000;\">H\u1ea1t C\u00f4ng T\u1eafc 2 Chi\u1ec1u C\u1ee1 S UTEN V7 PGK12-SS<\/span><\/h2>\n<p class=\"Y3BBE\" data-hveid=\"CAEIAhAA\" data-complete=\"true\" data-processed=\"true\"><span style=\"font-size: 12pt; color: #000000;\"><span class=\"T286Pc\" data-sfc-cp=\"\" data-complete=\"true\" data-processed=\"true\">H\u1ea1t <span style=\"color: #ff6600;\"><strong><a style=\"color: #ff6600;\" href=\"https:\/\/thietbidienlama.com\/hat-cong-tac-2-chieu-co-s-uten-v7-pgk12-ss\/\">c\u00f4ng t\u1eafc 2 chi\u1ec1u c\u1ee1 S UTEN V7.0<\/a><\/strong><\/span>, m\u00e3 s\u1ea3n ph\u1ea9m\u00a0<\/span><strong class=\"Yjhzub\" data-complete=\"true\" data-processed=\"true\"><span class=\"T286Pc\" data-sfc-cp=\"\" data-complete=\"true\" data-processed=\"true\">V7.0PGK12-SS<\/span><\/strong>, l\u00e0 m\u1ed9t module c\u00f4ng t\u1eafc \u0111\u1ea3o chi\u1ec1u ch\u1ea5t l\u01b0\u1ee3ng cao thu\u1ed9c d\u00f2ng s\u1ea3n ph\u1ea9m V7.0 c\u1ee7a th\u01b0\u01a1ng hi\u1ec7u Uten, \u0111\u01b0\u1ee3c s\u1ea3n xu\u1ea5t theo c\u00f4ng ngh\u1ec7 \u0110\u1ee9c.<span class=\"uJ19be notranslate\" data-wiz-uids=\"yJHJPc_h,yJHJPc_i,yJHJPc_j\" data-complete=\"true\" data-processed=\"true\"><span class=\"vKEkVd\" data-animation-atomic=\"\" data-sae=\"\">\u00a0<\/span><\/span><\/span><\/p>\n<p class=\"Fsg96\" data-complete=\"true\" data-processed=\"true\"><img fetchpriority=\"high\" decoding=\"async\" class=\"alignnone size-medium wp-image-13620 aligncenter\" src=\"http:\/\/thietbidienlama.com\/wp-content\/uploads\/2025\/11\/Hat-cong-tac-2-chieu-co-S-uten-V7.0-a-300x300.jpg\" alt=\"\" width=\"300\" height=\"300\" srcset=\"https:\/\/www.thietbidienlama.com\/wp-content\/uploads\/2025\/11\/Hat-cong-tac-2-chieu-co-S-uten-V7.0-a-300x300.jpg 300w, https:\/\/www.thietbidienlama.com\/wp-content\/uploads\/2025\/11\/Hat-cong-tac-2-chieu-co-S-uten-V7.0-a-150x150.jpg 150w, https:\/\/www.thietbidienlama.com\/wp-content\/uploads\/2025\/11\/Hat-cong-tac-2-chieu-co-S-uten-V7.0-a-12x12.jpg 12w, https:\/\/www.thietbidienlama.com\/wp-content\/uploads\/2025\/11\/Hat-cong-tac-2-chieu-co-S-uten-V7.0-a.jpg 500w\" sizes=\"(max-width: 300px) 100vw, 300px\" \/><\/p>\n<h3 class=\"otQkpb\" role=\"heading\" aria-level=\"3\" data-processed=\"true\" data-complete=\"true\"><span style=\"font-size: 14pt; color: #000000;\">\u0110\u1eb7c \u0111i\u1ec3m v\u00e0 Th\u00f4ng s\u1ed1 k\u1ef9 thu\u1eadt ch\u00ednh:<\/span><\/h3>\n<ul class=\"KsbFXc U6u95\" data-complete=\"true\" data-processed=\"true\">\n<li data-hveid=\"CAEIBBAA\" data-complete=\"true\" data-sae=\"\"><span class=\"T286Pc\" style=\"font-size: 12pt; color: #000000;\" data-sfc-cp=\"\" data-complete=\"true\"><strong class=\"Yjhzub\" data-complete=\"true\">M\u00e3 s\u1ea3n ph\u1ea9m<\/strong>: V7.0PGK12-SS.<\/span><\/li>\n<li data-hveid=\"CAEIBBAB\" data-complete=\"true\" data-sae=\"\"><span class=\"T286Pc\" style=\"font-size: 12pt; color: #000000;\" data-sfc-cp=\"\" data-complete=\"true\"><strong class=\"Yjhzub\" data-complete=\"true\">Ch\u1ee9c n\u0103ng<\/strong>: L\u00e0 c\u00f4ng t\u1eafc 2 chi\u1ec1u (hay c\u00f2n g\u1ecdi l\u00e0 c\u00f4ng t\u1eafc \u0111\u1ea3o chi\u1ec1u, c\u00f4ng t\u1eafc c\u1ea7u thang), cho ph\u00e9p \u0111i\u1ec1u khi\u1ec3n m\u1ed9t thi\u1ebft b\u1ecb \u0111i\u1ec7n (v\u00ed d\u1ee5: \u0111\u00e8n) \u1edf hai v\u1ecb tr\u00ed kh\u00e1c nhau (v\u00ed d\u1ee5: \u1edf \u0111\u1ea7u v\u00e0 cu\u1ed1i c\u1ea7u thang, ho\u1eb7c hai c\u1eeda ph\u00f2ng).<\/span><\/li>\n<li data-hveid=\"CAEIBBAC\" data-complete=\"true\" data-sae=\"\"><span class=\"T286Pc\" style=\"font-size: 12pt; color: #000000;\" data-sfc-cp=\"\" data-complete=\"true\"><strong class=\"Yjhzub\" data-complete=\"true\">K\u00edch th\u01b0\u1edbc (C\u1ee1 S &#8211; Size S)<\/strong>: L\u00e0 lo\u1ea1i h\u1ea1t nh\u1ecf, \u0111\u01b0\u1ee3c thi\u1ebft k\u1ebf \u0111\u1ec3 l\u1eafp v\u1eeba v\u1eb7n v\u00e0o c\u00e1c m\u1eb7t che (plate) d\u00f2ng V7.0 c\u00f3 k\u00edch th\u01b0\u1edbc l\u1ed7 c\u1ee1 S (v\u00ed d\u1ee5: m\u1eb7t 1, 2, 3 l\u1ed7 c\u1ee1 S).<\/span><\/li>\n<li data-hveid=\"CAEIBBAD\" data-complete=\"true\" data-sae=\"\"><span class=\"T286Pc\" style=\"font-size: 12pt; color: #000000;\" data-sfc-cp=\"\" data-complete=\"true\"><strong class=\"Yjhzub\" data-complete=\"true\">D\u00f2ng \u0111i\u1ec7n\/ \u0110i\u1ec7n \u00e1p \u0111\u1ecbnh m\u1ee9c<\/strong>: 16A\/250V ~ 50\/60Hz, ph\u00f9 h\u1ee3p v\u1edbi ti\u00eau chu\u1ea9n s\u1eed d\u1ee5ng d\u00e2n d\u1ee5ng v\u00e0 th\u01b0\u01a1ng m\u1ea1i t\u1ea1i Vi\u1ec7t Nam.<\/span><\/li>\n<li data-hveid=\"CAEIBBAE\" data-complete=\"true\" data-sae=\"\"><span class=\"T286Pc\" style=\"font-size: 12pt; color: #000000;\" data-sfc-cp=\"\" data-complete=\"true\"><strong class=\"Yjhzub\" data-complete=\"true\">Ch\u1ea5t li\u1ec7u<\/strong>:<\/span>\n<ul class=\"KsbFXc U6u95\" data-complete=\"true\">\n<li data-hveid=\"CAEIBBAF\" data-complete=\"true\" data-sae=\"\"><span class=\"T286Pc\" style=\"font-size: 12pt; color: #000000;\" data-sfc-cp=\"\" data-complete=\"true\">Th\u00e2n h\u1ea1t \u0111\u01b0\u1ee3c l\u00e0m t\u1eeb v\u1eadt li\u1ec7u\u00a0<strong class=\"Yjhzub\" data-complete=\"true\">PC (Polycarbonate)<\/strong>\u00a0cao c\u1ea5p, c\u00f3 kh\u1ea3 n\u0103ng ch\u1ecbu nhi\u1ec7t v\u00e0 ch\u1ed1ng ch\u00e1y.<\/span><\/li>\n<li data-hveid=\"CAEIBBAG\" data-complete=\"true\" data-sae=\"\"><span class=\"T286Pc\" style=\"font-size: 12pt; color: #000000;\" data-sfc-cp=\"\" data-complete=\"true\">Ti\u1ebfp \u0111i\u1ec3m l\u00e0m b\u1eb1ng\u00a0<strong class=\"Yjhzub\" data-complete=\"true\">\u0111\u1ed3ng t\u00edm 65%<\/strong>\u00a0nguy\u00ean ch\u1ea5t v\u00e0 \u0111\u01b0\u1ee3c\u00a0<strong class=\"Yjhzub\" data-complete=\"true\">m\u1ea1 b\u1ea1c<\/strong>\u00a0d\u00e0y 0.35mm, \u0111\u1ea3m b\u1ea3o d\u1eabn \u0111i\u1ec7n t\u1ed1t, gi\u1ea3m thi\u1ec3u ph\u00e1t sinh nhi\u1ec7t v\u00e0 t\u0103ng \u0111\u1ed9 b\u1ec1n.<\/span><\/li>\n<\/ul>\n<\/li>\n<li data-hveid=\"CAEIBBAH\" data-complete=\"true\" data-sae=\"\"><span class=\"T286Pc\" style=\"font-size: 12pt; color: #000000;\" data-sfc-cp=\"\" data-complete=\"true\"><strong class=\"Yjhzub\" data-complete=\"true\">C\u01a1 ch\u1ebf ho\u1ea1t \u0111\u1ed9ng<\/strong>: Ki\u1ec3u b\u1eadp b\u00eanh, ph\u00edm nh\u1ea5n to, mang l\u1ea1i c\u1ea3m gi\u00e1c b\u1eadt\/t\u1eaft d\u1ec5 d\u00e0ng v\u00e0 tho\u1ea3i m\u00e1i khi s\u1eed d\u1ee5ng.<\/span><\/li>\n<li data-hveid=\"CAEIBBAI\" data-complete=\"true\" data-sae=\"\"><span class=\"T286Pc\" style=\"font-size: 12pt; color: #000000;\" data-sfc-cp=\"\" data-complete=\"true\"><strong class=\"Yjhzub\" data-complete=\"true\">\u0110\u1ed9 b\u1ec1n c\u01a1 h\u1ecdc<\/strong>: \u0110\u1ea1t kho\u1ea3ng\u00a0<strong class=\"Yjhzub\" data-complete=\"true\">40.000 l\u1ea7n<\/strong>\u00a0ho\u1ea1t \u0111\u1ed9ng (b\u1eadt\/t\u1eaft), cho tu\u1ed5i th\u1ecd s\u1eed d\u1ee5ng l\u00e2u d\u00e0i.<\/span><\/li>\n<li data-hveid=\"CAEIBBAJ\" data-complete=\"true\" data-sae=\"\"><span class=\"T286Pc\" style=\"font-size: 12pt; color: #000000;\" data-sfc-cp=\"\" data-complete=\"true\"><strong class=\"Yjhzub\" data-complete=\"true\">M\u00e0u s\u1eafc<\/strong>: M\u00e0u ghi x\u00e1m \u0111\u1eb7c tr\u01b0ng c\u1ee7a d\u00f2ng V7.0, d\u1ec5 d\u00e0ng ph\u1ed1i h\u1ee3p v\u1edbi m\u1eb7t vi\u1ec1n nh\u00f4m x\u01b0\u1edbc \u0111\u1ec3 t\u1ea1o n\u00ean v\u1ebb \u0111\u1eb9p sang tr\u1ecdng, hi\u1ec7n \u0111\u1ea1i cho kh\u00f4ng gian n\u1ed9i th\u1ea5t.<\/span><\/li>\n<li data-hveid=\"CAEIBBAK\" data-complete=\"true\" data-sae=\"\"><span class=\"T286Pc\" style=\"font-size: 12pt; color: #000000;\" data-sfc-cp=\"\" data-complete=\"true\"><strong class=\"Yjhzub\" data-complete=\"true\">L\u1eafp \u0111\u1eb7t<\/strong>: Th\u01b0\u1eddng l\u1eafp \u00e2m t\u01b0\u1eddng v\u1edbi \u0111\u1ebf \u00e2m h\u00ecnh ch\u1eef nh\u1eadt ti\u00eau chu\u1ea9n.<\/span><\/li>\n<\/ul>\n<p style=\"text-align: center;\"><img decoding=\"async\" class=\"alignnone size-medium wp-image-13622\" src=\"http:\/\/thietbidienlama.com\/wp-content\/uploads\/2025\/11\/Hat-cong-tac-2-chieu-co-S-uten-V7.0-d-300x300.jpg\" alt=\"\" width=\"300\" height=\"300\" srcset=\"https:\/\/www.thietbidienlama.com\/wp-content\/uploads\/2025\/11\/Hat-cong-tac-2-chieu-co-S-uten-V7.0-d-300x300.jpg 300w, https:\/\/www.thietbidienlama.com\/wp-content\/uploads\/2025\/11\/Hat-cong-tac-2-chieu-co-S-uten-V7.0-d-150x150.jpg 150w, https:\/\/www.thietbidienlama.com\/wp-content\/uploads\/2025\/11\/Hat-cong-tac-2-chieu-co-S-uten-V7.0-d-12x12.jpg 12w, https:\/\/www.thietbidienlama.com\/wp-content\/uploads\/2025\/11\/Hat-cong-tac-2-chieu-co-S-uten-V7.0-d.jpg 500w\" sizes=\"(max-width: 300px) 100vw, 300px\" \/> <img decoding=\"async\" class=\"alignnone size-medium wp-image-13621\" src=\"http:\/\/thietbidienlama.com\/wp-content\/uploads\/2025\/11\/Hat-cong-tac-2-chieu-co-S-uten-V7.0-c-300x300.jpg\" alt=\"\" width=\"300\" height=\"300\" srcset=\"https:\/\/www.thietbidienlama.com\/wp-content\/uploads\/2025\/11\/Hat-cong-tac-2-chieu-co-S-uten-V7.0-c-300x300.jpg 300w, https:\/\/www.thietbidienlama.com\/wp-content\/uploads\/2025\/11\/Hat-cong-tac-2-chieu-co-S-uten-V7.0-c-150x150.jpg 150w, https:\/\/www.thietbidienlama.com\/wp-content\/uploads\/2025\/11\/Hat-cong-tac-2-chieu-co-S-uten-V7.0-c-12x12.jpg 12w, https:\/\/www.thietbidienlama.com\/wp-content\/uploads\/2025\/11\/Hat-cong-tac-2-chieu-co-S-uten-V7.0-c.jpg 500w\" sizes=\"(max-width: 300px) 100vw, 300px\" \/><\/p>\n<p class=\"Y3BBE\" data-hveid=\"CAEIBhAA\" data-complete=\"true\" data-processed=\"true\"><span style=\"font-size: 12pt; color: #000000;\">S\u1ea3n ph\u1ea9m n\u00e0y \u0111\u01b0\u1ee3c tin d\u00f9ng trong c\u00e1c c\u00f4ng tr\u00ecnh cao c\u1ea5p nh\u01b0 bi\u1ec7t th\u1ef1, kh\u00e1ch s\u1ea1n nh\u1edd s\u1ef1 k\u1ebft h\u1ee3p gi\u1eefa ch\u1ea5t l\u01b0\u1ee3ng k\u1ef9 thu\u1eadt b\u1ec1n b\u1ec9 v\u00e0 thi\u1ebft k\u1ebf th\u1ea9m m\u1ef9 cao.<\/span><\/p>\n<p class=\"Y3BBE\" data-hveid=\"CAEICBAA\" data-complete=\"true\" data-processed=\"true\"><span style=\"font-size: 12pt; color: #000000;\"><strong>LI\u00caN H\u1ec6 : Hotline: 0935 228 204 ( Ms Lam )<\/strong><\/span><\/p>\n<p><span style=\"font-size: 12pt; color: #000000;\"><strong>Facebook:\u00a0<span style=\"color: #ff6600;\"><a style=\"color: #ff6600;\" href=\"https:\/\/www.facebook.com\/thietbidienlama\" target=\"_blank\" rel=\"noopener\">THI\u1ebeT\u00a0B\u1eca \u0110I\u1ec6N LAMA<\/a><\/span><\/strong><\/span><\/p>\n<p><span style=\"font-size: 12pt; color: #000000;\"><strong>Tiktok:\u00a0<span style=\"color: #ff6600;\"><a style=\"color: #ff6600;\" href=\"https:\/\/www.tiktok.com\/@thietbidienlama\" target=\"_blank\" rel=\"noopener\">THI\u1ebeT\u00a0B\u1eca \u0110I\u1ec6N LAMA<\/a><\/span><\/strong><\/span><\/p>\n<p><span style=\"font-size: 12pt; color: #000000;\"><strong>Youtube: <span style=\"color: #ff6600;\"><a style=\"color: #ff6600;\" href=\"https:\/\/www.youtube.com\/@thietbidienlama\" target=\"_blank\" rel=\"noopener\">THI\u1ebeT\u00a0B\u1eca \u0110I\u1ec6N LAMA<\/a><\/span><\/strong><\/span><\/p>","protected":false},"excerpt":{"rendered":"<p>H\u1ea1t C\u00f4ng T\u1eafc 2 Chi\u1ec1u C\u1ee1 S UTEN V7 PGK12-SS H\u1ea1t c\u00f4ng t\u1eafc 2 chi\u1ec1u c\u1ee1 S UTEN V7.0, m\u00e3<\/p>","protected":false},"featured_media":13623,"comment_status":"closed","ping_status":"closed","template":"","meta":[],"product_brand":[],"product_cat":[978,979,980],"product_tag":[983,982,981],"class_list":{"0":"post-13619","1":"product","2":"type-product","3":"status-publish","4":"has-post-thumbnail","6":"product_cat-thiet-bi-dien-uten","7":"product_cat-cong-tac-uten","8":"product_cat-cong-tac-uten-v7","9":"product_tag-cong-tac-2-chieu-co-s-uten-v7-0","10":"product_tag-cong-tac-uten","11":"product_tag-uten-v7","13":"first","14":"instock","15":"sale","16":"shipping-taxable","17":"purchasable","18":"product-type-simple"},"_links":{"self":[{"href":"https:\/\/www.thietbidienlama.com\/en\/wp-json\/wp\/v2\/product\/13619","targetHints":{"allow":["GET"]}}],"collection":[{"href":"https:\/\/www.thietbidienlama.com\/en\/wp-json\/wp\/v2\/product"}],"about":[{"href":"https:\/\/www.thietbidienlama.com\/en\/wp-json\/wp\/v2\/types\/product"}],"replies":[{"embeddable":true,"href":"https:\/\/www.thietbidienlama.com\/en\/wp-json\/wp\/v2\/comments?post=13619"}],"version-history":[{"count":6,"href":"https:\/\/www.thietbidienlama.com\/en\/wp-json\/wp\/v2\/product\/13619\/revisions"}],"predecessor-version":[{"id":13675,"href":"https:\/\/www.thietbidienlama.com\/en\/wp-json\/wp\/v2\/product\/13619\/revisions\/13675"}],"wp:featuredmedia":[{"embeddable":true,"href":"https:\/\/www.thietbidienlama.com\/en\/wp-json\/wp\/v2\/media\/13623"}],"wp:attachment":[{"href":"https:\/\/www.thietbidienlama.com\/en\/wp-json\/wp\/v2\/media?parent=13619"}],"wp:term":[{"taxonomy":"product_brand","embeddable":true,"href":"https:\/\/www.thietbidienlama.com\/en\/wp-json\/wp\/v2\/product_brand?post=13619"},{"taxonomy":"product_cat","embeddable":true,"href":"https:\/\/www.thietbidienlama.com\/en\/wp-json\/wp\/v2\/product_cat?post=13619"},{"taxonomy":"product_tag","embeddable":true,"href":"https:\/\/www.thietbidienlama.com\/en\/wp-json\/wp\/v2\/product_tag?post=13619"}],"curies":[{"name":"wp","href":"https:\/\/api.w.org\/{rel}","templated":true}]}}