{"id":13610,"date":"2025-11-19T09:45:11","date_gmt":"2025-11-19T02:45:11","guid":{"rendered":"https:\/\/thietbidienlama.com\/?post_type=product&#038;p=13610"},"modified":"2025-11-28T14:45:51","modified_gmt":"2025-11-28T07:45:51","slug":"hat-cong-tac-1-chieu-co-s-uten-v7-pgk11-ss","status":"publish","type":"product","link":"https:\/\/www.thietbidienlama.com\/en\/hat-cong-tac-1-chieu-co-s-uten-v7-pgk11-ss\/","title":{"rendered":"H\u1ea1t C\u00f4ng T\u1eafc 1 Chi\u1ec1u C\u1ee1 S UTEN V7 PGK11-SS"},"content":{"rendered":"<h2 style=\"text-align: center;\"><span style=\"color: #000000;\">H\u1ea1t C\u00f4ng T\u1eafc 1 Chi\u1ec1u C\u1ee1 S UTEN V7.0 PGK11-SS<\/span><\/h2>\n<p class=\"Y3BBE\" data-hveid=\"CAEIAhAA\" data-processed=\"true\" data-complete=\"true\"><span style=\"font-size: 12pt; color: #000000;\"><span class=\"T286Pc\" data-sfc-cp=\"\" data-complete=\"true\" data-processed=\"true\">H\u1ea1t <span style=\"color: #ff6600;\"><strong><a style=\"color: #ff6600;\" href=\"https:\/\/thietbidienlama.com\/hat-cong-tac-1-chieu-co-s-uten-v7-pgk11-ss\/\">c\u00f4ng t\u1eafc 1 chi\u1ec1u c\u1ee1 S Uten V7<\/a><\/strong><\/span>\u00a0l\u00e0 m\u1ed9t th\u00e0nh ph\u1ea7n (module) trong h\u1ec7 th\u1ed1ng thi\u1ebft b\u1ecb \u0111i\u1ec7n d\u00f2ng V7.0, \u0111\u01b0\u1ee3c thi\u1ebft k\u1ebf \u0111\u1ec3 l\u1eafp \u0111\u1eb7t linh ho\u1ea1t v\u1edbi c\u00e1c lo\u1ea1i m\u1eb7t che (plate) kh\u00e1c nhau c\u1ee7a c\u00f9ng d\u00f2ng s\u1ea3n ph\u1ea9m<\/span>.<\/span><\/p>\n<p class=\"Fsg96\" data-complete=\"true\" data-processed=\"true\"><img fetchpriority=\"high\" decoding=\"async\" class=\"alignnone size-medium wp-image-13611 aligncenter\" src=\"http:\/\/thietbidienlama.com\/wp-content\/uploads\/2025\/11\/Hat-cong-tac-1-chieu-co-S-uten-V7.0-a-300x300.jpg\" alt=\"\" width=\"300\" height=\"300\" srcset=\"https:\/\/www.thietbidienlama.com\/wp-content\/uploads\/2025\/11\/Hat-cong-tac-1-chieu-co-S-uten-V7.0-a-300x300.jpg 300w, https:\/\/www.thietbidienlama.com\/wp-content\/uploads\/2025\/11\/Hat-cong-tac-1-chieu-co-S-uten-V7.0-a-150x150.jpg 150w, https:\/\/www.thietbidienlama.com\/wp-content\/uploads\/2025\/11\/Hat-cong-tac-1-chieu-co-S-uten-V7.0-a-12x12.jpg 12w, https:\/\/www.thietbidienlama.com\/wp-content\/uploads\/2025\/11\/Hat-cong-tac-1-chieu-co-S-uten-V7.0-a.jpg 500w\" sizes=\"(max-width: 300px) 100vw, 300px\" \/><\/p>\n<h3 class=\"otQkpb\" role=\"heading\" aria-level=\"3\" data-processed=\"true\" data-complete=\"true\"><span style=\"font-size: 14pt; color: #000000;\">Th\u00f4ng s\u1ed1 k\u1ef9 thu\u1eadt ch\u00ednh:<\/span><\/h3>\n<ul class=\"KsbFXc U6u95\" data-complete=\"true\" data-processed=\"true\">\n<li data-hveid=\"CAEIBBAA\" data-complete=\"true\" data-sae=\"\"><span class=\"T286Pc\" style=\"font-size: 12pt; color: #000000;\" data-sfc-cp=\"\" data-complete=\"true\"><strong class=\"Yjhzub\" data-complete=\"true\">M\u00e3 s\u1ea3n ph\u1ea9m tham kh\u1ea3o<\/strong>: V7.0PGK11-SS<\/span><\/li>\n<li data-hveid=\"CAEIBBAB\" data-complete=\"true\" data-sae=\"\"><span class=\"T286Pc\" style=\"font-size: 12pt; color: #000000;\" data-sfc-cp=\"\" data-complete=\"true\"><strong class=\"Yjhzub\" data-complete=\"true\">Ch\u1ee9c n\u0103ng<\/strong>: D\u00f9ng \u0111\u1ec3 b\u1eadt\/t\u1eaft m\u1ed9t \u0111\u01b0\u1eddng d\u00e2y \u0111i\u1ec7n (1 chi\u1ec1u).<\/span><\/li>\n<li data-hveid=\"CAEIBBAC\" data-complete=\"true\" data-sae=\"\"><span class=\"T286Pc\" style=\"font-size: 12pt; color: #000000;\" data-sfc-cp=\"\" data-complete=\"true\"><strong class=\"Yjhzub\" data-complete=\"true\">D\u00f2ng \u0111i\u1ec7n\/ \u0110i\u1ec7n \u00e1p \u0111\u1ecbnh m\u1ee9c<\/strong>: 16A\/250V ~ 50\/60Hz, ph\u00f9 h\u1ee3p v\u1edbi ti\u00eau chu\u1ea9n \u0111i\u1ec7n d\u00e2n d\u1ee5ng v\u00e0 th\u01b0\u01a1ng m\u1ea1i.<\/span><\/li>\n<li data-hveid=\"CAEIBBAD\" data-complete=\"true\" data-sae=\"\"><span class=\"T286Pc\" style=\"font-size: 12pt; color: #000000;\" data-sfc-cp=\"\" data-complete=\"true\"><strong class=\"Yjhzub\" data-complete=\"true\">Ti\u1ebfp \u0111i\u1ec3m<\/strong>: S\u1eed d\u1ee5ng \u0111\u1ed3ng nguy\u00ean ch\u1ea5t m\u1ea1 b\u1ea1c d\u00e0y 0.35mm, \u0111\u1ea3m b\u1ea3o d\u1eabn \u0111i\u1ec7n t\u1ed1t v\u00e0 \u0111\u1ed9 b\u1ec1n cao.<\/span><\/li>\n<li data-hveid=\"CAEIBBAE\" data-complete=\"true\" data-sae=\"\"><span class=\"T286Pc\" style=\"font-size: 12pt; color: #000000;\" data-sfc-cp=\"\" data-complete=\"true\"><strong class=\"Yjhzub\" data-complete=\"true\">C\u01a1 ch\u1ebf ho\u1ea1t \u0111\u1ed9ng<\/strong>: B\u1eadp b\u00eanh, ph\u00edm nh\u1ea5n to b\u1ea3n mang l\u1ea1i c\u1ea3m gi\u00e1c s\u1eed d\u1ee5ng tho\u1ea3i m\u00e1i, nh\u1ea1y b\u00e9n.<\/span><\/li>\n<li data-hveid=\"CAEIBBAF\" data-complete=\"true\" data-sae=\"\"><span class=\"T286Pc\" style=\"font-size: 12pt; color: #000000;\" data-sfc-cp=\"\" data-complete=\"true\"><strong class=\"Yjhzub\" data-complete=\"true\">\u0110\u1ed9 b\u1ec1n c\u01a1 h\u1ecdc<\/strong>: Tu\u1ed5i th\u1ecd cao, c\u00f3 th\u1ec3 \u0111\u1ea1t kho\u1ea3ng 40.000 l\u1ea7n b\u1eadt t\u1eaft.<\/span><\/li>\n<li data-hveid=\"CAEIBBAG\" data-complete=\"true\" data-sae=\"\"><span class=\"T286Pc\" style=\"font-size: 12pt; color: #000000;\" data-sfc-cp=\"\" data-complete=\"true\"><strong class=\"Yjhzub\" data-complete=\"true\">Ch\u1ea5t li\u1ec7u<\/strong>: Th\u00e2n h\u1ea1t l\u00e0m t\u1eeb v\u1eadt li\u1ec7u PC (Polycarbonate) ch\u1ecbu nhi\u1ec7t, ch\u1ed1ng ch\u00e1y; ti\u1ebfp \u0111i\u1ec3m l\u00e0m t\u1eeb \u0111\u1ed3ng t\u00edm 65%.<\/span><\/li>\n<li data-hveid=\"CAEIBBAH\" data-complete=\"true\" data-sae=\"\"><span class=\"T286Pc\" style=\"font-size: 12pt; color: #000000;\" data-sfc-cp=\"\" data-complete=\"true\"><strong class=\"Yjhzub\" data-complete=\"true\">M\u00e0u s\u1eafc<\/strong>: M\u00e0u ghi x\u00e1m \u0111\u1eb7c tr\u01b0ng c\u1ee7a d\u00f2ng V7.0.<\/span><\/li>\n<li data-hveid=\"CAEIBBAI\" data-complete=\"true\" data-sae=\"\"><span class=\"T286Pc\" style=\"font-size: 12pt; color: #000000;\" data-sfc-cp=\"\" data-complete=\"true\"><strong class=\"Yjhzub\" data-complete=\"true\">Ti\u00eau chu\u1ea9n<\/strong>: \u0110\u1ea1t ti\u00eau chu\u1ea9n ch\u1ea5t l\u01b0\u1ee3ng Ch\u00e2u \u00c2u.<\/span><\/li>\n<li data-hveid=\"CAEIBBAJ\" data-complete=\"true\" data-sae=\"\"><span class=\"T286Pc\" style=\"font-size: 12pt; color: #000000;\" data-sfc-cp=\"\" data-complete=\"true\"><strong class=\"Yjhzub\" data-complete=\"true\">B\u1ea3o h\u00e0nh<\/strong>: Th\u01b0\u1eddng \u0111\u01b0\u1ee3c b\u1ea3o h\u00e0nh ch\u00ednh h\u00e3ng 12 n\u0103m.<\/span><\/li>\n<\/ul>\n<p class=\"Fsg96\" data-complete=\"true\" data-processed=\"true\"><img decoding=\"async\" class=\"alignnone size-medium wp-image-13614 aligncenter\" src=\"http:\/\/thietbidienlama.com\/wp-content\/uploads\/2025\/11\/Hat-cong-tac-1-chieu-co-S-uten-V7.0-d-300x300.jpg\" alt=\"\" width=\"300\" height=\"300\" srcset=\"https:\/\/www.thietbidienlama.com\/wp-content\/uploads\/2025\/11\/Hat-cong-tac-1-chieu-co-S-uten-V7.0-d-300x300.jpg 300w, https:\/\/www.thietbidienlama.com\/wp-content\/uploads\/2025\/11\/Hat-cong-tac-1-chieu-co-S-uten-V7.0-d-150x150.jpg 150w, https:\/\/www.thietbidienlama.com\/wp-content\/uploads\/2025\/11\/Hat-cong-tac-1-chieu-co-S-uten-V7.0-d-12x12.jpg 12w, https:\/\/www.thietbidienlama.com\/wp-content\/uploads\/2025\/11\/Hat-cong-tac-1-chieu-co-S-uten-V7.0-d.jpg 500w\" sizes=\"(max-width: 300px) 100vw, 300px\" \/><\/p>\n<h3 class=\"otQkpb\" role=\"heading\" aria-level=\"3\" data-processed=\"true\" data-complete=\"true\"><span style=\"font-size: 14pt; color: #000000;\">\u0110\u1eb7c \u0111i\u1ec3m thi\u1ebft k\u1ebf v\u00e0 l\u1eafp \u0111\u1eb7t:<\/span><\/h3>\n<ul class=\"KsbFXc U6u95\" data-complete=\"true\" data-processed=\"true\">\n<li data-hveid=\"CAEIBxAA\" data-complete=\"true\" data-sae=\"\"><span class=\"T286Pc\" style=\"font-size: 12pt; color: #000000;\" data-sfc-cp=\"\" data-complete=\"true\"><strong class=\"Yjhzub\" data-complete=\"true\">C\u1ee1 S (Size S)<\/strong>: K\u00edch th\u01b0\u1edbc h\u1ea1t nh\u1ecf, cho ph\u00e9p l\u1eafp \u0111\u1eb7t nhi\u1ec1u h\u1ea1t tr\u00ean c\u00f9ng m\u1ed9t m\u1eb7t che ti\u00eau chu\u1ea9n (v\u00ed d\u1ee5: m\u1eb7t 3 l\u1ed7 c\u1ee1 S c\u00f3 th\u1ec3 l\u1eafp 3 h\u1ea1t c\u00f4ng t\u1eafc n\u00e0y).<\/span><\/li>\n<li data-hveid=\"CAEIBxAB\" data-complete=\"true\" data-sae=\"\"><span class=\"T286Pc\" style=\"font-size: 12pt; color: #000000;\" data-sfc-cp=\"\" data-complete=\"true\"><strong class=\"Yjhzub\" data-complete=\"true\">T\u00ednh linh ho\u1ea1t<\/strong>: H\u1ea1t c\u00f4ng t\u1eafc n\u00e0y c\u1ea7n \u0111\u01b0\u1ee3c k\u1ebft h\u1ee3p v\u1edbi m\u1eb7t che <strong><span style=\"color: #ff6600;\"><a style=\"color: #ff6600;\" href=\"https:\/\/thietbidienlama.com\/cong-tac-uten\/\">Uten V7.0<\/a><\/span><\/strong> t\u01b0\u01a1ng \u1ee9ng (v\u00ed d\u1ee5: m\u1eb7t 1 l\u1ed7 c\u1ee1 S, m\u1eb7t 2 l\u1ed7 c\u1ee1 S, v.v.) v\u00e0 \u0111\u1ebf \u00e2m t\u01b0\u1eddng h\u00ecnh ch\u1eef nh\u1eadt ti\u00eau chu\u1ea9n \u0111\u1ec3 t\u1ea1o th\u00e0nh b\u1ed9 c\u00f4ng t\u1eafc ho\u00e0n ch\u1ec9nh.<\/span><\/li>\n<li data-hveid=\"CAEIBxAC\" data-complete=\"true\" data-sae=\"\"><span class=\"T286Pc\" style=\"font-size: 12pt; color: #000000;\" data-sfc-cp=\"\" data-complete=\"true\"><strong class=\"Yjhzub\" data-complete=\"true\">Th\u1ea9m m\u1ef9<\/strong>: Khi l\u1eafp c\u00f9ng m\u1eb7t vi\u1ec1n nh\u00f4m x\u01b0\u1edbc V7.0, s\u1ea3n ph\u1ea9m t\u1ea1o n\u00ean v\u1ebb \u0111\u1eb9p sang tr\u1ecdng, hi\u1ec7n \u0111\u1ea1i cho kh\u00f4ng gian l\u1eafp \u0111\u1eb7t.<\/span><\/li>\n<\/ul>\n<p style=\"text-align: center;\"><img decoding=\"async\" class=\"alignnone size-medium wp-image-13612\" src=\"http:\/\/thietbidienlama.com\/wp-content\/uploads\/2025\/11\/Hat-cong-tac-1-chieu-co-S-uten-V7.0-b-300x300.jpg\" alt=\"\" width=\"300\" height=\"300\" srcset=\"https:\/\/www.thietbidienlama.com\/wp-content\/uploads\/2025\/11\/Hat-cong-tac-1-chieu-co-S-uten-V7.0-b-300x300.jpg 300w, https:\/\/www.thietbidienlama.com\/wp-content\/uploads\/2025\/11\/Hat-cong-tac-1-chieu-co-S-uten-V7.0-b-150x150.jpg 150w, https:\/\/www.thietbidienlama.com\/wp-content\/uploads\/2025\/11\/Hat-cong-tac-1-chieu-co-S-uten-V7.0-b-12x12.jpg 12w, https:\/\/www.thietbidienlama.com\/wp-content\/uploads\/2025\/11\/Hat-cong-tac-1-chieu-co-S-uten-V7.0-b.jpg 500w\" sizes=\"(max-width: 300px) 100vw, 300px\" \/> <img loading=\"lazy\" decoding=\"async\" class=\"alignnone size-medium wp-image-13613\" src=\"http:\/\/thietbidienlama.com\/wp-content\/uploads\/2025\/11\/Hat-cong-tac-1-chieu-co-S-uten-V7.0-c-300x300.jpg\" alt=\"\" width=\"300\" height=\"300\" srcset=\"https:\/\/www.thietbidienlama.com\/wp-content\/uploads\/2025\/11\/Hat-cong-tac-1-chieu-co-S-uten-V7.0-c-300x300.jpg 300w, https:\/\/www.thietbidienlama.com\/wp-content\/uploads\/2025\/11\/Hat-cong-tac-1-chieu-co-S-uten-V7.0-c-150x150.jpg 150w, https:\/\/www.thietbidienlama.com\/wp-content\/uploads\/2025\/11\/Hat-cong-tac-1-chieu-co-S-uten-V7.0-c-12x12.jpg 12w, https:\/\/www.thietbidienlama.com\/wp-content\/uploads\/2025\/11\/Hat-cong-tac-1-chieu-co-S-uten-V7.0-c.jpg 500w\" sizes=\"(max-width: 300px) 100vw, 300px\" \/><\/p>\n<p class=\"Y3BBE\" data-hveid=\"CAEICBAA\" data-complete=\"true\" data-processed=\"true\"><span style=\"font-size: 12pt; color: #000000;\"><strong>LI\u00caN H\u1ec6 : Hotline: 0935 228 204 ( Ms Lam )<\/strong><\/span><\/p>\n<p><span style=\"font-size: 12pt; color: #000000;\"><strong>Facebook:\u00a0<span style=\"color: #ff6600;\"><a style=\"color: #ff6600;\" href=\"https:\/\/www.facebook.com\/thietbidienlama\" target=\"_blank\" rel=\"noopener\">THI\u1ebeT\u00a0B\u1eca \u0110I\u1ec6N LAMA<\/a><\/span><\/strong><\/span><\/p>\n<p><span style=\"font-size: 12pt; color: #000000;\"><strong>Tiktok:\u00a0<span style=\"color: #ff6600;\"><a style=\"color: #ff6600;\" href=\"https:\/\/www.tiktok.com\/@thietbidienlama\" target=\"_blank\" rel=\"noopener\">THI\u1ebeT\u00a0B\u1eca \u0110I\u1ec6N LAMA<\/a><\/span><\/strong><\/span><\/p>\n<p><span style=\"font-size: 12pt; color: #000000;\"><strong>Youtube: <span style=\"color: #ff6600;\"><a style=\"color: #ff6600;\" href=\"https:\/\/www.youtube.com\/@thietbidienlama\" target=\"_blank\" rel=\"noopener\">THI\u1ebeT\u00a0B\u1eca \u0110I\u1ec6N LAMA<\/a><\/span><\/strong><\/span><\/p>","protected":false},"excerpt":{"rendered":"<p>H\u1ea1t C\u00f4ng T\u1eafc 1 Chi\u1ec1u C\u1ee1 S UTEN V7.0 PGK11-SS H\u1ea1t c\u00f4ng t\u1eafc 1 chi\u1ec1u c\u1ee1 S Uten V7\u00a0l\u00e0 m\u1ed9t<\/p>","protected":false},"featured_media":13608,"comment_status":"closed","ping_status":"closed","template":"","meta":[],"product_brand":[],"product_cat":[980,979,978],"product_tag":[982,981],"class_list":{"0":"post-13610","1":"product","2":"type-product","3":"status-publish","4":"has-post-thumbnail","6":"product_cat-cong-tac-uten-v7","7":"product_cat-cong-tac-uten","8":"product_cat-thiet-bi-dien-uten","9":"product_tag-cong-tac-uten","10":"product_tag-uten-v7","12":"first","13":"instock","14":"sale","15":"shipping-taxable","16":"purchasable","17":"product-type-simple"},"_links":{"self":[{"href":"https:\/\/www.thietbidienlama.com\/en\/wp-json\/wp\/v2\/product\/13610","targetHints":{"allow":["GET"]}}],"collection":[{"href":"https:\/\/www.thietbidienlama.com\/en\/wp-json\/wp\/v2\/product"}],"about":[{"href":"https:\/\/www.thietbidienlama.com\/en\/wp-json\/wp\/v2\/types\/product"}],"replies":[{"embeddable":true,"href":"https:\/\/www.thietbidienlama.com\/en\/wp-json\/wp\/v2\/comments?post=13610"}],"version-history":[{"count":6,"href":"https:\/\/www.thietbidienlama.com\/en\/wp-json\/wp\/v2\/product\/13610\/revisions"}],"predecessor-version":[{"id":13676,"href":"https:\/\/www.thietbidienlama.com\/en\/wp-json\/wp\/v2\/product\/13610\/revisions\/13676"}],"wp:featuredmedia":[{"embeddable":true,"href":"https:\/\/www.thietbidienlama.com\/en\/wp-json\/wp\/v2\/media\/13608"}],"wp:attachment":[{"href":"https:\/\/www.thietbidienlama.com\/en\/wp-json\/wp\/v2\/media?parent=13610"}],"wp:term":[{"taxonomy":"product_brand","embeddable":true,"href":"https:\/\/www.thietbidienlama.com\/en\/wp-json\/wp\/v2\/product_brand?post=13610"},{"taxonomy":"product_cat","embeddable":true,"href":"https:\/\/www.thietbidienlama.com\/en\/wp-json\/wp\/v2\/product_cat?post=13610"},{"taxonomy":"product_tag","embeddable":true,"href":"https:\/\/www.thietbidienlama.com\/en\/wp-json\/wp\/v2\/product_tag?post=13610"}],"curies":[{"name":"wp","href":"https:\/\/api.w.org\/{rel}","templated":true}]}}