{"id":13575,"date":"2025-11-14T12:11:39","date_gmt":"2025-11-14T05:11:39","guid":{"rendered":"https:\/\/thietbidienlama.com\/?post_type=product&#038;p=13575"},"modified":"2025-11-14T12:25:50","modified_gmt":"2025-11-14T05:25:50","slug":"den-lon-tran-spotlight-euroto-ln-131","status":"publish","type":"product","link":"https:\/\/www.thietbidienlama.com\/en\/den-lon-tran-spotlight-euroto-ln-131\/","title":{"rendered":"\u0110\u00e8n Lon Tr\u1ea7n Spotlight 12W Euroto LN-131"},"content":{"rendered":"<h2 style=\"text-align: center;\"><span style=\"color: #000000;\">\u0110\u00e8n Lon Tr\u1ea7n Spotlight 12W Euroto LN-131<\/span><\/h2>\n<p class=\"Y3BBE\" data-hveid=\"CAIQAA\" data-complete=\"true\" data-processed=\"true\"><span style=\"font-size: 12pt; color: #000000;\"><span class=\"T286Pc\" data-sfc-cp=\"\" data-complete=\"true\" data-processed=\"true\"><span style=\"color: #ff6600;\"><strong><a style=\"color: #ff6600;\" href=\"https:\/\/thietbidienlama.com\/den-lon-tran-spotlight-euroto-ln-131\/\">\u0110\u00e8n Lon Tr\u1ea7n<\/a><\/strong><\/span> Spotlight 12W Euroto LN-131 l\u00e0 lo\u1ea1i <\/span><strong class=\"Yjhzub\" data-complete=\"true\" data-processed=\"true\">\u0111\u00e8n LED \u1ed1p n\u1ed5i h\u00ecnh vu\u00f4ng c\u00f4ng su\u1ea5t 12W<\/strong>, th\u01b0\u1eddng \u0111\u01b0\u1ee3c d\u00f9ng \u0111\u1ec3 chi\u1ebfu s\u00e1ng trong nh\u00e0 v\u00e0 c\u00e1c khu v\u1ef1c nh\u01b0 ban c\u00f4ng, h\u00e0nh lang, v\u1edbi ba t\u00f9y ch\u1ecdn m\u00e0u \u00e1nh s\u00e1ng kh\u00e1c nhau.<\/span><\/p>\n<p class=\"Fsg96\" data-complete=\"true\" data-processed=\"true\"><img fetchpriority=\"high\" decoding=\"async\" class=\"alignnone size-medium wp-image-13576 aligncenter\" src=\"http:\/\/thietbidienlama.com\/wp-content\/uploads\/2025\/11\/Den-Lon-Op-Tran-Spotlight-Euroto-LN-131-283x300.jpg\" alt=\"\" width=\"283\" height=\"300\" srcset=\"https:\/\/www.thietbidienlama.com\/wp-content\/uploads\/2025\/11\/Den-Lon-Op-Tran-Spotlight-Euroto-LN-131-283x300.jpg 283w, https:\/\/www.thietbidienlama.com\/wp-content\/uploads\/2025\/11\/Den-Lon-Op-Tran-Spotlight-Euroto-LN-131-11x12.jpg 11w, https:\/\/www.thietbidienlama.com\/wp-content\/uploads\/2025\/11\/Den-Lon-Op-Tran-Spotlight-Euroto-LN-131-150x159.jpg 150w, https:\/\/www.thietbidienlama.com\/wp-content\/uploads\/2025\/11\/Den-Lon-Op-Tran-Spotlight-Euroto-LN-131.jpg 314w\" sizes=\"(max-width: 283px) 100vw, 283px\" \/><\/p>\n<h3 class=\"otQkpb\" role=\"heading\" aria-level=\"3\" data-processed=\"true\" data-complete=\"true\"><span style=\"font-size: 14pt; color: #000000;\">Th\u00f4ng s\u1ed1 k\u1ef9 thu\u1eadt ch\u00ednh<\/span><\/h3>\n<p class=\"Y3BBE\" data-hveid=\"CAQQAA\" data-complete=\"true\" data-processed=\"true\"><span style=\"font-size: 12pt; color: #000000;\">Theo th\u00f4ng tin t\u1eeb c\u00e1c nh\u00e0 b\u00e1n l\u1ebb v\u00e0 nh\u00e0 ph\u00e2n ph\u1ed1i, c\u00e1c th\u00f4ng s\u1ed1 k\u1ef9 thu\u1eadt c\u1ee7a \u0110\u00e8n Lon Tr\u1ea7n Spotlight Euroto LN-131 bao g\u1ed3m:<\/span><\/p>\n<ul class=\"KsbFXc U6u95\" data-complete=\"true\" data-processed=\"true\">\n<li data-hveid=\"CAUQAA\" data-complete=\"true\" data-sae=\"\"><span class=\"T286Pc\" style=\"font-size: 12pt; color: #000000;\" data-sfc-cp=\"\" data-complete=\"true\"><strong class=\"Yjhzub\" data-complete=\"true\">C\u00f4ng su\u1ea5t:<\/strong>\u00a012W<\/span><\/li>\n<li data-hveid=\"CAUQAQ\" data-complete=\"true\" data-sae=\"\"><span class=\"T286Pc\" style=\"font-size: 12pt; color: #000000;\" data-sfc-cp=\"\" data-complete=\"true\"><strong class=\"Yjhzub\" data-complete=\"true\">\u0110i\u1ec7n \u00e1p:<\/strong>\u00a085V \u2013 265V<\/span><\/li>\n<li data-hveid=\"CAUQAg\" data-complete=\"true\" data-sae=\"\"><span class=\"T286Pc\" style=\"font-size: 12pt; color: #000000;\" data-sfc-cp=\"\" data-complete=\"true\"><strong class=\"Yjhzub\" data-complete=\"true\">Chip LED:<\/strong>\u00a0Bridgelux (USA)<\/span><\/li>\n<li data-hveid=\"CAUQAw\" data-complete=\"true\" data-sae=\"\"><span class=\"T286Pc\" style=\"font-size: 12pt; color: #000000;\" data-sfc-cp=\"\" data-complete=\"true\"><strong class=\"Yjhzub\" data-complete=\"true\">Quang th\u00f4ng:<\/strong>\u00a01440 lumen<\/span><\/li>\n<li data-hveid=\"CAUQBA\" data-complete=\"true\" data-sae=\"\"><span class=\"T286Pc\" style=\"font-size: 12pt; color: #000000;\" data-sfc-cp=\"\" data-complete=\"true\"><strong class=\"Yjhzub\" data-complete=\"true\">G\u00f3c chi\u1ebfu:<\/strong>\u00a045 \u0111\u1ed9<\/span><\/li>\n<li data-hveid=\"CAUQBQ\" data-complete=\"true\" data-sae=\"\"><span class=\"T286Pc\" style=\"font-size: 12pt; color: #000000;\" data-sfc-cp=\"\" data-complete=\"true\"><strong class=\"Yjhzub\" data-complete=\"true\">Nhi\u1ec7t \u0111\u1ed9 m\u00e0u (M\u00e0u \u00e1nh s\u00e1ng):<\/strong>\u00a0C\u00f3 3 t\u00f9y ch\u1ecdn (<strong>tr\u1eafng:<\/strong> 6500K, <strong>trung t\u00ednh<\/strong>: <strong>4000K<\/strong>, <strong>v\u00e0ng<\/strong>: <span style=\"color: #ffcc00;\">3000K<\/span>)<\/span><\/li>\n<li data-hveid=\"CAUQBg\" data-complete=\"true\" data-sae=\"\"><span class=\"T286Pc\" style=\"font-size: 12pt; color: #000000;\" data-sfc-cp=\"\" data-complete=\"true\"><strong class=\"Yjhzub\" data-complete=\"true\">K\u00edch th\u01b0\u1edbc:<\/strong>\u00a0\u03a690 x H90 mm<\/span><\/li>\n<li data-hveid=\"CAUQBw\" data-complete=\"true\" data-sae=\"\"><span class=\"T286Pc\" style=\"font-size: 12pt; color: #000000;\" data-sfc-cp=\"\" data-complete=\"true\"><strong class=\"Yjhzub\" data-complete=\"true\">Ch\u1ec9 s\u1ed1 ho\u00e0n m\u00e0u (CRI):<\/strong>\u00a0&gt;90<\/span><\/li>\n<li data-hveid=\"CAUQCA\" data-complete=\"true\" data-sae=\"\"><span class=\"T286Pc\" style=\"font-size: 12pt; color: #000000;\" data-sfc-cp=\"\" data-complete=\"true\"><strong class=\"Yjhzub\" data-complete=\"true\">Tu\u1ed5i th\u1ecd:<\/strong>\u00a040.000 gi\u1edd<\/span><\/li>\n<li data-hveid=\"CAUQCQ\" data-complete=\"true\" data-sae=\"\"><span class=\"T286Pc\" style=\"font-size: 12pt; color: #000000;\" data-sfc-cp=\"\" data-complete=\"true\"><strong class=\"Yjhzub\" data-complete=\"true\">Ch\u1ea5t li\u1ec7u:<\/strong>\u00a0Th\u00e2n \u0111\u00e8n b\u1eb1ng h\u1ee3p kim nh\u00f4m s\u01a1n t\u0129nh \u0111i\u1ec7n v\u00e0 ABS<\/span><\/li>\n<li data-hveid=\"CAUQCg\" data-complete=\"true\" data-sae=\"\"><span class=\"T286Pc\" style=\"font-size: 12pt; color: #000000;\" data-sfc-cp=\"\" data-complete=\"true\"><strong class=\"Yjhzub\" data-complete=\"true\">M\u00e0u s\u1eafc v\u1ecf \u0111\u00e8n:<\/strong>\u00a0Th\u01b0\u1eddng l\u00e0 m\u00e0u tr\u1eafng (c\u0169ng c\u00f3 th\u1ec3 c\u00f3 t\u00f9y ch\u1ecdn m\u00e0u \u0111en)<\/span><\/li>\n<\/ul>\n<p class=\"Fsg96\" data-complete=\"true\" data-processed=\"true\"><img decoding=\"async\" class=\"alignnone size-medium wp-image-13577 aligncenter\" src=\"http:\/\/thietbidienlama.com\/wp-content\/uploads\/2025\/11\/Den-Lon-Tran-Spotlight-Euroto-LN-131-Khang-Nuoc-300x108.jpg\" alt=\"\" width=\"300\" height=\"108\" srcset=\"https:\/\/www.thietbidienlama.com\/wp-content\/uploads\/2025\/11\/Den-Lon-Tran-Spotlight-Euroto-LN-131-Khang-Nuoc-300x108.jpg 300w, https:\/\/www.thietbidienlama.com\/wp-content\/uploads\/2025\/11\/Den-Lon-Tran-Spotlight-Euroto-LN-131-Khang-Nuoc-18x7.jpg 18w, https:\/\/www.thietbidienlama.com\/wp-content\/uploads\/2025\/11\/Den-Lon-Tran-Spotlight-Euroto-LN-131-Khang-Nuoc-150x54.jpg 150w, https:\/\/www.thietbidienlama.com\/wp-content\/uploads\/2025\/11\/Den-Lon-Tran-Spotlight-Euroto-LN-131-Khang-Nuoc.jpg 606w\" sizes=\"(max-width: 300px) 100vw, 300px\" \/><\/p>\n<h3 class=\"otQkpb\" role=\"heading\" aria-level=\"3\" data-processed=\"true\" data-complete=\"true\"><span style=\"font-size: 14pt; color: #000000;\">\u1ee8ng d\u1ee5ng<\/span><\/h3>\n<p class=\"Y3BBE\" data-hveid=\"CAcQAA\" data-complete=\"true\" data-processed=\"true\"><span style=\"font-size: 12pt; color: #000000;\">\u0110\u00e8n LN-131 \u0111\u01b0\u1ee3c thi\u1ebft k\u1ebf \u0111\u1ec3 l\u1eafp \u0111\u1eb7t n\u1ed5i tr\u00ean tr\u1ea7n, kh\u00f4ng c\u1ea7n kho\u00e9t l\u1ed7, ph\u00f9 h\u1ee3p cho nhi\u1ec1u kh\u00f4ng gian n\u1ed9i th\u1ea5t kh\u00e1c nhau.<span class=\"uJ19be notranslate\" data-wiz-uids=\"kS8QDf_25,kS8QDf_26,kS8QDf_27\" data-complete=\"true\" data-processed=\"true\"><span class=\"vKEkVd\" data-animation-atomic=\"\" data-sae=\"\">\u00a0<button class=\"rBl3me\" tabindex=\"0\" data-amic=\"true\" data-icl-uuid=\"d1ab34e7-51b9-4d6c-9582-0ee2ca28f29b\" aria-label=\"Xem c\u00e1c \u0111\u01b0\u1eddng li\u00ean k\u1ebft c\u00f3 li\u00ean quan\" data-wiz-attrbind=\"disabled=kS8QDf_25_C5gNJc;class=kS8QDf_25_UpSNec;\" data-ved=\"2ahUKEwjNkNyf7_CQAxUwZfUHHePjKkkQye0OegQIBxAB\"><\/button><\/span><\/span><\/span><\/p>\n<ul class=\"KsbFXc U6u95\" data-complete=\"true\" data-processed=\"true\">\n<li data-hveid=\"CAgQAA\" data-complete=\"true\" data-sae=\"\"><span class=\"T286Pc\" style=\"font-size: 12pt; color: #000000;\" data-sfc-cp=\"\" data-complete=\"true\"><strong class=\"Yjhzub\" data-complete=\"true\">\u1ee8ng d\u1ee5ng:<\/strong> S\u1ea3n ph\u1ea9m th\u00edch h\u1ee3p \u0111\u1ec3 chi\u1ebfu s\u00e1ng trong nh\u00e0, ban c\u00f4ng, h\u00e0nh lang, m\u00e1i hi\u00ean, gara, v\u00e0 ph\u00f2ng ng\u1ee7. Thi\u1ebft k\u1ebf d\u1ea1ng spotlight gi\u00fap t\u1eadp trung \u00e1nh s\u00e1ng (g\u00f3c chi\u1ebfu 45 \u0111\u1ed9), t\u1ea1o \u0111i\u1ec3m nh\u1ea5n cho khu v\u1ef1c c\u1ea7n chi\u1ebfu s\u00e1ng.<\/span><\/li>\n<\/ul>\n<p>&nbsp;<\/p>\n<p class=\"Y3BBE\" data-hveid=\"CAEICBAA\" data-complete=\"true\" data-processed=\"true\"><span style=\"font-size: 12pt; color: #000000;\"><strong>LI\u00caN H\u1ec6 : Hotline: 0935 228 204 ( Ms Lam )<\/strong><\/span><\/p>\n<p><span style=\"font-size: 12pt; color: #000000;\"><strong>Facebook:\u00a0<span style=\"color: #ff6600;\"><a style=\"color: #ff6600;\" href=\"https:\/\/www.facebook.com\/thietbidienlama\" target=\"_blank\" rel=\"noopener\">THI\u1ebeT\u00a0B\u1eca \u0110I\u1ec6N LAMA<\/a><\/span><\/strong><\/span><\/p>\n<p><span style=\"font-size: 12pt; color: #000000;\"><strong>Tiktok:\u00a0<span style=\"color: #ff6600;\"><a style=\"color: #ff6600;\" href=\"https:\/\/www.tiktok.com\/@thietbidienlama\" target=\"_blank\" rel=\"noopener\">THI\u1ebeT\u00a0B\u1eca \u0110I\u1ec6N LAMA<\/a><\/span><\/strong><\/span><\/p>","protected":false},"excerpt":{"rendered":"<p>\u0110\u00e8n Lon Tr\u1ea7n Spotlight 12W Euroto LN-131 \u0110\u00e8n Lon Tr\u1ea7n Spotlight 12W Euroto LN-131 l\u00e0 lo\u1ea1i \u0111\u00e8n LED \u1ed1p n\u1ed5i<\/p>","protected":false},"featured_media":13578,"comment_status":"closed","ping_status":"closed","template":"","meta":[],"product_brand":[],"product_cat":[505,846],"product_tag":[894],"class_list":{"0":"post-13575","1":"product","2":"type-product","3":"status-publish","4":"has-post-thumbnail","6":"product_cat-den-trang-tri","7":"product_cat-den-lon-trang-tri","8":"product_tag-den-lon-tran","10":"first","11":"instock","12":"sale","13":"shipping-taxable","14":"purchasable","15":"product-type-simple"},"_links":{"self":[{"href":"https:\/\/www.thietbidienlama.com\/en\/wp-json\/wp\/v2\/product\/13575","targetHints":{"allow":["GET"]}}],"collection":[{"href":"https:\/\/www.thietbidienlama.com\/en\/wp-json\/wp\/v2\/product"}],"about":[{"href":"https:\/\/www.thietbidienlama.com\/en\/wp-json\/wp\/v2\/types\/product"}],"replies":[{"embeddable":true,"href":"https:\/\/www.thietbidienlama.com\/en\/wp-json\/wp\/v2\/comments?post=13575"}],"version-history":[{"count":5,"href":"https:\/\/www.thietbidienlama.com\/en\/wp-json\/wp\/v2\/product\/13575\/revisions"}],"predecessor-version":[{"id":13590,"href":"https:\/\/www.thietbidienlama.com\/en\/wp-json\/wp\/v2\/product\/13575\/revisions\/13590"}],"wp:featuredmedia":[{"embeddable":true,"href":"https:\/\/www.thietbidienlama.com\/en\/wp-json\/wp\/v2\/media\/13578"}],"wp:attachment":[{"href":"https:\/\/www.thietbidienlama.com\/en\/wp-json\/wp\/v2\/media?parent=13575"}],"wp:term":[{"taxonomy":"product_brand","embeddable":true,"href":"https:\/\/www.thietbidienlama.com\/en\/wp-json\/wp\/v2\/product_brand?post=13575"},{"taxonomy":"product_cat","embeddable":true,"href":"https:\/\/www.thietbidienlama.com\/en\/wp-json\/wp\/v2\/product_cat?post=13575"},{"taxonomy":"product_tag","embeddable":true,"href":"https:\/\/www.thietbidienlama.com\/en\/wp-json\/wp\/v2\/product_tag?post=13575"}],"curies":[{"name":"wp","href":"https:\/\/api.w.org\/{rel}","templated":true}]}}