{"id":13555,"date":"2025-11-12T15:09:04","date_gmt":"2025-11-12T08:09:04","guid":{"rendered":"https:\/\/thietbidienlama.com\/?post_type=product&#038;p=13555"},"modified":"2025-11-12T15:09:05","modified_gmt":"2025-11-12T08:09:05","slug":"mat-6-cong-tac-panasonic-wev68060sw","status":"publish","type":"product","link":"https:\/\/www.thietbidienlama.com\/en\/mat-6-cong-tac-panasonic-wev68060sw\/","title":{"rendered":"M\u1eb7t 6 C\u00f4ng T\u1eafc Panasonic WEV68060SW D\u00f2ng Wide M\u00e0u Tr\u1eafng"},"content":{"rendered":"<h2 style=\"text-align: center;\" data-hveid=\"CAEIARAA\" data-processed=\"true\" data-complete=\"true\"><span style=\"color: #000000;\">M\u1eb7t 6 C\u00f4ng T\u1eafc Panasonic WEV68060SW D\u00f2ng Wide M\u00e0u Tr\u1eafng<\/span><\/h2>\n<p data-hveid=\"CAEIARAA\" data-processed=\"true\" data-complete=\"true\"><span style=\"font-size: 12pt; color: #000000;\"><strong><span style=\"color: #ff6600;\"><a style=\"color: #ff6600;\" href=\"https:\/\/thietbidienlama.com\/mat-6-cong-tac-panasonic-wev68060sw\/\">M\u1eb7t 6 c\u00f4ng t\u1eafc Panasonic<\/a><\/span><\/strong> WEV68060SW l\u00e0 lo\u1ea1i m\u1eb7t d\u00f9ng cho 6 thi\u1ebft b\u1ecb thu\u1ed9c d\u00f2ng s\u1ea3n ph\u1ea9m Wide Series (Refina), c\u00f3 m\u00e0u tr\u1eafng tuy\u1ebft.<\/span><\/p>\n<p data-complete=\"true\" data-processed=\"true\"><img fetchpriority=\"high\" decoding=\"async\" class=\"aligncenter wp-image-12448 size-medium\" src=\"http:\/\/thietbidienlama.com\/wp-content\/uploads\/2025\/02\/Mat-6-Dong-Wide-Mau-Trang-WEV68060SW-Panasonic-300x300.jpg\" alt=\"M\u1eb7t 6 C\u00f4ng T\u1eafc Panasonic WEV68060SW D\u00f2ng Wide M\u00e0u Tr\u1eafng\" width=\"300\" height=\"300\" srcset=\"https:\/\/www.thietbidienlama.com\/wp-content\/uploads\/2025\/02\/Mat-6-Dong-Wide-Mau-Trang-WEV68060SW-Panasonic-300x300.jpg 300w, https:\/\/www.thietbidienlama.com\/wp-content\/uploads\/2025\/02\/Mat-6-Dong-Wide-Mau-Trang-WEV68060SW-Panasonic-150x150.jpg 150w, https:\/\/www.thietbidienlama.com\/wp-content\/uploads\/2025\/02\/Mat-6-Dong-Wide-Mau-Trang-WEV68060SW-Panasonic-12x12.jpg 12w, https:\/\/www.thietbidienlama.com\/wp-content\/uploads\/2025\/02\/Mat-6-Dong-Wide-Mau-Trang-WEV68060SW-Panasonic.jpg 500w\" sizes=\"(max-width: 300px) 100vw, 300px\" \/><\/p>\n<h3 role=\"heading\" aria-level=\"3\" data-complete=\"true\" data-processed=\"true\"><span style=\"font-size: 14pt; color: #000000;\">\u0110\u1eb7c \u0111i\u1ec3m ch\u00ednh:<\/span><\/h3>\n<ul data-processed=\"true\" data-complete=\"true\">\n<li data-hveid=\"CAEIAxAA\" data-complete=\"true\" data-sae=\"\"><span style=\"font-size: 12pt; color: #000000;\">M\u00e3 s\u1ea3n ph\u1ea9m:\u00a0WEV68060SW<\/span><\/li>\n<li data-hveid=\"CAEIAxAB\" data-complete=\"true\" data-sae=\"\"><span style=\"font-size: 12pt; color: #000000;\">Lo\u1ea1i:\u00a0M\u1eb7t d\u00f9ng cho 6 thi\u1ebft b\u1ecb (3 gangs &#8211; 6 devices plate)<\/span><\/li>\n<li data-hveid=\"CAEIAxAC\" data-complete=\"true\" data-sae=\"\"><span style=\"font-size: 12pt; color: #000000;\">D\u00f2ng s\u1ea3n ph\u1ea9m:\u00a0Wide Series (Refina)<\/span><\/li>\n<li data-hveid=\"CAEIAxAD\" data-complete=\"true\" data-sae=\"\"><span style=\"font-size: 12pt; color: #000000;\">M\u00e0u s\u1eafc:\u00a0Tr\u1eafng (tr\u1eafng tuy\u1ebft)<\/span><\/li>\n<li data-hveid=\"CAEIAxAE\" data-complete=\"true\" data-sae=\"\"><span style=\"font-size: 12pt; color: #000000;\">Ch\u1ea5t li\u1ec7u:\u00a0Nh\u1ef1a cao c\u1ea5p (nh\u01b0 Urea Resin), c\u00f3 \u0111\u1ed9 b\u1ec1n cao, ch\u1ed1ng ch\u00e1y v\u00e0 c\u00e1ch \u0111i\u1ec7n t\u1ed1t.<\/span><\/li>\n<li data-hveid=\"CAEIAxAF\" data-complete=\"true\" data-sae=\"\"><span style=\"font-size: 12pt; color: #000000;\">K\u00edch th\u01b0\u1edbc:\u00a0S\u1ea3n ph\u1ea9m n\u00e0y c\u00f3 k\u00edch th\u01b0\u1edbc l\u1edbn h\u01a1n c\u00e1c m\u1eb7t 1-4 thi\u1ebft b\u1ecb th\u00f4ng th\u01b0\u1eddng. K\u00edch th\u01b0\u1edbc ti\u00eau chu\u1ea9n kho\u1ea3ng\u00a0120 x 120 mm\u00a0(r\u1ed9ng x cao), \u0111\u1ec3 l\u1eafp v\u1eeba \u0111\u1ebf \u00e2m vu\u00f4ng.<\/span><\/li>\n<li data-hveid=\"CAEIAxAG\" data-complete=\"true\" data-sae=\"\"><span style=\"font-size: 12pt; color: #000000;\">L\u1eafp \u0111\u1eb7t:\u00a0D\u00f9ng \u0111\u1ec3 l\u1eafp \u00e2m t\u01b0\u1eddng v\u1edbi\u00a0\u0111\u1ebf \u00e2m vu\u00f4ng\u00a0ti\u00eau chu\u1ea9n (kh\u00e1c v\u1edbi c\u00e1c m\u1eb7t 1-4 thi\u1ebft b\u1ecb d\u00f9ng \u0111\u1ebf ch\u1eef nh\u1eadt).<\/span><\/li>\n<li data-hveid=\"CAEIAxAH\" data-complete=\"true\" data-sae=\"\"><span style=\"font-size: 12pt; color: #000000;\">Ti\u00eau chu\u1ea9n: \u0110\u1ea1t c\u00e1c ti\u00eau chu\u1ea9n ch\u1ea5t l\u01b0\u1ee3ng v\u00e0 an to\u00e0n \u0111i\u1ec7n.<\/span><\/li>\n<\/ul>\n<p data-hveid=\"CAEIBBAA\" data-complete=\"true\" data-processed=\"true\"><span style=\"font-size: 12pt; color: #000000;\">S\u1ea3n ph\u1ea9m n\u00e0y l\u00e0 gi\u1ea3i ph\u00e1p cho nh\u1eefng v\u1ecb tr\u00ed c\u1ea7n t\u1eadp trung \u0111i\u1ec1u khi\u1ec3n nhi\u1ec1u thi\u1ebft b\u1ecb \u0111i\u1ec7n (v\u00ed d\u1ee5: nhi\u1ec1u \u0111\u00e8n, qu\u1ea1t) t\u1ea1i c\u00f9ng m\u1ed9t \u0111i\u1ec3m l\u1eafp \u0111\u1eb7t. N\u00f3 cho ph\u00e9p l\u1eafp 6 h\u1ea1t c\u00f4ng t\u1eafc ho\u1eb7c h\u1ea1t \u1ed5 c\u1eafm \u0111\u01a1n (lo\u1ea1i to) d\u00f2ng Wide Series m\u1ed9t c\u00e1ch g\u1ecdn g\u00e0ng v\u00e0 th\u1ea9m m\u1ef9.<\/span><\/p>\n<p class=\"Y3BBE\" data-hveid=\"CAEICBAA\" data-complete=\"true\" data-processed=\"true\"><span style=\"font-size: 12pt; color: #000000;\"><strong>LI\u00caN H\u1ec6 : Hotline: 0935 228 204 ( Ms Lam )<\/strong><\/span><\/p>\n<p><span style=\"font-size: 12pt; color: #000000;\"><strong>Facebook:\u00a0<span style=\"color: #ff6600;\"><a style=\"color: #ff6600;\" href=\"https:\/\/www.facebook.com\/thietbidienlama\" target=\"_blank\" rel=\"noopener\">THI\u1ebeT\u00a0B\u1eca \u0110I\u1ec6N LAMA<\/a><\/span><\/strong><\/span><\/p>\n<p><span style=\"font-size: 12pt; color: #000000;\"><strong>Tiktok:\u00a0<span style=\"color: #ff6600;\"><a style=\"color: #ff6600;\" href=\"https:\/\/www.tiktok.com\/@thietbidienlama\" target=\"_blank\" rel=\"noopener\">THI\u1ebeT\u00a0B\u1eca \u0110I\u1ec6N LAMA<\/a><\/span><\/strong><\/span><\/p>","protected":false},"excerpt":{"rendered":"<p>M\u1eb7t 6 C\u00f4ng T\u1eafc Panasonic WEV68060SW D\u00f2ng Wide M\u00e0u Tr\u1eafng M\u1eb7t 6 c\u00f4ng t\u1eafc Panasonic WEV68060SW l\u00e0 lo\u1ea1i m\u1eb7t d\u00f9ng<\/p>","protected":false},"featured_media":12448,"comment_status":"closed","ping_status":"closed","template":"","meta":[],"product_brand":[],"product_cat":[911,954],"product_tag":[969],"class_list":{"0":"post-13555","1":"product","2":"type-product","3":"status-publish","4":"has-post-thumbnail","6":"product_cat-mat-panasonic","7":"product_cat-mat-cong-tac-panasonic","8":"product_tag-mat-6-cong-tac-panasonic","10":"first","11":"instock","12":"shipping-taxable","13":"product-type-simple"},"_links":{"self":[{"href":"https:\/\/www.thietbidienlama.com\/en\/wp-json\/wp\/v2\/product\/13555","targetHints":{"allow":["GET"]}}],"collection":[{"href":"https:\/\/www.thietbidienlama.com\/en\/wp-json\/wp\/v2\/product"}],"about":[{"href":"https:\/\/www.thietbidienlama.com\/en\/wp-json\/wp\/v2\/types\/product"}],"replies":[{"embeddable":true,"href":"https:\/\/www.thietbidienlama.com\/en\/wp-json\/wp\/v2\/comments?post=13555"}],"version-history":[{"count":1,"href":"https:\/\/www.thietbidienlama.com\/en\/wp-json\/wp\/v2\/product\/13555\/revisions"}],"predecessor-version":[{"id":13556,"href":"https:\/\/www.thietbidienlama.com\/en\/wp-json\/wp\/v2\/product\/13555\/revisions\/13556"}],"wp:featuredmedia":[{"embeddable":true,"href":"https:\/\/www.thietbidienlama.com\/en\/wp-json\/wp\/v2\/media\/12448"}],"wp:attachment":[{"href":"https:\/\/www.thietbidienlama.com\/en\/wp-json\/wp\/v2\/media?parent=13555"}],"wp:term":[{"taxonomy":"product_brand","embeddable":true,"href":"https:\/\/www.thietbidienlama.com\/en\/wp-json\/wp\/v2\/product_brand?post=13555"},{"taxonomy":"product_cat","embeddable":true,"href":"https:\/\/www.thietbidienlama.com\/en\/wp-json\/wp\/v2\/product_cat?post=13555"},{"taxonomy":"product_tag","embeddable":true,"href":"https:\/\/www.thietbidienlama.com\/en\/wp-json\/wp\/v2\/product_tag?post=13555"}],"curies":[{"name":"wp","href":"https:\/\/api.w.org\/{rel}","templated":true}]}}