{"id":13553,"date":"2025-11-12T14:59:58","date_gmt":"2025-11-12T07:59:58","guid":{"rendered":"https:\/\/thietbidienlama.com\/?post_type=product&#038;p=13553"},"modified":"2025-11-12T14:59:58","modified_gmt":"2025-11-12T07:59:58","slug":"mat-4-cong-tac-panasonic-wev68040sw","status":"publish","type":"product","link":"https:\/\/www.thietbidienlama.com\/en\/mat-4-cong-tac-panasonic-wev68040sw\/","title":{"rendered":"M\u1eb7t 4 C\u00f4ng T\u1eafc Panasonic WEV68040SW D\u00f2ng Wide M\u00e0u Tr\u1eafng"},"content":{"rendered":"<h2 style=\"text-align: center;\"><span style=\"color: #000000;\">M\u1eb7t 4 C\u00f4ng T\u1eafc Panasonic WEV68040SW D\u00f2ng Wide M\u00e0u Tr\u1eafng<\/span><\/h2>\n<p data-hveid=\"CAEIAhAA\" data-complete=\"true\" data-processed=\"true\"><span style=\"font-size: 12pt; color: #000000;\"><strong><span style=\"color: #ff6600;\"><a style=\"color: #ff6600;\" href=\"https:\/\/thietbidienlama.com\/mat-4-cong-tac-panasonic-wev68040sw\/\">M\u1eb7t 4 c\u00f4ng t\u1eafc Panasonic<\/a><\/span><\/strong> WEV68040SW\u00a0l\u00e0\u00a0lo\u1ea1i\u00a0m\u1eb7t d\u00f9ng cho 4 thi\u1ebft b\u1ecb\u00a0thu\u1ed9c d\u00f2ng s\u1ea3n ph\u1ea9m\u00a0Wide Series (Refina), c\u00f3 m\u00e0u\u00a0tr\u1eafng tuy\u1ebft.<\/span><\/p>\n<p data-complete=\"true\" data-processed=\"true\"><img fetchpriority=\"high\" decoding=\"async\" class=\"aligncenter wp-image-12447 size-medium\" src=\"http:\/\/thietbidienlama.com\/wp-content\/uploads\/2025\/02\/Mat-4-Dong-Wide-Mau-Trang-WEV68040SW-Panasonic-300x300.jpg\" alt=\"M\u1eb7t 4 C\u00f4ng T\u1eafc Panasonic WEV68040SW D\u00f2ng Wide M\u00e0u Tr\u1eafng\" width=\"300\" height=\"300\" srcset=\"https:\/\/www.thietbidienlama.com\/wp-content\/uploads\/2025\/02\/Mat-4-Dong-Wide-Mau-Trang-WEV68040SW-Panasonic-300x300.jpg 300w, https:\/\/www.thietbidienlama.com\/wp-content\/uploads\/2025\/02\/Mat-4-Dong-Wide-Mau-Trang-WEV68040SW-Panasonic-150x150.jpg 150w, https:\/\/www.thietbidienlama.com\/wp-content\/uploads\/2025\/02\/Mat-4-Dong-Wide-Mau-Trang-WEV68040SW-Panasonic-768x768.jpg 768w, https:\/\/www.thietbidienlama.com\/wp-content\/uploads\/2025\/02\/Mat-4-Dong-Wide-Mau-Trang-WEV68040SW-Panasonic-12x12.jpg 12w, https:\/\/www.thietbidienlama.com\/wp-content\/uploads\/2025\/02\/Mat-4-Dong-Wide-Mau-Trang-WEV68040SW-Panasonic-600x600.jpg 600w, https:\/\/www.thietbidienlama.com\/wp-content\/uploads\/2025\/02\/Mat-4-Dong-Wide-Mau-Trang-WEV68040SW-Panasonic.jpg 800w\" sizes=\"(max-width: 300px) 100vw, 300px\" \/><\/p>\n<h3 role=\"heading\" aria-level=\"3\" data-processed=\"true\" data-complete=\"true\"><span style=\"font-size: 14pt; color: #000000;\">\u0110\u1eb7c \u0111i\u1ec3m ch\u00ednh:<\/span><\/h3>\n<ul data-processed=\"true\" data-complete=\"true\">\n<li data-hveid=\"CAEIBBAA\" data-complete=\"true\" data-sae=\"\"><span style=\"font-size: 12pt; color: #000000;\">M\u00e3 s\u1ea3n ph\u1ea9m:\u00a0WEV68040SW<\/span><\/li>\n<li data-hveid=\"CAEIBBAB\" data-complete=\"true\" data-sae=\"\"><span style=\"font-size: 12pt; color: #000000;\">Lo\u1ea1i:\u00a0M\u1eb7t d\u00f9ng cho 4 thi\u1ebft b\u1ecb (2 gangs &#8211; 4 devices plate)<\/span><\/li>\n<li data-hveid=\"CAEIBBAC\" data-complete=\"true\" data-sae=\"\"><span style=\"font-size: 12pt; color: #000000;\">D\u00f2ng s\u1ea3n ph\u1ea9m:\u00a0Wide Series (c\u00f2n g\u1ecdi l\u00e0 Full Wide ho\u1eb7c Refina)<\/span><\/li>\n<li data-hveid=\"CAEIBBAD\" data-complete=\"true\" data-sae=\"\"><span style=\"font-size: 12pt; color: #000000;\">M\u00e0u s\u1eafc:\u00a0Tr\u1eafng (th\u01b0\u1eddng g\u1ecdi l\u00e0 tr\u1eafng tuy\u1ebft)<\/span><\/li>\n<li data-hveid=\"CAEIBBAE\" data-complete=\"true\" data-sae=\"\"><span style=\"font-size: 12pt; color: #000000;\">Ch\u1ea5t li\u1ec7u:\u00a0Nh\u1ef1a cao c\u1ea5p (th\u01b0\u1eddng l\u00e0 Urea Resin ho\u1eb7c PC\/ABS), b\u1ec1n b\u1ec9, c\u00e1ch \u0111i\u1ec7n t\u1ed1t.<\/span><\/li>\n<li data-hveid=\"CAEIBBAF\" data-complete=\"true\" data-sae=\"\"><span style=\"font-size: 12pt; color: #000000;\">K\u00edch th\u01b0\u1edbc:\u00a0K\u00edch th\u01b0\u1edbc ti\u00eau chu\u1ea9n h\u00ecnh ch\u1eef nh\u1eadt, kho\u1ea3ng\u00a070 x 120 mm\u00a0(r\u1ed9ng x cao), c\u00f3 th\u1ec3 thay \u0111\u1ed5i nh\u1ecf t\u00f9y theo nh\u00e0 ph\u00e2n ph\u1ed1i.<\/span><\/li>\n<li data-hveid=\"CAEIBBAG\" data-complete=\"true\" data-sae=\"\"><span style=\"font-size: 12pt; color: #000000;\">L\u1eafp \u0111\u1eb7t:\u00a0D\u00f9ng \u0111\u1ec3 l\u1eafp \u00e2m t\u01b0\u1eddng v\u1edbi \u0111\u1ebf \u00e2m ch\u1eef nh\u1eadt ti\u00eau chu\u1ea9n.<\/span><\/li>\n<li data-hveid=\"CAEIBBAH\" data-complete=\"true\" data-sae=\"\"><span style=\"font-size: 12pt; color: #000000;\">Ti\u00eau chu\u1ea9n:\u00a0\u0110\u1ea1t c\u00e1c ti\u00eau chu\u1ea9n an to\u00e0n \u0111i\u1ec7n qu\u1ed1c t\u1ebf IEC.<\/span><\/li>\n<li data-hveid=\"CAEIBBAI\" data-sae=\"\" data-complete=\"true\"><span style=\"font-size: 12pt; color: #000000;\">\u0110\u00f3ng g\u00f3i: 10 c\u00e1i\/h\u1ed9p, 100 c\u00e1i\/th\u00f9ng.<\/span><\/li>\n<\/ul>\n<p data-hveid=\"CAEIBhAA\" data-complete=\"true\" data-processed=\"true\"><span style=\"font-size: 12pt; color: #000000;\">S\u1ea3n ph\u1ea9m n\u00e0y \u0111\u01b0\u1ee3c thi\u1ebft k\u1ebf \u0111\u1ec3 l\u1eafp \u0111\u1ed3ng th\u1eddi\u00a0b\u1ed1n\u00a0h\u1ea1t c\u00f4ng t\u1eafc ho\u1eb7c h\u1ea1t \u1ed5 c\u1eafm \u0111\u01a1n (lo\u1ea1i to) d\u00f2ng Wide Series, mang l\u1ea1i gi\u1ea3i ph\u00e1p th\u1ea9m m\u1ef9 v\u00e0 ti\u1ec7n d\u1ee5ng cho vi\u1ec7c \u0111i\u1ec1u khi\u1ec3n nhi\u1ec1u thi\u1ebft b\u1ecb \u0111i\u1ec7n t\u1ea1i m\u1ed9t v\u1ecb tr\u00ed c\u1ed1 \u0111\u1ecbnh.<\/span><\/p>\n<p class=\"Y3BBE\" data-hveid=\"CAEICBAA\" data-complete=\"true\" data-processed=\"true\"><span style=\"font-size: 12pt; color: #000000;\"><strong>LI\u00caN H\u1ec6 : Hotline: 0935 228 204 ( Ms Lam )<\/strong><\/span><\/p>\n<p><span style=\"font-size: 12pt; color: #000000;\"><strong>Facebook:\u00a0<span style=\"color: #ff6600;\"><a style=\"color: #ff6600;\" href=\"https:\/\/www.facebook.com\/thietbidienlama\" target=\"_blank\" rel=\"noopener\">THI\u1ebeT\u00a0B\u1eca \u0110I\u1ec6N LAMA<\/a><\/span><\/strong><\/span><\/p>\n<p><span style=\"font-size: 12pt; color: #000000;\"><strong>Tiktok:\u00a0<span style=\"color: #ff6600;\"><a style=\"color: #ff6600;\" href=\"https:\/\/www.tiktok.com\/@thietbidienlama\" target=\"_blank\" rel=\"noopener\">THI\u1ebeT\u00a0B\u1eca \u0110I\u1ec6N LAMA<\/a><\/span><\/strong><\/span><\/p>","protected":false},"excerpt":{"rendered":"<p>M\u1eb7t 4 C\u00f4ng T\u1eafc Panasonic WEV68040SW D\u00f2ng Wide M\u00e0u Tr\u1eafng M\u1eb7t 4 c\u00f4ng t\u1eafc Panasonic WEV68040SW\u00a0l\u00e0\u00a0lo\u1ea1i\u00a0m\u1eb7t d\u00f9ng cho 4 thi\u1ebft<\/p>","protected":false},"featured_media":12447,"comment_status":"closed","ping_status":"closed","template":"","meta":[],"product_brand":[],"product_cat":[911,954],"product_tag":[968],"class_list":{"0":"post-13553","1":"product","2":"type-product","3":"status-publish","4":"has-post-thumbnail","6":"product_cat-mat-panasonic","7":"product_cat-mat-cong-tac-panasonic","8":"product_tag-mat-4-cong-tac-panasonic","10":"first","11":"instock","12":"sale","13":"shipping-taxable","14":"purchasable","15":"product-type-simple"},"_links":{"self":[{"href":"https:\/\/www.thietbidienlama.com\/en\/wp-json\/wp\/v2\/product\/13553","targetHints":{"allow":["GET"]}}],"collection":[{"href":"https:\/\/www.thietbidienlama.com\/en\/wp-json\/wp\/v2\/product"}],"about":[{"href":"https:\/\/www.thietbidienlama.com\/en\/wp-json\/wp\/v2\/types\/product"}],"replies":[{"embeddable":true,"href":"https:\/\/www.thietbidienlama.com\/en\/wp-json\/wp\/v2\/comments?post=13553"}],"version-history":[{"count":1,"href":"https:\/\/www.thietbidienlama.com\/en\/wp-json\/wp\/v2\/product\/13553\/revisions"}],"predecessor-version":[{"id":13554,"href":"https:\/\/www.thietbidienlama.com\/en\/wp-json\/wp\/v2\/product\/13553\/revisions\/13554"}],"wp:featuredmedia":[{"embeddable":true,"href":"https:\/\/www.thietbidienlama.com\/en\/wp-json\/wp\/v2\/media\/12447"}],"wp:attachment":[{"href":"https:\/\/www.thietbidienlama.com\/en\/wp-json\/wp\/v2\/media?parent=13553"}],"wp:term":[{"taxonomy":"product_brand","embeddable":true,"href":"https:\/\/www.thietbidienlama.com\/en\/wp-json\/wp\/v2\/product_brand?post=13553"},{"taxonomy":"product_cat","embeddable":true,"href":"https:\/\/www.thietbidienlama.com\/en\/wp-json\/wp\/v2\/product_cat?post=13553"},{"taxonomy":"product_tag","embeddable":true,"href":"https:\/\/www.thietbidienlama.com\/en\/wp-json\/wp\/v2\/product_tag?post=13553"}],"curies":[{"name":"wp","href":"https:\/\/api.w.org\/{rel}","templated":true}]}}