{"id":13550,"date":"2025-11-12T14:54:42","date_gmt":"2025-11-12T07:54:42","guid":{"rendered":"https:\/\/thietbidienlama.com\/?post_type=product&#038;p=13550"},"modified":"2025-11-12T14:54:42","modified_gmt":"2025-11-12T07:54:42","slug":"mat-3-cong-tac-panasonic-wev68030mh-dong-wide","status":"publish","type":"product","link":"https:\/\/www.thietbidienlama.com\/en\/mat-3-cong-tac-panasonic-wev68030mh-dong-wide\/","title":{"rendered":"M\u1eb7t 3 C\u00f4ng T\u1eafc Panasonic WEV68030MH D\u00f2ng Wide M\u00e0u X\u00e1m \u00c1nh Kim"},"content":{"rendered":"<h2 style=\"text-align: center;\" data-hveid=\"CAEIAhAA\" data-complete=\"true\" data-processed=\"true\"><span style=\"color: #000000;\">M\u1eb7t 3 C\u00f4ng T\u1eafc Panasonic WEV68030MH D\u00f2ng Wide M\u00e0u X\u00e1m \u00c1nh Kim<\/span><\/h2>\n<p data-hveid=\"CAEIAhAA\" data-complete=\"true\" data-processed=\"true\"><span style=\"color: #000000; font-size: 12pt;\"><strong><span style=\"color: #ff6600;\"><a style=\"color: #ff6600;\" href=\"https:\/\/thietbidienlama.com\/mat-3-cong-tac-panasonic-wev68030mh-dong-wide\/\">M\u1eb7t 3 c\u00f4ng t\u1eafc Panasonic<\/a><\/span><\/strong> WEV68030MH l\u00e0 lo\u1ea1i m\u1eb7t d\u00f9ng cho 3 thi\u1ebft b\u1ecb thu\u1ed9c d\u00f2ng s\u1ea3n ph\u1ea9m Wide Series (Refina), c\u00f3 m\u00e0u x\u00e1m \u00e1nh kim.<\/span><\/p>\n<p data-complete=\"true\" data-processed=\"true\"><img fetchpriority=\"high\" decoding=\"async\" class=\"aligncenter wp-image-12468 size-medium\" src=\"http:\/\/thietbidienlama.com\/wp-content\/uploads\/2025\/02\/Mat-3-Dong-Wide-Refina-Mau-Xam-Anh-Kim-WEV68030MH-Panasonic-300x300.jpg\" alt=\"M\u1eb7t 3 C\u00f4ng T\u1eafc Panasonic WEV68030MH D\u00f2ng Wide M\u00e0u X\u00e1m \u00c1nh Kim\" width=\"300\" height=\"300\" srcset=\"https:\/\/www.thietbidienlama.com\/wp-content\/uploads\/2025\/02\/Mat-3-Dong-Wide-Refina-Mau-Xam-Anh-Kim-WEV68030MH-Panasonic-300x300.jpg 300w, https:\/\/www.thietbidienlama.com\/wp-content\/uploads\/2025\/02\/Mat-3-Dong-Wide-Refina-Mau-Xam-Anh-Kim-WEV68030MH-Panasonic-150x150.jpg 150w, https:\/\/www.thietbidienlama.com\/wp-content\/uploads\/2025\/02\/Mat-3-Dong-Wide-Refina-Mau-Xam-Anh-Kim-WEV68030MH-Panasonic-12x12.jpg 12w, https:\/\/www.thietbidienlama.com\/wp-content\/uploads\/2025\/02\/Mat-3-Dong-Wide-Refina-Mau-Xam-Anh-Kim-WEV68030MH-Panasonic.jpg 500w\" sizes=\"(max-width: 300px) 100vw, 300px\" \/><\/p>\n<h3 role=\"heading\" aria-level=\"3\" data-processed=\"true\" data-complete=\"true\"><span style=\"font-size: 14pt; color: #000000;\">\u0110\u1eb7c \u0111i\u1ec3m ch\u00ednh:<\/span><\/h3>\n<ul data-complete=\"true\" data-processed=\"true\">\n<li data-hveid=\"CAEIBBAA\" data-complete=\"true\" data-sae=\"\"><span style=\"color: #000000; font-size: 12pt;\">M\u00e3 s\u1ea3n ph\u1ea9m:\u00a0WEV68030MH<\/span><\/li>\n<li data-hveid=\"CAEIBBAB\" data-complete=\"true\" data-sae=\"\"><span style=\"color: #000000; font-size: 12pt;\">Lo\u1ea1i:\u00a0M\u1eb7t d\u00f9ng cho 3 thi\u1ebft b\u1ecb (1 gang &#8211; 3 devices plate)<\/span><\/li>\n<li data-hveid=\"CAEIBBAC\" data-complete=\"true\" data-sae=\"\"><span style=\"color: #000000; font-size: 12pt;\">D\u00f2ng s\u1ea3n ph\u1ea9m:\u00a0Wide Series (Refina)<\/span><\/li>\n<li data-hveid=\"CAEIBBAD\" data-complete=\"true\" data-sae=\"\"><span style=\"color: #000000; font-size: 12pt;\">M\u00e0u s\u1eafc:\u00a0X\u00e1m \u00e1nh kim (Metallic Gray)<\/span><\/li>\n<li data-hveid=\"CAEIBBAE\" data-complete=\"true\" data-sae=\"\"><span style=\"color: #000000; font-size: 12pt;\">Ch\u1ea5t li\u1ec7u:\u00a0Th\u01b0\u1eddng l\u00e0 nh\u1ef1a Urea Resin ho\u1eb7c PC\/ABS cao c\u1ea5p, c\u00f3 kh\u1ea3 n\u0103ng c\u00e1ch \u0111i\u1ec7n t\u1ed1t v\u00e0 \u0111\u1ed9 b\u1ec1n cao.<\/span><\/li>\n<li data-hveid=\"CAEIBBAF\" data-complete=\"true\" data-sae=\"\"><span style=\"color: #000000; font-size: 12pt;\">L\u1eafp \u0111\u1eb7t:\u00a0D\u00f9ng \u0111\u1ec3 l\u1eafp \u00e2m t\u01b0\u1eddng v\u1edbi \u0111\u1ebf \u00e2m ch\u1eef nh\u1eadt ti\u00eau chu\u1ea9n.<\/span><\/li>\n<li data-hveid=\"CAEIBBAG\" data-complete=\"true\" data-sae=\"\"><span style=\"color: #000000; font-size: 12pt;\">Ti\u00eau chu\u1ea9n:\u00a0S\u1ea3n ph\u1ea9m \u0111\u1ea1t c\u00e1c ti\u00eau chu\u1ea9n ch\u1ea5t l\u01b0\u1ee3ng qu\u1ed1c t\u1ebf, \u0111\u1ea3m b\u1ea3o an to\u00e0n \u0111i\u1ec7n.<\/span><\/li>\n<li data-hveid=\"CAEIBBAH\" data-complete=\"true\" data-sae=\"\"><span style=\"color: #000000; font-size: 12pt;\">\u0110\u00f3ng g\u00f3i: 10 c\u00e1i\/h\u1ed9p, 100 c\u00e1i\/th\u00f9ng ho\u1eb7c 200 c\u00e1i\/th\u00f9ng t\u00f9y nh\u00e0 ph\u00e2n ph\u1ed1i.<\/span><\/li>\n<\/ul>\n<p data-hveid=\"CAEIBRAA\" data-complete=\"true\" data-processed=\"true\"><span style=\"color: #000000; font-size: 12pt;\">S\u1ea3n ph\u1ea9m n\u00e0y \u0111\u01b0\u1ee3c thi\u1ebft k\u1ebf tinh t\u1ebf, sang tr\u1ecdng, ph\u00f9 h\u1ee3p \u0111\u1ec3 l\u1eafp \u0111\u1eb7t 3 h\u1ea1t c\u00f4ng t\u1eafc ho\u1eb7c k\u1ebft h\u1ee3p c\u00e1c lo\u1ea1i h\u1ea1t c\u00f4ng t\u1eafc, \u1ed5 c\u1eafm \u0111\u01a1n (lo\u1ea1i to) kh\u00e1c nhau c\u1ee7a d\u00f2ng Wide Series, mang l\u1ea1i s\u1ef1 ti\u1ec7n nghi v\u00e0 th\u1ea9m m\u1ef9 cao cho kh\u00f4ng gian n\u1ed9i th\u1ea5t.<\/span><\/p>\n<p data-hveid=\"CAEIBRAA\" data-complete=\"true\" data-processed=\"true\">\n<p class=\"Y3BBE\" data-hveid=\"CAEICBAA\" data-complete=\"true\" data-processed=\"true\"><span style=\"font-size: 12pt; color: #000000;\"><strong>LI\u00caN H\u1ec6 : Hotline: 0935 228 204 ( Ms Lam )<\/strong><\/span><\/p>\n<p><span style=\"font-size: 12pt; color: #000000;\"><strong>Facebook:\u00a0<span style=\"color: #ff6600;\"><a style=\"color: #ff6600;\" href=\"https:\/\/www.facebook.com\/thietbidienlama\" target=\"_blank\" rel=\"noopener\">THI\u1ebeT\u00a0B\u1eca \u0110I\u1ec6N LAMA<\/a><\/span><\/strong><\/span><\/p>\n<p><span style=\"font-size: 12pt; color: #000000;\"><strong>Tiktok:\u00a0<span style=\"color: #ff6600;\"><a style=\"color: #ff6600;\" href=\"https:\/\/www.tiktok.com\/@thietbidienlama\" target=\"_blank\" rel=\"noopener\">THI\u1ebeT\u00a0B\u1eca \u0110I\u1ec6N LAMA<\/a><\/span><\/strong><\/span><\/p>","protected":false},"excerpt":{"rendered":"<p>M\u1eb7t 3 C\u00f4ng T\u1eafc Panasonic WEV68030MH D\u00f2ng Wide M\u00e0u X\u00e1m \u00c1nh Kim M\u1eb7t 3 c\u00f4ng t\u1eafc Panasonic WEV68030MH l\u00e0 lo\u1ea1i<\/p>","protected":false},"featured_media":12468,"comment_status":"closed","ping_status":"closed","template":"","meta":[],"product_brand":[],"product_cat":[911,954],"product_tag":[967],"class_list":{"0":"post-13550","1":"product","2":"type-product","3":"status-publish","4":"has-post-thumbnail","6":"product_cat-mat-panasonic","7":"product_cat-mat-cong-tac-panasonic","8":"product_tag-mat-3-cong-tac-panasonic","10":"first","11":"instock","12":"sale","13":"shipping-taxable","14":"purchasable","15":"product-type-simple"},"_links":{"self":[{"href":"https:\/\/www.thietbidienlama.com\/en\/wp-json\/wp\/v2\/product\/13550","targetHints":{"allow":["GET"]}}],"collection":[{"href":"https:\/\/www.thietbidienlama.com\/en\/wp-json\/wp\/v2\/product"}],"about":[{"href":"https:\/\/www.thietbidienlama.com\/en\/wp-json\/wp\/v2\/types\/product"}],"replies":[{"embeddable":true,"href":"https:\/\/www.thietbidienlama.com\/en\/wp-json\/wp\/v2\/comments?post=13550"}],"version-history":[{"count":2,"href":"https:\/\/www.thietbidienlama.com\/en\/wp-json\/wp\/v2\/product\/13550\/revisions"}],"predecessor-version":[{"id":13552,"href":"https:\/\/www.thietbidienlama.com\/en\/wp-json\/wp\/v2\/product\/13550\/revisions\/13552"}],"wp:featuredmedia":[{"embeddable":true,"href":"https:\/\/www.thietbidienlama.com\/en\/wp-json\/wp\/v2\/media\/12468"}],"wp:attachment":[{"href":"https:\/\/www.thietbidienlama.com\/en\/wp-json\/wp\/v2\/media?parent=13550"}],"wp:term":[{"taxonomy":"product_brand","embeddable":true,"href":"https:\/\/www.thietbidienlama.com\/en\/wp-json\/wp\/v2\/product_brand?post=13550"},{"taxonomy":"product_cat","embeddable":true,"href":"https:\/\/www.thietbidienlama.com\/en\/wp-json\/wp\/v2\/product_cat?post=13550"},{"taxonomy":"product_tag","embeddable":true,"href":"https:\/\/www.thietbidienlama.com\/en\/wp-json\/wp\/v2\/product_tag?post=13550"}],"curies":[{"name":"wp","href":"https:\/\/api.w.org\/{rel}","templated":true}]}}