{"id":13547,"date":"2025-11-12T14:35:40","date_gmt":"2025-11-12T07:35:40","guid":{"rendered":"https:\/\/thietbidienlama.com\/?post_type=product&#038;p=13547"},"modified":"2025-11-12T14:35:41","modified_gmt":"2025-11-12T07:35:41","slug":"mat-2-cong-tac-panasonic-wev68020mh-dong-wide","status":"publish","type":"product","link":"https:\/\/www.thietbidienlama.com\/en\/mat-2-cong-tac-panasonic-wev68020mh-dong-wide\/","title":{"rendered":"M\u1eb7t 2 C\u00f4ng T\u1eafc Panasonic WEV68020MH D\u00f2ng Wide M\u00e0u X\u00e1m \u00c1nh Kim"},"content":{"rendered":"<h2 style=\"text-align: center;\"><span style=\"color: #000000;\">M\u1eb7t 2 C\u00f4ng T\u1eafc Panasonic WEV68020MH D\u00f2ng Wide M\u00e0u X\u00e1m \u00c1nh Kim<\/span><\/h2>\n<p data-hveid=\"CAEIARAA\" data-processed=\"true\" data-complete=\"true\"><span style=\"font-size: 12pt; color: #000000;\"><strong><span style=\"color: #ff6600;\"><a style=\"color: #ff6600;\" href=\"https:\/\/thietbidienlama.com\/mat-2-cong-tac-panasonic-wev68020mh-dong-wide-mau-xam-anh-kim\/\">M\u1eb7t 2 c\u00f4ng t\u1eafc Panasonic<\/a><\/span><\/strong> WEV68020MH l\u00e0 lo\u1ea1i\u00a0m\u1eb7t d\u00f9ng cho 2 thi\u1ebft b\u1ecb\u00a0thu\u1ed9c d\u00f2ng s\u1ea3n ph\u1ea9m\u00a0Wide Series (Refina), c\u00f3 m\u00e0u\u00a0x\u00e1m \u00e1nh kim.<\/span><\/p>\n<p data-complete=\"true\" data-processed=\"true\"><span style=\"color: #000000;\"><img fetchpriority=\"high\" decoding=\"async\" class=\"aligncenter wp-image-12465 size-full\" src=\"http:\/\/thietbidienlama.com\/wp-content\/uploads\/2025\/02\/Mat-2-Dong-Wide-Refina-Mau-Xam-Anh-Kim-WEV68020MH-Panasonic.webp\" alt=\"M\u1eb7t 2 C\u00f4ng T\u1eafc Panasonic WEV68020MH D\u00f2ng Wide M\u00e0u X\u00e1m \u00c1nh Kim\" width=\"250\" height=\"229\" srcset=\"https:\/\/www.thietbidienlama.com\/wp-content\/uploads\/2025\/02\/Mat-2-Dong-Wide-Refina-Mau-Xam-Anh-Kim-WEV68020MH-Panasonic.webp 250w, https:\/\/www.thietbidienlama.com\/wp-content\/uploads\/2025\/02\/Mat-2-Dong-Wide-Refina-Mau-Xam-Anh-Kim-WEV68020MH-Panasonic-13x12.webp 13w, https:\/\/www.thietbidienlama.com\/wp-content\/uploads\/2025\/02\/Mat-2-Dong-Wide-Refina-Mau-Xam-Anh-Kim-WEV68020MH-Panasonic-150x137.webp 150w\" sizes=\"(max-width: 250px) 100vw, 250px\" \/><\/span><\/p>\n<h3 role=\"heading\" aria-level=\"3\" data-complete=\"true\" data-processed=\"true\"><span style=\"font-size: 14pt; color: #000000;\">\u0110\u1eb7c \u0111i\u1ec3m ch\u00ednh:<\/span><\/h3>\n<ul data-processed=\"true\" data-complete=\"true\">\n<li data-hveid=\"CAEIAxAA\" data-complete=\"true\" data-sae=\"\"><span style=\"font-size: 12pt; color: #000000;\">M\u00e3 s\u1ea3n ph\u1ea9m:\u00a0WEV68020MH<\/span><\/li>\n<li data-hveid=\"CAEIAxAB\" data-complete=\"true\" data-sae=\"\"><span style=\"font-size: 12pt; color: #000000;\">Lo\u1ea1i:\u00a0M\u1eb7t d\u00f9ng cho 2 thi\u1ebft b\u1ecb (2 gang &#8211; 2 device plate)<\/span><\/li>\n<li data-hveid=\"CAEIAxAC\" data-complete=\"true\" data-sae=\"\"><span style=\"font-size: 12pt; color: #000000;\">D\u00f2ng s\u1ea3n ph\u1ea9m:\u00a0Wide Series (Refina)<\/span><\/li>\n<li data-hveid=\"CAEIAxAD\" data-complete=\"true\" data-sae=\"\"><span style=\"font-size: 12pt; color: #000000;\">M\u00e0u s\u1eafc:\u00a0X\u00e1m \u00e1nh kim (Metallic Gray)<\/span><\/li>\n<li data-hveid=\"CAEIAxAE\" data-complete=\"true\" data-sae=\"\"><span style=\"font-size: 12pt; color: #000000;\">Ch\u1ea5t li\u1ec7u:\u00a0Nh\u1ef1a Urea Resin cao c\u1ea5p, b\u1ec1n b\u1ec9 v\u00e0 ch\u1ecbu nhi\u1ec7t t\u1ed1t.<\/span><\/li>\n<li data-hveid=\"CAEIAxAF\" data-complete=\"true\" data-sae=\"\"><span style=\"font-size: 12pt; color: #000000;\">K\u00edch th\u01b0\u1edbc:\u00a070 x 120 mm (r\u1ed9ng x cao)<\/span><\/li>\n<li data-hveid=\"CAEIAxAG\" data-complete=\"true\" data-sae=\"\"><span style=\"font-size: 12pt; color: #000000;\">L\u1eafp \u0111\u1eb7t:\u00a0D\u00f9ng \u0111\u1ec3 l\u1eafp \u00e2m t\u01b0\u1eddng v\u1edbi \u0111\u1ebf \u00e2m ch\u1eef nh\u1eadt ti\u00eau chu\u1ea9n.<\/span><\/li>\n<li data-hveid=\"CAEIAxAH\" data-complete=\"true\" data-sae=\"\"><span style=\"font-size: 12pt; color: #000000;\">T\u00ednh n\u0103ng:\u00a0Che \u0111\u1eady v\u00e0 b\u1ea3o v\u1ec7 ph\u1ea7n c\u01a1 kh\u00ed c\u1ee7a 2 h\u1ea1t c\u00f4ng t\u1eafc ho\u1eb7c 2 h\u1ea1t \u1ed5 c\u1eafm \u0111\u01a1n.<button tabindex=\"0\" data-amic=\"true\" data-icl-uuid=\"a6167299-9de3-43d5-8073-4350f9475727\" aria-label=\"Xem c\u00e1c \u0111\u01b0\u1eddng li\u00ean k\u1ebft c\u00f3 li\u00ean quan\" data-wiz-attrbind=\"disabled=QI5Rif_1c_C5gNJc;class=QI5Rif_1c_UpSNec;\" data-ved=\"2ahUKEwjP0IDGi-yQAxVB4zQHHXwWPLgQye0OegYIAQgDEAg\"><\/button><\/span><\/li>\n<\/ul>\n<p data-hveid=\"CAEIBBAA\" data-complete=\"true\" data-processed=\"true\"><span style=\"font-size: 12pt; color: #000000;\">S\u1ea3n ph\u1ea9m n\u00e0y th\u01b0\u1eddng \u0111\u01b0\u1ee3c s\u1eed d\u1ee5ng \u0111\u1ec3 l\u1eafp 2 h\u1ea1t c\u00f4ng t\u1eafc, v\u00ed d\u1ee5 nh\u01b0 2 c\u00f4ng t\u1eafc 1 chi\u1ec1u ho\u1eb7c 2 c\u00f4ng t\u1eafc 3 chi\u1ec1u, ho\u1eb7c k\u1ebft h\u1ee3p 1 c\u00f4ng t\u1eafc v\u1edbi 1 \u1ed5 c\u1eafm \u0111\u01a1n, t\u1ea1o s\u1ef1 \u0111\u1ed3ng b\u1ed9 v\u00e0 th\u1ea9m m\u1ef9 cho h\u1ec7 th\u1ed1ng \u0111i\u1ec7n trong nh\u00e0.<\/span><\/p>\n<p data-hveid=\"CAEIBBAA\" data-complete=\"true\" data-processed=\"true\">\n<p class=\"Y3BBE\" data-hveid=\"CAEICBAA\" data-complete=\"true\" data-processed=\"true\"><span style=\"font-size: 12pt; color: #000000;\"><strong>LI\u00caN H\u1ec6 : Hotline: 0935 228 204 ( Ms Lam )<\/strong><\/span><\/p>\n<p><span style=\"font-size: 12pt; color: #000000;\"><strong>Facebook:\u00a0<span style=\"color: #ff6600;\"><a style=\"color: #ff6600;\" href=\"https:\/\/www.facebook.com\/thietbidienlama\" target=\"_blank\" rel=\"noopener\">THI\u1ebeT\u00a0B\u1eca \u0110I\u1ec6N LAMA<\/a><\/span><\/strong><\/span><\/p>\n<p><span style=\"font-size: 12pt; color: #000000;\"><strong>Tiktok:\u00a0<span style=\"color: #ff6600;\"><a style=\"color: #ff6600;\" href=\"https:\/\/www.tiktok.com\/@thietbidienlama\" target=\"_blank\" rel=\"noopener\">THI\u1ebeT\u00a0B\u1eca \u0110I\u1ec6N LAMA<\/a><\/span><\/strong><\/span><\/p>","protected":false},"excerpt":{"rendered":"<p>M\u1eb7t 2 C\u00f4ng T\u1eafc Panasonic WEV68020MH D\u00f2ng Wide M\u00e0u X\u00e1m \u00c1nh Kim M\u1eb7t 2 c\u00f4ng t\u1eafc Panasonic WEV68020MH l\u00e0 lo\u1ea1i\u00a0m\u1eb7t<\/p>","protected":false},"featured_media":12465,"comment_status":"closed","ping_status":"closed","template":"","meta":[],"product_brand":[],"product_cat":[911,954],"product_tag":[965],"class_list":{"0":"post-13547","1":"product","2":"type-product","3":"status-publish","4":"has-post-thumbnail","6":"product_cat-mat-panasonic","7":"product_cat-mat-cong-tac-panasonic","8":"product_tag-mat-2-cong-tac-panasonic","10":"first","11":"instock","12":"sale","13":"shipping-taxable","14":"purchasable","15":"product-type-simple"},"_links":{"self":[{"href":"https:\/\/www.thietbidienlama.com\/en\/wp-json\/wp\/v2\/product\/13547","targetHints":{"allow":["GET"]}}],"collection":[{"href":"https:\/\/www.thietbidienlama.com\/en\/wp-json\/wp\/v2\/product"}],"about":[{"href":"https:\/\/www.thietbidienlama.com\/en\/wp-json\/wp\/v2\/types\/product"}],"replies":[{"embeddable":true,"href":"https:\/\/www.thietbidienlama.com\/en\/wp-json\/wp\/v2\/comments?post=13547"}],"version-history":[{"count":2,"href":"https:\/\/www.thietbidienlama.com\/en\/wp-json\/wp\/v2\/product\/13547\/revisions"}],"predecessor-version":[{"id":13549,"href":"https:\/\/www.thietbidienlama.com\/en\/wp-json\/wp\/v2\/product\/13547\/revisions\/13549"}],"wp:featuredmedia":[{"embeddable":true,"href":"https:\/\/www.thietbidienlama.com\/en\/wp-json\/wp\/v2\/media\/12465"}],"wp:attachment":[{"href":"https:\/\/www.thietbidienlama.com\/en\/wp-json\/wp\/v2\/media?parent=13547"}],"wp:term":[{"taxonomy":"product_brand","embeddable":true,"href":"https:\/\/www.thietbidienlama.com\/en\/wp-json\/wp\/v2\/product_brand?post=13547"},{"taxonomy":"product_cat","embeddable":true,"href":"https:\/\/www.thietbidienlama.com\/en\/wp-json\/wp\/v2\/product_cat?post=13547"},{"taxonomy":"product_tag","embeddable":true,"href":"https:\/\/www.thietbidienlama.com\/en\/wp-json\/wp\/v2\/product_tag?post=13547"}],"curies":[{"name":"wp","href":"https:\/\/api.w.org\/{rel}","templated":true}]}}