{"id":13540,"date":"2025-11-12T13:36:38","date_gmt":"2025-11-12T06:36:38","guid":{"rendered":"https:\/\/thietbidienlama.com\/?post_type=product&#038;p=13540"},"modified":"2025-11-12T13:39:12","modified_gmt":"2025-11-12T06:39:12","slug":"mat-2-cong-tac-panasonic","status":"publish","type":"product","link":"https:\/\/www.thietbidienlama.com\/en\/mat-2-cong-tac-panasonic\/","title":{"rendered":"M\u1eb7t 2 C\u00f4ng T\u1eafc Panasonic WEVH68020 D\u00f2ng Halumie M\u00e0u Tr\u1eafng"},"content":{"rendered":"<h2 style=\"text-align: center;\" data-hveid=\"CAEIAhAA\" data-processed=\"true\" data-complete=\"true\"><span style=\"color: #000000;\">M\u1eb7t 2 C\u00f4ng T\u1eafc Panasonic WEVH68020 D\u00f2ng Halumie M\u00e0u Tr\u1eafng<\/span><\/h2>\n<p data-hveid=\"CAEIAhAA\" data-processed=\"true\" data-complete=\"true\"><span style=\"color: #000000; font-size: 12pt;\"><strong><span style=\"color: #ff6600;\"><a style=\"color: #ff6600;\" href=\"https:\/\/thietbidienlama.com\/mat-2-cong-tac-panasonic\/\">M\u1eb7t 2 c\u00f4ng t\u1eafc Panasonic<\/a><\/span><\/strong> WEVH68020 d\u00f2ng Halumie m\u00e0u tr\u1eafng l\u00e0 m\u1eb7t che (plate) \u0111\u01b0\u1ee3c thi\u1ebft k\u1ebf cho hai thi\u1ebft b\u1ecb (c\u00f4ng t\u1eafc ho\u1eb7c \u1ed5 c\u1eafm), n\u1ed5i b\u1eadt v\u1edbi thi\u1ebft k\u1ebf \u0111\u01a1n gi\u1ea3n, tinh t\u1ebf, v\u00e0 \u0111\u1ed9 b\u1ec1n cao, ph\u00f9 h\u1ee3p v\u1edbi nhi\u1ec1u kh\u00f4ng gian n\u1ed9i th\u1ea5t.<\/span><\/p>\n<p data-complete=\"true\" data-processed=\"true\"><img fetchpriority=\"high\" decoding=\"async\" class=\"aligncenter wp-image-12519 size-medium\" src=\"http:\/\/thietbidienlama.com\/wp-content\/uploads\/2025\/02\/Mat-2-Thiet-Bi-Dong-Halumie-Mau-Trang-WEVH68020-Panasonic-300x300.jpg\" alt=\"M\u1eb7t 2 C\u00f4ng T\u1eafc Panasonic WEVH68020 D\u00f2ng Halumie M\u00e0u Tr\u1eafng\" width=\"300\" height=\"300\" srcset=\"https:\/\/www.thietbidienlama.com\/wp-content\/uploads\/2025\/02\/Mat-2-Thiet-Bi-Dong-Halumie-Mau-Trang-WEVH68020-Panasonic-300x300.jpg 300w, https:\/\/www.thietbidienlama.com\/wp-content\/uploads\/2025\/02\/Mat-2-Thiet-Bi-Dong-Halumie-Mau-Trang-WEVH68020-Panasonic-150x150.jpg 150w, https:\/\/www.thietbidienlama.com\/wp-content\/uploads\/2025\/02\/Mat-2-Thiet-Bi-Dong-Halumie-Mau-Trang-WEVH68020-Panasonic-12x12.jpg 12w, https:\/\/www.thietbidienlama.com\/wp-content\/uploads\/2025\/02\/Mat-2-Thiet-Bi-Dong-Halumie-Mau-Trang-WEVH68020-Panasonic.jpg 500w\" sizes=\"(max-width: 300px) 100vw, 300px\" \/><\/p>\n<h3 role=\"heading\" aria-level=\"3\" data-processed=\"true\" data-complete=\"true\"><span style=\"color: #000000; font-size: 14pt;\">\u0110\u1eb7c \u0111i\u1ec3m n\u1ed5i b\u1eadt<\/span><\/h3>\n<ul data-complete=\"true\" data-processed=\"true\">\n<li data-hveid=\"CAEIBBAA\" data-complete=\"true\" data-sae=\"\"><span style=\"color: #000000; font-size: 12pt;\">Thi\u1ebft k\u1ebf:\u00a0M\u1eb7t c\u00f4ng t\u1eafc c\u00f3 ki\u1ec3u d\u00e1ng h\u00ecnh ch\u1eef nh\u1eadt vu\u00f4ng v\u1ee9c,\u00a0m\u00e0u tr\u1eafng tuy\u1ebft\u00a0t\u1ea1o s\u1ef1 thanh l\u1ecbch v\u00e0 trang nh\u00e3.<\/span><\/li>\n<li data-hveid=\"CAEIBBAB\" data-complete=\"true\" data-sae=\"\"><span style=\"color: #000000; font-size: 12pt;\">Ch\u1ea5t li\u1ec7u:\u00a0\u0110\u01b0\u1ee3c l\u00e0m t\u1eeb\u00a0nh\u1ef1a c\u00e1ch \u0111i\u1ec7n ch\u1ea5t l\u01b0\u1ee3ng cao, s\u1ea3n xu\u1ea5t theo c\u00f4ng ngh\u1ec7 hi\u1ec7n \u0111\u1ea1i c\u1ee7a Nh\u1eadt B\u1ea3n, mang l\u1ea1i \u0111\u1ed9 b\u1ec1n cao v\u00e0 an to\u00e0n khi s\u1eed d\u1ee5ng.<\/span><\/li>\n<li data-hveid=\"CAEIBBAC\" data-complete=\"true\" data-sae=\"\"><span style=\"color: #000000; font-size: 12pt;\">T\u00ednh n\u0103ng:\u00a0S\u1ea3n ph\u1ea9m gi\u00fap che ch\u1eafn, b\u1ea3o v\u1ec7 c\u00e1c h\u1ea1t c\u00f4ng t\u1eafc ho\u1eb7c \u1ed5 c\u1eafm kh\u1ecfi b\u1ee5i b\u1ea9n v\u00e0 c\u00e1c t\u00e1c nh\u00e2n g\u00e2y h\u01b0 h\u1ecfng, \u0111\u1ed3ng th\u1eddi t\u0103ng t\u00ednh th\u1ea9m m\u1ef9 cho khu v\u1ef1c l\u1eafp \u0111\u1eb7t.<\/span><\/li>\n<li data-hveid=\"CAEIBBAD\" data-complete=\"true\" data-sae=\"\"><span style=\"color: #000000; font-size: 12pt;\">Kh\u1ea3 n\u0103ng t\u01b0\u01a1ng th\u00edch:\u00a0T\u01b0\u01a1ng th\u00edch ho\u00e0n h\u1ea3o v\u1edbi c\u00e1c lo\u1ea1i h\u1ea1t c\u00f4ng t\u1eafc v\u00e0 \u1ed5 c\u1eafm thu\u1ed9c\u00a0d\u00f2ng Halumie\u00a0c\u1ee7a Panasonic.<\/span><\/li>\n<li data-hveid=\"CAEIBBAE\" data-complete=\"true\" data-sae=\"\"><span style=\"color: #000000; font-size: 12pt;\">Th\u00f4ng s\u1ed1:\u00a0K\u00edch th\u01b0\u1edbc ti\u00eau chu\u1ea9n l\u00e0\u00a0120x70mm.<\/span><\/li>\n<\/ul>\n<p>&nbsp;<\/p>\n<p class=\"Y3BBE\" data-hveid=\"CAEICBAA\" data-complete=\"true\" data-processed=\"true\"><span style=\"font-size: 12pt; color: #000000;\"><strong>LI\u00caN H\u1ec6 : Hotline: 0935 228 204 ( Ms Lam )<\/strong><\/span><\/p>\n<p><span style=\"font-size: 12pt; color: #000000;\"><strong>Facebook:\u00a0<span style=\"color: #ff6600;\"><a style=\"color: #ff6600;\" href=\"https:\/\/www.facebook.com\/thietbidienlama\" target=\"_blank\" rel=\"noopener\">THI\u1ebeT\u00a0B\u1eca \u0110I\u1ec6N LAMA<\/a><\/span><\/strong><\/span><\/p>\n<p><span style=\"font-size: 12pt; color: #000000;\"><strong>Tiktok:\u00a0<span style=\"color: #ff6600;\"><a style=\"color: #ff6600;\" href=\"https:\/\/www.tiktok.com\/@thietbidienlama\" target=\"_blank\" rel=\"noopener\">THI\u1ebeT\u00a0B\u1eca \u0110I\u1ec6N LAMA<\/a><\/span><\/strong><\/span><\/p>","protected":false},"excerpt":{"rendered":"<p>M\u1eb7t 2 C\u00f4ng T\u1eafc Panasonic WEVH68020 D\u00f2ng Halumie M\u00e0u Tr\u1eafng M\u1eb7t 2 c\u00f4ng t\u1eafc Panasonic WEVH68020 d\u00f2ng Halumie m\u00e0u tr\u1eafng<\/p>","protected":false},"featured_media":12519,"comment_status":"closed","ping_status":"closed","template":"","meta":[],"product_brand":[],"product_cat":[954,911],"product_tag":[965],"class_list":{"0":"post-13540","1":"product","2":"type-product","3":"status-publish","4":"has-post-thumbnail","6":"product_cat-mat-cong-tac-panasonic","7":"product_cat-mat-panasonic","8":"product_tag-mat-2-cong-tac-panasonic","10":"first","11":"instock","12":"sale","13":"shipping-taxable","14":"purchasable","15":"product-type-simple"},"_links":{"self":[{"href":"https:\/\/www.thietbidienlama.com\/en\/wp-json\/wp\/v2\/product\/13540","targetHints":{"allow":["GET"]}}],"collection":[{"href":"https:\/\/www.thietbidienlama.com\/en\/wp-json\/wp\/v2\/product"}],"about":[{"href":"https:\/\/www.thietbidienlama.com\/en\/wp-json\/wp\/v2\/types\/product"}],"replies":[{"embeddable":true,"href":"https:\/\/www.thietbidienlama.com\/en\/wp-json\/wp\/v2\/comments?post=13540"}],"version-history":[{"count":2,"href":"https:\/\/www.thietbidienlama.com\/en\/wp-json\/wp\/v2\/product\/13540\/revisions"}],"predecessor-version":[{"id":13542,"href":"https:\/\/www.thietbidienlama.com\/en\/wp-json\/wp\/v2\/product\/13540\/revisions\/13542"}],"wp:featuredmedia":[{"embeddable":true,"href":"https:\/\/www.thietbidienlama.com\/en\/wp-json\/wp\/v2\/media\/12519"}],"wp:attachment":[{"href":"https:\/\/www.thietbidienlama.com\/en\/wp-json\/wp\/v2\/media?parent=13540"}],"wp:term":[{"taxonomy":"product_brand","embeddable":true,"href":"https:\/\/www.thietbidienlama.com\/en\/wp-json\/wp\/v2\/product_brand?post=13540"},{"taxonomy":"product_cat","embeddable":true,"href":"https:\/\/www.thietbidienlama.com\/en\/wp-json\/wp\/v2\/product_cat?post=13540"},{"taxonomy":"product_tag","embeddable":true,"href":"https:\/\/www.thietbidienlama.com\/en\/wp-json\/wp\/v2\/product_tag?post=13540"}],"curies":[{"name":"wp","href":"https:\/\/api.w.org\/{rel}","templated":true}]}}