{"id":13474,"date":"2025-11-03T10:02:35","date_gmt":"2025-11-03T03:02:35","guid":{"rendered":"https:\/\/thietbidienlama.com\/?post_type=product&#038;p=13474"},"modified":"2025-11-03T10:02:35","modified_gmt":"2025-11-03T03:02:35","slug":"mat-che-o-cam-dien-ngoai-troi-panasonic-weg7903hk-vn-mau-xam","status":"publish","type":"product","link":"https:\/\/www.thietbidienlama.com\/en\/mat-che-o-cam-dien-ngoai-troi-panasonic-weg7903hk-vn-mau-xam\/","title":{"rendered":"M\u1eb7t Che \u1ed4 C\u1eafm \u0110i\u1ec7n Ngo\u00e0i Tr\u1eddi Panasonic WEG7903HK-VN &#8211; M\u00e0u X\u00e1m"},"content":{"rendered":"<h2 style=\"text-align: center;\"><span style=\"color: #000000;\">M\u1eb7t Che \u1ed4 C\u1eafm \u0110i\u1ec7n Ngo\u00e0i Tr\u1eddi Panasonic WEG7903HK-VN &#8211; M\u00e0u X\u00e1m<\/span><\/h2>\n<p class=\"Y3BBE\" data-hveid=\"CAIQAA\" data-complete=\"true\" data-processed=\"true\"><span style=\"font-size: 12pt; color: #000000;\"><strong class=\"Yjhzub\" data-complete=\"true\" data-processed=\"true\"><span class=\"T286Pc\" data-sfc-cp=\"\" data-complete=\"true\" data-processed=\"true\"><span style=\"color: #ff6600;\"><a style=\"color: #ff6600;\" href=\"https:\/\/thietbidienlama.com\/mat-che-o-cam-dien-ngoai-troi-panasonic\/\">M\u1eb7t che \u1ed5 c\u1eafm \u0111i\u1ec7n ngo\u00e0i tr\u1eddi Panasonic<\/a><\/span> WEG7903HK-VN &#8211; M\u00e0u x\u00e1m<\/span><\/strong>\u00a0thu\u1ed9c d\u00f2ng s\u1ea3n ph\u1ea9m Wide Series c\u1ee7a th\u01b0\u01a1ng hi\u1ec7u Panasonic. S\u1ea3n ph\u1ea9m n\u00e0y \u0111\u01b0\u1ee3c thi\u1ebft k\u1ebf \u0111\u1ec3 b\u1ea3o v\u1ec7 \u1ed5 c\u1eafm v\u00e0 c\u00f4ng t\u1eafc \u0111i\u1ec7n l\u1eafp \u0111\u1eb7t ngo\u00e0i tr\u1eddi, ch\u1ed1ng l\u1ea1i c\u00e1c t\u00e1c \u0111\u1ed9ng c\u1ee7a n\u01b0\u1edbc m\u01b0a, b\u1ee5i b\u1ea9n v\u00e0 \u1ea9m \u01b0\u1edbt.<\/span><\/p>\n<p class=\"Fsg96\" data-complete=\"true\" data-processed=\"true\"><img fetchpriority=\"high\" decoding=\"async\" class=\"aligncenter wp-image-12459 size-medium\" src=\"http:\/\/thietbidienlama.com\/wp-content\/uploads\/2025\/02\/Mat-3-Che-Mua-Dong-Wide-Mau-Xam-WEG7903HK-VN-Panasonic-300x300.jpg\" alt=\"M\u1eb7t Che \u1ed4 C\u1eafm \u0110i\u1ec7n Ngo\u00e0i Tr\u1eddi Panasonic WEG7903HK-VN - M\u00e0u X\u00e1m\" width=\"300\" height=\"300\" srcset=\"https:\/\/www.thietbidienlama.com\/wp-content\/uploads\/2025\/02\/Mat-3-Che-Mua-Dong-Wide-Mau-Xam-WEG7903HK-VN-Panasonic-300x300.jpg 300w, https:\/\/www.thietbidienlama.com\/wp-content\/uploads\/2025\/02\/Mat-3-Che-Mua-Dong-Wide-Mau-Xam-WEG7903HK-VN-Panasonic-150x150.jpg 150w, https:\/\/www.thietbidienlama.com\/wp-content\/uploads\/2025\/02\/Mat-3-Che-Mua-Dong-Wide-Mau-Xam-WEG7903HK-VN-Panasonic-12x12.jpg 12w, https:\/\/www.thietbidienlama.com\/wp-content\/uploads\/2025\/02\/Mat-3-Che-Mua-Dong-Wide-Mau-Xam-WEG7903HK-VN-Panasonic.jpg 500w\" sizes=\"(max-width: 300px) 100vw, 300px\" \/><\/p>\n<h3 class=\"otQkpb\" role=\"heading\" aria-level=\"3\" data-processed=\"true\" data-complete=\"true\"><span style=\"font-size: 14pt; color: #000000;\">Th\u00f4ng s\u1ed1 k\u1ef9 thu\u1eadt<\/span><\/h3>\n<ul class=\"KsbFXc U6u95\" data-complete=\"true\" data-processed=\"true\">\n<li data-hveid=\"CAQQAA\" data-complete=\"true\" data-sae=\"\"><span class=\"T286Pc\" style=\"font-size: 12pt; color: #000000;\" data-sfc-cp=\"\" data-complete=\"true\"><strong class=\"Yjhzub\" data-complete=\"true\">M\u00e3 s\u1ea3n ph\u1ea9m:<\/strong>\u00a0WEG7903HK-VN<\/span><\/li>\n<li data-hveid=\"CAQQAQ\" data-complete=\"true\" data-sae=\"\"><span class=\"T286Pc\" style=\"font-size: 12pt; color: #000000;\" data-sfc-cp=\"\" data-complete=\"true\"><strong class=\"Yjhzub\" data-complete=\"true\">Th\u01b0\u01a1ng hi\u1ec7u:<\/strong>\u00a0Panasonic<\/span><\/li>\n<li data-hveid=\"CAQQAg\" data-complete=\"true\" data-sae=\"\"><span class=\"T286Pc\" style=\"font-size: 12pt; color: #000000;\" data-sfc-cp=\"\" data-complete=\"true\"><strong class=\"Yjhzub\" data-complete=\"true\">D\u00f2ng s\u1ea3n ph\u1ea9m:<\/strong>\u00a0Wide Series<\/span><\/li>\n<li data-hveid=\"CAQQAw\" data-complete=\"true\" data-sae=\"\"><span class=\"T286Pc\" style=\"font-size: 12pt; color: #000000;\" data-sfc-cp=\"\" data-complete=\"true\"><strong class=\"Yjhzub\" data-complete=\"true\">Lo\u1ea1i:<\/strong> M\u1eb7t che \u1ed5 c\u1eafm \u0111i\u1ec7n ngo\u00e0i tr\u1eddi panasonic<\/span><\/li>\n<li data-hveid=\"CAQQBA\" data-complete=\"true\" data-sae=\"\"><span class=\"T286Pc\" style=\"font-size: 12pt; color: #000000;\" data-sfc-cp=\"\" data-complete=\"true\"><strong class=\"Yjhzub\" data-complete=\"true\">M\u00e0u s\u1eafc:<\/strong>\u00a0X\u00e1m<\/span><\/li>\n<li data-hveid=\"CAQQBQ\" data-complete=\"true\" data-sae=\"\"><span class=\"T286Pc\" style=\"font-size: 12pt; color: #000000;\" data-sfc-cp=\"\" data-complete=\"true\"><strong class=\"Yjhzub\" data-complete=\"true\">Ch\u1ec9 s\u1ed1 b\u1ea3o v\u1ec7 (IP):<\/strong>\u00a0IP55 (ch\u1ed1ng b\u1ee5i x\u00e2m nh\u1eadp \u1edf m\u1ee9c \u0111\u1ed9 v\u1eeba v\u00e0 ch\u1ed1ng tia n\u01b0\u1edbc \u00e1p l\u1ef1c th\u1ea5p t\u1eeb m\u1ecdi h\u01b0\u1edbng)<\/span><\/li>\n<li data-hveid=\"CAQQBg\" data-complete=\"true\" data-sae=\"\"><span class=\"T286Pc\" style=\"font-size: 12pt; color: #000000;\" data-sfc-cp=\"\" data-complete=\"true\"><strong class=\"Yjhzub\" data-complete=\"true\">V\u1ecb tr\u00ed l\u1eafp \u0111\u1eb7t:<\/strong>\u00a0G\u1eafn t\u01b0\u1eddng, che m\u01b0a n\u1eafng cho c\u00e1c thi\u1ebft b\u1ecb \u0111i\u1ec7n<\/span><\/li>\n<li data-hveid=\"CAQQBw\" data-complete=\"true\" data-sae=\"\"><span class=\"T286Pc\" style=\"font-size: 12pt; color: #000000;\" data-sfc-cp=\"\" data-complete=\"true\"><strong class=\"Yjhzub\" data-complete=\"true\">Ch\u1ea5t li\u1ec7u:<\/strong>\u00a0Nh\u1ef1a Polycabonat, ch\u1ed1ng \u1ed1 v\u00e0ng theo th\u1eddi gian<\/span><\/li>\n<li data-hveid=\"CAQQCA\" data-complete=\"true\" data-sae=\"\"><span class=\"T286Pc\" style=\"font-size: 12pt; color: #000000;\" data-sfc-cp=\"\" data-complete=\"true\"><strong class=\"Yjhzub\" data-complete=\"true\">\u0110\u00f3ng g\u00f3i:<\/strong>\u00a05 c\u00e1i\/h\u1ed9p, 50 c\u00e1i\/th\u00f9ng<\/span><\/li>\n<li data-hveid=\"CAQQCQ\" data-complete=\"true\" data-sae=\"\"><span class=\"T286Pc\" style=\"font-size: 12pt; color: #000000;\" data-sfc-cp=\"\" data-complete=\"true\"><strong class=\"Yjhzub\" data-complete=\"true\">B\u1ea3o h\u00e0nh:<\/strong>\u00a012-24 th\u00e1ng, t\u00f9y thu\u1ed9c v\u00e0o nh\u00e0 ph\u00e2n ph\u1ed1i<\/span><\/li>\n<\/ul>\n<p class=\"Fsg96\" data-complete=\"true\" data-processed=\"true\">\n<h3 class=\"otQkpb\" role=\"heading\" aria-level=\"3\" data-processed=\"true\" data-complete=\"true\"><span style=\"font-size: 14pt; color: #000000;\">\u0110\u1eb7c \u0111i\u1ec3m n\u1ed5i b\u1eadt<\/span><\/h3>\n<ul class=\"KsbFXc U6u95\" data-complete=\"true\" data-processed=\"true\">\n<li data-hveid=\"CAYQAA\" data-complete=\"true\" data-sae=\"\"><span class=\"T286Pc\" style=\"font-size: 12pt; color: #000000;\" data-sfc-cp=\"\" data-complete=\"true\"><strong class=\"Yjhzub\" data-complete=\"true\">Ch\u1ed1ng th\u1ea5m n\u01b0\u1edbc v\u00e0 \u1ea9m t\u1ed1t:<\/strong>\u00a0V\u1edbi ti\u00eau chu\u1ea9n IP55, s\u1ea3n ph\u1ea9m \u0111\u1ea3m b\u1ea3o c\u00e1c thi\u1ebft b\u1ecb \u0111i\u1ec7n b\u00ean trong \u0111\u01b0\u1ee3c b\u1ea3o v\u1ec7 an to\u00e0n kh\u1ecfi c\u00e1c \u0111i\u1ec1u ki\u1ec7n th\u1eddi ti\u1ebft kh\u1eafc nghi\u1ec7t.<\/span><\/li>\n<li data-hveid=\"CAYQAQ\" data-complete=\"true\" data-sae=\"\"><span class=\"T286Pc\" style=\"font-size: 12pt; color: #000000;\" data-sfc-cp=\"\" data-complete=\"true\"><strong class=\"Yjhzub\" data-complete=\"true\">Thi\u1ebft k\u1ebf th\u1ea9m m\u1ef9:<\/strong>\u00a0M\u1eb7t che c\u00f3 m\u00e0u x\u00e1m tinh t\u1ebf, nh\u00e3 nh\u1eb7n, d\u1ec5 d\u00e0ng ph\u1ed1i h\u1ee3p v\u1edbi nhi\u1ec1u kh\u00f4ng gian ngo\u1ea1i th\u1ea5t kh\u00e1c nhau.<\/span><\/li>\n<li data-hveid=\"CAYQAg\" data-complete=\"true\" data-sae=\"\"><span class=\"T286Pc\" style=\"font-size: 12pt; color: #000000;\" data-sfc-cp=\"\" data-complete=\"true\"><strong class=\"Yjhzub\" data-complete=\"true\">\u0110\u1ed9 b\u1ec1n cao:<\/strong>\u00a0\u0110\u01b0\u1ee3c l\u00e0m t\u1eeb ch\u1ea5t li\u1ec7u nh\u1ef1a Polycabonat cao c\u1ea5p, s\u1ea3n ph\u1ea9m b\u1ec1n b\u1ec9, kh\u00f4ng b\u1ecb \u1ed1 v\u00e0ng theo th\u1eddi gian, t\u0103ng tu\u1ed5i th\u1ecd v\u00e0 \u0111\u1ed9 b\u1ec1n cho thi\u1ebft b\u1ecb \u0111i\u1ec7n.<\/span><\/li>\n<li data-hveid=\"CAYQAw\" data-complete=\"true\" data-sae=\"\"><span class=\"T286Pc\" style=\"font-size: 12pt; color: #000000;\" data-sfc-cp=\"\" data-complete=\"true\"><strong class=\"Yjhzub\" data-complete=\"true\">Ph\u00f9 h\u1ee3p nhi\u1ec1u m\u1ee5c \u0111\u00edch:<\/strong>\u00a0C\u00f3 th\u1ec3 d\u00f9ng cho c\u1ea3 c\u00f4ng tr\u00ecnh d\u00e2n d\u1ee5ng l\u1eabn c\u00f4ng nghi\u1ec7p.<\/span><\/li>\n<\/ul>\n<p>&nbsp;<\/p>\n<p class=\"Y3BBE\" data-hveid=\"CAEICBAA\" data-complete=\"true\" data-processed=\"true\"><span style=\"font-size: 12pt; color: #000000;\"><strong>LI\u00caN H\u1ec6 : Hotline: 0935 228 204 ( Ms Lam )<\/strong><\/span><\/p>\n<p><span style=\"font-size: 12pt; color: #000000;\"><strong>Facebook:\u00a0<span style=\"color: #ff6600;\"><a style=\"color: #ff6600;\" href=\"https:\/\/www.facebook.com\/thietbidienlama\" target=\"_blank\" rel=\"noopener\">THI\u1ebeT\u00a0B\u1eca \u0110I\u1ec6N LAMA<\/a><\/span><\/strong><\/span><\/p>\n<p><span style=\"font-size: 12pt; color: #000000;\"><strong>Tiktok:\u00a0<span style=\"color: #ff6600;\"><a style=\"color: #ff6600;\" href=\"https:\/\/www.tiktok.com\/@thietbidienlama\" target=\"_blank\" rel=\"noopener\">THI\u1ebeT\u00a0B\u1eca \u0110I\u1ec6N LAMA<\/a><\/span><\/strong><\/span><\/p>","protected":false},"excerpt":{"rendered":"<p>M\u1eb7t Che \u1ed4 C\u1eafm \u0110i\u1ec7n Ngo\u00e0i Tr\u1eddi Panasonic WEG7903HK-VN &#8211; M\u00e0u X\u00e1m M\u1eb7t che \u1ed5 c\u1eafm \u0111i\u1ec7n ngo\u00e0i tr\u1eddi Panasonic<\/p>","protected":false},"featured_media":12459,"comment_status":"closed","ping_status":"closed","template":"","meta":[],"product_brand":[],"product_cat":[954,911],"product_tag":[961],"class_list":{"0":"post-13474","1":"product","2":"type-product","3":"status-publish","4":"has-post-thumbnail","6":"product_cat-mat-cong-tac-panasonic","7":"product_cat-mat-panasonic","8":"product_tag-mat-che-o-cam-dien-ngoai-troi-panasonic","10":"first","11":"instock","12":"sale","13":"shipping-taxable","14":"purchasable","15":"product-type-simple"},"_links":{"self":[{"href":"https:\/\/www.thietbidienlama.com\/en\/wp-json\/wp\/v2\/product\/13474","targetHints":{"allow":["GET"]}}],"collection":[{"href":"https:\/\/www.thietbidienlama.com\/en\/wp-json\/wp\/v2\/product"}],"about":[{"href":"https:\/\/www.thietbidienlama.com\/en\/wp-json\/wp\/v2\/types\/product"}],"replies":[{"embeddable":true,"href":"https:\/\/www.thietbidienlama.com\/en\/wp-json\/wp\/v2\/comments?post=13474"}],"version-history":[{"count":2,"href":"https:\/\/www.thietbidienlama.com\/en\/wp-json\/wp\/v2\/product\/13474\/revisions"}],"predecessor-version":[{"id":13476,"href":"https:\/\/www.thietbidienlama.com\/en\/wp-json\/wp\/v2\/product\/13474\/revisions\/13476"}],"wp:featuredmedia":[{"embeddable":true,"href":"https:\/\/www.thietbidienlama.com\/en\/wp-json\/wp\/v2\/media\/12459"}],"wp:attachment":[{"href":"https:\/\/www.thietbidienlama.com\/en\/wp-json\/wp\/v2\/media?parent=13474"}],"wp:term":[{"taxonomy":"product_brand","embeddable":true,"href":"https:\/\/www.thietbidienlama.com\/en\/wp-json\/wp\/v2\/product_brand?post=13474"},{"taxonomy":"product_cat","embeddable":true,"href":"https:\/\/www.thietbidienlama.com\/en\/wp-json\/wp\/v2\/product_cat?post=13474"},{"taxonomy":"product_tag","embeddable":true,"href":"https:\/\/www.thietbidienlama.com\/en\/wp-json\/wp\/v2\/product_tag?post=13474"}],"curies":[{"name":"wp","href":"https:\/\/api.w.org\/{rel}","templated":true}]}}