{"id":13472,"date":"2025-11-03T09:29:43","date_gmt":"2025-11-03T02:29:43","guid":{"rendered":"https:\/\/thietbidienlama.com\/?post_type=product&#038;p=13472"},"modified":"2025-11-03T09:29:44","modified_gmt":"2025-11-03T02:29:44","slug":"nap-che-o-dien-ngoai-troi-panasonic","status":"publish","type":"product","link":"https:\/\/www.thietbidienlama.com\/en\/nap-che-o-dien-ngoai-troi-panasonic\/","title":{"rendered":"N\u1eafp Che \u1ed4 \u0110i\u1ec7n Ngo\u00e0i Tr\u1eddi Panasonic M\u1eb7t 1 M\u00e0u beige WEG7901K-VN"},"content":{"rendered":"<h2 style=\"text-align: center;\"><span style=\"color: #000000;\">N\u1eafp Che \u1ed4 \u0110i\u1ec7n Ngo\u00e0i Tr\u1eddi Panasonic M\u1eb7t 1 M\u00e0u beige WEG7901K-VN<\/span><\/h2>\n<p class=\"Y3BBE\" data-hveid=\"CAMQAA\" data-complete=\"true\" data-processed=\"true\"><span style=\"font-size: 12pt; color: #000000;\"><strong class=\"Yjhzub\" data-complete=\"true\" data-processed=\"true\"><span style=\"color: #ff6600;\"><a style=\"color: #ff6600;\" href=\"https:\/\/thietbidienlama.com\/nap-che-o-dien-ngoai-troi-panasonic\/\">N\u1eafp che \u1ed5 \u0111i\u1ec7n ngo\u00e0i tr\u1eddi Panasonic<\/a><\/span> WEG7901K-VN<\/strong>\u00a0l\u00e0 s\u1ea3n ph\u1ea9m thu\u1ed9c d\u00f2ng\u00a0<em class=\"eujQNb\" data-complete=\"true\" data-processed=\"true\">Wide Series<\/em>, \u0111\u01b0\u1ee3c thi\u1ebft k\u1ebf \u0111\u1ec3 b\u1ea3o v\u1ec7 c\u00e1c thi\u1ebft b\u1ecb \u0111i\u1ec7n nh\u01b0 c\u00f4ng t\u1eafc ho\u1eb7c \u1ed5 c\u1eafm kh\u1ecfi t\u00e1c \u0111\u1ed9ng c\u1ee7a th\u1eddi ti\u1ebft b\u00ean ngo\u00e0i.<\/span><\/p>\n<p data-hveid=\"CAMQAA\" data-complete=\"true\" data-processed=\"true\"><img fetchpriority=\"high\" decoding=\"async\" class=\"aligncenter wp-image-12451 size-medium\" src=\"http:\/\/thietbidienlama.com\/wp-content\/uploads\/2025\/02\/Mat-1-Che-Mua-Dong-Wide-Mau-Nau-WEG7901K-VN-Panasonic-300x300.jpg\" alt=\"N\u1eafp Che \u1ed4 \u0110i\u1ec7n Ngo\u00e0i Tr\u1eddi Panasonic M\u1eb7t 1 M\u00e0u beige WEG7901K-VN\" width=\"300\" height=\"300\" srcset=\"https:\/\/www.thietbidienlama.com\/wp-content\/uploads\/2025\/02\/Mat-1-Che-Mua-Dong-Wide-Mau-Nau-WEG7901K-VN-Panasonic-300x300.jpg 300w, https:\/\/www.thietbidienlama.com\/wp-content\/uploads\/2025\/02\/Mat-1-Che-Mua-Dong-Wide-Mau-Nau-WEG7901K-VN-Panasonic-150x150.jpg 150w, https:\/\/www.thietbidienlama.com\/wp-content\/uploads\/2025\/02\/Mat-1-Che-Mua-Dong-Wide-Mau-Nau-WEG7901K-VN-Panasonic-12x12.jpg 12w, https:\/\/www.thietbidienlama.com\/wp-content\/uploads\/2025\/02\/Mat-1-Che-Mua-Dong-Wide-Mau-Nau-WEG7901K-VN-Panasonic.jpg 500w\" sizes=\"(max-width: 300px) 100vw, 300px\" \/><\/p>\n<ul class=\"KsbFXc U6u95\" data-complete=\"true\" data-processed=\"true\">\n<li data-hveid=\"CAQQAA\" data-complete=\"true\" data-sae=\"\"><span class=\"T286Pc\" style=\"font-size: 12pt; color: #000000;\" data-sfc-cp=\"\" data-complete=\"true\"><strong class=\"Yjhzub\" data-complete=\"true\">Ch\u1ed1ng n\u01b0\u1edbc, ch\u1ed1ng \u1ea9m:<\/strong>\u00a0V\u1edbi ti\u00eau chu\u1ea9n ch\u1ed1ng n\u01b0\u1edbc\u00a0<strong class=\"Yjhzub\" data-complete=\"true\">IP55<\/strong>, m\u1eb7t che c\u00f3 kh\u1ea3 n\u0103ng ch\u1ed1ng th\u1ea5m n\u01b0\u1edbc v\u00e0 ch\u1ed1ng \u1ea9m hi\u1ec7u qu\u1ea3, gi\u00fap k\u00e9o d\u00e0i tu\u1ed5i th\u1ecd v\u00e0 \u0111\u1ed9 b\u1ec1n cho thi\u1ebft b\u1ecb \u0111i\u1ec7n l\u1eafp \u0111\u1eb7t b\u00ean trong.<\/span><\/li>\n<li data-hveid=\"CAQQAQ\" data-complete=\"true\" data-sae=\"\"><span class=\"T286Pc\" style=\"font-size: 12pt; color: #000000;\" data-sfc-cp=\"\" data-complete=\"true\"><strong class=\"Yjhzub\" data-complete=\"true\">Thi\u1ebft k\u1ebf \u0111\u01a1n gi\u1ea3n v\u00e0 tinh t\u1ebf:<\/strong>\u00a0S\u1ea3n ph\u1ea9m c\u00f3 m\u00e0u\u00a0<strong class=\"Yjhzub\" data-complete=\"true\">be (beige)<\/strong>\u00a0trang nh\u00e3 v\u00e0 d\u1ec5 d\u00e0ng ph\u1ed1i h\u1ee3p v\u1edbi nhi\u1ec1u phong c\u00e1ch ki\u1ebfn tr\u00fac kh\u00e1c nhau, t\u1eeb d\u00e2n d\u1ee5ng \u0111\u1ebfn c\u00f4ng tr\u00ecnh.<\/span><\/li>\n<li data-hveid=\"CAQQAg\" data-complete=\"true\" data-sae=\"\"><span class=\"T286Pc\" style=\"font-size: 12pt; color: #000000;\" data-sfc-cp=\"\" data-complete=\"true\"><strong class=\"Yjhzub\" data-complete=\"true\">Ph\u00f9 h\u1ee3p v\u1edbi 1 thi\u1ebft b\u1ecb:<\/strong>\u00a0\u0110\u00e2y l\u00e0 lo\u1ea1i m\u1eb7t che d\u00e0nh ri\u00eang cho 1 thi\u1ebft b\u1ecb \u0111i\u1ec7n, gi\u00fap b\u1ea3o v\u1ec7 c\u00e1c c\u00f4ng t\u1eafc ho\u1eb7c \u1ed5 c\u1eafm \u0111\u01a1n.<\/span><\/li>\n<li data-hveid=\"CAQQAw\" data-complete=\"true\" data-sae=\"\"><span class=\"T286Pc\" style=\"font-size: 12pt; color: #000000;\" data-sfc-cp=\"\" data-complete=\"true\"><strong class=\"Yjhzub\" data-complete=\"true\">Ch\u1ea5t li\u1ec7u cao c\u1ea5p:<\/strong>\u00a0S\u1ea3n ph\u1ea9m \u0111\u01b0\u1ee3c s\u1ea3n xu\u1ea5t theo ti\u00eau chu\u1ea9n JIS c\u1ee7a Nh\u1eadt B\u1ea3n, \u0111\u1ea3m b\u1ea3o ch\u1ea5t l\u01b0\u1ee3ng v\u00e0 \u0111\u1ed9 b\u1ec1n cao.<\/span><\/li>\n<\/ul>\n<h3 class=\"Y3BBE\" data-hveid=\"CAUQAA\" data-processed=\"true\" data-complete=\"true\"><span style=\"font-size: 14pt; color: #000000;\"><strong class=\"Yjhzub\" data-complete=\"true\" data-processed=\"true\">H\u01b0\u1edbng d\u1eabn l\u1eafp \u0111\u1eb7t<\/strong><\/span><\/h3>\n<p class=\"Y3BBE\" data-hveid=\"CAYQAA\" data-complete=\"true\" data-processed=\"true\"><span style=\"font-size: 12pt; color: #000000;\"><strong>N\u1eafp che \u1ed5 \u0111i\u1ec7n ngo\u00e0i tr\u1eddi panasonic<\/strong> n\u00e0y \u0111\u01b0\u1ee3c d\u00f9ng \u0111\u1ec3 l\u1eafp \u0111\u1eb7t g\u1eafn t\u01b0\u1eddng, che ch\u1eafn c\u00e1c thi\u1ebft b\u1ecb \u0111i\u1ec7n nh\u01b0 c\u00f4ng t\u1eafc, \u1ed5 c\u1eafm kh\u1ecfi m\u01b0a v\u00e0 n\u1eafng.<\/span><\/p>\n<ol class=\"IaGLZe VimKh\" data-processed=\"true\" data-complete=\"true\">\n<li data-hveid=\"CAcQAA\" data-complete=\"true\" data-sae=\"\"><span class=\"T286Pc\" style=\"font-size: 12pt; color: #000000;\" data-sfc-cp=\"\" data-complete=\"true\"><strong class=\"Yjhzub\" data-complete=\"true\">Chu\u1ea9n b\u1ecb:<\/strong>\u00a0Ng\u1eaft ngu\u1ed3n \u0111i\u1ec7n tr\u01b0\u1edbc khi b\u1eaft \u0111\u1ea7u l\u1eafp \u0111\u1eb7t. Chu\u1ea9n b\u1ecb \u0111\u1ea7y \u0111\u1ee7 d\u1ee5ng c\u1ee5 c\u1ea7n thi\u1ebft.<\/span><\/li>\n<li data-hveid=\"CAcQAQ\" data-complete=\"true\" data-sae=\"\"><span class=\"T286Pc\" style=\"font-size: 12pt; color: #000000;\" data-sfc-cp=\"\" data-complete=\"true\"><strong class=\"Yjhzub\" data-complete=\"true\">L\u1eafp thi\u1ebft b\u1ecb \u0111i\u1ec7n:<\/strong>\u00a0L\u1eafp c\u00f4ng t\u1eafc ho\u1eb7c \u1ed5 c\u1eafm v\u00e0o \u0111\u1ebf \u00e2m ho\u1eb7c \u0111\u1ebf n\u1ed5i tr\u01b0\u1edbc.<\/span><\/li>\n<li data-hveid=\"CAcQAg\" data-complete=\"true\" data-sae=\"\"><span class=\"T286Pc\" style=\"font-size: 12pt; color: #000000;\" data-sfc-cp=\"\" data-complete=\"true\"><strong class=\"Yjhzub\" data-complete=\"true\">G\u1eafn m\u1eb7t che:<\/strong>\u00a0G\u1eafn m\u1eb7t che Panasonic WEG7901K-VN l\u00ean tr\u00ean thi\u1ebft b\u1ecb \u0111i\u1ec7n \u0111\u00e3 l\u1eafp s\u1eb5n v\u00e0 c\u1ed1 \u0111\u1ecbnh b\u1eb1ng \u1ed1c v\u00edt.<\/span><\/li>\n<li data-hveid=\"CAcQAw\" data-complete=\"true\" data-sae=\"\"><span class=\"T286Pc\" style=\"font-size: 12pt; color: #000000;\" data-sfc-cp=\"\" data-complete=\"true\"><strong class=\"Yjhzub\" data-complete=\"true\">Ki\u1ec3m tra:<\/strong> Sau khi l\u1eafp xong, b\u1eadt l\u1ea1i ngu\u1ed3n \u0111i\u1ec7n v\u00e0 d\u00f9ng b\u00fat th\u1eed \u0111i\u1ec7n \u0111\u1ec3 ki\u1ec3m tra \u0111\u1ed9 an to\u00e0n.<\/span><\/li>\n<\/ol>\n<p>&nbsp;<\/p>\n<p class=\"Y3BBE\" data-hveid=\"CAEICBAA\" data-complete=\"true\" data-processed=\"true\"><span style=\"font-size: 12pt; color: #000000;\"><strong>LI\u00caN H\u1ec6 : Hotline: 0935 228 204 ( Ms Lam )<\/strong><\/span><\/p>\n<p><span style=\"font-size: 12pt; color: #000000;\"><strong>Facebook:\u00a0<span style=\"color: #ff6600;\"><a style=\"color: #ff6600;\" href=\"https:\/\/www.facebook.com\/thietbidienlama\" target=\"_blank\" rel=\"noopener\">THI\u1ebeT\u00a0B\u1eca \u0110I\u1ec6N LAMA<\/a><\/span><\/strong><\/span><\/p>\n<p><span style=\"font-size: 12pt; color: #000000;\"><strong>Tiktok:\u00a0<span style=\"color: #ff6600;\"><a style=\"color: #ff6600;\" href=\"https:\/\/www.tiktok.com\/@thietbidienlama\" target=\"_blank\" rel=\"noopener\">THI\u1ebeT\u00a0B\u1eca \u0110I\u1ec6N LAMA<\/a><\/span><\/strong><\/span><\/p>","protected":false},"excerpt":{"rendered":"<p>N\u1eafp Che \u1ed4 \u0110i\u1ec7n Ngo\u00e0i Tr\u1eddi Panasonic M\u1eb7t 1 M\u00e0u beige WEG7901K-VN N\u1eafp che \u1ed5 \u0111i\u1ec7n ngo\u00e0i tr\u1eddi Panasonic WEG7901K-VN\u00a0l\u00e0<\/p>","protected":false},"featured_media":12451,"comment_status":"closed","ping_status":"closed","template":"","meta":[],"product_brand":[],"product_cat":[954,911],"product_tag":[960],"class_list":{"0":"post-13472","1":"product","2":"type-product","3":"status-publish","4":"has-post-thumbnail","6":"product_cat-mat-cong-tac-panasonic","7":"product_cat-mat-panasonic","8":"product_tag-nap-che-o-dien-ngoai-troi-panasonic","10":"first","11":"instock","12":"sale","13":"shipping-taxable","14":"purchasable","15":"product-type-simple"},"_links":{"self":[{"href":"https:\/\/www.thietbidienlama.com\/en\/wp-json\/wp\/v2\/product\/13472","targetHints":{"allow":["GET"]}}],"collection":[{"href":"https:\/\/www.thietbidienlama.com\/en\/wp-json\/wp\/v2\/product"}],"about":[{"href":"https:\/\/www.thietbidienlama.com\/en\/wp-json\/wp\/v2\/types\/product"}],"replies":[{"embeddable":true,"href":"https:\/\/www.thietbidienlama.com\/en\/wp-json\/wp\/v2\/comments?post=13472"}],"version-history":[{"count":1,"href":"https:\/\/www.thietbidienlama.com\/en\/wp-json\/wp\/v2\/product\/13472\/revisions"}],"predecessor-version":[{"id":13473,"href":"https:\/\/www.thietbidienlama.com\/en\/wp-json\/wp\/v2\/product\/13472\/revisions\/13473"}],"wp:featuredmedia":[{"embeddable":true,"href":"https:\/\/www.thietbidienlama.com\/en\/wp-json\/wp\/v2\/media\/12451"}],"wp:attachment":[{"href":"https:\/\/www.thietbidienlama.com\/en\/wp-json\/wp\/v2\/media?parent=13472"}],"wp:term":[{"taxonomy":"product_brand","embeddable":true,"href":"https:\/\/www.thietbidienlama.com\/en\/wp-json\/wp\/v2\/product_brand?post=13472"},{"taxonomy":"product_cat","embeddable":true,"href":"https:\/\/www.thietbidienlama.com\/en\/wp-json\/wp\/v2\/product_cat?post=13472"},{"taxonomy":"product_tag","embeddable":true,"href":"https:\/\/www.thietbidienlama.com\/en\/wp-json\/wp\/v2\/product_tag?post=13472"}],"curies":[{"name":"wp","href":"https:\/\/api.w.org\/{rel}","templated":true}]}}