{"id":13464,"date":"2025-10-30T15:53:01","date_gmt":"2025-10-30T08:53:01","guid":{"rendered":"https:\/\/thietbidienlama.com\/?post_type=product&#038;p=13464"},"modified":"2025-11-02T14:27:21","modified_gmt":"2025-11-02T07:27:21","slug":"mat-che-mua-panasonic","status":"publish","type":"product","link":"https:\/\/www.thietbidienlama.com\/en\/mat-che-mua-panasonic\/","title":{"rendered":"M\u1eb7t Che M\u01b0a Panasonic Cho 2 Thi\u1ebft B\u1ecb M\u00e0u beige WEG7902K-VN"},"content":{"rendered":"<h2 style=\"text-align: center;\" data-hveid=\"CAEIAhAA\" data-complete=\"true\" data-processed=\"true\"><span style=\"color: #000000;\">M\u1eb7t Che M\u01b0a Panasonic Cho 2 Thi\u1ebft B\u1ecb M\u00e0u beige WEG7902K-VN<\/span><\/h2>\n<p class=\"Y3BBE\" data-hveid=\"CAEIAhAA\" data-complete=\"true\" data-processed=\"true\"><span style=\"font-size: 12pt; color: #000000;\"><strong><span style=\"color: #ff6600;\"><a style=\"color: #ff6600;\" href=\"https:\/\/thietbidienlama.com\/mat-che-mua-panasonic\/\">M\u1eb7t che m\u01b0a Panasonic<\/a><\/span><\/strong><strong class=\"Yjhzub\" data-complete=\"true\" data-processed=\"true\"><span class=\"T286Pc\" data-sfc-cp=\"\" data-complete=\"true\" data-processed=\"true\">\u00a0Wide WEG7902K-VN<\/span><\/strong>\u00a0l\u00e0 m\u1eb7t che d\u00f9ng cho 2 thi\u1ebft b\u1ecb \u0111i\u1ec7n (nh\u01b0 c\u00f4ng t\u1eafc, \u1ed5 c\u1eafm) thu\u1ed9c d\u00f2ng Wide Series, c\u00f3 m\u00e0u beige v\u00e0 \u0111\u01b0\u1ee3c trang b\u1ecb n\u1eafp che \u0111\u1ec3 ch\u1ed1ng n\u01b0\u1edbc v\u00e0 b\u1ee5i b\u1ea9n.<\/span><\/p>\n<p data-hveid=\"CAEIAhAA\" data-complete=\"true\" data-processed=\"true\"><img fetchpriority=\"high\" decoding=\"async\" class=\"alignnone size-medium wp-image-12454 aligncenter\" src=\"http:\/\/thietbidienlama.com\/wp-content\/uploads\/2025\/02\/Mat-2-Che-Mua-Dong-Wide-Mau-Nau-WEG7902K-VN-Panasonic-300x300.jpg\" alt=\"\" width=\"300\" height=\"300\" srcset=\"https:\/\/www.thietbidienlama.com\/wp-content\/uploads\/2025\/02\/Mat-2-Che-Mua-Dong-Wide-Mau-Nau-WEG7902K-VN-Panasonic-300x300.jpg 300w, https:\/\/www.thietbidienlama.com\/wp-content\/uploads\/2025\/02\/Mat-2-Che-Mua-Dong-Wide-Mau-Nau-WEG7902K-VN-Panasonic-150x150.jpg 150w, https:\/\/www.thietbidienlama.com\/wp-content\/uploads\/2025\/02\/Mat-2-Che-Mua-Dong-Wide-Mau-Nau-WEG7902K-VN-Panasonic-12x12.jpg 12w, https:\/\/www.thietbidienlama.com\/wp-content\/uploads\/2025\/02\/Mat-2-Che-Mua-Dong-Wide-Mau-Nau-WEG7902K-VN-Panasonic.jpg 500w\" sizes=\"(max-width: 300px) 100vw, 300px\" \/><\/p>\n<h3 class=\"otQkpb\" role=\"heading\" aria-level=\"3\" data-complete=\"true\" data-processed=\"true\"><span style=\"font-size: 14pt; color: #000000;\">Th\u00f4ng s\u1ed1 k\u1ef9 thu\u1eadt m\u1eb7t che m\u01b0a Panasonic<\/span><\/h3>\n<ul class=\"KsbFXc U6u95\" data-complete=\"true\" data-processed=\"true\">\n<li data-hveid=\"CAEIBBAA\" data-complete=\"true\" data-sae=\"\"><span class=\"T286Pc\" style=\"font-size: 12pt; color: #000000;\" data-sfc-cp=\"\" data-complete=\"true\"><strong class=\"Yjhzub\" data-complete=\"true\">M\u00e3 s\u1ea3n ph\u1ea9m:<\/strong>\u00a0WEG7902K-VN<\/span><\/li>\n<li data-hveid=\"CAEIBBAB\" data-complete=\"true\" data-sae=\"\"><span class=\"T286Pc\" style=\"font-size: 12pt; color: #000000;\" data-sfc-cp=\"\" data-complete=\"true\"><strong class=\"Yjhzub\" data-complete=\"true\">Th\u01b0\u01a1ng hi\u1ec7u:<\/strong>\u00a0Panasonic<\/span><\/li>\n<li data-hveid=\"CAEIBBAC\" data-complete=\"true\" data-sae=\"\"><span class=\"T286Pc\" style=\"font-size: 12pt; color: #000000;\" data-sfc-cp=\"\" data-complete=\"true\"><strong class=\"Yjhzub\" data-complete=\"true\">D\u00f2ng s\u1ea3n ph\u1ea9m:<\/strong>\u00a0Wide Series<\/span><\/li>\n<li data-hveid=\"CAEIBBAD\" data-complete=\"true\" data-sae=\"\"><span class=\"T286Pc\" style=\"font-size: 12pt; color: #000000;\" data-sfc-cp=\"\" data-complete=\"true\"><strong class=\"Yjhzub\" data-complete=\"true\">Ch\u1ee7ng lo\u1ea1i:<\/strong>\u00a0M\u1eb7t d\u00f9ng cho 2 thi\u1ebft b\u1ecb k\u00e8m n\u1eafp che m\u01b0a<\/span><\/li>\n<li data-hveid=\"CAEIBBAE\" data-complete=\"true\" data-sae=\"\"><span class=\"T286Pc\" style=\"font-size: 12pt; color: #000000;\" data-sfc-cp=\"\" data-complete=\"true\"><strong class=\"Yjhzub\" data-complete=\"true\">M\u00e0u s\u1eafc:<\/strong>\u00a0Beige<\/span><\/li>\n<li data-hveid=\"CAEIBBAF\" data-complete=\"true\" data-sae=\"\"><span class=\"T286Pc\" style=\"font-size: 12pt; color: #000000;\" data-sfc-cp=\"\" data-complete=\"true\"><strong class=\"Yjhzub\" data-complete=\"true\">C\u1ea5p \u0111\u1ed9 b\u1ea3o v\u1ec7:<\/strong>\u00a0IP55, c\u00f3 kh\u1ea3 n\u0103ng ch\u1ed1ng b\u1ee5i v\u00e0 n\u01b0\u1edbc b\u1eafn t\u1eeb m\u1ecdi h\u01b0\u1edbng.<\/span><\/li>\n<li data-hveid=\"CAEIBBAG\" data-complete=\"true\" data-sae=\"\"><span class=\"T286Pc\" style=\"font-size: 12pt; color: #000000;\" data-sfc-cp=\"\" data-complete=\"true\"><strong class=\"Yjhzub\" data-complete=\"true\">Ch\u1ea5t li\u1ec7u:<\/strong>\u00a0Nh\u1ef1a ch\u1ea5t l\u01b0\u1ee3ng cao, b\u1ec1n \u0111\u1eb9p, ch\u1ed1ng va \u0111\u1eadp.<\/span><\/li>\n<li data-hveid=\"CAEIBBAH\" data-complete=\"true\" data-sae=\"\"><span class=\"T286Pc\" style=\"font-size: 12pt; color: #000000;\" data-sfc-cp=\"\" data-complete=\"true\"><strong class=\"Yjhzub\" data-complete=\"true\">Quy c\u00e1ch \u0111\u00f3ng g\u00f3i:<\/strong>\u00a05 c\u00e1i\/h\u1ed9p, 50 c\u00e1i\/th\u00f9ng (t\u00f9y thu\u1ed9c nh\u00e0 cung c\u1ea5p).<\/span><\/li>\n<\/ul>\n<h3 class=\"otQkpb\" role=\"heading\" aria-level=\"3\" data-complete=\"true\" data-processed=\"true\"><span style=\"font-size: 14pt; color: #000000;\">\u0110\u1eb7c \u0111i\u1ec3m n\u1ed5i b\u1eadt<\/span><\/h3>\n<ul class=\"KsbFXc U6u95\" data-complete=\"true\" data-processed=\"true\">\n<li data-hveid=\"CAEIBhAA\" data-complete=\"true\" data-sae=\"\"><span class=\"T286Pc\" style=\"font-size: 12pt; color: #000000;\" data-sfc-cp=\"\" data-complete=\"true\"><strong class=\"Yjhzub\" data-complete=\"true\">B\u1ea3o v\u1ec7 hi\u1ec7u qu\u1ea3:<\/strong>\u00a0V\u1edbi ti\u00eau chu\u1ea9n IP55, s\u1ea3n ph\u1ea9m b\u1ea3o v\u1ec7 c\u00e1c thi\u1ebft b\u1ecb \u0111i\u1ec7n b\u00ean trong kh\u1ecfi t\u00e1c \u0111\u1ed9ng c\u1ee7a n\u01b0\u1edbc m\u01b0a, b\u1ee5i b\u1ea9n v\u00e0 c\u00e1c y\u1ebfu t\u1ed1 m\u00f4i tr\u01b0\u1eddng kh\u00e1c, ph\u00f9 h\u1ee3p l\u1eafp \u0111\u1eb7t \u1edf khu v\u1ef1c ngo\u00e0i tr\u1eddi ho\u1eb7c n\u01a1i \u1ea9m \u01b0\u1edbt.<\/span><\/li>\n<li data-hveid=\"CAEIBhAB\" data-complete=\"true\" data-sae=\"\"><span class=\"T286Pc\" style=\"font-size: 12pt; color: #000000;\" data-sfc-cp=\"\" data-complete=\"true\"><strong class=\"Yjhzub\" data-complete=\"true\">Thi\u1ebft k\u1ebf th\u1ea9m m\u1ef9:<\/strong>\u00a0M\u00e0u beige tinh t\u1ebf k\u1ebft h\u1ee3p v\u1edbi thi\u1ebft k\u1ebf hi\u1ec7n \u0111\u1ea1i c\u1ee7a d\u00f2ng Wide Series mang l\u1ea1i v\u1ebb ngo\u00e0i trang nh\u00e3, h\u00e0i h\u00f2a v\u1edbi kh\u00f4ng gian l\u1eafp \u0111\u1eb7t.<\/span><\/li>\n<li data-hveid=\"CAEIBhAC\" data-complete=\"true\" data-sae=\"\"><span class=\"T286Pc\" style=\"font-size: 12pt; color: #000000;\" data-sfc-cp=\"\" data-complete=\"true\"><strong class=\"Yjhzub\" data-complete=\"true\">An to\u00e0n khi s\u1eed d\u1ee5ng:<\/strong>\u00a0Gi\u00fap t\u0103ng c\u01b0\u1eddng \u0111\u1ed9 an to\u00e0n, \u0111\u1eb7c bi\u1ec7t khi l\u1eafp \u0111\u1eb7t c\u00e1c c\u00f4ng t\u1eafc, \u1ed5 c\u1eafm \u1edf nh\u1eefng khu v\u1ef1c ti\u1ebfp x\u00fac v\u1edbi n\u01b0\u1edbc.<\/span><\/li>\n<li data-hveid=\"CAEIBhAD\" data-complete=\"true\" data-sae=\"\"><span class=\"T286Pc\" style=\"font-size: 12pt; color: #000000;\" data-sfc-cp=\"\" data-complete=\"true\"><strong class=\"Yjhzub\" data-complete=\"true\">\u0110\u1ed9 b\u1ec1n cao:<\/strong>\u00a0Ch\u1ea5t li\u1ec7u nh\u1ef1a cao c\u1ea5p gi\u00fap s\u1ea3n ph\u1ea9m ch\u1ed1ng ch\u1ecbu t\u1ed1t v\u1edbi \u0111i\u1ec1u ki\u1ec7n th\u1eddi ti\u1ebft kh\u1eafc nghi\u1ec7t.<\/span><\/li>\n<\/ul>\n<p class=\"Y3BBE\" data-hveid=\"CAEICBAA\" data-complete=\"true\" data-processed=\"true\"><span style=\"font-size: 12pt; color: #000000;\"><strong>LI\u00caN H\u1ec6 : Hotline: 0935 228 204 ( Ms Lam )<\/strong><\/span><\/p>\n<p><span style=\"font-size: 12pt; color: #000000;\"><strong>Facebook:\u00a0<span style=\"color: #ff6600;\"><a style=\"color: #ff6600;\" href=\"https:\/\/www.facebook.com\/thietbidienlama\" target=\"_blank\" rel=\"noopener\">THI\u1ebeT\u00a0B\u1eca \u0110I\u1ec6N LAMA<\/a><\/span><\/strong><\/span><\/p>\n<p><span style=\"font-size: 12pt; color: #000000;\"><strong>Tiktok:\u00a0<span style=\"color: #ff6600;\"><a style=\"color: #ff6600;\" href=\"https:\/\/www.tiktok.com\/@thietbidienlama\" target=\"_blank\" rel=\"noopener\">THI\u1ebeT\u00a0B\u1eca \u0110I\u1ec6N LAMA<\/a><\/span><\/strong><\/span><\/p>","protected":false},"excerpt":{"rendered":"<p>M\u1eb7t Che M\u01b0a Panasonic Cho 2 Thi\u1ebft B\u1ecb M\u00e0u beige WEG7902K-VN M\u1eb7t che m\u01b0a Panasonic\u00a0Wide WEG7902K-VN\u00a0l\u00e0 m\u1eb7t che d\u00f9ng cho<\/p>","protected":false},"featured_media":12454,"comment_status":"closed","ping_status":"closed","template":"","meta":[],"product_brand":[],"product_cat":[911,954],"product_tag":[959],"class_list":{"0":"post-13464","1":"product","2":"type-product","3":"status-publish","4":"has-post-thumbnail","6":"product_cat-mat-panasonic","7":"product_cat-mat-cong-tac-panasonic","8":"product_tag-mat-che-mua-panasonic","10":"first","11":"instock","12":"sale","13":"shipping-taxable","14":"purchasable","15":"product-type-simple"},"_links":{"self":[{"href":"https:\/\/www.thietbidienlama.com\/en\/wp-json\/wp\/v2\/product\/13464","targetHints":{"allow":["GET"]}}],"collection":[{"href":"https:\/\/www.thietbidienlama.com\/en\/wp-json\/wp\/v2\/product"}],"about":[{"href":"https:\/\/www.thietbidienlama.com\/en\/wp-json\/wp\/v2\/types\/product"}],"replies":[{"embeddable":true,"href":"https:\/\/www.thietbidienlama.com\/en\/wp-json\/wp\/v2\/comments?post=13464"}],"version-history":[{"count":4,"href":"https:\/\/www.thietbidienlama.com\/en\/wp-json\/wp\/v2\/product\/13464\/revisions"}],"predecessor-version":[{"id":13471,"href":"https:\/\/www.thietbidienlama.com\/en\/wp-json\/wp\/v2\/product\/13464\/revisions\/13471"}],"wp:featuredmedia":[{"embeddable":true,"href":"https:\/\/www.thietbidienlama.com\/en\/wp-json\/wp\/v2\/media\/12454"}],"wp:attachment":[{"href":"https:\/\/www.thietbidienlama.com\/en\/wp-json\/wp\/v2\/media?parent=13464"}],"wp:term":[{"taxonomy":"product_brand","embeddable":true,"href":"https:\/\/www.thietbidienlama.com\/en\/wp-json\/wp\/v2\/product_brand?post=13464"},{"taxonomy":"product_cat","embeddable":true,"href":"https:\/\/www.thietbidienlama.com\/en\/wp-json\/wp\/v2\/product_cat?post=13464"},{"taxonomy":"product_tag","embeddable":true,"href":"https:\/\/www.thietbidienlama.com\/en\/wp-json\/wp\/v2\/product_tag?post=13464"}],"curies":[{"name":"wp","href":"https:\/\/api.w.org\/{rel}","templated":true}]}}