{"id":13436,"date":"2025-10-30T11:33:31","date_gmt":"2025-10-30T04:33:31","guid":{"rendered":"https:\/\/thietbidienlama.com\/?post_type=product&#038;p=13436"},"modified":"2025-10-30T11:33:31","modified_gmt":"2025-10-30T04:33:31","slug":"cb-3-pha-63a-panasonic","status":"publish","type":"product","link":"https:\/\/www.thietbidienlama.com\/en\/cb-3-pha-63a-panasonic\/","title":{"rendered":"CB 3 Pha 63a Panasonic D\u00f2ng Ng\u1eaft 06kA BBD3633CNV"},"content":{"rendered":"<h2 style=\"text-align: center;\"><span style=\"color: #000000;\">CB 3 Pha 63a Panasonic D\u00f2ng Ng\u1eaft 06kA BBD3633CNV<\/span><\/h2>\n<p class=\"Y3BBE\" data-hveid=\"CAEIAhAA\" data-complete=\"true\" data-processed=\"true\"><span style=\"font-size: 12pt; color: #000000;\"><span style=\"color: #ff6600;\"><a style=\"color: #ff6600;\" href=\"https:\/\/thietbidienlama.com\/cb-3-pha-63a-panasonic\/\"><strong>CB 3 Pha 63A Panasonic<\/strong><\/a><\/span><strong class=\"Yjhzub\" data-complete=\"true\" data-processed=\"true\"><span class=\"T286Pc\" data-sfc-cp=\"\" data-complete=\"true\" data-processed=\"true\">\u00a0d\u00f2ng c\u1eaft 6kA BBD3633CNV<\/span><\/strong>\u00a0l\u00e0 thi\u1ebft b\u1ecb \u0111\u00f3ng c\u1eaft \u0111\u01b0\u1ee3c s\u1eed d\u1ee5ng \u0111\u1ec3 b\u1ea3o v\u1ec7 m\u1ea1ch \u0111i\u1ec7n 3 pha kh\u1ecfi c\u00e1c s\u1ef1 c\u1ed1 qu\u00e1 t\u1ea3i v\u00e0 ng\u1eafn m\u1ea1ch. S\u1ea3n ph\u1ea9m \u0111\u01b0\u1ee3c s\u1ea3n xu\u1ea5t theo ti\u00eau chu\u1ea9n IEC 60947-2 v\u00e0 IEC 60898, \u0111\u1ea3m b\u1ea3o an to\u00e0n v\u00e0 \u0111\u1ed9 b\u1ec1n cao.<\/span><\/p>\n<p class=\"Fsg96\" data-complete=\"true\" data-processed=\"true\"><img fetchpriority=\"high\" decoding=\"async\" class=\"alignnone size-medium wp-image-13437 aligncenter\" src=\"http:\/\/thietbidienlama.com\/wp-content\/uploads\/2025\/10\/CB-3-Pha-63a-Panasonic-Dong-Ngat-06kA-BBD3633CNV-300x300.jpg\" alt=\"\" width=\"300\" height=\"300\" srcset=\"https:\/\/www.thietbidienlama.com\/wp-content\/uploads\/2025\/10\/CB-3-Pha-63a-Panasonic-Dong-Ngat-06kA-BBD3633CNV-300x300.jpg 300w, https:\/\/www.thietbidienlama.com\/wp-content\/uploads\/2025\/10\/CB-3-Pha-63a-Panasonic-Dong-Ngat-06kA-BBD3633CNV-150x150.jpg 150w, https:\/\/www.thietbidienlama.com\/wp-content\/uploads\/2025\/10\/CB-3-Pha-63a-Panasonic-Dong-Ngat-06kA-BBD3633CNV-12x12.jpg 12w, https:\/\/www.thietbidienlama.com\/wp-content\/uploads\/2025\/10\/CB-3-Pha-63a-Panasonic-Dong-Ngat-06kA-BBD3633CNV.jpg 500w\" sizes=\"(max-width: 300px) 100vw, 300px\" \/><\/p>\n<h3 class=\"otQkpb\" role=\"heading\" aria-level=\"3\" data-complete=\"true\" data-processed=\"true\"><span style=\"font-size: 14pt; color: #000000;\">Th\u00f4ng s\u1ed1 k\u1ef9 thu\u1eadt<\/span><\/h3>\n<ul class=\"KsbFXc U6u95\" data-complete=\"true\" data-processed=\"true\">\n<li data-hveid=\"CAEIBRAA\" data-complete=\"true\" data-sae=\"\"><span class=\"T286Pc\" style=\"font-size: 12pt; color: #000000;\" data-sfc-cp=\"\" data-complete=\"true\"><strong class=\"Yjhzub\" data-complete=\"true\">M\u00e3 s\u1ea3n ph\u1ea9m:<\/strong>\u00a0BBD3633CNV<\/span><\/li>\n<li data-hveid=\"CAEIBRAB\" data-complete=\"true\" data-sae=\"\"><span class=\"T286Pc\" style=\"font-size: 12pt; color: #000000;\" data-sfc-cp=\"\" data-complete=\"true\"><strong class=\"Yjhzub\" data-complete=\"true\">Th\u01b0\u01a1ng hi\u1ec7u:<\/strong>\u00a0Panasonic<\/span><\/li>\n<li data-hveid=\"CAEIBRAC\" data-complete=\"true\" data-sae=\"\"><span class=\"T286Pc\" style=\"font-size: 12pt; color: #000000;\" data-sfc-cp=\"\" data-complete=\"true\"><strong class=\"Yjhzub\" data-complete=\"true\">Lo\u1ea1i:<\/strong>\u00a0MCB (Miniature Circuit Breaker &#8211; C\u1ea7u dao t\u1ef1 \u0111\u1ed9ng d\u1ea1ng t\u00e9p)<\/span><\/li>\n<li data-hveid=\"CAEIBRAD\" data-complete=\"true\" data-sae=\"\"><span class=\"T286Pc\" style=\"font-size: 12pt; color: #000000;\" data-sfc-cp=\"\" data-complete=\"true\"><strong class=\"Yjhzub\" data-complete=\"true\">S\u1ed1 c\u1ef1c:<\/strong>\u00a03P (3 pha)<\/span><\/li>\n<li data-hveid=\"CAEIBRAE\" data-complete=\"true\" data-sae=\"\"><span class=\"T286Pc\" style=\"font-size: 12pt; color: #000000;\" data-sfc-cp=\"\" data-complete=\"true\"><strong class=\"Yjhzub\" data-complete=\"true\">D\u00f2ng \u0111i\u1ec7n \u0111\u1ecbnh m\u1ee9c (In):<\/strong>\u00a063A<\/span><\/li>\n<li data-hveid=\"CAEIBRAF\" data-complete=\"true\" data-sae=\"\"><span class=\"T286Pc\" style=\"font-size: 12pt; color: #000000;\" data-sfc-cp=\"\" data-complete=\"true\"><strong class=\"Yjhzub\" data-complete=\"true\">D\u00f2ng c\u1eaft ng\u1eafn m\u1ea1ch (Icu):<\/strong>\u00a06kA<\/span><\/li>\n<li data-hveid=\"CAEIBRAG\" data-complete=\"true\" data-sae=\"\"><span class=\"T286Pc\" style=\"font-size: 12pt; color: #000000;\" data-sfc-cp=\"\" data-complete=\"true\"><strong class=\"Yjhzub\" data-complete=\"true\">\u0110i\u1ec7n \u00e1p \u0111\u1ecbnh m\u1ee9c (Ue):<\/strong>\u00a0415VAC (ho\u1eb7c 240VAC\/415VAC)<\/span><\/li>\n<li data-hveid=\"CAEIBRAH\" data-complete=\"true\" data-sae=\"\"><span class=\"T286Pc\" style=\"font-size: 12pt; color: #000000;\" data-sfc-cp=\"\" data-complete=\"true\"><strong class=\"Yjhzub\" data-complete=\"true\">Ti\u00eau chu\u1ea9n:<\/strong>\u00a0IEC 60947-2, IEC 60898<\/span><\/li>\n<li data-hveid=\"CAEIBRAI\" data-complete=\"true\" data-sae=\"\"><span class=\"T286Pc\" style=\"font-size: 12pt; color: #000000;\" data-sfc-cp=\"\" data-complete=\"true\"><strong class=\"Yjhzub\" data-complete=\"true\">\u0110\u01b0\u1eddng \u0111\u1eb7c tuy\u1ebfn:<\/strong>\u00a0Lo\u1ea1i C<\/span><\/li>\n<li data-hveid=\"CAEIBRAJ\" data-complete=\"true\" data-sae=\"\"><span class=\"T286Pc\" style=\"font-size: 12pt; color: #000000;\" data-sfc-cp=\"\" data-complete=\"true\"><strong class=\"Yjhzub\" data-complete=\"true\">Ki\u1ec3u l\u1eafp \u0111\u1eb7t:<\/strong>\u00a0G\u1eafn tr\u00ean thanh ray DIN<\/span><\/li>\n<\/ul>\n<p class=\"Fsg96\" data-complete=\"true\" data-processed=\"true\">\n<h3 class=\"otQkpb\" role=\"heading\" aria-level=\"3\" data-complete=\"true\" data-processed=\"true\"><span style=\"font-size: 14pt; color: #000000;\">\u0110\u1eb7c \u0111i\u1ec3m n\u1ed5i b\u1eadt<\/span><\/h3>\n<ul class=\"KsbFXc U6u95\" data-complete=\"true\" data-processed=\"true\">\n<li data-hveid=\"CAEIBxAA\" data-complete=\"true\" data-sae=\"\"><span class=\"T286Pc\" style=\"font-size: 12pt; color: #000000;\" data-sfc-cp=\"\" data-complete=\"true\"><strong class=\"Yjhzub\" data-complete=\"true\">B\u1ea3o v\u1ec7 an to\u00e0n:<\/strong>\u00a0C\u1ea7u dao t\u1ef1 \u0111\u1ed9ng ng\u1eaft m\u1ea1ch nhanh ch\u00f3ng khi x\u1ea3y ra qu\u00e1 t\u1ea3i ho\u1eb7c ng\u1eafn m\u1ea1ch, gi\u1ea3m thi\u1ec3u r\u1ee7i ro ch\u00e1y n\u1ed5 v\u00e0 h\u01b0 h\u1ea1i thi\u1ebft b\u1ecb \u0111i\u1ec7n.<\/span><\/li>\n<li data-hveid=\"CAEIBxAB\" data-complete=\"true\" data-sae=\"\"><span class=\"T286Pc\" style=\"font-size: 12pt; color: #000000;\" data-sfc-cp=\"\" data-complete=\"true\"><strong class=\"Yjhzub\" data-complete=\"true\">\u0110\u1ed9 b\u1ec1n cao:<\/strong>\u00a0V\u1ecf b\u1ecdc c\u00e1ch \u0111i\u1ec7n, c\u00e1ch nhi\u1ec7t cao, gi\u00fap thi\u1ebft b\u1ecb ho\u1ea1t \u0111\u1ed9ng \u1ed5n \u0111\u1ecbnh v\u00e0 c\u00f3 tu\u1ed5i th\u1ecd l\u00e2u d\u00e0i.<\/span><\/li>\n<li data-hveid=\"CAEIBxAC\" data-complete=\"true\" data-sae=\"\"><span class=\"T286Pc\" style=\"font-size: 12pt; color: #000000;\" data-sfc-cp=\"\" data-complete=\"true\"><strong class=\"Yjhzub\" data-complete=\"true\">D\u1ec5 d\u00e0ng s\u1eed d\u1ee5ng:<\/strong>\u00a0C\u00f3 thanh g\u1ea1t tay nh\u1ecf g\u1ecdn, d\u1ec5 thao t\u00e1c. Tr\u1ea1ng th\u00e1i ho\u1ea1t \u0111\u1ed9ng \u0111\u01b0\u1ee3c hi\u1ec3n th\u1ecb r\u00f5 r\u00e0ng b\u1eb1ng m\u00e0u s\u1eafc tr\u00ean th\u00e2n CB.<\/span><\/li>\n<li data-hveid=\"CAEIBxAD\" data-complete=\"true\" data-sae=\"\"><span class=\"T286Pc\" style=\"font-size: 12pt; color: #000000;\" data-sfc-cp=\"\" data-complete=\"true\"><strong class=\"Yjhzub\" data-complete=\"true\">L\u1eafp \u0111\u1eb7t ti\u1ec7n l\u1ee3i:<\/strong>\u00a0Thi\u1ebft k\u1ebf nh\u1ecf g\u1ecdn, ph\u00f9 h\u1ee3p \u0111\u1ec3 l\u1eafp \u0111\u1eb7t trong c\u00e1c t\u1ee7 \u0111i\u1ec7n d\u00e2n d\u1ee5ng v\u00e0 c\u00f4ng nghi\u1ec7p.<\/span><\/li>\n<\/ul>\n<p>&nbsp;<\/p>\n<p class=\"Y3BBE\" data-hveid=\"CAEICBAA\" data-complete=\"true\" data-processed=\"true\"><span style=\"font-size: 12pt; color: #000000;\"><strong>LI\u00caN H\u1ec6 : Hotline: 0935 228 204 ( Ms Lam )<\/strong><\/span><\/p>\n<p><span style=\"font-size: 12pt; color: #000000;\"><strong>Facebook:\u00a0<span style=\"color: #ff6600;\"><a style=\"color: #ff6600;\" href=\"https:\/\/www.facebook.com\/thietbidienlama\" target=\"_blank\" rel=\"noopener\">THI\u1ebeT\u00a0B\u1eca \u0110I\u1ec6N LAMA<\/a><\/span><\/strong><\/span><\/p>\n<p><span style=\"font-size: 12pt; color: #000000;\"><strong>Tiktok:\u00a0<span style=\"color: #ff6600;\"><a style=\"color: #ff6600;\" href=\"https:\/\/www.tiktok.com\/@thietbidienlama\" target=\"_blank\" rel=\"noopener\">THI\u1ebeT\u00a0B\u1eca \u0110I\u1ec6N LAMA<\/a><\/span><\/strong><\/span><\/p>","protected":false},"excerpt":{"rendered":"<p>CB 3 Pha 63a Panasonic D\u00f2ng Ng\u1eaft 06kA BBD3633CNV CB 3 Pha 63A Panasonic\u00a0d\u00f2ng c\u1eaft 6kA BBD3633CNV\u00a0l\u00e0 thi\u1ebft b\u1ecb \u0111\u00f3ng<\/p>","protected":false},"featured_media":13437,"comment_status":"closed","ping_status":"closed","template":"","meta":[],"product_brand":[],"product_cat":[813],"product_tag":[953],"class_list":{"0":"post-13436","1":"product","2":"type-product","3":"status-publish","4":"has-post-thumbnail","6":"product_cat-cb-aptomat-panasonic","7":"product_tag-cb-3-pha-63a-panasonic","9":"first","10":"instock","11":"sale","12":"shipping-taxable","13":"purchasable","14":"product-type-simple"},"_links":{"self":[{"href":"https:\/\/www.thietbidienlama.com\/en\/wp-json\/wp\/v2\/product\/13436","targetHints":{"allow":["GET"]}}],"collection":[{"href":"https:\/\/www.thietbidienlama.com\/en\/wp-json\/wp\/v2\/product"}],"about":[{"href":"https:\/\/www.thietbidienlama.com\/en\/wp-json\/wp\/v2\/types\/product"}],"replies":[{"embeddable":true,"href":"https:\/\/www.thietbidienlama.com\/en\/wp-json\/wp\/v2\/comments?post=13436"}],"version-history":[{"count":2,"href":"https:\/\/www.thietbidienlama.com\/en\/wp-json\/wp\/v2\/product\/13436\/revisions"}],"predecessor-version":[{"id":13439,"href":"https:\/\/www.thietbidienlama.com\/en\/wp-json\/wp\/v2\/product\/13436\/revisions\/13439"}],"wp:featuredmedia":[{"embeddable":true,"href":"https:\/\/www.thietbidienlama.com\/en\/wp-json\/wp\/v2\/media\/13437"}],"wp:attachment":[{"href":"https:\/\/www.thietbidienlama.com\/en\/wp-json\/wp\/v2\/media?parent=13436"}],"wp:term":[{"taxonomy":"product_brand","embeddable":true,"href":"https:\/\/www.thietbidienlama.com\/en\/wp-json\/wp\/v2\/product_brand?post=13436"},{"taxonomy":"product_cat","embeddable":true,"href":"https:\/\/www.thietbidienlama.com\/en\/wp-json\/wp\/v2\/product_cat?post=13436"},{"taxonomy":"product_tag","embeddable":true,"href":"https:\/\/www.thietbidienlama.com\/en\/wp-json\/wp\/v2\/product_tag?post=13436"}],"curies":[{"name":"wp","href":"https:\/\/api.w.org\/{rel}","templated":true}]}}