{"id":13428,"date":"2025-10-30T09:38:45","date_gmt":"2025-10-30T02:38:45","guid":{"rendered":"https:\/\/thietbidienlama.com\/?post_type=product&#038;p=13428"},"modified":"2025-10-30T09:38:45","modified_gmt":"2025-10-30T02:38:45","slug":"cb-3-pha-40a-panasonic","status":"publish","type":"product","link":"https:\/\/www.thietbidienlama.com\/en\/cb-3-pha-40a-panasonic\/","title":{"rendered":"CB 3 Pha 40a Panasonic D\u00f2ng Ng\u1eaft 06kA BBD3403CNV"},"content":{"rendered":"<h2 style=\"text-align: center;\"><span style=\"color: #000000;\">CB 3 Pha 40a Panasonic D\u00f2ng Ng\u1eaft 06kA BBD3403CNV<\/span><\/h2>\n<p class=\"Y3BBE\" data-hveid=\"CAEIAhAA\" data-complete=\"true\" data-processed=\"true\"><span style=\"font-size: 12pt; color: #000000;\"><span class=\"T286Pc\" data-sfc-cp=\"\" data-complete=\"true\" data-processed=\"true\"><strong><span style=\"color: #ff6600;\"><a style=\"color: #ff6600;\" href=\"https:\/\/thietbidienlama.com\/cb-3-pha-40a-panasonic\/\">CB 3 pha 40A Panasonic<\/a><\/span><\/strong>\u00a0c\u00f3 d\u00f2ng ng\u1eaft 6kA, m\u00e3 s\u1ea3n ph\u1ea9m BBD3403CNV, l\u00e0 thi\u1ebft b\u1ecb \u0111\u00f3ng c\u1eaft t\u1ef1 \u0111\u1ed9ng (MCB) \u0111\u01b0\u1ee3c s\u1eed d\u1ee5ng \u0111\u1ec3 b\u1ea3o v\u1ec7 m\u1ea1ch \u0111i\u1ec7n 3 pha kh\u1ecfi c\u00e1c s\u1ef1 c\u1ed1 qu\u00e1 t\u1ea3i v\u00e0 ng\u1eafn m\u1ea1ch<\/span>.<\/span><\/p>\n<p class=\"Fsg96\" data-complete=\"true\" data-processed=\"true\"><img fetchpriority=\"high\" decoding=\"async\" class=\"aligncenter wp-image-13429 size-medium\" src=\"http:\/\/thietbidienlama.com\/wp-content\/uploads\/2025\/10\/CB-3-Pha-40a-Panasonic-Dong-Ngat-06kA-BBD3403CNV-300x300.jpg\" alt=\"CB 3 Pha 40a Panasonic D\u00f2ng Ng\u1eaft 06kA BBD3403CNV\" width=\"300\" height=\"300\" srcset=\"https:\/\/www.thietbidienlama.com\/wp-content\/uploads\/2025\/10\/CB-3-Pha-40a-Panasonic-Dong-Ngat-06kA-BBD3403CNV-300x300.jpg 300w, https:\/\/www.thietbidienlama.com\/wp-content\/uploads\/2025\/10\/CB-3-Pha-40a-Panasonic-Dong-Ngat-06kA-BBD3403CNV-150x150.jpg 150w, https:\/\/www.thietbidienlama.com\/wp-content\/uploads\/2025\/10\/CB-3-Pha-40a-Panasonic-Dong-Ngat-06kA-BBD3403CNV-12x12.jpg 12w, https:\/\/www.thietbidienlama.com\/wp-content\/uploads\/2025\/10\/CB-3-Pha-40a-Panasonic-Dong-Ngat-06kA-BBD3403CNV.jpg 500w\" sizes=\"(max-width: 300px) 100vw, 300px\" \/><\/p>\n<p class=\"otQkpb\" role=\"heading\" aria-level=\"3\" data-processed=\"true\" data-complete=\"true\"><span style=\"font-size: 12pt; color: #000000;\">Th\u00f4ng s\u1ed1 k\u1ef9 thu\u1eadt<\/span><\/p>\n<ul class=\"KsbFXc U6u95\" data-complete=\"true\" data-processed=\"true\">\n<li data-hveid=\"CAEIBBAA\" data-complete=\"true\" data-sae=\"\"><span class=\"T286Pc\" style=\"font-size: 12pt; color: #000000;\" data-sfc-cp=\"\" data-complete=\"true\"><strong class=\"Yjhzub\" data-complete=\"true\">M\u00e3 s\u1ea3n ph\u1ea9m:<\/strong>\u00a0BBD3403CNV<\/span><\/li>\n<li data-hveid=\"CAEIBBAB\" data-complete=\"true\" data-sae=\"\"><span class=\"T286Pc\" style=\"font-size: 12pt; color: #000000;\" data-sfc-cp=\"\" data-complete=\"true\"><strong class=\"Yjhzub\" data-complete=\"true\">Lo\u1ea1i:<\/strong>\u00a0MCB (C\u1ea7u dao t\u1ef1 \u0111\u1ed9ng lo\u1ea1i t\u00e9p)<\/span><\/li>\n<li data-hveid=\"CAEIBBAC\" data-complete=\"true\" data-sae=\"\"><span class=\"T286Pc\" style=\"font-size: 12pt; color: #000000;\" data-sfc-cp=\"\" data-complete=\"true\"><strong class=\"Yjhzub\" data-complete=\"true\">S\u1ed1 pha:<\/strong>\u00a03 pha (3 c\u1ef1c)<\/span><\/li>\n<li data-hveid=\"CAEIBBAD\" data-complete=\"true\" data-sae=\"\"><span class=\"T286Pc\" style=\"font-size: 12pt; color: #000000;\" data-sfc-cp=\"\" data-complete=\"true\"><strong class=\"Yjhzub\" data-complete=\"true\">D\u00f2ng \u0111i\u1ec7n \u0111\u1ecbnh m\u1ee9c:<\/strong>\u00a040A<\/span><\/li>\n<li data-hveid=\"CAEIBBAE\" data-complete=\"true\" data-sae=\"\"><span class=\"T286Pc\" style=\"font-size: 12pt; color: #000000;\" data-sfc-cp=\"\" data-complete=\"true\"><strong class=\"Yjhzub\" data-complete=\"true\">D\u00f2ng c\u1eaft ng\u1eafn m\u1ea1ch:<\/strong>\u00a06kA<\/span><\/li>\n<li data-hveid=\"CAEIBBAF\" data-complete=\"true\" data-sae=\"\"><span class=\"T286Pc\" style=\"font-size: 12pt; color: #000000;\" data-sfc-cp=\"\" data-complete=\"true\"><strong class=\"Yjhzub\" data-complete=\"true\">\u0110i\u1ec7n \u00e1p \u0111\u1ecbnh m\u1ee9c:<\/strong>\u00a0415VAC (ho\u1eb7c 400VAC)<\/span><\/li>\n<li data-hveid=\"CAEIBBAG\" data-complete=\"true\" data-sae=\"\"><span class=\"T286Pc\" style=\"font-size: 12pt; color: #000000;\" data-sfc-cp=\"\" data-complete=\"true\"><strong class=\"Yjhzub\" data-complete=\"true\">Ti\u00eau chu\u1ea9n:<\/strong>\u00a0IEC 60898 v\u00e0 IEC 60947-2<\/span><\/li>\n<li data-hveid=\"CAEIBBAH\" data-complete=\"true\" data-sae=\"\"><span class=\"T286Pc\" style=\"font-size: 12pt; color: #000000;\" data-sfc-cp=\"\" data-complete=\"true\"><strong class=\"Yjhzub\" data-complete=\"true\">Ch\u1ea5t li\u1ec7u:<\/strong>\u00a0Nh\u1ef1a cao c\u1ea5p<\/span><\/li>\n<li data-hveid=\"CAEIBBAI\" data-complete=\"true\" data-sae=\"\"><span style=\"font-size: 12pt; color: #000000;\"><span class=\"T286Pc\" data-sfc-cp=\"\" data-complete=\"true\"><strong class=\"Yjhzub\" data-complete=\"true\">Xu\u1ea5t x\u1ee9:<\/strong>\u00a0Trung Qu\u1ed1c (theo m\u1ed9t s\u1ed1 ngu\u1ed3n, s\u1ea3n xu\u1ea5t theo ti\u00eau chu\u1ea9n Nh\u1eadt B\u1ea3n)<\/span><\/span><\/li>\n<\/ul>\n<p class=\"Fsg96\" data-complete=\"true\" data-processed=\"true\">\n<p class=\"otQkpb\" role=\"heading\" aria-level=\"3\" data-complete=\"true\" data-processed=\"true\"><span style=\"font-size: 12pt; color: #000000;\">\u0110\u1eb7c \u0111i\u1ec3m n\u1ed5i b\u1eadt<\/span><\/p>\n<ul class=\"KsbFXc U6u95\" data-complete=\"true\" data-processed=\"true\">\n<li data-hveid=\"CAEIBhAA\" data-complete=\"true\" data-sae=\"\"><span class=\"T286Pc\" style=\"font-size: 12pt; color: #000000;\" data-sfc-cp=\"\" data-complete=\"true\"><strong class=\"Yjhzub\" data-complete=\"true\">B\u1ea3o v\u1ec7 an to\u00e0n:<\/strong>\u00a0Ng\u0103n ng\u1eeba nguy c\u01a1 ch\u00e1y n\u1ed5 do qu\u00e1 t\u1ea3i v\u00e0 ng\u1eafn m\u1ea1ch trong h\u1ec7 th\u1ed1ng \u0111i\u1ec7n 3 pha.<\/span><\/li>\n<li data-hveid=\"CAEIBhAB\" data-complete=\"true\" data-sae=\"\"><span class=\"T286Pc\" style=\"font-size: 12pt; color: #000000;\" data-sfc-cp=\"\" data-complete=\"true\"><strong class=\"Yjhzub\" data-complete=\"true\">\u0110\u1ed9 b\u1ec1n cao:<\/strong>\u00a0\u0110\u01b0\u1ee3c s\u1ea3n xu\u1ea5t tr\u00ean d\u00e2y chuy\u1ec1n c\u00f4ng ngh\u1ec7 hi\u1ec7n \u0111\u1ea1i c\u1ee7a Panasonic, \u0111\u1ea3m b\u1ea3o \u0111\u1ed9 b\u1ec1n v\u00e0 \u0111\u1ed9 ch\u00ednh x\u00e1c khi ho\u1ea1t \u0111\u1ed9ng.<\/span><\/li>\n<li data-hveid=\"CAEIBhAC\" data-complete=\"true\" data-sae=\"\"><span class=\"T286Pc\" style=\"font-size: 12pt; color: #000000;\" data-sfc-cp=\"\" data-complete=\"true\"><strong class=\"Yjhzub\" data-complete=\"true\">D\u1ec5 d\u00e0ng l\u1eafp \u0111\u1eb7t:<\/strong>\u00a0Thi\u1ebft k\u1ebf nh\u1ecf g\u1ecdn, d\u1ec5 d\u00e0ng l\u1eafp \u0111\u1eb7t v\u00e0o t\u1ee7 \u0111i\u1ec7n ho\u1eb7c b\u1ea3ng \u0111i\u1ec7n.<\/span><\/li>\n<li data-hveid=\"CAEIBhAD\" data-complete=\"true\" data-sae=\"\"><span class=\"T286Pc\" style=\"font-size: 12pt; color: #000000;\" data-sfc-cp=\"\" data-complete=\"true\"><strong class=\"Yjhzub\" data-complete=\"true\">\u1ee8ng d\u1ee5ng:<\/strong>\u00a0Th\u01b0\u1eddng \u0111\u01b0\u1ee3c d\u00f9ng l\u00e0m c\u1ea7u dao t\u1ed5ng ho\u1eb7c b\u1ea3o v\u1ec7 c\u00e1c nh\u00e1nh m\u1ea1ch c\u00f3 c\u00f4ng su\u1ea5t v\u1eeba ph\u1ea3i trong c\u00e1c c\u00f4ng tr\u00ecnh d\u00e2n d\u1ee5ng v\u00e0 c\u00f4ng nghi\u1ec7p.<\/span><\/li>\n<\/ul>\n<p>&nbsp;<\/p>\n<p class=\"Y3BBE\" data-hveid=\"CAEICBAA\" data-complete=\"true\" data-processed=\"true\"><span style=\"font-size: 12pt; color: #000000;\"><strong>LI\u00caN H\u1ec6 : Hotline: 0935 228 204 ( Ms Lam )<\/strong><\/span><\/p>\n<p><span style=\"font-size: 12pt; color: #000000;\"><strong>Facebook:\u00a0<span style=\"color: #ff6600;\"><a style=\"color: #ff6600;\" href=\"https:\/\/www.facebook.com\/thietbidienlama\" target=\"_blank\" rel=\"noopener\">THI\u1ebeT\u00a0B\u1eca \u0110I\u1ec6N LAMA<\/a><\/span><\/strong><\/span><\/p>\n<p><span style=\"font-size: 12pt; color: #000000;\"><strong>Tiktok:\u00a0<span style=\"color: #ff6600;\"><a style=\"color: #ff6600;\" href=\"https:\/\/www.tiktok.com\/@thietbidienlama\" target=\"_blank\" rel=\"noopener\">THI\u1ebeT\u00a0B\u1eca \u0110I\u1ec6N LAMA<\/a><\/span><\/strong><\/span><\/p>","protected":false},"excerpt":{"rendered":"<p>CB 3 Pha 40a Panasonic D\u00f2ng Ng\u1eaft 06kA BBD3403CNV CB 3 pha 40A Panasonic\u00a0c\u00f3 d\u00f2ng ng\u1eaft 6kA, m\u00e3 s\u1ea3n ph\u1ea9m<\/p>","protected":false},"featured_media":13429,"comment_status":"closed","ping_status":"closed","template":"","meta":[],"product_brand":[],"product_cat":[813],"product_tag":[951],"class_list":{"0":"post-13428","1":"product","2":"type-product","3":"status-publish","4":"has-post-thumbnail","6":"product_cat-cb-aptomat-panasonic","7":"product_tag-cb-3-pha-40a-panasonic","9":"first","10":"instock","11":"sale","12":"shipping-taxable","13":"purchasable","14":"product-type-simple"},"_links":{"self":[{"href":"https:\/\/www.thietbidienlama.com\/en\/wp-json\/wp\/v2\/product\/13428","targetHints":{"allow":["GET"]}}],"collection":[{"href":"https:\/\/www.thietbidienlama.com\/en\/wp-json\/wp\/v2\/product"}],"about":[{"href":"https:\/\/www.thietbidienlama.com\/en\/wp-json\/wp\/v2\/types\/product"}],"replies":[{"embeddable":true,"href":"https:\/\/www.thietbidienlama.com\/en\/wp-json\/wp\/v2\/comments?post=13428"}],"version-history":[{"count":2,"href":"https:\/\/www.thietbidienlama.com\/en\/wp-json\/wp\/v2\/product\/13428\/revisions"}],"predecessor-version":[{"id":13431,"href":"https:\/\/www.thietbidienlama.com\/en\/wp-json\/wp\/v2\/product\/13428\/revisions\/13431"}],"wp:featuredmedia":[{"embeddable":true,"href":"https:\/\/www.thietbidienlama.com\/en\/wp-json\/wp\/v2\/media\/13429"}],"wp:attachment":[{"href":"https:\/\/www.thietbidienlama.com\/en\/wp-json\/wp\/v2\/media?parent=13428"}],"wp:term":[{"taxonomy":"product_brand","embeddable":true,"href":"https:\/\/www.thietbidienlama.com\/en\/wp-json\/wp\/v2\/product_brand?post=13428"},{"taxonomy":"product_cat","embeddable":true,"href":"https:\/\/www.thietbidienlama.com\/en\/wp-json\/wp\/v2\/product_cat?post=13428"},{"taxonomy":"product_tag","embeddable":true,"href":"https:\/\/www.thietbidienlama.com\/en\/wp-json\/wp\/v2\/product_tag?post=13428"}],"curies":[{"name":"wp","href":"https:\/\/api.w.org\/{rel}","templated":true}]}}