{"id":13421,"date":"2025-10-30T08:56:09","date_gmt":"2025-10-30T01:56:09","guid":{"rendered":"https:\/\/thietbidienlama.com\/?post_type=product&#038;p=13421"},"modified":"2025-10-30T08:56:10","modified_gmt":"2025-10-30T01:56:10","slug":"rcbo-panasonic-63a","status":"publish","type":"product","link":"https:\/\/www.thietbidienlama.com\/en\/rcbo-panasonic-63a\/","title":{"rendered":"RCBO Panasonic 63a D\u00f2ng Ng\u1eaft 06kA BBDE26331CNV"},"content":{"rendered":"<h2 style=\"text-align: center;\"><span style=\"color: #000000;\">RCBO Panasonic 63a D\u00f2ng Ng\u1eaft 06kA BBDE26331CNV<\/span><\/h2>\n<p class=\"Y3BBE\" data-hveid=\"CAEIAhAA\" data-processed=\"true\" data-complete=\"true\"><span style=\"font-size: 12pt; color: #000000;\">Th\u00f4ng tin chi ti\u1ebft v\u1ec1 Aptomat ch\u1ed1ng r\u00f2 d\u00f2ng <strong><span style=\"color: #ff6600;\"><a style=\"color: #ff6600;\" href=\"https:\/\/thietbidienlama.com\/rcbo-panasonic-63a\/\">RCBO Panasonic 63A<\/a><\/span><\/strong> BBDE26331CNV v\u1edbi d\u00f2ng \u0111\u1ecbnh m\u1ee9c 63A v\u00e0 d\u00f2ng ng\u1eaft 06kA nh\u01b0 sau:<\/span><\/p>\n<p class=\"Fsg96\" data-complete=\"true\" data-processed=\"true\"><img fetchpriority=\"high\" decoding=\"async\" class=\"aligncenter wp-image-13407 size-medium\" src=\"http:\/\/thietbidienlama.com\/wp-content\/uploads\/2025\/10\/Rcbo-Panasonic-20a-Dong-Ngat-06kA-BBDE22031CNV-300x300.jpg\" alt=\"RCBO Panasonic 63a D\u00f2ng Ng\u1eaft 06kA BBDE26331CNV\" width=\"300\" height=\"300\" srcset=\"https:\/\/www.thietbidienlama.com\/wp-content\/uploads\/2025\/10\/Rcbo-Panasonic-20a-Dong-Ngat-06kA-BBDE22031CNV-300x300.jpg 300w, https:\/\/www.thietbidienlama.com\/wp-content\/uploads\/2025\/10\/Rcbo-Panasonic-20a-Dong-Ngat-06kA-BBDE22031CNV-150x150.jpg 150w, https:\/\/www.thietbidienlama.com\/wp-content\/uploads\/2025\/10\/Rcbo-Panasonic-20a-Dong-Ngat-06kA-BBDE22031CNV-12x12.jpg 12w, https:\/\/www.thietbidienlama.com\/wp-content\/uploads\/2025\/10\/Rcbo-Panasonic-20a-Dong-Ngat-06kA-BBDE22031CNV.jpg 500w\" sizes=\"(max-width: 300px) 100vw, 300px\" \/><\/p>\n<h3 class=\"otQkpb\" role=\"heading\" aria-level=\"3\" data-complete=\"true\" data-processed=\"true\"><span style=\"font-size: 14pt; color: #000000;\">Th\u00f4ng s\u1ed1 k\u1ef9 thu\u1eadt<\/span><\/h3>\n<ul class=\"KsbFXc U6u95\" data-complete=\"true\" data-processed=\"true\">\n<li data-hveid=\"CAEIBBAA\" data-complete=\"true\" data-sae=\"\"><span class=\"T286Pc\" style=\"font-size: 12pt; color: #000000;\" data-sfc-cp=\"\" data-complete=\"true\"><strong class=\"Yjhzub\" data-complete=\"true\">M\u00e3 s\u1ea3n ph\u1ea9m:<\/strong>\u00a0BBDE26331CNV<\/span><\/li>\n<li data-hveid=\"CAEIBBAB\" data-complete=\"true\" data-sae=\"\"><span class=\"T286Pc\" style=\"font-size: 12pt; color: #000000;\" data-sfc-cp=\"\" data-complete=\"true\"><strong class=\"Yjhzub\" data-complete=\"true\">Lo\u1ea1i:<\/strong> RCBO Panasonic 63A (Residual Current Breaker with Overcurrent protection)<\/span><\/li>\n<li data-hveid=\"CAEIBBAC\" data-complete=\"true\" data-sae=\"\"><span class=\"T286Pc\" style=\"font-size: 12pt; color: #000000;\" data-sfc-cp=\"\" data-complete=\"true\"><strong class=\"Yjhzub\" data-complete=\"true\">S\u1ed1 c\u1ef1c:<\/strong>\u00a02P1E (2 c\u1ef1c, 1 pha + trung t\u00ednh)<\/span><\/li>\n<li data-hveid=\"CAEIBBAD\" data-complete=\"true\" data-sae=\"\"><span class=\"T286Pc\" style=\"font-size: 12pt; color: #000000;\" data-sfc-cp=\"\" data-complete=\"true\"><strong class=\"Yjhzub\" data-complete=\"true\">D\u00f2ng \u0111i\u1ec7n \u0111\u1ecbnh m\u1ee9c (In):<\/strong>\u00a063A<\/span><\/li>\n<li data-hveid=\"CAEIBBAE\" data-complete=\"true\" data-sae=\"\"><span class=\"T286Pc\" style=\"font-size: 12pt; color: #000000;\" data-sfc-cp=\"\" data-complete=\"true\"><strong class=\"Yjhzub\" data-complete=\"true\">D\u00f2ng c\u1eaft ng\u1eafn m\u1ea1ch (Icu):<\/strong>\u00a06kA (\u1edf \u0111i\u1ec7n \u00e1p 240VAC)<\/span><\/li>\n<li data-hveid=\"CAEIBBAF\" data-complete=\"true\" data-sae=\"\"><span class=\"T286Pc\" style=\"font-size: 12pt; color: #000000;\" data-sfc-cp=\"\" data-complete=\"true\"><strong class=\"Yjhzub\" data-complete=\"true\">D\u00f2ng r\u00f2 \u0111\u1ecbnh m\u1ee9c (I\u2206n):<\/strong>\u00a030mA<\/span><\/li>\n<li data-hveid=\"CAEIBBAG\" data-complete=\"true\" data-sae=\"\"><span class=\"T286Pc\" style=\"font-size: 12pt; color: #000000;\" data-sfc-cp=\"\" data-complete=\"true\"><strong class=\"Yjhzub\" data-complete=\"true\">\u0110i\u1ec7n \u00e1p \u0111\u1ecbnh m\u1ee9c:<\/strong>\u00a0240VAC<\/span><\/li>\n<li data-hveid=\"CAEIBBAH\" data-complete=\"true\" data-sae=\"\"><span class=\"T286Pc\" style=\"font-size: 12pt; color: #000000;\" data-sfc-cp=\"\" data-complete=\"true\"><strong class=\"Yjhzub\" data-complete=\"true\">Ti\u00eau chu\u1ea9n:<\/strong>\u00a0IEC 601009<\/span><\/li>\n<li data-hveid=\"CAEIBBAI\" data-complete=\"true\" data-sae=\"\"><span class=\"T286Pc\" style=\"font-size: 12pt; color: #000000;\" data-sfc-cp=\"\" data-complete=\"true\"><strong class=\"Yjhzub\" data-complete=\"true\">Xu\u1ea5t x\u1ee9:<\/strong>\u00a0Vi\u1ec7t Nam<\/span><\/li>\n<li data-hveid=\"CAEIBBAJ\" data-complete=\"true\" data-sae=\"\"><span class=\"T286Pc\" style=\"font-size: 12pt; color: #000000;\" data-sfc-cp=\"\" data-complete=\"true\"><strong class=\"Yjhzub\" data-complete=\"true\">Th\u01b0\u01a1ng hi\u1ec7u:<\/strong>\u00a0Panasonic<\/span><\/li>\n<\/ul>\n<p class=\"Fsg96\" data-processed=\"true\" data-complete=\"true\">\n<h3 class=\"otQkpb\" role=\"heading\" aria-level=\"3\" data-complete=\"true\" data-processed=\"true\"><span style=\"font-size: 14pt; color: #000000;\">T\u00ednh n\u0103ng v\u00e0 c\u00f4ng d\u1ee5ng<\/span><\/h3>\n<ul class=\"KsbFXc U6u95\" data-processed=\"true\" data-complete=\"true\">\n<li data-hveid=\"CAEIBhAA\" data-complete=\"true\" data-sae=\"\"><span class=\"T286Pc\" style=\"font-size: 12pt; color: #000000;\" data-sfc-cp=\"\" data-complete=\"true\"><strong class=\"Yjhzub\" data-complete=\"true\">B\u1ea3o v\u1ec7 \u0111a n\u0103ng:<\/strong>\u00a0Thi\u1ebft b\u1ecb n\u00e0y t\u00edch h\u1ee3p ba ch\u1ee9c n\u0103ng b\u1ea3o v\u1ec7 trong m\u1ed9t s\u1ea3n ph\u1ea9m: b\u1ea3o v\u1ec7 qu\u00e1 t\u1ea3i, b\u1ea3o v\u1ec7 ng\u1eafn m\u1ea1ch v\u00e0 ch\u1ed1ng r\u00f2 d\u00f2ng (ch\u1ed1ng gi\u1eadt).<\/span><\/li>\n<li data-hveid=\"CAEIBhAB\" data-sae=\"\" data-complete=\"true\"><span class=\"T286Pc\" style=\"font-size: 12pt; color: #000000;\" data-sfc-cp=\"\" data-complete=\"true\"><strong class=\"Yjhzub\" data-complete=\"true\">An to\u00e0n cao:<\/strong>\u00a0T\u1ef1 \u0111\u1ed9ng ng\u1eaft m\u1ea1ch \u0111i\u1ec7n m\u1ed9t c\u00e1ch nhanh ch\u00f3ng v\u00e0 ch\u00ednh x\u00e1c khi ph\u00e1t hi\u1ec7n c\u00e1c s\u1ef1 c\u1ed1, gi\u00fap ng\u0103n ng\u1eeba nguy c\u01a1 ch\u00e1y n\u1ed5, h\u01b0 h\u1ecfng thi\u1ebft b\u1ecb v\u00e0 \u0111\u1eb7c bi\u1ec7t l\u00e0 b\u1ea3o v\u1ec7 an to\u00e0n cho ng\u01b0\u1eddi s\u1eed d\u1ee5ng.<\/span><\/li>\n<li data-hveid=\"CAEIBhAC\" data-complete=\"true\" data-processed=\"true\" data-sae=\"\"><span class=\"T286Pc\" style=\"font-size: 12pt; color: #000000;\" data-sfc-cp=\"\" data-complete=\"true\"><strong class=\"Yjhzub\" data-complete=\"true\">S\u1eed d\u1ee5ng r\u1ed9ng r\u00e3i:<\/strong>\u00a0Ph\u00f9 h\u1ee3p l\u1eafp \u0111\u1eb7t cho to\u00e0n b\u1ed9 h\u1ec7 th\u1ed1ng \u0111i\u1ec7n c\u1ee7a h\u1ed9 gia \u0111\u00ecnh, c\u00e1c c\u0103n h\u1ed9, c\u1eeda h\u00e0ng ho\u1eb7c d\u00f9ng cho c\u00e1c nh\u00e1nh m\u1ea1ch ri\u00eang bi\u1ec7t c\u1ea7n b\u1ea3o v\u1ec7 an to\u00e0n cao h\u01a1n.<\/span><\/li>\n<li data-hveid=\"CAEIBhAD\" data-complete=\"true\" data-processed=\"true\" data-sae=\"\"><span class=\"T286Pc\" style=\"font-size: 12pt; color: #000000;\" data-sfc-cp=\"\" data-complete=\"true\"><strong class=\"Yjhzub\" data-complete=\"true\">Ch\u1ea5t l\u01b0\u1ee3ng tin c\u1eady:<\/strong>\u00a0S\u1ea3n xu\u1ea5t t\u1eeb v\u1eadt li\u1ec7u nh\u1ef1a cao c\u1ea5p, c\u00f3 kh\u1ea3 n\u0103ng c\u00e1ch \u0111i\u1ec7n v\u00e0 ch\u1ecbu nhi\u1ec7t t\u1ed1t, \u0111\u1ea3m b\u1ea3o \u0111\u1ed9 b\u1ec1n v\u00e0 an to\u00e0n trong qu\u00e1 tr\u00ecnh s\u1eed d\u1ee5ng.<\/span><\/li>\n<li data-hveid=\"CAEIBhAE\" data-complete=\"true\" data-processed=\"true\" data-sae=\"\"><span class=\"T286Pc\" style=\"font-size: 12pt; color: #000000;\" data-sfc-cp=\"\" data-complete=\"true\"><strong class=\"Yjhzub\" data-complete=\"true\">Hi\u1ec3n th\u1ecb tr\u1ea1ng th\u00e1i r\u00f5 r\u00e0ng:<\/strong>\u00a0Thi\u1ebft k\u1ebf c\u00f3 ch\u1ec9 b\u00e1o gi\u00fap ng\u01b0\u1eddi d\u00f9ng d\u1ec5 d\u00e0ng ki\u1ec3m tra tr\u1ea1ng th\u00e1i ho\u1ea1t \u0111\u1ed9ng c\u1ee7a RCBO.<\/span><\/li>\n<\/ul>\n<p class=\"Fsg96\" data-complete=\"true\" data-processed=\"true\">\n<h3 class=\"otQkpb\" role=\"heading\" aria-level=\"3\" data-processed=\"true\" data-complete=\"true\"><span style=\"font-size: 14pt; color: #000000;\">Nguy\u00ean l\u00fd ho\u1ea1t \u0111\u1ed9ng<\/span><\/h3>\n<p class=\"Y3BBE\" data-hveid=\"CAEICBAA\" data-complete=\"true\" data-processed=\"true\"><span style=\"font-size: 12pt; color: #000000;\">RCBO BBDE26331CNV ho\u1ea1t \u0111\u1ed9ng b\u1eb1ng c\u00e1ch so s\u00e1nh d\u00f2ng \u0111i\u1ec7n \u0111i v\u00e0o v\u00e0 \u0111i ra. Khi ph\u00e1t hi\u1ec7n s\u1ef1 ch\u00eanh l\u1ec7ch (d\u00f2ng r\u00f2) v\u01b0\u1ee3t qu\u00e1 30mA, thi\u1ebft b\u1ecb s\u1ebd t\u1ef1 \u0111\u1ed9ng ng\u1eaft \u0111i\u1ec7n. \u0110\u1ed3ng th\u1eddi, c\u01a1 ch\u1ebf r\u01a1-le nhi\u1ec7t v\u00e0 r\u01a1-le t\u1eeb s\u1ebd ng\u1eaft m\u1ea1ch khi x\u1ea3y ra t\u00ecnh tr\u1ea1ng qu\u00e1 t\u1ea3i ho\u1eb7c ng\u1eafn m\u1ea1ch.<\/span><\/p>\n<p data-hveid=\"CAEICBAA\" data-complete=\"true\" data-processed=\"true\">\n<p class=\"Y3BBE\" data-hveid=\"CAEICBAA\" data-complete=\"true\" data-processed=\"true\"><span style=\"font-size: 12pt; color: #000000;\"><strong>LI\u00caN H\u1ec6 : Hotline: 0935 228 204 ( Ms Lam )<\/strong><\/span><\/p>\n<p><span style=\"font-size: 12pt; color: #000000;\"><strong>Facebook:\u00a0<span style=\"color: #ff6600;\"><a style=\"color: #ff6600;\" href=\"https:\/\/www.facebook.com\/thietbidienlama\" target=\"_blank\" rel=\"noopener\">THI\u1ebeT\u00a0B\u1eca \u0110I\u1ec6N LAMA<\/a><\/span><\/strong><\/span><\/p>\n<p><span style=\"font-size: 12pt; color: #000000;\"><strong>Tiktok:\u00a0<span style=\"color: #ff6600;\"><a style=\"color: #ff6600;\" href=\"https:\/\/www.tiktok.com\/@thietbidienlama\" target=\"_blank\" rel=\"noopener\">THI\u1ebeT\u00a0B\u1eca \u0110I\u1ec6N LAMA<\/a><\/span><\/strong><\/span><\/p>","protected":false},"excerpt":{"rendered":"<p>RCBO Panasonic 63a D\u00f2ng Ng\u1eaft 06kA BBDE26331CNV Th\u00f4ng tin chi ti\u1ebft v\u1ec1 Aptomat ch\u1ed1ng r\u00f2 d\u00f2ng RCBO Panasonic 63A BBDE26331CNV<\/p>","protected":false},"featured_media":13407,"comment_status":"closed","ping_status":"closed","template":"","meta":[],"product_brand":[],"product_cat":[813],"product_tag":[949],"class_list":{"0":"post-13421","1":"product","2":"type-product","3":"status-publish","4":"has-post-thumbnail","6":"product_cat-cb-aptomat-panasonic","7":"product_tag-rcbo-panasonic-63a","9":"first","10":"instock","11":"sale","12":"shipping-taxable","13":"purchasable","14":"product-type-simple"},"_links":{"self":[{"href":"https:\/\/www.thietbidienlama.com\/en\/wp-json\/wp\/v2\/product\/13421","targetHints":{"allow":["GET"]}}],"collection":[{"href":"https:\/\/www.thietbidienlama.com\/en\/wp-json\/wp\/v2\/product"}],"about":[{"href":"https:\/\/www.thietbidienlama.com\/en\/wp-json\/wp\/v2\/types\/product"}],"replies":[{"embeddable":true,"href":"https:\/\/www.thietbidienlama.com\/en\/wp-json\/wp\/v2\/comments?post=13421"}],"version-history":[{"count":2,"href":"https:\/\/www.thietbidienlama.com\/en\/wp-json\/wp\/v2\/product\/13421\/revisions"}],"predecessor-version":[{"id":13423,"href":"https:\/\/www.thietbidienlama.com\/en\/wp-json\/wp\/v2\/product\/13421\/revisions\/13423"}],"wp:featuredmedia":[{"embeddable":true,"href":"https:\/\/www.thietbidienlama.com\/en\/wp-json\/wp\/v2\/media\/13407"}],"wp:attachment":[{"href":"https:\/\/www.thietbidienlama.com\/en\/wp-json\/wp\/v2\/media?parent=13421"}],"wp:term":[{"taxonomy":"product_brand","embeddable":true,"href":"https:\/\/www.thietbidienlama.com\/en\/wp-json\/wp\/v2\/product_brand?post=13421"},{"taxonomy":"product_cat","embeddable":true,"href":"https:\/\/www.thietbidienlama.com\/en\/wp-json\/wp\/v2\/product_cat?post=13421"},{"taxonomy":"product_tag","embeddable":true,"href":"https:\/\/www.thietbidienlama.com\/en\/wp-json\/wp\/v2\/product_tag?post=13421"}],"curies":[{"name":"wp","href":"https:\/\/api.w.org\/{rel}","templated":true}]}}