{"id":13418,"date":"2025-10-30T08:51:03","date_gmt":"2025-10-30T01:51:03","guid":{"rendered":"https:\/\/thietbidienlama.com\/?post_type=product&#038;p=13418"},"modified":"2025-10-30T08:51:04","modified_gmt":"2025-10-30T01:51:04","slug":"rcbo-panasonic-50a","status":"publish","type":"product","link":"https:\/\/www.thietbidienlama.com\/en\/rcbo-panasonic-50a\/","title":{"rendered":"RCBO Panasonic 50a D\u00f2ng Ng\u1eaft 06kA BBDE25031CNV"},"content":{"rendered":"<h2 style=\"text-align: center;\"><span style=\"color: #000000;\">RCBO Panasonic 50a D\u00f2ng Ng\u1eaft 06kA BBDE25031CNV<\/span><\/h2>\n<p class=\"Y3BBE\" data-hveid=\"CAIQAA\" data-complete=\"true\" data-processed=\"true\"><span style=\"font-size: 12pt; color: #000000;\"><span class=\"T286Pc\" data-sfc-cp=\"\" data-complete=\"true\" data-processed=\"true\">Aptomat ch\u1ed1ng r\u00f2 d\u00f2ng <strong><span style=\"color: #ff6600;\"><a style=\"color: #ff6600;\" href=\"https:\/\/thietbidienlama.com\/rcbo-panasonic-50a\/\">RCBO Panasonic 50A<\/a><\/span><\/strong> BBDE25031CNV\u00a0l\u00e0 thi\u1ebft b\u1ecb b\u1ea3o v\u1ec7 t\u00edch h\u1ee3p nhi\u1ec1u ch\u1ee9c n\u0103ng an to\u00e0n trong m\u1ed9t s\u1ea3n ph\u1ea9m<\/span>. \u0110\u00e2y l\u00e0 d\u00f2ng s\u1ea3n ph\u1ea9m kinh t\u1ebf \u0111\u01b0\u1ee3c s\u1eed d\u1ee5ng r\u1ed9ng r\u00e3i trong c\u00e1c h\u1ec7 th\u1ed1ng \u0111i\u1ec7n d\u00e2n d\u1ee5ng v\u00e0 c\u00f4ng nghi\u1ec7p.<\/span><\/p>\n<p class=\"Fsg96\" data-complete=\"true\" data-processed=\"true\"><img fetchpriority=\"high\" decoding=\"async\" class=\"aligncenter wp-image-13407 size-medium\" src=\"http:\/\/thietbidienlama.com\/wp-content\/uploads\/2025\/10\/Rcbo-Panasonic-20a-Dong-Ngat-06kA-BBDE22031CNV-300x300.jpg\" alt=\"RCBO Panasonic 50a D\u00f2ng Ng\u1eaft 06kA BBDE25031CNV\" width=\"300\" height=\"300\" srcset=\"https:\/\/www.thietbidienlama.com\/wp-content\/uploads\/2025\/10\/Rcbo-Panasonic-20a-Dong-Ngat-06kA-BBDE22031CNV-300x300.jpg 300w, https:\/\/www.thietbidienlama.com\/wp-content\/uploads\/2025\/10\/Rcbo-Panasonic-20a-Dong-Ngat-06kA-BBDE22031CNV-150x150.jpg 150w, https:\/\/www.thietbidienlama.com\/wp-content\/uploads\/2025\/10\/Rcbo-Panasonic-20a-Dong-Ngat-06kA-BBDE22031CNV-12x12.jpg 12w, https:\/\/www.thietbidienlama.com\/wp-content\/uploads\/2025\/10\/Rcbo-Panasonic-20a-Dong-Ngat-06kA-BBDE22031CNV.jpg 500w\" sizes=\"(max-width: 300px) 100vw, 300px\" \/><\/p>\n<h3 class=\"otQkpb\" role=\"heading\" aria-level=\"3\" data-complete=\"true\" data-processed=\"true\"><span style=\"font-size: 14pt; color: #000000;\">Th\u00f4ng s\u1ed1 k\u1ef9 thu\u1eadt<\/span><\/h3>\n<ul class=\"KsbFXc U6u95\" data-complete=\"true\" data-processed=\"true\">\n<li data-hveid=\"CAQQAA\" data-complete=\"true\" data-sae=\"\"><span class=\"T286Pc\" style=\"font-size: 12pt; color: #000000;\" data-sfc-cp=\"\" data-complete=\"true\"><strong class=\"Yjhzub\" data-complete=\"true\">M\u00e3 s\u1ea3n ph\u1ea9m:<\/strong>\u00a0BBDE25031CNV<\/span><\/li>\n<li data-hveid=\"CAQQAQ\" data-complete=\"true\" data-sae=\"\"><span class=\"T286Pc\" style=\"font-size: 12pt; color: #000000;\" data-sfc-cp=\"\" data-complete=\"true\"><strong class=\"Yjhzub\" data-complete=\"true\">Lo\u1ea1i:<\/strong>\u00a0RCBO (C\u1ea7u dao b\u1ea3o v\u1ec7 qu\u00e1 t\u1ea3i, ng\u1eafn m\u1ea1ch v\u00e0 ch\u1ed1ng r\u00f2)<\/span><\/li>\n<li data-hveid=\"CAQQAg\" data-complete=\"true\" data-sae=\"\"><span class=\"T286Pc\" style=\"font-size: 12pt; color: #000000;\" data-sfc-cp=\"\" data-complete=\"true\"><strong class=\"Yjhzub\" data-complete=\"true\">S\u1ed1 pha:<\/strong>\u00a02P1E (2 c\u1ef1c, 1 pha + trung t\u00ednh)<\/span><\/li>\n<li data-hveid=\"CAQQAw\" data-complete=\"true\" data-sae=\"\"><span class=\"T286Pc\" style=\"font-size: 12pt; color: #000000;\" data-sfc-cp=\"\" data-complete=\"true\"><strong class=\"Yjhzub\" data-complete=\"true\">D\u00f2ng \u0111i\u1ec7n \u0111\u1ecbnh m\u1ee9c (In):<\/strong>\u00a050A<\/span><\/li>\n<li data-hveid=\"CAQQBA\" data-complete=\"true\" data-sae=\"\"><span class=\"T286Pc\" style=\"font-size: 12pt; color: #000000;\" data-sfc-cp=\"\" data-complete=\"true\"><strong class=\"Yjhzub\" data-complete=\"true\">D\u00f2ng c\u1eaft ng\u1eafn m\u1ea1ch (Icu):<\/strong>\u00a06kA (\u1edf \u0111i\u1ec7n \u00e1p 240VAC)<\/span><\/li>\n<li data-hveid=\"CAQQBQ\" data-complete=\"true\" data-sae=\"\"><span class=\"T286Pc\" style=\"font-size: 12pt; color: #000000;\" data-sfc-cp=\"\" data-complete=\"true\"><strong class=\"Yjhzub\" data-complete=\"true\">D\u00f2ng r\u00f2 \u0111\u1ecbnh m\u1ee9c (I\u2206n):<\/strong>\u00a030mA<\/span><\/li>\n<li data-hveid=\"CAQQBg\" data-complete=\"true\" data-sae=\"\"><span class=\"T286Pc\" style=\"font-size: 12pt; color: #000000;\" data-sfc-cp=\"\" data-complete=\"true\"><strong class=\"Yjhzub\" data-complete=\"true\">\u0110i\u1ec7n \u00e1p \u0111\u1ecbnh m\u1ee9c:<\/strong>\u00a0240VAC<\/span><\/li>\n<li data-hveid=\"CAQQBw\" data-complete=\"true\" data-sae=\"\"><span style=\"font-size: 12pt; color: #000000;\"><span class=\"T286Pc\" data-sfc-cp=\"\" data-complete=\"true\"><strong class=\"Yjhzub\" data-complete=\"true\">Th\u01b0\u01a1ng hi\u1ec7u:<\/strong>\u00a0Panasonic<\/span><\/span><\/li>\n<\/ul>\n<p class=\"Fsg96\" data-complete=\"true\" data-processed=\"true\">\n<h3 class=\"otQkpb\" role=\"heading\" aria-level=\"3\" data-complete=\"true\" data-processed=\"true\"><span style=\"font-size: 14pt; color: #000000;\">T\u00ednh n\u0103ng n\u1ed5i b\u1eadt<\/span><\/h3>\n<ul class=\"KsbFXc U6u95\" data-complete=\"true\" data-processed=\"true\">\n<li data-hveid=\"CAYQAA\" data-complete=\"true\" data-sae=\"\"><span class=\"T286Pc\" style=\"font-size: 12pt; color: #000000;\" data-sfc-cp=\"\" data-complete=\"true\"><strong class=\"Yjhzub\" data-complete=\"true\">B\u1ea3o v\u1ec7 to\u00e0n di\u1ec7n:<\/strong>\u00a0BBDE25031CNV b\u1ea3o v\u1ec7 thi\u1ebft b\u1ecb \u0111i\u1ec7n v\u00e0 ng\u01b0\u1eddi s\u1eed d\u1ee5ng kh\u1ecfi c\u00e1c s\u1ef1 c\u1ed1 nh\u01b0 qu\u00e1 t\u1ea3i, ng\u1eafn m\u1ea1ch v\u00e0 r\u00f2 r\u1ec9 d\u00f2ng \u0111i\u1ec7n.<\/span><\/li>\n<li data-hveid=\"CAYQAQ\" data-complete=\"true\" data-sae=\"\"><span class=\"T286Pc\" style=\"font-size: 12pt; color: #000000;\" data-sfc-cp=\"\" data-complete=\"true\"><strong class=\"Yjhzub\" data-complete=\"true\">An to\u00e0n cao:<\/strong>\u00a0T\u1ef1 \u0111\u1ed9ng ng\u1eaft m\u1ea1ch \u0111i\u1ec7n nhanh ch\u00f3ng v\u00e0 ch\u00ednh x\u00e1c khi ph\u00e1t hi\u1ec7n s\u1ef1 c\u1ed1, gi\u1ea3m thi\u1ec3u nguy c\u01a1 ch\u00e1y n\u1ed5 v\u00e0 \u0111i\u1ec7n gi\u1eadt.<\/span><\/li>\n<li data-hveid=\"CAYQAg\" data-complete=\"true\" data-sae=\"\"><span class=\"T286Pc\" style=\"font-size: 12pt; color: #000000;\" data-sfc-cp=\"\" data-complete=\"true\"><strong class=\"Yjhzub\" data-complete=\"true\">Ch\u1ea5t l\u01b0\u1ee3ng b\u1ec1n b\u1ec9:<\/strong>\u00a0L\u1edbp v\u1ecf \u0111\u01b0\u1ee3c l\u00e0m b\u1eb1ng v\u1eadt li\u1ec7u c\u00e1ch \u0111i\u1ec7n v\u00e0 c\u00e1ch nhi\u1ec7t cao, gi\u00fap thi\u1ebft b\u1ecb ho\u1ea1t \u0111\u1ed9ng \u1ed5n \u0111\u1ecbnh v\u00e0 an to\u00e0n.<\/span><\/li>\n<li data-hveid=\"CAYQAw\" data-complete=\"true\" data-sae=\"\"><span style=\"font-size: 12pt; color: #000000;\"><span class=\"T286Pc\" data-sfc-cp=\"\" data-complete=\"true\"><strong class=\"Yjhzub\" data-complete=\"true\">T\u00ecnh tr\u1ea1ng ho\u1ea1t \u0111\u1ed9ng r\u00f5 r\u00e0ng:<\/strong>\u00a0T\u00edch h\u1ee3p c\u00e1c ch\u1ec9 b\u00e1o hi\u1ec3n th\u1ecb tr\u1ea1ng th\u00e1i \u0111\u00f3ng\/ng\u1eaft\/ng\u1eafn m\u1ea1ch gi\u00fap ng\u01b0\u1eddi d\u00f9ng d\u1ec5 d\u00e0ng ki\u1ec3m tra.<\/span><\/span><\/li>\n<\/ul>\n<p class=\"Fsg96\" data-processed=\"true\" data-complete=\"true\">\n<h3 class=\"otQkpb\" role=\"heading\" aria-level=\"3\" data-complete=\"true\" data-processed=\"true\"><span style=\"font-size: 14pt; color: #000000;\">\u1ee8ng d\u1ee5ng<\/span><\/h3>\n<p class=\"Y3BBE\" data-hveid=\"CAgQAA\" data-complete=\"true\" data-processed=\"true\"><span style=\"font-size: 12pt; color: #000000;\">RCBO Panasonic 50A BBDE25031CNV th\u01b0\u1eddng \u0111\u01b0\u1ee3c l\u1eafp \u0111\u1eb7t \u0111\u1ec3 b\u1ea3o v\u1ec7 cho to\u00e0n b\u1ed9 h\u1ec7 th\u1ed1ng \u0111i\u1ec7n c\u1ee7a c\u00e1c h\u1ed9 gia \u0111\u00ecnh, c\u1eeda h\u00e0ng nh\u1ecf ho\u1eb7c c\u00e1c nh\u00e1nh m\u1ea1ch ri\u00eang bi\u1ec7t trong h\u1ec7 th\u1ed1ng \u0111i\u1ec7n l\u1edbn h\u01a1n.<\/span><\/p>\n<p data-hveid=\"CAgQAA\" data-complete=\"true\" data-processed=\"true\">\n<p class=\"Y3BBE\" data-hveid=\"CAEICBAA\" data-complete=\"true\" data-processed=\"true\"><span style=\"font-size: 12pt; color: #000000;\"><strong>LI\u00caN H\u1ec6 : Hotline: 0935 228 204 ( Ms Lam )<\/strong><\/span><\/p>\n<p><span style=\"font-size: 12pt; color: #000000;\"><strong>Facebook:\u00a0<span style=\"color: #ff6600;\"><a style=\"color: #ff6600;\" href=\"https:\/\/www.facebook.com\/thietbidienlama\" target=\"_blank\" rel=\"noopener\">THI\u1ebeT\u00a0B\u1eca \u0110I\u1ec6N LAMA<\/a><\/span><\/strong><\/span><\/p>\n<p><span style=\"font-size: 12pt; color: #000000;\"><strong>Tiktok:\u00a0<span style=\"color: #ff6600;\"><a style=\"color: #ff6600;\" href=\"https:\/\/www.tiktok.com\/@thietbidienlama\" target=\"_blank\" rel=\"noopener\">THI\u1ebeT\u00a0B\u1eca \u0110I\u1ec6N LAMA<\/a><\/span><\/strong><\/span><\/p>","protected":false},"excerpt":{"rendered":"<p>RCBO Panasonic 50a D\u00f2ng Ng\u1eaft 06kA BBDE25031CNV Aptomat ch\u1ed1ng r\u00f2 d\u00f2ng RCBO Panasonic 50A BBDE25031CNV\u00a0l\u00e0 thi\u1ebft b\u1ecb b\u1ea3o v\u1ec7 t\u00edch<\/p>","protected":false},"featured_media":13407,"comment_status":"closed","ping_status":"closed","template":"","meta":[],"product_brand":[],"product_cat":[813],"product_tag":[948],"class_list":{"0":"post-13418","1":"product","2":"type-product","3":"status-publish","4":"has-post-thumbnail","6":"product_cat-cb-aptomat-panasonic","7":"product_tag-rcbo-panasonic-50a","9":"first","10":"instock","11":"sale","12":"shipping-taxable","13":"purchasable","14":"product-type-simple"},"_links":{"self":[{"href":"https:\/\/www.thietbidienlama.com\/en\/wp-json\/wp\/v2\/product\/13418","targetHints":{"allow":["GET"]}}],"collection":[{"href":"https:\/\/www.thietbidienlama.com\/en\/wp-json\/wp\/v2\/product"}],"about":[{"href":"https:\/\/www.thietbidienlama.com\/en\/wp-json\/wp\/v2\/types\/product"}],"replies":[{"embeddable":true,"href":"https:\/\/www.thietbidienlama.com\/en\/wp-json\/wp\/v2\/comments?post=13418"}],"version-history":[{"count":2,"href":"https:\/\/www.thietbidienlama.com\/en\/wp-json\/wp\/v2\/product\/13418\/revisions"}],"predecessor-version":[{"id":13420,"href":"https:\/\/www.thietbidienlama.com\/en\/wp-json\/wp\/v2\/product\/13418\/revisions\/13420"}],"wp:featuredmedia":[{"embeddable":true,"href":"https:\/\/www.thietbidienlama.com\/en\/wp-json\/wp\/v2\/media\/13407"}],"wp:attachment":[{"href":"https:\/\/www.thietbidienlama.com\/en\/wp-json\/wp\/v2\/media?parent=13418"}],"wp:term":[{"taxonomy":"product_brand","embeddable":true,"href":"https:\/\/www.thietbidienlama.com\/en\/wp-json\/wp\/v2\/product_brand?post=13418"},{"taxonomy":"product_cat","embeddable":true,"href":"https:\/\/www.thietbidienlama.com\/en\/wp-json\/wp\/v2\/product_cat?post=13418"},{"taxonomy":"product_tag","embeddable":true,"href":"https:\/\/www.thietbidienlama.com\/en\/wp-json\/wp\/v2\/product_tag?post=13418"}],"curies":[{"name":"wp","href":"https:\/\/api.w.org\/{rel}","templated":true}]}}