{"id":13414,"date":"2025-10-28T15:57:12","date_gmt":"2025-10-28T08:57:12","guid":{"rendered":"https:\/\/thietbidienlama.com\/?post_type=product&#038;p=13414"},"modified":"2025-10-28T15:57:12","modified_gmt":"2025-10-28T08:57:12","slug":"rcbo-panasonic-40a","status":"publish","type":"product","link":"https:\/\/www.thietbidienlama.com\/en\/rcbo-panasonic-40a\/","title":{"rendered":"RCBO Panasonic 40a D\u00f2ng Ng\u1eaft 06kA BBDE24031CNV"},"content":{"rendered":"<h2 style=\"text-align: center;\"><span style=\"color: #000000;\">RCBO Panasonic 40a D\u00f2ng Ng\u1eaft 06kA BBDE24031CNV<\/span><\/h2>\n<p data-hveid=\"CAEIAxAA\" data-complete=\"true\" data-processed=\"true\"><span style=\"font-size: 12pt; color: #000000;\"><strong><span style=\"color: #ff6600;\"><a style=\"color: #ff6600;\" href=\"https:\/\/thietbidienlama.com\/rcbo-panasonic-40a\/\">RCBO Panasonic 40A<\/a><\/span><\/strong>\u00a0d\u00f2ng ng\u1eaft 06kA, m\u00e3 BBDE24031CNV\u00a0l\u00e0 m\u1ed9t thi\u1ebft b\u1ecb an to\u00e0n \u0111i\u1ec7n t\u00edch h\u1ee3p, b\u1ea3o v\u1ec7 h\u1ec7 th\u1ed1ng \u0111i\u1ec7n v\u00e0 ng\u01b0\u1eddi s\u1eed d\u1ee5ng kh\u1ecfi c\u00e1c s\u1ef1 c\u1ed1 qu\u00e1 t\u1ea3i, ng\u1eafn m\u1ea1ch v\u00e0 r\u00f2 r\u1ec9 \u0111i\u1ec7n. V\u1edbi d\u00f2ng \u0111i\u1ec7n \u0111\u1ecbnh m\u1ee9c 40A, thi\u1ebft b\u1ecb n\u00e0y ph\u00f9 h\u1ee3p cho c\u00e1c m\u1ea1ch \u0111i\u1ec7n c\u00f3 c\u00f4ng su\u1ea5t ti\u00eau th\u1ee5 l\u1edbn trong c\u1ea3 d\u00e2n d\u1ee5ng v\u00e0 c\u00f4ng nghi\u1ec7p nh\u1eb9.<\/span><\/p>\n<p data-complete=\"true\" data-processed=\"true\"><img fetchpriority=\"high\" decoding=\"async\" class=\"aligncenter wp-image-13407 size-medium\" src=\"http:\/\/thietbidienlama.com\/wp-content\/uploads\/2025\/10\/Rcbo-Panasonic-20a-Dong-Ngat-06kA-BBDE22031CNV-300x300.jpg\" alt=\"RCBO Panasonic 40a D\u00f2ng Ng\u1eaft 06kA BBDE24031CNV\" width=\"300\" height=\"300\" srcset=\"https:\/\/www.thietbidienlama.com\/wp-content\/uploads\/2025\/10\/Rcbo-Panasonic-20a-Dong-Ngat-06kA-BBDE22031CNV-300x300.jpg 300w, https:\/\/www.thietbidienlama.com\/wp-content\/uploads\/2025\/10\/Rcbo-Panasonic-20a-Dong-Ngat-06kA-BBDE22031CNV-150x150.jpg 150w, https:\/\/www.thietbidienlama.com\/wp-content\/uploads\/2025\/10\/Rcbo-Panasonic-20a-Dong-Ngat-06kA-BBDE22031CNV-12x12.jpg 12w, https:\/\/www.thietbidienlama.com\/wp-content\/uploads\/2025\/10\/Rcbo-Panasonic-20a-Dong-Ngat-06kA-BBDE22031CNV.jpg 500w\" sizes=\"(max-width: 300px) 100vw, 300px\" \/><\/p>\n<h3 role=\"heading\" aria-level=\"3\" data-processed=\"true\" data-complete=\"true\"><span style=\"font-size: 14pt; color: #000000;\">Th\u00f4ng s\u1ed1 k\u1ef9 thu\u1eadt<\/span><\/h3>\n<ul data-complete=\"true\" data-processed=\"true\">\n<li data-hveid=\"CAEIBRAA\" data-complete=\"true\" data-sae=\"\"><span style=\"font-size: 12pt; color: #000000;\">M\u00e3 s\u1ea3n ph\u1ea9m:\u00a0BBDE24031CNV.<\/span><\/li>\n<li data-hveid=\"CAEIBRAB\" data-complete=\"true\" data-sae=\"\"><span style=\"font-size: 12pt; color: #000000;\">S\u1ed1 c\u1ef1c:\u00a02P1E (2 t\u00e9p), c\u00f3 kh\u1ea3 n\u0103ng ng\u1eaft c\u1ea3 d\u00e2y n\u00f3ng v\u00e0 d\u00e2y trung t\u00ednh khi x\u1ea3y ra s\u1ef1 c\u1ed1.<\/span><\/li>\n<li data-hveid=\"CAEIBRAC\" data-complete=\"true\" data-sae=\"\"><span style=\"font-size: 12pt; color: #000000;\">D\u00f2ng \u0111i\u1ec7n \u0111\u1ecbnh m\u1ee9c:\u00a040A.<\/span><\/li>\n<li data-hveid=\"CAEIBRAD\" data-complete=\"true\" data-sae=\"\"><span style=\"font-size: 12pt; color: #000000;\">\u0110i\u1ec7n \u00e1p \u0111\u1ecbnh m\u1ee9c:\u00a0240VAC.<\/span><\/li>\n<li data-hveid=\"CAEIBRAE\" data-complete=\"true\" data-sae=\"\"><span style=\"font-size: 12pt; color: #000000;\">D\u00f2ng c\u1eaft ng\u1eafn m\u1ea1ch \u0111\u1ecbnh m\u1ee9c:\u00a006kA (6.000A).<\/span><\/li>\n<li data-hveid=\"CAEIBRAF\" data-complete=\"true\" data-sae=\"\"><span style=\"font-size: 12pt; color: #000000;\">D\u00f2ng r\u00f2:\u00a030mA, t\u1ef1 \u0111\u1ed9ng ng\u1eaft \u0111i\u1ec7n \u0111\u1ec3 ch\u1ed1ng gi\u1eadt khi ph\u00e1t hi\u1ec7n d\u00f2ng r\u00f2 v\u01b0\u1ee3t qu\u00e1 gi\u1edbi h\u1ea1n an to\u00e0n.<\/span><\/li>\n<li data-hveid=\"CAEIBRAG\" data-complete=\"true\" data-sae=\"\"><span style=\"font-size: 12pt; color: #000000;\">Ch\u1ee9c n\u0103ng:\u00a0B\u1ea3o v\u1ec7 qu\u00e1 t\u1ea3i, ng\u1eafn m\u1ea1ch v\u00e0 ch\u1ed1ng r\u00f2 \u0111i\u1ec7n.<\/span><\/li>\n<li data-hveid=\"CAEIBRAH\" data-complete=\"true\" data-sae=\"\"><span style=\"font-size: 12pt; color: #000000;\">Ti\u00eau chu\u1ea9n: \u0110\u00e1p \u1ee9ng c\u00e1c ti\u00eau chu\u1ea9n an to\u00e0n IEC\/EN 61008-1.<\/span><\/li>\n<\/ul>\n<p data-complete=\"true\" data-processed=\"true\">\n<h3 role=\"heading\" aria-level=\"3\" data-complete=\"true\" data-processed=\"true\"><span style=\"font-size: 14pt; color: #000000;\">\u1ee8ng d\u1ee5ng<\/span><\/h3>\n<p data-hveid=\"CAEIBxAA\" data-complete=\"true\" data-processed=\"true\"><span style=\"font-size: 12pt; color: #000000;\">RCBO Panasonic 40A BBDE24031CNV th\u01b0\u1eddng \u0111\u01b0\u1ee3c s\u1eed d\u1ee5ng trong c\u00e1c tr\u01b0\u1eddng h\u1ee3p sau:<\/span><\/p>\n<ul data-complete=\"true\" data-processed=\"true\">\n<li data-hveid=\"CAEICBAA\" data-complete=\"true\" data-sae=\"\"><span style=\"font-size: 12pt; color: #000000;\">L\u1eafp \u0111\u1eb7t l\u00e0m c\u1ea7u dao t\u1ed5ng:\u00a0Cho c\u00e1c c\u0103n h\u1ed9, nh\u00e0 \u1edf, ho\u1eb7c c\u00e1c khu v\u1ef1c trong nh\u00e0 c\u00f3 nhi\u1ec1u thi\u1ebft b\u1ecb \u0111i\u1ec7n.<\/span><\/li>\n<li data-hveid=\"CAEICBAB\" data-complete=\"true\" data-sae=\"\"><span style=\"font-size: 12pt; color: #000000;\">B\u1ea3o v\u1ec7 ri\u00eang l\u1ebb:\u00a0Cho c\u00e1c thi\u1ebft b\u1ecb c\u00f3 c\u00f4ng su\u1ea5t l\u1edbn nh\u01b0 b\u1ebfp t\u1eeb, m\u00e1y n\u01b0\u1edbc n\u00f3ng tr\u1ef1c ti\u1ebfp, ho\u1eb7c m\u00e1y \u0111i\u1ec1u h\u00f2a t\u1ed5ng.<\/span><\/li>\n<li data-hveid=\"CAEICBAC\" data-complete=\"true\" data-sae=\"\"><span style=\"font-size: 12pt; color: #000000;\">Trong c\u00e1c h\u1ec7 th\u1ed1ng \u0111i\u1ec7n c\u00f4ng nghi\u1ec7p nh\u1eb9 v\u00e0 th\u01b0\u01a1ng m\u1ea1i, n\u01a1i c\u1ea7n b\u1ea3o v\u1ec7 m\u1ea1nh m\u1ebd h\u01a1n so v\u1edbi c\u00e1c d\u00f2ng RCBO c\u00f3 c\u00f4ng su\u1ea5t th\u1ea5p h\u01a1n.\u00a0<\/span><\/li>\n<\/ul>\n<p data-complete=\"true\" data-processed=\"true\">\n<h3 role=\"heading\" aria-level=\"3\" data-complete=\"true\" data-processed=\"true\"><span style=\"font-size: 14pt; color: #000000;\">L\u1ee3i \u00edch<\/span><\/h3>\n<ul data-complete=\"true\" data-processed=\"true\">\n<li data-hveid=\"CAEIDBAA\" data-complete=\"true\" data-sae=\"\"><span style=\"font-size: 12pt; color: #000000;\">An to\u00e0n cao:\u00a0T\u00edch h\u1ee3p ba ch\u1ee9c n\u0103ng b\u1ea3o v\u1ec7 trong m\u1ed9t thi\u1ebft b\u1ecb, gi\u00fap b\u1ea3o v\u1ec7 to\u00e0n di\u1ec7n h\u01a1n so v\u1edbi vi\u1ec7c ch\u1ec9 s\u1eed d\u1ee5ng MCB.<\/span><\/li>\n<li data-hveid=\"CAEIDBAB\" data-complete=\"true\" data-sae=\"\"><span style=\"font-size: 12pt; color: #000000;\">Ch\u00ednh x\u00e1c v\u00e0 tin c\u1eady:\u00a0Kh\u1ea3 n\u0103ng t\u1ef1 \u0111\u1ed9ng ng\u1eaft m\u1ea1ch nhanh ch\u00f3ng v\u00e0 ch\u00ednh x\u00e1c khi c\u00f3 s\u1ef1 c\u1ed1, nh\u1edd c\u01a1 ch\u1ebf nh\u1ea3y ti\u1ebfp x\u00fac kh\u00f4ng ph\u1ee5 thu\u1ed9c v\u00e0o thao t\u00e1c c\u1ee7a ng\u01b0\u1eddi d\u00f9ng.<\/span><\/li>\n<li data-hveid=\"CAEIDBAC\" data-complete=\"true\" data-sae=\"\"><span style=\"font-size: 12pt; color: #000000;\">B\u1ec1n b\u1ec9:\u00a0\u0110\u01b0\u1ee3c s\u1ea3n xu\u1ea5t theo ti\u00eau chu\u1ea9n qu\u1ed1c t\u1ebf, \u0111\u1ea3m b\u1ea3o \u0111\u1ed9 b\u1ec1n v\u00e0 tu\u1ed5i th\u1ecd cao, ho\u1ea1t \u0111\u1ed9ng \u1ed5n \u0111\u1ecbnh trong nhi\u1ec1u \u0111i\u1ec1u ki\u1ec7n kh\u00e1c nhau.<\/span><\/li>\n<\/ul>\n<p>&nbsp;<\/p>\n<p class=\"Y3BBE\" data-hveid=\"CAEICBAA\" data-complete=\"true\" data-processed=\"true\"><span style=\"font-size: 12pt; color: #000000;\"><strong>LI\u00caN H\u1ec6 : Hotline: 0935 228 204 ( Ms Lam )<\/strong><\/span><\/p>\n<p><span style=\"font-size: 12pt; color: #000000;\"><strong>Facebook:\u00a0<span style=\"color: #ff6600;\"><a style=\"color: #ff6600;\" href=\"https:\/\/www.facebook.com\/thietbidienlama\" target=\"_blank\" rel=\"noopener\">THI\u1ebeT\u00a0B\u1eca \u0110I\u1ec6N LAMA<\/a><\/span><\/strong><\/span><\/p>\n<p><span style=\"font-size: 12pt; color: #000000;\"><strong>Tiktok:\u00a0<span style=\"color: #ff6600;\"><a style=\"color: #ff6600;\" href=\"https:\/\/www.tiktok.com\/@thietbidienlama\" target=\"_blank\" rel=\"noopener\">THI\u1ebeT\u00a0B\u1eca \u0110I\u1ec6N LAMA<\/a><\/span><\/strong><\/span><\/p>","protected":false},"excerpt":{"rendered":"<p>RCBO Panasonic 40a D\u00f2ng Ng\u1eaft 06kA BBDE24031CNV RCBO Panasonic 40A\u00a0d\u00f2ng ng\u1eaft 06kA, m\u00e3 BBDE24031CNV\u00a0l\u00e0 m\u1ed9t thi\u1ebft b\u1ecb an to\u00e0n \u0111i\u1ec7n<\/p>","protected":false},"featured_media":13407,"comment_status":"closed","ping_status":"closed","template":"","meta":[],"product_brand":[],"product_cat":[813],"product_tag":[947],"class_list":{"0":"post-13414","1":"product","2":"type-product","3":"status-publish","4":"has-post-thumbnail","6":"product_cat-cb-aptomat-panasonic","7":"product_tag-rcbo-panasonic-40a","9":"first","10":"instock","11":"sale","12":"shipping-taxable","13":"purchasable","14":"product-type-simple"},"_links":{"self":[{"href":"https:\/\/www.thietbidienlama.com\/en\/wp-json\/wp\/v2\/product\/13414","targetHints":{"allow":["GET"]}}],"collection":[{"href":"https:\/\/www.thietbidienlama.com\/en\/wp-json\/wp\/v2\/product"}],"about":[{"href":"https:\/\/www.thietbidienlama.com\/en\/wp-json\/wp\/v2\/types\/product"}],"replies":[{"embeddable":true,"href":"https:\/\/www.thietbidienlama.com\/en\/wp-json\/wp\/v2\/comments?post=13414"}],"version-history":[{"count":2,"href":"https:\/\/www.thietbidienlama.com\/en\/wp-json\/wp\/v2\/product\/13414\/revisions"}],"predecessor-version":[{"id":13416,"href":"https:\/\/www.thietbidienlama.com\/en\/wp-json\/wp\/v2\/product\/13414\/revisions\/13416"}],"wp:featuredmedia":[{"embeddable":true,"href":"https:\/\/www.thietbidienlama.com\/en\/wp-json\/wp\/v2\/media\/13407"}],"wp:attachment":[{"href":"https:\/\/www.thietbidienlama.com\/en\/wp-json\/wp\/v2\/media?parent=13414"}],"wp:term":[{"taxonomy":"product_brand","embeddable":true,"href":"https:\/\/www.thietbidienlama.com\/en\/wp-json\/wp\/v2\/product_brand?post=13414"},{"taxonomy":"product_cat","embeddable":true,"href":"https:\/\/www.thietbidienlama.com\/en\/wp-json\/wp\/v2\/product_cat?post=13414"},{"taxonomy":"product_tag","embeddable":true,"href":"https:\/\/www.thietbidienlama.com\/en\/wp-json\/wp\/v2\/product_tag?post=13414"}],"curies":[{"name":"wp","href":"https:\/\/api.w.org\/{rel}","templated":true}]}}