{"id":13410,"date":"2025-10-28T15:52:15","date_gmt":"2025-10-28T08:52:15","guid":{"rendered":"https:\/\/thietbidienlama.com\/?post_type=product&#038;p=13410"},"modified":"2025-10-28T15:52:15","modified_gmt":"2025-10-28T08:52:15","slug":"rcbo-panasonic-32a","status":"publish","type":"product","link":"https:\/\/www.thietbidienlama.com\/en\/rcbo-panasonic-32a\/","title":{"rendered":"RCBO Panasonic 32a D\u00f2ng Ng\u1eaft 06kA BBDE23231CNV"},"content":{"rendered":"<h2 style=\"text-align: center;\"><span style=\"color: #000000;\">RCBO Panasonic 32a D\u00f2ng Ng\u1eaft 06kA BBDE23231CNV<\/span><\/h2>\n<p data-hveid=\"CAEIAxAA\" data-complete=\"true\" data-processed=\"true\"><span style=\"font-size: 12pt; color: #000000;\"><strong><span style=\"color: #ff6600;\"><a style=\"color: #ff6600;\" href=\"https:\/\/thietbidienlama.com\/rcbo-panasonic-32a\/\">RCBO Panasonic 32A<\/a><\/span><\/strong> d\u00f2ng ng\u1eaft 06kA, m\u00e3 BBDE23231CNV\u00a0l\u00e0 m\u1ed9t thi\u1ebft b\u1ecb an to\u00e0n \u0111i\u1ec7n t\u00edch h\u1ee3p, cung c\u1ea5p b\u1ea3o v\u1ec7 to\u00e0n di\u1ec7n ch\u1ed1ng l\u1ea1i qu\u00e1 t\u1ea3i, ng\u1eafn m\u1ea1ch v\u00e0 r\u00f2 r\u1ec9 \u0111i\u1ec7n. V\u1edbi d\u00f2ng \u0111i\u1ec7n \u0111\u1ecbnh m\u1ee9c 32A, thi\u1ebft b\u1ecb n\u00e0y ph\u00f9 h\u1ee3p \u0111\u1ec3 b\u1ea3o v\u1ec7 c\u00e1c m\u1ea1ch \u0111i\u1ec7n c\u00f3 c\u00f4ng su\u1ea5t l\u1edbn h\u01a1n so v\u1edbi lo\u1ea1i 20A.<\/span><\/p>\n<p data-complete=\"true\" data-processed=\"true\"><img fetchpriority=\"high\" decoding=\"async\" class=\"aligncenter wp-image-13407 size-medium\" src=\"http:\/\/thietbidienlama.com\/wp-content\/uploads\/2025\/10\/Rcbo-Panasonic-20a-Dong-Ngat-06kA-BBDE22031CNV-300x300.jpg\" alt=\"RCBO Panasonic 32a D\u00f2ng Ng\u1eaft 06kA BBDE23231CNV\" width=\"300\" height=\"300\" srcset=\"https:\/\/www.thietbidienlama.com\/wp-content\/uploads\/2025\/10\/Rcbo-Panasonic-20a-Dong-Ngat-06kA-BBDE22031CNV-300x300.jpg 300w, https:\/\/www.thietbidienlama.com\/wp-content\/uploads\/2025\/10\/Rcbo-Panasonic-20a-Dong-Ngat-06kA-BBDE22031CNV-150x150.jpg 150w, https:\/\/www.thietbidienlama.com\/wp-content\/uploads\/2025\/10\/Rcbo-Panasonic-20a-Dong-Ngat-06kA-BBDE22031CNV-12x12.jpg 12w, https:\/\/www.thietbidienlama.com\/wp-content\/uploads\/2025\/10\/Rcbo-Panasonic-20a-Dong-Ngat-06kA-BBDE22031CNV.jpg 500w\" sizes=\"(max-width: 300px) 100vw, 300px\" \/><\/p>\n<p role=\"heading\" aria-level=\"3\" data-complete=\"true\" data-processed=\"true\"><span style=\"font-size: 12pt; color: #000000;\">Th\u00f4ng s\u1ed1 k\u1ef9 thu\u1eadt<\/span><\/p>\n<ul data-complete=\"true\" data-processed=\"true\">\n<li data-hveid=\"CAEIBRAA\" data-complete=\"true\" data-sae=\"\"><span style=\"font-size: 12pt; color: #000000;\">M\u00e3 s\u1ea3n ph\u1ea9m:\u00a0BBDE23231CNV.<\/span><\/li>\n<li data-hveid=\"CAEIBRAB\" data-complete=\"true\" data-sae=\"\"><span style=\"font-size: 12pt; color: #000000;\">S\u1ed1 c\u1ef1c:\u00a02P1E (2 t\u00e9p), c\u00f3 kh\u1ea3 n\u0103ng ng\u1eaft \u0111\u1ed3ng th\u1eddi c\u1ea3 d\u00e2y n\u00f3ng v\u00e0 d\u00e2y trung t\u00ednh khi x\u1ea3y ra s\u1ef1 c\u1ed1.<\/span><\/li>\n<li data-hveid=\"CAEIBRAC\" data-complete=\"true\" data-sae=\"\"><span style=\"font-size: 12pt; color: #000000;\">D\u00f2ng \u0111i\u1ec7n \u0111\u1ecbnh m\u1ee9c:\u00a032A, cho ph\u00e9p thi\u1ebft b\u1ecb ho\u1ea1t \u0111\u1ed9ng \u1ed5n \u0111\u1ecbnh v\u1edbi d\u00f2ng \u0111i\u1ec7n t\u1ed1i \u0111a l\u00e0 32A.<\/span><\/li>\n<li data-hveid=\"CAEIBRAD\" data-complete=\"true\" data-sae=\"\"><span style=\"font-size: 12pt; color: #000000;\">\u0110i\u1ec7n \u00e1p \u0111\u1ecbnh m\u1ee9c:\u00a0240VAC, ti\u00eau chu\u1ea9n cho c\u00e1c h\u1ec7 th\u1ed1ng \u0111i\u1ec7n d\u00e2n d\u1ee5ng t\u1ea1i Vi\u1ec7t Nam.<\/span><\/li>\n<li data-hveid=\"CAEIBRAE\" data-complete=\"true\" data-sae=\"\"><span style=\"font-size: 12pt; color: #000000;\">D\u00f2ng c\u1eaft ng\u1eafn m\u1ea1ch: 06kA (6.000A), l\u00e0 kh\u1ea3 n\u0103ng ch\u1ecbu \u0111\u1ef1ng c\u1ee7a RCBO Panasonic 32A khi c\u00f3 s\u1ef1 c\u1ed1 ng\u1eafn m\u1ea1ch.<\/span><\/li>\n<li data-hveid=\"CAEIBRAF\" data-complete=\"true\" data-sae=\"\"><span style=\"font-size: 12pt; color: #000000;\">D\u00f2ng r\u00f2:\u00a030mA, gi\u00fap ch\u1ed1ng gi\u1eadt hi\u1ec7u qu\u1ea3 b\u1eb1ng c\u00e1ch t\u1ef1 \u0111\u1ed9ng ng\u1eaft \u0111i\u1ec7n khi ph\u00e1t hi\u1ec7n d\u00f2ng r\u00f2 v\u01b0\u1ee3t qu\u00e1 m\u1ee9c an to\u00e0n.<\/span><\/li>\n<li data-hveid=\"CAEIBRAG\" data-complete=\"true\" data-sae=\"\"><span style=\"font-size: 12pt; color: #000000;\">Ch\u1ee9c n\u0103ng:\u00a0B\u1ea3o v\u1ec7 qu\u00e1 t\u1ea3i, ng\u1eafn m\u1ea1ch v\u00e0 ch\u1ed1ng r\u00f2 \u0111i\u1ec7n.<\/span><\/li>\n<li data-hveid=\"CAEIBRAH\" data-complete=\"true\" data-sae=\"\"><span style=\"font-size: 12pt; color: #000000;\">Ti\u00eau chu\u1ea9n: \u0110\u00e1p \u1ee9ng ti\u00eau chu\u1ea9n IEC 601009.<\/span><\/li>\n<\/ul>\n<p data-complete=\"true\" data-processed=\"true\">\n<p role=\"heading\" aria-level=\"3\" data-complete=\"true\" data-processed=\"true\"><span style=\"font-size: 12pt; color: #000000;\">\u1ee8ng d\u1ee5ng<\/span><\/p>\n<ul data-complete=\"true\" data-processed=\"true\">\n<li data-hveid=\"CAEIBxAA\" data-complete=\"true\" data-sae=\"\"><span style=\"font-size: 12pt; color: #000000;\">B\u1ea3o v\u1ec7 t\u1ed5ng\u00a0cho c\u0103n h\u1ed9, m\u1ed9t t\u1ea7ng ho\u1eb7c m\u1ed9t nh\u00e1nh m\u1ea1ch \u0111i\u1ec7n ri\u00eang bi\u1ec7t trong nh\u00e0 \u1edf, \u0111\u1eb7c bi\u1ec7t l\u00e0 c\u00e1c nh\u00e1nh c\u00f3 nhi\u1ec1u thi\u1ebft b\u1ecb ti\u00eau th\u1ee5 \u0111i\u1ec7n.<\/span><\/li>\n<li data-hveid=\"CAEIBxAB\" data-complete=\"true\" data-sae=\"\"><span style=\"font-size: 12pt; color: #000000;\">B\u1ea3o v\u1ec7 ri\u00eang l\u1ebb\u00a0cho c\u00e1c thi\u1ebft b\u1ecb \u0111i\u1ec7n c\u00f3 c\u00f4ng su\u1ea5t cao nh\u01b0 b\u00ecnh n\u00f3ng l\u1ea1nh, m\u00e1y n\u01b0\u1edbc n\u00f3ng, b\u1ebfp t\u1eeb ho\u1eb7c m\u00e1y \u0111i\u1ec1u h\u00f2a t\u1ed5ng.<\/span><\/li>\n<li data-hveid=\"CAEIBxAC\" data-complete=\"true\" data-sae=\"\"><span style=\"font-size: 12pt; color: #000000;\">S\u1eed d\u1ee5ng trong c\u00e1c c\u00f4ng tr\u00ecnh c\u00f4ng nghi\u1ec7p nh\u1eb9 v\u00e0 th\u01b0\u01a1ng m\u1ea1i, n\u01a1i c\u1ea7n m\u1ed9t thi\u1ebft b\u1ecb b\u1ea3o v\u1ec7 hi\u1ec7u qu\u1ea3 v\u00e0 \u0111\u00e1ng tin c\u1eady.<\/span><\/li>\n<\/ul>\n<p data-complete=\"true\" data-processed=\"true\">\n<p role=\"heading\" aria-level=\"3\" data-processed=\"true\" data-complete=\"true\"><span style=\"font-size: 12pt; color: #000000;\">L\u01b0u \u00fd<\/span><\/p>\n<ul data-complete=\"true\" data-processed=\"true\">\n<li data-hveid=\"CAEIChAA\" data-complete=\"true\" data-sae=\"\"><span style=\"font-size: 12pt; color: #000000;\">N\u00ean l\u1ef1a ch\u1ecdn d\u00f2ng \u0111i\u1ec7n \u0111\u1ecbnh m\u1ee9c c\u1ee7a RCBO ph\u00f9 h\u1ee3p v\u1edbi t\u1ed5ng c\u00f4ng su\u1ea5t c\u1ee7a c\u00e1c thi\u1ebft b\u1ecb m\u00e0 n\u00f3 b\u1ea3o v\u1ec7 \u0111\u1ec3 \u0111\u1ea3m b\u1ea3o hi\u1ec7u qu\u1ea3 v\u00e0 an to\u00e0n.<\/span><\/li>\n<li data-hveid=\"CAEIChAB\" data-complete=\"true\" data-sae=\"\"><span style=\"font-size: 12pt; color: #000000;\">\u0110\u1ec3 \u0111\u1ea3m b\u1ea3o an to\u00e0n tuy\u1ec7t \u0111\u1ed1i, n\u00ean ch\u1ecdn mua RCBO t\u1eeb c\u00e1c \u0111\u1ea1i l\u00fd ho\u1eb7c nh\u00e0 ph\u00e2n ph\u1ed1i uy t\u00edn.<\/span><\/li>\n<\/ul>\n<p>&nbsp;<\/p>\n<p class=\"Y3BBE\" data-hveid=\"CAEICBAA\" data-complete=\"true\" data-processed=\"true\"><span style=\"font-size: 12pt; color: #000000;\"><strong>LI\u00caN H\u1ec6 : Hotline: 0935 228 204 ( Ms Lam )<\/strong><\/span><\/p>\n<p><span style=\"font-size: 12pt; color: #000000;\"><strong>Facebook:\u00a0<span style=\"color: #ff6600;\"><a style=\"color: #ff6600;\" href=\"https:\/\/www.facebook.com\/thietbidienlama\" target=\"_blank\" rel=\"noopener\">THI\u1ebeT\u00a0B\u1eca \u0110I\u1ec6N LAMA<\/a><\/span><\/strong><\/span><\/p>\n<p><span style=\"font-size: 12pt; color: #000000;\"><strong>Tiktok:\u00a0<span style=\"color: #ff6600;\"><a style=\"color: #ff6600;\" href=\"https:\/\/www.tiktok.com\/@thietbidienlama\" target=\"_blank\" rel=\"noopener\">THI\u1ebeT\u00a0B\u1eca \u0110I\u1ec6N LAMA<\/a><\/span><\/strong><\/span><\/p>","protected":false},"excerpt":{"rendered":"<p>RCBO Panasonic 32a D\u00f2ng Ng\u1eaft 06kA BBDE23231CNV RCBO Panasonic 32A d\u00f2ng ng\u1eaft 06kA, m\u00e3 BBDE23231CNV\u00a0l\u00e0 m\u1ed9t thi\u1ebft b\u1ecb an to\u00e0n<\/p>","protected":false},"featured_media":13407,"comment_status":"closed","ping_status":"closed","template":"","meta":[],"product_brand":[],"product_cat":[813],"product_tag":[946],"class_list":{"0":"post-13410","1":"product","2":"type-product","3":"status-publish","4":"has-post-thumbnail","6":"product_cat-cb-aptomat-panasonic","7":"product_tag-rcbo-panasonic-32a","9":"first","10":"instock","11":"sale","12":"shipping-taxable","13":"purchasable","14":"product-type-simple"},"_links":{"self":[{"href":"https:\/\/www.thietbidienlama.com\/en\/wp-json\/wp\/v2\/product\/13410","targetHints":{"allow":["GET"]}}],"collection":[{"href":"https:\/\/www.thietbidienlama.com\/en\/wp-json\/wp\/v2\/product"}],"about":[{"href":"https:\/\/www.thietbidienlama.com\/en\/wp-json\/wp\/v2\/types\/product"}],"replies":[{"embeddable":true,"href":"https:\/\/www.thietbidienlama.com\/en\/wp-json\/wp\/v2\/comments?post=13410"}],"version-history":[{"count":2,"href":"https:\/\/www.thietbidienlama.com\/en\/wp-json\/wp\/v2\/product\/13410\/revisions"}],"predecessor-version":[{"id":13413,"href":"https:\/\/www.thietbidienlama.com\/en\/wp-json\/wp\/v2\/product\/13410\/revisions\/13413"}],"wp:featuredmedia":[{"embeddable":true,"href":"https:\/\/www.thietbidienlama.com\/en\/wp-json\/wp\/v2\/media\/13407"}],"wp:attachment":[{"href":"https:\/\/www.thietbidienlama.com\/en\/wp-json\/wp\/v2\/media?parent=13410"}],"wp:term":[{"taxonomy":"product_brand","embeddable":true,"href":"https:\/\/www.thietbidienlama.com\/en\/wp-json\/wp\/v2\/product_brand?post=13410"},{"taxonomy":"product_cat","embeddable":true,"href":"https:\/\/www.thietbidienlama.com\/en\/wp-json\/wp\/v2\/product_cat?post=13410"},{"taxonomy":"product_tag","embeddable":true,"href":"https:\/\/www.thietbidienlama.com\/en\/wp-json\/wp\/v2\/product_tag?post=13410"}],"curies":[{"name":"wp","href":"https:\/\/api.w.org\/{rel}","templated":true}]}}