{"id":13406,"date":"2025-10-28T15:43:25","date_gmt":"2025-10-28T08:43:25","guid":{"rendered":"https:\/\/thietbidienlama.com\/?post_type=product&#038;p=13406"},"modified":"2025-10-28T15:49:43","modified_gmt":"2025-10-28T08:49:43","slug":"rcbo-panasonic-20a","status":"publish","type":"product","link":"https:\/\/www.thietbidienlama.com\/en\/rcbo-panasonic-20a\/","title":{"rendered":"RCBO Panasonic 20a D\u00f2ng Ng\u1eaft 06kA BBDE22031CNV"},"content":{"rendered":"<h2 style=\"text-align: center;\" data-hveid=\"CAMQAA\" data-complete=\"true\" data-processed=\"true\"><span style=\"color: #000000;\">Rcbo Panasonic 20a D\u00f2ng Ng\u1eaft 06kA BBDE22031CNV<\/span><\/h2>\n<p data-hveid=\"CAMQAA\" data-complete=\"true\" data-processed=\"true\"><span style=\"font-size: 12pt; color: #000000;\"><strong><span style=\"color: #ff6600;\"><a style=\"color: #ff6600;\" href=\"https:\/\/thietbidienlama.com\/rcbo-panasonic-20a\/\">RCBO Panasonic 20A<\/a><\/span><\/strong> d\u00f2ng ng\u1eaft 06kA, m\u00e3 s\u1ea3n ph\u1ea9m BBDE22031CNV l\u00e0 m\u1ed9t thi\u1ebft b\u1ecb b\u1ea3o v\u1ec7 \u0111i\u1ec7n t\u00edch h\u1ee3p ba ch\u1ee9c n\u0103ng trong m\u1ed9t: ch\u1ed1ng qu\u00e1 t\u1ea3i, ch\u1ed1ng ng\u1eafn m\u1ea1ch v\u00e0 ch\u1ed1ng d\u00f2ng r\u00f2 (ch\u1ed1ng gi\u1eadt).<\/span><\/p>\n<p data-complete=\"true\" data-processed=\"true\"><img fetchpriority=\"high\" decoding=\"async\" class=\"alignnone size-medium wp-image-13407 aligncenter\" src=\"http:\/\/thietbidienlama.com\/wp-content\/uploads\/2025\/10\/Rcbo-Panasonic-20a-Dong-Ngat-06kA-BBDE22031CNV-300x300.jpg\" alt=\"\" width=\"300\" height=\"300\" srcset=\"https:\/\/www.thietbidienlama.com\/wp-content\/uploads\/2025\/10\/Rcbo-Panasonic-20a-Dong-Ngat-06kA-BBDE22031CNV-300x300.jpg 300w, https:\/\/www.thietbidienlama.com\/wp-content\/uploads\/2025\/10\/Rcbo-Panasonic-20a-Dong-Ngat-06kA-BBDE22031CNV-150x150.jpg 150w, https:\/\/www.thietbidienlama.com\/wp-content\/uploads\/2025\/10\/Rcbo-Panasonic-20a-Dong-Ngat-06kA-BBDE22031CNV-12x12.jpg 12w, https:\/\/www.thietbidienlama.com\/wp-content\/uploads\/2025\/10\/Rcbo-Panasonic-20a-Dong-Ngat-06kA-BBDE22031CNV.jpg 500w\" sizes=\"(max-width: 300px) 100vw, 300px\" \/><\/p>\n<h3 role=\"heading\" aria-level=\"3\" data-complete=\"true\" data-processed=\"true\"><span style=\"font-size: 14pt; color: #000000;\">Th\u00f4ng s\u1ed1 k\u1ef9 thu\u1eadt<\/span><\/h3>\n<ul data-complete=\"true\" data-processed=\"true\">\n<li data-hveid=\"CAUQAA\" data-complete=\"true\" data-sae=\"\"><span style=\"font-size: 12pt; color: #000000;\">M\u00e3 s\u1ea3n ph\u1ea9m:\u00a0BBDE22031CNV.<\/span><\/li>\n<li data-hveid=\"CAUQAQ\" data-complete=\"true\" data-sae=\"\"><span style=\"font-size: 12pt; color: #000000;\">S\u1ed1 c\u1ef1c:\u00a02P1E (hai pha, m\u1ed9t d\u00e2y ti\u1ebfp \u0111\u1ea5t).<\/span><\/li>\n<li data-hveid=\"CAUQAg\" data-complete=\"true\" data-sae=\"\"><span style=\"font-size: 12pt; color: #000000;\">D\u00f2ng \u0111i\u1ec7n \u0111\u1ecbnh m\u1ee9c (In):\u00a020A.<\/span><\/li>\n<li data-hveid=\"CAUQAw\" data-complete=\"true\" data-sae=\"\"><span style=\"font-size: 12pt; color: #000000;\">D\u00f2ng c\u1eaft danh \u0111\u1ecbnh (Icu):\u00a006 kA.<\/span><\/li>\n<li data-hveid=\"CAUQBA\" data-complete=\"true\" data-sae=\"\"><span style=\"font-size: 12pt; color: #000000;\">D\u00f2ng r\u00f2:\u00a030mA (milampe).<\/span><\/li>\n<li data-hveid=\"CAUQBQ\" data-complete=\"true\" data-sae=\"\"><span style=\"font-size: 12pt; color: #000000;\">\u0110i\u1ec7n \u00e1p \u0111\u1ecbnh m\u1ee9c (Un):\u00a0240VAC.<\/span><\/li>\n<li data-hveid=\"CAUQBg\" data-complete=\"true\" data-sae=\"\"><span style=\"font-size: 12pt; color: #000000;\">Ti\u00eau chu\u1ea9n:\u00a0IEC.<\/span><\/li>\n<li data-hveid=\"CAUQBw\" data-complete=\"true\" data-sae=\"\"><span style=\"font-size: 12pt; color: #000000;\">Th\u01b0\u01a1ng hi\u1ec7u:\u00a0Panasonic.<\/span><\/li>\n<li data-hveid=\"CAUQCA\" data-complete=\"true\" data-sae=\"\"><span style=\"font-size: 12pt; color: #000000;\">Xu\u1ea5t x\u1ee9: Vi\u1ec7t Nam.<\/span><\/li>\n<\/ul>\n<p data-complete=\"true\" data-processed=\"true\">\n<h3 role=\"heading\" aria-level=\"3\" data-processed=\"true\" data-complete=\"true\"><span style=\"font-size: 14pt; color: #000000;\">Ch\u1ee9c n\u0103ng v\u00e0 \u1ee9ng d\u1ee5ng<\/span><\/h3>\n<ul data-complete=\"true\" data-processed=\"true\">\n<li data-hveid=\"CAcQAA\" data-complete=\"true\" data-sae=\"\"><span style=\"font-size: 12pt; color: #000000;\">B\u1ea3o v\u1ec7 qu\u00e1 t\u1ea3i:\u00a0T\u1ef1 \u0111\u1ed9ng ng\u1eaft \u0111i\u1ec7n khi d\u00f2ng \u0111i\u1ec7n v\u01b0\u1ee3t qu\u00e1 m\u1ee9c an to\u00e0n cho ph\u00e9p, b\u1ea3o v\u1ec7 c\u00e1c thi\u1ebft b\u1ecb \u0111i\u1ec7n v\u00e0 \u0111\u01b0\u1eddng d\u00e2y kh\u1ecfi b\u1ecb h\u01b0 h\u1ea1i.<\/span><\/li>\n<li data-hveid=\"CAcQAQ\" data-complete=\"true\" data-sae=\"\"><span style=\"font-size: 12pt; color: #000000;\">B\u1ea3o v\u1ec7 ng\u1eafn m\u1ea1ch:\u00a0Ng\u1eaft m\u1ea1ch \u0111i\u1ec7n ngay l\u1eadp t\u1ee9c khi x\u1ea3y ra hi\u1ec7n t\u01b0\u1ee3ng ch\u1eadp \u0111i\u1ec7n, ph\u00f2ng ch\u1ed1ng ch\u00e1y n\u1ed5 hi\u1ec7u qu\u1ea3.<\/span><\/li>\n<li data-hveid=\"CAcQAg\" data-complete=\"true\" data-sae=\"\"><span style=\"font-size: 12pt; color: #000000;\">Ch\u1ed1ng gi\u1eadt (ch\u1ed1ng d\u00f2ng r\u00f2):\u00a0Ph\u00e1t hi\u1ec7n v\u00e0 ng\u1eaft d\u00f2ng \u0111i\u1ec7n r\u00f2 r\u1ec9 v\u01b0\u1ee3t qu\u00e1 30mA, \u0111\u1ea3m b\u1ea3o an to\u00e0n cho ng\u01b0\u1eddi s\u1eed d\u1ee5ng, \u0111\u1eb7c bi\u1ec7t trong c\u00e1c m\u00f4i tr\u01b0\u1eddng \u1ea9m \u01b0\u1edbt nh\u01b0 nh\u00e0 b\u1ebfp v\u00e0 ph\u00f2ng t\u1eafm.<\/span><\/li>\n<li data-hveid=\"CAcQAw\" data-complete=\"true\" data-sae=\"\"><span style=\"font-size: 12pt; color: #000000;\">\u1ee8ng d\u1ee5ng: Th\u01b0\u1eddng \u0111\u01b0\u1ee3c l\u1eafp \u0111\u1eb7t trong c\u00e1c t\u1ee7 \u0111i\u1ec7n d\u00e2n d\u1ee5ng ho\u1eb7c c\u00f4ng nghi\u1ec7p nh\u1ecf \u0111\u1ec3 b\u1ea3o v\u1ec7 c\u00e1c thi\u1ebft b\u1ecb \u0111i\u1ec7n c\u00f3 c\u00f4ng su\u1ea5t l\u1edbn h\u01a1n, ho\u1eb7c c\u00e1c nh\u00e1nh \u0111i\u1ec7n quan tr\u1ecdng trong h\u1ec7 th\u1ed1ng \u0111i\u1ec7n gia \u0111\u00ecnh.<\/span><\/li>\n<\/ul>\n<p data-complete=\"true\" data-processed=\"true\">\n<h3 role=\"heading\" aria-level=\"3\" data-complete=\"true\" data-processed=\"true\"><span style=\"font-size: 14pt; color: #000000;\">L\u01b0u \u00fd<\/span><\/h3>\n<p data-hveid=\"CAoQAA\" data-processed=\"true\" data-complete=\"true\"><span style=\"font-size: 12pt; color: #000000;\">Khi ch\u1ecdn mua v\u00e0 l\u1eafp \u0111\u1eb7t RCBO Panasonic 20A, b\u1ea1n c\u1ea7n ki\u1ec3m tra m\u00e3 s\u1ea3n ph\u1ea9m BBDE22031CNV v\u00e0 c\u00e1c th\u00f4ng s\u1ed1 k\u1ef9 thu\u1eadt \u0111\u1ec3 \u0111\u1ea3m b\u1ea3o ph\u00f9 h\u1ee3p v\u1edbi nhu c\u1ea7u s\u1eed d\u1ee5ng. B\u1ea1n c\u00f3 th\u1ec3 t\u00ecm mua s\u1ea3n ph\u1ea9m t\u1ea1i c\u00e1c c\u1eeda h\u00e0ng ho\u1eb7c trang th\u01b0\u01a1ng m\u1ea1i \u0111i\u1ec7n t\u1eed uy t\u00edn, ho\u1eb7c c\u00e1c nh\u00e0 ph\u00e2n ph\u1ed1i thi\u1ebft b\u1ecb \u0111i\u1ec7n Panasonic ch\u00ednh h\u00e3ng.<\/span><\/p>\n<p data-hveid=\"CAoQAA\" data-processed=\"true\" data-complete=\"true\">\n<p class=\"Y3BBE\" data-hveid=\"CAEICBAA\" data-complete=\"true\" data-processed=\"true\"><span style=\"font-size: 12pt; color: #000000;\"><strong>LI\u00caN H\u1ec6 : Hotline: 0935 228 204 ( Ms Lam )<\/strong><\/span><\/p>\n<p><span style=\"font-size: 12pt; color: #000000;\"><strong>Facebook:\u00a0<span style=\"color: #ff6600;\"><a style=\"color: #ff6600;\" href=\"https:\/\/www.facebook.com\/thietbidienlama\" target=\"_blank\" rel=\"noopener\">THI\u1ebeT\u00a0B\u1eca \u0110I\u1ec6N LAMA<\/a><\/span><\/strong><\/span><\/p>\n<p><span style=\"font-size: 12pt; color: #000000;\"><strong>Tiktok:\u00a0<span style=\"color: #ff6600;\"><a style=\"color: #ff6600;\" href=\"https:\/\/www.tiktok.com\/@thietbidienlama\" target=\"_blank\" rel=\"noopener\">THI\u1ebeT\u00a0B\u1eca \u0110I\u1ec6N LAMA<\/a><\/span><\/strong><\/span><\/p>","protected":false},"excerpt":{"rendered":"<p>Rcbo Panasonic 20a D\u00f2ng Ng\u1eaft 06kA BBDE22031CNV RCBO Panasonic 20A d\u00f2ng ng\u1eaft 06kA, m\u00e3 s\u1ea3n ph\u1ea9m BBDE22031CNV l\u00e0 m\u1ed9t thi\u1ebft<\/p>","protected":false},"featured_media":13407,"comment_status":"closed","ping_status":"closed","template":"","meta":[],"product_brand":[],"product_cat":[813],"product_tag":[945],"class_list":{"0":"post-13406","1":"product","2":"type-product","3":"status-publish","4":"has-post-thumbnail","6":"product_cat-cb-aptomat-panasonic","7":"product_tag-rcbo-panasonic-20a","9":"first","10":"instock","11":"sale","12":"shipping-taxable","13":"purchasable","14":"product-type-simple"},"_links":{"self":[{"href":"https:\/\/www.thietbidienlama.com\/en\/wp-json\/wp\/v2\/product\/13406","targetHints":{"allow":["GET"]}}],"collection":[{"href":"https:\/\/www.thietbidienlama.com\/en\/wp-json\/wp\/v2\/product"}],"about":[{"href":"https:\/\/www.thietbidienlama.com\/en\/wp-json\/wp\/v2\/types\/product"}],"replies":[{"embeddable":true,"href":"https:\/\/www.thietbidienlama.com\/en\/wp-json\/wp\/v2\/comments?post=13406"}],"version-history":[{"count":3,"href":"https:\/\/www.thietbidienlama.com\/en\/wp-json\/wp\/v2\/product\/13406\/revisions"}],"predecessor-version":[{"id":13411,"href":"https:\/\/www.thietbidienlama.com\/en\/wp-json\/wp\/v2\/product\/13406\/revisions\/13411"}],"wp:featuredmedia":[{"embeddable":true,"href":"https:\/\/www.thietbidienlama.com\/en\/wp-json\/wp\/v2\/media\/13407"}],"wp:attachment":[{"href":"https:\/\/www.thietbidienlama.com\/en\/wp-json\/wp\/v2\/media?parent=13406"}],"wp:term":[{"taxonomy":"product_brand","embeddable":true,"href":"https:\/\/www.thietbidienlama.com\/en\/wp-json\/wp\/v2\/product_brand?post=13406"},{"taxonomy":"product_cat","embeddable":true,"href":"https:\/\/www.thietbidienlama.com\/en\/wp-json\/wp\/v2\/product_cat?post=13406"},{"taxonomy":"product_tag","embeddable":true,"href":"https:\/\/www.thietbidienlama.com\/en\/wp-json\/wp\/v2\/product_tag?post=13406"}],"curies":[{"name":"wp","href":"https:\/\/api.w.org\/{rel}","templated":true}]}}