{"id":13399,"date":"2025-10-28T14:44:36","date_gmt":"2025-10-28T07:44:36","guid":{"rendered":"https:\/\/thietbidienlama.com\/?post_type=product&#038;p=13399"},"modified":"2025-10-28T15:02:30","modified_gmt":"2025-10-28T08:02:30","slug":"mcb-2p-50a-panasonic","status":"publish","type":"product","link":"https:\/\/www.thietbidienlama.com\/en\/mcb-2p-50a-panasonic\/","title":{"rendered":"MCB 2p 50a Panasonic D\u00f2ng Ng\u1eaft 06kA BBD2502CNV"},"content":{"rendered":"<h2 style=\"text-align: center;\"><span style=\"color: #000000;\">MCB 2p 50a Panasonic D\u00f2ng Ng\u1eaft 06kA BBD2502CNV<\/span><\/h2>\n<p class=\"Y3BBE\" data-hveid=\"CAEIAxAA\" data-complete=\"true\" data-processed=\"true\"><span style=\"font-size: 12pt; color: #000000;\"><span class=\"T286Pc\" data-sfc-cp=\"\" data-complete=\"true\" data-processed=\"true\">Thi\u1ebft b\u1ecb\u00a0<strong><span style=\"color: #ff6600;\"><a style=\"color: #ff6600;\" href=\"https:\/\/thietbidienlama.com\/mcb-2p-50a-panasonic\/\">MCB 2P 50A Panasonic<\/a><\/span><\/strong> BBD2502CNV\u00a0l\u00e0 c\u1ea7u dao t\u1ef1 \u0111\u1ed9ng (\u00e1p t\u00f4 m\u00e1t) lo\u1ea1i t\u00e9p, \u0111\u01b0\u1ee3c s\u1eed d\u1ee5ng \u0111\u1ec3 b\u1ea3o v\u1ec7 m\u1ea1ch \u0111i\u1ec7n kh\u1ecfi c\u00e1c s\u1ef1 c\u1ed1 qu\u00e1 t\u1ea3i v\u00e0 ng\u1eafn m\u1ea1ch<\/span>. D\u01b0\u1edbi \u0111\u00e2y l\u00e0 c\u00e1c th\u00f4ng s\u1ed1 v\u00e0 \u1ee9ng d\u1ee5ng c\u1ee5 th\u1ec3 c\u1ee7a s\u1ea3n ph\u1ea9m n\u00e0y:<\/span><\/p>\n<p data-hveid=\"CAEIAxAA\" data-complete=\"true\" data-processed=\"true\"><img fetchpriority=\"high\" decoding=\"async\" class=\"alignnone size-medium wp-image-13400 aligncenter\" src=\"http:\/\/thietbidienlama.com\/wp-content\/uploads\/2025\/10\/MCB-2p-50a-Panasonic-Dong-Ngat-06kA-BBD2502CNV-300x300.jpg\" alt=\"\" width=\"300\" height=\"300\" srcset=\"https:\/\/www.thietbidienlama.com\/wp-content\/uploads\/2025\/10\/MCB-2p-50a-Panasonic-Dong-Ngat-06kA-BBD2502CNV-300x300.jpg 300w, https:\/\/www.thietbidienlama.com\/wp-content\/uploads\/2025\/10\/MCB-2p-50a-Panasonic-Dong-Ngat-06kA-BBD2502CNV-150x150.jpg 150w, https:\/\/www.thietbidienlama.com\/wp-content\/uploads\/2025\/10\/MCB-2p-50a-Panasonic-Dong-Ngat-06kA-BBD2502CNV-12x12.jpg 12w, https:\/\/www.thietbidienlama.com\/wp-content\/uploads\/2025\/10\/MCB-2p-50a-Panasonic-Dong-Ngat-06kA-BBD2502CNV.jpg 500w\" sizes=\"(max-width: 300px) 100vw, 300px\" \/><\/p>\n<h3 class=\"Y3BBE\" data-hveid=\"CAEIBBAA\" data-processed=\"true\" data-complete=\"true\"><span style=\"font-size: 14pt; color: #000000;\"><strong class=\"Yjhzub\" data-complete=\"true\" data-processed=\"true\">Th\u00f4ng s\u1ed1 k\u1ef9 thu\u1eadt<\/strong><\/span><\/h3>\n<ul class=\"KsbFXc U6u95\" data-complete=\"true\" data-processed=\"true\">\n<li data-hveid=\"CAEIBRAA\" data-complete=\"true\" data-sae=\"\"><span class=\"T286Pc\" style=\"font-size: 12pt; color: #000000;\" data-sfc-cp=\"\" data-complete=\"true\"><strong class=\"Yjhzub\" data-complete=\"true\">M\u00e3 s\u1ea3n ph\u1ea9m:<\/strong>\u00a0BBD2502CNV.<\/span><\/li>\n<li data-hveid=\"CAEIBRAB\" data-complete=\"true\" data-sae=\"\"><span class=\"T286Pc\" style=\"font-size: 12pt; color: #000000;\" data-sfc-cp=\"\" data-complete=\"true\"><strong class=\"Yjhzub\" data-complete=\"true\">Th\u01b0\u01a1ng hi\u1ec7u:<\/strong>\u00a0Panasonic.<\/span><\/li>\n<li data-hveid=\"CAEIBRAC\" data-complete=\"true\" data-sae=\"\"><span class=\"T286Pc\" style=\"font-size: 12pt; color: #000000;\" data-sfc-cp=\"\" data-complete=\"true\"><strong class=\"Yjhzub\" data-complete=\"true\">S\u1ed1 c\u1ef1c:<\/strong>\u00a02P (hai c\u1ef1c).<\/span><\/li>\n<li data-hveid=\"CAEIBRAD\" data-complete=\"true\" data-sae=\"\"><span class=\"T286Pc\" style=\"font-size: 12pt; color: #000000;\" data-sfc-cp=\"\" data-complete=\"true\"><strong class=\"Yjhzub\" data-complete=\"true\">D\u00f2ng \u0111i\u1ec7n \u0111\u1ecbnh m\u1ee9c (In):<\/strong>\u00a050A, l\u00e0 m\u1ee9c d\u00f2ng \u0111i\u1ec7n m\u00e0 MCB c\u00f3 th\u1ec3 ch\u1ecbu \u0111\u01b0\u1ee3c khi ho\u1ea1t \u0111\u1ed9ng b\u00ecnh th\u01b0\u1eddng.<\/span><\/li>\n<li data-hveid=\"CAEIBRAE\" data-complete=\"true\" data-sae=\"\"><span class=\"T286Pc\" style=\"font-size: 12pt; color: #000000;\" data-sfc-cp=\"\" data-complete=\"true\"><strong class=\"Yjhzub\" data-complete=\"true\">D\u00f2ng c\u1eaft ng\u1eafn m\u1ea1ch (Icn):<\/strong>\u00a06kA (6.000 Ampe), l\u00e0 kh\u1ea3 n\u0103ng ch\u1ecbu \u0111\u1ef1ng d\u00f2ng \u0111i\u1ec7n l\u1edbn nh\u1ea5t khi c\u00f3 s\u1ef1 c\u1ed1 ng\u1eafn m\u1ea1ch x\u1ea3y ra.<\/span><\/li>\n<li data-hveid=\"CAEIBRAF\" data-complete=\"true\" data-sae=\"\"><span class=\"T286Pc\" style=\"font-size: 12pt; color: #000000;\" data-sfc-cp=\"\" data-complete=\"true\"><strong class=\"Yjhzub\" data-complete=\"true\">\u0110i\u1ec7n \u00e1p \u0111\u1ecbnh m\u1ee9c:<\/strong><\/span>\n<ul class=\"KsbFXc U6u95\" data-complete=\"true\">\n<li data-hveid=\"CAEIBRAG\" data-complete=\"true\" data-sae=\"\"><span class=\"T286Pc\" style=\"font-size: 12pt; color: #000000;\" data-sfc-cp=\"\" data-complete=\"true\">240VAC, cho c\u00e1c h\u1ec7 th\u1ed1ng \u0111i\u1ec7n 1 pha.<\/span><\/li>\n<li data-hveid=\"CAEIBRAH\" data-complete=\"true\" data-sae=\"\"><span class=\"T286Pc\" style=\"font-size: 12pt; color: #000000;\" data-sfc-cp=\"\" data-complete=\"true\">415VAC, cho c\u00e1c h\u1ec7 th\u1ed1ng \u0111i\u1ec7n 3 pha.<\/span><\/li>\n<\/ul>\n<\/li>\n<li data-hveid=\"CAEIBRAI\" data-complete=\"true\" data-sae=\"\"><span class=\"T286Pc\" style=\"font-size: 12pt; color: #000000;\" data-sfc-cp=\"\" data-complete=\"true\"><strong class=\"Yjhzub\" data-complete=\"true\">Ch\u1ee9c n\u0103ng:<\/strong>\u00a0B\u1ea3o v\u1ec7 qu\u00e1 t\u1ea3i v\u00e0 ng\u1eafn m\u1ea1ch.<\/span><\/li>\n<li data-hveid=\"CAEIBRAJ\" data-complete=\"true\" data-sae=\"\"><span style=\"font-size: 12pt; color: #000000;\"><span class=\"T286Pc\" data-sfc-cp=\"\" data-complete=\"true\"><strong class=\"Yjhzub\" data-complete=\"true\">Ki\u1ec3u l\u1eafp \u0111\u1eb7t:<\/strong>\u00a0G\u1eafn thanh ray DIN 35mm.<\/span><\/span><\/li>\n<\/ul>\n<h3 class=\"Y3BBE\" data-hveid=\"CAEIBhAA\" data-processed=\"true\" data-complete=\"true\"><span style=\"font-size: 14pt; color: #000000;\"><strong class=\"Yjhzub\" data-complete=\"true\" data-processed=\"true\">\u1ee8ng d\u1ee5ng:<\/strong><\/span><\/h3>\n<p class=\"Y3BBE\" data-hveid=\"CAEIBhAA\" data-processed=\"true\" data-complete=\"true\"><br data-serialized-params=\"[]\" data-complete=\"true\" data-processed=\"true\" \/><span style=\"font-size: 12pt; color: #000000;\">MCB 2P 50A Panasonic BBD2502CNV th\u01b0\u1eddng \u0111\u01b0\u1ee3c s\u1eed d\u1ee5ng trong c\u00e1c h\u1ec7 th\u1ed1ng \u0111i\u1ec7n d\u00e2n d\u1ee5ng v\u00e0 c\u00f4ng nghi\u1ec7p nh\u1eb9 \u0111\u1ec3 b\u1ea3o v\u1ec7 c\u00e1c thi\u1ebft b\u1ecb \u0111i\u1ec7n c\u00f3 c\u00f4ng su\u1ea5t l\u1edbn, v\u00ed d\u1ee5 nh\u01b0:<\/span><\/p>\n<ul class=\"KsbFXc U6u95\" data-complete=\"true\" data-processed=\"true\">\n<li data-hveid=\"CAEIBxAA\" data-complete=\"true\" data-sae=\"\"><span class=\"T286Pc\" style=\"font-size: 12pt; color: #000000;\" data-sfc-cp=\"\" data-complete=\"true\">L\u00e0 c\u1ea7u dao t\u1ed5ng cho c\u0103n h\u1ed9, v\u0103n ph\u00f2ng.<\/span><\/li>\n<li data-hveid=\"CAEIBxAB\" data-complete=\"true\" data-sae=\"\"><span class=\"T286Pc\" style=\"font-size: 12pt; color: #000000;\" data-sfc-cp=\"\" data-complete=\"true\">B\u1ea3o v\u1ec7 m\u00e1y \u0111i\u1ec1u h\u00f2a c\u00f4ng su\u1ea5t l\u1edbn, b\u1ebfp t\u1eeb ho\u1eb7c b\u00ecnh n\u01b0\u1edbc n\u00f3ng.<\/span><\/li>\n<li data-hveid=\"CAEIBxAC\" data-complete=\"true\" data-sae=\"\"><span style=\"font-size: 12pt; color: #000000;\"><span class=\"T286Pc\" data-sfc-cp=\"\" data-complete=\"true\">D\u00f9ng trong c\u00e1c t\u1ee7 \u0111i\u1ec7n ph\u00e2n ph\u1ed1i \u0111\u1ec3 b\u1ea3o v\u1ec7 c\u00e1c nh\u00e1nh m\u1ea1ch c\u00f3 t\u1ed5ng c\u00f4ng su\u1ea5t ti\u00eau th\u1ee5 d\u01b0\u1edbi 50A.<\/span><\/span><\/li>\n<\/ul>\n<h3 class=\"Y3BBE\" data-hveid=\"CAEICRAA\" data-processed=\"true\" data-complete=\"true\"><span style=\"font-size: 14pt; color: #000000;\"><strong class=\"Yjhzub\" data-complete=\"true\" data-processed=\"true\">L\u01b0u \u00fd:<\/strong><\/span><\/h3>\n<ul class=\"KsbFXc U6u95\" data-complete=\"true\" data-processed=\"true\">\n<li data-hveid=\"CAEIChAA\" data-complete=\"true\" data-sae=\"\"><span class=\"T286Pc\" style=\"font-size: 12pt; color: #000000;\" data-sfc-cp=\"\" data-complete=\"true\">N\u00ean ch\u1ecdn MCB c\u00f3 d\u00f2ng \u0111i\u1ec7n \u0111\u1ecbnh m\u1ee9c l\u1edbn h\u01a1n t\u1ed5ng d\u00f2ng \u0111i\u1ec7n ti\u00eau th\u1ee5 c\u1ee7a c\u00e1c thi\u1ebft b\u1ecb m\u1ed9t ch\u00fat \u0111\u1ec3 \u0111\u1ea3m b\u1ea3o an to\u00e0n v\u00e0 tr\u00e1nh t\u00ecnh tr\u1ea1ng aptomat b\u1ecb nh\u1ea3y li\u00ean t\u1ee5c.<\/span><\/li>\n<li data-hveid=\"CAEIChAB\" data-complete=\"true\" data-sae=\"\"><span class=\"T286Pc\" style=\"font-size: 12pt; color: #000000;\" data-sfc-cp=\"\" data-complete=\"true\">S\u1ea3n ph\u1ea9m \u0111\u01b0\u1ee3c s\u1ea3n xu\u1ea5t tr\u00ean d\u00e2y chuy\u1ec1n hi\u1ec7n \u0111\u1ea1i, tu\u00e2n th\u1ee7 c\u00e1c ti\u00eau chu\u1ea9n an to\u00e0n \u0111i\u1ec7n qu\u1ed1c t\u1ebf nh\u01b0 IEC 60898 v\u00e0 IEC 60947-2.<\/span><\/li>\n<\/ul>\n<p>&nbsp;<\/p>\n<p class=\"Y3BBE\" data-hveid=\"CAEICBAA\" data-complete=\"true\" data-processed=\"true\"><span style=\"font-size: 12pt; color: #000000;\"><strong>LI\u00caN H\u1ec6 : Hotline: 0935 228 204 ( Ms Lam )<\/strong><\/span><\/p>\n<p><span style=\"font-size: 12pt; color: #000000;\"><strong>Facebook:\u00a0<span style=\"color: #ff6600;\"><a style=\"color: #ff6600;\" href=\"https:\/\/www.facebook.com\/thietbidienlama\" target=\"_blank\" rel=\"noopener\">THI\u1ebeT\u00a0B\u1eca \u0110I\u1ec6N LAMA<\/a><\/span><\/strong><\/span><\/p>\n<p><span style=\"font-size: 12pt; color: #000000;\"><strong>Tiktok:\u00a0<span style=\"color: #ff6600;\"><a style=\"color: #ff6600;\" href=\"https:\/\/www.tiktok.com\/@thietbidienlama\" target=\"_blank\" rel=\"noopener\">THI\u1ebeT\u00a0B\u1eca \u0110I\u1ec6N LAMA<\/a><\/span><\/strong><\/span><\/p>","protected":false},"excerpt":{"rendered":"<p>MCB 2p 50a Panasonic D\u00f2ng Ng\u1eaft 06kA BBD2502CNV Thi\u1ebft b\u1ecb\u00a0MCB 2P 50A Panasonic BBD2502CNV\u00a0l\u00e0 c\u1ea7u dao t\u1ef1 \u0111\u1ed9ng (\u00e1p t\u00f4<\/p>","protected":false},"featured_media":13400,"comment_status":"closed","ping_status":"closed","template":"","meta":[],"product_brand":[],"product_cat":[813],"product_tag":[943],"class_list":{"0":"post-13399","1":"product","2":"type-product","3":"status-publish","4":"has-post-thumbnail","6":"product_cat-cb-aptomat-panasonic","7":"product_tag-mcb-2p-50a-panasonic","9":"first","10":"instock","11":"sale","12":"shipping-taxable","13":"purchasable","14":"product-type-simple"},"_links":{"self":[{"href":"https:\/\/www.thietbidienlama.com\/en\/wp-json\/wp\/v2\/product\/13399","targetHints":{"allow":["GET"]}}],"collection":[{"href":"https:\/\/www.thietbidienlama.com\/en\/wp-json\/wp\/v2\/product"}],"about":[{"href":"https:\/\/www.thietbidienlama.com\/en\/wp-json\/wp\/v2\/types\/product"}],"replies":[{"embeddable":true,"href":"https:\/\/www.thietbidienlama.com\/en\/wp-json\/wp\/v2\/comments?post=13399"}],"version-history":[{"count":1,"href":"https:\/\/www.thietbidienlama.com\/en\/wp-json\/wp\/v2\/product\/13399\/revisions"}],"predecessor-version":[{"id":13401,"href":"https:\/\/www.thietbidienlama.com\/en\/wp-json\/wp\/v2\/product\/13399\/revisions\/13401"}],"wp:featuredmedia":[{"embeddable":true,"href":"https:\/\/www.thietbidienlama.com\/en\/wp-json\/wp\/v2\/media\/13400"}],"wp:attachment":[{"href":"https:\/\/www.thietbidienlama.com\/en\/wp-json\/wp\/v2\/media?parent=13399"}],"wp:term":[{"taxonomy":"product_brand","embeddable":true,"href":"https:\/\/www.thietbidienlama.com\/en\/wp-json\/wp\/v2\/product_brand?post=13399"},{"taxonomy":"product_cat","embeddable":true,"href":"https:\/\/www.thietbidienlama.com\/en\/wp-json\/wp\/v2\/product_cat?post=13399"},{"taxonomy":"product_tag","embeddable":true,"href":"https:\/\/www.thietbidienlama.com\/en\/wp-json\/wp\/v2\/product_tag?post=13399"}],"curies":[{"name":"wp","href":"https:\/\/api.w.org\/{rel}","templated":true}]}}