{"id":13395,"date":"2025-10-28T14:36:19","date_gmt":"2025-10-28T07:36:19","guid":{"rendered":"https:\/\/thietbidienlama.com\/?post_type=product&#038;p=13395"},"modified":"2025-10-28T15:03:17","modified_gmt":"2025-10-28T08:03:17","slug":"mcb-2p-40a-panasonic","status":"publish","type":"product","link":"https:\/\/www.thietbidienlama.com\/en\/mcb-2p-40a-panasonic\/","title":{"rendered":"MCB 2p 40a Panasonic D\u00f2ng Ng\u1eaft 06kA BBD2402CNV"},"content":{"rendered":"<h2 style=\"text-align: center;\"><span style=\"color: #000000;\">MCB 2p 40a Panasonic D\u00f2ng Ng\u1eaft 06kA BBD2402CNV<\/span><\/h2>\n<p data-hveid=\"CAMQAA\" data-complete=\"true\" data-processed=\"true\"><span style=\"font-size: 12pt; color: #000000;\">Thi\u1ebft b\u1ecb\u00a0<span style=\"color: #ff6600;\"><strong><a style=\"color: #ff6600;\" href=\"https:\/\/thietbidienlama.com\/mcb-2p-40a-panasonic\/\">MCB 2P 40A Panasonic<\/a><\/strong><\/span> BBD2402CNV\u00a0l\u00e0 c\u1ea7u dao t\u1ef1 \u0111\u1ed9ng (\u00e1t t\u00f4 m\u00e1t) lo\u1ea1i t\u00e9p, c\u00f3 th\u00f4ng s\u1ed1 k\u1ef9 thu\u1eadt v\u00e0 t\u00ednh n\u0103ng c\u1ee5 th\u1ec3 nh\u01b0 sau:<\/span><\/p>\n<p data-hveid=\"CAMQAA\" data-complete=\"true\" data-processed=\"true\"><img fetchpriority=\"high\" decoding=\"async\" class=\"alignnone size-medium wp-image-13396 aligncenter\" src=\"http:\/\/thietbidienlama.com\/wp-content\/uploads\/2025\/10\/MCB-2p-40a-Panasonic-Dong-Ngat-06kA-BBD2402CNV-300x300.jpg\" alt=\"\" width=\"300\" height=\"300\" srcset=\"https:\/\/www.thietbidienlama.com\/wp-content\/uploads\/2025\/10\/MCB-2p-40a-Panasonic-Dong-Ngat-06kA-BBD2402CNV-300x300.jpg 300w, https:\/\/www.thietbidienlama.com\/wp-content\/uploads\/2025\/10\/MCB-2p-40a-Panasonic-Dong-Ngat-06kA-BBD2402CNV-150x150.jpg 150w, https:\/\/www.thietbidienlama.com\/wp-content\/uploads\/2025\/10\/MCB-2p-40a-Panasonic-Dong-Ngat-06kA-BBD2402CNV-12x12.jpg 12w, https:\/\/www.thietbidienlama.com\/wp-content\/uploads\/2025\/10\/MCB-2p-40a-Panasonic-Dong-Ngat-06kA-BBD2402CNV.jpg 500w\" sizes=\"(max-width: 300px) 100vw, 300px\" \/><\/p>\n<h3 data-hveid=\"CAQQAA\" data-complete=\"true\" data-processed=\"true\"><span style=\"font-size: 14pt; color: #000000;\">Th\u00f4ng s\u1ed1 k\u1ef9 thu\u1eadt:<\/span><\/h3>\n<ul data-complete=\"true\" data-processed=\"true\">\n<li data-hveid=\"CAUQAA\" data-complete=\"true\" data-sae=\"\"><span style=\"font-size: 12pt; color: #000000;\">M\u00e3 s\u1ea3n ph\u1ea9m:\u00a0BBD2402CNV.<\/span><\/li>\n<li data-hveid=\"CAUQAQ\" data-complete=\"true\" data-sae=\"\"><span style=\"font-size: 12pt; color: #000000;\">Th\u01b0\u01a1ng hi\u1ec7u:\u00a0Panasonic.<\/span><\/li>\n<li data-hveid=\"CAUQAg\" data-complete=\"true\" data-sae=\"\"><span style=\"font-size: 12pt; color: #000000;\">S\u1ed1 c\u1ef1c:\u00a02P (hai c\u1ef1c), d\u00f9ng cho h\u1ec7 th\u1ed1ng \u0111i\u1ec7n 1 pha.<\/span><\/li>\n<li data-hveid=\"CAUQAw\" data-complete=\"true\" data-sae=\"\"><span style=\"font-size: 12pt; color: #000000;\">D\u00f2ng \u0111i\u1ec7n \u0111\u1ecbnh m\u1ee9c (In):\u00a040A, l\u00e0 m\u1ee9c d\u00f2ng \u0111i\u1ec7n m\u00e0 thi\u1ebft b\u1ecb c\u00f3 th\u1ec3 ho\u1ea1t \u0111\u1ed9ng \u1ed5n \u0111\u1ecbnh trong \u0111i\u1ec1u ki\u1ec7n b\u00ecnh th\u01b0\u1eddng.<\/span><\/li>\n<li data-hveid=\"CAUQBA\" data-complete=\"true\" data-sae=\"\"><span style=\"font-size: 12pt; color: #000000;\">D\u00f2ng c\u1eaft ng\u1eafn m\u1ea1ch (Icn):\u00a06kA, l\u00e0 kh\u1ea3 n\u0103ng ch\u1ecbu \u0111\u01b0\u1ee3c d\u00f2ng \u0111i\u1ec7n l\u1edbn nh\u1ea5t khi x\u1ea3y ra s\u1ef1 c\u1ed1 ng\u1eafn m\u1ea1ch, gi\u00fap b\u1ea3o v\u1ec7 an to\u00e0n cho h\u1ec7 th\u1ed1ng \u0111i\u1ec7n.<\/span><\/li>\n<li data-hveid=\"CAUQBQ\" data-complete=\"true\" data-sae=\"\"><span style=\"font-size: 12pt; color: #000000;\">\u0110i\u1ec7n \u00e1p \u0111\u1ecbnh m\u1ee9c:<\/span>\n<ul data-complete=\"true\">\n<li data-hveid=\"CAUQBg\" data-complete=\"true\" data-sae=\"\"><span style=\"font-size: 12pt; color: #000000;\">240VAC: Khi s\u1eed d\u1ee5ng trong m\u1ea1ch \u0111i\u1ec7n 1 pha.<\/span><\/li>\n<li data-hveid=\"CAUQBw\" data-complete=\"true\" data-sae=\"\"><span style=\"font-size: 12pt; color: #000000;\">415VAC: Khi s\u1eed d\u1ee5ng trong m\u1ea1ch \u0111i\u1ec7n 3 pha.<\/span><\/li>\n<\/ul>\n<\/li>\n<li data-hveid=\"CAUQCA\" data-complete=\"true\" data-sae=\"\"><span style=\"font-size: 12pt; color: #000000;\">Ch\u1ee9c n\u0103ng: B\u1ea3o v\u1ec7 qu\u00e1 t\u1ea3i v\u00e0 ng\u1eafn m\u1ea1ch.<\/span><\/li>\n<\/ul>\n<h3 data-hveid=\"CAYQAA\" data-complete=\"true\" data-processed=\"true\"><span style=\"font-size: 14pt; color: #000000;\">\u1ee8ng d\u1ee5ng:<\/span><\/h3>\n<p data-hveid=\"CAYQAA\" data-complete=\"true\" data-processed=\"true\"><br data-serialized-params=\"[]\" data-complete=\"true\" data-processed=\"true\" \/><span style=\"font-size: 12pt; color: #000000;\">MCB 2P 40A\u00a0Panasonic BBD2402CNV \u0111\u01b0\u1ee3c s\u1eed d\u1ee5ng r\u1ed9ng r\u00e3i trong c\u00e1c h\u1ec7 th\u1ed1ng \u0111i\u1ec7n d\u00e2n d\u1ee5ng v\u00e0 c\u00f4ng nghi\u1ec7p nh\u1eb9, ph\u00f9 h\u1ee3p \u0111\u1ec3 b\u1ea3o v\u1ec7 c\u00e1c thi\u1ebft b\u1ecb \u0111i\u1ec7n c\u00f3 c\u00f4ng su\u1ea5t l\u1edbn nh\u01b0:<\/span><\/p>\n<ul data-processed=\"true\" data-complete=\"true\">\n<li data-hveid=\"CAcQAA\" data-complete=\"true\" data-sae=\"\"><span style=\"font-size: 12pt; color: #000000;\">M\u00e1y \u0111i\u1ec1u h\u00f2a c\u00f4ng su\u1ea5t cao.<\/span><\/li>\n<li data-hveid=\"CAcQAQ\" data-complete=\"true\" data-sae=\"\"><span style=\"font-size: 12pt; color: #000000;\">B\u00ecnh n\u01b0\u1edbc n\u00f3ng.<\/span><\/li>\n<li data-hveid=\"CAcQAg\" data-complete=\"true\" data-sae=\"\"><span style=\"font-size: 12pt; color: #000000;\">C\u00e1c lo\u1ea1i thi\u1ebft b\u1ecb \u0111i\u1ec7n t\u1eed, \u0111i\u1ec7n gia d\u1ee5ng kh\u00e1c c\u00f3 t\u1ed5ng c\u00f4ng su\u1ea5t ti\u00eau th\u1ee5 d\u01b0\u1edbi 40A.<\/span><\/li>\n<\/ul>\n<h3 data-hveid=\"CAgQAA\" data-complete=\"true\" data-processed=\"true\"><span style=\"font-size: 14pt; color: #000000;\">L\u01b0u \u00fd:<\/span><\/h3>\n<p data-hveid=\"CAgQAA\" data-complete=\"true\" data-processed=\"true\"><span style=\"font-size: 12pt; color: #000000;\">\u0110\u1ec3 \u0111\u1ea3m b\u1ea3o an to\u00e0n, b\u1ea1n n\u00ean ch\u1ecdn MCB c\u00f3 d\u00f2ng \u0111i\u1ec7n \u0111\u1ecbnh m\u1ee9c cao h\u01a1n m\u1ed9t ch\u00fat so v\u1edbi t\u1ed5ng d\u00f2ng \u0111i\u1ec7n ti\u00eau th\u1ee5 t\u1ed1i \u0111a c\u1ee7a c\u00e1c thi\u1ebft b\u1ecb \u0111\u1ec3 tr\u00e1nh t\u00ecnh tr\u1ea1ng aptomat b\u1ecb nh\u1ea3y li\u00ean t\u1ee5c.<\/span><\/p>\n<p data-hveid=\"CAgQAA\" data-complete=\"true\" data-processed=\"true\">\n<p class=\"Y3BBE\" data-hveid=\"CAEICBAA\" data-complete=\"true\" data-processed=\"true\"><span style=\"font-size: 12pt; color: #000000;\"><strong>LI\u00caN H\u1ec6 : Hotline: 0935 228 204 ( Ms Lam )<\/strong><\/span><\/p>\n<p><span style=\"font-size: 12pt; color: #000000;\"><strong>Facebook:\u00a0<span style=\"color: #ff6600;\"><a style=\"color: #ff6600;\" href=\"https:\/\/www.facebook.com\/thietbidienlama\" target=\"_blank\" rel=\"noopener\">THI\u1ebeT\u00a0B\u1eca \u0110I\u1ec6N LAMA<\/a><\/span><\/strong><\/span><\/p>\n<p><span style=\"font-size: 12pt; color: #000000;\"><strong>Tiktok:\u00a0<span style=\"color: #ff6600;\"><a style=\"color: #ff6600;\" href=\"https:\/\/www.tiktok.com\/@thietbidienlama\" target=\"_blank\" rel=\"noopener\">THI\u1ebeT\u00a0B\u1eca \u0110I\u1ec6N LAMA<\/a><\/span><\/strong><\/span><\/p>","protected":false},"excerpt":{"rendered":"<p>MCB 2p 40a Panasonic D\u00f2ng Ng\u1eaft 06kA BBD2402CNV Thi\u1ebft b\u1ecb\u00a0MCB 2P 40A Panasonic BBD2402CNV\u00a0l\u00e0 c\u1ea7u dao t\u1ef1 \u0111\u1ed9ng (\u00e1t t\u00f4<\/p>","protected":false},"featured_media":13396,"comment_status":"closed","ping_status":"closed","template":"","meta":[],"product_brand":[],"product_cat":[813],"product_tag":[942],"class_list":{"0":"post-13395","1":"product","2":"type-product","3":"status-publish","4":"has-post-thumbnail","6":"product_cat-cb-aptomat-panasonic","7":"product_tag-mcb-2p-40a-panasonic","9":"first","10":"instock","11":"sale","12":"shipping-taxable","13":"purchasable","14":"product-type-simple"},"_links":{"self":[{"href":"https:\/\/www.thietbidienlama.com\/en\/wp-json\/wp\/v2\/product\/13395","targetHints":{"allow":["GET"]}}],"collection":[{"href":"https:\/\/www.thietbidienlama.com\/en\/wp-json\/wp\/v2\/product"}],"about":[{"href":"https:\/\/www.thietbidienlama.com\/en\/wp-json\/wp\/v2\/types\/product"}],"replies":[{"embeddable":true,"href":"https:\/\/www.thietbidienlama.com\/en\/wp-json\/wp\/v2\/comments?post=13395"}],"version-history":[{"count":2,"href":"https:\/\/www.thietbidienlama.com\/en\/wp-json\/wp\/v2\/product\/13395\/revisions"}],"predecessor-version":[{"id":13398,"href":"https:\/\/www.thietbidienlama.com\/en\/wp-json\/wp\/v2\/product\/13395\/revisions\/13398"}],"wp:featuredmedia":[{"embeddable":true,"href":"https:\/\/www.thietbidienlama.com\/en\/wp-json\/wp\/v2\/media\/13396"}],"wp:attachment":[{"href":"https:\/\/www.thietbidienlama.com\/en\/wp-json\/wp\/v2\/media?parent=13395"}],"wp:term":[{"taxonomy":"product_brand","embeddable":true,"href":"https:\/\/www.thietbidienlama.com\/en\/wp-json\/wp\/v2\/product_brand?post=13395"},{"taxonomy":"product_cat","embeddable":true,"href":"https:\/\/www.thietbidienlama.com\/en\/wp-json\/wp\/v2\/product_cat?post=13395"},{"taxonomy":"product_tag","embeddable":true,"href":"https:\/\/www.thietbidienlama.com\/en\/wp-json\/wp\/v2\/product_tag?post=13395"}],"curies":[{"name":"wp","href":"https:\/\/api.w.org\/{rel}","templated":true}]}}