{"id":13387,"date":"2025-10-28T11:58:33","date_gmt":"2025-10-28T04:58:33","guid":{"rendered":"https:\/\/thietbidienlama.com\/?post_type=product&#038;p=13387"},"modified":"2025-10-28T15:03:32","modified_gmt":"2025-10-28T08:03:32","slug":"cb-panasonic-25a-2pha","status":"publish","type":"product","link":"https:\/\/www.thietbidienlama.com\/en\/cb-panasonic-25a-2pha\/","title":{"rendered":"CB Panasonic 25a 2Pha D\u00f2ng Ng\u1eaft 06kA BBD2252CNV"},"content":{"rendered":"<h2 style=\"text-align: center;\">CB Panasonic 25a 2Pha D\u00f2ng Ng\u1eaft 06kA BBD2252CNV<\/h2>\n<p data-hveid=\"CAMQAA\" data-complete=\"true\" data-processed=\"true\"><span style=\"font-size: 12pt; color: #000000;\"><strong><span style=\"color: #ff6600;\"><a style=\"color: #ff6600;\" href=\"https:\/\/thietbidienlama.com\/cb-panasonic-25a-2pha\/\">CB Panasonic 25A<\/a><\/span><\/strong> 2Pha D\u00f2ng Ng\u1eaft 06kA BBD2252CNV\u00a0l\u00e0\u00a0aptomat c\u1ea7u dao t\u1ef1 \u0111\u1ed9ng MCB (Miniature Circuit Breaker) c\u1ee7a Panasonic, \u0111\u01b0\u1ee3c d\u00f9ng \u0111\u1ec3 b\u1ea3o v\u1ec7 qu\u00e1 t\u1ea3i v\u00e0 ng\u1eafn m\u1ea1ch trong h\u1ec7 th\u1ed1ng \u0111i\u1ec7n. S\u1ea3n ph\u1ea9m n\u00e0y c\u00f2n c\u00f3 t\u00ean g\u1ecdi kh\u00e1c l\u00e0 aptomat t\u00e9p ho\u1eb7c CB t\u00e9p.<\/span><\/p>\n<p data-hveid=\"CAMQAA\" data-complete=\"true\" data-processed=\"true\"><img fetchpriority=\"high\" decoding=\"async\" class=\"alignnone size-medium wp-image-13388 aligncenter\" src=\"http:\/\/thietbidienlama.com\/wp-content\/uploads\/2025\/10\/CB-Panasonic-25a-2Pha-Dong-Ngat-06kA-BBD2252CNV-300x300.jpg\" alt=\"\" width=\"300\" height=\"300\" srcset=\"https:\/\/www.thietbidienlama.com\/wp-content\/uploads\/2025\/10\/CB-Panasonic-25a-2Pha-Dong-Ngat-06kA-BBD2252CNV-300x300.jpg 300w, https:\/\/www.thietbidienlama.com\/wp-content\/uploads\/2025\/10\/CB-Panasonic-25a-2Pha-Dong-Ngat-06kA-BBD2252CNV-150x150.jpg 150w, https:\/\/www.thietbidienlama.com\/wp-content\/uploads\/2025\/10\/CB-Panasonic-25a-2Pha-Dong-Ngat-06kA-BBD2252CNV-12x12.jpg 12w, https:\/\/www.thietbidienlama.com\/wp-content\/uploads\/2025\/10\/CB-Panasonic-25a-2Pha-Dong-Ngat-06kA-BBD2252CNV.jpg 500w\" sizes=\"(max-width: 300px) 100vw, 300px\" \/><\/p>\n<h3 data-hveid=\"CAQQAA\" data-complete=\"true\" data-processed=\"true\"><span style=\"font-size: 14pt; color: #000000;\">Th\u00f4ng s\u1ed1 k\u1ef9 thu\u1eadt<\/span><br data-serialized-params=\"[]\" data-complete=\"true\" data-processed=\"true\" \/><span style=\"font-size: 12pt; color: #000000;\">D\u1ef1a tr\u00ean th\u00f4ng tin t\u1eeb nhi\u1ec1u nh\u00e0 cung c\u1ea5p, th\u00f4ng s\u1ed1 k\u1ef9 thu\u1eadt c\u1ee7a aptomat CB Panasonic <\/span><span style=\"font-size: 12pt; color: #000000;\">25A\u00a0<\/span><span style=\"font-size: 12pt; color: #000000;\">BBD2252CNV 2P 6kA nh\u01b0 sau:<\/span><\/h3>\n<ul data-complete=\"true\" data-processed=\"true\">\n<li data-hveid=\"CAUQAA\" data-complete=\"true\" data-sae=\"\"><span style=\"font-size: 12pt; color: #000000;\">S\u1ed1 c\u1ef1c: 2P (2 pha)<\/span><\/li>\n<li data-hveid=\"CAUQAQ\" data-complete=\"true\" data-sae=\"\"><span style=\"font-size: 12pt; color: #000000;\">D\u00f2ng \u0111i\u1ec7n \u0111\u1ecbnh m\u1ee9c (In): 25A<\/span><\/li>\n<li data-hveid=\"CAUQAg\" data-complete=\"true\" data-sae=\"\"><span style=\"font-size: 12pt; color: #000000;\">D\u00f2ng c\u1eaft ng\u1eafn m\u1ea1ch (Icu): 6kA<\/span><\/li>\n<li data-hveid=\"CAUQAw\" data-complete=\"true\" data-sae=\"\"><span style=\"font-size: 12pt; color: #000000;\">\u0110i\u1ec7n \u00e1p \u0111\u1ecbnh m\u1ee9c: 240VAC\/415VAC<\/span><\/li>\n<li data-hveid=\"CAUQBA\" data-complete=\"true\" data-sae=\"\"><span style=\"font-size: 12pt; color: #000000;\">Ch\u1ee9c n\u0103ng b\u1ea3o v\u1ec7: Qu\u00e1 t\u1ea3i v\u00e0 ng\u1eafn m\u1ea1ch<\/span><\/li>\n<li data-hveid=\"CAUQBQ\" data-complete=\"true\" data-sae=\"\"><span style=\"font-size: 12pt; color: #000000;\">Th\u01b0\u01a1ng hi\u1ec7u: Panasonic &#8211; Nh\u1eadt B\u1ea3n<\/span><\/li>\n<\/ul>\n<p>&nbsp;<\/p>\n<p class=\"Y3BBE\" data-hveid=\"CAEICBAA\" data-complete=\"true\" data-processed=\"true\"><span style=\"font-size: 12pt; color: #000000;\"><strong>LI\u00caN H\u1ec6 : Hotline: 0935 228 204 ( Ms Lam )<\/strong><\/span><\/p>\n<p><span style=\"font-size: 12pt; color: #000000;\"><strong>Facebook:\u00a0<span style=\"color: #ff6600;\"><a style=\"color: #ff6600;\" href=\"https:\/\/www.facebook.com\/thietbidienlama\" target=\"_blank\" rel=\"noopener\">THI\u1ebeT\u00a0B\u1eca \u0110I\u1ec6N LAMA<\/a><\/span><\/strong><\/span><\/p>\n<p><span style=\"font-size: 12pt; color: #000000;\"><strong>Tiktok:\u00a0<span style=\"color: #ff6600;\"><a style=\"color: #ff6600;\" href=\"https:\/\/www.tiktok.com\/@thietbidienlama\" target=\"_blank\" rel=\"noopener\">THI\u1ebeT\u00a0B\u1eca \u0110I\u1ec6N LAMA<\/a><\/span><\/strong><\/span><\/p>","protected":false},"excerpt":{"rendered":"<p>CB Panasonic 25a 2Pha D\u00f2ng Ng\u1eaft 06kA BBD2252CNV CB Panasonic 25A 2Pha D\u00f2ng Ng\u1eaft 06kA BBD2252CNV\u00a0l\u00e0\u00a0aptomat c\u1ea7u dao t\u1ef1 \u0111\u1ed9ng<\/p>","protected":false},"featured_media":13388,"comment_status":"closed","ping_status":"closed","template":"","meta":[],"product_brand":[],"product_cat":[813],"product_tag":[940],"class_list":{"0":"post-13387","1":"product","2":"type-product","3":"status-publish","4":"has-post-thumbnail","6":"product_cat-cb-aptomat-panasonic","7":"product_tag-cb-panasonic-25a","9":"first","10":"instock","11":"sale","12":"shipping-taxable","13":"purchasable","14":"product-type-simple"},"_links":{"self":[{"href":"https:\/\/www.thietbidienlama.com\/en\/wp-json\/wp\/v2\/product\/13387","targetHints":{"allow":["GET"]}}],"collection":[{"href":"https:\/\/www.thietbidienlama.com\/en\/wp-json\/wp\/v2\/product"}],"about":[{"href":"https:\/\/www.thietbidienlama.com\/en\/wp-json\/wp\/v2\/types\/product"}],"replies":[{"embeddable":true,"href":"https:\/\/www.thietbidienlama.com\/en\/wp-json\/wp\/v2\/comments?post=13387"}],"version-history":[{"count":2,"href":"https:\/\/www.thietbidienlama.com\/en\/wp-json\/wp\/v2\/product\/13387\/revisions"}],"predecessor-version":[{"id":13390,"href":"https:\/\/www.thietbidienlama.com\/en\/wp-json\/wp\/v2\/product\/13387\/revisions\/13390"}],"wp:featuredmedia":[{"embeddable":true,"href":"https:\/\/www.thietbidienlama.com\/en\/wp-json\/wp\/v2\/media\/13388"}],"wp:attachment":[{"href":"https:\/\/www.thietbidienlama.com\/en\/wp-json\/wp\/v2\/media?parent=13387"}],"wp:term":[{"taxonomy":"product_brand","embeddable":true,"href":"https:\/\/www.thietbidienlama.com\/en\/wp-json\/wp\/v2\/product_brand?post=13387"},{"taxonomy":"product_cat","embeddable":true,"href":"https:\/\/www.thietbidienlama.com\/en\/wp-json\/wp\/v2\/product_cat?post=13387"},{"taxonomy":"product_tag","embeddable":true,"href":"https:\/\/www.thietbidienlama.com\/en\/wp-json\/wp\/v2\/product_tag?post=13387"}],"curies":[{"name":"wp","href":"https:\/\/api.w.org\/{rel}","templated":true}]}}