{"id":13374,"date":"2025-10-27T12:19:38","date_gmt":"2025-10-27T05:19:38","guid":{"rendered":"https:\/\/thietbidienlama.com\/?post_type=product&#038;p=13374"},"modified":"2025-10-28T15:04:29","modified_gmt":"2025-10-28T08:04:29","slug":"aptomat-1-pha-63a-panasonic","status":"publish","type":"product","link":"https:\/\/www.thietbidienlama.com\/en\/aptomat-1-pha-63a-panasonic\/","title":{"rendered":"Aptomat 1 Pha 63a Panasonic D\u00f2ng Ng\u1eaft 06kA BBD1631CNV"},"content":{"rendered":"<h2 style=\"text-align: center;\" data-hveid=\"CAMQAA\" data-processed=\"true\" data-complete=\"true\"><span style=\"font-size: 18pt; font-family: arial, helvetica, sans-serif; color: #000000;\">Aptomat 1 Pha 63a Panasonic D\u00f2ng Ng\u1eaft 06kA BBD1631CNV<\/span><\/h2>\n<p class=\"Y3BBE\" data-hveid=\"CAMQAA\" data-processed=\"true\" data-complete=\"true\"><span style=\"font-size: 12pt; font-family: arial, helvetica, sans-serif; color: #000000;\"><span class=\"T286Pc\" data-sfc-cp=\"\" data-complete=\"true\" data-processed=\"true\"><strong><span style=\"color: #ff6600;\"><a style=\"color: #ff6600;\" href=\"https:\/\/thietbidienlama.com\/aptomat-1-pha-63a-panasonic\/\">Aptomat 1 pha 63a Panasonic<\/a><\/span><\/strong> BBD1631CNV l\u00e0 lo\u1ea1i c\u1ea7u dao t\u1ef1 \u0111\u1ed9ng m\u1ed9t pha, c\u00f3 d\u00f2ng \u0111i\u1ec7n \u0111\u1ecbnh m\u1ee9c 63A v\u00e0 d\u00f2ng c\u1eaft ng\u1eafn m\u1ea1ch 6kA, d\u00f9ng \u0111\u1ec3 b\u1ea3o v\u1ec7 c\u00e1c thi\u1ebft b\u1ecb \u0111i\u1ec7n d\u00e2n d\u1ee5ng kh\u1ecfi qu\u00e1 t\u1ea3i v\u00e0 ng\u1eafn m\u1ea1ch<\/span>.<\/span><\/p>\n<p class=\"Fsg96\" data-complete=\"true\" data-processed=\"true\"><img fetchpriority=\"high\" decoding=\"async\" class=\"aligncenter wp-image-13375 size-medium\" src=\"http:\/\/thietbidienlama.com\/wp-content\/uploads\/2025\/10\/Aptomat-1-Pha-63a-Panasonic-Dong-Ngat-06kA-BBD1631CNV-300x300.jpg\" alt=\"Aptomat 1 Pha 63a Panasonic D\u00f2ng Ng\u1eaft 06kA BBD1631CNV\" width=\"300\" height=\"300\" srcset=\"https:\/\/www.thietbidienlama.com\/wp-content\/uploads\/2025\/10\/Aptomat-1-Pha-63a-Panasonic-Dong-Ngat-06kA-BBD1631CNV-300x300.jpg 300w, https:\/\/www.thietbidienlama.com\/wp-content\/uploads\/2025\/10\/Aptomat-1-Pha-63a-Panasonic-Dong-Ngat-06kA-BBD1631CNV-150x150.jpg 150w, https:\/\/www.thietbidienlama.com\/wp-content\/uploads\/2025\/10\/Aptomat-1-Pha-63a-Panasonic-Dong-Ngat-06kA-BBD1631CNV-12x12.jpg 12w, https:\/\/www.thietbidienlama.com\/wp-content\/uploads\/2025\/10\/Aptomat-1-Pha-63a-Panasonic-Dong-Ngat-06kA-BBD1631CNV.jpg 500w\" sizes=\"(max-width: 300px) 100vw, 300px\" \/><\/p>\n<h3 class=\"otQkpb\" role=\"heading\" aria-level=\"3\" data-complete=\"true\" data-processed=\"true\"><span style=\"font-size: 14pt; font-family: arial, helvetica, sans-serif; color: #000000;\">\u0110\u1eb7c \u0111i\u1ec3m n\u1ed5i b\u1eadt<\/span><\/h3>\n<ul class=\"KsbFXc U6u95\" data-complete=\"true\" data-processed=\"true\">\n<li data-hveid=\"CAUQAA\" data-complete=\"true\" data-sae=\"\"><span class=\"T286Pc\" style=\"font-size: 12pt; font-family: arial, helvetica, sans-serif; color: #000000;\" data-sfc-cp=\"\" data-complete=\"true\"><strong class=\"Yjhzub\" data-complete=\"true\">Ch\u1ea5t li\u1ec7u cao c\u1ea5p<\/strong>: V\u1ecf aptomat 1 pha 63a panasonic \u0111\u01b0\u1ee3c l\u00e0m t\u1eeb h\u1ed7n h\u1ee3p nh\u1ef1a chuy\u00ean d\u1ee5ng, c\u00f3 kh\u1ea3 n\u0103ng ch\u1ecbu va \u0111\u1eadp, c\u00e1ch nhi\u1ec7t v\u00e0 c\u00e1ch \u0111i\u1ec7n t\u1ed1t.<\/span><\/li>\n<li data-hveid=\"CAUQAQ\" data-complete=\"true\" data-sae=\"\"><span class=\"T286Pc\" style=\"font-size: 12pt; font-family: arial, helvetica, sans-serif; color: #000000;\" data-sfc-cp=\"\" data-complete=\"true\"><strong class=\"Yjhzub\" data-complete=\"true\">B\u1ea3o v\u1ec7 hi\u1ec7u qu\u1ea3<\/strong>: T\u1ef1 \u0111\u1ed9ng ng\u1eaft d\u00f2ng \u0111i\u1ec7n ngay l\u1eadp t\u1ee9c khi ph\u00e1t hi\u1ec7n qu\u00e1 t\u1ea3i ho\u1eb7c ng\u1eafn m\u1ea1ch, gi\u00fap \u0111\u1ea3m b\u1ea3o an to\u00e0n cho h\u1ec7 th\u1ed1ng \u0111i\u1ec7n v\u00e0 thi\u1ebft b\u1ecb.<\/span><\/li>\n<li data-hveid=\"CAUQAg\" data-complete=\"true\" data-sae=\"\"><span class=\"T286Pc\" style=\"font-size: 12pt; font-family: arial, helvetica, sans-serif; color: #000000;\" data-sfc-cp=\"\" data-complete=\"true\"><strong class=\"Yjhzub\" data-complete=\"true\">Ti\u1ebft ki\u1ec7m \u0111i\u1ec7n n\u0103ng<\/strong>: Gi\u00fap gi\u1ea3m hao ph\u00ed \u0111i\u1ec7n n\u0103ng l\u00ean \u0111\u1ebfn 40% cho c\u00e1c thao t\u00e1c b\u1eadt t\u1eaft thi\u1ebft b\u1ecb.<\/span><\/li>\n<li data-hveid=\"CAUQAw\" data-complete=\"true\" data-sae=\"\"><span style=\"font-size: 12pt; font-family: arial, helvetica, sans-serif; color: #000000;\"><span class=\"T286Pc\" data-sfc-cp=\"\" data-complete=\"true\"><strong class=\"Yjhzub\" data-complete=\"true\">Thi\u1ebft k\u1ebf hi\u1ec7n \u0111\u1ea1i<\/strong>: S\u1ea3n ph\u1ea9m c\u00f3 thi\u1ebft k\u1ebf nh\u1ecf g\u1ecdn, d\u1ec5 d\u00e0ng l\u1eafp \u0111\u1eb7t trong c\u00e1c t\u1ee7 \u0111i\u1ec7n d\u00e2n d\u1ee5ng.<\/span><\/span><\/li>\n<\/ul>\n<h3 class=\"otQkpb\" role=\"heading\" aria-level=\"3\" data-complete=\"true\" data-processed=\"true\"><span style=\"font-size: 14pt; font-family: arial, helvetica, sans-serif; color: #000000;\">Th\u00f4ng s\u1ed1 k\u1ef9 thu\u1eadt\u00a0<\/span><\/h3>\n<ul class=\"KsbFXc U6u95\" data-complete=\"true\" data-processed=\"true\">\n<li data-hveid=\"CAcQAA\" data-complete=\"true\" data-sae=\"\"><span class=\"T286Pc\" style=\"font-size: 12pt; font-family: arial, helvetica, sans-serif; color: #000000;\" data-sfc-cp=\"\" data-complete=\"true\"><strong class=\"Yjhzub\" data-complete=\"true\">S\u1ed1 c\u1ef1c<\/strong>: 1P (m\u1ed9t pha).<\/span><\/li>\n<li data-hveid=\"CAcQAQ\" data-complete=\"true\" data-sae=\"\"><span class=\"T286Pc\" style=\"font-size: 12pt; font-family: arial, helvetica, sans-serif; color: #000000;\" data-sfc-cp=\"\" data-complete=\"true\"><strong class=\"Yjhzub\" data-complete=\"true\">D\u00f2ng \u0111i\u1ec7n \u0111\u1ecbnh m\u1ee9c (In)<\/strong>: 63A.<\/span><\/li>\n<li data-hveid=\"CAcQAg\" data-complete=\"true\" data-sae=\"\"><span class=\"T286Pc\" style=\"font-size: 12pt; font-family: arial, helvetica, sans-serif; color: #000000;\" data-sfc-cp=\"\" data-complete=\"true\"><strong class=\"Yjhzub\" data-complete=\"true\">D\u00f2ng c\u1eaft ng\u1eafn m\u1ea1ch (Icu)<\/strong>: 6kA.<\/span><\/li>\n<li data-hveid=\"CAcQAw\" data-complete=\"true\" data-sae=\"\"><span class=\"T286Pc\" style=\"font-size: 12pt; font-family: arial, helvetica, sans-serif; color: #000000;\" data-sfc-cp=\"\" data-complete=\"true\"><strong class=\"Yjhzub\" data-complete=\"true\">\u0110i\u1ec7n \u00e1p \u0111\u1ecbnh m\u1ee9c<\/strong>: 240VAC.<\/span><\/li>\n<li data-hveid=\"CAcQBA\" data-complete=\"true\" data-sae=\"\"><span class=\"T286Pc\" style=\"font-size: 12pt; font-family: arial, helvetica, sans-serif; color: #000000;\" data-sfc-cp=\"\" data-complete=\"true\"><strong class=\"Yjhzub\" data-complete=\"true\">Ti\u00eau chu\u1ea9n<\/strong>: IEC 60947-2 v\u00e0 IEC 60898.<\/span><\/li>\n<li data-hveid=\"CAcQBQ\" data-complete=\"true\" data-sae=\"\"><span class=\"T286Pc\" style=\"font-size: 12pt; font-family: arial, helvetica, sans-serif; color: #000000;\" data-sfc-cp=\"\" data-complete=\"true\"><strong class=\"Yjhzub\" data-complete=\"true\">Xu\u1ea5t x\u1ee9<\/strong>: Th\u00e1i Lan.<\/span><\/li>\n<\/ul>\n<p>&nbsp;<\/p>\n<p class=\"Y3BBE\" data-hveid=\"CAEICBAA\" data-complete=\"true\" data-processed=\"true\"><span style=\"font-size: 12pt; color: #000000;\"><strong>LI\u00caN H\u1ec6 : Hotline: 0935 228 204 ( Ms Lam )<\/strong><\/span><\/p>\n<p><span style=\"font-size: 12pt; color: #000000;\"><strong>Facebook:\u00a0<span style=\"color: #ff6600;\"><a style=\"color: #ff6600;\" href=\"https:\/\/www.facebook.com\/thietbidienlama\" target=\"_blank\" rel=\"noopener\">THI\u1ebeT\u00a0B\u1eca \u0110I\u1ec6N LAMA<\/a><\/span><\/strong><\/span><\/p>\n<p><span style=\"font-size: 12pt; color: #000000;\"><strong>Tiktok:\u00a0<span style=\"color: #ff6600;\"><a style=\"color: #ff6600;\" href=\"https:\/\/www.tiktok.com\/@thietbidienlama\" target=\"_blank\" rel=\"noopener\">THI\u1ebeT\u00a0B\u1eca \u0110I\u1ec6N LAMA<\/a><\/span><\/strong><\/span><\/p>","protected":false},"excerpt":{"rendered":"<p>Aptomat 1 Pha 63a Panasonic D\u00f2ng Ng\u1eaft 06kA BBD1631CNV Aptomat 1 pha 63a Panasonic BBD1631CNV l\u00e0 lo\u1ea1i c\u1ea7u dao t\u1ef1<\/p>","protected":false},"featured_media":13375,"comment_status":"closed","ping_status":"closed","template":"","meta":[],"product_brand":[],"product_cat":[813],"product_tag":[937],"class_list":{"0":"post-13374","1":"product","2":"type-product","3":"status-publish","4":"has-post-thumbnail","6":"product_cat-cb-aptomat-panasonic","7":"product_tag-aptomat-1-pha-63a-panasonic","9":"first","10":"instock","11":"sale","12":"shipping-taxable","13":"purchasable","14":"product-type-simple"},"_links":{"self":[{"href":"https:\/\/www.thietbidienlama.com\/en\/wp-json\/wp\/v2\/product\/13374","targetHints":{"allow":["GET"]}}],"collection":[{"href":"https:\/\/www.thietbidienlama.com\/en\/wp-json\/wp\/v2\/product"}],"about":[{"href":"https:\/\/www.thietbidienlama.com\/en\/wp-json\/wp\/v2\/types\/product"}],"replies":[{"embeddable":true,"href":"https:\/\/www.thietbidienlama.com\/en\/wp-json\/wp\/v2\/comments?post=13374"}],"version-history":[{"count":4,"href":"https:\/\/www.thietbidienlama.com\/en\/wp-json\/wp\/v2\/product\/13374\/revisions"}],"predecessor-version":[{"id":13379,"href":"https:\/\/www.thietbidienlama.com\/en\/wp-json\/wp\/v2\/product\/13374\/revisions\/13379"}],"wp:featuredmedia":[{"embeddable":true,"href":"https:\/\/www.thietbidienlama.com\/en\/wp-json\/wp\/v2\/media\/13375"}],"wp:attachment":[{"href":"https:\/\/www.thietbidienlama.com\/en\/wp-json\/wp\/v2\/media?parent=13374"}],"wp:term":[{"taxonomy":"product_brand","embeddable":true,"href":"https:\/\/www.thietbidienlama.com\/en\/wp-json\/wp\/v2\/product_brand?post=13374"},{"taxonomy":"product_cat","embeddable":true,"href":"https:\/\/www.thietbidienlama.com\/en\/wp-json\/wp\/v2\/product_cat?post=13374"},{"taxonomy":"product_tag","embeddable":true,"href":"https:\/\/www.thietbidienlama.com\/en\/wp-json\/wp\/v2\/product_tag?post=13374"}],"curies":[{"name":"wp","href":"https:\/\/api.w.org\/{rel}","templated":true}]}}