{"id":13370,"date":"2025-10-27T12:11:47","date_gmt":"2025-10-27T05:11:47","guid":{"rendered":"https:\/\/thietbidienlama.com\/?post_type=product&#038;p=13370"},"modified":"2025-10-28T15:04:36","modified_gmt":"2025-10-28T08:04:36","slug":"aptomat-1-pha-50a-panasonic","status":"publish","type":"product","link":"https:\/\/www.thietbidienlama.com\/en\/aptomat-1-pha-50a-panasonic\/","title":{"rendered":"Aptomat 1 Pha 50a Panasonic D\u00f2ng Ng\u1eaft 06kA BBD1501CNV"},"content":{"rendered":"<h2 style=\"text-align: center;\" role=\"heading\" aria-level=\"3\" data-complete=\"true\" data-processed=\"true\"><span style=\"font-size: 18pt; font-family: arial, helvetica, sans-serif; color: #000000;\">Aptomat 1 Pha 50a Panasonic D\u00f2ng Ng\u1eaft 06kA BBD1501CNV<\/span><\/h2>\n<p class=\"otQkpb\" role=\"heading\" aria-level=\"3\" data-complete=\"true\" data-processed=\"true\"><strong><span style=\"font-size: 12pt; font-family: arial, helvetica, sans-serif; color: #000000;\">Th\u00f4ng tin chi ti\u1ebft v\u1ec1 <span style=\"color: #ff6600;\"><a style=\"color: #ff6600;\" href=\"https:\/\/thietbidienlama.com\/aptomat-1-pha-50a-panasonic\/\">Aptomat 1 Pha 50A Panasonic<\/a><\/span> D\u00f2ng Ng\u1eaft 06kA BBD1501CNV<\/span><\/strong><\/p>\n<p class=\"Y3BBE\" data-hveid=\"CAEIBBAA\" data-complete=\"true\" data-processed=\"true\"><span style=\"font-size: 12pt; font-family: arial, helvetica, sans-serif; color: #000000;\">D\u00f2ng s\u1ea3n ph\u1ea9m \u0111\u01b0\u1ee3c b\u1ea1n t\u00ecm ki\u1ebfm l\u00e0 c\u1ea7u dao t\u1ef1 \u0111\u1ed9ng t\u00e9p (MCB)\u00a0<strong class=\"Yjhzub\" data-complete=\"true\" data-processed=\"true\"><span class=\"T286Pc\" data-sfc-cp=\"\" data-complete=\"true\" data-processed=\"true\">Panasonic BBD1501CNV 1P 50A 6kA<\/span><\/strong>. \u0110\u00e2y l\u00e0 thi\u1ebft b\u1ecb \u0111\u00f3ng c\u1eaft \u0111\u01b0\u1ee3c s\u1eed d\u1ee5ng ph\u1ed5 bi\u1ebfn trong h\u1ec7 th\u1ed1ng \u0111i\u1ec7n d\u00e2n d\u1ee5ng v\u00e0 c\u00f4ng nghi\u1ec7p, c\u00f3 ch\u1ee9c n\u0103ng b\u1ea3o v\u1ec7 an to\u00e0n cho c\u00e1c thi\u1ebft b\u1ecb \u0111i\u1ec7n v\u00e0 con ng\u01b0\u1eddi tr\u01b0\u1edbc c\u00e1c s\u1ef1 c\u1ed1 v\u1ec1 \u0111i\u1ec7n.<\/span><\/p>\n<p data-hveid=\"CAEIBBAA\" data-complete=\"true\" data-processed=\"true\"><img fetchpriority=\"high\" decoding=\"async\" class=\"aligncenter wp-image-13371 size-medium\" src=\"http:\/\/thietbidienlama.com\/wp-content\/uploads\/2025\/10\/Aptomat-1-Pha-50a-Panasonic-Dong-Ngat-06kA-BBD1501CNV-300x300.jpg\" alt=\"Aptomat 1 Pha 50a Panasonic D\u00f2ng Ng\u1eaft 06kA BBD1501CNV\" width=\"300\" height=\"300\" srcset=\"https:\/\/www.thietbidienlama.com\/wp-content\/uploads\/2025\/10\/Aptomat-1-Pha-50a-Panasonic-Dong-Ngat-06kA-BBD1501CNV-300x300.jpg 300w, https:\/\/www.thietbidienlama.com\/wp-content\/uploads\/2025\/10\/Aptomat-1-Pha-50a-Panasonic-Dong-Ngat-06kA-BBD1501CNV-150x150.jpg 150w, https:\/\/www.thietbidienlama.com\/wp-content\/uploads\/2025\/10\/Aptomat-1-Pha-50a-Panasonic-Dong-Ngat-06kA-BBD1501CNV-12x12.jpg 12w, https:\/\/www.thietbidienlama.com\/wp-content\/uploads\/2025\/10\/Aptomat-1-Pha-50a-Panasonic-Dong-Ngat-06kA-BBD1501CNV.jpg 500w\" sizes=\"(max-width: 300px) 100vw, 300px\" \/><\/p>\n<h3 class=\"Y3BBE\" data-hveid=\"CAEIBRAA\" data-processed=\"true\" data-complete=\"true\"><span style=\"font-size: 14pt; font-family: arial, helvetica, sans-serif; color: #000000;\"><strong class=\"Yjhzub\" data-complete=\"true\" data-processed=\"true\">\u0110\u1eb7c \u0111i\u1ec3m n\u1ed5i b\u1eadt<\/strong><\/span><\/h3>\n<ul class=\"KsbFXc U6u95\" data-complete=\"true\" data-processed=\"true\">\n<li data-hveid=\"CAEIBhAA\" data-complete=\"true\" data-sae=\"\"><span class=\"T286Pc\" style=\"font-size: 12pt; font-family: arial, helvetica, sans-serif; color: #000000;\" data-sfc-cp=\"\" data-complete=\"true\"><strong class=\"Yjhzub\" data-complete=\"true\">Ch\u1ee9c n\u0103ng:<\/strong>\u00a0B\u1ea3o v\u1ec7 qu\u00e1 t\u1ea3i v\u00e0 ng\u1eafn m\u1ea1ch.<\/span><\/li>\n<li data-hveid=\"CAEIBhAB\" data-complete=\"true\" data-sae=\"\"><span class=\"T286Pc\" style=\"font-size: 12pt; font-family: arial, helvetica, sans-serif; color: #000000;\" data-sfc-cp=\"\" data-complete=\"true\"><strong class=\"Yjhzub\" data-complete=\"true\">D\u00f2ng \u0111i\u1ec7n \u0111\u1ecbnh m\u1ee9c (In):<\/strong>\u00a050A.<\/span><\/li>\n<li data-hveid=\"CAEIBhAC\" data-complete=\"true\" data-sae=\"\"><span class=\"T286Pc\" style=\"font-size: 12pt; font-family: arial, helvetica, sans-serif; color: #000000;\" data-sfc-cp=\"\" data-complete=\"true\"><strong class=\"Yjhzub\" data-complete=\"true\">S\u1ed1 c\u1ef1c:<\/strong>\u00a01P (m\u1ed9t pha), th\u00edch h\u1ee3p cho c\u00e1c \u1ee9ng d\u1ee5ng m\u1ed9t pha.<\/span><\/li>\n<li data-hveid=\"CAEIBhAD\" data-complete=\"true\" data-sae=\"\"><span class=\"T286Pc\" style=\"font-size: 12pt; font-family: arial, helvetica, sans-serif; color: #000000;\" data-sfc-cp=\"\" data-complete=\"true\"><strong class=\"Yjhzub\" data-complete=\"true\">D\u00f2ng c\u1eaft ng\u1eafn m\u1ea1ch (Icu):<\/strong>\u00a06kA, cho ph\u00e9p thi\u1ebft b\u1ecb ng\u1eaft m\u1ea1ch an to\u00e0n khi x\u1ea3y ra s\u1ef1 c\u1ed1 ng\u1eafn m\u1ea1ch l\u1edbn.<\/span><\/li>\n<li data-hveid=\"CAEIBhAE\" data-complete=\"true\" data-sae=\"\"><span class=\"T286Pc\" style=\"font-size: 12pt; font-family: arial, helvetica, sans-serif; color: #000000;\" data-sfc-cp=\"\" data-complete=\"true\"><strong class=\"Yjhzub\" data-complete=\"true\">\u0110i\u1ec7n \u00e1p \u0111\u1ecbnh m\u1ee9c:<\/strong><\/span>\n<ul class=\"KsbFXc U6u95\" data-complete=\"true\">\n<li data-hveid=\"CAEIBhAF\" data-complete=\"true\" data-sae=\"\"><span class=\"T286Pc\" style=\"font-size: 12pt; font-family: arial, helvetica, sans-serif; color: #000000;\" data-sfc-cp=\"\" data-complete=\"true\"><strong class=\"Yjhzub\" data-complete=\"true\">240V AC:<\/strong>\u00a0\u0110\u1ed1i v\u1edbi m\u1ea1ng \u0111i\u1ec7n m\u1ed9t pha.<\/span><\/li>\n<li data-hveid=\"CAEIBhAG\" data-complete=\"true\" data-sae=\"\"><span class=\"T286Pc\" style=\"font-size: 12pt; font-family: arial, helvetica, sans-serif; color: #000000;\" data-sfc-cp=\"\" data-complete=\"true\"><strong class=\"Yjhzub\" data-complete=\"true\">415V AC:<\/strong>\u00a0\u0110\u1ed1i v\u1edbi m\u1ea1ng \u0111i\u1ec7n ba pha (khi l\u1eafp cho t\u1eebng pha).<\/span><\/li>\n<\/ul>\n<\/li>\n<li data-hveid=\"CAEIBhAH\" data-complete=\"true\" data-sae=\"\"><span class=\"T286Pc\" style=\"font-size: 12pt; font-family: arial, helvetica, sans-serif; color: #000000;\" data-sfc-cp=\"\" data-complete=\"true\"><strong class=\"Yjhzub\" data-complete=\"true\">Ti\u00eau chu\u1ea9n:<\/strong>\u00a0\u0110\u00e1p \u1ee9ng ti\u00eau chu\u1ea9n IEC 60898.<\/span><\/li>\n<li data-hveid=\"CAEIBhAI\" data-complete=\"true\" data-sae=\"\"><span style=\"font-size: 12pt; font-family: arial, helvetica, sans-serif; color: #000000;\"><span class=\"T286Pc\" data-sfc-cp=\"\" data-complete=\"true\"><strong class=\"Yjhzub\" data-complete=\"true\">Thi\u1ebft k\u1ebf:<\/strong>\u00a0D\u1ea1ng t\u00e9p (module), c\u00f3 k\u00edch th\u01b0\u1edbc nh\u1ecf g\u1ecdn, m\u00e0u tr\u1eafng trang nh\u00e3, d\u1ec5 d\u00e0ng l\u1eafp \u0111\u1eb7t tr\u00ean thanh ray DIN trong t\u1ee7 \u0111i\u1ec7n.<\/span><\/span><\/li>\n<\/ul>\n<h3 class=\"Y3BBE\" data-hveid=\"CAEICBAA\" data-complete=\"true\" data-processed=\"true\"><span style=\"font-size: 12pt; font-family: arial, helvetica, sans-serif; color: #000000;\"><span style=\"font-size: 14pt;\"><strong class=\"Yjhzub\" data-complete=\"true\" data-processed=\"true\">\u1ee8ng d\u1ee5ng<\/strong><\/span><\/span><\/h3>\n<ul class=\"KsbFXc U6u95\" data-complete=\"true\" data-processed=\"true\">\n<li data-hveid=\"CAEICRAA\" data-complete=\"true\" data-sae=\"\"><span class=\"T286Pc\" style=\"font-size: 12pt; font-family: arial, helvetica, sans-serif; color: #000000;\" data-sfc-cp=\"\" data-complete=\"true\">Ph\u00f9 h\u1ee3p \u0111\u1ec3 b\u1ea3o v\u1ec7 c\u00e1c \u0111\u01b0\u1eddng d\u00e2y \u0111i\u1ec7n v\u00e0 c\u00e1c thi\u1ebft b\u1ecb ti\u00eau th\u1ee5 \u0111i\u1ec7n c\u00f3 c\u00f4ng su\u1ea5t l\u1edbn trong gia \u0111\u00ecnh, v\u0103n ph\u00f2ng, nh\u00e0 x\u01b0\u1edfng.<\/span><\/li>\n<li data-hveid=\"CAEICRAB\" data-complete=\"true\" data-sae=\"\"><span class=\"T286Pc\" style=\"font-size: 12pt; font-family: arial, helvetica, sans-serif; color: #000000;\" data-sfc-cp=\"\" data-complete=\"true\">Th\u01b0\u1eddng \u0111\u01b0\u1ee3c l\u1eafp \u0111\u1eb7t t\u1ea1i c\u00e1c t\u1ee7 \u0111i\u1ec7n, b\u1ea3ng \u0111i\u1ec7n t\u1ed5ng \u0111\u1ec3 ki\u1ec3m so\u00e1t v\u00e0 b\u1ea3o v\u1ec7 m\u1ed9t nh\u00e1nh ho\u1eb7c m\u1ed9t thi\u1ebft b\u1ecb c\u1ee5 th\u1ec3.<\/span><\/li>\n<\/ul>\n<p>&nbsp;<\/p>\n<p class=\"Y3BBE\" data-hveid=\"CAEICBAA\" data-complete=\"true\" data-processed=\"true\"><span style=\"font-size: 12pt; color: #000000;\"><strong>LI\u00caN H\u1ec6 : Hotline: 0935 228 204 ( Ms Lam )<\/strong><\/span><\/p>\n<p><span style=\"font-size: 12pt; color: #000000;\"><strong>Facebook:\u00a0<span style=\"color: #ff6600;\"><a style=\"color: #ff6600;\" href=\"https:\/\/www.facebook.com\/thietbidienlama\" target=\"_blank\" rel=\"noopener\">THI\u1ebeT\u00a0B\u1eca \u0110I\u1ec6N LAMA<\/a><\/span><\/strong><\/span><\/p>\n<p><span style=\"font-size: 12pt; color: #000000;\"><strong>Tiktok:\u00a0<span style=\"color: #ff6600;\"><a style=\"color: #ff6600;\" href=\"https:\/\/www.tiktok.com\/@thietbidienlama\" target=\"_blank\" rel=\"noopener\">THI\u1ebeT\u00a0B\u1eca \u0110I\u1ec6N LAMA<\/a><\/span><\/strong><\/span><\/p>","protected":false},"excerpt":{"rendered":"<p>Aptomat 1 Pha 50a Panasonic D\u00f2ng Ng\u1eaft 06kA BBD1501CNV Th\u00f4ng tin chi ti\u1ebft v\u1ec1 Aptomat 1 Pha 50A Panasonic D\u00f2ng<\/p>","protected":false},"featured_media":13371,"comment_status":"closed","ping_status":"closed","template":"","meta":[],"product_brand":[],"product_cat":[813],"product_tag":[936],"class_list":{"0":"post-13370","1":"product","2":"type-product","3":"status-publish","4":"has-post-thumbnail","6":"product_cat-cb-aptomat-panasonic","7":"product_tag-aptomat-1-pha-50a-panasonic","9":"first","10":"instock","11":"sale","12":"shipping-taxable","13":"purchasable","14":"product-type-simple"},"_links":{"self":[{"href":"https:\/\/www.thietbidienlama.com\/en\/wp-json\/wp\/v2\/product\/13370","targetHints":{"allow":["GET"]}}],"collection":[{"href":"https:\/\/www.thietbidienlama.com\/en\/wp-json\/wp\/v2\/product"}],"about":[{"href":"https:\/\/www.thietbidienlama.com\/en\/wp-json\/wp\/v2\/types\/product"}],"replies":[{"embeddable":true,"href":"https:\/\/www.thietbidienlama.com\/en\/wp-json\/wp\/v2\/comments?post=13370"}],"version-history":[{"count":2,"href":"https:\/\/www.thietbidienlama.com\/en\/wp-json\/wp\/v2\/product\/13370\/revisions"}],"predecessor-version":[{"id":13373,"href":"https:\/\/www.thietbidienlama.com\/en\/wp-json\/wp\/v2\/product\/13370\/revisions\/13373"}],"wp:featuredmedia":[{"embeddable":true,"href":"https:\/\/www.thietbidienlama.com\/en\/wp-json\/wp\/v2\/media\/13371"}],"wp:attachment":[{"href":"https:\/\/www.thietbidienlama.com\/en\/wp-json\/wp\/v2\/media?parent=13370"}],"wp:term":[{"taxonomy":"product_brand","embeddable":true,"href":"https:\/\/www.thietbidienlama.com\/en\/wp-json\/wp\/v2\/product_brand?post=13370"},{"taxonomy":"product_cat","embeddable":true,"href":"https:\/\/www.thietbidienlama.com\/en\/wp-json\/wp\/v2\/product_cat?post=13370"},{"taxonomy":"product_tag","embeddable":true,"href":"https:\/\/www.thietbidienlama.com\/en\/wp-json\/wp\/v2\/product_tag?post=13370"}],"curies":[{"name":"wp","href":"https:\/\/api.w.org\/{rel}","templated":true}]}}