{"id":13365,"date":"2025-10-27T11:58:52","date_gmt":"2025-10-27T04:58:52","guid":{"rendered":"https:\/\/thietbidienlama.com\/?post_type=product&#038;p=13365"},"modified":"2025-10-28T15:04:54","modified_gmt":"2025-10-28T08:04:54","slug":"cb-tep-panasonic-40a","status":"publish","type":"product","link":"https:\/\/www.thietbidienlama.com\/en\/cb-tep-panasonic-40a\/","title":{"rendered":"Cb T\u00e9p Panasonic 40A D\u00f2ng Ng\u1eaft 06kA BBD1401CNV"},"content":{"rendered":"<h2 style=\"text-align: center;\"><span style=\"color: #000000;\">Cb T\u00e9p Panasonic 40A D\u00f2ng Ng\u1eaft 06kA BBD1401CNV<\/span><\/h2>\n<p class=\"Y3BBE\" data-hveid=\"CAMQAA\" data-complete=\"true\" data-processed=\"true\"><span style=\"font-size: 12pt; color: #000000;\"><strong class=\"Yjhzub\" data-complete=\"true\" data-processed=\"true\"><span class=\"T286Pc\" data-sfc-cp=\"\" data-complete=\"true\" data-processed=\"true\"><span style=\"color: #ff6600;\"><a style=\"color: #ff6600;\" href=\"https:\/\/thietbidienlama.com\/cb-tep-panasonic-40a\/\">CB T\u00e9p Panasonic 40A<\/a><\/span> 6kA BBD1401CNV<\/span><\/strong>\u00a0l\u00e0 thi\u1ebft b\u1ecb b\u1ea3o v\u1ec7 m\u1ea1ch \u0111i\u1ec7n hi\u1ec7u qu\u1ea3, c\u00f3 kh\u1ea3 n\u0103ng t\u1ef1 \u0111\u1ed9ng ng\u1eaft d\u00f2ng \u0111i\u1ec7n khi x\u1ea3y ra s\u1ef1 c\u1ed1 qu\u00e1 t\u1ea3i ho\u1eb7c ng\u1eafn m\u1ea1ch.<\/span><\/p>\n<p class=\"Fsg96\" data-complete=\"true\" data-processed=\"true\"><img fetchpriority=\"high\" decoding=\"async\" class=\"alignnone size-medium wp-image-13366 aligncenter\" src=\"http:\/\/thietbidienlama.com\/wp-content\/uploads\/2025\/10\/Cb-Tep-Panasonic-40A-Dong-Ngat-06kA-BBD1401CNV-300x300.png\" alt=\"\" width=\"300\" height=\"300\" srcset=\"https:\/\/www.thietbidienlama.com\/wp-content\/uploads\/2025\/10\/Cb-Tep-Panasonic-40A-Dong-Ngat-06kA-BBD1401CNV-300x300.png 300w, https:\/\/www.thietbidienlama.com\/wp-content\/uploads\/2025\/10\/Cb-Tep-Panasonic-40A-Dong-Ngat-06kA-BBD1401CNV-150x150.png 150w, https:\/\/www.thietbidienlama.com\/wp-content\/uploads\/2025\/10\/Cb-Tep-Panasonic-40A-Dong-Ngat-06kA-BBD1401CNV-12x12.png 12w, https:\/\/www.thietbidienlama.com\/wp-content\/uploads\/2025\/10\/Cb-Tep-Panasonic-40A-Dong-Ngat-06kA-BBD1401CNV.png 500w\" sizes=\"(max-width: 300px) 100vw, 300px\" \/><\/p>\n<h3 class=\"otQkpb\" role=\"heading\" aria-level=\"3\" data-complete=\"true\" data-processed=\"true\"><span style=\"font-size: 14pt; color: #000000;\">Th\u00f4ng s\u1ed1 k\u1ef9 thu\u1eadt<\/span><\/h3>\n<ul class=\"KsbFXc U6u95\" data-complete=\"true\" data-processed=\"true\">\n<li data-hveid=\"CAUQAA\" data-complete=\"true\" data-sae=\"\"><span class=\"T286Pc\" style=\"font-size: 12pt; color: #000000;\" data-sfc-cp=\"\" data-complete=\"true\"><strong class=\"Yjhzub\" data-complete=\"true\">M\u00e3 s\u1ea3n ph\u1ea9m:<\/strong>\u00a0BBD1401CNV.<\/span><\/li>\n<li data-hveid=\"CAUQAQ\" data-complete=\"true\" data-sae=\"\"><span class=\"T286Pc\" style=\"font-size: 12pt; color: #000000;\" data-sfc-cp=\"\" data-complete=\"true\"><strong class=\"Yjhzub\" data-complete=\"true\">Lo\u1ea1i:<\/strong> MCB (Cb T\u00e9p Panasonic 40A).<\/span><\/li>\n<li data-hveid=\"CAUQAg\" data-complete=\"true\" data-sae=\"\"><span class=\"T286Pc\" style=\"font-size: 12pt; color: #000000;\" data-sfc-cp=\"\" data-complete=\"true\"><strong class=\"Yjhzub\" data-complete=\"true\">S\u1ed1 c\u1ef1c:<\/strong>\u00a01P (m\u1ed9t c\u1ef1c\/m\u1ed9t pha).<\/span><\/li>\n<li data-hveid=\"CAUQAw\" data-complete=\"true\" data-sae=\"\"><span class=\"T286Pc\" style=\"font-size: 12pt; color: #000000;\" data-sfc-cp=\"\" data-complete=\"true\"><strong class=\"Yjhzub\" data-complete=\"true\">D\u00f2ng \u0111i\u1ec7n \u0111\u1ecbnh m\u1ee9c (In):<\/strong>\u00a040A.<\/span><\/li>\n<li data-hveid=\"CAUQBA\" data-complete=\"true\" data-sae=\"\"><span class=\"T286Pc\" style=\"font-size: 12pt; color: #000000;\" data-sfc-cp=\"\" data-complete=\"true\"><strong class=\"Yjhzub\" data-complete=\"true\">D\u00f2ng c\u1eaft ng\u1eafn m\u1ea1ch (Icu):<\/strong>\u00a06kA.<\/span><\/li>\n<li data-hveid=\"CAUQBQ\" data-complete=\"true\" data-sae=\"\"><span class=\"T286Pc\" style=\"font-size: 12pt; color: #000000;\" data-sfc-cp=\"\" data-complete=\"true\"><strong class=\"Yjhzub\" data-complete=\"true\">\u0110i\u1ec7n \u00e1p \u0111\u1ecbnh m\u1ee9c:<\/strong>\u00a0240VAC.<\/span><\/li>\n<li data-hveid=\"CAUQBg\" data-complete=\"true\" data-sae=\"\"><span class=\"T286Pc\" style=\"font-size: 12pt; color: #000000;\" data-sfc-cp=\"\" data-complete=\"true\"><strong class=\"Yjhzub\" data-complete=\"true\">Ti\u00eau chu\u1ea9n:<\/strong>\u00a0IEC.<\/span><\/li>\n<li data-hveid=\"CAUQBw\" data-complete=\"true\" data-sae=\"\"><span class=\"T286Pc\" style=\"font-size: 12pt; color: #000000;\" data-sfc-cp=\"\" data-complete=\"true\"><strong class=\"Yjhzub\" data-complete=\"true\">Ch\u1ee9c n\u0103ng:<\/strong>\u00a0B\u1ea3o v\u1ec7 qu\u00e1 t\u1ea3i v\u00e0 ng\u1eafn m\u1ea1ch.<\/span><\/li>\n<li data-hveid=\"CAUQCA\" data-complete=\"true\" data-sae=\"\"><span class=\"T286Pc\" style=\"font-size: 12pt; color: #000000;\" data-sfc-cp=\"\" data-complete=\"true\"><strong class=\"Yjhzub\" data-complete=\"true\">Xu\u1ea5t x\u1ee9:<\/strong>\u00a0Th\u00e1i Lan.<\/span><\/li>\n<\/ul>\n<p class=\"Fsg96\" data-complete=\"true\" data-processed=\"true\">\n<h3 class=\"otQkpb\" role=\"heading\" aria-level=\"3\" data-processed=\"true\" data-complete=\"true\"><span style=\"font-size: 14pt; color: #000000;\">T\u00ednh n\u0103ng n\u1ed5i b\u1eadt<\/span><\/h3>\n<ul class=\"KsbFXc U6u95\" data-complete=\"true\" data-processed=\"true\">\n<li data-hveid=\"CAcQAA\" data-complete=\"true\" data-sae=\"\"><span class=\"T286Pc\" style=\"font-size: 12pt; color: #000000;\" data-sfc-cp=\"\" data-complete=\"true\"><strong class=\"Yjhzub\" data-complete=\"true\">B\u1ea3o v\u1ec7 to\u00e0n di\u1ec7n:<\/strong>\u00a0T\u1ef1 \u0111\u1ed9ng ng\u1eaft m\u1ea1ch \u0111i\u1ec7n nhanh ch\u00f3ng v\u00e0 ch\u00ednh x\u00e1c khi ph\u00e1t hi\u1ec7n qu\u00e1 t\u1ea3i ho\u1eb7c ng\u1eafn m\u1ea1ch, gi\u00fap b\u1ea3o v\u1ec7 an to\u00e0n cho thi\u1ebft b\u1ecb \u0111i\u1ec7n v\u00e0 h\u1ec7 th\u1ed1ng d\u00e2y d\u1eabn.<\/span><\/li>\n<li data-hveid=\"CAcQAQ\" data-complete=\"true\" data-sae=\"\"><span class=\"T286Pc\" style=\"font-size: 12pt; color: #000000;\" data-sfc-cp=\"\" data-complete=\"true\"><strong class=\"Yjhzub\" data-complete=\"true\">Thi\u1ebft k\u1ebf nh\u1ecf g\u1ecdn:<\/strong>\u00a0D\u1ea1ng t\u00e9p (MCB) gi\u00fap ti\u1ebft ki\u1ec7m kh\u00f4ng gian trong t\u1ee7 \u0111i\u1ec7n, th\u00edch h\u1ee3p s\u1eed d\u1ee5ng cho c\u1ea3 c\u00f4ng tr\u00ecnh d\u00e2n d\u1ee5ng v\u00e0 c\u00f4ng nghi\u1ec7p.<\/span><\/li>\n<li data-hveid=\"CAcQAg\" data-complete=\"true\" data-sae=\"\"><span class=\"T286Pc\" style=\"font-size: 12pt; color: #000000;\" data-sfc-cp=\"\" data-complete=\"true\"><strong class=\"Yjhzub\" data-complete=\"true\">\u0110\u1ed9 b\u1ec1n cao:<\/strong>\u00a0S\u1ea3n ph\u1ea9m \u0111\u01b0\u1ee3c s\u1ea3n xu\u1ea5t theo ti\u00eau chu\u1ea9n IEC, \u0111\u1ea3m b\u1ea3o ch\u1ea5t l\u01b0\u1ee3ng v\u00e0 \u0111\u1ed9 b\u1ec1n v\u01b0\u1ee3t tr\u1ed9i.<\/span><\/li>\n<li data-hveid=\"CAcQAw\" data-complete=\"true\" data-sae=\"\"><span class=\"T286Pc\" style=\"font-size: 12pt; color: #000000;\" data-sfc-cp=\"\" data-complete=\"true\"><strong class=\"Yjhzub\" data-complete=\"true\">D\u1ec5 d\u00e0ng l\u1eafp \u0111\u1eb7t:<\/strong>\u00a0Thi\u1ebft k\u1ebf chuy\u00ean d\u1ee5ng gi\u00fap vi\u1ec7c l\u1eafp \u0111\u1eb7t v\u00e0 thay th\u1ebf tr\u1edf n\u00ean \u0111\u01a1n gi\u1ea3n, thu\u1eadn ti\u1ec7n.<\/span><\/li>\n<\/ul>\n<p class=\"Fsg96\" data-complete=\"true\" data-processed=\"true\">\n<h3 class=\"otQkpb\" role=\"heading\" aria-level=\"3\" data-processed=\"true\" data-complete=\"true\"><span style=\"font-size: 14pt; color: #000000;\">\u1ee8ng d\u1ee5ng<\/span><\/h3>\n<ul class=\"KsbFXc U6u95\" data-complete=\"true\" data-processed=\"true\">\n<li data-hveid=\"CAoQAA\" data-complete=\"true\" data-sae=\"\"><span class=\"T286Pc\" style=\"font-size: 12pt; color: #000000;\" data-sfc-cp=\"\" data-complete=\"true\"><strong class=\"Yjhzub\" data-complete=\"true\">B\u1ea3o v\u1ec7 c\u00e1c thi\u1ebft b\u1ecb \u0111i\u1ec7n:<\/strong>\u00a0\u0110\u01b0\u1ee3c s\u1eed d\u1ee5ng \u0111\u1ec3 b\u1ea3o v\u1ec7 c\u00e1c thi\u1ebft b\u1ecb c\u00f3 d\u00f2ng \u0111i\u1ec7n l\u1edbn nh\u01b0 m\u00e1y l\u1ea1nh, m\u00e1y n\u01b0\u1edbc n\u00f3ng, b\u1ebfp t\u1eeb&#8230;.<\/span><\/li>\n<li data-hveid=\"CAoQAQ\" data-complete=\"true\" data-sae=\"\"><span class=\"T286Pc\" style=\"font-size: 12pt; color: #000000;\" data-sfc-cp=\"\" data-complete=\"true\"><strong class=\"Yjhzub\" data-complete=\"true\">H\u1ec7 th\u1ed1ng \u0111i\u1ec7n d\u00e2n d\u1ee5ng v\u00e0 c\u00f4ng nghi\u1ec7p:<\/strong>\u00a0D\u00f9ng l\u00e0m c\u1ea7u dao t\u1ed5ng ho\u1eb7c c\u1ea7u dao nh\u00e1nh trong c\u00e1c b\u1ea3ng \u0111i\u1ec7n gia \u0111\u00ecnh, v\u0103n ph\u00f2ng, nh\u00e0 x\u01b0\u1edfng<\/span><\/li>\n<\/ul>\n<p>&nbsp;<\/p>\n<p class=\"Y3BBE\" data-hveid=\"CAEICBAA\" data-complete=\"true\" data-processed=\"true\"><span style=\"font-size: 12pt; color: #000000;\"><strong>LI\u00caN H\u1ec6 : Hotline: 0935 228 204 ( Ms Lam )<\/strong><\/span><\/p>\n<p><span style=\"font-size: 12pt; color: #000000;\"><strong>Facebook:\u00a0<span style=\"color: #ff6600;\"><a style=\"color: #ff6600;\" href=\"https:\/\/www.facebook.com\/thietbidienlama\" target=\"_blank\" rel=\"noopener\">THI\u1ebeT\u00a0B\u1eca \u0110I\u1ec6N LAMA<\/a><\/span><\/strong><\/span><\/p>\n<p><span style=\"font-size: 12pt; color: #000000;\"><strong>Tiktok:\u00a0<span style=\"color: #ff6600;\"><a style=\"color: #ff6600;\" href=\"https:\/\/www.tiktok.com\/@thietbidienlama\" target=\"_blank\" rel=\"noopener\">THI\u1ebeT\u00a0B\u1eca \u0110I\u1ec6N LAMA<\/a><\/span><\/strong><\/span><\/p>","protected":false},"excerpt":{"rendered":"<p>Cb T\u00e9p Panasonic 40A D\u00f2ng Ng\u1eaft 06kA BBD1401CNV CB T\u00e9p Panasonic 40A 6kA BBD1401CNV\u00a0l\u00e0 thi\u1ebft b\u1ecb b\u1ea3o v\u1ec7 m\u1ea1ch \u0111i\u1ec7n<\/p>","protected":false},"featured_media":13366,"comment_status":"closed","ping_status":"closed","template":"","meta":[],"product_brand":[],"product_cat":[813],"product_tag":[935],"class_list":{"0":"post-13365","1":"product","2":"type-product","3":"status-publish","4":"has-post-thumbnail","6":"product_cat-cb-aptomat-panasonic","7":"product_tag-cb-tep-panasonic-40a","9":"first","10":"instock","11":"sale","12":"shipping-taxable","13":"purchasable","14":"product-type-simple"},"_links":{"self":[{"href":"https:\/\/www.thietbidienlama.com\/en\/wp-json\/wp\/v2\/product\/13365","targetHints":{"allow":["GET"]}}],"collection":[{"href":"https:\/\/www.thietbidienlama.com\/en\/wp-json\/wp\/v2\/product"}],"about":[{"href":"https:\/\/www.thietbidienlama.com\/en\/wp-json\/wp\/v2\/types\/product"}],"replies":[{"embeddable":true,"href":"https:\/\/www.thietbidienlama.com\/en\/wp-json\/wp\/v2\/comments?post=13365"}],"version-history":[{"count":3,"href":"https:\/\/www.thietbidienlama.com\/en\/wp-json\/wp\/v2\/product\/13365\/revisions"}],"predecessor-version":[{"id":13369,"href":"https:\/\/www.thietbidienlama.com\/en\/wp-json\/wp\/v2\/product\/13365\/revisions\/13369"}],"wp:featuredmedia":[{"embeddable":true,"href":"https:\/\/www.thietbidienlama.com\/en\/wp-json\/wp\/v2\/media\/13366"}],"wp:attachment":[{"href":"https:\/\/www.thietbidienlama.com\/en\/wp-json\/wp\/v2\/media?parent=13365"}],"wp:term":[{"taxonomy":"product_brand","embeddable":true,"href":"https:\/\/www.thietbidienlama.com\/en\/wp-json\/wp\/v2\/product_brand?post=13365"},{"taxonomy":"product_cat","embeddable":true,"href":"https:\/\/www.thietbidienlama.com\/en\/wp-json\/wp\/v2\/product_cat?post=13365"},{"taxonomy":"product_tag","embeddable":true,"href":"https:\/\/www.thietbidienlama.com\/en\/wp-json\/wp\/v2\/product_tag?post=13365"}],"curies":[{"name":"wp","href":"https:\/\/api.w.org\/{rel}","templated":true}]}}