{"id":13334,"date":"2025-10-23T16:08:17","date_gmt":"2025-10-23T09:08:17","guid":{"rendered":"https:\/\/thietbidienlama.com\/?post_type=product&#038;p=13334"},"modified":"2025-10-23T16:08:18","modified_gmt":"2025-10-23T09:08:18","slug":"den-led-am-tran-panasonic-18w","status":"publish","type":"product","link":"https:\/\/www.thietbidienlama.com\/en\/den-led-am-tran-panasonic-18w\/","title":{"rendered":"\u0110\u00e8n Led \u00c2m Tr\u1ea7n Panasonic 18W Neo Slim 2G NNP7457"},"content":{"rendered":"<h2 style=\"text-align: center;\" data-hveid=\"CAUQAA\" data-complete=\"true\" data-processed=\"true\">\u0110\u00e8n Led \u00c2m Tr\u1ea7n Panasonic 18W Neo Slim 2G NNP7457<\/h2>\n<p class=\"Y3BBE\" data-hveid=\"CAUQAA\" data-complete=\"true\" data-processed=\"true\"><span style=\"font-size: 12pt; font-family: arial, helvetica, sans-serif; color: #000000;\"><span style=\"color: #ff6600;\"><strong><a style=\"color: #ff6600;\" href=\"https:\/\/thietbidienlama.com\/den-led-am-tran-panasonic-18w\/\">\u0110\u00e8n LED \u00e2m tr\u1ea7n Panasonic 18W<\/a><\/strong><\/span> Neo Slim 2G c\u00f4ng su\u1ea5t 18W l\u00e0 m\u1ed9t l\u1ef1a ch\u1ecdn ph\u1ed5 bi\u1ebfn cho c\u00e1c kh\u00f4ng gian hi\u1ec7n \u0111\u1ea1i nh\u1edd thi\u1ebft k\u1ebf m\u1ecfng, si\u00eau ph\u1eb3ng v\u00e0 hi\u1ec7u qu\u1ea3 chi\u1ebfu s\u00e1ng cao. S\u1ea3n ph\u1ea9m n\u00e0y ph\u00f9 h\u1ee3p \u0111\u1ec3 l\u1eafp \u0111\u1eb7t cho nhi\u1ec1u lo\u1ea1i tr\u1ea7n nh\u00e0, \u0111\u1eb7c bi\u1ec7t l\u00e0 tr\u1ea7n th\u1ea1ch cao.<\/span><\/p>\n<p class=\"Fsg96\" data-processed=\"true\" data-complete=\"true\"><img fetchpriority=\"high\" decoding=\"async\" class=\"alignnone size-medium wp-image-13335 aligncenter\" src=\"http:\/\/thietbidienlama.com\/wp-content\/uploads\/2025\/10\/Den-Led-Am-Tran-Panasonic-18W-Neo-Slim-2G-NNP7457-300x300.jpg\" alt=\"\" width=\"300\" height=\"300\" srcset=\"https:\/\/www.thietbidienlama.com\/wp-content\/uploads\/2025\/10\/Den-Led-Am-Tran-Panasonic-18W-Neo-Slim-2G-NNP7457-300x300.jpg 300w, https:\/\/www.thietbidienlama.com\/wp-content\/uploads\/2025\/10\/Den-Led-Am-Tran-Panasonic-18W-Neo-Slim-2G-NNP7457-150x150.jpg 150w, https:\/\/www.thietbidienlama.com\/wp-content\/uploads\/2025\/10\/Den-Led-Am-Tran-Panasonic-18W-Neo-Slim-2G-NNP7457-12x12.jpg 12w, https:\/\/www.thietbidienlama.com\/wp-content\/uploads\/2025\/10\/Den-Led-Am-Tran-Panasonic-18W-Neo-Slim-2G-NNP7457.jpg 500w\" sizes=\"(max-width: 300px) 100vw, 300px\" \/><\/p>\n<h3 class=\"otQkpb\" role=\"heading\" aria-level=\"3\" data-processed=\"true\" data-complete=\"true\"><span style=\"font-size: 14pt; font-family: arial, helvetica, sans-serif; color: #000000;\">\u0110\u1eb7c \u0111i\u1ec3m n\u1ed5i b\u1eadt<\/span><\/h3>\n<ul class=\"KsbFXc U6u95\" data-complete=\"true\" data-processed=\"true\">\n<li data-hveid=\"CAcQAA\" data-complete=\"true\" data-sae=\"\"><span class=\"T286Pc\" style=\"font-size: 12pt; font-family: arial, helvetica, sans-serif; color: #000000;\" data-sfc-cp=\"\" data-complete=\"true\"><strong class=\"Yjhzub\" data-complete=\"true\">Thi\u1ebft k\u1ebf si\u00eau m\u1ecfng<\/strong>: \u0110\u00e8n c\u00f3 thi\u1ebft k\u1ebf m\u1ecfng ch\u1ec9 30 mm, gi\u00fap ti\u1ebft ki\u1ec7m kh\u00f4ng gian v\u00e0 mang l\u1ea1i v\u1ebb \u0111\u1eb9p tinh t\u1ebf, th\u1ea9m m\u1ef9 cho tr\u1ea7n nh\u00e0.<\/span><\/li>\n<li data-hveid=\"CAcQAQ\" data-complete=\"true\" data-sae=\"\"><span class=\"T286Pc\" style=\"font-size: 12pt; font-family: arial, helvetica, sans-serif; color: #000000;\" data-sfc-cp=\"\" data-complete=\"true\"><strong class=\"Yjhzub\" data-complete=\"true\">Ch\u1ea5t l\u01b0\u1ee3ng \u00e1nh s\u00e1ng<\/strong>: Quang th\u00f4ng l\u1edbn v\u00e0 ch\u1ec9 s\u1ed1 ho\u00e0n m\u00e0u (CRI) cao (tr\u00ean 80) gi\u00fap \u00e1nh s\u00e1ng ph\u00e1t ra ch\u00e2n th\u1ef1c, \u0111\u1ec1u m\u00e0u v\u00e0 kh\u00f4ng g\u00e2y ch\u00f3i l\u00f3a, b\u1ea3o v\u1ec7 th\u1ecb l\u1ef1c ng\u01b0\u1eddi d\u00f9ng.<\/span><\/li>\n<li data-hveid=\"CAcQAg\" data-complete=\"true\" data-sae=\"\"><span class=\"T286Pc\" style=\"font-size: 12pt; font-family: arial, helvetica, sans-serif; color: #000000;\" data-sfc-cp=\"\" data-complete=\"true\"><strong class=\"Yjhzub\" data-complete=\"true\">Tu\u1ed5i th\u1ecd cao<\/strong>: Tu\u1ed5i th\u1ecd c\u1ee7a \u0111\u00e8n l\u00ean \u0111\u1ebfn 20.000 gi\u1edd, gi\u00fap ti\u1ebft ki\u1ec7m chi ph\u00ed b\u1ea3o tr\u00ec v\u00e0 thay th\u1ebf.<\/span><\/li>\n<li data-hveid=\"CAcQAw\" data-complete=\"true\" data-sae=\"\"><span style=\"font-size: 12pt; font-family: arial, helvetica, sans-serif; color: #000000;\"><span class=\"T286Pc\" data-sfc-cp=\"\" data-complete=\"true\"><strong class=\"Yjhzub\" data-complete=\"true\">Ti\u1ebft ki\u1ec7m \u0111i\u1ec7n<\/strong>: V\u1edbi c\u00f4ng ngh\u1ec7 LED hi\u1ec7n \u0111\u1ea1i, \u0111\u00e8n gi\u00fap ti\u1ebft ki\u1ec7m \u0111i\u1ec7n n\u0103ng \u0111\u00e1ng k\u1ec3 so v\u1edbi c\u00e1c lo\u1ea1i \u0111\u00e8n truy\u1ec1n th\u1ed1ng.<\/span><\/span><\/li>\n<\/ul>\n<p class=\"Fsg96\" data-complete=\"true\" data-processed=\"true\">\n<h3 class=\"otQkpb\" role=\"heading\" aria-level=\"3\" data-processed=\"true\" data-complete=\"true\"><span style=\"font-size: 14pt; font-family: arial, helvetica, sans-serif; color: #000000;\">Th\u00f4ng s\u1ed1 k\u1ef9 thu\u1eadt<\/span><\/h3>\n<p class=\"Y3BBE\" data-hveid=\"CAkQAA\" data-complete=\"true\" data-processed=\"true\"><span style=\"font-size: 12pt; font-family: arial, helvetica, sans-serif; color: #000000;\">C\u00e1c th\u00f4ng s\u1ed1 k\u1ef9 thu\u1eadt chi ti\u1ebft c\u1ee7a c\u00e1c m\u00e3 s\u1ea3n ph\u1ea9m thu\u1ed9c d\u00f2ng <span style=\"color: #ff6600;\">\u0110\u00e8n Led \u00c2m Tr\u1ea7n Panasonic 18W<\/span> <strong class=\"Yjhzub\" data-complete=\"true\" data-processed=\"true\">NNP7457<\/strong>\u00a0nh\u01b0 sau:<\/span><\/p>\n<p class=\"Fsg96\" data-complete=\"true\" data-processed=\"true\">\n<table class=\"NRefec\" data-animation-nesting=\"\" data-complete=\"true\" data-sae=\"\">\n<tbody data-complete=\"true\">\n<tr class=\"cZCYO\" data-sfc-cp=\"\" data-complete=\"true\">\n<th class=\"iry6k\" colspan=\"undefined\" data-sfc-cp=\"\" data-complete=\"true\"><span style=\"font-size: 12pt; font-family: arial, helvetica, sans-serif; color: #000000;\">Thu\u1ed9c t\u00ednh<button class=\"rBl3me\" tabindex=\"0\" data-amic=\"true\" data-icl-uuid=\"6a45c37b-10a0-446f-afab-3b5652b8ad4a\" aria-label=\"Xem c\u00e1c \u0111\u01b0\u1eddng li\u00ean k\u1ebft c\u00f3 li\u00ean quan\" data-wiz-attrbind=\"disabled=FAfErb_1t_C5gNJc;class=FAfErb_1t_UpSNec;\" data-ved=\"2ahUKEwjP6aqE-7mQAxW2k1YBHcuQBb8Qye0OegQICxAB\"><\/button><\/span><\/th>\n<th class=\"iry6k\" colspan=\"undefined\" data-sfc-cp=\"\" data-complete=\"true\"><span style=\"font-size: 12pt; font-family: arial, helvetica, sans-serif; color: #000000;\"><strong class=\"Yjhzub\" data-complete=\"true\">NNP74572<\/strong><\/span><\/th>\n<th class=\"iry6k\" colspan=\"undefined\" data-sfc-cp=\"\" data-complete=\"true\"><span style=\"font-size: 12pt; font-family: arial, helvetica, sans-serif; color: #000000;\"><strong class=\"Yjhzub\" data-complete=\"true\">NNP74579<\/strong><\/span><\/th>\n<th class=\"iry6k\" colspan=\"undefined\" data-sfc-cp=\"\" data-complete=\"true\"><span style=\"font-size: 12pt; font-family: arial, helvetica, sans-serif; color: #000000;\"><strong class=\"Yjhzub\" data-complete=\"true\">NNP74578<\/strong><\/span><\/th>\n<\/tr>\n<tr class=\"cZCYO\" data-sfc-cp=\"\" data-complete=\"true\">\n<td class=\"cOeeGf\" colspan=\"undefined\" data-sfc-cp=\"\" data-complete=\"true\"><span style=\"font-size: 12pt; font-family: arial, helvetica, sans-serif; color: #000000;\"><strong class=\"Yjhzub\" data-complete=\"true\">M\u00e0u \u00e1nh s\u00e1ng<\/strong><\/span><\/td>\n<td class=\"cOeeGf\" colspan=\"undefined\" data-sfc-cp=\"\" data-complete=\"true\"><span style=\"font-size: 12pt; font-family: arial, helvetica, sans-serif; color: #000000;\">V\u00e0ng (3000K)<\/span><\/td>\n<td class=\"cOeeGf\" colspan=\"undefined\" data-sfc-cp=\"\" data-complete=\"true\"><span style=\"font-size: 12pt; font-family: arial, helvetica, sans-serif; color: #000000;\">Trung t\u00ednh (4000K)<\/span><\/td>\n<td class=\"cOeeGf\" colspan=\"undefined\" data-sfc-cp=\"\" data-complete=\"true\"><span style=\"font-size: 12pt; font-family: arial, helvetica, sans-serif; color: #000000;\">Tr\u1eafng (6500K)<\/span><\/td>\n<\/tr>\n<tr class=\"cZCYO\" data-sfc-cp=\"\" data-complete=\"true\">\n<td class=\"cOeeGf\" colspan=\"undefined\" data-sfc-cp=\"\" data-complete=\"true\"><span style=\"font-size: 12pt; font-family: arial, helvetica, sans-serif; color: #000000;\"><strong class=\"Yjhzub\" data-complete=\"true\">C\u00f4ng su\u1ea5t<\/strong><\/span><\/td>\n<td class=\"cOeeGf\" colspan=\"undefined\" data-sfc-cp=\"\" data-complete=\"true\"><span style=\"font-size: 12pt; font-family: arial, helvetica, sans-serif; color: #000000;\">18W<\/span><\/td>\n<td class=\"cOeeGf\" colspan=\"undefined\" data-sfc-cp=\"\" data-complete=\"true\"><span style=\"font-size: 12pt; font-family: arial, helvetica, sans-serif; color: #000000;\">18W<\/span><\/td>\n<td class=\"cOeeGf\" colspan=\"undefined\" data-sfc-cp=\"\" data-complete=\"true\"><span style=\"font-size: 12pt; font-family: arial, helvetica, sans-serif; color: #000000;\">18W<\/span><\/td>\n<\/tr>\n<tr class=\"cZCYO\" data-sfc-cp=\"\" data-complete=\"true\">\n<td class=\"cOeeGf\" colspan=\"undefined\" data-sfc-cp=\"\" data-complete=\"true\"><span style=\"font-size: 12pt; font-family: arial, helvetica, sans-serif; color: #000000;\"><strong class=\"Yjhzub\" data-complete=\"true\">\u0110i\u1ec7n \u00e1p<\/strong><\/span><\/td>\n<td class=\"cOeeGf\" colspan=\"undefined\" data-sfc-cp=\"\" data-complete=\"true\"><span style=\"font-size: 12pt; font-family: arial, helvetica, sans-serif; color: #000000;\">220V<\/span><\/td>\n<td class=\"cOeeGf\" colspan=\"undefined\" data-sfc-cp=\"\" data-complete=\"true\"><span style=\"font-size: 12pt; font-family: arial, helvetica, sans-serif; color: #000000;\">220V<\/span><\/td>\n<td class=\"cOeeGf\" colspan=\"undefined\" data-sfc-cp=\"\" data-complete=\"true\"><span style=\"font-size: 12pt; font-family: arial, helvetica, sans-serif; color: #000000;\">220V<\/span><\/td>\n<\/tr>\n<tr class=\"cZCYO\" data-sfc-cp=\"\" data-complete=\"true\">\n<td class=\"cOeeGf\" colspan=\"undefined\" data-sfc-cp=\"\" data-complete=\"true\"><span style=\"font-size: 12pt; font-family: arial, helvetica, sans-serif; color: #000000;\"><strong class=\"Yjhzub\" data-complete=\"true\">K\u00edch th\u01b0\u1edbc \u0111\u00e8n<\/strong><\/span><\/td>\n<td class=\"cOeeGf\" colspan=\"undefined\" data-sfc-cp=\"\" data-complete=\"true\"><span style=\"font-size: 12pt; font-family: arial, helvetica, sans-serif; color: #000000;\">\u00d8170mm \/ H: 30mm<\/span><\/td>\n<td class=\"cOeeGf\" colspan=\"undefined\" data-sfc-cp=\"\" data-complete=\"true\"><span style=\"font-size: 12pt; font-family: arial, helvetica, sans-serif; color: #000000;\">\u00d8170mm \/ H: 30mm<\/span><\/td>\n<td class=\"cOeeGf\" colspan=\"undefined\" data-sfc-cp=\"\" data-complete=\"true\"><span style=\"font-size: 12pt; font-family: arial, helvetica, sans-serif; color: #000000;\">\u00d8170mm \/ H: 30mm<\/span><\/td>\n<\/tr>\n<tr class=\"cZCYO\" data-sfc-cp=\"\" data-complete=\"true\">\n<td class=\"cOeeGf\" colspan=\"undefined\" data-sfc-cp=\"\" data-complete=\"true\"><span style=\"font-size: 12pt; font-family: arial, helvetica, sans-serif; color: #000000;\"><strong class=\"Yjhzub\" data-complete=\"true\">K\u00edch th\u01b0\u1edbc kho\u00e9t l\u1ed7<\/strong><\/span><\/td>\n<td class=\"cOeeGf\" colspan=\"undefined\" data-sfc-cp=\"\" data-complete=\"true\"><span style=\"font-size: 12pt; font-family: arial, helvetica, sans-serif; color: #000000;\">\u00d8150mm<\/span><\/td>\n<td class=\"cOeeGf\" colspan=\"undefined\" data-sfc-cp=\"\" data-complete=\"true\"><span style=\"font-size: 12pt; font-family: arial, helvetica, sans-serif; color: #000000;\">\u00d8150mm<\/span><\/td>\n<td class=\"cOeeGf\" colspan=\"undefined\" data-sfc-cp=\"\" data-complete=\"true\"><span style=\"font-size: 12pt; font-family: arial, helvetica, sans-serif; color: #000000;\">\u00d8150mm<\/span><\/td>\n<\/tr>\n<tr class=\"cZCYO\" data-sfc-cp=\"\" data-complete=\"true\">\n<td class=\"cOeeGf\" colspan=\"undefined\" data-sfc-cp=\"\" data-complete=\"true\"><span style=\"font-size: 12pt; font-family: arial, helvetica, sans-serif; color: #000000;\"><strong class=\"Yjhzub\" data-complete=\"true\">Quang th\u00f4ng<\/strong><\/span><\/td>\n<td class=\"cOeeGf\" colspan=\"undefined\" data-sfc-cp=\"\" data-complete=\"true\"><span style=\"font-size: 12pt; font-family: arial, helvetica, sans-serif; color: #000000;\">1130 lm<\/span><\/td>\n<td class=\"cOeeGf\" colspan=\"undefined\" data-sfc-cp=\"\" data-complete=\"true\"><span style=\"font-size: 12pt; font-family: arial, helvetica, sans-serif; color: #000000;\">1440 lm<\/span><\/td>\n<td class=\"cOeeGf\" colspan=\"undefined\" data-sfc-cp=\"\" data-complete=\"true\"><span style=\"font-size: 12pt; font-family: arial, helvetica, sans-serif; color: #000000;\">1440 lm<\/span><\/td>\n<\/tr>\n<tr class=\"cZCYO\" data-sfc-cp=\"\" data-complete=\"true\">\n<td class=\"cOeeGf\" colspan=\"undefined\" data-sfc-cp=\"\" data-complete=\"true\"><span style=\"font-size: 12pt; font-family: arial, helvetica, sans-serif; color: #000000;\"><strong class=\"Yjhzub\" data-complete=\"true\">Tu\u1ed5i th\u1ecd<\/strong><\/span><\/td>\n<td class=\"cOeeGf\" colspan=\"undefined\" data-sfc-cp=\"\" data-complete=\"true\"><span style=\"font-size: 12pt; font-family: arial, helvetica, sans-serif; color: #000000;\">20.000 gi\u1edd<\/span><\/td>\n<td class=\"cOeeGf\" colspan=\"undefined\" data-sfc-cp=\"\" data-complete=\"true\"><span style=\"font-size: 12pt; font-family: arial, helvetica, sans-serif; color: #000000;\">20.000 gi\u1edd<\/span><\/td>\n<td class=\"cOeeGf\" colspan=\"undefined\" data-sfc-cp=\"\" data-complete=\"true\"><span style=\"font-size: 12pt; font-family: arial, helvetica, sans-serif; color: #000000;\">20.000 gi\u1edd<\/span><\/td>\n<\/tr>\n<tr class=\"cZCYO\" data-sfc-cp=\"\" data-complete=\"true\">\n<td class=\"cOeeGf\" colspan=\"undefined\" data-sfc-cp=\"\" data-complete=\"true\"><span style=\"font-size: 12pt; font-family: arial, helvetica, sans-serif; color: #000000;\"><strong class=\"Yjhzub\" data-complete=\"true\">CRI<\/strong><\/span><\/td>\n<td class=\"cOeeGf\" colspan=\"undefined\" data-sfc-cp=\"\" data-complete=\"true\"><span style=\"font-size: 12pt; font-family: arial, helvetica, sans-serif; color: #000000;\">Ra80<\/span><\/td>\n<td class=\"cOeeGf\" colspan=\"undefined\" data-sfc-cp=\"\" data-complete=\"true\"><span style=\"font-size: 12pt; font-family: arial, helvetica, sans-serif; color: #000000;\">Ra80<\/span><\/td>\n<td class=\"cOeeGf\" colspan=\"undefined\" data-sfc-cp=\"\" data-complete=\"true\"><span style=\"font-size: 12pt; font-family: arial, helvetica, sans-serif; color: #000000;\">Ra80<\/span><\/td>\n<\/tr>\n<tr class=\"cZCYO\" data-sfc-cp=\"\" data-complete=\"true\">\n<td class=\"cOeeGf\" colspan=\"undefined\" data-sfc-cp=\"\" data-complete=\"true\"><span style=\"font-size: 12pt; font-family: arial, helvetica, sans-serif; color: #000000;\"><strong class=\"Yjhzub\" data-complete=\"true\">H\u1ec7 s\u1ed1 c\u00f4ng su\u1ea5t<\/strong><\/span><\/td>\n<td class=\"cOeeGf\" colspan=\"undefined\" data-sfc-cp=\"\" data-complete=\"true\"><span style=\"font-size: 12pt; font-family: arial, helvetica, sans-serif; color: #000000;\">0.5<\/span><\/td>\n<td class=\"cOeeGf\" colspan=\"undefined\" data-sfc-cp=\"\" data-complete=\"true\"><span style=\"font-size: 12pt; font-family: arial, helvetica, sans-serif; color: #000000;\">0.5<\/span><\/td>\n<td class=\"cOeeGf\" colspan=\"undefined\" data-sfc-cp=\"\" data-complete=\"true\"><span style=\"font-size: 12pt; font-family: arial, helvetica, sans-serif; color: #000000;\">0.5<\/span><\/td>\n<\/tr>\n<tr class=\"cZCYO\" data-sfc-cp=\"\" data-complete=\"true\">\n<td class=\"cOeeGf\" colspan=\"undefined\" data-sfc-cp=\"\" data-complete=\"true\"><span style=\"font-size: 12pt; font-family: arial, helvetica, sans-serif; color: #000000;\"><strong class=\"Yjhzub\" data-complete=\"true\">Xu\u1ea5t x\u1ee9<\/strong><\/span><\/td>\n<td class=\"cOeeGf\" colspan=\"undefined\" data-sfc-cp=\"\" data-complete=\"true\"><span style=\"font-size: 12pt; font-family: arial, helvetica, sans-serif; color: #000000;\">Indonesia<\/span><\/td>\n<td class=\"cOeeGf\" colspan=\"undefined\" data-sfc-cp=\"\" data-complete=\"true\"><span style=\"font-size: 12pt; font-family: arial, helvetica, sans-serif; color: #000000;\">Indonesia<\/span><\/td>\n<td class=\"cOeeGf\" colspan=\"undefined\" data-sfc-cp=\"\" data-complete=\"true\"><span style=\"font-size: 12pt; font-family: arial, helvetica, sans-serif; color: #000000;\">Indonesia<\/span><\/td>\n<\/tr>\n<\/tbody>\n<\/table>\n<p class=\"Fsg96\" data-complete=\"true\" data-processed=\"true\">\n<h3 class=\"otQkpb\" role=\"heading\" aria-level=\"3\" data-processed=\"true\" data-complete=\"true\"><span style=\"font-size: 14pt; font-family: arial, helvetica, sans-serif; color: #000000;\">L\u1ef1a ch\u1ecdn theo m\u00e0u \u00e1nh s\u00e1ng<\/span><\/h3>\n<ul class=\"KsbFXc U6u95\" data-complete=\"true\" data-processed=\"true\">\n<li data-hveid=\"CA0QAA\" data-complete=\"true\" data-sae=\"\"><span class=\"T286Pc\" style=\"font-size: 12pt; font-family: arial, helvetica, sans-serif; color: #000000;\" data-sfc-cp=\"\" data-complete=\"true\"><strong class=\"Yjhzub\" data-complete=\"true\">NNP74572\u00a0(\u00c1nh s\u00e1ng v\u00e0ng)<\/strong>: Ph\u00f9 h\u1ee3p v\u1edbi c\u00e1c kh\u00f4ng gian c\u1ea7n s\u1ef1 \u1ea5m c\u00fang, th\u01b0 gi\u00e3n nh\u01b0 ph\u00f2ng ng\u1ee7, ph\u00f2ng \u0103n.<\/span><\/li>\n<li data-hveid=\"CA0QAQ\" data-complete=\"true\" data-sae=\"\"><span class=\"T286Pc\" style=\"font-size: 12pt; font-family: arial, helvetica, sans-serif; color: #000000;\" data-sfc-cp=\"\" data-complete=\"true\"><strong class=\"Yjhzub\" data-complete=\"true\">NNP74579\u00a0(\u00c1nh s\u00e1ng trung t\u00ednh)<\/strong>: L\u1ef1a ch\u1ecdn linh ho\u1ea1t cho nhi\u1ec1u kh\u00f4ng gian kh\u00e1c nhau nh\u01b0 ph\u00f2ng kh\u00e1ch, v\u0103n ph\u00f2ng, mang l\u1ea1i c\u1ea3m gi\u00e1c h\u00e0i h\u00f2a, t\u1ef1 nhi\u00ean.<\/span><\/li>\n<li data-hveid=\"CA0QAg\" data-complete=\"true\" data-sae=\"\"><span class=\"T286Pc\" style=\"font-size: 12pt; font-family: arial, helvetica, sans-serif; color: #000000;\" data-sfc-cp=\"\" data-complete=\"true\"><strong class=\"Yjhzub\" data-complete=\"true\">NNP74578\u00a0(\u00c1nh s\u00e1ng tr\u1eafng)<\/strong>: Th\u00edch h\u1ee3p cho c\u00e1c khu v\u1ef1c c\u1ea7n nhi\u1ec1u \u00e1nh s\u00e1ng r\u00f5 r\u00e0ng, hi\u1ec7u qu\u1ea3 cao nh\u01b0 ph\u00f2ng l\u00e0m vi\u1ec7c, nh\u00e0 b\u1ebfp.<\/span><\/li>\n<\/ul>\n<p>&nbsp;<\/p>\n<p class=\"Y3BBE\" data-hveid=\"CAEICBAA\" data-complete=\"true\" data-processed=\"true\"><span style=\"font-size: 12pt; color: #000000;\"><strong>LI\u00caN H\u1ec6 : Hotline: 0935 228 204 ( Ms Lam )<\/strong><\/span><\/p>\n<p><span style=\"font-size: 12pt; color: #000000;\"><strong>Facebook:\u00a0<span style=\"color: #ff6600;\"><a style=\"color: #ff6600;\" href=\"https:\/\/www.facebook.com\/thietbidienlama\" target=\"_blank\" rel=\"noopener\">THI\u1ebeT\u00a0B\u1eca \u0110I\u1ec6N LAMA<\/a><\/span><\/strong><\/span><\/p>\n<p><span style=\"font-size: 12pt; color: #000000;\"><strong>Tiktok:\u00a0<span style=\"color: #ff6600;\"><a style=\"color: #ff6600;\" href=\"https:\/\/www.tiktok.com\/@thietbidienlama\" target=\"_blank\" rel=\"noopener\">THI\u1ebeT\u00a0B\u1eca \u0110I\u1ec6N LAMA<\/a><\/span><\/strong><\/span><\/p>","protected":false},"excerpt":{"rendered":"<p>\u0110\u00e8n Led \u00c2m Tr\u1ea7n Panasonic 18W Neo Slim 2G NNP7457 \u0110\u00e8n LED \u00e2m tr\u1ea7n Panasonic 18W Neo Slim 2G c\u00f4ng<\/p>","protected":false},"featured_media":13335,"comment_status":"closed","ping_status":"closed","template":"","meta":[],"product_brand":[],"product_cat":[923,924],"product_tag":[925],"class_list":{"0":"post-13334","1":"product","2":"type-product","3":"status-publish","4":"has-post-thumbnail","6":"product_cat-den-panasonic","7":"product_cat-den-am-tran-panasonic","8":"product_tag-den-led-am-tran-panasonic-18w","10":"first","11":"instock","12":"sale","13":"shipping-taxable","14":"purchasable","15":"product-type-simple"},"_links":{"self":[{"href":"https:\/\/www.thietbidienlama.com\/en\/wp-json\/wp\/v2\/product\/13334","targetHints":{"allow":["GET"]}}],"collection":[{"href":"https:\/\/www.thietbidienlama.com\/en\/wp-json\/wp\/v2\/product"}],"about":[{"href":"https:\/\/www.thietbidienlama.com\/en\/wp-json\/wp\/v2\/types\/product"}],"replies":[{"embeddable":true,"href":"https:\/\/www.thietbidienlama.com\/en\/wp-json\/wp\/v2\/comments?post=13334"}],"version-history":[{"count":2,"href":"https:\/\/www.thietbidienlama.com\/en\/wp-json\/wp\/v2\/product\/13334\/revisions"}],"predecessor-version":[{"id":13337,"href":"https:\/\/www.thietbidienlama.com\/en\/wp-json\/wp\/v2\/product\/13334\/revisions\/13337"}],"wp:featuredmedia":[{"embeddable":true,"href":"https:\/\/www.thietbidienlama.com\/en\/wp-json\/wp\/v2\/media\/13335"}],"wp:attachment":[{"href":"https:\/\/www.thietbidienlama.com\/en\/wp-json\/wp\/v2\/media?parent=13334"}],"wp:term":[{"taxonomy":"product_brand","embeddable":true,"href":"https:\/\/www.thietbidienlama.com\/en\/wp-json\/wp\/v2\/product_brand?post=13334"},{"taxonomy":"product_cat","embeddable":true,"href":"https:\/\/www.thietbidienlama.com\/en\/wp-json\/wp\/v2\/product_cat?post=13334"},{"taxonomy":"product_tag","embeddable":true,"href":"https:\/\/www.thietbidienlama.com\/en\/wp-json\/wp\/v2\/product_tag?post=13334"}],"curies":[{"name":"wp","href":"https:\/\/api.w.org\/{rel}","templated":true}]}}