{"id":13322,"date":"2025-10-22T13:50:55","date_gmt":"2025-10-22T06:50:55","guid":{"rendered":"https:\/\/thietbidienlama.com\/?post_type=product&#038;p=13322"},"modified":"2025-10-22T13:50:55","modified_gmt":"2025-10-22T06:50:55","slug":"den-led-am-tran-panasonic-12w-neo-slim-2g","status":"publish","type":"product","link":"https:\/\/www.thietbidienlama.com\/en\/den-led-am-tran-panasonic-12w-neo-slim-2g\/","title":{"rendered":"\u0110\u00e8n Led \u00c2m Tr\u1ea7n Panasonic 12W Neo Slim 2G \u0110\u01a1n S\u1eafc NNP7347"},"content":{"rendered":"<h2 style=\"text-align: center;\"><span style=\"color: #000000;\">\u0110\u00e8n Led \u00c2m Tr\u1ea7n Panasonic 12W Neo Slim 2G \u0110\u01a1n S\u1eafc NNP7347<\/span><\/h2>\n<p class=\"Y3BBE\" data-hveid=\"CAMQAA\" data-complete=\"true\" data-processed=\"true\"><span style=\"font-size: 12pt; font-family: arial, helvetica, sans-serif; color: #000000;\">Panasonic \u0111\u00e3 ra m\u1eaft m\u1ed9t s\u1ed1 m\u1eabu <strong><span style=\"color: #ff6600;\"><a style=\"color: #ff6600;\" href=\"https:\/\/thietbidienlama.com\/den-led-am-tran-panasonic-12w-neo-slim-2g\/\">\u0111\u00e8n LED \u00e2m tr\u1ea7n Panasonic 12W<\/a><\/span><\/strong> thu\u1ed9c d\u00f2ng Neo Slim 2G, v\u1edbi c\u00e1c m\u00e3 s\u1ea3n ph\u1ea9m kh\u00e1c nhau th\u1ec3 hi\u1ec7n c\u00e1c m\u00e0u \u00e1nh s\u00e1ng \u0111\u01a1n s\u1eafc kh\u00e1c nhau. C\u00e1c m\u00e3 s\u1ea3n ph\u1ea9m \u0111\u01a1n s\u1eafc c\u1ee7a d\u00f2ng n\u00e0y bao g\u1ed3m <strong class=\"Yjhzub\" data-complete=\"true\" data-processed=\"true\">NNP73472<\/strong>\u00a0(v\u00e0ng),\u00a0<strong class=\"Yjhzub\" data-complete=\"true\" data-processed=\"true\">NNP73479<\/strong>\u00a0(trung t\u00ednh), v\u00e0\u00a0<strong class=\"Yjhzub\" data-complete=\"true\" data-processed=\"true\">NNP73478<\/strong>\u00a0(tr\u1eafng). \u0110\u00e8n c\u0169ng c\u00f3 phi\u00ean b\u1ea3n \u0111\u1ed5i m\u00e0u (3 ch\u1ebf \u0111\u1ed9) v\u1edbi m\u00e3\u00a0<strong class=\"Yjhzub\" data-complete=\"true\" data-processed=\"true\">NNP73476<\/strong>.<\/span><\/p>\n<p class=\"Fsg96\" data-complete=\"true\" data-processed=\"true\"><img fetchpriority=\"high\" decoding=\"async\" class=\"aligncenter wp-image-13323 size-medium\" src=\"http:\/\/thietbidienlama.com\/wp-content\/uploads\/2025\/10\/Den-Am-Tran-Panasonic-12W-Neo-Slim-2G-Don-Sac-300x300.jpg\" alt=\"\u0110\u00e8n Led \u00c2m Tr\u1ea7n Panasonic 12W Neo Slim 2G \u0110\u01a1n S\u1eafc NNP7347\" width=\"300\" height=\"300\" srcset=\"https:\/\/www.thietbidienlama.com\/wp-content\/uploads\/2025\/10\/Den-Am-Tran-Panasonic-12W-Neo-Slim-2G-Don-Sac-300x300.jpg 300w, https:\/\/www.thietbidienlama.com\/wp-content\/uploads\/2025\/10\/Den-Am-Tran-Panasonic-12W-Neo-Slim-2G-Don-Sac-150x150.jpg 150w, https:\/\/www.thietbidienlama.com\/wp-content\/uploads\/2025\/10\/Den-Am-Tran-Panasonic-12W-Neo-Slim-2G-Don-Sac-12x12.jpg 12w, https:\/\/www.thietbidienlama.com\/wp-content\/uploads\/2025\/10\/Den-Am-Tran-Panasonic-12W-Neo-Slim-2G-Don-Sac.jpg 500w\" sizes=\"(max-width: 300px) 100vw, 300px\" \/><\/p>\n<h3 class=\"otQkpb\" role=\"heading\" aria-level=\"3\" data-processed=\"true\" data-complete=\"true\"><span style=\"font-size: 14pt; font-family: arial, helvetica, sans-serif; color: #000000;\">\u0110\u1eb7c \u0111i\u1ec3m s\u1ea3n ph\u1ea9m<\/span><\/h3>\n<ul class=\"KsbFXc U6u95\" data-complete=\"true\" data-processed=\"true\">\n<li data-hveid=\"CAUQAA\" data-complete=\"true\" data-sae=\"\"><span class=\"T286Pc\" style=\"font-size: 12pt; font-family: arial, helvetica, sans-serif; color: #000000;\" data-sfc-cp=\"\" data-complete=\"true\"><strong class=\"Yjhzub\" data-complete=\"true\">Thi\u1ebft k\u1ebf si\u00eau m\u1ecfng<\/strong>: \u0110\u00e8n c\u00f3 thi\u1ebft k\u1ebf si\u00eau m\u1ecfng ch\u1ec9 kho\u1ea3ng 26\u201330mm, gi\u00fap l\u1eafp \u0111\u1eb7t d\u1ec5 d\u00e0ng v\u00e0 \u00f4m s\u00e1t tr\u1ea7n, mang l\u1ea1i v\u1ebb \u0111\u1eb9p tinh t\u1ebf, hi\u1ec7n \u0111\u1ea1i.<\/span><\/li>\n<li data-hveid=\"CAUQAQ\" data-complete=\"true\" data-sae=\"\"><span class=\"T286Pc\" style=\"font-size: 12pt; font-family: arial, helvetica, sans-serif; color: #000000;\" data-sfc-cp=\"\" data-complete=\"true\"><strong class=\"Yjhzub\" data-complete=\"true\">C\u00f4ng su\u1ea5t<\/strong>: 12W.<\/span><\/li>\n<li data-hveid=\"CAUQAg\" data-complete=\"true\" data-sae=\"\"><span class=\"T286Pc\" style=\"font-size: 12pt; font-family: arial, helvetica, sans-serif; color: #000000;\" data-sfc-cp=\"\" data-complete=\"true\"><strong class=\"Yjhzub\" data-complete=\"true\">\u0110i\u1ec7n \u00e1p<\/strong>: 220\u2013240V.<\/span><\/li>\n<li data-hveid=\"CAUQAw\" data-complete=\"true\" data-sae=\"\"><span class=\"T286Pc\" style=\"font-size: 12pt; font-family: arial, helvetica, sans-serif; color: #000000;\" data-sfc-cp=\"\" data-complete=\"true\"><strong class=\"Yjhzub\" data-complete=\"true\">Quang th\u00f4ng<\/strong>: Kho\u1ea3ng 900\u20131200 lumen, t\u00f9y thu\u1ed9c v\u00e0o m\u00e3 s\u1ea3n ph\u1ea9m.<\/span><\/li>\n<li data-hveid=\"CAUQBA\" data-complete=\"true\" data-sae=\"\"><span class=\"T286Pc\" style=\"font-size: 12pt; font-family: arial, helvetica, sans-serif; color: #000000;\" data-sfc-cp=\"\" data-complete=\"true\"><strong class=\"Yjhzub\" data-complete=\"true\">Ch\u1ec9 s\u1ed1 ho\u00e0n m\u00e0u (CRI)<\/strong>: Ra80, \u0111\u1ea3m b\u1ea3o ch\u1ea5t l\u01b0\u1ee3ng \u00e1nh s\u00e1ng ch\u00e2n th\u1ef1c, kh\u00f4ng g\u00e2y ch\u00f3i m\u1eaft.<\/span><\/li>\n<li data-hveid=\"CAUQBQ\" data-complete=\"true\" data-sae=\"\"><span class=\"T286Pc\" style=\"font-size: 12pt; font-family: arial, helvetica, sans-serif; color: #000000;\" data-sfc-cp=\"\" data-complete=\"true\"><strong class=\"Yjhzub\" data-complete=\"true\">G\u00f3c chi\u1ebfu<\/strong>: 120\u00b0, ph\u00e2n t\u00e1n \u00e1nh s\u00e1ng \u0111\u1ec1u kh\u1eafp kh\u00f4ng gian.<\/span><\/li>\n<li data-hveid=\"CAUQBg\" data-complete=\"true\" data-sae=\"\"><span class=\"T286Pc\" style=\"font-size: 12pt; font-family: arial, helvetica, sans-serif; color: #000000;\" data-sfc-cp=\"\" data-complete=\"true\"><strong class=\"Yjhzub\" data-complete=\"true\">Tu\u1ed5i th\u1ecd<\/strong>: L\u00ean \u0111\u1ebfn 20.000 gi\u1edd, cho hi\u1ec7u qu\u1ea3 chi\u1ebfu s\u00e1ng l\u00e2u d\u00e0i.<\/span><\/li>\n<li data-hveid=\"CAUQBw\" data-complete=\"true\" data-sae=\"\"><span style=\"font-size: 12pt; font-family: arial, helvetica, sans-serif; color: #000000;\"><span class=\"T286Pc\" data-sfc-cp=\"\" data-complete=\"true\"><strong class=\"Yjhzub\" data-complete=\"true\">C\u00f4ng ngh\u1ec7 \u00e1nh s\u00e1ng b\u1ea3o v\u1ec7 th\u1ecb l\u1ef1c<\/strong>: \u0110\u00e8n \u0111\u01b0\u1ee3c trang b\u1ecb c\u00f4ng ngh\u1ec7 LOVEEYE \u0111\u1ed9c quy\u1ec1n c\u1ee7a Panasonic, cung c\u1ea5p \u00e1nh s\u00e1ng \u1ed5n \u0111\u1ecbnh, kh\u00f4ng nh\u1ea5p nh\u00e1y, gi\u1ea3m m\u1ecfi m\u1eaft cho ng\u01b0\u1eddi d\u00f9ng.<\/span><\/span><\/li>\n<\/ul>\n<p class=\"Fsg96\" data-complete=\"true\" data-processed=\"true\">\n<h3 class=\"otQkpb\" role=\"heading\" aria-level=\"3\" data-processed=\"true\" data-complete=\"true\"><span style=\"font-size: 14pt; font-family: arial, helvetica, sans-serif; color: #000000;\">C\u00e1c m\u00e3 m\u00e0u \u0111\u01a1n s\u1eafc ph\u1ed5 bi\u1ebfn<\/span><\/h3>\n<ul class=\"KsbFXc U6u95\" data-complete=\"true\" data-processed=\"true\">\n<li data-hveid=\"CAkQAA\" data-complete=\"true\" data-sae=\"\"><span class=\"T286Pc\" style=\"font-size: 12pt; font-family: arial, helvetica, sans-serif; color: #000000;\" data-sfc-cp=\"\" data-complete=\"true\"><strong class=\"Yjhzub\" data-complete=\"true\">\u0110\u00e8n Led \u00c2m Tr\u1ea7n Panasonic 12W NNP73472<\/strong>\u00a0(\u00c1nh s\u00e1ng v\u00e0ng 3000K): Th\u00edch h\u1ee3p cho kh\u00f4ng gian \u1ea5m c\u00fang nh\u01b0 ph\u00f2ng ng\u1ee7, ph\u00f2ng \u0103n, nh\u00e0 h\u00e0ng.<\/span><\/li>\n<li data-hveid=\"CAkQAQ\" data-complete=\"true\" data-sae=\"\"><span class=\"T286Pc\" style=\"font-size: 12pt; font-family: arial, helvetica, sans-serif; color: #000000;\" data-sfc-cp=\"\" data-complete=\"true\"><strong class=\"Yjhzub\" data-complete=\"true\">\u0110\u00e8n Led \u00c2m Tr\u1ea7n Panasonic 12W NNP73479<\/strong>\u00a0(\u00c1nh s\u00e1ng trung t\u00ednh 4000K): Ph\u00f9 h\u1ee3p v\u1edbi kh\u00f4ng gian sinh ho\u1ea1t chung, ph\u00f2ng kh\u00e1ch, v\u0103n ph\u00f2ng, c\u1eeda h\u00e0ng.<\/span><\/li>\n<li data-hveid=\"CAkQAg\" data-complete=\"true\" data-sae=\"\"><span style=\"font-size: 12pt; font-family: arial, helvetica, sans-serif; color: #000000;\"><span class=\"T286Pc\" data-sfc-cp=\"\" data-complete=\"true\"><strong class=\"Yjhzub\" data-complete=\"true\">\u0110\u00e8n Led \u00c2m Tr\u1ea7n Panasonic <span class=\"T286Pc\" style=\"font-size: 12pt; font-family: arial, helvetica, sans-serif; color: #000000;\" data-sfc-cp=\"\" data-complete=\"true\">12W <\/span>NNP73478<\/strong>\u00a0(\u00c1nh s\u00e1ng tr\u1eafng 6500K): L\u00fd t\u01b0\u1edfng cho c\u00e1c khu v\u1ef1c c\u1ea7n nhi\u1ec1u \u00e1nh s\u00e1ng r\u00f5 r\u00e0ng nh\u01b0 v\u0103n ph\u00f2ng, trung t\u00e2m th\u01b0\u01a1ng m\u1ea1i.<\/span><\/span><\/li>\n<\/ul>\n<p class=\"Fsg96\" data-complete=\"true\" data-processed=\"true\">\n<h3 class=\"otQkpb\" role=\"heading\" aria-level=\"3\" data-complete=\"true\" data-processed=\"true\"><span style=\"font-size: 14pt; font-family: arial, helvetica, sans-serif; color: #000000;\">\u1ee8ng d\u1ee5ng<\/span><\/h3>\n<p class=\"Y3BBE\" data-hveid=\"CAsQAA\" data-complete=\"true\" data-processed=\"true\"><span style=\"font-size: 12pt; font-family: arial, helvetica, sans-serif; color: #000000;\">\u0110\u00e8n Led \u00c2m Tr\u1ea7n Panasonic 12W Neo Slim 2G \u0111\u01b0\u1ee3c s\u1eed d\u1ee5ng r\u1ed9ng r\u00e3i cho nhi\u1ec1u kh\u00f4ng gian kh\u00e1c nhau, bao g\u1ed3m:<\/span><\/p>\n<div data-sfc-cp=\"\" data-hveid=\"CAsQAA\" data-complete=\"true\" data-processed=\"true\">\n<ul class=\"KsbFXc U6u95\" data-complete=\"true\" data-processed=\"true\">\n<li data-hveid=\"CAwQAA\" data-complete=\"true\" data-sae=\"\"><span class=\"T286Pc\" style=\"font-size: 12pt; font-family: arial, helvetica, sans-serif; color: #000000;\" data-sfc-cp=\"\" data-complete=\"true\">Nh\u00e0 \u1edf (ph\u00f2ng kh\u00e1ch, ph\u00f2ng ng\u1ee7, ph\u00f2ng b\u1ebfp)<\/span><\/li>\n<li data-hveid=\"CAwQAQ\" data-complete=\"true\" data-sae=\"\"><span class=\"T286Pc\" style=\"font-size: 12pt; font-family: arial, helvetica, sans-serif; color: #000000;\" data-sfc-cp=\"\" data-complete=\"true\">Kh\u00e1ch s\u1ea1n, c\u0103n h\u1ed9 cao c\u1ea5p<\/span><\/li>\n<li data-hveid=\"CAwQAg\" data-complete=\"true\" data-sae=\"\"><span class=\"T286Pc\" style=\"font-size: 12pt; font-family: arial, helvetica, sans-serif; color: #000000;\" data-sfc-cp=\"\" data-complete=\"true\">V\u0103n ph\u00f2ng l\u00e0m vi\u1ec7c<\/span><\/li>\n<li data-hveid=\"CAwQAw\" data-complete=\"true\" data-sae=\"\"><span style=\"font-size: 12pt; font-family: arial, helvetica, sans-serif; color: #000000;\"><span class=\"T286Pc\" data-sfc-cp=\"\" data-complete=\"true\">C\u1eeda h\u00e0ng, showroom, trung t\u00e2m th\u01b0\u01a1ng m\u1ea1i<\/span><\/span><\/li>\n<\/ul>\n<\/div>\n<p data-hveid=\"CAEICBAA\" data-complete=\"true\" data-processed=\"true\">\n<p class=\"Y3BBE\" data-hveid=\"CAEICBAA\" data-complete=\"true\" data-processed=\"true\"><span style=\"font-size: 12pt; color: #000000;\"><strong>LI\u00caN H\u1ec6 : Hotline: 0935 228 204 ( Ms Lam )<\/strong><\/span><\/p>\n<p><span style=\"font-size: 12pt; color: #000000;\"><strong>Facebook:\u00a0<span style=\"color: #ff6600;\"><a style=\"color: #ff6600;\" href=\"https:\/\/www.facebook.com\/thietbidienlama\" target=\"_blank\" rel=\"noopener\">THI\u1ebeT\u00a0B\u1eca \u0110I\u1ec6N LAMA<\/a><\/span><\/strong><\/span><\/p>\n<p><span style=\"font-size: 12pt; color: #000000;\"><strong>Tiktok:\u00a0<span style=\"color: #ff6600;\"><a style=\"color: #ff6600;\" href=\"https:\/\/www.tiktok.com\/@thietbidienlama\" target=\"_blank\" rel=\"noopener\">THI\u1ebeT\u00a0B\u1eca \u0110I\u1ec6N LAMA<\/a><\/span><\/strong><\/span><\/p>","protected":false},"excerpt":{"rendered":"<p>\u0110\u00e8n Led \u00c2m Tr\u1ea7n Panasonic 12W Neo Slim 2G \u0110\u01a1n S\u1eafc NNP7347 Panasonic \u0111\u00e3 ra m\u1eaft m\u1ed9t s\u1ed1 m\u1eabu \u0111\u00e8n<\/p>","protected":false},"featured_media":13323,"comment_status":"closed","ping_status":"closed","template":"","meta":[],"product_brand":[],"product_cat":[923,924],"product_tag":[707],"class_list":{"0":"post-13322","1":"product","2":"type-product","3":"status-publish","4":"has-post-thumbnail","6":"product_cat-den-panasonic","7":"product_cat-den-am-tran-panasonic","8":"product_tag-den-led-am-tran-panasonic-12w","10":"first","11":"instock","12":"sale","13":"shipping-taxable","14":"purchasable","15":"product-type-simple"},"_links":{"self":[{"href":"https:\/\/www.thietbidienlama.com\/en\/wp-json\/wp\/v2\/product\/13322","targetHints":{"allow":["GET"]}}],"collection":[{"href":"https:\/\/www.thietbidienlama.com\/en\/wp-json\/wp\/v2\/product"}],"about":[{"href":"https:\/\/www.thietbidienlama.com\/en\/wp-json\/wp\/v2\/types\/product"}],"replies":[{"embeddable":true,"href":"https:\/\/www.thietbidienlama.com\/en\/wp-json\/wp\/v2\/comments?post=13322"}],"version-history":[{"count":2,"href":"https:\/\/www.thietbidienlama.com\/en\/wp-json\/wp\/v2\/product\/13322\/revisions"}],"predecessor-version":[{"id":13325,"href":"https:\/\/www.thietbidienlama.com\/en\/wp-json\/wp\/v2\/product\/13322\/revisions\/13325"}],"wp:featuredmedia":[{"embeddable":true,"href":"https:\/\/www.thietbidienlama.com\/en\/wp-json\/wp\/v2\/media\/13323"}],"wp:attachment":[{"href":"https:\/\/www.thietbidienlama.com\/en\/wp-json\/wp\/v2\/media?parent=13322"}],"wp:term":[{"taxonomy":"product_brand","embeddable":true,"href":"https:\/\/www.thietbidienlama.com\/en\/wp-json\/wp\/v2\/product_brand?post=13322"},{"taxonomy":"product_cat","embeddable":true,"href":"https:\/\/www.thietbidienlama.com\/en\/wp-json\/wp\/v2\/product_cat?post=13322"},{"taxonomy":"product_tag","embeddable":true,"href":"https:\/\/www.thietbidienlama.com\/en\/wp-json\/wp\/v2\/product_tag?post=13322"}],"curies":[{"name":"wp","href":"https:\/\/api.w.org\/{rel}","templated":true}]}}