{"id":13315,"date":"2025-10-20T17:28:03","date_gmt":"2025-10-20T10:28:03","guid":{"rendered":"https:\/\/thietbidienlama.com\/?post_type=product&#038;p=13315"},"modified":"2025-10-22T14:01:05","modified_gmt":"2025-10-22T07:01:05","slug":"den-led-am-tran-panasonic-9w-neo-slim","status":"publish","type":"product","link":"https:\/\/www.thietbidienlama.com\/en\/den-led-am-tran-panasonic-9w-neo-slim\/","title":{"rendered":"\u0110\u00e8n Led \u00c2m Tr\u1ea7n Panasonic 9W Neo Slim 2G \u0110\u01a1n S\u1eafc NNP7227"},"content":{"rendered":"<h2 style=\"text-align: center;\"><span style=\"color: #000000;\">\u0110\u00e8n Led \u00c2m Tr\u1ea7n Panasonic 9W Neo Slim 2G \u0110\u01a1n S\u1eafc NNP7227<\/span><\/h2>\n<p class=\"Y3BBE\" data-hveid=\"CAMQAA\" data-complete=\"true\" data-processed=\"true\"><span style=\"font-size: 12pt; color: #000000;\"><strong class=\"Yjhzub\" data-complete=\"true\" data-processed=\"true\"><span style=\"color: #ff6600;\"><a style=\"color: #ff6600;\" href=\"https:\/\/thietbidienlama.com\/den-led-am-tran-panasonic-9w\/\">\u0110\u00e8n LED \u00e2m tr\u1ea7n Panasonic 9W<\/a><\/span> Neo Slim 2G \u0111\u01a1n s\u1eafc<\/strong>\u00a0l\u00e0 d\u00f2ng s\u1ea3n ph\u1ea9m chi\u1ebfu s\u00e1ng ch\u1ea5t l\u01b0\u1ee3ng cao, c\u00f3 nhi\u1ec1u \u01b0u \u0111i\u1ec3m n\u1ed5i b\u1eadt nh\u01b0 thi\u1ebft k\u1ebf m\u1ecfng, si\u00eau b\u1ec1n v\u00e0 kh\u1ea3 n\u0103ng ti\u1ebft ki\u1ec7m \u0111i\u1ec7n n\u0103ng. M\u00e3 s\u1ea3n ph\u1ea9m c\u1ee7a \u0111\u00e8n s\u1ebd kh\u00e1c nhau t\u00f9y theo m\u00e0u s\u1eafc \u00e1nh s\u00e1ng m\u00e0 b\u1ea1n ch\u1ecdn.<\/span><\/p>\n<p class=\"Fsg96\" data-complete=\"true\" data-processed=\"true\"><img fetchpriority=\"high\" decoding=\"async\" class=\"aligncenter wp-image-13300 size-medium\" src=\"http:\/\/thietbidienlama.com\/wp-content\/uploads\/2025\/10\/Den-Led-Am-Tran-Panasonic-6W-Don-Sac-NNP7127-300x300.jpg\" alt=\"\u0110\u00e8n Led \u00c2m Tr\u1ea7n Panasonic 9W Neo Slim 2G \u0110\u01a1n S\u1eafc NNP7227\" width=\"300\" height=\"300\" srcset=\"https:\/\/www.thietbidienlama.com\/wp-content\/uploads\/2025\/10\/Den-Led-Am-Tran-Panasonic-6W-Don-Sac-NNP7127-300x300.jpg 300w, https:\/\/www.thietbidienlama.com\/wp-content\/uploads\/2025\/10\/Den-Led-Am-Tran-Panasonic-6W-Don-Sac-NNP7127-150x150.jpg 150w, https:\/\/www.thietbidienlama.com\/wp-content\/uploads\/2025\/10\/Den-Led-Am-Tran-Panasonic-6W-Don-Sac-NNP7127-12x12.jpg 12w, https:\/\/www.thietbidienlama.com\/wp-content\/uploads\/2025\/10\/Den-Led-Am-Tran-Panasonic-6W-Don-Sac-NNP7127.jpg 500w\" sizes=\"(max-width: 300px) 100vw, 300px\" \/><\/p>\n<p class=\"AdPoic\" role=\"heading\" aria-level=\"3\" data-complete=\"true\" data-processed=\"true\"><span style=\"font-size: 12pt; color: #000000;\">C\u00e1c m\u00e3 s\u1ea3n ph\u1ea9m theo m\u00e0u \u00e1nh s\u00e1ng<\/span><\/p>\n<p class=\"Y3BBE\" data-hveid=\"CAUQAA\" data-complete=\"true\" data-processed=\"true\"><span style=\"font-size: 12pt; color: #000000;\">D\u00f2ng s\u1ea3n ph\u1ea9m \u0111\u00e8n led \u00e2m tr\u1ea7n panasonic 9w Neo Slim 2G c\u00f3 3 m\u00e3 s\u1ea3n ph\u1ea9m t\u01b0\u01a1ng \u1ee9ng v\u1edbi 3 m\u00e0u \u00e1nh s\u00e1ng kh\u00e1c nhau:<span class=\"uJ19be notranslate\" data-wiz-uids=\"CGdSCd_o,CGdSCd_p\" data-complete=\"true\" data-processed=\"true\"><span class=\"vKEkVd\" data-animation-atomic=\"\" data-sae=\"\">\u00a0<\/span><\/span><\/span><\/p>\n<ul class=\"KsbFXc U6u95\" data-processed=\"true\" data-complete=\"true\">\n<li data-hveid=\"CAYQAA\" data-complete=\"true\" data-sae=\"\"><span class=\"T286Pc\" style=\"font-size: 12pt; color: #000000;\" data-sfc-cp=\"\" data-complete=\"true\"><strong class=\"Yjhzub\" data-complete=\"true\">NNP72272A:<\/strong>\u00a0\u00c1nh s\u00e1ng v\u00e0ng (3000K).<\/span><\/li>\n<li data-hveid=\"CAYQAQ\" data-complete=\"true\" data-sae=\"\"><span class=\"T286Pc\" style=\"font-size: 12pt; color: #000000;\" data-sfc-cp=\"\" data-complete=\"true\"><strong class=\"Yjhzub\" data-complete=\"true\">NNP72279A:<\/strong>\u00a0\u00c1nh s\u00e1ng trung t\u00ednh (4000K).<\/span><\/li>\n<li data-hveid=\"CAYQAg\" data-complete=\"true\" data-sae=\"\"><span style=\"font-size: 12pt; color: #000000;\"><span class=\"T286Pc\" data-sfc-cp=\"\" data-complete=\"true\"><strong class=\"Yjhzub\" data-complete=\"true\">NNP72278A:<\/strong> \u00c1nh s\u00e1ng tr\u1eafng (6500K).<\/span><\/span><\/li>\n<\/ul>\n<p class=\"AdPoic\" role=\"heading\" aria-level=\"3\" data-complete=\"true\" data-processed=\"true\"><span style=\"font-size: 12pt; color: #000000;\">Th\u00f4ng s\u1ed1 k\u1ef9 thu\u1eadt<button class=\"rBl3me\" tabindex=\"0\" data-amic=\"true\" data-icl-uuid=\"e6dd5ff8-a83c-450d-9de4-998a8bd2cca2\" aria-label=\"Xem c\u00e1c \u0111\u01b0\u1eddng li\u00ean k\u1ebft c\u00f3 li\u00ean quan\" data-ved=\"2ahUKEwiO8_L8xrKQAxWYsVYBHW_TAwwQye0OegQIBxAA\"><\/button><\/span><\/p>\n<p class=\"Y3BBE\" data-hveid=\"CAgQAA\" data-complete=\"true\" data-processed=\"true\"><span style=\"font-size: 12pt; color: #000000;\">C\u00e1c th\u00f4ng s\u1ed1 k\u1ef9 thu\u1eadt c\u1ee7a \u0111\u00e8n LED \u00e2m tr\u1ea7n Panasonic 9W Neo Slim 2G<\/span><\/p>\n<ul class=\"KsbFXc U6u95\" data-complete=\"true\" data-processed=\"true\">\n<li data-hveid=\"CAkQAA\" data-complete=\"true\" data-sae=\"\"><span class=\"T286Pc\" style=\"font-size: 12pt; color: #000000;\" data-sfc-cp=\"\" data-complete=\"true\"><strong class=\"Yjhzub\" data-complete=\"true\">C\u00f4ng su\u1ea5t:<\/strong>\u00a09W.<\/span><\/li>\n<li data-hveid=\"CAkQAQ\" data-complete=\"true\" data-sae=\"\"><span class=\"T286Pc\" style=\"font-size: 12pt; color: #000000;\" data-sfc-cp=\"\" data-complete=\"true\"><strong class=\"Yjhzub\" data-complete=\"true\">Quang th\u00f4ng:<\/strong> 900 lm.<\/span><\/li>\n<li data-hveid=\"CAkQAg\" data-complete=\"true\" data-sae=\"\"><span class=\"T286Pc\" style=\"font-size: 12pt; color: #000000;\" data-sfc-cp=\"\" data-complete=\"true\"><strong class=\"Yjhzub\" data-complete=\"true\">Hi\u1ec7u su\u1ea5t chi\u1ebfu s\u00e1ng:<\/strong> 70 lm\/W.<\/span><\/li>\n<li data-hveid=\"CAkQAw\" data-complete=\"true\" data-sae=\"\"><span class=\"T286Pc\" style=\"font-size: 12pt; color: #000000;\" data-sfc-cp=\"\" data-complete=\"true\"><strong class=\"Yjhzub\" data-complete=\"true\">\u0110i\u1ec7n \u00e1p:<\/strong>\u00a0220\u2013240V.<\/span><\/li>\n<li data-hveid=\"CAkQBA\" data-complete=\"true\" data-sae=\"\"><span class=\"T286Pc\" style=\"font-size: 12pt; color: #000000;\" data-sfc-cp=\"\" data-complete=\"true\"><strong class=\"Yjhzub\" data-complete=\"true\">Ch\u1ec9 s\u1ed1 ho\u00e0n m\u00e0u (CRI):<\/strong>\u00a0Ra80.<\/span><\/li>\n<li data-hveid=\"CAkQBQ\" data-complete=\"true\" data-sae=\"\"><span class=\"T286Pc\" style=\"font-size: 12pt; color: #000000;\" data-sfc-cp=\"\" data-complete=\"true\"><strong class=\"Yjhzub\" data-complete=\"true\">Tu\u1ed5i th\u1ecd:<\/strong>\u00a020.000 gi\u1edd (t\u01b0\u01a1ng \u0111\u01b0\u01a1ng kho\u1ea3ng 7 n\u0103m n\u1ebfu s\u1eed d\u1ee5ng 8 gi\u1edd\/ng\u00e0y).<\/span><\/li>\n<li data-hveid=\"CAkQBg\" data-complete=\"true\" data-sae=\"\"><span class=\"T286Pc\" style=\"font-size: 12pt; color: #000000;\" data-sfc-cp=\"\" data-complete=\"true\"><strong class=\"Yjhzub\" data-complete=\"true\">K\u00edch th\u01b0\u1edbc \u0111\u00e8n:<\/strong> \u0110\u01b0\u1eddng k\u00ednh $\\Phi$120mm, chi\u1ec1u cao 26mm.<\/span><\/li>\n<li data-hveid=\"CAkQBw\" data-complete=\"true\" data-sae=\"\"><span class=\"T286Pc\" style=\"font-size: 12pt; color: #000000;\" data-sfc-cp=\"\" data-complete=\"true\"><strong class=\"Yjhzub\" data-complete=\"true\">K\u00edch th\u01b0\u1edbc kho\u00e9t l\u1ed7:<\/strong>\u00a0\u0110\u01b0\u1eddng k\u00ednh $\\Phi$100mm.<\/span><\/li>\n<li data-hveid=\"CAkQCA\" data-complete=\"true\" data-sae=\"\"><span style=\"font-size: 12pt; color: #000000;\"><span class=\"T286Pc\" data-sfc-cp=\"\" data-complete=\"true\"><strong class=\"Yjhzub\" data-complete=\"true\">Ngu\u1ed3n s\u00e1ng:<\/strong>\u00a0LED.<\/span><span class=\"uJ19be notranslate\" data-wiz-uids=\"CGdSCd_2b,CGdSCd_2c\" data-complete=\"true\"><span class=\"vKEkVd\" data-animation-atomic=\"\" data-sae=\"\">\u00a0<button class=\"rBl3me\" tabindex=\"0\" data-amic=\"true\" data-icl-uuid=\"510ebd2a-430f-40fc-90c8-950da7cbb61d\" aria-label=\"Xem c\u00e1c \u0111\u01b0\u1eddng li\u00ean k\u1ebft c\u00f3 li\u00ean quan\" data-ved=\"2ahUKEwiO8_L8xrKQAxWYsVYBHW_TAwwQye0OegQICRAJ\"><\/button><\/span><\/span><\/span><\/li>\n<\/ul>\n<p class=\"AdPoic\" role=\"heading\" aria-level=\"3\" data-processed=\"true\" data-complete=\"true\"><span style=\"font-size: 12pt; color: #000000;\">C\u00f4ng ngh\u1ec7 n\u1ed5i b\u1eadt<button class=\"rBl3me\" tabindex=\"0\" data-amic=\"true\" data-icl-uuid=\"429ae0c8-a632-4caf-8d3c-21937af75b0f\" aria-label=\"Xem c\u00e1c \u0111\u01b0\u1eddng li\u00ean k\u1ebft c\u00f3 li\u00ean quan\" data-ved=\"2ahUKEwiO8_L8xrKQAxWYsVYBHW_TAwwQye0OegQICxAA\"><\/button><\/span><\/p>\n<ul class=\"KsbFXc U6u95\" data-complete=\"true\" data-processed=\"true\">\n<li data-hveid=\"CAwQAA\" data-complete=\"true\" data-sae=\"\"><span class=\"T286Pc\" style=\"font-size: 12pt; color: #000000;\" data-sfc-cp=\"\" data-complete=\"true\"><strong class=\"Yjhzub\" data-complete=\"true\">C\u00f4ng ngh\u1ec7 b\u1ea3o v\u1ec7 m\u1eaft LOVEEYE:<\/strong>\u00a0Theo HnElectric.vn, d\u00f2ng \u0111\u00e8n n\u00e0y \u0111\u01b0\u1ee3c trang b\u1ecb c\u00f4ng ngh\u1ec7 \u0111\u1ed9c quy\u1ec1n LOVEEYE, mang \u0111\u1ebfn ngu\u1ed3n s\u00e1ng \u1ed5n \u0111\u1ecbnh, kh\u00f4ng nh\u1ea5p nh\u00e1y, kh\u00f4ng c\u00f3 \u00e1nh s\u00e1ng xanh, gi\u00fap gi\u1ea3m m\u1ecfi m\u1eaft cho ng\u01b0\u1eddi d\u00f9ng.<\/span><\/li>\n<li data-hveid=\"CAwQAQ\" data-complete=\"true\" data-sae=\"\"><span class=\"T286Pc\" style=\"font-size: 12pt; color: #000000;\" data-sfc-cp=\"\" data-complete=\"true\"><strong class=\"Yjhzub\" data-complete=\"true\">Thi\u1ebft k\u1ebf si\u00eau m\u1ecfng:<\/strong>\u00a0V\u1edbi \u0111\u1ed9 d\u00e0y ch\u1ec9 30mm (theo Khalinguyen.vn), \u0111\u00e8n c\u00f3 thi\u1ebft k\u1ebf m\u1ecfng v\u00e0 d\u1eb9t, d\u1ec5 d\u00e0ng l\u1eafp \u0111\u1eb7t cho nhi\u1ec1u kh\u00f4ng gian tr\u1ea7n kh\u00e1c nhau, \u0111\u1eb7c bi\u1ec7t l\u00e0 c\u00e1c tr\u1ea7n th\u1ea1ch cao h\u1eb9p.<\/span><\/li>\n<li data-hveid=\"CAwQAg\" data-complete=\"true\" data-sae=\"\"><span class=\"T286Pc\" style=\"font-size: 12pt; color: #000000;\" data-sfc-cp=\"\" data-complete=\"true\"><strong class=\"Yjhzub\" data-complete=\"true\">\u00c1nh s\u00e1ng t\u00e1n quang:<\/strong>\u00a0\u0110\u00e8n c\u00f3 g\u00f3c chi\u1ebfu s\u00e1ng t\u1ecfa r\u1ed9ng, ph\u00e2n b\u1ed1 \u0111\u1ec1u, gi\u00fap chi\u1ebfu s\u00e1ng hi\u1ec7u qu\u1ea3 cho c\u00e1c kh\u00f4ng gian d\u00e2n d\u1ee5ng nh\u01b0 nh\u00e0 \u1edf, v\u0103n ph\u00f2ng, c\u1eeda h\u00e0ng.<\/span><\/li>\n<\/ul>\n<p>&nbsp;<\/p>\n<p class=\"Y3BBE\" data-hveid=\"CAEICBAA\" data-complete=\"true\" data-processed=\"true\"><span style=\"font-size: 12pt; color: #000000;\"><strong>LI\u00caN H\u1ec6 : Hotline: 0935 228 204 ( Ms Lam )<\/strong><\/span><\/p>\n<p><span style=\"font-size: 12pt; color: #000000;\"><strong>Facebook:\u00a0<span style=\"color: #ff6600;\"><a style=\"color: #ff6600;\" href=\"https:\/\/www.facebook.com\/thietbidienlama\" target=\"_blank\" rel=\"noopener\">THI\u1ebeT\u00a0B\u1eca \u0110I\u1ec6N LAMA<\/a><\/span><\/strong><\/span><\/p>\n<p><span style=\"font-size: 12pt; color: #000000;\"><strong>Tiktok:\u00a0<span style=\"color: #ff6600;\"><a style=\"color: #ff6600;\" href=\"https:\/\/www.tiktok.com\/@thietbidienlama\" target=\"_blank\" rel=\"noopener\">THI\u1ebeT\u00a0B\u1eca \u0110I\u1ec6N LAMA<\/a><\/span><\/strong><\/span><\/p>","protected":false},"excerpt":{"rendered":"<p>\u0110\u00e8n Led \u00c2m Tr\u1ea7n Panasonic 9W Neo Slim 2G \u0110\u01a1n S\u1eafc NNP7227 \u0110\u00e8n LED \u00e2m tr\u1ea7n Panasonic 9W Neo Slim<\/p>","protected":false},"featured_media":13300,"comment_status":"closed","ping_status":"closed","template":"","meta":[],"product_brand":[],"product_cat":[923,924],"product_tag":[],"class_list":{"0":"post-13315","1":"product","2":"type-product","3":"status-publish","4":"has-post-thumbnail","6":"product_cat-den-panasonic","7":"product_cat-den-am-tran-panasonic","9":"first","10":"instock","11":"sale","12":"shipping-taxable","13":"purchasable","14":"product-type-simple"},"_links":{"self":[{"href":"https:\/\/www.thietbidienlama.com\/en\/wp-json\/wp\/v2\/product\/13315","targetHints":{"allow":["GET"]}}],"collection":[{"href":"https:\/\/www.thietbidienlama.com\/en\/wp-json\/wp\/v2\/product"}],"about":[{"href":"https:\/\/www.thietbidienlama.com\/en\/wp-json\/wp\/v2\/types\/product"}],"replies":[{"embeddable":true,"href":"https:\/\/www.thietbidienlama.com\/en\/wp-json\/wp\/v2\/comments?post=13315"}],"version-history":[{"count":5,"href":"https:\/\/www.thietbidienlama.com\/en\/wp-json\/wp\/v2\/product\/13315\/revisions"}],"predecessor-version":[{"id":13330,"href":"https:\/\/www.thietbidienlama.com\/en\/wp-json\/wp\/v2\/product\/13315\/revisions\/13330"}],"wp:featuredmedia":[{"embeddable":true,"href":"https:\/\/www.thietbidienlama.com\/en\/wp-json\/wp\/v2\/media\/13300"}],"wp:attachment":[{"href":"https:\/\/www.thietbidienlama.com\/en\/wp-json\/wp\/v2\/media?parent=13315"}],"wp:term":[{"taxonomy":"product_brand","embeddable":true,"href":"https:\/\/www.thietbidienlama.com\/en\/wp-json\/wp\/v2\/product_brand?post=13315"},{"taxonomy":"product_cat","embeddable":true,"href":"https:\/\/www.thietbidienlama.com\/en\/wp-json\/wp\/v2\/product_cat?post=13315"},{"taxonomy":"product_tag","embeddable":true,"href":"https:\/\/www.thietbidienlama.com\/en\/wp-json\/wp\/v2\/product_tag?post=13315"}],"curies":[{"name":"wp","href":"https:\/\/api.w.org\/{rel}","templated":true}]}}