{"id":13302,"date":"2025-10-20T12:22:31","date_gmt":"2025-10-20T05:22:31","guid":{"rendered":"https:\/\/thietbidienlama.com\/?post_type=product&#038;p=13302"},"modified":"2025-10-22T14:04:03","modified_gmt":"2025-10-22T07:04:03","slug":"den-am-tran-panasonic-9w","status":"publish","type":"product","link":"https:\/\/www.thietbidienlama.com\/en\/den-am-tran-panasonic-9w\/","title":{"rendered":"\u0110\u00e8n \u00c2m Tr\u1ea7n Panasonic 9W Neo Slim 2G \u0110\u01a1n S\u1eafc NNP7237"},"content":{"rendered":"<h2 style=\"text-align: center;\"><span style=\"color: #000000;\">\u0110\u00e8n \u00c2m Tr\u1ea7n Panasonic 9W Neo Slim 2G \u0110\u01a1n S\u1eafc NNP7237<\/span><\/h2>\n<p class=\"Y3BBE\" data-hveid=\"CAMQAA\" data-complete=\"true\" data-processed=\"true\"><span style=\"color: #000000; font-size: 12pt;\"><span style=\"color: #ff6600;\"><a style=\"color: #ff6600;\" href=\"https:\/\/thietbidienlama.com\/den-am-tran-panasonic-9w\/\"><strong>\u0110\u00e8n \u00e2m tr\u1ea7n Panasonic 9W<\/strong><\/a><\/span> Neo Slim 2G \u0111\u01a1n s\u1eafc m\u00e3 s\u1ea3n ph\u1ea9m\u00a0<strong class=\"Yjhzub\" data-complete=\"true\" data-processed=\"true\">NNP7237<\/strong>\u00a0l\u00e0 m\u1ed9t l\u1ef1a ch\u1ecdn ph\u1ed5 bi\u1ebfn cho c\u00e1c kh\u00f4ng gian n\u1ed9i th\u1ea5t hi\u1ec7n \u0111\u1ea1i. \u0110\u00e8n n\u1ed5i b\u1eadt v\u1edbi thi\u1ebft k\u1ebf si\u00eau m\u1ecfng, c\u00f4ng ngh\u1ec7 \u00e1nh s\u00e1ng b\u1ea3o v\u1ec7 m\u1eaft \u0111\u1ed9c quy\u1ec1n LOVEEYE v\u00e0 nhi\u1ec1u t\u00f9y ch\u1ecdn m\u00e0u s\u1eafc \u00e1nh s\u00e1ng \u0111\u1ec3 ph\u00f9 h\u1ee3p v\u1edbi nhu c\u1ea7u s\u1eed d\u1ee5ng c\u1ee7a b\u1ea1n.<\/span><\/p>\n<p class=\"Fsg96\" data-complete=\"true\" data-processed=\"true\"><img fetchpriority=\"high\" decoding=\"async\" class=\"aligncenter wp-image-13305 size-medium\" src=\"http:\/\/thietbidienlama.com\/wp-content\/uploads\/2025\/10\/Den-Am-Tran-Panasonic-9W-Neo-Slim-2G-Don-Sac-NNP7237-300x300.jpg\" alt=\"\u0110\u00e8n \u00c2m Tr\u1ea7n Panasonic 9W Neo Slim 2G \u0110\u01a1n S\u1eafc NNP7237\" width=\"300\" height=\"300\" srcset=\"https:\/\/www.thietbidienlama.com\/wp-content\/uploads\/2025\/10\/Den-Am-Tran-Panasonic-9W-Neo-Slim-2G-Don-Sac-NNP7237-300x300.jpg 300w, https:\/\/www.thietbidienlama.com\/wp-content\/uploads\/2025\/10\/Den-Am-Tran-Panasonic-9W-Neo-Slim-2G-Don-Sac-NNP7237-150x150.jpg 150w, https:\/\/www.thietbidienlama.com\/wp-content\/uploads\/2025\/10\/Den-Am-Tran-Panasonic-9W-Neo-Slim-2G-Don-Sac-NNP7237-12x12.jpg 12w, https:\/\/www.thietbidienlama.com\/wp-content\/uploads\/2025\/10\/Den-Am-Tran-Panasonic-9W-Neo-Slim-2G-Don-Sac-NNP7237.jpg 500w\" sizes=\"(max-width: 300px) 100vw, 300px\" \/><\/p>\n<h3 class=\"AdPoic\" role=\"heading\" aria-level=\"3\" data-processed=\"true\" data-complete=\"true\"><span style=\"font-size: 14pt; color: #000000;\">C\u00e1c phi\u00ean b\u1ea3n m\u00e0u s\u1eafc<\/span><\/h3>\n<p class=\"Y3BBE\" data-hveid=\"CAUQAA\" data-processed=\"true\" data-complete=\"true\"><span style=\"color: #000000; font-size: 12pt;\">\u0110\u00e8n NNP7237 c\u00f3 c\u00e1c phi\u00ean b\u1ea3n m\u00e0u s\u1eafc kh\u00e1c nhau, \u0111\u01b0\u1ee3c ph\u00e2n bi\u1ec7t b\u1eb1ng k\u00fd t\u1ef1 cu\u1ed1i c\u1ee7a m\u00e3 s\u1ea3n ph\u1ea9m:<\/span><\/p>\n<ul class=\"KsbFXc U6u95\" data-complete=\"true\" data-processed=\"true\">\n<li data-hveid=\"CAYQAA\" data-complete=\"true\" data-sae=\"\"><span class=\"T286Pc\" style=\"color: #000000; font-size: 12pt;\" data-sfc-cp=\"\" data-complete=\"true\"><strong class=\"Yjhzub\" data-complete=\"true\">NNP72372A\u00a0(\u00c1nh s\u00e1ng v\u00e0ng)<\/strong>: Nhi\u1ec7t \u0111\u1ed9 m\u00e0u 3000K, t\u1ea1o kh\u00f4ng gian \u1ea5m c\u00fang, th\u01b0 gi\u00e3n.<\/span><\/li>\n<li data-hveid=\"CAYQAQ\" data-complete=\"true\" data-sae=\"\"><span class=\"T286Pc\" style=\"color: #000000; font-size: 12pt;\" data-sfc-cp=\"\" data-complete=\"true\"><strong class=\"Yjhzub\" data-complete=\"true\">NNP72379A\u00a0(\u00c1nh s\u00e1ng trung t\u00ednh)<\/strong>: Nhi\u1ec7t \u0111\u1ed9 m\u00e0u 4000K, mang \u0111\u1ebfn \u00e1nh s\u00e1ng d\u1ecbu nh\u1eb9, trung th\u1ef1c.<\/span><\/li>\n<li data-hveid=\"CAYQAg\" data-complete=\"true\" data-sae=\"\"><span style=\"color: #000000; font-size: 12pt;\"><span class=\"T286Pc\" data-sfc-cp=\"\" data-complete=\"true\"><strong class=\"Yjhzub\" data-complete=\"true\">NNP72378A\u00a0(\u00c1nh s\u00e1ng tr\u1eafng)<\/strong>: Nhi\u1ec7t \u0111\u1ed9 m\u00e0u 6500K, cung c\u1ea5p \u00e1nh s\u00e1ng r\u00f5 n\u00e9t, ph\u00f9 h\u1ee3p cho khu v\u1ef1c l\u00e0m vi\u1ec7c.<\/span><\/span><\/li>\n<\/ul>\n<h3 class=\"AdPoic\" role=\"heading\" aria-level=\"3\" data-processed=\"true\" data-complete=\"true\"><span style=\"color: #000000; font-size: 14pt;\">Th\u00f4ng s\u1ed1 k\u1ef9 thu\u1eadt<\/span><\/h3>\n<p class=\"Y3BBE\" data-hveid=\"CAgQAA\" data-complete=\"true\" data-processed=\"true\"><span style=\"color: #000000; font-size: 12pt;\">C\u00e1c th\u00f4ng s\u1ed1 k\u1ef9 thu\u1eadt c\u1ee7a \u0111\u00e8n \u00e2m tr\u1ea7n Panasonic 9w Neo Slim 2G 9W (\u00e1p d\u1ee5ng cho t\u1ea5t c\u1ea3 c\u00e1c phi\u00ean b\u1ea3n m\u00e0u s\u1eafc) bao g\u1ed3m:<\/span><\/p>\n<ul class=\"KsbFXc U6u95\" data-complete=\"true\" data-processed=\"true\">\n<li data-hveid=\"CAkQAA\" data-complete=\"true\" data-sae=\"\"><span class=\"T286Pc\" style=\"color: #000000; font-size: 12pt;\" data-sfc-cp=\"\" data-complete=\"true\"><strong class=\"Yjhzub\" data-complete=\"true\">C\u00f4ng su\u1ea5t:<\/strong>\u00a09W.<\/span><\/li>\n<li data-hveid=\"CAkQAQ\" data-complete=\"true\" data-sae=\"\"><span class=\"T286Pc\" style=\"color: #000000; font-size: 12pt;\" data-sfc-cp=\"\" data-complete=\"true\"><strong class=\"Yjhzub\" data-complete=\"true\">\u0110i\u1ec7n \u00e1p:<\/strong>\u00a0220-240V.<\/span><\/li>\n<li data-hveid=\"CAkQAg\" data-complete=\"true\" data-sae=\"\"><span class=\"T286Pc\" style=\"color: #000000; font-size: 12pt;\" data-sfc-cp=\"\" data-complete=\"true\"><strong class=\"Yjhzub\" data-complete=\"true\">Quang th\u00f4ng:<\/strong>\u00a0900lm (\u0111\u1ed1i v\u1edbi \u00e1nh s\u00e1ng tr\u1eafng v\u00e0 trung t\u00ednh).<\/span><\/li>\n<li data-hveid=\"CAkQAw\" data-complete=\"true\" data-sae=\"\"><span class=\"T286Pc\" style=\"color: #000000; font-size: 12pt;\" data-sfc-cp=\"\" data-complete=\"true\"><strong class=\"Yjhzub\" data-complete=\"true\">Ch\u1ec9 s\u1ed1 ho\u00e0n m\u00e0u (CRI):<\/strong>\u00a0Ra80, \u0111\u1ea3m b\u1ea3o m\u00e0u s\u1eafc ch\u00e2n th\u1ef1c.<\/span><\/li>\n<li data-hveid=\"CAkQBA\" data-complete=\"true\" data-sae=\"\"><span class=\"T286Pc\" style=\"color: #000000; font-size: 12pt;\" data-sfc-cp=\"\" data-complete=\"true\"><strong class=\"Yjhzub\" data-complete=\"true\">G\u00f3c chi\u1ebfu:<\/strong>\u00a0120\u00b0, gi\u00fap \u00e1nh s\u00e1ng t\u1ecfa \u0111\u1ec1u.<\/span><\/li>\n<li data-hveid=\"CAkQBQ\" data-complete=\"true\" data-sae=\"\"><span class=\"T286Pc\" style=\"color: #000000; font-size: 12pt;\" data-sfc-cp=\"\" data-complete=\"true\"><strong class=\"Yjhzub\" data-complete=\"true\">Tu\u1ed5i th\u1ecd:<\/strong>\u00a020.000 gi\u1edd.<\/span><\/li>\n<li data-hveid=\"CAkQBg\" data-complete=\"true\" data-sae=\"\"><span class=\"T286Pc\" style=\"color: #000000; font-size: 12pt;\" data-sfc-cp=\"\" data-complete=\"true\"><strong class=\"Yjhzub\" data-complete=\"true\">K\u00edch th\u01b0\u1edbc \u0111\u00e8n:<\/strong>\u00a0\u0110\u01b0\u1eddng k\u00ednh $\\phi$110mm x Chi\u1ec1u cao 26mm.<\/span><\/li>\n<li data-hveid=\"CAkQBw\" data-complete=\"true\" data-sae=\"\"><span class=\"T286Pc\" style=\"color: #000000; font-size: 12pt;\" data-sfc-cp=\"\" data-complete=\"true\"><strong class=\"Yjhzub\" data-complete=\"true\">K\u00edch th\u01b0\u1edbc l\u1ed7 kho\u00e9t:<\/strong>\u00a0\u0110\u01b0\u1eddng k\u00ednh $\\phi$90mm.<\/span><\/li>\n<li data-hveid=\"CAkQCA\" data-complete=\"true\" data-sae=\"\"><span style=\"color: #000000; font-size: 12pt;\"><span class=\"T286Pc\" data-sfc-cp=\"\" data-complete=\"true\"><strong class=\"Yjhzub\" data-complete=\"true\">C\u1ea5p \u0111\u1ed9 b\u1ea3o v\u1ec7:<\/strong>\u00a0IP20.<\/span><\/span><\/li>\n<\/ul>\n<h3 class=\"AdPoic\" role=\"heading\" aria-level=\"3\" data-processed=\"true\" data-complete=\"true\"><span style=\"color: #000000; font-size: 14pt;\">\u01afu \u0111i\u1ec3m<\/span><\/h3>\n<ul class=\"KsbFXc U6u95\" data-complete=\"true\" data-processed=\"true\">\n<li data-hveid=\"CAwQAA\" data-complete=\"true\" data-sae=\"\"><span class=\"T286Pc\" style=\"color: #000000; font-size: 12pt;\" data-sfc-cp=\"\" data-complete=\"true\"><strong class=\"Yjhzub\" data-complete=\"true\">Thi\u1ebft k\u1ebf si\u00eau m\u1ecfng:<\/strong>\u00a0V\u1edbi \u0111\u1ed9 d\u00e0y ch\u1ec9 26mm, \u0111\u00e8n ph\u00f9 h\u1ee3p cho nhi\u1ec1u lo\u1ea1i tr\u1ea7n, \u0111\u1eb7c bi\u1ec7t l\u00e0 nh\u1eefng tr\u1ea7n c\u00f3 kho\u1ea3ng kh\u00f4ng h\u1eb9p.<\/span><\/li>\n<li data-hveid=\"CAwQAQ\" data-complete=\"true\" data-sae=\"\"><span class=\"T286Pc\" style=\"color: #000000; font-size: 12pt;\" data-sfc-cp=\"\" data-complete=\"true\"><strong class=\"Yjhzub\" data-complete=\"true\">C\u00f4ng ngh\u1ec7 LOVEEYE:<\/strong> \u0110\u00e8n \u00e2m tr\u1ea7n panasonic 9w s\u1eed d\u1ee5ng c\u00f4ng ngh\u1ec7 \u0111\u1ed9c quy\u1ec1n c\u1ee7a Panasonic gi\u00fap gi\u1ea3m \u00e1nh s\u00e1ng xanh, kh\u00f4ng nh\u1ea5p nh\u00e1y, b\u1ea3o v\u1ec7 th\u1ecb l\u1ef1c ng\u01b0\u1eddi d\u00f9ng.<\/span><\/li>\n<li data-hveid=\"CAwQAg\" data-complete=\"true\" data-sae=\"\"><span class=\"T286Pc\" style=\"color: #000000; font-size: 12pt;\" data-sfc-cp=\"\" data-complete=\"true\"><strong class=\"Yjhzub\" data-complete=\"true\">Hi\u1ec7u su\u1ea5t chi\u1ebfu s\u00e1ng cao:<\/strong>\u00a0Cung c\u1ea5p \u00e1nh s\u00e1ng ch\u1ea5t l\u01b0\u1ee3ng v\u00e0 \u0111\u1ed3ng \u0111\u1ec1u, th\u00edch h\u1ee3p cho nhi\u1ec1u kh\u00f4ng gian nh\u01b0 nh\u00e0 \u1edf, v\u0103n ph\u00f2ng ho\u1eb7c c\u1eeda h\u00e0ng.<\/span><\/li>\n<li data-hveid=\"CAwQAw\" data-complete=\"true\" data-sae=\"\"><span class=\"T286Pc\" style=\"color: #000000; font-size: 12pt;\" data-sfc-cp=\"\" data-complete=\"true\"><strong class=\"Yjhzub\" data-complete=\"true\">Ti\u1ebft ki\u1ec7m \u0111i\u1ec7n v\u00e0 b\u1ec1n b\u1ec9:<\/strong>\u00a0\u0110\u00e8n c\u00f3 tu\u1ed5i th\u1ecd cao v\u00e0 kh\u1ea3 n\u0103ng ti\u1ebft ki\u1ec7m n\u0103ng l\u01b0\u1ee3ng hi\u1ec7u qu\u1ea3.<\/span><\/li>\n<\/ul>\n<p>&nbsp;<\/p>\n<p class=\"Y3BBE\" data-hveid=\"CAEICBAA\" data-complete=\"true\" data-processed=\"true\"><span style=\"font-size: 12pt; color: #000000;\"><strong>LI\u00caN H\u1ec6 : Hotline: 0935 228 204 ( Ms Lam )<\/strong><\/span><\/p>\n<p><span style=\"font-size: 12pt; color: #000000;\"><strong>Facebook:\u00a0<span style=\"color: #ff6600;\"><a style=\"color: #ff6600;\" href=\"https:\/\/www.facebook.com\/thietbidienlama\" target=\"_blank\" rel=\"noopener\">THI\u1ebeT\u00a0B\u1eca \u0110I\u1ec6N LAMA<\/a><\/span><\/strong><\/span><\/p>\n<p><span style=\"font-size: 12pt; color: #000000;\"><strong>Tiktok:\u00a0<span style=\"color: #ff6600;\"><a style=\"color: #ff6600;\" href=\"https:\/\/www.tiktok.com\/@thietbidienlama\" target=\"_blank\" rel=\"noopener\">THI\u1ebeT\u00a0B\u1eca \u0110I\u1ec6N LAMA<\/a><\/span><\/strong><\/span><\/p>","protected":false},"excerpt":{"rendered":"<p>\u0110\u00e8n \u00c2m Tr\u1ea7n Panasonic 9W Neo Slim 2G \u0110\u01a1n S\u1eafc NNP7237 \u0110\u00e8n \u00e2m tr\u1ea7n Panasonic 9W Neo Slim 2G \u0111\u01a1n<\/p>","protected":false},"featured_media":13305,"comment_status":"closed","ping_status":"closed","template":"","meta":[],"product_brand":[],"product_cat":[731,924,861,923,502],"product_tag":[686],"class_list":{"0":"post-13302","1":"product","2":"type-product","3":"status-publish","4":"has-post-thumbnail","6":"product_cat-den-led-panasonic","7":"product_cat-den-am-tran-panasonic","8":"product_cat-den-dowlight","9":"product_cat-den-panasonic","10":"product_cat-den-chieu-sang","11":"product_tag-den-am-tran-panasonic-9w","13":"first","14":"instock","15":"sale","16":"shipping-taxable","17":"purchasable","18":"product-type-simple"},"_links":{"self":[{"href":"https:\/\/www.thietbidienlama.com\/en\/wp-json\/wp\/v2\/product\/13302","targetHints":{"allow":["GET"]}}],"collection":[{"href":"https:\/\/www.thietbidienlama.com\/en\/wp-json\/wp\/v2\/product"}],"about":[{"href":"https:\/\/www.thietbidienlama.com\/en\/wp-json\/wp\/v2\/types\/product"}],"replies":[{"embeddable":true,"href":"https:\/\/www.thietbidienlama.com\/en\/wp-json\/wp\/v2\/comments?post=13302"}],"version-history":[{"count":4,"href":"https:\/\/www.thietbidienlama.com\/en\/wp-json\/wp\/v2\/product\/13302\/revisions"}],"predecessor-version":[{"id":13333,"href":"https:\/\/www.thietbidienlama.com\/en\/wp-json\/wp\/v2\/product\/13302\/revisions\/13333"}],"wp:featuredmedia":[{"embeddable":true,"href":"https:\/\/www.thietbidienlama.com\/en\/wp-json\/wp\/v2\/media\/13305"}],"wp:attachment":[{"href":"https:\/\/www.thietbidienlama.com\/en\/wp-json\/wp\/v2\/media?parent=13302"}],"wp:term":[{"taxonomy":"product_brand","embeddable":true,"href":"https:\/\/www.thietbidienlama.com\/en\/wp-json\/wp\/v2\/product_brand?post=13302"},{"taxonomy":"product_cat","embeddable":true,"href":"https:\/\/www.thietbidienlama.com\/en\/wp-json\/wp\/v2\/product_cat?post=13302"},{"taxonomy":"product_tag","embeddable":true,"href":"https:\/\/www.thietbidienlama.com\/en\/wp-json\/wp\/v2\/product_tag?post=13302"}],"curies":[{"name":"wp","href":"https:\/\/api.w.org\/{rel}","templated":true}]}}