{"id":13294,"date":"2025-10-19T12:02:13","date_gmt":"2025-10-19T05:02:13","guid":{"rendered":"https:\/\/thietbidienlama.com\/?post_type=product&#038;p=13294"},"modified":"2025-10-20T09:07:59","modified_gmt":"2025-10-20T02:07:59","slug":"cong-tac-dien-panasonic","status":"publish","type":"product","link":"https:\/\/www.thietbidienlama.com\/en\/cong-tac-dien-panasonic\/","title":{"rendered":"B\u1ed9 3 C\u00f4ng T\u1eafc \u0110i\u1ec7n Panasonic 1 Chi\u1ec1u WMF505MYZ-VN D\u00f2ng Moderva"},"content":{"rendered":"<h2 style=\"text-align: center;\"><span style=\"color: #000000;\">B\u1ed9 3 C\u00f4ng T\u1eafc \u0110i\u1ec7n Panasonic 1 Chi\u1ec1u WMF505MYZ-VN D\u00f2ng Moderva<\/span><\/h2>\n<p class=\"Y3BBE\" data-hveid=\"CAEIAxAA\" data-complete=\"true\" data-processed=\"true\"><span style=\"font-size: 12pt; color: #000000;\">B\u1ed9 3 <span style=\"color: #ff6600;\"><strong><a style=\"color: #ff6600;\" href=\"https:\/\/thietbidienlama.com\/cong-tac-dien-panasonic\/\">c\u00f4ng t\u1eafc \u0111i\u1ec7n Panasonic<\/a><\/strong><\/span> 1 chi\u1ec1u WMF505MYZ-VN l\u00e0 s\u1ea3n ph\u1ea9m thu\u1ed9c d\u00f2ng Moderva cao c\u1ea5p, n\u1ed5i b\u1eadt v\u1edbi thi\u1ebft k\u1ebf hi\u1ec7n \u0111\u1ea1i v\u00e0 <span style=\"color: #ff6600;\"><strong>m\u00e0u v\u00e0ng \u00e1nh kim<\/strong><\/span> sang tr\u1ecdng. \u0110\u00e2y l\u00e0 m\u1ed9t b\u1ed9 s\u1ea3n ph\u1ea9m Thi\u1ebft l\u1eadp \u1ea3nh s\u1ea3n ph\u1ea9m ho\u00e0n ch\u1ec9nh, d\u00f9ng \u0111\u1ec3 \u0111i\u1ec1u khi\u1ec3n ba thi\u1ebft b\u1ecb \u0111i\u1ec7n \u0111\u1ed9c l\u1eadp.<\/span><\/p>\n<p data-hveid=\"CAEIAxAA\" data-complete=\"true\" data-processed=\"true\"><img fetchpriority=\"high\" decoding=\"async\" class=\"aligncenter wp-image-12564 size-medium\" src=\"http:\/\/thietbidienlama.com\/wp-content\/uploads\/2025\/02\/Bo-3-Cong-Tac-B-1-Chieu-Dong-Moderva-Mau-Vang-Anh-Kim-WMF505MYZ-VN-Panasonic-300x300.jpg\" alt=\"B\u1ed9 3 C\u00f4ng T\u1eafc \u0110i\u1ec7n Panasonic 1 Chi\u1ec1u WMF505MYZ-VN D\u00f2ng Moderva\" width=\"300\" height=\"300\" srcset=\"https:\/\/www.thietbidienlama.com\/wp-content\/uploads\/2025\/02\/Bo-3-Cong-Tac-B-1-Chieu-Dong-Moderva-Mau-Vang-Anh-Kim-WMF505MYZ-VN-Panasonic-300x300.jpg 300w, https:\/\/www.thietbidienlama.com\/wp-content\/uploads\/2025\/02\/Bo-3-Cong-Tac-B-1-Chieu-Dong-Moderva-Mau-Vang-Anh-Kim-WMF505MYZ-VN-Panasonic-150x150.jpg 150w, https:\/\/www.thietbidienlama.com\/wp-content\/uploads\/2025\/02\/Bo-3-Cong-Tac-B-1-Chieu-Dong-Moderva-Mau-Vang-Anh-Kim-WMF505MYZ-VN-Panasonic-12x12.jpg 12w, https:\/\/www.thietbidienlama.com\/wp-content\/uploads\/2025\/02\/Bo-3-Cong-Tac-B-1-Chieu-Dong-Moderva-Mau-Vang-Anh-Kim-WMF505MYZ-VN-Panasonic.jpg 500w\" sizes=\"(max-width: 300px) 100vw, 300px\" \/><\/p>\n<h3 class=\"otQkpb\" role=\"heading\" aria-level=\"3\" data-complete=\"true\" data-processed=\"true\"><span style=\"font-size: 18pt; color: #000000;\">Th\u00f4ng tin chi ti\u1ebft<span class=\"uJ19be notranslate\" data-wiz-uids=\"t20oMb_k,t20oMb_l\" data-complete=\"true\"><span class=\"vKEkVd\" data-animation-atomic=\"\" data-sae=\"\">\u00a0<\/span><\/span><\/span><\/h3>\n<ul class=\"KsbFXc U6u95\" data-processed=\"true\" data-complete=\"true\">\n<li data-hveid=\"CAEIBRAA\" data-complete=\"true\" data-sae=\"\"><span class=\"T286Pc\" style=\"font-size: 12pt; color: #000000;\" data-sfc-cp=\"\" data-complete=\"true\"><strong class=\"Yjhzub\" data-complete=\"true\">M\u00e3 s\u1ea3n ph\u1ea9m:<\/strong>\u00a0WMF505MYZ-VN<\/span><\/li>\n<li data-hveid=\"CAEIBRAB\" data-complete=\"true\" data-sae=\"\"><span class=\"T286Pc\" style=\"font-size: 12pt; color: #000000;\" data-sfc-cp=\"\" data-complete=\"true\"><strong class=\"Yjhzub\" data-complete=\"true\">Th\u01b0\u01a1ng hi\u1ec7u:<\/strong>\u00a0Panasonic<\/span><\/li>\n<li data-hveid=\"CAEIBRAC\" data-complete=\"true\" data-sae=\"\"><span class=\"T286Pc\" style=\"font-size: 12pt; color: #000000;\" data-sfc-cp=\"\" data-complete=\"true\"><strong class=\"Yjhzub\" data-complete=\"true\">D\u00f2ng s\u1ea3n ph\u1ea9m:<\/strong>\u00a0Moderva<\/span><\/li>\n<li data-hveid=\"CAEIBRAD\" data-complete=\"true\" data-sae=\"\"><span class=\"T286Pc\" style=\"font-size: 12pt; color: #000000;\" data-sfc-cp=\"\" data-complete=\"true\"><strong class=\"Yjhzub\" data-complete=\"true\">Lo\u1ea1i c\u00f4ng t\u1eafc:<\/strong>\u00a0B\u1ed9 3 c\u00f4ng t\u1eafc B, 1 chi\u1ec1u<\/span><\/li>\n<li data-hveid=\"CAEIBRAE\" data-complete=\"true\" data-sae=\"\"><span class=\"T286Pc\" style=\"font-size: 12pt; color: #000000;\" data-sfc-cp=\"\" data-complete=\"true\"><strong class=\"Yjhzub\" data-complete=\"true\">M\u00e0u s\u1eafc:<\/strong>\u00a0V\u00e0ng \u00e1nh kim (Metallic Gold)<\/span><\/li>\n<li data-hveid=\"CAEIBRAF\" data-complete=\"true\" data-sae=\"\"><span class=\"T286Pc\" style=\"font-size: 12pt; color: #000000;\" data-sfc-cp=\"\" data-complete=\"true\"><strong class=\"Yjhzub\" data-complete=\"true\">Thi\u1ebft k\u1ebf:<\/strong><\/span>\n<ul class=\"KsbFXc U6u95\" data-complete=\"true\">\n<li data-hveid=\"CAEIBRAG\" data-complete=\"true\" data-sae=\"\"><span class=\"T286Pc\" style=\"font-size: 12pt; color: #000000;\" data-sfc-cp=\"\" data-complete=\"true\">M\u1eb7t ti\u1ebfp x\u00fac l\u1edbn, kh\u00f4ng vi\u1ec1n, l\u1ea5y c\u1ea3m h\u1ee9ng t\u1eeb ph\u00edm \u0111\u00e0n piano.<\/span><\/li>\n<li data-hveid=\"CAEIBRAH\" data-complete=\"true\" data-sae=\"\"><span class=\"T286Pc\" style=\"font-size: 12pt; color: #000000;\" data-sfc-cp=\"\" data-complete=\"true\">Ki\u1ec3u d\u00e1ng t\u1ed1i gi\u1ea3n, hi\u1ec7n \u0111\u1ea1i, mang l\u1ea1i v\u1ebb sang tr\u1ecdng cho kh\u00f4ng gian.<\/span><\/li>\n<\/ul>\n<\/li>\n<li data-hveid=\"CAEIBRAI\" data-complete=\"true\" data-sae=\"\"><span class=\"T286Pc\" style=\"font-size: 12pt; color: #000000;\" data-sfc-cp=\"\" data-complete=\"true\"><strong class=\"Yjhzub\" data-complete=\"true\">Ch\u1ea5t li\u1ec7u:<\/strong>\u00a0Nh\u1ef1a cao c\u1ea5p, c\u00f3 kh\u1ea3 n\u0103ng ch\u1ed1ng b\u00e1m b\u1ea9n v\u00e0 \u0111\u1ed9 b\u1ec1n cao.<\/span><\/li>\n<li data-hveid=\"CAEIBRAJ\" data-complete=\"true\" data-sae=\"\"><span class=\"T286Pc\" style=\"font-size: 12pt; color: #000000;\" data-sfc-cp=\"\" data-complete=\"true\"><strong class=\"Yjhzub\" data-complete=\"true\">Th\u00f4ng s\u1ed1 k\u1ef9 thu\u1eadt:<\/strong><\/span>\n<ul class=\"KsbFXc U6u95\" data-complete=\"true\">\n<li data-hveid=\"CAEIBRAK\" data-complete=\"true\" data-sae=\"\"><span class=\"T286Pc\" style=\"font-size: 12pt; color: #000000;\" data-sfc-cp=\"\" data-complete=\"true\"><strong class=\"Yjhzub\" data-complete=\"true\">\u0110i\u1ec7n \u00e1p \u0111\u1ecbnh m\u1ee9c:<\/strong>\u00a0250V<\/span><\/li>\n<li data-hveid=\"CAEIBRAL\" data-complete=\"true\" data-sae=\"\"><span class=\"T286Pc\" style=\"font-size: 12pt; color: #000000;\" data-sfc-cp=\"\" data-complete=\"true\"><strong class=\"Yjhzub\" data-complete=\"true\">D\u00f2ng \u0111i\u1ec7n \u0111\u1ecbnh m\u1ee9c:<\/strong>\u00a010A<\/span><\/li>\n<\/ul>\n<\/li>\n<li data-hveid=\"CAEIBRAM\" data-complete=\"true\" data-sae=\"\"><span class=\"T286Pc\" style=\"font-size: 12pt; color: #000000;\" data-sfc-cp=\"\" data-complete=\"true\"><strong class=\"Yjhzub\" data-complete=\"true\">Ki\u1ec3u l\u1eafp \u0111\u1eb7t:<\/strong>\u00a0B\u1eaft v\u00edt.<\/span><\/li>\n<li data-hveid=\"CAEIBRAN\" data-sae=\"\" data-complete=\"true\"><span class=\"T286Pc\" style=\"font-size: 12pt; color: #000000;\" data-sfc-cp=\"\" data-complete=\"true\"><strong class=\"Yjhzub\" data-complete=\"true\">B\u1ea3o h\u00e0nh:<\/strong>\u00a0Th\u00f4ng th\u01b0\u1eddng 12 th\u00e1ng t\u1eeb nh\u00e0 s\u1ea3n xu\u1ea5t.<\/span><\/li>\n<\/ul>\n<h3 class=\"otQkpb\" role=\"heading\" aria-level=\"3\" data-processed=\"true\" data-complete=\"true\"><span style=\"font-size: 18pt; color: #000000;\">\u01afu \u0111i\u1ec3m<\/span><\/h3>\n<ul class=\"KsbFXc U6u95\" data-complete=\"true\" data-processed=\"true\">\n<li data-hveid=\"CAEIBxAA\" data-complete=\"true\" data-sae=\"\"><span class=\"T286Pc\" style=\"font-size: 12pt; color: #000000;\" data-sfc-cp=\"\" data-complete=\"true\"><strong class=\"Yjhzub\" data-complete=\"true\">T\u00ednh th\u1ea9m m\u1ef9:<\/strong>\u00a0M\u00e0u v\u00e0ng \u00e1nh kim \u0111\u1ed9c \u0111\u00e1o v\u00e0 thi\u1ebft k\u1ebf kh\u00f4ng vi\u1ec1n gi\u00fap s\u1ea3n ph\u1ea9m tr\u1edf th\u00e0nh \u0111i\u1ec3m nh\u1ea5n n\u1ed5i b\u1eadt trong kh\u00f4ng gian n\u1ed9i th\u1ea5t.<\/span><\/li>\n<li data-hveid=\"CAEIBxAB\" data-complete=\"true\" data-sae=\"\"><span class=\"T286Pc\" style=\"font-size: 12pt; color: #000000;\" data-sfc-cp=\"\" data-complete=\"true\"><strong class=\"Yjhzub\" data-complete=\"true\">Ch\u1ea5t l\u01b0\u1ee3ng cao:<\/strong>\u00a0Ch\u1ea5t li\u1ec7u cao c\u1ea5p v\u00e0 ti\u00eau chu\u1ea9n s\u1ea3n xu\u1ea5t nghi\u00eam ng\u1eb7t \u0111\u1ea3m b\u1ea3o an to\u00e0n v\u00e0 \u0111\u1ed9 b\u1ec1n b\u1ec9.<\/span><\/li>\n<li data-hveid=\"CAEIBxAC\" data-complete=\"true\" data-sae=\"\"><span class=\"T286Pc\" style=\"font-size: 12pt; color: #000000;\" data-sfc-cp=\"\" data-complete=\"true\"><strong class=\"Yjhzub\" data-complete=\"true\">S\u1eed d\u1ee5ng linh ho\u1ea1t:<\/strong>\u00a0Ph\u00f9 h\u1ee3p \u0111\u1ec3 \u0111i\u1ec1u khi\u1ec3n ba thi\u1ebft b\u1ecb \u0111i\u1ec7n ri\u00eang bi\u1ec7t trong c\u00e1c kh\u00f4ng gian sang tr\u1ecdng nh\u01b0 c\u0103n h\u1ed9, kh\u00e1ch s\u1ea1n, resort, v\u00e0 v\u0103n ph\u00f2ng cao c\u1ea5p.<\/span><\/li>\n<\/ul>\n<p class=\"otQkpb\" role=\"heading\" aria-level=\"3\" data-processed=\"true\" data-complete=\"true\"><span style=\"font-size: 12pt; color: #000000;\">Ph\u00e2n bi\u1ec7t v\u1edbi c\u00e1c m\u00e3 kh\u00e1c c\u00f9ng d\u00f2ng<\/span><\/p>\n<ul class=\"KsbFXc U6u95\" data-complete=\"true\" data-processed=\"true\">\n<li data-hveid=\"CAEICRAA\" data-complete=\"true\" data-sae=\"\"><span class=\"T286Pc\" style=\"font-size: 12pt; color: #000000;\" data-sfc-cp=\"\" data-complete=\"true\"><strong class=\"Yjhzub\" data-complete=\"true\">WMF505-VN:<\/strong> B\u1ed9 3 c\u00f4ng t\u1eafc \u0111i\u1ec7n panasonic 1 chi\u1ec1u m\u00e0u tr\u1eafng tuy\u1ebft.<\/span><\/li>\n<li data-hveid=\"CAEICRAB\" data-complete=\"true\" data-sae=\"\"><span class=\"T286Pc\" style=\"font-size: 12pt; color: #000000;\" data-sfc-cp=\"\" data-complete=\"true\"><strong class=\"Yjhzub\" data-complete=\"true\">WMF505MYH-VN:<\/strong> B\u1ed9 3 c\u00f4ng t\u1eafc \u0111i\u1ec7n panasonic 1 chi\u1ec1u m\u00e0u x\u00e1m \u00e1nh kim.<\/span><\/li>\n<\/ul>\n<p>&nbsp;<\/p>\n<p class=\"Y3BBE\" data-hveid=\"CAEICBAA\" data-complete=\"true\" data-processed=\"true\"><span style=\"font-size: 12pt; color: #000000;\"><strong>LI\u00caN H\u1ec6 : Hotline: 0935 228 204 ( Ms Lam )<\/strong><\/span><\/p>\n<p><span style=\"font-size: 12pt; color: #000000;\"><strong>Facebook:\u00a0<span style=\"color: #ff6600;\"><a style=\"color: #ff6600;\" href=\"https:\/\/www.facebook.com\/thietbidienlama\" target=\"_blank\" rel=\"noopener\">THI\u1ebeT\u00a0B\u1eca \u0110I\u1ec6N LAMA<\/a><\/span><\/strong><\/span><\/p>\n<p><span style=\"font-size: 12pt; color: #000000;\"><strong>Tiktok:\u00a0<span style=\"color: #ff6600;\"><a style=\"color: #ff6600;\" href=\"https:\/\/www.tiktok.com\/@thietbidienlama\" target=\"_blank\" rel=\"noopener\">THI\u1ebeT\u00a0B\u1eca \u0110I\u1ec6N LAMA<\/a><\/span><\/strong><\/span><\/p>","protected":false},"excerpt":{"rendered":"<p>B\u1ed9 3 C\u00f4ng T\u1eafc \u0110i\u1ec7n Panasonic 1 Chi\u1ec1u WMF505MYZ-VN D\u00f2ng Moderva B\u1ed9 3 c\u00f4ng t\u1eafc \u0111i\u1ec7n Panasonic 1 chi\u1ec1u WMF505MYZ-VN<\/p>","protected":false},"featured_media":12564,"comment_status":"closed","ping_status":"closed","template":"","meta":[],"product_brand":[],"product_cat":[856,903],"product_tag":[921,920],"class_list":{"0":"post-13294","1":"product","2":"type-product","3":"status-publish","4":"has-post-thumbnail","6":"product_cat-cong-tac-panasonic","7":"product_cat-cong-tac-panasonic-moderva","8":"product_tag-cong-tac-dien-panasonic","9":"product_tag-wmf505myz-vn","11":"first","12":"instock","13":"sale","14":"shipping-taxable","15":"purchasable","16":"product-type-simple"},"_links":{"self":[{"href":"https:\/\/www.thietbidienlama.com\/en\/wp-json\/wp\/v2\/product\/13294","targetHints":{"allow":["GET"]}}],"collection":[{"href":"https:\/\/www.thietbidienlama.com\/en\/wp-json\/wp\/v2\/product"}],"about":[{"href":"https:\/\/www.thietbidienlama.com\/en\/wp-json\/wp\/v2\/types\/product"}],"replies":[{"embeddable":true,"href":"https:\/\/www.thietbidienlama.com\/en\/wp-json\/wp\/v2\/comments?post=13294"}],"version-history":[{"count":4,"href":"https:\/\/www.thietbidienlama.com\/en\/wp-json\/wp\/v2\/product\/13294\/revisions"}],"predecessor-version":[{"id":13298,"href":"https:\/\/www.thietbidienlama.com\/en\/wp-json\/wp\/v2\/product\/13294\/revisions\/13298"}],"wp:featuredmedia":[{"embeddable":true,"href":"https:\/\/www.thietbidienlama.com\/en\/wp-json\/wp\/v2\/media\/12564"}],"wp:attachment":[{"href":"https:\/\/www.thietbidienlama.com\/en\/wp-json\/wp\/v2\/media?parent=13294"}],"wp:term":[{"taxonomy":"product_brand","embeddable":true,"href":"https:\/\/www.thietbidienlama.com\/en\/wp-json\/wp\/v2\/product_brand?post=13294"},{"taxonomy":"product_cat","embeddable":true,"href":"https:\/\/www.thietbidienlama.com\/en\/wp-json\/wp\/v2\/product_cat?post=13294"},{"taxonomy":"product_tag","embeddable":true,"href":"https:\/\/www.thietbidienlama.com\/en\/wp-json\/wp\/v2\/product_tag?post=13294"}],"curies":[{"name":"wp","href":"https:\/\/api.w.org\/{rel}","templated":true}]}}