{"id":13289,"date":"2025-10-19T11:49:39","date_gmt":"2025-10-19T04:49:39","guid":{"rendered":"https:\/\/thietbidienlama.com\/?post_type=product&#038;p=13289"},"modified":"2025-10-19T11:50:10","modified_gmt":"2025-10-19T04:50:10","slug":"cong-tac-3-panasonic","status":"publish","type":"product","link":"https:\/\/www.thietbidienlama.com\/en\/cong-tac-3-panasonic\/","title":{"rendered":"B\u1ed9 C\u00f4ng T\u1eafc 3 Panasonic 1 chi\u1ec1u WMF505-VN D\u00f2ng Moderva"},"content":{"rendered":"<h2 style=\"text-align: center;\" data-hveid=\"CAEIAxAA\" data-processed=\"true\" data-complete=\"true\"><span style=\"color: #000000;\">B\u1ed9 C\u00f4ng T\u1eafc 3 Panasonic 1 chi\u1ec1u WMF505-VN D\u00f2ng Moderva<\/span><\/h2>\n<div class=\"Y3BBE\" data-sfc-cp=\"\" data-hveid=\"CAEIAxAA\" data-processed=\"true\" data-complete=\"true\"><span style=\"color: #000000;\">B\u1ed9 <span style=\"color: #ff6600;\"><a style=\"color: #ff6600;\" href=\"https:\/\/thietbidienlama.com\/cong-tac-3-panasonic\/\"><strong>c\u00f4ng t\u1eafc 3 Panasonic<\/strong><\/a><\/span> 1 chi\u1ec1u WMF505-VN thu\u1ed9c d\u00f2ng s\u1ea3n ph\u1ea9m Moderva, v\u1edbi thi\u1ebft k\u1ebf hi\u1ec7n \u0111\u1ea1i v\u00e0 <span style=\"color: #ff6600;\">m\u00e0u tr\u1eafng tuy\u1ebft<\/span> sang tr\u1ecdng. S\u1ea3n ph\u1ea9m n\u00e0y l\u00e0 m\u1ed9t b\u1ed9 ho\u00e0n ch\u1ec9nh, d\u00f9ng \u0111\u1ec3 \u0111i\u1ec1u khi\u1ec3n ba thi\u1ebft b\u1ecb \u0111i\u1ec7n \u0111\u1ed9c l\u1eadp.<\/span><\/div>\n<div data-sfc-cp=\"\" data-hveid=\"CAEIAxAA\" data-processed=\"true\" data-complete=\"true\"><\/div>\n<div class=\"Fsg96\" data-sfc-cp=\"\" data-complete=\"true\" data-processed=\"true\"><img fetchpriority=\"high\" decoding=\"async\" class=\"aligncenter wp-image-12545 size-medium\" src=\"http:\/\/thietbidienlama.com\/wp-content\/uploads\/2025\/02\/Bo-3-Cong-Tac-B-1-Chieu-Dong-Moderva-Mau-Trang-WMF505-VN-Panasonic-300x300.jpg\" alt=\"B\u1ed9 C\u00f4ng T\u1eafc 3 Panasonic 1 chi\u1ec1u WMF505-VN D\u00f2ng Moderva\" width=\"300\" height=\"300\" srcset=\"https:\/\/www.thietbidienlama.com\/wp-content\/uploads\/2025\/02\/Bo-3-Cong-Tac-B-1-Chieu-Dong-Moderva-Mau-Trang-WMF505-VN-Panasonic-300x300.jpg 300w, https:\/\/www.thietbidienlama.com\/wp-content\/uploads\/2025\/02\/Bo-3-Cong-Tac-B-1-Chieu-Dong-Moderva-Mau-Trang-WMF505-VN-Panasonic-150x150.jpg 150w, https:\/\/www.thietbidienlama.com\/wp-content\/uploads\/2025\/02\/Bo-3-Cong-Tac-B-1-Chieu-Dong-Moderva-Mau-Trang-WMF505-VN-Panasonic-12x12.jpg 12w, https:\/\/www.thietbidienlama.com\/wp-content\/uploads\/2025\/02\/Bo-3-Cong-Tac-B-1-Chieu-Dong-Moderva-Mau-Trang-WMF505-VN-Panasonic.jpg 500w\" sizes=\"(max-width: 300px) 100vw, 300px\" \/><\/div>\n<h3 class=\"otQkpb\" role=\"heading\" aria-level=\"3\" data-processed=\"true\" data-complete=\"true\"><span style=\"color: #000000;\"><span class=\"T286Pc\" data-sfc-cp=\"\" data-complete=\"true\">Th\u00f4ng tin chi ti\u1ebft v\u1ec1 s\u1ea3n ph\u1ea9m\u00a0WMF505-VN<\/span><\/span><\/h3>\n<ul class=\"KsbFXc U6u95\" data-complete=\"true\" data-processed=\"true\">\n<li data-hveid=\"CAEIBRAA\" data-complete=\"true\" data-sae=\"\"><span class=\"T286Pc\" style=\"color: #000000;\" data-sfc-cp=\"\" data-complete=\"true\"><strong class=\"Yjhzub\" data-complete=\"true\">M\u00e3 s\u1ea3n ph\u1ea9m:<\/strong>\u00a0WMF505-VN.<\/span><\/li>\n<li data-hveid=\"CAEIBRAB\" data-complete=\"true\" data-sae=\"\"><span class=\"T286Pc\" style=\"color: #000000;\" data-sfc-cp=\"\" data-complete=\"true\"><strong class=\"Yjhzub\" data-complete=\"true\">Th\u01b0\u01a1ng hi\u1ec7u:<\/strong>\u00a0Panasonic.<\/span><\/li>\n<li data-hveid=\"CAEIBRAC\" data-complete=\"true\" data-sae=\"\"><span class=\"T286Pc\" style=\"color: #000000;\" data-sfc-cp=\"\" data-complete=\"true\"><strong class=\"Yjhzub\" data-complete=\"true\">D\u00f2ng s\u1ea3n ph\u1ea9m:<\/strong>\u00a0Moderva.<\/span><\/li>\n<li data-hveid=\"CAEIBRAD\" data-complete=\"true\" data-sae=\"\"><span class=\"T286Pc\" style=\"color: #000000;\" data-sfc-cp=\"\" data-complete=\"true\"><strong class=\"Yjhzub\" data-complete=\"true\">Lo\u1ea1i c\u00f4ng t\u1eafc:<\/strong>\u00a0B\u1ed9 3 c\u00f4ng t\u1eafc B, 1 chi\u1ec1u.<\/span><\/li>\n<li data-hveid=\"CAEIBRAE\" data-complete=\"true\" data-sae=\"\"><span class=\"T286Pc\" style=\"color: #000000;\" data-sfc-cp=\"\" data-complete=\"true\"><strong class=\"Yjhzub\" data-complete=\"true\">M\u00e0u s\u1eafc:<\/strong>\u00a0Tr\u1eafng tuy\u1ebft (Snow White).<\/span><\/li>\n<li data-hveid=\"CAEIBRAF\" data-complete=\"true\" data-sae=\"\"><span class=\"T286Pc\" style=\"color: #000000;\" data-sfc-cp=\"\" data-complete=\"true\"><strong class=\"Yjhzub\" data-complete=\"true\">Thi\u1ebft k\u1ebf:<\/strong><\/span>\n<ul class=\"KsbFXc U6u95\" data-complete=\"true\">\n<li data-hveid=\"CAEIBRAG\" data-complete=\"true\" data-sae=\"\"><span class=\"T286Pc\" style=\"color: #000000;\" data-sfc-cp=\"\" data-complete=\"true\">M\u1eb7t ti\u1ebfp x\u00fac l\u1edbn, kh\u00f4ng vi\u1ec1n, l\u1ea5y c\u1ea3m h\u1ee9ng t\u1eeb ph\u00edm \u0111\u00e0n piano.<\/span><\/li>\n<li data-hveid=\"CAEIBRAH\" data-complete=\"true\" data-sae=\"\"><span class=\"T286Pc\" style=\"color: #000000;\" data-sfc-cp=\"\" data-complete=\"true\">Thi\u1ebft k\u1ebf t\u1ed1i gi\u1ea3n, sang tr\u1ecdng, ph\u00f9 h\u1ee3p v\u1edbi nhi\u1ec1u kh\u00f4ng gian n\u1ed9i th\u1ea5t hi\u1ec7n \u0111\u1ea1i.<\/span><\/li>\n<\/ul>\n<\/li>\n<li data-hveid=\"CAEIBRAI\" data-complete=\"true\" data-sae=\"\"><span class=\"T286Pc\" style=\"color: #000000;\" data-sfc-cp=\"\" data-complete=\"true\"><strong class=\"Yjhzub\" data-complete=\"true\">Ch\u1ea5t li\u1ec7u:<\/strong>\u00a0Nh\u1ef1a Urea Resin cao c\u1ea5p, c\u00f3 \u0111\u1ed9 b\u00f3ng v\u00e0 m\u1ecbn.<\/span><\/li>\n<li data-hveid=\"CAEIBRAJ\" data-complete=\"true\" data-sae=\"\"><span class=\"T286Pc\" style=\"color: #000000;\" data-sfc-cp=\"\" data-complete=\"true\"><strong class=\"Yjhzub\" data-complete=\"true\">Th\u00f4ng s\u1ed1 k\u1ef9 thu\u1eadt:<\/strong><\/span>\n<ul class=\"KsbFXc U6u95\" data-complete=\"true\">\n<li data-hveid=\"CAEIBRAK\" data-complete=\"true\" data-sae=\"\"><span class=\"T286Pc\" style=\"color: #000000;\" data-sfc-cp=\"\" data-complete=\"true\"><strong class=\"Yjhzub\" data-complete=\"true\">\u0110i\u1ec7n \u00e1p \u0111\u1ecbnh m\u1ee9c:<\/strong>\u00a0250V.<\/span><\/li>\n<li data-hveid=\"CAEIBRAL\" data-complete=\"true\" data-sae=\"\"><span class=\"T286Pc\" style=\"color: #000000;\" data-sfc-cp=\"\" data-complete=\"true\"><strong class=\"Yjhzub\" data-complete=\"true\">D\u00f2ng \u0111i\u1ec7n \u0111\u1ecbnh m\u1ee9c:<\/strong>\u00a010A.<\/span><\/li>\n<\/ul>\n<\/li>\n<li data-hveid=\"CAEIBRAM\" data-complete=\"true\" data-sae=\"\"><span style=\"color: #000000;\"><span class=\"T286Pc\" data-sfc-cp=\"\" data-complete=\"true\"><strong class=\"Yjhzub\" data-complete=\"true\">Ki\u1ec3u l\u1eafp \u0111\u1eb7t:<\/strong>\u00a0B\u1eaft v\u00edt.<\/span><\/span><\/li>\n<\/ul>\n<div class=\"Fsg96\" data-sfc-cp=\"\" data-complete=\"true\" data-processed=\"true\"><\/div>\n<h3 class=\"otQkpb\" role=\"heading\" aria-level=\"3\" data-processed=\"true\" data-complete=\"true\"><span style=\"color: #000000;\">\u01afu \u0111i\u1ec3m<\/span><\/h3>\n<ul class=\"KsbFXc U6u95\" data-complete=\"true\" data-processed=\"true\">\n<li data-hveid=\"CAEIBxAA\" data-complete=\"true\" data-sae=\"\"><span class=\"T286Pc\" style=\"color: #000000;\" data-sfc-cp=\"\" data-complete=\"true\"><strong class=\"Yjhzub\" data-complete=\"true\">Th\u1ea9m m\u1ef9:<\/strong>\u00a0Thi\u1ebft k\u1ebf kh\u00f4ng vi\u1ec1n \u0111\u1ed9c \u0111\u00e1o, t\u1ea1o c\u1ea3m gi\u00e1c li\u1ec1n m\u1ea1ch, tinh t\u1ebf.<\/span><\/li>\n<li data-hveid=\"CAEIBxAB\" data-complete=\"true\" data-sae=\"\"><span class=\"T286Pc\" style=\"color: #000000;\" data-sfc-cp=\"\" data-complete=\"true\"><strong class=\"Yjhzub\" data-complete=\"true\">Ch\u1ea5t l\u01b0\u1ee3ng:<\/strong>\u00a0S\u1ea3n xu\u1ea5t theo ti\u00eau chu\u1ea9n Ch\u00e2u \u00c2u, \u0111\u1ea3m b\u1ea3o an to\u00e0n v\u00e0 b\u1ec1n b\u1ec9.<\/span><\/li>\n<li data-hveid=\"CAEIBxAC\" data-complete=\"true\" data-sae=\"\"><span style=\"color: #000000;\"><span class=\"T286Pc\" data-sfc-cp=\"\" data-complete=\"true\"><strong class=\"Yjhzub\" data-complete=\"true\">S\u1eed d\u1ee5ng linh ho\u1ea1t:<\/strong>\u00a0C\u00f3 th\u1ec3 \u0111i\u1ec1u khi\u1ec3n c\u00f9ng l\u00fac ba thi\u1ebft b\u1ecb \u0111i\u1ec7n ri\u00eang bi\u1ec7t.<\/span><span class=\"uJ19be notranslate\" data-wiz-uids=\"r8TJv_2d,r8TJv_2e\" data-complete=\"true\"><span class=\"vKEkVd\" data-animation-atomic=\"\" data-sae=\"\">\u00a0<\/span><\/span><\/span><\/li>\n<\/ul>\n<div class=\"Fsg96\" data-sfc-cp=\"\" data-complete=\"true\" data-processed=\"true\"><\/div>\n<div class=\"otQkpb\" role=\"heading\" aria-level=\"3\" data-animation-nesting=\"\" data-sfc-cp=\"\" data-processed=\"true\" data-sae=\"\" data-complete=\"true\"><span style=\"color: #000000;\">\u1ee8ng d\u1ee5ng<\/span><\/div>\n<div role=\"heading\" aria-level=\"3\" data-animation-nesting=\"\" data-sfc-cp=\"\" data-processed=\"true\" data-sae=\"\" data-complete=\"true\"><\/div>\n<div class=\"Y3BBE\" data-sfc-cp=\"\" data-hveid=\"CAEICRAA\" data-complete=\"true\" data-processed=\"true\"><span style=\"color: #000000;\">S\u1ea3n ph\u1ea9m ph\u00f9 h\u1ee3p l\u1eafp \u0111\u1eb7t trong nhi\u1ec1u kh\u00f4ng gian kh\u00e1c nhau, t\u1eeb nh\u00e0 \u1edf, c\u0103n h\u1ed9, \u0111\u1ebfn v\u0103n ph\u00f2ng v\u00e0 c\u00e1c khu v\u1ef1c cao c\u1ea5p nh\u01b0 kh\u00e1ch s\u1ea1n, resort.<span class=\"uJ19be notranslate\" data-wiz-uids=\"r8TJv_2n,r8TJv_2o\" data-complete=\"true\" data-processed=\"true\"><span class=\"vKEkVd\" data-animation-atomic=\"\" data-sae=\"\">\u00a0<\/span><\/span><\/span><\/div>\n<div class=\"Y3BBE\" data-sfc-cp=\"\" data-hveid=\"CAEIChAA\" data-processed=\"true\" data-complete=\"true\"><span style=\"color: #000000;\">N\u1ebfu c\u00f3 nhu c\u1ea7u v\u1ec1 c\u00e1c m\u00e0u s\u1eafc kh\u00e1c c\u1ee7a d\u00f2ng Moderva, b\u1ea1n c\u00f3 th\u1ec3 tham kh\u1ea3o c\u00e1c m\u00e3 t\u01b0\u01a1ng t\u1ef1 nh\u01b0:<\/span><\/div>\n<ul class=\"KsbFXc U6u95\" data-complete=\"true\" data-processed=\"true\">\n<li data-hveid=\"CAEICxAA\" data-complete=\"true\" data-sae=\"\"><span class=\"T286Pc\" style=\"color: #000000;\" data-sfc-cp=\"\" data-complete=\"true\"><strong class=\"Yjhzub\" data-complete=\"true\">WMF505MYZ-VN:<\/strong> B\u1ed9 c\u00f4ng t\u1eafc 3 panasonic 1 chi\u1ec1u m\u00e0u v\u00e0ng \u00e1nh kim.<\/span><\/li>\n<li data-hveid=\"CAEICxAB\" data-complete=\"true\" data-sae=\"\"><span class=\"T286Pc\" style=\"color: #000000;\" data-sfc-cp=\"\" data-complete=\"true\"><strong class=\"Yjhzub\" data-complete=\"true\">WMF505MYH-VN:<\/strong> B\u1ed9 c\u00f4ng t\u1eafc 3 panasonic 1 chi\u1ec1u m\u00e0u x\u00e1m \u00e1nh kim.<\/span><\/li>\n<\/ul>\n<p class=\"Y3BBE\" data-hveid=\"CAEICBAA\" data-complete=\"true\" data-processed=\"true\"><span style=\"font-size: 12pt; color: #000000;\"><strong>LI\u00caN H\u1ec6 : Hotline: 0935 228 204 ( Ms Lam )<\/strong><\/span><\/p>\n<p><span style=\"font-size: 12pt; color: #000000;\"><strong>Facebook:\u00a0<span style=\"color: #ff6600;\"><a style=\"color: #ff6600;\" href=\"https:\/\/www.facebook.com\/thietbidienlama\" target=\"_blank\" rel=\"noopener\">THI\u1ebeT\u00a0B\u1eca \u0110I\u1ec6N LAMA<\/a><\/span><\/strong><\/span><\/p>\n<p><span style=\"font-size: 12pt; color: #000000;\"><strong>Tiktok:\u00a0<span style=\"color: #ff6600;\"><a style=\"color: #ff6600;\" href=\"https:\/\/www.tiktok.com\/@thietbidienlama\" target=\"_blank\" rel=\"noopener\">THI\u1ebeT\u00a0B\u1eca \u0110I\u1ec6N LAMA<\/a><\/span><\/strong><\/span><\/p>","protected":false},"excerpt":{"rendered":"<p>B\u1ed9 C\u00f4ng T\u1eafc 3 Panasonic 1 chi\u1ec1u WMF505-VN D\u00f2ng Moderva B\u1ed9 c\u00f4ng t\u1eafc 3 Panasonic 1 chi\u1ec1u WMF505-VN thu\u1ed9c d\u00f2ng<\/p>","protected":false},"featured_media":12545,"comment_status":"closed","ping_status":"closed","template":"","meta":[],"product_brand":[],"product_cat":[856,903],"product_tag":[919],"class_list":{"0":"post-13289","1":"product","2":"type-product","3":"status-publish","4":"has-post-thumbnail","6":"product_cat-cong-tac-panasonic","7":"product_cat-cong-tac-panasonic-moderva","8":"product_tag-cong-tac-3-panasonic","10":"first","11":"instock","12":"sale","13":"shipping-taxable","14":"purchasable","15":"product-type-simple"},"_links":{"self":[{"href":"https:\/\/www.thietbidienlama.com\/en\/wp-json\/wp\/v2\/product\/13289","targetHints":{"allow":["GET"]}}],"collection":[{"href":"https:\/\/www.thietbidienlama.com\/en\/wp-json\/wp\/v2\/product"}],"about":[{"href":"https:\/\/www.thietbidienlama.com\/en\/wp-json\/wp\/v2\/types\/product"}],"replies":[{"embeddable":true,"href":"https:\/\/www.thietbidienlama.com\/en\/wp-json\/wp\/v2\/comments?post=13289"}],"version-history":[{"count":1,"href":"https:\/\/www.thietbidienlama.com\/en\/wp-json\/wp\/v2\/product\/13289\/revisions"}],"predecessor-version":[{"id":13290,"href":"https:\/\/www.thietbidienlama.com\/en\/wp-json\/wp\/v2\/product\/13289\/revisions\/13290"}],"wp:featuredmedia":[{"embeddable":true,"href":"https:\/\/www.thietbidienlama.com\/en\/wp-json\/wp\/v2\/media\/12545"}],"wp:attachment":[{"href":"https:\/\/www.thietbidienlama.com\/en\/wp-json\/wp\/v2\/media?parent=13289"}],"wp:term":[{"taxonomy":"product_brand","embeddable":true,"href":"https:\/\/www.thietbidienlama.com\/en\/wp-json\/wp\/v2\/product_brand?post=13289"},{"taxonomy":"product_cat","embeddable":true,"href":"https:\/\/www.thietbidienlama.com\/en\/wp-json\/wp\/v2\/product_cat?post=13289"},{"taxonomy":"product_tag","embeddable":true,"href":"https:\/\/www.thietbidienlama.com\/en\/wp-json\/wp\/v2\/product_tag?post=13289"}],"curies":[{"name":"wp","href":"https:\/\/api.w.org\/{rel}","templated":true}]}}