{"id":13284,"date":"2025-10-19T08:24:24","date_gmt":"2025-10-19T01:24:24","guid":{"rendered":"https:\/\/thietbidienlama.com\/?post_type=product&#038;p=13284"},"modified":"2025-10-19T11:37:08","modified_gmt":"2025-10-19T04:37:08","slug":"cong-tac-doi-panasonic-1-chieu","status":"publish","type":"product","link":"https:\/\/www.thietbidienlama.com\/en\/cong-tac-doi-panasonic-1-chieu\/","title":{"rendered":"B\u1ed9 C\u00f4ng T\u1eafc \u0110\u00f4i Panasonic 1 Chi\u1ec1u WMF503MYH-VN D\u00f2ng Moderva"},"content":{"rendered":"<h2 style=\"text-align: center;\"><span style=\"color: #000000;\">B\u1ed9 C\u00f4ng T\u1eafc \u0110\u00f4i Panasonic 1 Chi\u1ec1u WMF503MYH-VN D\u00f2ng Moderva<\/span><\/h2>\n<p class=\"Y3BBE\" data-hveid=\"CAEIAxAA\" data-complete=\"true\" data-processed=\"true\"><span style=\"font-size: 12pt; font-family: arial, helvetica, sans-serif; color: #000000;\">B\u1ed9 <\/span><span style=\"font-size: 12pt; font-family: arial, helvetica, sans-serif; color: #ff6600;\"><a style=\"color: #ff6600;\" href=\"https:\/\/thietbidienlama.com\/cong-tac-doi-panasonic-1-chieu\/\"><strong>c\u00f4ng t\u1eafc \u0111\u00f4i Panasonic 1 chi\u1ec1u<\/strong><\/a><\/span><span style=\"font-size: 12pt; font-family: arial, helvetica, sans-serif; color: #000000;\"> WMF503MYH-VN thu\u1ed9c d\u00f2ng s\u1ea3n ph\u1ea9m Moderva, n\u1ed5i b\u1eadt v\u1edbi <span style=\"color: #ff6600;\">m\u00e0u x\u00e1m \u00e1nh kim<\/span> sang tr\u1ecdng v\u00e0 thi\u1ebft k\u1ebf tinh t\u1ebf. \u0110\u00e2y l\u00e0 m\u1ed9t b\u1ed9 s\u1ea3n ph\u1ea9m ho\u00e0n ch\u1ec9nh, bao g\u1ed3m hai c\u00f4ng t\u1eafc \u0111\u01b0\u1ee3c t\u00edch h\u1ee3p tr\u00ean m\u1ed9t m\u1eb7t che, d\u00f9ng \u0111\u1ec3 \u0111i\u1ec1u khi\u1ec3n hai thi\u1ebft b\u1ecb \u0111i\u1ec7n ri\u00eang bi\u1ec7t.<\/span><\/p>\n<p data-hveid=\"CAEIAxAA\" data-complete=\"true\" data-processed=\"true\"><img fetchpriority=\"high\" decoding=\"async\" class=\"aligncenter wp-image-12561 size-medium\" src=\"http:\/\/thietbidienlama.com\/wp-content\/uploads\/2025\/02\/Bo-2-Cong-Tac-B-1-Chieu-Dong-Moderva-Mau-Xam-Anh-Kim-WMF503MYH-VN-Panasonic-300x300.jpg\" alt=\"B\u1ed9 C\u00f4ng T\u1eafc \u0110\u00f4i Panasonic 1 Chi\u1ec1u WMF503MYH-VN D\u00f2ng Moderva\" width=\"300\" height=\"300\" srcset=\"https:\/\/www.thietbidienlama.com\/wp-content\/uploads\/2025\/02\/Bo-2-Cong-Tac-B-1-Chieu-Dong-Moderva-Mau-Xam-Anh-Kim-WMF503MYH-VN-Panasonic-300x300.jpg 300w, https:\/\/www.thietbidienlama.com\/wp-content\/uploads\/2025\/02\/Bo-2-Cong-Tac-B-1-Chieu-Dong-Moderva-Mau-Xam-Anh-Kim-WMF503MYH-VN-Panasonic-150x150.jpg 150w, https:\/\/www.thietbidienlama.com\/wp-content\/uploads\/2025\/02\/Bo-2-Cong-Tac-B-1-Chieu-Dong-Moderva-Mau-Xam-Anh-Kim-WMF503MYH-VN-Panasonic-12x12.jpg 12w, https:\/\/www.thietbidienlama.com\/wp-content\/uploads\/2025\/02\/Bo-2-Cong-Tac-B-1-Chieu-Dong-Moderva-Mau-Xam-Anh-Kim-WMF503MYH-VN-Panasonic.jpg 500w\" sizes=\"(max-width: 300px) 100vw, 300px\" \/><\/p>\n<h3 class=\"otQkpb\" role=\"heading\" aria-level=\"3\" data-processed=\"true\" data-complete=\"true\"><strong><span style=\"font-size: 14pt; font-family: arial, helvetica, sans-serif; color: #000000;\">Th\u00f4ng tin chi ti\u1ebft<\/span><\/strong><\/h3>\n<ul class=\"KsbFXc U6u95\" data-complete=\"true\" data-processed=\"true\">\n<li data-hveid=\"CAEIBRAA\" data-complete=\"true\" data-sae=\"\"><span class=\"T286Pc\" style=\"font-size: 12pt; font-family: arial, helvetica, sans-serif; color: #000000;\" data-sfc-cp=\"\" data-complete=\"true\"><strong class=\"Yjhzub\" data-complete=\"true\">M\u00e3 s\u1ea3n ph\u1ea9m:<\/strong>\u00a0WMF503MYH-VN<\/span><\/li>\n<li data-hveid=\"CAEIBRAB\" data-complete=\"true\" data-sae=\"\"><span class=\"T286Pc\" style=\"font-size: 12pt; font-family: arial, helvetica, sans-serif; color: #000000;\" data-sfc-cp=\"\" data-complete=\"true\"><strong class=\"Yjhzub\" data-complete=\"true\">Th\u01b0\u01a1ng hi\u1ec7u:<\/strong>\u00a0Panasonic<\/span><\/li>\n<li data-hveid=\"CAEIBRAC\" data-complete=\"true\" data-sae=\"\"><span class=\"T286Pc\" style=\"font-size: 12pt; font-family: arial, helvetica, sans-serif; color: #000000;\" data-sfc-cp=\"\" data-complete=\"true\"><strong class=\"Yjhzub\" data-complete=\"true\">D\u00f2ng s\u1ea3n ph\u1ea9m:<\/strong>\u00a0Moderva (hay c\u00f2n g\u1ecdi l\u00e0 d\u00f2ng d\u00e0nh cho kh\u00e1ch s\u1ea1n, resort cao c\u1ea5p)<\/span><\/li>\n<li data-hveid=\"CAEIBRAD\" data-complete=\"true\" data-sae=\"\"><span class=\"T286Pc\" style=\"font-size: 12pt; font-family: arial, helvetica, sans-serif; color: #000000;\" data-sfc-cp=\"\" data-complete=\"true\"><strong class=\"Yjhzub\" data-complete=\"true\">Lo\u1ea1i c\u00f4ng t\u1eafc:<\/strong>\u00a0B\u1ed9 2 c\u00f4ng t\u1eafc B, 1 chi\u1ec1u<\/span><\/li>\n<li data-hveid=\"CAEIBRAE\" data-complete=\"true\" data-sae=\"\"><span class=\"T286Pc\" style=\"font-size: 12pt; font-family: arial, helvetica, sans-serif; color: #000000;\" data-sfc-cp=\"\" data-complete=\"true\"><strong class=\"Yjhzub\" data-complete=\"true\">M\u00e0u s\u1eafc:<\/strong>\u00a0X\u00e1m \u00e1nh kim (Metallic Grey)<\/span><\/li>\n<li data-hveid=\"CAEIBRAF\" data-complete=\"true\" data-sae=\"\"><span class=\"T286Pc\" style=\"font-size: 12pt; font-family: arial, helvetica, sans-serif; color: #000000;\" data-sfc-cp=\"\" data-complete=\"true\"><strong class=\"Yjhzub\" data-complete=\"true\">Thi\u1ebft k\u1ebf:<\/strong><\/span>\n<ul class=\"KsbFXc U6u95\" data-complete=\"true\">\n<li data-hveid=\"CAEIBRAG\" data-complete=\"true\" data-sae=\"\"><span class=\"T286Pc\" style=\"font-size: 12pt; font-family: arial, helvetica, sans-serif; color: #000000;\" data-sfc-cp=\"\" data-complete=\"true\">L\u1ea5y c\u1ea3m h\u1ee9ng t\u1eeb ph\u00edm \u0111\u00e0n piano.<\/span><\/li>\n<li data-hveid=\"CAEIBRAH\" data-complete=\"true\" data-sae=\"\"><span class=\"T286Pc\" style=\"font-size: 12pt; font-family: arial, helvetica, sans-serif; color: #000000;\" data-sfc-cp=\"\" data-complete=\"true\">Thi\u1ebft k\u1ebf m\u1eb7t ti\u1ebfp x\u00fac l\u1edbn, kh\u00f4ng vi\u1ec1n, t\u1ea1o c\u1ea3m gi\u00e1c v\u1eadn h\u00e0nh tho\u1ea3i m\u00e1i v\u00e0 t\u1ed1i \u0111a h\u00f3a kh\u00f4ng gian.<\/span><\/li>\n<li data-hveid=\"CAEIBRAI\" data-complete=\"true\" data-sae=\"\"><span class=\"T286Pc\" style=\"font-size: 12pt; font-family: arial, helvetica, sans-serif; color: #000000;\" data-sfc-cp=\"\" data-complete=\"true\">Ki\u1ec3u d\u00e1ng hi\u1ec7n \u0111\u1ea1i, t\u1ed1i gi\u1ea3n, ph\u00f9 h\u1ee3p v\u1edbi nhi\u1ec1u kh\u00f4ng gian n\u1ed9i th\u1ea5t.<\/span><\/li>\n<\/ul>\n<\/li>\n<li data-hveid=\"CAEIBRAJ\" data-complete=\"true\" data-sae=\"\"><span class=\"T286Pc\" style=\"font-size: 12pt; font-family: arial, helvetica, sans-serif; color: #000000;\" data-sfc-cp=\"\" data-complete=\"true\"><strong class=\"Yjhzub\" data-complete=\"true\">Ch\u1ea5t li\u1ec7u:<\/strong> S\u1eed d\u1ee5ng ch\u1ea5t li\u1ec7u cao c\u1ea5p, \u0111\u1ea3m b\u1ea3o \u0111\u1ed9 b\u1ec1n v\u00e0 v\u1ebb \u0111\u1eb9p l\u00e2u d\u00e0i.<\/span><\/li>\n<\/ul>\n<p>&nbsp;<\/p>\n<h3><span style=\"font-size: 14pt;\"><strong class=\"Yjhzub\" style=\"color: #000000; font-family: arial, helvetica, sans-serif;\" data-complete=\"true\">Th\u00f4ng s\u1ed1 k\u1ef9 thu\u1eadt:<\/strong><\/span><\/h3>\n<ul class=\"KsbFXc U6u95\" data-complete=\"true\">\n<li data-hveid=\"CAEIBRAL\" data-complete=\"true\" data-sae=\"\"><span class=\"T286Pc\" style=\"font-size: 12pt; font-family: arial, helvetica, sans-serif; color: #000000;\" data-sfc-cp=\"\" data-complete=\"true\"><strong class=\"Yjhzub\" data-complete=\"true\">\u0110i\u1ec7n \u00e1p \u0111\u1ecbnh m\u1ee9c:<\/strong>\u00a0250V<\/span><\/li>\n<li data-hveid=\"CAEIBRAM\" data-complete=\"true\" data-sae=\"\"><span class=\"T286Pc\" style=\"font-size: 12pt; font-family: arial, helvetica, sans-serif; color: #000000;\" data-sfc-cp=\"\" data-complete=\"true\"><strong class=\"Yjhzub\" data-complete=\"true\">D\u00f2ng \u0111i\u1ec7n \u0111\u1ecbnh m\u1ee9c:<\/strong>\u00a010A<\/span><\/li>\n<li data-hveid=\"CAEIBRAN\" data-complete=\"true\" data-sae=\"\"><span class=\"T286Pc\" style=\"font-size: 12pt; font-family: arial, helvetica, sans-serif; color: #000000;\" data-sfc-cp=\"\" data-complete=\"true\"><strong class=\"Yjhzub\" data-complete=\"true\">K\u00edch th\u01b0\u1edbc:<\/strong>\u00a0Vu\u00f4ng 86x86mm<\/span><\/li>\n<\/ul>\n<ul class=\"KsbFXc U6u95\" data-complete=\"true\" data-processed=\"true\">\n<li data-hveid=\"CAEIBRAO\" data-complete=\"true\" data-sae=\"\"><span style=\"font-size: 12pt; font-family: arial, helvetica, sans-serif; color: #000000;\"><span class=\"T286Pc\" data-sfc-cp=\"\" data-complete=\"true\"><strong class=\"Yjhzub\" data-complete=\"true\">Ki\u1ec3u l\u1eafp \u0111\u1eb7t:<\/strong>\u00a0B\u1eaft v\u00edt<\/span><span class=\"uJ19be notranslate\" data-wiz-uids=\"otTcrc_1u,otTcrc_1v\" data-complete=\"true\"><span class=\"vKEkVd\" data-animation-atomic=\"\" data-sae=\"\">\u00a0<\/span><\/span><\/span><\/li>\n<\/ul>\n<h3 class=\"otQkpb\" role=\"heading\" aria-level=\"3\" data-complete=\"true\" data-processed=\"true\"><span style=\"font-size: 14pt;\"><strong><span style=\"font-family: arial, helvetica, sans-serif; color: #000000;\">\u1ee8ng d\u1ee5ng<\/span><\/strong><\/span><\/h3>\n<p class=\"Y3BBE\" data-hveid=\"CAEIBxAA\" data-complete=\"true\" data-processed=\"true\"><span style=\"font-size: 12pt; font-family: arial, helvetica, sans-serif; color: #000000;\">V\u1edbi thi\u1ebft k\u1ebf cao c\u1ea5p v\u00e0 m\u00e0u s\u1eafc tinh t\u1ebf, s\u1ea3n ph\u1ea9m <strong>c\u00f4ng t\u1eafc \u0111\u00f4i panasonic 1 chi\u1ec1u<\/strong> WMF503MYH-VN th\u01b0\u1eddng \u0111\u01b0\u1ee3c s\u1eed d\u1ee5ng trong c\u00e1c kh\u00f4ng gian sang tr\u1ecdng nh\u01b0:<\/span><\/p>\n<ul class=\"KsbFXc U6u95\" data-complete=\"true\" data-processed=\"true\">\n<li data-hveid=\"CAEICBAA\" data-complete=\"true\" data-sae=\"\"><span class=\"T286Pc\" style=\"font-size: 12pt; font-family: arial, helvetica, sans-serif; color: #000000;\" data-sfc-cp=\"\" data-complete=\"true\">Kh\u00e1ch s\u1ea1n, khu ngh\u1ec9 d\u01b0\u1ee1ng cao c\u1ea5p<\/span><\/li>\n<li data-hveid=\"CAEICBAB\" data-complete=\"true\" data-sae=\"\"><span class=\"T286Pc\" style=\"font-size: 12pt; font-family: arial, helvetica, sans-serif; color: #000000;\" data-sfc-cp=\"\" data-complete=\"true\">C\u0103n h\u1ed9, v\u0103n ph\u00f2ng hi\u1ec7n \u0111\u1ea1i<\/span><\/li>\n<li data-hveid=\"CAEICBAC\" data-complete=\"true\" data-sae=\"\"><span class=\"T286Pc\" style=\"font-size: 12pt; font-family: arial, helvetica, sans-serif; color: #000000;\" data-sfc-cp=\"\" data-complete=\"true\">C\u00e1c c\u00f4ng tr\u00ecnh d\u00e2n d\u1ee5ng \u0111\u00f2i h\u1ecfi t\u00ednh th\u1ea9m m\u1ef9 cao.<\/span><\/li>\n<\/ul>\n<h3 class=\"otQkpb\" role=\"heading\" aria-level=\"3\" data-processed=\"true\" data-complete=\"true\"><span style=\"font-size: 14pt; font-family: arial, helvetica, sans-serif; color: #000000;\">Ph\u00e2n bi\u1ec7t v\u1edbi m\u00e3 kh\u00e1c<\/span><\/h3>\n<p class=\"Y3BBE\" data-hveid=\"CAEIChAA\" data-complete=\"true\" data-processed=\"true\"><span style=\"font-size: 12pt; font-family: arial, helvetica, sans-serif; color: #000000;\"><span class=\"T286Pc\" data-sfc-cp=\"\" data-complete=\"true\" data-processed=\"true\">B\u1ea1n c\u00f3 th\u1ec3 th\u1ea5y c\u00e1c m\u00e3 t\u01b0\u01a1ng t\u1ef1 nh\u01b0 <strong>c\u00f4ng t\u1eafc \u0111\u00f4i panasonic 1 chi\u1ec1u <\/strong>WMF503MYZ-VN\u00a0(m\u00e0u v\u00e0ng \u00e1nh kim) ho\u1eb7c\u00a0WMF503-VN\u00a0(m\u00e0u tr\u1eafng tuy\u1ebft) thu\u1ed9c c\u00f9ng d\u00f2ng Moderva, nh\u01b0ng kh\u00e1c nhau v\u1ec1 m\u00e0u s\u1eafc<\/span>.<\/span><\/p>\n<p data-hveid=\"CAEIChAA\" data-complete=\"true\" data-processed=\"true\">\n<p class=\"Y3BBE\" data-hveid=\"CAEICBAA\" data-complete=\"true\" data-processed=\"true\"><span style=\"font-size: 12pt; color: #000000;\"><strong>LI\u00caN H\u1ec6 : Hotline: 0935 228 204 ( Ms Lam )<\/strong><\/span><\/p>\n<p><span style=\"font-size: 12pt; color: #000000;\"><strong>Facebook:\u00a0<span style=\"color: #ff6600;\"><a style=\"color: #ff6600;\" href=\"https:\/\/www.facebook.com\/thietbidienlama\" target=\"_blank\" rel=\"noopener\">THI\u1ebeT\u00a0B\u1eca \u0110I\u1ec6N LAMA<\/a><\/span><\/strong><\/span><\/p>\n<p><span style=\"font-size: 12pt; color: #000000;\"><strong>Tiktok:\u00a0<span style=\"color: #ff6600;\"><a style=\"color: #ff6600;\" href=\"https:\/\/www.tiktok.com\/@thietbidienlama\" target=\"_blank\" rel=\"noopener\">THI\u1ebeT\u00a0B\u1eca \u0110I\u1ec6N LAMA<\/a><\/span><\/strong><\/span><\/p>","protected":false},"excerpt":{"rendered":"<p>B\u1ed9 C\u00f4ng T\u1eafc \u0110\u00f4i Panasonic 1 Chi\u1ec1u WMF503MYH-VN D\u00f2ng Moderva B\u1ed9 c\u00f4ng t\u1eafc \u0111\u00f4i Panasonic 1 chi\u1ec1u WMF503MYH-VN thu\u1ed9c d\u00f2ng<\/p>","protected":false},"featured_media":12561,"comment_status":"closed","ping_status":"closed","template":"","meta":[],"product_brand":[],"product_cat":[856,903],"product_tag":[918],"class_list":{"0":"post-13284","1":"product","2":"type-product","3":"status-publish","4":"has-post-thumbnail","6":"product_cat-cong-tac-panasonic","7":"product_cat-cong-tac-panasonic-moderva","8":"product_tag-cong-tac-doi-panasonic-1-chieu","10":"first","11":"instock","12":"sale","13":"shipping-taxable","14":"purchasable","15":"product-type-simple"},"_links":{"self":[{"href":"https:\/\/www.thietbidienlama.com\/en\/wp-json\/wp\/v2\/product\/13284","targetHints":{"allow":["GET"]}}],"collection":[{"href":"https:\/\/www.thietbidienlama.com\/en\/wp-json\/wp\/v2\/product"}],"about":[{"href":"https:\/\/www.thietbidienlama.com\/en\/wp-json\/wp\/v2\/types\/product"}],"replies":[{"embeddable":true,"href":"https:\/\/www.thietbidienlama.com\/en\/wp-json\/wp\/v2\/comments?post=13284"}],"version-history":[{"count":4,"href":"https:\/\/www.thietbidienlama.com\/en\/wp-json\/wp\/v2\/product\/13284\/revisions"}],"predecessor-version":[{"id":13288,"href":"https:\/\/www.thietbidienlama.com\/en\/wp-json\/wp\/v2\/product\/13284\/revisions\/13288"}],"wp:featuredmedia":[{"embeddable":true,"href":"https:\/\/www.thietbidienlama.com\/en\/wp-json\/wp\/v2\/media\/12561"}],"wp:attachment":[{"href":"https:\/\/www.thietbidienlama.com\/en\/wp-json\/wp\/v2\/media?parent=13284"}],"wp:term":[{"taxonomy":"product_brand","embeddable":true,"href":"https:\/\/www.thietbidienlama.com\/en\/wp-json\/wp\/v2\/product_brand?post=13284"},{"taxonomy":"product_cat","embeddable":true,"href":"https:\/\/www.thietbidienlama.com\/en\/wp-json\/wp\/v2\/product_cat?post=13284"},{"taxonomy":"product_tag","embeddable":true,"href":"https:\/\/www.thietbidienlama.com\/en\/wp-json\/wp\/v2\/product_tag?post=13284"}],"curies":[{"name":"wp","href":"https:\/\/api.w.org\/{rel}","templated":true}]}}