{"id":13282,"date":"2025-10-19T08:23:16","date_gmt":"2025-10-19T01:23:16","guid":{"rendered":"https:\/\/thietbidienlama.com\/?post_type=product&#038;p=13282"},"modified":"2025-10-19T08:23:16","modified_gmt":"2025-10-19T01:23:16","slug":"cong-tac-doi-1-chieu-panasonic","status":"publish","type":"product","link":"https:\/\/www.thietbidienlama.com\/en\/cong-tac-doi-1-chieu-panasonic\/","title":{"rendered":"B\u1ed9 C\u00f4ng T\u1eafc \u0110\u00f4i 1 Chi\u1ec1u Panasonic WMF503MYZ-VN D\u00f2ng Moderva"},"content":{"rendered":"<h2 style=\"text-align: center;\" data-hveid=\"CAMQAA\" data-complete=\"true\" data-processed=\"true\"><span style=\"color: #000000;\">B\u1ed9 C\u00f4ng T\u1eafc \u0110\u00f4i 1 Chi\u1ec1u Panasonic WMF503MYZ-VN D\u00f2ng Moderva<\/span><\/h2>\n<p class=\"Y3BBE\" data-hveid=\"CAMQAA\" data-complete=\"true\" data-processed=\"true\"><span style=\"font-size: 12pt; font-family: arial, helvetica, sans-serif; color: #000000;\">B\u1ed9 <span style=\"color: #ff6600;\"><a style=\"color: #ff6600;\" href=\"https:\/\/thietbidienlama.com\/cong-tac-doi-1-chieu-panasonic\/\"><strong>c\u00f4ng t\u1eafc \u0111\u00f4i 1 chi\u1ec1u Panasonic<\/strong><\/a><\/span> WMF503MYZ-VN thu\u1ed9c d\u00f2ng s\u1ea3n ph\u1ea9m Moderva, n\u1ed5i b\u1eadt v\u1edbi thi\u1ebft k\u1ebf tinh t\u1ebf v\u00e0 hi\u1ec7n \u0111\u1ea1i. \u0110\u00e2y l\u00e0 m\u1ed9t b\u1ed9 g\u1ed3m hai c\u00f4ng t\u1eafc, \u0111\u01b0\u1ee3c thi\u1ebft k\u1ebf \u0111\u1ec3 \u0111i\u1ec1u khi\u1ec3n hai thi\u1ebft b\u1ecb \u0111i\u1ec7n ri\u00eang bi\u1ec7t.<\/span><\/p>\n<p class=\"Fsg96\" data-complete=\"true\" data-processed=\"true\"><img fetchpriority=\"high\" decoding=\"async\" class=\"aligncenter wp-image-12560 size-medium\" src=\"http:\/\/thietbidienlama.com\/wp-content\/uploads\/2025\/02\/Bo-2-Cong-Tac-B-1-Chieu-Dong-Moderva-Mau-Vang-Anh-Kim-WMF503MYZ-VN-Panasonic-300x300.jpg\" alt=\"B\u1ed9 C\u00f4ng T\u1eafc \u0110\u00f4i 1 Chi\u1ec1u Panasonic WMF503MYZ-VN D\u00f2ng Moderva\" width=\"300\" height=\"300\" srcset=\"https:\/\/www.thietbidienlama.com\/wp-content\/uploads\/2025\/02\/Bo-2-Cong-Tac-B-1-Chieu-Dong-Moderva-Mau-Vang-Anh-Kim-WMF503MYZ-VN-Panasonic-300x300.jpg 300w, https:\/\/www.thietbidienlama.com\/wp-content\/uploads\/2025\/02\/Bo-2-Cong-Tac-B-1-Chieu-Dong-Moderva-Mau-Vang-Anh-Kim-WMF503MYZ-VN-Panasonic-150x150.jpg 150w, https:\/\/www.thietbidienlama.com\/wp-content\/uploads\/2025\/02\/Bo-2-Cong-Tac-B-1-Chieu-Dong-Moderva-Mau-Vang-Anh-Kim-WMF503MYZ-VN-Panasonic-12x12.jpg 12w, https:\/\/www.thietbidienlama.com\/wp-content\/uploads\/2025\/02\/Bo-2-Cong-Tac-B-1-Chieu-Dong-Moderva-Mau-Vang-Anh-Kim-WMF503MYZ-VN-Panasonic.jpg 500w\" sizes=\"(max-width: 300px) 100vw, 300px\" \/><\/p>\n<h3 class=\"otQkpb\" role=\"heading\" aria-level=\"3\" data-processed=\"true\" data-complete=\"true\"><span style=\"font-size: 14pt; font-family: arial, helvetica, sans-serif; color: #000000;\">Th\u00f4ng s\u1ed1 k\u1ef9 thu\u1eadt<\/span><\/h3>\n<ul class=\"KsbFXc U6u95\" data-complete=\"true\" data-processed=\"true\">\n<li data-hveid=\"CAUQAA\" data-complete=\"true\" data-sae=\"\"><span class=\"T286Pc\" style=\"font-size: 12pt; font-family: arial, helvetica, sans-serif; color: #000000;\" data-sfc-cp=\"\" data-complete=\"true\"><strong class=\"Yjhzub\" data-complete=\"true\">M\u00e3 s\u1ea3n ph\u1ea9m:<\/strong>\u00a0<span style=\"color: #ff6600;\"><strong>WMF503MYZ-VN<\/strong><\/span><\/span><\/li>\n<li data-hveid=\"CAUQAQ\" data-complete=\"true\" data-sae=\"\"><span class=\"T286Pc\" style=\"font-size: 12pt; font-family: arial, helvetica, sans-serif; color: #000000;\" data-sfc-cp=\"\" data-complete=\"true\"><strong class=\"Yjhzub\" data-complete=\"true\">Th\u01b0\u01a1ng hi\u1ec7u:<\/strong>\u00a0Panasonic<\/span><\/li>\n<li data-hveid=\"CAUQAg\" data-complete=\"true\" data-sae=\"\"><span class=\"T286Pc\" style=\"font-size: 12pt; font-family: arial, helvetica, sans-serif; color: #000000;\" data-sfc-cp=\"\" data-complete=\"true\"><strong class=\"Yjhzub\" data-complete=\"true\">D\u00f2ng s\u1ea3n ph\u1ea9m:<\/strong>\u00a0Moderva<\/span><\/li>\n<li data-hveid=\"CAUQAw\" data-complete=\"true\" data-sae=\"\"><span class=\"T286Pc\" style=\"font-size: 12pt; font-family: arial, helvetica, sans-serif; color: #000000;\" data-sfc-cp=\"\" data-complete=\"true\"><strong class=\"Yjhzub\" data-complete=\"true\">Lo\u1ea1i c\u00f4ng t\u1eafc:<\/strong>\u00a0B\u1ed9 2 c\u00f4ng t\u1eafc B, 1 chi\u1ec1u<\/span><\/li>\n<li data-hveid=\"CAUQBA\" data-complete=\"true\" data-sae=\"\"><span class=\"T286Pc\" style=\"font-size: 12pt; font-family: arial, helvetica, sans-serif; color: #000000;\" data-sfc-cp=\"\" data-complete=\"true\"><strong class=\"Yjhzub\" data-complete=\"true\">Ki\u1ec3u l\u1eafp \u0111\u1eb7t:<\/strong>\u00a0B\u1eaft v\u00edt<\/span><\/li>\n<li data-hveid=\"CAUQBQ\" data-complete=\"true\" data-sae=\"\"><span class=\"T286Pc\" style=\"font-size: 12pt; font-family: arial, helvetica, sans-serif; color: #000000;\" data-sfc-cp=\"\" data-complete=\"true\"><strong class=\"Yjhzub\" data-complete=\"true\">M\u00e0u s\u1eafc:<\/strong>\u00a0<span style=\"color: #ff6600;\"><strong>V\u00e0ng \u00e1nh kim<\/strong><\/span><\/span><\/li>\n<li data-hveid=\"CAUQBg\" data-complete=\"true\" data-sae=\"\"><span class=\"T286Pc\" style=\"font-size: 12pt; font-family: arial, helvetica, sans-serif; color: #000000;\" data-sfc-cp=\"\" data-complete=\"true\"><strong class=\"Yjhzub\" data-complete=\"true\">\u0110i\u1ec7n \u00e1p \u0111\u1ecbnh m\u1ee9c:<\/strong>\u00a0250VAC<\/span><\/li>\n<li data-hveid=\"CAUQBw\" data-complete=\"true\" data-sae=\"\"><span class=\"T286Pc\" style=\"font-size: 12pt; font-family: arial, helvetica, sans-serif; color: #000000;\" data-sfc-cp=\"\" data-complete=\"true\"><strong class=\"Yjhzub\" data-complete=\"true\">D\u00f2ng \u0111i\u1ec7n \u0111\u1ecbnh m\u1ee9c:<\/strong>\u00a010A<\/span><\/li>\n<li data-hveid=\"CAUQCA\" data-complete=\"true\" data-sae=\"\"><span class=\"T286Pc\" style=\"font-size: 12pt; font-family: arial, helvetica, sans-serif; color: #000000;\" data-sfc-cp=\"\" data-complete=\"true\"><strong class=\"Yjhzub\" data-complete=\"true\">Ch\u1ea5t li\u1ec7u:<\/strong>\u00a0Nh\u1ef1a Urea Resin cao c\u1ea5p, c\u00f3 l\u1edbp s\u01a1n d\u00e0y, b\u00f3ng.<\/span><\/li>\n<li data-hveid=\"CAUQCQ\" data-complete=\"true\" data-sae=\"\"><span class=\"T286Pc\" style=\"font-size: 12pt; font-family: arial, helvetica, sans-serif; color: #000000;\" data-sfc-cp=\"\" data-complete=\"true\"><strong class=\"Yjhzub\" data-complete=\"true\">Ti\u00eau chu\u1ea9n:<\/strong>\u00a0IEC 60669-1<\/span><\/li>\n<li data-hveid=\"CAUQCg\" data-complete=\"true\" data-sae=\"\"><span class=\"T286Pc\" style=\"font-size: 12pt; font-family: arial, helvetica, sans-serif; color: #000000;\" data-sfc-cp=\"\" data-complete=\"true\"><strong class=\"Yjhzub\" data-complete=\"true\">B\u1ea3o h\u00e0nh:<\/strong>\u00a0Ch\u00ednh h\u00e3ng 12 th\u00e1ng.<\/span><\/li>\n<\/ul>\n<p class=\"Fsg96\" data-complete=\"true\" data-processed=\"true\">\n<h3 class=\"otQkpb\" role=\"heading\" aria-level=\"3\" data-processed=\"true\" data-complete=\"true\"><span style=\"font-size: 14pt;\"><strong><span style=\"font-family: arial, helvetica, sans-serif; color: #000000;\">\u0110\u1eb7c \u0111i\u1ec3m n\u1ed5i b\u1eadt<\/span><\/strong><\/span><\/h3>\n<ul class=\"KsbFXc U6u95\" data-complete=\"true\" data-processed=\"true\">\n<li data-hveid=\"CAcQAA\" data-complete=\"true\" data-sae=\"\"><span class=\"T286Pc\" style=\"font-size: 12pt; font-family: arial, helvetica, sans-serif; color: #000000;\" data-sfc-cp=\"\" data-complete=\"true\"><strong class=\"Yjhzub\" data-complete=\"true\">Thi\u1ebft k\u1ebf hi\u1ec7n \u0111\u1ea1i:<\/strong>\u00a0L\u1ea5y c\u1ea3m h\u1ee9ng t\u1eeb ph\u00edm \u0111\u00e0n piano, c\u00f4ng t\u1eafc Moderva c\u00f3 m\u1eb7t ti\u1ebfp x\u00fac l\u1edbn, kh\u00f4ng vi\u1ec1n, t\u1ea1o c\u1ea3m gi\u00e1c v\u1eadn h\u00e0nh ho\u00e0n h\u1ea3o v\u00e0 mang \u0111\u1ebfn v\u1ebb \u0111\u1eb9p t\u1ed1i gi\u1ea3n, sang tr\u1ecdng cho kh\u00f4ng gian n\u1ed9i th\u1ea5t.<\/span><\/li>\n<li data-hveid=\"CAcQAQ\" data-complete=\"true\" data-sae=\"\"><span class=\"T286Pc\" style=\"font-size: 12pt; font-family: arial, helvetica, sans-serif; color: #000000;\" data-sfc-cp=\"\" data-complete=\"true\"><strong class=\"Yjhzub\" data-complete=\"true\">Ch\u1ea5t l\u01b0\u1ee3ng cao:<\/strong>\u00a0S\u1ea3n ph\u1ea9m s\u1eed d\u1ee5ng ch\u1ea5t li\u1ec7u cao c\u1ea5p, \u0111\u1ea3m b\u1ea3o \u0111\u1ed9 b\u1ec1n v\u00e0 an to\u00e0n khi s\u1eed d\u1ee5ng.<\/span><\/li>\n<li data-hveid=\"CAcQAg\" data-complete=\"true\" data-sae=\"\"><span class=\"T286Pc\" style=\"font-size: 12pt; font-family: arial, helvetica, sans-serif; color: #000000;\" data-sfc-cp=\"\" data-complete=\"true\"><strong class=\"Yjhzub\" data-complete=\"true\">D\u1ec5 d\u00e0ng l\u1eafp \u0111\u1eb7t:<\/strong>\u00a0C\u00f4ng t\u1eafc \u0111\u01b0\u1ee3c thi\u1ebft k\u1ebf \u0111\u1ec3 l\u1eafp \u0111\u1eb7t b\u1eb1ng c\u00e1ch b\u1eaft v\u00edt, thu\u1eadn ti\u1ec7n cho vi\u1ec7c thi c\u00f4ng.<\/span><\/li>\n<\/ul>\n<p>&nbsp;<\/p>\n<p class=\"Y3BBE\" data-hveid=\"CAEICBAA\" data-complete=\"true\" data-processed=\"true\"><span style=\"font-size: 12pt; color: #000000;\"><strong>LI\u00caN H\u1ec6 : Hotline: 0935 228 204 ( Ms Lam )<\/strong><\/span><\/p>\n<p><span style=\"font-size: 12pt; color: #000000;\"><strong>Facebook:\u00a0<span style=\"color: #ff6600;\"><a style=\"color: #ff6600;\" href=\"https:\/\/www.facebook.com\/thietbidienlama\" target=\"_blank\" rel=\"noopener\">THI\u1ebeT\u00a0B\u1eca \u0110I\u1ec6N LAMA<\/a><\/span><\/strong><\/span><\/p>\n<p><span style=\"font-size: 12pt; color: #000000;\"><strong>Tiktok:\u00a0<span style=\"color: #ff6600;\"><a style=\"color: #ff6600;\" href=\"https:\/\/www.tiktok.com\/@thietbidienlama\" target=\"_blank\" rel=\"noopener\">THI\u1ebeT\u00a0B\u1eca \u0110I\u1ec6N LAMA<\/a><\/span><\/strong><\/span><\/p>","protected":false},"excerpt":{"rendered":"<p>B\u1ed9 C\u00f4ng T\u1eafc \u0110\u00f4i 1 Chi\u1ec1u Panasonic WMF503MYZ-VN D\u00f2ng Moderva B\u1ed9 c\u00f4ng t\u1eafc \u0111\u00f4i 1 chi\u1ec1u Panasonic WMF503MYZ-VN thu\u1ed9c d\u00f2ng<\/p>","protected":false},"featured_media":12560,"comment_status":"closed","ping_status":"closed","template":"","meta":[],"product_brand":[],"product_cat":[856,903],"product_tag":[917],"class_list":{"0":"post-13282","1":"product","2":"type-product","3":"status-publish","4":"has-post-thumbnail","6":"product_cat-cong-tac-panasonic","7":"product_cat-cong-tac-panasonic-moderva","8":"product_tag-cong-tac-doi-1-chieu-panasonic","10":"first","11":"instock","12":"sale","13":"shipping-taxable","14":"purchasable","15":"product-type-simple"},"_links":{"self":[{"href":"https:\/\/www.thietbidienlama.com\/en\/wp-json\/wp\/v2\/product\/13282","targetHints":{"allow":["GET"]}}],"collection":[{"href":"https:\/\/www.thietbidienlama.com\/en\/wp-json\/wp\/v2\/product"}],"about":[{"href":"https:\/\/www.thietbidienlama.com\/en\/wp-json\/wp\/v2\/types\/product"}],"replies":[{"embeddable":true,"href":"https:\/\/www.thietbidienlama.com\/en\/wp-json\/wp\/v2\/comments?post=13282"}],"version-history":[{"count":1,"href":"https:\/\/www.thietbidienlama.com\/en\/wp-json\/wp\/v2\/product\/13282\/revisions"}],"predecessor-version":[{"id":13283,"href":"https:\/\/www.thietbidienlama.com\/en\/wp-json\/wp\/v2\/product\/13282\/revisions\/13283"}],"wp:featuredmedia":[{"embeddable":true,"href":"https:\/\/www.thietbidienlama.com\/en\/wp-json\/wp\/v2\/media\/12560"}],"wp:attachment":[{"href":"https:\/\/www.thietbidienlama.com\/en\/wp-json\/wp\/v2\/media?parent=13282"}],"wp:term":[{"taxonomy":"product_brand","embeddable":true,"href":"https:\/\/www.thietbidienlama.com\/en\/wp-json\/wp\/v2\/product_brand?post=13282"},{"taxonomy":"product_cat","embeddable":true,"href":"https:\/\/www.thietbidienlama.com\/en\/wp-json\/wp\/v2\/product_cat?post=13282"},{"taxonomy":"product_tag","embeddable":true,"href":"https:\/\/www.thietbidienlama.com\/en\/wp-json\/wp\/v2\/product_tag?post=13282"}],"curies":[{"name":"wp","href":"https:\/\/api.w.org\/{rel}","templated":true}]}}