{"id":13279,"date":"2025-10-18T15:12:36","date_gmt":"2025-10-18T08:12:36","guid":{"rendered":"https:\/\/thietbidienlama.com\/?post_type=product&#038;p=13279"},"modified":"2025-10-18T15:12:36","modified_gmt":"2025-10-18T08:12:36","slug":"bo-cong-tac-doi-panasonic","status":"publish","type":"product","link":"https:\/\/www.thietbidienlama.com\/en\/bo-cong-tac-doi-panasonic\/","title":{"rendered":"B\u1ed9 C\u00f4ng T\u1eafc \u0110\u00f4i Panasonic 1 Chi\u1ec1u WMF503-VN D\u00f2ng Moderva"},"content":{"rendered":"<h2 style=\"text-align: center;\"><span style=\"color: #000000;\">B\u1ed9 C\u00f4ng T\u1eafc \u0110\u00f4i Panasonic 1 Chi\u1ec1u WMF503-VN D\u00f2ng Moderva<\/span><\/h2>\n<p class=\"Y3BBE\" data-hveid=\"CAMQAA\" data-complete=\"true\" data-processed=\"true\"><span style=\"font-size: 12pt; font-family: arial, helvetica, sans-serif; color: #000000;\"><a href=\"https:\/\/thietbidienlama.com\/bo-cong-tac-doi-panasonic\/\"><span style=\"color: #ff6600;\"><strong>B\u1ed9<\/strong> <strong>C\u00f4ng T\u1eafc \u0110\u00f4i Panasonic<\/strong><\/span><\/a> 1 Chi\u1ec1u WMF503-VN thu\u1ed9c d\u00f2ng s\u1ea3n ph\u1ea9m Moderva, l\u00e0 lo\u1ea1i c\u00f4ng t\u1eafc \u0111\u00f4i (hai n\u00fat) d\u00f9ng cho hai thi\u1ebft b\u1ecb \u0111i\u1ec7n ri\u00eang bi\u1ec7t.<\/span><\/p>\n<p data-hveid=\"CAMQAA\" data-complete=\"true\" data-processed=\"true\"><img fetchpriority=\"high\" decoding=\"async\" class=\"aligncenter wp-image-12543 size-medium\" src=\"http:\/\/thietbidienlama.com\/wp-content\/uploads\/2025\/02\/Bo-2-Cong-Tac-B-1-Chieu-Dong-Moderva-Mau-Trang-WMF503-VN-Panasonic-300x300.jpg\" alt=\"B\u1ed9 C\u00f4ng T\u1eafc \u0110\u00f4i Panasonic 1 Chi\u1ec1u WMF503-VN D\u00f2ng Moderva\" width=\"300\" height=\"300\" srcset=\"https:\/\/www.thietbidienlama.com\/wp-content\/uploads\/2025\/02\/Bo-2-Cong-Tac-B-1-Chieu-Dong-Moderva-Mau-Trang-WMF503-VN-Panasonic-300x300.jpg 300w, https:\/\/www.thietbidienlama.com\/wp-content\/uploads\/2025\/02\/Bo-2-Cong-Tac-B-1-Chieu-Dong-Moderva-Mau-Trang-WMF503-VN-Panasonic-150x150.jpg 150w, https:\/\/www.thietbidienlama.com\/wp-content\/uploads\/2025\/02\/Bo-2-Cong-Tac-B-1-Chieu-Dong-Moderva-Mau-Trang-WMF503-VN-Panasonic-12x12.jpg 12w, https:\/\/www.thietbidienlama.com\/wp-content\/uploads\/2025\/02\/Bo-2-Cong-Tac-B-1-Chieu-Dong-Moderva-Mau-Trang-WMF503-VN-Panasonic.jpg 500w\" sizes=\"(max-width: 300px) 100vw, 300px\" \/><\/p>\n<p class=\"Y3BBE\" data-hveid=\"CAQQAA\" data-complete=\"true\" data-processed=\"true\"><span style=\"font-size: 12pt; font-family: arial, helvetica, sans-serif; color: #000000;\">D\u01b0\u1edbi \u0111\u00e2y l\u00e0 m\u1ed9t s\u1ed1 th\u00f4ng tin chi ti\u1ebft v\u1ec1 s\u1ea3n ph\u1ea9m n\u00e0y:<\/span><\/p>\n<ul class=\"KsbFXc U6u95\" data-processed=\"true\" data-complete=\"true\">\n<li data-hveid=\"CAUQAA\" data-complete=\"true\" data-sae=\"\"><span class=\"T286Pc\" style=\"font-size: 12pt; font-family: arial, helvetica, sans-serif; color: #000000;\" data-sfc-cp=\"\" data-complete=\"true\"><strong class=\"Yjhzub\" data-complete=\"true\">Thi\u1ebft k\u1ebf:<\/strong> S\u1ea3n ph\u1ea9m c\u00f3 m\u00e0u tr\u1eafng, mang phong c\u00e1ch t\u1ed1i gi\u1ea3n v\u00e0 tinh t\u1ebf, ph\u00f9 h\u1ee3p v\u1edbi nhi\u1ec1u kh\u00f4ng gian n\u1ed9i th\u1ea5t kh\u00e1c nhau.<\/span><\/li>\n<\/ul>\n<p>&nbsp;<\/p>\n<h3><span style=\"font-size: 14pt;\"><strong class=\"Yjhzub\" style=\"color: #000000; font-family: arial, helvetica, sans-serif;\" data-complete=\"true\">Th\u00f4ng s\u1ed1 k\u1ef9 thu\u1eadt:<\/strong><\/span><\/h3>\n<p>&nbsp;<\/p>\n<ul>\n<li style=\"list-style-type: none;\">\n<ul class=\"KsbFXc U6u95\" data-complete=\"true\">\n<li data-hveid=\"CAUQAg\" data-complete=\"true\" data-sae=\"\"><span class=\"T286Pc\" style=\"font-size: 12pt; font-family: arial, helvetica, sans-serif; color: #000000;\" data-sfc-cp=\"\" data-complete=\"true\"><strong class=\"Yjhzub\" data-complete=\"true\">Lo\u1ea1i c\u00f4ng t\u1eafc:<\/strong>\u00a0C\u00f4ng t\u1eafc \u0111\u00f4i, 1 chi\u1ec1u (10A).<\/span><\/li>\n<li data-hveid=\"CAUQAw\" data-complete=\"true\" data-sae=\"\"><span class=\"T286Pc\" style=\"font-size: 12pt; font-family: arial, helvetica, sans-serif; color: #000000;\" data-sfc-cp=\"\" data-complete=\"true\"><strong class=\"Yjhzub\" data-complete=\"true\">D\u00f2ng \u0111i\u1ec7n \u0111\u1ecbnh m\u1ee9c:<\/strong>\u00a010A.<\/span><\/li>\n<li data-hveid=\"CAUQBA\" data-complete=\"true\" data-sae=\"\"><span class=\"T286Pc\" style=\"font-size: 12pt; font-family: arial, helvetica, sans-serif; color: #000000;\" data-sfc-cp=\"\" data-complete=\"true\"><strong class=\"Yjhzub\" data-complete=\"true\">Ki\u1ec3u k\u1ebft n\u1ed1i:<\/strong>\u00a0B\u1eaft v\u00edt.<\/span><\/li>\n<\/ul>\n<\/li>\n<\/ul>\n<h3><span class=\"T286Pc\" style=\"font-size: 14pt; font-family: arial, helvetica, sans-serif; color: #000000;\" data-sfc-cp=\"\" data-complete=\"true\"><strong class=\"Yjhzub\" data-complete=\"true\">\u01afu \u0111i\u1ec3m:<\/strong><\/span><\/h3>\n<ul>\n<li style=\"list-style-type: none;\">\n<ul class=\"KsbFXc U6u95\" data-complete=\"true\">\n<li data-hveid=\"CAUQBg\" data-complete=\"true\" data-sae=\"\"><span class=\"T286Pc\" style=\"font-size: 12pt; font-family: arial, helvetica, sans-serif; color: #000000;\" data-sfc-cp=\"\" data-complete=\"true\"><strong class=\"Yjhzub\" data-complete=\"true\">Ch\u1ea5t l\u01b0\u1ee3ng cao:<\/strong>\u00a0S\u1ea3n ph\u1ea9m \u0111\u01b0\u1ee3c s\u1ea3n xu\u1ea5t b\u1edfi Panasonic, m\u1ed9t th\u01b0\u01a1ng hi\u1ec7u uy t\u00edn v\u1ec1 thi\u1ebft b\u1ecb \u0111i\u1ec7n, \u0111\u1ea3m b\u1ea3o ch\u1ea5t l\u01b0\u1ee3ng v\u00e0 \u0111\u1ed9 b\u1ec1n.<\/span><\/li>\n<li data-hveid=\"CAUQBw\" data-complete=\"true\" data-sae=\"\"><span class=\"T286Pc\" style=\"font-size: 12pt; font-family: arial, helvetica, sans-serif; color: #000000;\" data-sfc-cp=\"\" data-complete=\"true\"><strong class=\"Yjhzub\" data-complete=\"true\">An to\u00e0n:<\/strong>\u00a0\u0110\u01b0\u1ee3c thi\u1ebft k\u1ebf \u0111\u1ec3 \u0111\u1ea3m b\u1ea3o an to\u00e0n cho ng\u01b0\u1eddi s\u1eed d\u1ee5ng.<\/span><\/li>\n<li data-hveid=\"CAUQCA\" data-complete=\"true\" data-sae=\"\"><span class=\"T286Pc\" style=\"font-size: 12pt; font-family: arial, helvetica, sans-serif; color: #000000;\" data-sfc-cp=\"\" data-complete=\"true\"><strong class=\"Yjhzub\" data-complete=\"true\">Th\u1ea9m m\u1ef9:<\/strong>\u00a0Thi\u1ebft k\u1ebf hi\u1ec7n \u0111\u1ea1i, tinh t\u1ebf gi\u00fap t\u0103ng t\u00ednh th\u1ea9m m\u1ef9 cho ng\u00f4i nh\u00e0.<\/span><\/li>\n<\/ul>\n<\/li>\n<\/ul>\n<p>&nbsp;<\/p>\n<p><span class=\"T286Pc\" style=\"font-size: 12pt; font-family: arial, helvetica, sans-serif; color: #000000;\" data-sfc-cp=\"\" data-complete=\"true\"><strong class=\"Yjhzub\" data-complete=\"true\">\u1ee8ng d\u1ee5ng:<\/strong>\u00a0Th\u01b0\u1eddng \u0111\u01b0\u1ee3c s\u1eed d\u1ee5ng \u0111\u1ec3 \u0111i\u1ec1u khi\u1ec3n b\u1eadt\/t\u1eaft hai thi\u1ebft b\u1ecb chi\u1ebfu s\u00e1ng ho\u1eb7c thi\u1ebft b\u1ecb \u0111i\u1ec7n kh\u00e1c trong gia \u0111\u00ecnh ho\u1eb7c v\u0103n ph\u00f2ng.<\/span><\/p>\n<p>&nbsp;<\/p>\n<p class=\"Y3BBE\" data-hveid=\"CAEICBAA\" data-complete=\"true\" data-processed=\"true\"><span style=\"font-size: 12pt; color: #000000;\"><strong>LI\u00caN H\u1ec6 : Hotline: 0935 228 204 ( Ms Lam )<\/strong><\/span><\/p>\n<p><span style=\"font-size: 12pt; color: #000000;\"><strong>Facebook:\u00a0<span style=\"color: #ff6600;\"><a style=\"color: #ff6600;\" href=\"https:\/\/www.facebook.com\/thietbidienlama\" target=\"_blank\" rel=\"noopener\">THI\u1ebeT\u00a0B\u1eca \u0110I\u1ec6N LAMA<\/a><\/span><\/strong><\/span><\/p>\n<p><span style=\"font-size: 12pt; color: #000000;\"><strong>Tiktok:\u00a0<span style=\"color: #ff6600;\"><a style=\"color: #ff6600;\" href=\"https:\/\/www.tiktok.com\/@thietbidienlama\" target=\"_blank\" rel=\"noopener\">THI\u1ebeT\u00a0B\u1eca \u0110I\u1ec6N LAMA<\/a><\/span><\/strong><\/span><\/p>","protected":false},"excerpt":{"rendered":"<p>B\u1ed9 C\u00f4ng T\u1eafc \u0110\u00f4i Panasonic 1 Chi\u1ec1u WMF503-VN D\u00f2ng Moderva B\u1ed9 C\u00f4ng T\u1eafc \u0110\u00f4i Panasonic 1 Chi\u1ec1u WMF503-VN thu\u1ed9c d\u00f2ng<\/p>","protected":false},"featured_media":12543,"comment_status":"closed","ping_status":"closed","template":"","meta":[],"product_brand":[],"product_cat":[856,903],"product_tag":[916,915],"class_list":{"0":"post-13279","1":"product","2":"type-product","3":"status-publish","4":"has-post-thumbnail","6":"product_cat-cong-tac-panasonic","7":"product_cat-cong-tac-panasonic-moderva","8":"product_tag-bo-cong-tac-doi-panasonic","9":"product_tag-wmf503","11":"first","12":"instock","13":"sale","14":"shipping-taxable","15":"purchasable","16":"product-type-simple"},"_links":{"self":[{"href":"https:\/\/www.thietbidienlama.com\/en\/wp-json\/wp\/v2\/product\/13279","targetHints":{"allow":["GET"]}}],"collection":[{"href":"https:\/\/www.thietbidienlama.com\/en\/wp-json\/wp\/v2\/product"}],"about":[{"href":"https:\/\/www.thietbidienlama.com\/en\/wp-json\/wp\/v2\/types\/product"}],"replies":[{"embeddable":true,"href":"https:\/\/www.thietbidienlama.com\/en\/wp-json\/wp\/v2\/comments?post=13279"}],"version-history":[{"count":1,"href":"https:\/\/www.thietbidienlama.com\/en\/wp-json\/wp\/v2\/product\/13279\/revisions"}],"predecessor-version":[{"id":13281,"href":"https:\/\/www.thietbidienlama.com\/en\/wp-json\/wp\/v2\/product\/13279\/revisions\/13281"}],"wp:featuredmedia":[{"embeddable":true,"href":"https:\/\/www.thietbidienlama.com\/en\/wp-json\/wp\/v2\/media\/12543"}],"wp:attachment":[{"href":"https:\/\/www.thietbidienlama.com\/en\/wp-json\/wp\/v2\/media?parent=13279"}],"wp:term":[{"taxonomy":"product_brand","embeddable":true,"href":"https:\/\/www.thietbidienlama.com\/en\/wp-json\/wp\/v2\/product_brand?post=13279"},{"taxonomy":"product_cat","embeddable":true,"href":"https:\/\/www.thietbidienlama.com\/en\/wp-json\/wp\/v2\/product_cat?post=13279"},{"taxonomy":"product_tag","embeddable":true,"href":"https:\/\/www.thietbidienlama.com\/en\/wp-json\/wp\/v2\/product_tag?post=13279"}],"curies":[{"name":"wp","href":"https:\/\/api.w.org\/{rel}","templated":true}]}}