{"id":13274,"date":"2025-10-18T14:20:26","date_gmt":"2025-10-18T07:20:26","guid":{"rendered":"https:\/\/thietbidienlama.com\/?post_type=product&#038;p=13274"},"modified":"2025-10-18T14:20:26","modified_gmt":"2025-10-18T07:20:26","slug":"cong-tac-vuong-panasonic","status":"publish","type":"product","link":"https:\/\/www.thietbidienlama.com\/en\/cong-tac-vuong-panasonic\/","title":{"rendered":"B\u1ed9 1 C\u00f4ng T\u1eafc Vu\u00f4ng Panasonic 2 Chi\u1ec1u WMF502MYH-VN D\u00f2ng Moderva"},"content":{"rendered":"<h2 style=\"text-align: center;\"><span style=\"color: #000000;\">B\u1ed9 1 C\u00f4ng T\u1eafc Vu\u00f4ng Panasonic 2 Chi\u1ec1u WMF502MYH-VN D\u00f2ng Moderva<\/span><\/h2>\n<p class=\"Y3BBE\" data-hveid=\"CAEIAxAA\" data-complete=\"true\" data-processed=\"true\"><span style=\"font-size: 12pt; color: #000000; font-family: arial, helvetica, sans-serif;\">B\u1ed9 1 <a href=\"https:\/\/thietbidienlama.com\/cong-tac-vuong-panasonic\/\"><span style=\"color: #ff6600;\"><strong>c\u00f4ng t\u1eafc vu\u00f4ng Panasonic<\/strong><\/span><\/a> 2 chi\u1ec1u WMF502MYH-VN thu\u1ed9c d\u00f2ng Moderva, c\u00f3 thi\u1ebft k\u1ebf tinh t\u1ebf, hi\u1ec7n \u0111\u1ea1i v\u1edbi<span style=\"color: #ff6600;\"> m\u00e0u x\u00e1m \u00e1nh kim<\/span> sang tr\u1ecdng.<\/span><\/p>\n<p data-hveid=\"CAEIAxAA\" data-complete=\"true\" data-processed=\"true\"><img fetchpriority=\"high\" decoding=\"async\" class=\"aligncenter wp-image-12557 size-medium\" src=\"http:\/\/thietbidienlama.com\/wp-content\/uploads\/2025\/02\/Bo-1-Cong-Tac-C-2-Chieu-Dong-Moderva-Mau-Xam-Anh-Kim-WMF502MYH-VN-Panasonic-300x300.jpg\" alt=\"B\u1ed9 1 C\u00f4ng T\u1eafc Vu\u00f4ng Panasonic 2 Chi\u1ec1u WMF502MYH-VN D\u00f2ng Moderva\" width=\"300\" height=\"300\" srcset=\"https:\/\/www.thietbidienlama.com\/wp-content\/uploads\/2025\/02\/Bo-1-Cong-Tac-C-2-Chieu-Dong-Moderva-Mau-Xam-Anh-Kim-WMF502MYH-VN-Panasonic-300x300.jpg 300w, https:\/\/www.thietbidienlama.com\/wp-content\/uploads\/2025\/02\/Bo-1-Cong-Tac-C-2-Chieu-Dong-Moderva-Mau-Xam-Anh-Kim-WMF502MYH-VN-Panasonic-150x150.jpg 150w, https:\/\/www.thietbidienlama.com\/wp-content\/uploads\/2025\/02\/Bo-1-Cong-Tac-C-2-Chieu-Dong-Moderva-Mau-Xam-Anh-Kim-WMF502MYH-VN-Panasonic-12x12.jpg 12w, https:\/\/www.thietbidienlama.com\/wp-content\/uploads\/2025\/02\/Bo-1-Cong-Tac-C-2-Chieu-Dong-Moderva-Mau-Xam-Anh-Kim-WMF502MYH-VN-Panasonic.jpg 500w\" sizes=\"(max-width: 300px) 100vw, 300px\" \/><\/p>\n<h3 class=\"Y3BBE\" data-hveid=\"CAEIBBAA\" data-complete=\"true\" data-processed=\"true\"><span style=\"font-size: 14pt; color: #000000; font-family: arial, helvetica, sans-serif;\"><strong class=\"Yjhzub\" data-complete=\"true\" data-processed=\"true\">Th\u00f4ng s\u1ed1 k\u1ef9 thu\u1eadt<\/strong>:<\/span><\/h3>\n<p>&nbsp;<\/p>\n<ul class=\"KsbFXc U6u95\" data-complete=\"true\" data-processed=\"true\">\n<li data-hveid=\"CAEIBRAA\" data-complete=\"true\" data-sae=\"\"><span class=\"T286Pc\" style=\"font-size: 12pt; color: #000000; font-family: arial, helvetica, sans-serif;\" data-sfc-cp=\"\" data-complete=\"true\"><strong class=\"Yjhzub\" data-complete=\"true\">M\u00e3 s\u1ea3n ph\u1ea9m:<\/strong>\u00a0WMF502MYH-VN<\/span><\/li>\n<li data-hveid=\"CAEIBRAB\" data-complete=\"true\" data-sae=\"\"><span class=\"T286Pc\" style=\"font-size: 12pt; color: #000000; font-family: arial, helvetica, sans-serif;\" data-sfc-cp=\"\" data-complete=\"true\"><strong class=\"Yjhzub\" data-complete=\"true\">D\u00f2ng s\u1ea3n ph\u1ea9m:<\/strong>\u00a0Moderva (thi\u1ebft k\u1ebf l\u1ea5y c\u1ea3m h\u1ee9ng t\u1eeb ph\u00edm \u0111\u00e0n piano)<\/span><\/li>\n<li data-hveid=\"CAEIBRAC\" data-complete=\"true\" data-sae=\"\"><span class=\"T286Pc\" style=\"font-size: 12pt; color: #000000; font-family: arial, helvetica, sans-serif;\" data-sfc-cp=\"\" data-complete=\"true\"><strong class=\"Yjhzub\" data-complete=\"true\">M\u00e0u s\u1eafc:<\/strong>\u00a0X\u00e1m \u00e1nh kim (Metallic Grey)<\/span><\/li>\n<li data-hveid=\"CAEIBRAD\" data-complete=\"true\" data-sae=\"\"><span class=\"T286Pc\" style=\"font-size: 12pt; color: #000000; font-family: arial, helvetica, sans-serif;\" data-sfc-cp=\"\" data-complete=\"true\"><strong class=\"Yjhzub\" data-complete=\"true\">Lo\u1ea1i c\u00f4ng t\u1eafc:<\/strong>\u00a02 chi\u1ec1u (hay c\u00f2n g\u1ecdi l\u00e0 c\u00f4ng t\u1eafc C)<\/span><\/li>\n<li data-hveid=\"CAEIBRAE\" data-complete=\"true\" data-sae=\"\"><span class=\"T286Pc\" style=\"font-size: 12pt; color: #000000; font-family: arial, helvetica, sans-serif;\" data-sfc-cp=\"\" data-complete=\"true\"><strong class=\"Yjhzub\" data-complete=\"true\">S\u1ed1 l\u01b0\u1ee3ng c\u00f4ng t\u1eafc:<\/strong>\u00a01 c\u00f4ng t\u1eafc (\u0111\u01a1n)<\/span><\/li>\n<li data-hveid=\"CAEIBRAF\" data-complete=\"true\" data-sae=\"\"><span class=\"T286Pc\" style=\"font-size: 12pt; color: #000000; font-family: arial, helvetica, sans-serif;\" data-sfc-cp=\"\" data-complete=\"true\"><strong class=\"Yjhzub\" data-complete=\"true\">D\u00f2ng \u0111i\u1ec7n \u0111\u1ecbnh m\u1ee9c:<\/strong>\u00a010A<\/span><\/li>\n<li data-hveid=\"CAEIBRAG\" data-complete=\"true\" data-sae=\"\"><span class=\"T286Pc\" style=\"font-size: 12pt; color: #000000; font-family: arial, helvetica, sans-serif;\" data-sfc-cp=\"\" data-complete=\"true\"><strong class=\"Yjhzub\" data-complete=\"true\">\u0110i\u1ec7n \u00e1p \u0111\u1ecbnh m\u1ee9c:<\/strong>\u00a0250V<\/span><\/li>\n<li data-hveid=\"CAEIBRAH\" data-complete=\"true\" data-sae=\"\"><span class=\"T286Pc\" style=\"font-size: 12pt; color: #000000; font-family: arial, helvetica, sans-serif;\" data-sfc-cp=\"\" data-complete=\"true\"><strong class=\"Yjhzub\" data-complete=\"true\">Ph\u01b0\u01a1ng th\u1ee9c l\u1eafp \u0111\u1eb7t:<\/strong>\u00a0B\u1eaft v\u00edt<\/span><\/li>\n<li data-hveid=\"CAEIBRAI\" data-complete=\"true\" data-sae=\"\"><span class=\"T286Pc\" style=\"font-size: 12pt; color: #000000; font-family: arial, helvetica, sans-serif;\" data-sfc-cp=\"\" data-complete=\"true\"><strong class=\"Yjhzub\" data-complete=\"true\">Ch\u1ea5t li\u1ec7u:<\/strong>\u00a0Nh\u1ef1a cao c\u1ea5p Urea Resin, c\u00f3 l\u1edbp s\u01a1n d\u00e0y, b\u00f3ng, ch\u1ed1ng phai m\u00e0u.<\/span><\/li>\n<li data-hveid=\"CAEIBRAJ\" data-complete=\"true\" data-sae=\"\"><span class=\"T286Pc\" style=\"font-size: 12pt; color: #000000; font-family: arial, helvetica, sans-serif;\" data-sfc-cp=\"\" data-complete=\"true\"><strong class=\"Yjhzub\" data-complete=\"true\">K\u00edch th\u01b0\u1edbc:<\/strong>\u00a0Vu\u00f4ng (86 x 86mm)<\/span><\/li>\n<\/ul>\n<p>&nbsp;<\/p>\n<h3 class=\"Y3BBE\" data-hveid=\"CAEIBhAA\" data-complete=\"true\" data-processed=\"true\"><span style=\"font-size: 14pt; color: #000000; font-family: arial, helvetica, sans-serif;\"><strong class=\"Yjhzub\" data-complete=\"true\" data-processed=\"true\">\u0110\u1eb7c \u0111i\u1ec3m n\u1ed5i b\u1eadt<\/strong>:<\/span><\/h3>\n<p>&nbsp;<\/p>\n<ul class=\"KsbFXc U6u95\" data-complete=\"true\" data-processed=\"true\">\n<li data-hveid=\"CAEIBxAA\" data-complete=\"true\" data-sae=\"\"><span class=\"T286Pc\" style=\"font-size: 12pt; color: #000000; font-family: arial, helvetica, sans-serif;\" data-sfc-cp=\"\" data-complete=\"true\"><strong class=\"Yjhzub\" data-complete=\"true\">Thi\u1ebft k\u1ebf:<\/strong>\u00a0Ki\u1ec3u d\u00e1ng vu\u00f4ng, thanh m\u1ea3nh v\u1edbi g\u00f3c b\u1eadt\/t\u1eaft nh\u1ecf, t\u1ea1o c\u1ea3m gi\u00e1c tinh t\u1ebf v\u00e0 sang tr\u1ecdng cho kh\u00f4ng gian.<\/span><\/li>\n<li data-hveid=\"CAEIBxAB\" data-complete=\"true\" data-sae=\"\"><span class=\"T286Pc\" style=\"font-size: 12pt; color: #000000; font-family: arial, helvetica, sans-serif;\" data-sfc-cp=\"\" data-complete=\"true\"><strong class=\"Yjhzub\" data-complete=\"true\">Ch\u1ea5t l\u01b0\u1ee3ng:<\/strong>\u00a0V\u1eadt li\u1ec7u cao c\u1ea5p, ch\u1ed1ng ch\u00e1y, mang l\u1ea1i \u0111\u1ed9 b\u1ec1n v\u00e0 an to\u00e0n cao khi s\u1eed d\u1ee5ng.<\/span><\/li>\n<li data-hveid=\"CAEIBxAC\" data-complete=\"true\" data-sae=\"\"><span class=\"T286Pc\" style=\"font-size: 12pt; color: #000000; font-family: arial, helvetica, sans-serif;\" data-sfc-cp=\"\" data-complete=\"true\"><strong class=\"Yjhzub\" data-complete=\"true\">\u1ee8ng d\u1ee5ng:<\/strong>\u00a0Th\u00edch h\u1ee3p cho nhi\u1ec1u kh\u00f4ng gian n\u1ed9i th\u1ea5t kh\u00e1c nhau, t\u1eeb nh\u00e0 \u1edf \u0111\u1ebfn c\u00e1c c\u00f4ng tr\u00ecnh cao c\u1ea5p.<\/span><\/li>\n<\/ul>\n<p class=\"Y3BBE\" data-hveid=\"CAEICBAA\" data-complete=\"true\" data-processed=\"true\"><span style=\"font-size: 12pt; color: #000000; font-family: arial, helvetica, sans-serif;\"><strong class=\"Yjhzub\" data-complete=\"true\" data-processed=\"true\">L\u01b0u \u00fd:<\/strong><\/span><br data-serialized-params=\"[]\" data-complete=\"true\" data-processed=\"true\" \/><span style=\"font-size: 12pt; color: #000000; font-family: arial, helvetica, sans-serif;\">M\u00e3 s\u1ea3n ph\u1ea9m c\u00f4ng t\u1eafc vu\u00f4ng panasonic WMF502MYH-VN (x\u00e1m \u00e1nh kim) kh\u00e1c v\u1edbi WMF502MYZ-VN (v\u00e0ng \u00e1nh kim), ch\u1ec9 kh\u00e1c nhau v\u1ec1 m\u00e0u s\u1eafc.<\/span><\/p>\n<p data-hveid=\"CAEICBAA\" data-complete=\"true\" data-processed=\"true\">\n<p class=\"Y3BBE\" data-hveid=\"CAEICBAA\" data-complete=\"true\" data-processed=\"true\"><span style=\"font-size: 12pt; color: #000000;\"><strong>LI\u00caN H\u1ec6 : Hotline: 0935 228 204 ( Ms Lam )<\/strong><\/span><\/p>\n<p><span style=\"font-size: 12pt; color: #000000;\"><strong>Facebook:\u00a0<span style=\"color: #ff6600;\"><a style=\"color: #ff6600;\" href=\"https:\/\/www.facebook.com\/thietbidienlama\" target=\"_blank\" rel=\"noopener\">THI\u1ebeT\u00a0B\u1eca \u0110I\u1ec6N LAMA<\/a><\/span><\/strong><\/span><\/p>\n<p><span style=\"font-size: 12pt; color: #000000;\"><strong>Tiktok:\u00a0<span style=\"color: #ff6600;\"><a style=\"color: #ff6600;\" href=\"https:\/\/www.tiktok.com\/@thietbidienlama\" target=\"_blank\" rel=\"noopener\">THI\u1ebeT\u00a0B\u1eca \u0110I\u1ec6N LAMA<\/a><\/span><\/strong><\/span><\/p>","protected":false},"excerpt":{"rendered":"<p>B\u1ed9 1 C\u00f4ng T\u1eafc Vu\u00f4ng Panasonic 2 Chi\u1ec1u WMF502MYH-VN D\u00f2ng Moderva B\u1ed9 1 c\u00f4ng t\u1eafc vu\u00f4ng Panasonic 2 chi\u1ec1u WMF502MYH-VN<\/p>","protected":false},"featured_media":12557,"comment_status":"closed","ping_status":"closed","template":"","meta":[],"product_brand":[],"product_cat":[856,903],"product_tag":[908,914],"class_list":{"0":"post-13274","1":"product","2":"type-product","3":"status-publish","4":"has-post-thumbnail","6":"product_cat-cong-tac-panasonic","7":"product_cat-cong-tac-panasonic-moderva","8":"product_tag-cong-tac-vuong-panasonic","9":"product_tag-wmf502myh","11":"first","12":"instock","13":"sale","14":"shipping-taxable","15":"purchasable","16":"product-type-simple"},"_links":{"self":[{"href":"https:\/\/www.thietbidienlama.com\/en\/wp-json\/wp\/v2\/product\/13274","targetHints":{"allow":["GET"]}}],"collection":[{"href":"https:\/\/www.thietbidienlama.com\/en\/wp-json\/wp\/v2\/product"}],"about":[{"href":"https:\/\/www.thietbidienlama.com\/en\/wp-json\/wp\/v2\/types\/product"}],"replies":[{"embeddable":true,"href":"https:\/\/www.thietbidienlama.com\/en\/wp-json\/wp\/v2\/comments?post=13274"}],"version-history":[{"count":2,"href":"https:\/\/www.thietbidienlama.com\/en\/wp-json\/wp\/v2\/product\/13274\/revisions"}],"predecessor-version":[{"id":13280,"href":"https:\/\/www.thietbidienlama.com\/en\/wp-json\/wp\/v2\/product\/13274\/revisions\/13280"}],"wp:featuredmedia":[{"embeddable":true,"href":"https:\/\/www.thietbidienlama.com\/en\/wp-json\/wp\/v2\/media\/12557"}],"wp:attachment":[{"href":"https:\/\/www.thietbidienlama.com\/en\/wp-json\/wp\/v2\/media?parent=13274"}],"wp:term":[{"taxonomy":"product_brand","embeddable":true,"href":"https:\/\/www.thietbidienlama.com\/en\/wp-json\/wp\/v2\/product_brand?post=13274"},{"taxonomy":"product_cat","embeddable":true,"href":"https:\/\/www.thietbidienlama.com\/en\/wp-json\/wp\/v2\/product_cat?post=13274"},{"taxonomy":"product_tag","embeddable":true,"href":"https:\/\/www.thietbidienlama.com\/en\/wp-json\/wp\/v2\/product_tag?post=13274"}],"curies":[{"name":"wp","href":"https:\/\/api.w.org\/{rel}","templated":true}]}}