{"id":13271,"date":"2025-10-18T14:10:29","date_gmt":"2025-10-18T07:10:29","guid":{"rendered":"https:\/\/thietbidienlama.com\/?post_type=product&#038;p=13271"},"modified":"2025-10-18T14:10:29","modified_gmt":"2025-10-18T07:10:29","slug":"cong-tac-panasonic-vuong","status":"publish","type":"product","link":"https:\/\/www.thietbidienlama.com\/en\/cong-tac-panasonic-vuong\/","title":{"rendered":"B\u1ed9 1 C\u00f4ng T\u1eafc Panasonic Vu\u00f4ng 2 Chi\u1ec1u WMF502MYZ-VN D\u00f2ng Moderva"},"content":{"rendered":"<h2 style=\"text-align: center;\"><span style=\"color: #000000;\">B\u1ed9 1 C\u00f4ng T\u1eafc Panasonic Vu\u00f4ng 2 Chi\u1ec1u WMF502MYZ-VN D\u00f2ng Moderva<\/span><\/h2>\n<p class=\"Y3BBE\" data-hveid=\"CAMQAA\" data-complete=\"true\" data-processed=\"true\"><span style=\"font-size: 12pt; font-family: arial, helvetica, sans-serif; color: #000000;\">B\u1ed9 1 <strong><span style=\"color: #ff6600;\"><a style=\"color: #ff6600;\" href=\"https:\/\/thietbidienlama.com\/cong-tac-panasonic-vuong\/\">C\u00f4ng t\u1eafc Panasonic Vu\u00f4ng<\/a><\/span><\/strong> 2 Chi\u1ec1u WMF502MYZ-VN thu\u1ed9c d\u00f2ng Moderva, c\u00f3 <span style=\"color: #ff6600;\"><strong>m\u00e0u v\u00e0ng \u00e1nh kim<\/strong><\/span> sang tr\u1ecdng v\u00e0 thi\u1ebft k\u1ebf l\u1ea5y c\u1ea3m h\u1ee9ng t\u1eeb ph\u00edm \u0111\u00e0n piano hi\u1ec7n \u0111\u1ea1i.<\/span><\/p>\n<p data-hveid=\"CAMQAA\" data-complete=\"true\" data-processed=\"true\"><img fetchpriority=\"high\" decoding=\"async\" class=\"aligncenter wp-image-12556 size-medium\" src=\"http:\/\/thietbidienlama.com\/wp-content\/uploads\/2025\/02\/Bo-1-Cong-Tac-C-2-Chieu-Dong-Moderva-Mau-Vang-Anh-Kim-WMF502MYZ-VN-Panasonic-300x300.jpg\" alt=\"B\u1ed9 1 C\u00f4ng T\u1eafc Panasonic Vu\u00f4ng 2 Chi\u1ec1u WMF502MYZ-VN D\u00f2ng Moderva\" width=\"300\" height=\"300\" srcset=\"https:\/\/www.thietbidienlama.com\/wp-content\/uploads\/2025\/02\/Bo-1-Cong-Tac-C-2-Chieu-Dong-Moderva-Mau-Vang-Anh-Kim-WMF502MYZ-VN-Panasonic-300x300.jpg 300w, https:\/\/www.thietbidienlama.com\/wp-content\/uploads\/2025\/02\/Bo-1-Cong-Tac-C-2-Chieu-Dong-Moderva-Mau-Vang-Anh-Kim-WMF502MYZ-VN-Panasonic-150x150.jpg 150w, https:\/\/www.thietbidienlama.com\/wp-content\/uploads\/2025\/02\/Bo-1-Cong-Tac-C-2-Chieu-Dong-Moderva-Mau-Vang-Anh-Kim-WMF502MYZ-VN-Panasonic-12x12.jpg 12w, https:\/\/www.thietbidienlama.com\/wp-content\/uploads\/2025\/02\/Bo-1-Cong-Tac-C-2-Chieu-Dong-Moderva-Mau-Vang-Anh-Kim-WMF502MYZ-VN-Panasonic.jpg 500w\" sizes=\"(max-width: 300px) 100vw, 300px\" \/><\/p>\n<h3 class=\"Y3BBE\" data-hveid=\"CAQQAA\" data-complete=\"true\" data-processed=\"true\"><span style=\"font-size: 14pt; font-family: arial, helvetica, sans-serif; color: #000000;\"><strong class=\"Yjhzub\" data-complete=\"true\" data-processed=\"true\">Th\u00f4ng s\u1ed1 k\u1ef9 thu\u1eadt c\u00f4ng t\u1eafc panasonic vu\u00f4ng<\/strong>:<\/span><\/h3>\n<ul class=\"KsbFXc U6u95\" data-complete=\"true\" data-processed=\"true\">\n<li data-hveid=\"CAUQAA\" data-complete=\"true\" data-sae=\"\"><span class=\"T286Pc\" style=\"font-size: 12pt; font-family: arial, helvetica, sans-serif; color: #000000;\" data-sfc-cp=\"\" data-complete=\"true\"><strong class=\"Yjhzub\" data-complete=\"true\">M\u00e3 s\u1ea3n ph\u1ea9m:<\/strong>\u00a0WMF502MYZ-VN<\/span><\/li>\n<li data-hveid=\"CAUQAQ\" data-complete=\"true\" data-sae=\"\"><span class=\"T286Pc\" style=\"font-size: 12pt; font-family: arial, helvetica, sans-serif; color: #000000;\" data-sfc-cp=\"\" data-complete=\"true\"><strong class=\"Yjhzub\" data-complete=\"true\">D\u00f2ng s\u1ea3n ph\u1ea9m:<\/strong>\u00a0Moderva (th\u01b0\u1eddng \u0111\u01b0\u1ee3c s\u1eed d\u1ee5ng cho c\u00e1c c\u00f4ng tr\u00ecnh cao c\u1ea5p nh\u01b0 kh\u00e1ch s\u1ea1n)<\/span><\/li>\n<li data-hveid=\"CAUQAg\" data-complete=\"true\" data-sae=\"\"><span class=\"T286Pc\" style=\"font-size: 12pt; font-family: arial, helvetica, sans-serif; color: #000000;\" data-sfc-cp=\"\" data-complete=\"true\"><strong class=\"Yjhzub\" data-complete=\"true\">K\u00edch th\u01b0\u1edbc:<\/strong>\u00a086 x 86 (d\u1ea1ng vu\u00f4ng)<\/span><\/li>\n<li data-hveid=\"CAUQAw\" data-complete=\"true\" data-sae=\"\"><span class=\"T286Pc\" style=\"font-size: 12pt; font-family: arial, helvetica, sans-serif; color: #000000;\" data-sfc-cp=\"\" data-complete=\"true\"><strong class=\"Yjhzub\" data-complete=\"true\">\u0110i\u1ec7n \u00e1p \u0111\u1ecbnh m\u1ee9c:<\/strong>\u00a0250V<\/span><\/li>\n<li data-hveid=\"CAUQBA\" data-complete=\"true\" data-sae=\"\"><span class=\"T286Pc\" style=\"font-size: 12pt; font-family: arial, helvetica, sans-serif; color: #000000;\" data-sfc-cp=\"\" data-complete=\"true\"><strong class=\"Yjhzub\" data-complete=\"true\">D\u00f2ng \u0111i\u1ec7n \u0111\u1ecbnh m\u1ee9c:<\/strong>\u00a010A<\/span><\/li>\n<li data-hveid=\"CAUQBQ\" data-complete=\"true\" data-sae=\"\"><span class=\"T286Pc\" style=\"font-size: 12pt; font-family: arial, helvetica, sans-serif; color: #000000;\" data-sfc-cp=\"\" data-complete=\"true\"><strong class=\"Yjhzub\" data-complete=\"true\">S\u1ed1 l\u01b0\u1ee3ng c\u00f4ng t\u1eafc:<\/strong>\u00a01 c\u00f4ng t\u1eafc (\u0111\u01a1n)<\/span><\/li>\n<li data-hveid=\"CAUQBg\" data-complete=\"true\" data-sae=\"\"><span class=\"T286Pc\" style=\"font-size: 12pt; font-family: arial, helvetica, sans-serif; color: #000000;\" data-sfc-cp=\"\" data-complete=\"true\"><strong class=\"Yjhzub\" data-complete=\"true\">Lo\u1ea1i c\u00f4ng t\u1eafc:<\/strong>\u00a02 chi\u1ec1u (c\u00f2n g\u1ecdi l\u00e0 c\u00f4ng t\u1eafc C, cho ph\u00e9p \u0111i\u1ec1u khi\u1ec3n m\u1ed9t thi\u1ebft b\u1ecb t\u1eeb hai v\u1ecb tr\u00ed kh\u00e1c nhau)<\/span><\/li>\n<li data-hveid=\"CAUQBw\" data-complete=\"true\" data-sae=\"\"><span class=\"T286Pc\" style=\"font-size: 12pt; font-family: arial, helvetica, sans-serif; color: #000000;\" data-sfc-cp=\"\" data-complete=\"true\"><strong class=\"Yjhzub\" data-complete=\"true\">M\u00e0u s\u1eafc:<\/strong>\u00a0<span style=\"color: #ff6600;\"><strong>V\u00e0ng \u00e1nh kim<\/strong><\/span><\/span><\/li>\n<li data-hveid=\"CAUQCA\" data-complete=\"true\" data-sae=\"\"><span class=\"T286Pc\" style=\"font-size: 12pt; font-family: arial, helvetica, sans-serif; color: #000000;\" data-sfc-cp=\"\" data-complete=\"true\"><strong class=\"Yjhzub\" data-complete=\"true\">Ch\u1ea5t li\u1ec7u:<\/strong>\u00a0Nh\u1ef1a ABS, nh\u1ef1a PC cao c\u1ea5p, c\u00f3 kh\u1ea3 n\u0103ng ch\u1ed1ng ch\u00e1y, b\u1ec1n b\u1ec9 v\u00e0 kh\u00f3 phai m\u00e0u.<\/span><\/li>\n<li data-hveid=\"CAUQCQ\" data-complete=\"true\" data-sae=\"\"><span class=\"T286Pc\" style=\"font-size: 12pt; font-family: arial, helvetica, sans-serif; color: #000000;\" data-sfc-cp=\"\" data-complete=\"true\"><strong class=\"Yjhzub\" data-complete=\"true\">Ti\u00eau chu\u1ea9n:<\/strong>\u00a0IEC 60669-1, RoHS c\u1ee7a EU, th\u00e2n thi\u1ec7n v\u1edbi m\u00f4i tr\u01b0\u1eddng.<\/span><\/li>\n<\/ul>\n<h3 class=\"Y3BBE\" data-hveid=\"CAYQAA\" data-processed=\"true\" data-complete=\"true\"><span style=\"font-size: 14pt; font-family: arial, helvetica, sans-serif; color: #000000;\"><strong class=\"Yjhzub\" data-complete=\"true\" data-processed=\"true\">\u01afu \u0111i\u1ec3m n\u1ed5i b\u1eadt:<\/strong><\/span><\/h3>\n<ul class=\"KsbFXc U6u95\" data-processed=\"true\">\n<li data-hveid=\"CAgQAA\" data-complete=\"true\" data-sae=\"\"><span class=\"T286Pc\" style=\"font-size: 12pt; font-family: arial, helvetica, sans-serif; color: #000000;\" data-sfc-cp=\"\" data-complete=\"true\"><strong class=\"Yjhzub\" data-complete=\"true\">Thi\u1ebft k\u1ebf tinh t\u1ebf:<\/strong>\u00a0Ki\u1ec3u d\u00e1ng vu\u00f4ng v\u1eafn, thanh m\u1ea3nh v\u1edbi g\u00f3c \u0111\u1ea3o chi\u1ec1u b\u1eadt\/t\u1eaft nh\u1ecf, t\u1ea1o c\u1ea3m gi\u00e1c sang tr\u1ecdng v\u00e0 h\u00e0i h\u00f2a v\u1edbi m\u1ecdi kh\u00f4ng gian n\u1ed9i th\u1ea5t.<\/span><\/li>\n<li data-hveid=\"CAgQAQ\" data-complete=\"true\" data-sae=\"\"><span class=\"T286Pc\" style=\"font-size: 12pt; font-family: arial, helvetica, sans-serif; color: #000000;\" data-sfc-cp=\"\" data-complete=\"true\"><strong class=\"Yjhzub\" data-complete=\"true\">D\u1ec5 s\u1eed d\u1ee5ng:<\/strong>\u00a0B\u1ec1 m\u1eb7t ph\u00edm l\u1edbn, gi\u00fap thao t\u00e1c d\u1ec5 d\u00e0ng v\u00e0 nh\u1ea1y b\u00e9n ngay c\u1ea3 v\u1edbi l\u1ef1c b\u1ea5m nh\u1eb9.<\/span><\/li>\n<li data-hveid=\"CAgQAg\" data-sae=\"\" data-complete=\"true\"><span class=\"T286Pc\" style=\"font-size: 12pt; font-family: arial, helvetica, sans-serif; color: #000000;\" data-sfc-cp=\"\" data-complete=\"true\"><strong class=\"Yjhzub\" data-complete=\"true\">\u0110\u1ed9 b\u1ec1n cao:<\/strong>\u00a0Ch\u1ea5t li\u1ec7u cao c\u1ea5p gi\u00fap s\u1ea3n ph\u1ea9m ch\u1ecbu nhi\u1ec7t t\u1ed1t v\u00e0 gi\u1eef \u0111\u01b0\u1ee3c v\u1ebb \u0111\u1eb9p sau th\u1eddi gian d\u00e0i s\u1eed d\u1ee5ng.<\/span><\/li>\n<li data-hveid=\"CAgQAw\" data-complete=\"true\" data-processed=\"true\" data-sae=\"\"><span class=\"T286Pc\" style=\"font-size: 12pt; font-family: arial, helvetica, sans-serif; color: #000000;\" data-sfc-cp=\"\" data-complete=\"true\"><strong class=\"Yjhzub\" data-complete=\"true\">\u0110a d\u1ea1ng \u1ee9ng d\u1ee5ng:<\/strong> Ph\u00f9 h\u1ee3p l\u1eafp \u0111\u1eb7t trong nhi\u1ec1u kh\u00f4ng gian kh\u00e1c nhau, t\u1eeb nh\u00e0 \u1edf, chung c\u01b0 \u0111\u1ebfn c\u00e1c d\u1ef1 \u00e1n kh\u00e1ch s\u1ea1n cao c\u1ea5p.<\/span><\/li>\n<\/ul>\n<p>&nbsp;<\/p>\n<p><span style=\"font-size: 12pt; color: #000000;\"><strong>LI\u00caN H\u1ec6 : Hotline: 0935 228 204 ( Ms Lam )<\/strong><\/span><\/p>\n<p><span style=\"font-size: 12pt; color: #000000;\"><strong>Facebook:\u00a0<span style=\"color: #ff6600;\"><a style=\"color: #ff6600;\" href=\"https:\/\/www.facebook.com\/thietbidienlama\" target=\"_blank\" rel=\"noopener\">THI\u1ebeT\u00a0B\u1eca \u0110I\u1ec6N LAMA<\/a><\/span><\/strong><\/span><\/p>\n<p><span style=\"font-size: 12pt; color: #000000;\"><strong>Tiktok:\u00a0<span style=\"color: #ff6600;\"><a style=\"color: #ff6600;\" href=\"https:\/\/www.tiktok.com\/@thietbidienlama\" target=\"_blank\" rel=\"noopener\">THI\u1ebeT\u00a0B\u1eca \u0110I\u1ec6N LAMA<\/a><\/span><\/strong><\/span><\/p>","protected":false},"excerpt":{"rendered":"<p>B\u1ed9 1 C\u00f4ng T\u1eafc Panasonic Vu\u00f4ng 2 Chi\u1ec1u WMF502MYZ-VN D\u00f2ng Moderva B\u1ed9 1 C\u00f4ng t\u1eafc Panasonic Vu\u00f4ng 2 Chi\u1ec1u WMF502MYZ-VN<\/p>","protected":false},"featured_media":12556,"comment_status":"closed","ping_status":"closed","template":"","meta":[],"product_brand":[],"product_cat":[856,903],"product_tag":[913],"class_list":{"0":"post-13271","1":"product","2":"type-product","3":"status-publish","4":"has-post-thumbnail","6":"product_cat-cong-tac-panasonic","7":"product_cat-cong-tac-panasonic-moderva","8":"product_tag-cong-tac-panasonic-vuong","10":"first","11":"instock","12":"sale","13":"shipping-taxable","14":"purchasable","15":"product-type-simple"},"_links":{"self":[{"href":"https:\/\/www.thietbidienlama.com\/en\/wp-json\/wp\/v2\/product\/13271","targetHints":{"allow":["GET"]}}],"collection":[{"href":"https:\/\/www.thietbidienlama.com\/en\/wp-json\/wp\/v2\/product"}],"about":[{"href":"https:\/\/www.thietbidienlama.com\/en\/wp-json\/wp\/v2\/types\/product"}],"replies":[{"embeddable":true,"href":"https:\/\/www.thietbidienlama.com\/en\/wp-json\/wp\/v2\/comments?post=13271"}],"version-history":[{"count":2,"href":"https:\/\/www.thietbidienlama.com\/en\/wp-json\/wp\/v2\/product\/13271\/revisions"}],"predecessor-version":[{"id":13273,"href":"https:\/\/www.thietbidienlama.com\/en\/wp-json\/wp\/v2\/product\/13271\/revisions\/13273"}],"wp:featuredmedia":[{"embeddable":true,"href":"https:\/\/www.thietbidienlama.com\/en\/wp-json\/wp\/v2\/media\/12556"}],"wp:attachment":[{"href":"https:\/\/www.thietbidienlama.com\/en\/wp-json\/wp\/v2\/media?parent=13271"}],"wp:term":[{"taxonomy":"product_brand","embeddable":true,"href":"https:\/\/www.thietbidienlama.com\/en\/wp-json\/wp\/v2\/product_brand?post=13271"},{"taxonomy":"product_cat","embeddable":true,"href":"https:\/\/www.thietbidienlama.com\/en\/wp-json\/wp\/v2\/product_cat?post=13271"},{"taxonomy":"product_tag","embeddable":true,"href":"https:\/\/www.thietbidienlama.com\/en\/wp-json\/wp\/v2\/product_tag?post=13271"}],"curies":[{"name":"wp","href":"https:\/\/api.w.org\/{rel}","templated":true}]}}