{"id":13267,"date":"2025-10-18T13:58:44","date_gmt":"2025-10-18T06:58:44","guid":{"rendered":"https:\/\/thietbidienlama.com\/?post_type=product&#038;p=13267"},"modified":"2025-10-18T13:58:44","modified_gmt":"2025-10-18T06:58:44","slug":"cong-tac-panasonic-mat-vuong","status":"publish","type":"product","link":"https:\/\/www.thietbidienlama.com\/en\/cong-tac-panasonic-mat-vuong\/","title":{"rendered":"B\u1ed9 1 C\u00f4ng T\u1eafc Panasonic M\u1eb7t Vu\u00f4ng 2 Chi\u1ec1u WMF502-VN D\u00f2ng Moderva"},"content":{"rendered":"<h2 style=\"text-align: center;\" data-hveid=\"CAMQAA\" data-complete=\"true\" data-processed=\"true\"><span style=\"font-size: 18pt; font-family: arial, helvetica, sans-serif; color: #000000;\">B\u1ed9 1 C\u00f4ng T\u1eafc Panasonic M\u1eb7t Vu\u00f4ng 2 Chi\u1ec1u WMF502-VN D\u00f2ng Moderva<\/span><\/h2>\n<p class=\"Y3BBE\" data-hveid=\"CAMQAA\" data-complete=\"true\" data-processed=\"true\"><span style=\"font-size: 12pt; font-family: arial, helvetica, sans-serif; color: #000000;\">B\u1ed9 1 <span style=\"color: #ff6600;\"><a style=\"color: #ff6600;\" href=\"https:\/\/thietbidienlama.com\/cong-tac-panasonic-mat-vuong\/\"><strong>c\u00f4ng t\u1eafc Panasonic m\u1eb7t vu\u00f4ng<\/strong><\/a><\/span> 2 chi\u1ec1u WMF502-VN thu\u1ed9c d\u00f2ng Moderva, \u0111\u01b0\u1ee3c thi\u1ebft k\u1ebf chuy\u00ean bi\u1ec7t cho c\u00e1c kh\u00f4ng gian cao c\u1ea5p nh\u01b0 kh\u00e1ch s\u1ea1n, c\u0103n h\u1ed9 hi\u1ec7n \u0111\u1ea1i.<\/span><\/p>\n<p class=\"Fsg96\" data-complete=\"true\" data-processed=\"true\"><img fetchpriority=\"high\" decoding=\"async\" class=\"aligncenter wp-image-12541 size-medium\" src=\"http:\/\/thietbidienlama.com\/wp-content\/uploads\/2025\/02\/Bo-1-Cong-Tac-C-2-Chieu-Dong-Moderva-Mau-Trang-WMF502-VN-Panasonic-300x300.jpg\" alt=\"B\u1ed9 1 C\u00f4ng T\u1eafc Panasonic M\u1eb7t Vu\u00f4ng 2 Chi\u1ec1u WMF502-VN D\u00f2ng Moderva\" width=\"300\" height=\"300\" srcset=\"https:\/\/www.thietbidienlama.com\/wp-content\/uploads\/2025\/02\/Bo-1-Cong-Tac-C-2-Chieu-Dong-Moderva-Mau-Trang-WMF502-VN-Panasonic-300x300.jpg 300w, https:\/\/www.thietbidienlama.com\/wp-content\/uploads\/2025\/02\/Bo-1-Cong-Tac-C-2-Chieu-Dong-Moderva-Mau-Trang-WMF502-VN-Panasonic-150x150.jpg 150w, https:\/\/www.thietbidienlama.com\/wp-content\/uploads\/2025\/02\/Bo-1-Cong-Tac-C-2-Chieu-Dong-Moderva-Mau-Trang-WMF502-VN-Panasonic-12x12.jpg 12w, https:\/\/www.thietbidienlama.com\/wp-content\/uploads\/2025\/02\/Bo-1-Cong-Tac-C-2-Chieu-Dong-Moderva-Mau-Trang-WMF502-VN-Panasonic.jpg 500w\" sizes=\"(max-width: 300px) 100vw, 300px\" \/><\/p>\n<h3 class=\"otQkpb\" role=\"heading\" aria-level=\"3\" data-complete=\"true\" data-processed=\"true\"><span style=\"font-size: 14pt; font-family: arial, helvetica, sans-serif; color: #000000;\">\u0110\u1eb7c \u0111i\u1ec3m n\u1ed5i b\u1eadt<\/span><\/h3>\n<ul class=\"KsbFXc U6u95\" data-complete=\"true\" data-processed=\"true\">\n<li data-hveid=\"CAUQAA\" data-complete=\"true\" data-sae=\"\"><span class=\"T286Pc\" style=\"font-size: 12pt; font-family: arial, helvetica, sans-serif; color: #000000;\" data-sfc-cp=\"\" data-complete=\"true\"><strong class=\"Yjhzub\" data-complete=\"true\">Thi\u1ebft k\u1ebf cao c\u1ea5p:<\/strong>\u00a0S\u1ea3n ph\u1ea9m c\u00f3 m\u1eb7t ti\u1ebfp x\u00fac l\u1edbn, kh\u00f4ng vi\u1ec1n, t\u1ed1i \u0111a h\u00f3a kh\u00f4ng gian v\u1eadn h\u00e0nh, t\u1ea1o c\u1ea3m gi\u00e1c tinh t\u1ebf v\u00e0 sang tr\u1ecdng.<\/span><\/li>\n<li data-hveid=\"CAUQAQ\" data-complete=\"true\" data-sae=\"\"><span class=\"T286Pc\" style=\"font-size: 12pt; font-family: arial, helvetica, sans-serif; color: #000000;\" data-sfc-cp=\"\" data-complete=\"true\"><strong class=\"Yjhzub\" data-complete=\"true\">Ch\u1ea5t li\u1ec7u b\u1ec1n \u0111\u1eb9p:<\/strong>\u00a0S\u1eed d\u1ee5ng nh\u1ef1a PC\/ABS cao c\u1ea5p, c\u00f3 \u0111\u1ed9 b\u00f3ng m\u1ecbn, ch\u1ed1ng \u1ed1 v\u00e0ng v\u00e0 b\u00e1m b\u1ea9n t\u1ed1t, \u0111\u1ea3m b\u1ea3o \u0111\u1ed9 b\u1ec1n v\u00e0 v\u1ebb \u0111\u1eb9p theo th\u1eddi gian.<\/span><\/li>\n<li data-hveid=\"CAUQAg\" data-complete=\"true\" data-sae=\"\"><span class=\"T286Pc\" style=\"font-size: 12pt; font-family: arial, helvetica, sans-serif; color: #000000;\" data-sfc-cp=\"\" data-complete=\"true\"><strong class=\"Yjhzub\" data-complete=\"true\">G\u00f3c b\u1eadt t\u1eaft m\u1ecfng:<\/strong>\u00a0G\u00f3c \u0111\u1ea3o chi\u1ec1u khi b\u1eadt t\u1eaft nh\u1ecf, gi\u00fap s\u1ea3n ph\u1ea9m tr\u00f4ng m\u1ecfng v\u00e0 thanh tho\u00e1t h\u01a1n.<\/span><\/li>\n<li data-hveid=\"CAUQAw\" data-complete=\"true\" data-sae=\"\"><span class=\"T286Pc\" style=\"font-size: 12pt; font-family: arial, helvetica, sans-serif; color: #000000;\" data-sfc-cp=\"\" data-complete=\"true\"><strong class=\"Yjhzub\" data-complete=\"true\">Th\u00f4ng s\u1ed1 k\u1ef9 thu\u1eadt:<\/strong><\/span>\n<ul class=\"KsbFXc U6u95\" data-complete=\"true\">\n<li data-hveid=\"CAUQBA\" data-complete=\"true\" data-sae=\"\"><span class=\"T286Pc\" style=\"font-size: 12pt; font-family: arial, helvetica, sans-serif; color: #000000;\" data-sfc-cp=\"\" data-complete=\"true\"><strong class=\"Yjhzub\" data-complete=\"true\">M\u00e3 s\u1ea3n ph\u1ea9m:<\/strong>\u00a0WMF502-VN.<\/span><\/li>\n<li data-hveid=\"CAUQBQ\" data-complete=\"true\" data-sae=\"\"><span class=\"T286Pc\" style=\"font-size: 12pt; font-family: arial, helvetica, sans-serif; color: #000000;\" data-sfc-cp=\"\" data-complete=\"true\"><strong class=\"Yjhzub\" data-complete=\"true\">D\u00f2ng s\u1ea3n ph\u1ea9m:<\/strong>\u00a0Moderva.<\/span><\/li>\n<li data-hveid=\"CAUQBg\" data-complete=\"true\" data-sae=\"\"><span class=\"T286Pc\" style=\"font-size: 12pt; font-family: arial, helvetica, sans-serif; color: #000000;\" data-sfc-cp=\"\" data-complete=\"true\"><strong class=\"Yjhzub\" data-complete=\"true\">\u0110i\u1ec7n \u00e1p \u0111\u1ecbnh m\u1ee9c:<\/strong>\u00a0250V.<\/span><\/li>\n<li data-hveid=\"CAUQBw\" data-complete=\"true\" data-sae=\"\"><span class=\"T286Pc\" style=\"font-size: 12pt; font-family: arial, helvetica, sans-serif; color: #000000;\" data-sfc-cp=\"\" data-complete=\"true\"><strong class=\"Yjhzub\" data-complete=\"true\">D\u00f2ng \u0111i\u1ec7n \u0111\u1ecbnh m\u1ee9c:<\/strong>\u00a010A.<\/span><\/li>\n<li data-hveid=\"CAUQCA\" data-complete=\"true\" data-sae=\"\"><span class=\"T286Pc\" style=\"font-size: 12pt; font-family: arial, helvetica, sans-serif; color: #000000;\" data-sfc-cp=\"\" data-complete=\"true\"><strong class=\"Yjhzub\" data-complete=\"true\">K\u00edch th\u01b0\u1edbc:<\/strong>\u00a0M\u1eb7t vu\u00f4ng 86x86mm.<\/span><\/li>\n<li data-hveid=\"CAUQCQ\" data-complete=\"true\" data-sae=\"\"><span class=\"T286Pc\" style=\"font-size: 12pt; font-family: arial, helvetica, sans-serif; color: #000000;\" data-sfc-cp=\"\" data-complete=\"true\"><strong class=\"Yjhzub\" data-complete=\"true\">M\u00e0u s\u1eafc:<\/strong>\u00a0Tr\u1eafng.<\/span><\/li>\n<li data-hveid=\"CAUQCg\" data-complete=\"true\" data-sae=\"\"><span class=\"T286Pc\" style=\"font-size: 12pt; font-family: arial, helvetica, sans-serif; color: #000000;\" data-sfc-cp=\"\" data-complete=\"true\"><strong class=\"Yjhzub\" data-complete=\"true\">Ti\u00eau chu\u1ea9n:<\/strong>\u00a0\u0110\u1ea1t ti\u00eau chu\u1ea9n ch\u1ea5t l\u01b0\u1ee3ng c\u1ee7a ch\u00e2u \u00c2u v\u00e0 Nh\u1eadt B\u1ea3n.<\/span><\/li>\n<\/ul>\n<\/li>\n<li data-hveid=\"CAUQCw\" data-complete=\"true\" data-sae=\"\"><span style=\"font-size: 12pt; font-family: arial, helvetica, sans-serif; color: #000000;\"><span class=\"T286Pc\" data-sfc-cp=\"\" data-complete=\"true\"><strong class=\"Yjhzub\" data-complete=\"true\">\u1ee8ng d\u1ee5ng c\u00f4ng t\u1eafc 2 chi\u1ec1u:<\/strong>\u00a0Lo\u1ea1i c\u00f4ng t\u1eafc n\u00e0y cho ph\u00e9p \u0111i\u1ec1u khi\u1ec3n m\u1ed9t thi\u1ebft b\u1ecb \u0111i\u1ec7n (th\u01b0\u1eddng l\u00e0 \u0111\u00e8n) t\u1eeb hai v\u1ecb tr\u00ed kh\u00e1c nhau, r\u1ea5t ti\u1ec7n l\u1ee3i cho c\u00e1c v\u1ecb tr\u00ed nh\u01b0 c\u1ea7u thang, h\u00e0nh lang ho\u1eb7c ph\u00f2ng ng\u1ee7.<\/span><span class=\"uJ19be notranslate\" data-wiz-uids=\"Y7zHjb_1n,Y7zHjb_1o\" data-complete=\"true\"><span class=\"vKEkVd\" data-animation-atomic=\"\" data-sae=\"\">\u00a0<\/span><\/span><\/span><\/li>\n<\/ul>\n<p class=\"Fsg96\" data-complete=\"true\" data-processed=\"true\">\n<h3 class=\"otQkpb\" role=\"heading\" aria-level=\"3\" data-processed=\"true\" data-complete=\"true\"><span style=\"font-size: 14pt; font-family: arial, helvetica, sans-serif; color: #000000;\">C\u00e1ch l\u1eafp \u0111\u1eb7t c\u00f4ng t\u1eafc panasonic m\u1eb7t vu\u00f4ng 2 chi\u1ec1u<\/span><\/h3>\n<p class=\"Y3BBE\" data-hveid=\"CAgQAA\" data-complete=\"true\" data-processed=\"true\"><span style=\"font-size: 12pt; font-family: arial, helvetica, sans-serif; color: #000000;\">\u0110\u1ec3 l\u1eafp \u0111\u1eb7t b\u1ed9 c\u00f4ng t\u1eafc panasonic m\u1eb7t vu\u00f4ng WMF502-VN, b\u1ea1n c\u1ea7n th\u1ef1c hi\u1ec7n c\u00e1c b\u01b0\u1edbc c\u01a1 b\u1ea3n sau:<span class=\"uJ19be notranslate\" data-wiz-uids=\"Y7zHjb_20,Y7zHjb_21\" data-complete=\"true\" data-processed=\"true\"><span class=\"vKEkVd\" data-animation-atomic=\"\" data-sae=\"\">\u00a0<\/span><\/span><\/span><\/p>\n<p><span class=\"T286Pc\" style=\"font-size: 12pt; font-family: arial, helvetica, sans-serif; color: #000000;\" data-sfc-cp=\"\" data-complete=\"true\"><strong class=\"Yjhzub\" data-complete=\"true\">Chu\u1ea9n b\u1ecb:<\/strong>\u00a0\u0110\u1ea3m b\u1ea3o ng\u1eaft ngu\u1ed3n \u0111i\u1ec7n t\u1ed5ng \u0111\u1ec3 \u0111\u1ea3m b\u1ea3o an to\u00e0n.<\/span><\/p>\n<p><span class=\"T286Pc\" style=\"font-size: 12pt; font-family: arial, helvetica, sans-serif; color: #000000;\" data-sfc-cp=\"\" data-complete=\"true\"><strong class=\"Yjhzub\" data-complete=\"true\">\u0110\u1ea5u d\u00e2y:<\/strong><\/span><\/p>\n<ul>\n<li style=\"list-style-type: none;\">\n<ul class=\"KsbFXc U6u95\" data-complete=\"true\">\n<li data-hveid=\"CAkQAg\" data-complete=\"true\" data-sae=\"\"><span class=\"T286Pc\" style=\"font-size: 12pt; font-family: arial, helvetica, sans-serif; color: #000000;\" data-sfc-cp=\"\" data-complete=\"true\">S\u1eed d\u1ee5ng hai c\u00f4ng t\u1eafc 2 chi\u1ec1u WMF502-VN.<\/span><\/li>\n<li data-hveid=\"CAkQAw\" data-sae=\"\" data-complete=\"true\"><span class=\"T286Pc\" style=\"font-size: 12pt; font-family: arial, helvetica, sans-serif; color: #000000;\" data-sfc-cp=\"\" data-complete=\"true\">\u0110\u1ea5u d\u00e2y pha (d\u00e2y n\u00f3ng) v\u00e0o c\u1ef1c gi\u1eefa (c\u1ef1c L) c\u1ee7a c\u00f4ng t\u1eafc th\u1ee9 nh\u1ea5t.<\/span><\/li>\n<li data-hveid=\"CAkQBA\" data-complete=\"true\"><span class=\"T286Pc\" style=\"font-size: 12pt; font-family: arial, helvetica, sans-serif; color: #000000;\" data-sfc-cp=\"\" data-complete=\"true\">\u0110\u1ea5u hai d\u00e2y n\u1ed1i hai c\u1ef1c ngo\u00e0i (c\u1ef1c 1 v\u00e0 2) c\u1ee7a c\u00f4ng t\u1eafc th\u1ee9 nh\u1ea5t v\u1edbi hai c\u1ef1c ngo\u00e0i c\u1ee7a c\u00f4ng t\u1eafc th\u1ee9 hai.<\/span><\/li>\n<li data-hveid=\"CAkQBQ\" data-complete=\"true\"><span class=\"T286Pc\" style=\"font-size: 12pt; font-family: arial, helvetica, sans-serif; color: #000000;\" data-sfc-cp=\"\" data-complete=\"true\">\u0110\u1ea5u c\u1ef1c gi\u1eefa (c\u1ef1c L) c\u1ee7a c\u00f4ng t\u1eafc th\u1ee9 hai v\u1edbi b\u00f3ng \u0111\u00e8n.<\/span><\/li>\n<li data-hveid=\"CAkQBg\" data-complete=\"true\"><span class=\"T286Pc\" style=\"font-size: 12pt; font-family: arial, helvetica, sans-serif; color: #000000;\" data-sfc-cp=\"\" data-complete=\"true\">\u0110\u1ea5u \u0111\u1ea7u c\u00f2n l\u1ea1i c\u1ee7a b\u00f3ng \u0111\u00e8n v\u1edbi d\u00e2y trung t\u00ednh (d\u00e2y ngu\u1ed9i).<\/span><\/li>\n<\/ul>\n<\/li>\n<\/ul>\n<p><span class=\"T286Pc\" style=\"font-size: 12pt; font-family: arial, helvetica, sans-serif; color: #000000;\" data-sfc-cp=\"\" data-complete=\"true\"><strong class=\"Yjhzub\" data-complete=\"true\">L\u1eafp v\u00e0o m\u1eb7t n\u1ea1:<\/strong> G\u1eafn c\u00e1c h\u1ea1t c\u00f4ng t\u1eafc v\u00e0o m\u1eb7t n\u1ea1, sau \u0111\u00f3 l\u1eafp b\u1ed9 c\u00f4ng t\u1eafc panasonic m\u1eb7t vu\u00f4ng v\u00e0o \u0111\u1ebf \u00e2m \u0111\u00e3 g\u1eafn s\u1eb5n trong t\u01b0\u1eddng.<\/span><\/p>\n<p><span class=\"T286Pc\" style=\"font-size: 12pt; font-family: arial, helvetica, sans-serif; color: #000000;\" data-sfc-cp=\"\" data-complete=\"true\"><strong class=\"Yjhzub\" data-complete=\"true\">Ki\u1ec3m tra:<\/strong> B\u1eadt l\u1ea1i ngu\u1ed3n \u0111i\u1ec7n v\u00e0 ki\u1ec3m tra ho\u1ea1t \u0111\u1ed9ng c\u1ee7a c\u00f4ng t\u1eafc.<\/span><\/p>\n<p class=\"Fsg96\" data-complete=\"true\" data-processed=\"true\">\n<h3 class=\"otQkpb\" role=\"heading\" aria-level=\"3\" data-processed=\"true\" data-complete=\"true\"><span style=\"font-size: 14pt; font-family: arial, helvetica, sans-serif; color: #000000;\">L\u01b0u \u00fd<\/span><\/h3>\n<ul class=\"KsbFXc U6u95\" data-complete=\"true\" data-processed=\"true\">\n<li data-hveid=\"CAwQAA\" data-complete=\"true\" data-sae=\"\"><span class=\"T286Pc\" style=\"font-size: 12pt; font-family: arial, helvetica, sans-serif; color: #000000;\" data-sfc-cp=\"\" data-complete=\"true\">N\u00ean c\u00f3 chuy\u00ean gia \u0111i\u1ec7n ho\u1eb7c ng\u01b0\u1eddi c\u00f3 kinh nghi\u1ec7m th\u1ef1c hi\u1ec7n vi\u1ec7c l\u1eafp \u0111\u1eb7t \u0111\u1ec3 \u0111\u1ea3m b\u1ea3o an to\u00e0n v\u00e0 \u0111\u00fang k\u1ef9 thu\u1eadt.<\/span><\/li>\n<li data-hveid=\"CAwQAQ\" data-complete=\"true\" data-sae=\"\"><span class=\"T286Pc\" style=\"font-size: 12pt; font-family: arial, helvetica, sans-serif; color: #000000;\" data-sfc-cp=\"\" data-complete=\"true\">S\u1ea3n ph\u1ea9m c\u00f3 nhi\u1ec1u m\u00e0u s\u1eafc kh\u00e1c nhau nh\u01b0 v\u00e0ng \u00e1nh kim v\u00e0 x\u00e1m \u00e1nh kim, ngo\u00e0i m\u00e0u tr\u1eafng c\u01a1 b\u1ea3n, t\u00f9y theo m\u00e3 s\u1ea3n ph\u1ea9m (WMF502MYZ-VN, WMF502MYH-VN)<\/span><\/li>\n<\/ul>\n<p>&nbsp;<\/p>\n<p><span style=\"font-size: 12pt; color: #000000;\"><strong>LI\u00caN H\u1ec6 : Hotline: 0935 228 204 ( Ms Lam )<\/strong><\/span><\/p>\n<p><span style=\"font-size: 12pt; color: #000000;\"><strong>Facebook:\u00a0<span style=\"color: #ff6600;\"><a style=\"color: #ff6600;\" href=\"https:\/\/www.facebook.com\/thietbidienlama\" target=\"_blank\" rel=\"noopener\">THI\u1ebeT\u00a0B\u1eca \u0110I\u1ec6N LAMA<\/a><\/span><\/strong><\/span><\/p>\n<p><span style=\"font-size: 12pt; color: #000000;\"><strong>Tiktok:\u00a0<span style=\"color: #ff6600;\"><a style=\"color: #ff6600;\" href=\"https:\/\/www.tiktok.com\/@thietbidienlama\" target=\"_blank\" rel=\"noopener\">THI\u1ebeT\u00a0B\u1eca \u0110I\u1ec6N LAMA<\/a><\/span><\/strong><\/span><\/p>","protected":false},"excerpt":{"rendered":"<p>B\u1ed9 1 C\u00f4ng T\u1eafc Panasonic M\u1eb7t Vu\u00f4ng 2 Chi\u1ec1u WMF502-VN D\u00f2ng Moderva B\u1ed9 1 c\u00f4ng t\u1eafc Panasonic m\u1eb7t vu\u00f4ng 2<\/p>","protected":false},"featured_media":12541,"comment_status":"closed","ping_status":"closed","template":"","meta":[],"product_brand":[],"product_cat":[562,856,903],"product_tag":[912],"class_list":{"0":"post-13267","1":"product","2":"type-product","3":"status-publish","4":"has-post-thumbnail","6":"product_cat-thiet-bi-dien-panasonic","7":"product_cat-cong-tac-panasonic","8":"product_cat-cong-tac-panasonic-moderva","9":"product_tag-cong-tac-panasonic-mat-vuong","11":"first","12":"instock","13":"sale","14":"shipping-taxable","15":"purchasable","16":"product-type-simple"},"_links":{"self":[{"href":"https:\/\/www.thietbidienlama.com\/en\/wp-json\/wp\/v2\/product\/13267","targetHints":{"allow":["GET"]}}],"collection":[{"href":"https:\/\/www.thietbidienlama.com\/en\/wp-json\/wp\/v2\/product"}],"about":[{"href":"https:\/\/www.thietbidienlama.com\/en\/wp-json\/wp\/v2\/types\/product"}],"replies":[{"embeddable":true,"href":"https:\/\/www.thietbidienlama.com\/en\/wp-json\/wp\/v2\/comments?post=13267"}],"version-history":[{"count":2,"href":"https:\/\/www.thietbidienlama.com\/en\/wp-json\/wp\/v2\/product\/13267\/revisions"}],"predecessor-version":[{"id":13270,"href":"https:\/\/www.thietbidienlama.com\/en\/wp-json\/wp\/v2\/product\/13267\/revisions\/13270"}],"wp:featuredmedia":[{"embeddable":true,"href":"https:\/\/www.thietbidienlama.com\/en\/wp-json\/wp\/v2\/media\/12541"}],"wp:attachment":[{"href":"https:\/\/www.thietbidienlama.com\/en\/wp-json\/wp\/v2\/media?parent=13267"}],"wp:term":[{"taxonomy":"product_brand","embeddable":true,"href":"https:\/\/www.thietbidienlama.com\/en\/wp-json\/wp\/v2\/product_brand?post=13267"},{"taxonomy":"product_cat","embeddable":true,"href":"https:\/\/www.thietbidienlama.com\/en\/wp-json\/wp\/v2\/product_cat?post=13267"},{"taxonomy":"product_tag","embeddable":true,"href":"https:\/\/www.thietbidienlama.com\/en\/wp-json\/wp\/v2\/product_tag?post=13267"}],"curies":[{"name":"wp","href":"https:\/\/api.w.org\/{rel}","templated":true}]}}