{"id":13261,"date":"2025-10-17T14:40:31","date_gmt":"2025-10-17T07:40:31","guid":{"rendered":"https:\/\/thietbidienlama.com\/?post_type=product&#038;p=13261"},"modified":"2025-10-17T14:40:31","modified_gmt":"2025-10-17T07:40:31","slug":"cong-tac-don-1-chieu-panasonic","status":"publish","type":"product","link":"https:\/\/www.thietbidienlama.com\/en\/cong-tac-don-1-chieu-panasonic\/","title":{"rendered":"B\u1ed9 1 C\u00f4ng T\u1eafc \u0110\u01a1n 1 Chi\u1ec1u Panasonic WMF501MYZ-VN Moderva"},"content":{"rendered":"<h2 style=\"text-align: center;\"><span style=\"color: #000000;\">B\u1ed9 1 C\u00f4ng T\u1eafc \u0110\u01a1n 1 Chi\u1ec1u Panasonic <\/span><span style=\"color: #000000;\">WMF501MYZ-VN Moderva<\/span><\/h2>\n<p class=\"Y3BBE\" data-hveid=\"CAEIAxAA\" data-complete=\"true\" data-processed=\"true\"><span style=\"font-size: 12pt; color: #000000;\"><strong class=\"Yjhzub\" data-complete=\"true\" data-processed=\"true\">B\u1ed9 1 <span style=\"color: #ff6600;\"><a style=\"color: #ff6600;\" href=\"https:\/\/thietbidienlama.com\/cong-tac-don-1-chieu-panasonic\/\">C\u00f4ng t\u1eafc \u0111\u01a1n 1 chi\u1ec1u Panasonic<\/a><\/span><\/strong>\u00a0<strong class=\"Yjhzub\" data-complete=\"true\" data-processed=\"true\">WMF501MYZ-VN <\/strong>thu\u1ed9c d\u00f2ng <strong class=\"Yjhzub\" data-complete=\"true\" data-processed=\"true\">Moderva<\/strong>, c\u00f3 m\u00e0u v\u00e0ng \u00e1nh kim sang tr\u1ecdng, \u0111\u01b0\u1ee3c thi\u1ebft k\u1ebf chuy\u00ean d\u1ee5ng cho c\u00e1c kh\u00f4ng gian hi\u1ec7n \u0111\u1ea1i v\u00e0 cao c\u1ea5p nh\u01b0 kh\u00e1ch s\u1ea1n.<span class=\"uJ19be notranslate\" data-wiz-uids=\"PPMuh_k,PPMuh_l\" data-complete=\"true\" data-processed=\"true\"><span class=\"vKEkVd\" data-animation-atomic=\"\" data-sae=\"\">\u00a0<\/span><\/span><\/span><\/p>\n<p class=\"Fsg96\" data-complete=\"true\" data-processed=\"true\"><img fetchpriority=\"high\" decoding=\"async\" class=\"aligncenter wp-image-12554 size-medium\" src=\"http:\/\/thietbidienlama.com\/wp-content\/uploads\/2025\/02\/Bo-1-Cong-Tac-B-1-Chieu-Dong-Moderva-Mau-Vang-Anh-Kim-WMF501MYZ-VN-Panasonic-300x300.jpg\" alt=\"B\u1ed9 1 C\u00f4ng T\u1eafc \u0110\u01a1n 1 Chi\u1ec1u Panasonic WMF501MYZ-VN Moderva\" width=\"300\" height=\"300\" srcset=\"https:\/\/www.thietbidienlama.com\/wp-content\/uploads\/2025\/02\/Bo-1-Cong-Tac-B-1-Chieu-Dong-Moderva-Mau-Vang-Anh-Kim-WMF501MYZ-VN-Panasonic-300x300.jpg 300w, https:\/\/www.thietbidienlama.com\/wp-content\/uploads\/2025\/02\/Bo-1-Cong-Tac-B-1-Chieu-Dong-Moderva-Mau-Vang-Anh-Kim-WMF501MYZ-VN-Panasonic-150x150.jpg 150w, https:\/\/www.thietbidienlama.com\/wp-content\/uploads\/2025\/02\/Bo-1-Cong-Tac-B-1-Chieu-Dong-Moderva-Mau-Vang-Anh-Kim-WMF501MYZ-VN-Panasonic-12x12.jpg 12w, https:\/\/www.thietbidienlama.com\/wp-content\/uploads\/2025\/02\/Bo-1-Cong-Tac-B-1-Chieu-Dong-Moderva-Mau-Vang-Anh-Kim-WMF501MYZ-VN-Panasonic.jpg 500w\" sizes=\"(max-width: 300px) 100vw, 300px\" \/><\/p>\n<h3 class=\"AdPoic\" role=\"heading\" aria-level=\"3\" data-complete=\"true\" data-processed=\"true\"><span style=\"font-size: 14pt; color: #000000;\">\u0110\u1eb7c \u0111i\u1ec3m s\u1ea3n ph\u1ea9m<\/span><\/h3>\n<ul class=\"KsbFXc U6u95\" data-complete=\"true\" data-processed=\"true\">\n<li data-hveid=\"CAEIBRAA\" data-complete=\"true\" data-sae=\"\"><span class=\"T286Pc\" style=\"font-size: 12pt; color: #000000;\" data-sfc-cp=\"\" data-complete=\"true\"><strong class=\"Yjhzub\" data-complete=\"true\">M\u00e3 s\u1ea3n ph\u1ea9m<\/strong>: WMF501MYZ-VN.<\/span><\/li>\n<li data-hveid=\"CAEIBRAB\" data-complete=\"true\" data-sae=\"\"><span class=\"T286Pc\" style=\"font-size: 12pt; color: #000000;\" data-sfc-cp=\"\" data-complete=\"true\"><strong class=\"Yjhzub\" data-complete=\"true\">D\u00f2ng s\u1ea3n ph\u1ea9m<\/strong>: Moderva, n\u1ed5i b\u1eadt v\u1edbi thi\u1ebft k\u1ebf vu\u00f4ng v\u1eafn, hi\u1ec7n \u0111\u1ea1i v\u00e0 ch\u1ea5t li\u1ec7u cao c\u1ea5p.<\/span><\/li>\n<li data-hveid=\"CAEIBRAC\" data-complete=\"true\" data-sae=\"\"><span class=\"T286Pc\" style=\"font-size: 12pt; color: #000000;\" data-sfc-cp=\"\" data-complete=\"true\"><strong class=\"Yjhzub\" data-complete=\"true\">M\u00e0u s\u1eafc<\/strong>: V\u00e0ng \u00e1nh kim, t\u1ea1o \u0111i\u1ec3m nh\u1ea5n n\u1ed5i b\u1eadt v\u00e0 sang tr\u1ecdng cho kh\u00f4ng gian l\u1eafp \u0111\u1eb7t.<\/span><\/li>\n<li data-hveid=\"CAEIBRAD\" data-complete=\"true\" data-sae=\"\"><span class=\"T286Pc\" style=\"font-size: 12pt; color: #000000;\" data-sfc-cp=\"\" data-complete=\"true\"><strong class=\"Yjhzub\" data-complete=\"true\">Ch\u1ea5t li\u1ec7u<\/strong>: Nh\u1ef1a Urea Resin ho\u1eb7c PC\/ABS cao c\u1ea5p, c\u00f3 kh\u1ea3 n\u0103ng ch\u1ed1ng phai m\u00e0u, \u1ed1 v\u00e0ng theo th\u1eddi gian v\u00e0 ch\u1ed1ng b\u00e1m b\u1ea9n.<\/span><\/li>\n<li data-hveid=\"CAEIBRAE\" data-complete=\"true\" data-sae=\"\"><span class=\"T286Pc\" style=\"font-size: 12pt; color: #000000;\" data-sfc-cp=\"\" data-complete=\"true\"><strong class=\"Yjhzub\" data-complete=\"true\">Th\u00f4ng s\u1ed1 k\u1ef9 thu\u1eadt<\/strong>:<\/span>\n<ul class=\"KsbFXc U6u95\" data-complete=\"true\">\n<li data-hveid=\"CAEIBRAF\" data-complete=\"true\" data-sae=\"\"><span class=\"T286Pc\" style=\"font-size: 12pt; color: #000000;\" data-sfc-cp=\"\" data-complete=\"true\"><strong class=\"Yjhzub\" data-complete=\"true\">\u0110i\u1ec7n \u00e1p<\/strong>: 250V.<\/span><\/li>\n<li data-hveid=\"CAEIBRAG\" data-complete=\"true\" data-sae=\"\"><span class=\"T286Pc\" style=\"font-size: 12pt; color: #000000;\" data-sfc-cp=\"\" data-complete=\"true\"><strong class=\"Yjhzub\" data-complete=\"true\">D\u00f2ng \u0111i\u1ec7n \u0111\u1ecbnh m\u1ee9c<\/strong>: 10A.<\/span><\/li>\n<li data-hveid=\"CAEIBRAH\" data-complete=\"true\" data-sae=\"\"><span class=\"T286Pc\" style=\"font-size: 12pt; color: #000000;\" data-sfc-cp=\"\" data-complete=\"true\"><strong class=\"Yjhzub\" data-complete=\"true\">Ki\u1ec3u c\u00f4ng t\u1eafc<\/strong>: M\u1ed9t chi\u1ec1u.<\/span><\/li>\n<\/ul>\n<\/li>\n<li data-hveid=\"CAEIBRAI\" data-complete=\"true\" data-sae=\"\"><span class=\"T286Pc\" style=\"font-size: 12pt; color: #000000;\" data-sfc-cp=\"\" data-complete=\"true\"><strong class=\"Yjhzub\" data-complete=\"true\">Thi\u1ebft k\u1ebf<\/strong>: M\u1eb7t nh\u1ea5n l\u1edbn gi\u00fap thao t\u00e1c d\u1ec5 d\u00e0ng v\u00e0 \u0111\u01a1n gi\u1ea3n. G\u00f3c \u0111\u1ea3o chi\u1ec1u b\u1eadt t\u1eaft nh\u1ecf, gi\u00fap s\u1ea3n ph\u1ea9m tr\u00f4ng thanh m\u1ea3nh h\u01a1n.<\/span><\/li>\n<li data-hveid=\"CAEIBRAJ\" data-complete=\"true\" data-sae=\"\"><span class=\"T286Pc\" style=\"font-size: 12pt; color: #000000;\" data-sfc-cp=\"\" data-complete=\"true\"><strong class=\"Yjhzub\" data-complete=\"true\">Ki\u1ec3u l\u1eafp \u0111\u1eb7t<\/strong>: B\u1eaft v\u00edt.<\/span><\/li>\n<\/ul>\n<p>&nbsp;<\/p>\n<p><span style=\"font-size: 12pt; color: #000000;\"><strong>LI\u00caN H\u1ec6 : Hotline: 0935 228 204 ( Ms Lam )<\/strong><\/span><\/p>\n<p><span style=\"font-size: 12pt; color: #000000;\"><strong>Facebook:\u00a0<span style=\"color: #ff6600;\"><a style=\"color: #ff6600;\" href=\"https:\/\/www.facebook.com\/thietbidienlama\" target=\"_blank\" rel=\"noopener\">THI\u1ebeT\u00a0B\u1eca \u0110I\u1ec6N LAMA<\/a><\/span><\/strong><\/span><\/p>\n<p><span style=\"font-size: 12pt; color: #000000;\"><strong>Tiktok:\u00a0<span style=\"color: #ff6600;\"><a style=\"color: #ff6600;\" href=\"https:\/\/www.tiktok.com\/@thietbidienlama\" target=\"_blank\" rel=\"noopener\">THI\u1ebeT\u00a0B\u1eca \u0110I\u1ec6N LAMA<\/a><\/span><\/strong><\/span><\/p>","protected":false},"excerpt":{"rendered":"<p>B\u1ed9 1 C\u00f4ng T\u1eafc \u0110\u01a1n 1 Chi\u1ec1u Panasonic WMF501MYZ-VN Moderva B\u1ed9 1 C\u00f4ng t\u1eafc \u0111\u01a1n 1 chi\u1ec1u Panasonic\u00a0WMF501MYZ-VN thu\u1ed9c d\u00f2ng<\/p>","protected":false},"featured_media":12554,"comment_status":"closed","ping_status":"closed","template":"","meta":[],"product_brand":[],"product_cat":[856,903],"product_tag":[904,906,734],"class_list":{"0":"post-13261","1":"product","2":"type-product","3":"status-publish","4":"has-post-thumbnail","6":"product_cat-cong-tac-panasonic","7":"product_cat-cong-tac-panasonic-moderva","8":"product_tag-cong-tac-1-chieu","9":"product_tag-cong-tac-don-1-chieu","10":"product_tag-cong-tac-panasonic","12":"first","13":"instock","14":"sale","15":"shipping-taxable","16":"purchasable","17":"product-type-simple"},"_links":{"self":[{"href":"https:\/\/www.thietbidienlama.com\/en\/wp-json\/wp\/v2\/product\/13261","targetHints":{"allow":["GET"]}}],"collection":[{"href":"https:\/\/www.thietbidienlama.com\/en\/wp-json\/wp\/v2\/product"}],"about":[{"href":"https:\/\/www.thietbidienlama.com\/en\/wp-json\/wp\/v2\/types\/product"}],"replies":[{"embeddable":true,"href":"https:\/\/www.thietbidienlama.com\/en\/wp-json\/wp\/v2\/comments?post=13261"}],"version-history":[{"count":1,"href":"https:\/\/www.thietbidienlama.com\/en\/wp-json\/wp\/v2\/product\/13261\/revisions"}],"predecessor-version":[{"id":13263,"href":"https:\/\/www.thietbidienlama.com\/en\/wp-json\/wp\/v2\/product\/13261\/revisions\/13263"}],"wp:featuredmedia":[{"embeddable":true,"href":"https:\/\/www.thietbidienlama.com\/en\/wp-json\/wp\/v2\/media\/12554"}],"wp:attachment":[{"href":"https:\/\/www.thietbidienlama.com\/en\/wp-json\/wp\/v2\/media?parent=13261"}],"wp:term":[{"taxonomy":"product_brand","embeddable":true,"href":"https:\/\/www.thietbidienlama.com\/en\/wp-json\/wp\/v2\/product_brand?post=13261"},{"taxonomy":"product_cat","embeddable":true,"href":"https:\/\/www.thietbidienlama.com\/en\/wp-json\/wp\/v2\/product_cat?post=13261"},{"taxonomy":"product_tag","embeddable":true,"href":"https:\/\/www.thietbidienlama.com\/en\/wp-json\/wp\/v2\/product_tag?post=13261"}],"curies":[{"name":"wp","href":"https:\/\/api.w.org\/{rel}","templated":true}]}}