{"id":13258,"date":"2025-10-17T13:52:58","date_gmt":"2025-10-17T06:52:58","guid":{"rendered":"https:\/\/thietbidienlama.com\/?post_type=product&#038;p=13258"},"modified":"2025-10-17T13:52:59","modified_gmt":"2025-10-17T06:52:59","slug":"bo-1-cong-tac-b-1-chieu-wmf501-vn","status":"publish","type":"product","link":"https:\/\/www.thietbidienlama.com\/en\/bo-1-cong-tac-b-1-chieu-wmf501-vn\/","title":{"rendered":"B\u1ed9 1 C\u00f4ng T\u1eafc B 1 Chi\u1ec1u WMF501-VN Moderva Panasonic"},"content":{"rendered":"<h2 style=\"text-align: center;\"><span style=\"color: #000000;\">B\u1ed9 1 C\u00f4ng T\u1eafc B 1 Chi\u1ec1u WMF501-VN Moderva Panasonic<\/span><\/h2>\n<p><img fetchpriority=\"high\" decoding=\"async\" class=\"alignnone size-medium wp-image-12540 aligncenter\" src=\"http:\/\/thietbidienlama.com\/wp-content\/uploads\/2025\/02\/Bo-1-Cong-Tac-B-1-Chieu-Dong-Moderva-Mau-Trang-WMF501-VN-Panasonic-300x300.jpg\" alt=\"\" width=\"300\" height=\"300\" srcset=\"https:\/\/www.thietbidienlama.com\/wp-content\/uploads\/2025\/02\/Bo-1-Cong-Tac-B-1-Chieu-Dong-Moderva-Mau-Trang-WMF501-VN-Panasonic-300x300.jpg 300w, https:\/\/www.thietbidienlama.com\/wp-content\/uploads\/2025\/02\/Bo-1-Cong-Tac-B-1-Chieu-Dong-Moderva-Mau-Trang-WMF501-VN-Panasonic-150x150.jpg 150w, https:\/\/www.thietbidienlama.com\/wp-content\/uploads\/2025\/02\/Bo-1-Cong-Tac-B-1-Chieu-Dong-Moderva-Mau-Trang-WMF501-VN-Panasonic-12x12.jpg 12w, https:\/\/www.thietbidienlama.com\/wp-content\/uploads\/2025\/02\/Bo-1-Cong-Tac-B-1-Chieu-Dong-Moderva-Mau-Trang-WMF501-VN-Panasonic.jpg 500w\" sizes=\"(max-width: 300px) 100vw, 300px\" \/><\/p>\n<p class=\"Y3BBE\" data-hveid=\"CAMQAA\" data-complete=\"true\" data-processed=\"true\"><span style=\"font-size: 12pt; color: #000000; font-family: arial, helvetica, sans-serif;\">B\u1ed9\u00a0<strong class=\"Yjhzub\" data-complete=\"true\" data-processed=\"true\">1 <span style=\"color: #ff6600;\"><a style=\"color: #ff6600;\" href=\"https:\/\/thietbidienlama.com\/bo-1-cong-tac-b-1-chieu-wmf501-vn\/\">c\u00f4ng t\u1eafc B 1 chi\u1ec1u<\/a><\/span> WMF501-VN<\/strong>\u00a0c\u1ee7a Panasonic\u00a0<\/span>l\u00e0 s\u1ea3n ph\u1ea9m thu\u1ed9c d\u00f2ng c\u00f4ng t\u1eafc \u1ed5 c\u1eafm\u00a0Moderva, c\u00f3 thi\u1ebft k\u1ebf hi\u1ec7n \u0111\u1ea1i, sang tr\u1ecdng v\u00e0 \u0111\u1ed9 b\u1ec1n cao<span style=\"font-size: 12pt; color: #000000; font-family: arial, helvetica, sans-serif;\">. S\u1ea3n ph\u1ea9m s\u1eed d\u1ee5ng nh\u1ef1a Urea Resin ho\u1eb7c PC\/ABS cao c\u1ea5p, c\u00f3 kh\u1ea3 n\u0103ng ch\u1ed1ng phai m\u00e0u, \u1ed1 v\u00e0ng theo th\u1eddi gian v\u00e0 ch\u1ed1ng b\u00e1m b\u1ea9n t\u1ed1t.<\/span><\/p>\n<h3 class=\"AdPoic\" role=\"heading\" aria-level=\"3\" data-processed=\"true\" data-complete=\"true\"><span style=\"font-size: 14pt; color: #000000; font-family: arial, helvetica, sans-serif;\">\u0110\u1eb7c \u0111i\u1ec3m s\u1ea3n ph\u1ea9m<\/span><\/h3>\n<ul class=\"KsbFXc U6u95\" data-complete=\"true\" data-processed=\"true\">\n<li data-hveid=\"CAUQAA\" data-complete=\"true\" data-sae=\"\"><span class=\"T286Pc\" style=\"font-size: 12pt; color: #000000; font-family: arial, helvetica, sans-serif;\" data-sfc-cp=\"\" data-complete=\"true\"><strong class=\"Yjhzub\" data-complete=\"true\">M\u00e3 s\u1ea3n ph\u1ea9m<\/strong>: WMF501-VN.<\/span><\/li>\n<li data-hveid=\"CAUQAQ\" data-complete=\"true\" data-sae=\"\"><span class=\"T286Pc\" style=\"font-size: 12pt; color: #000000; font-family: arial, helvetica, sans-serif;\" data-sfc-cp=\"\" data-complete=\"true\"><strong class=\"Yjhzub\" data-complete=\"true\">D\u00f2ng s\u1ea3n ph\u1ea9m<\/strong>: Moderva, \u0111\u01b0\u1ee3c thi\u1ebft k\u1ebf chuy\u00ean d\u1ee5ng cho c\u00e1c kh\u00f4ng gian sang tr\u1ecdng nh\u01b0 kh\u00e1ch s\u1ea1n.<\/span><\/li>\n<li data-hveid=\"CAUQAg\" data-complete=\"true\" data-sae=\"\"><span class=\"T286Pc\" style=\"font-size: 12pt; color: #000000; font-family: arial, helvetica, sans-serif;\" data-sfc-cp=\"\" data-complete=\"true\"><strong class=\"Yjhzub\" data-complete=\"true\">Ch\u1ea5t li\u1ec7u<\/strong>: Nh\u1ef1a PC\/ABS ho\u1eb7c Urea Resin, c\u00f3 l\u1edbp s\u01a1n d\u00e0y, b\u00f3ng, c\u00f3 \u00e1nh kim.<\/span><\/li>\n<li data-hveid=\"CAUQAw\" data-complete=\"true\" data-sae=\"\"><span class=\"T286Pc\" style=\"font-size: 12pt; color: #000000; font-family: arial, helvetica, sans-serif;\" data-sfc-cp=\"\" data-complete=\"true\"><strong class=\"Yjhzub\" data-complete=\"true\">M\u00e0u s\u1eafc<\/strong>: Tr\u1eafng, ngo\u00e0i ra c\u00f2n c\u00f3 c\u00e1c t\u00f9y ch\u1ecdn m\u00e0u kh\u00e1c nh\u01b0 v\u00e0ng \u00e1nh kim (WMF501MYZ-VN) v\u00e0 x\u00e1m \u00e1nh kim (WMF501MYH-VN).<\/span><\/li>\n<li data-hveid=\"CAUQBA\" data-complete=\"true\" data-sae=\"\"><span class=\"T286Pc\" style=\"font-size: 12pt; color: #000000; font-family: arial, helvetica, sans-serif;\" data-sfc-cp=\"\" data-complete=\"true\"><strong class=\"Yjhzub\" data-complete=\"true\">Th\u00f4ng s\u1ed1 k\u1ef9 thu\u1eadt<\/strong>:<\/span>\n<ul class=\"KsbFXc U6u95\" data-complete=\"true\">\n<li data-hveid=\"CAUQBQ\" data-complete=\"true\" data-sae=\"\"><span class=\"T286Pc\" style=\"font-size: 12pt; color: #000000; font-family: arial, helvetica, sans-serif;\" data-sfc-cp=\"\" data-complete=\"true\"><strong class=\"Yjhzub\" data-complete=\"true\">\u0110i\u1ec7n \u00e1p<\/strong>: 250V AC.<\/span><\/li>\n<li data-hveid=\"CAUQBg\" data-complete=\"true\" data-sae=\"\"><span class=\"T286Pc\" style=\"font-size: 12pt; color: #000000; font-family: arial, helvetica, sans-serif;\" data-sfc-cp=\"\" data-complete=\"true\"><strong class=\"Yjhzub\" data-complete=\"true\">D\u00f2ng \u0111i\u1ec7n \u0111\u1ecbnh m\u1ee9c<\/strong>: 10A.<\/span><\/li>\n<li data-hveid=\"CAUQBw\" data-complete=\"true\" data-sae=\"\"><span class=\"T286Pc\" style=\"font-size: 12pt; color: #000000; font-family: arial, helvetica, sans-serif;\" data-sfc-cp=\"\" data-complete=\"true\"><strong class=\"Yjhzub\" data-complete=\"true\">K\u00edch th\u01b0\u1edbc<\/strong>: Vu\u00f4ng 86x86mm.<\/span><\/li>\n<\/ul>\n<\/li>\n<li data-hveid=\"CAUQCA\" data-complete=\"true\" data-sae=\"\"><span class=\"T286Pc\" style=\"font-size: 12pt; color: #000000; font-family: arial, helvetica, sans-serif;\" data-sfc-cp=\"\" data-complete=\"true\"><strong class=\"Yjhzub\" data-complete=\"true\">Thi\u1ebft k\u1ebf<\/strong>: M\u1eb7t nh\u1ea5n l\u1edbn gi\u00fap thao t\u00e1c d\u1ec5 d\u00e0ng v\u00e0 \u0111\u01a1n gi\u1ea3n h\u01a1n.<\/span><\/li>\n<li data-hveid=\"CAUQCQ\" data-complete=\"true\" data-sae=\"\"><span class=\"T286Pc\" style=\"font-size: 12pt; color: #000000; font-family: arial, helvetica, sans-serif;\" data-sfc-cp=\"\" data-complete=\"true\"><strong class=\"Yjhzub\" data-complete=\"true\">Ki\u1ec3u l\u1eafp \u0111\u1eb7t<\/strong>: B\u1eaft v\u00edt.<\/span><\/li>\n<\/ul>\n<p>&nbsp;<\/p>\n<p><span style=\"font-size: 12pt; color: #000000;\"><strong>LI\u00caN H\u1ec6 : Hotline: 0935 228 204 ( Ms Lam )<\/strong><\/span><\/p>\n<p><span style=\"font-size: 12pt; color: #000000;\"><strong>Facebook:\u00a0<span style=\"color: #ff6600;\"><a style=\"color: #ff6600;\" href=\"https:\/\/www.facebook.com\/thietbidienlama\" target=\"_blank\" rel=\"noopener\">THI\u1ebeT\u00a0B\u1eca \u0110I\u1ec6N LAMA<\/a><\/span><\/strong><\/span><\/p>\n<p><span style=\"font-size: 12pt; color: #000000;\"><strong>Tiktok:\u00a0<span style=\"color: #ff6600;\"><a style=\"color: #ff6600;\" href=\"https:\/\/www.tiktok.com\/@thietbidienlama\" target=\"_blank\" rel=\"noopener\">THI\u1ebeT\u00a0B\u1eca \u0110I\u1ec6N LAMA<\/a><\/span><\/strong><\/span><\/p>","protected":false},"excerpt":{"rendered":"<p>B\u1ed9 1 C\u00f4ng T\u1eafc B 1 Chi\u1ec1u WMF501-VN Moderva Panasonic B\u1ed9\u00a01 c\u00f4ng t\u1eafc B 1 chi\u1ec1u WMF501-VN\u00a0c\u1ee7a Panasonic\u00a0l\u00e0 s\u1ea3n ph\u1ea9m<\/p>","protected":false},"featured_media":12540,"comment_status":"closed","ping_status":"closed","template":"","meta":[],"product_brand":[],"product_cat":[856,903],"product_tag":[904,688,905,734],"class_list":{"0":"post-13258","1":"product","2":"type-product","3":"status-publish","4":"has-post-thumbnail","6":"product_cat-cong-tac-panasonic","7":"product_cat-cong-tac-panasonic-moderva","8":"product_tag-cong-tac-1-chieu","9":"product_tag-cong-tac-1-chieu-panasonic","10":"product_tag-cong-tac-moderva","11":"product_tag-cong-tac-panasonic","13":"first","14":"instock","15":"sale","16":"shipping-taxable","17":"purchasable","18":"product-type-simple"},"_links":{"self":[{"href":"https:\/\/www.thietbidienlama.com\/en\/wp-json\/wp\/v2\/product\/13258","targetHints":{"allow":["GET"]}}],"collection":[{"href":"https:\/\/www.thietbidienlama.com\/en\/wp-json\/wp\/v2\/product"}],"about":[{"href":"https:\/\/www.thietbidienlama.com\/en\/wp-json\/wp\/v2\/types\/product"}],"replies":[{"embeddable":true,"href":"https:\/\/www.thietbidienlama.com\/en\/wp-json\/wp\/v2\/comments?post=13258"}],"version-history":[{"count":1,"href":"https:\/\/www.thietbidienlama.com\/en\/wp-json\/wp\/v2\/product\/13258\/revisions"}],"predecessor-version":[{"id":13259,"href":"https:\/\/www.thietbidienlama.com\/en\/wp-json\/wp\/v2\/product\/13258\/revisions\/13259"}],"wp:featuredmedia":[{"embeddable":true,"href":"https:\/\/www.thietbidienlama.com\/en\/wp-json\/wp\/v2\/media\/12540"}],"wp:attachment":[{"href":"https:\/\/www.thietbidienlama.com\/en\/wp-json\/wp\/v2\/media?parent=13258"}],"wp:term":[{"taxonomy":"product_brand","embeddable":true,"href":"https:\/\/www.thietbidienlama.com\/en\/wp-json\/wp\/v2\/product_brand?post=13258"},{"taxonomy":"product_cat","embeddable":true,"href":"https:\/\/www.thietbidienlama.com\/en\/wp-json\/wp\/v2\/product_cat?post=13258"},{"taxonomy":"product_tag","embeddable":true,"href":"https:\/\/www.thietbidienlama.com\/en\/wp-json\/wp\/v2\/product_tag?post=13258"}],"curies":[{"name":"wp","href":"https:\/\/api.w.org\/{rel}","templated":true}]}}