{"id":13232,"date":"2025-10-15T15:06:00","date_gmt":"2025-10-15T08:06:00","guid":{"rendered":"https:\/\/thietbidienlama.com\/?post_type=product&#038;p=13232"},"modified":"2025-11-14T10:18:21","modified_gmt":"2025-11-14T03:18:21","slug":"den-truong-trang-tri-hien-dai","status":"publish","type":"product","link":"https:\/\/www.thietbidienlama.com\/en\/den-truong-trang-tri-hien-dai\/","title":{"rendered":"\u0110\u00e8n Tr\u01b0\u1eddng Trang Tr\u00ed Hi\u1ec7n \u0110\u1ea1i CN-78 &#8211; Euroto"},"content":{"rendered":"<h2 style=\"text-align: center;\"><span style=\"color: #000000;\">\u0110\u00e8n Tr\u01b0\u1eddng Trang Tr\u00ed Hi\u1ec7n \u0110\u1ea1i CN-78 &#8211; Euroto<\/span><\/h2>\n<p><span style=\"font-size: 12pt; color: #000000;\">\u0110\u00e8n t\u01b0\u1eddng trang tr\u00ed hi\u1ec7n \u0111\u1ea1i Euroto CN-78 l\u00e0 lo\u1ea1i \u0111\u00e8n trang tr\u00ed \u0111\u01b0\u1ee3c thi\u1ebft k\u1ebf \u0111\u1ec3 l\u1eafp \u0111\u1eb7t ngo\u00e0i tr\u1eddi, c\u00f3 kh\u1ea3 n\u0103ng ch\u1ed1ng ch\u1ecbu th\u1eddi ti\u1ebft, mang l\u1ea1i v\u1ebb \u0111\u1eb9p tinh t\u1ebf v\u00e0 sang tr\u1ecdng.<\/span><\/p>\n<p><span style=\"font-size: 12pt; color: #000000;\"><strong>D\u00f2ng s\u1ea3n ph\u1ea9m<\/strong>: <strong><span style=\"color: #ff6600;\"><a style=\"color: #ff6600;\" href=\"https:\/\/thietbidienlama.com\/den-truong-trang-tri-hien-dai\/\">\u0110\u00e8n t\u01b0\u1eddng trang tr\u00ed hi\u1ec7n \u0111\u1ea1i<\/a><\/span><\/strong><\/span><br \/>\n<span style=\"font-size: 12pt; color: #000000;\"><strong>M\u00e0u s\u1eafc \u00e1nh s\u00e1ng<\/strong>: \u00c1nh s\u00e1ng tr\u1eafng ho\u1eb7c v\u00e0ng.<\/span><br \/>\n<span style=\"font-size: 12pt; color: #000000;\"><strong>Chi\u1ec1u ngang \u0111\u00e8n<\/strong>: 110mm x 180mm.<\/span><br \/>\n<span style=\"font-size: 12pt; color: #000000;\"><strong>Chi\u1ec1u cao \u0111\u00e8n<\/strong>: 300mm.<\/span><br \/>\n<span style=\"font-size: 12pt; color: #000000;\"><strong>Ch\u1ea5t li\u1ec7u<\/strong>: Th\u00e2n \u0111\u00e8n b\u1eb1ng kim lo\u1ea1i s\u01a1n t\u0129nh \u0111i\u1ec7n.<\/span><br \/>\n<span style=\"font-size: 12pt; color: #000000;\"><strong>Xu\u1ea5t x\u1ee9<\/strong>: H\u00e0ng nh\u1eadp kh\u1ea9u.<\/span><br \/>\n<span style=\"font-size: 12pt; color: #000000;\"><strong>Lo\u1ea1i b\u00f3ng<\/strong>: B\u00f3ng E27 gi\u00e1 tr\u00ean ch\u01b0a bao g\u1ed3m b\u00f3ng.<\/span><br \/>\n<span style=\"font-size: 12pt; color: #000000;\"><strong>M\u00f4 t\u1ea3<\/strong>: \u0110\u00e8n ch\u1ed1ng n\u1ed5 trang tr\u00ed v\u00e1ch ngo\u00e0i tr\u1eddi \u0111\u01b0\u1ee3c c\u1ea5u t\u1ea1o v\u1edbi th\u00e2n \u0111\u00e8n b\u1eb1ng kim lo\u1ea1i s\u01a1n t\u0129nh \u0111i\u1ec7n v\u00e0 chao \u0111\u00e8n b\u1eb1ng th\u1ee7y tinh v\u1edbi phong c\u00e1ch \u0111\u01a1n gi\u00e3n nh\u1eb1m t\u00f4 \u0111i\u1ec3m cho kh\u00f4ng gian chi\u1ebfu s\u00e1ng. <\/span><\/p>\n<p><span style=\"font-size: 12pt; color: #000000;\">\u0110\u00e8n \u0111\u01b0\u1ee3c g\u1eafn ngo\u00e0i tr\u1eddi c\u00f3 kh\u1ea3 n\u0103ng kh\u00e1ng n\u01b0\u1edbc.<\/span><\/p>\n<p><img fetchpriority=\"high\" decoding=\"async\" class=\"aligncenter wp-image-13233 size-medium\" src=\"http:\/\/thietbidienlama.com\/wp-content\/uploads\/2025\/10\/Den-Tuong-Trang-Tri-CN-78-Euroto-Chua-kem-bong-E27--300x300.jpg\" alt=\"\u0110\u00e8n Tr\u01b0\u1eddng Trang Tr\u00ed Hi\u1ec7n \u0110\u1ea1i CN-78 - Euroto\" width=\"300\" height=\"300\" srcset=\"https:\/\/www.thietbidienlama.com\/wp-content\/uploads\/2025\/10\/Den-Tuong-Trang-Tri-CN-78-Euroto-Chua-kem-bong-E27--300x300.jpg 300w, https:\/\/www.thietbidienlama.com\/wp-content\/uploads\/2025\/10\/Den-Tuong-Trang-Tri-CN-78-Euroto-Chua-kem-bong-E27--150x150.jpg 150w, https:\/\/www.thietbidienlama.com\/wp-content\/uploads\/2025\/10\/Den-Tuong-Trang-Tri-CN-78-Euroto-Chua-kem-bong-E27--12x12.jpg 12w, https:\/\/www.thietbidienlama.com\/wp-content\/uploads\/2025\/10\/Den-Tuong-Trang-Tri-CN-78-Euroto-Chua-kem-bong-E27-.jpg 500w\" sizes=\"(max-width: 300px) 100vw, 300px\" \/><\/p>\n<p><span style=\"font-size: 12pt; color: #000000;\"><strong>C\u1ea5p b\u1ea3o v\u1ec7<\/strong>: IP44.<\/span><br \/>\n<span style=\"font-size: 12pt; color: #000000;\"><strong>\u1ee8ng d\u1ee5ng<\/strong>: S\u1eed d\u1ee5ng trong trang tr\u00ed trong nh\u00e0 v\u00e0 ngo\u00e0i tr\u1eddi.<\/span><br \/>\n<span style=\"font-size: 12pt; color: #000000;\"><strong>B\u1ea3o h\u00e0nh<\/strong>: 12 th\u00e1ng.<\/span><\/p>\n<p><span style=\"font-size: 12pt; color: #000000;\"><strong>LI\u00caN H\u1ec6 : Hotline: 0935 228 204 ( Ms Lam )<\/strong><\/span><\/p>\n<p><span style=\"font-size: 12pt; color: #000000;\"><strong>Facebook:\u00a0<span style=\"color: #ff6600;\"><a style=\"color: #ff6600;\" href=\"https:\/\/www.facebook.com\/thietbidienlama\" target=\"_blank\" rel=\"noopener\">THI\u1ebeT\u00a0B\u1eca \u0110I\u1ec6N LAMA<\/a><\/span><\/strong><\/span><\/p>\n<p><span style=\"font-size: 12pt; color: #000000;\"><strong>Tiktok:\u00a0<span style=\"color: #ff6600;\"><a style=\"color: #ff6600;\" href=\"https:\/\/www.tiktok.com\/@thietbidienlama\" target=\"_blank\" rel=\"noopener\">THI\u1ebeT\u00a0B\u1eca \u0110I\u1ec6N LAMA<\/a><\/span><\/strong><\/span><\/p>","protected":false},"excerpt":{"rendered":"<p>\u0110\u00e8n Tr\u01b0\u1eddng Trang Tr\u00ed Hi\u1ec7n \u0110\u1ea1i CN-78 &#8211; Euroto \u0110\u00e8n t\u01b0\u1eddng trang tr\u00ed hi\u1ec7n \u0111\u1ea1i Euroto CN-78 l\u00e0 lo\u1ea1i \u0111\u00e8n<\/p>","protected":false},"featured_media":13233,"comment_status":"closed","ping_status":"closed","template":"","meta":[],"product_brand":[],"product_cat":[505,848,845],"product_tag":[902,789,791,972,901],"class_list":{"0":"post-13232","1":"product","2":"type-product","3":"status-publish","4":"has-post-thumbnail","6":"product_cat-den-trang-tri","7":"product_cat-den-tuong-euroto","8":"product_cat-den-tuong-trang-tri","9":"product_tag-den-gan-tuong-trang-tri","10":"product_tag-den-trang-tri-treo-tuong","11":"product_tag-den-trang-tri-tuong","12":"product_tag-den-tuong-trang-tri-hien-dai","13":"product_tag-den-tuong-trang-tri-ngoai-troi","15":"first","16":"instock","17":"sale","18":"shipping-taxable","19":"purchasable","20":"product-type-simple"},"_links":{"self":[{"href":"https:\/\/www.thietbidienlama.com\/en\/wp-json\/wp\/v2\/product\/13232","targetHints":{"allow":["GET"]}}],"collection":[{"href":"https:\/\/www.thietbidienlama.com\/en\/wp-json\/wp\/v2\/product"}],"about":[{"href":"https:\/\/www.thietbidienlama.com\/en\/wp-json\/wp\/v2\/types\/product"}],"replies":[{"embeddable":true,"href":"https:\/\/www.thietbidienlama.com\/en\/wp-json\/wp\/v2\/comments?post=13232"}],"version-history":[{"count":3,"href":"https:\/\/www.thietbidienlama.com\/en\/wp-json\/wp\/v2\/product\/13232\/revisions"}],"predecessor-version":[{"id":13562,"href":"https:\/\/www.thietbidienlama.com\/en\/wp-json\/wp\/v2\/product\/13232\/revisions\/13562"}],"wp:featuredmedia":[{"embeddable":true,"href":"https:\/\/www.thietbidienlama.com\/en\/wp-json\/wp\/v2\/media\/13233"}],"wp:attachment":[{"href":"https:\/\/www.thietbidienlama.com\/en\/wp-json\/wp\/v2\/media?parent=13232"}],"wp:term":[{"taxonomy":"product_brand","embeddable":true,"href":"https:\/\/www.thietbidienlama.com\/en\/wp-json\/wp\/v2\/product_brand?post=13232"},{"taxonomy":"product_cat","embeddable":true,"href":"https:\/\/www.thietbidienlama.com\/en\/wp-json\/wp\/v2\/product_cat?post=13232"},{"taxonomy":"product_tag","embeddable":true,"href":"https:\/\/www.thietbidienlama.com\/en\/wp-json\/wp\/v2\/product_tag?post=13232"}],"curies":[{"name":"wp","href":"https:\/\/api.w.org\/{rel}","templated":true}]}}