{"id":13228,"date":"2025-10-15T14:35:44","date_gmt":"2025-10-15T07:35:44","guid":{"rendered":"https:\/\/thietbidienlama.com\/?post_type=product&#038;p=13228"},"modified":"2025-10-15T14:39:12","modified_gmt":"2025-10-15T07:39:12","slug":"bo-chuong-dien-khong-day","status":"publish","type":"product","link":"https:\/\/www.thietbidienlama.com\/en\/bo-chuong-dien-khong-day\/","title":{"rendered":"B\u1ed9 Chu\u00f4ng \u0110i\u1ec7n Kh\u00f4ng D\u00e2y &#8211; Kh\u00f4ng Pin &#8211; ND153W\/\/ND153BK &#8211; Nanoco"},"content":{"rendered":"<h2 style=\"text-align: center;\" data-hveid=\"CAMQAA\" data-complete=\"true\" data-processed=\"true\"><span style=\"color: #000000;\">B\u1ed9 Chu\u00f4ng \u0110i\u1ec7n Kh\u00f4ng D\u00e2y &#8211; Kh\u00f4ng Pin &#8211; ND153W<span style=\"color: #000000; font-size: 18pt; font-family: arial, helvetica, sans-serif;\">\/ND153BK<\/span> &#8211; Nanoco<\/span><\/h2>\n<p class=\"Y3BBE\" data-hveid=\"CAMQAA\" data-complete=\"true\" data-processed=\"true\"><span style=\"color: #000000; font-size: 12pt; font-family: arial, helvetica, sans-serif;\"><span style=\"color: #ff6600;\"><a style=\"color: #ff6600;\" href=\"https:\/\/thietbidienlama.com\/bo-chuong-dien-khong-day\/\"><strong>B\u1ed9 chu\u00f4ng \u0111i\u1ec7n kh\u00f4ng d\u00e2y<\/strong><\/a><\/span> kh\u00f4ng d\u00f9ng pin Nanoco ND153W\/ND153BK l\u00e0 s\u1ea3n ph\u1ea9m chu\u00f4ng c\u1eeda kh\u00f4ng d\u00f9ng pin cho n\u00fat nh\u1ea5n, ho\u1ea1t \u0111\u1ed9ng d\u1ef1a tr\u00ean nguy\u00ean l\u00fd chuy\u1ec3n h\u00f3a c\u01a1 n\u0103ng th\u00e0nh \u0111i\u1ec7n n\u0103ng. S\u1ea3n ph\u1ea9m c\u00f3 m\u00e0u tr\u1eafng v\u00e0 \u0111\u01b0\u1ee3c s\u1ea3n xu\u1ea5t b\u1edfi th\u01b0\u01a1ng hi\u1ec7u Nanoco.<span class=\"uJ19be notranslate\" data-wiz-uids=\"Zwhvre_i,Zwhvre_j\" data-complete=\"true\" data-processed=\"true\"><span class=\"vKEkVd\" data-animation-atomic=\"\" data-sae=\"\">\u00a0<\/span><\/span><\/span><\/p>\n<p class=\"Fsg96\" data-complete=\"true\" data-processed=\"true\"><img fetchpriority=\"high\" decoding=\"async\" class=\"alignnone size-medium wp-image-13226 aligncenter\" src=\"http:\/\/thietbidienlama.com\/wp-content\/uploads\/2025\/10\/Bo-Chuong-Dien-Khong-Day-Mau-Trang-Khong-Pin-ND153W-Nanoco-300x300.png\" alt=\"\" width=\"300\" height=\"300\" srcset=\"https:\/\/www.thietbidienlama.com\/wp-content\/uploads\/2025\/10\/Bo-Chuong-Dien-Khong-Day-Mau-Trang-Khong-Pin-ND153W-Nanoco-300x300.png 300w, https:\/\/www.thietbidienlama.com\/wp-content\/uploads\/2025\/10\/Bo-Chuong-Dien-Khong-Day-Mau-Trang-Khong-Pin-ND153W-Nanoco-150x150.png 150w, https:\/\/www.thietbidienlama.com\/wp-content\/uploads\/2025\/10\/Bo-Chuong-Dien-Khong-Day-Mau-Trang-Khong-Pin-ND153W-Nanoco-12x12.png 12w, https:\/\/www.thietbidienlama.com\/wp-content\/uploads\/2025\/10\/Bo-Chuong-Dien-Khong-Day-Mau-Trang-Khong-Pin-ND153W-Nanoco.png 500w\" sizes=\"(max-width: 300px) 100vw, 300px\" \/><\/p>\n<h3 class=\"AdPoic\" role=\"heading\" aria-level=\"3\" data-complete=\"true\" data-processed=\"true\"><span style=\"font-size: 14pt;\"><strong><span style=\"color: #000000; font-family: arial, helvetica, sans-serif;\">Th\u00f4ng s\u1ed1 k\u1ef9 thu\u1eadt b\u1ed9 chu\u00f4ng \u0111i\u1ec7n kh\u00f4ng d\u00e2y<\/span><\/strong><\/span><\/h3>\n<p class=\"Y3BBE\" data-hveid=\"CAUQAA\" data-complete=\"true\" data-processed=\"true\"><span style=\"color: #000000; font-size: 12pt; font-family: arial, helvetica, sans-serif;\">D\u01b0\u1edbi \u0111\u00e2y l\u00e0 c\u00e1c th\u00f4ng s\u1ed1 chi ti\u1ebft c\u1ee7a b\u1ed9 chu\u00f4ng \u0111i\u1ec7n kh\u00f4ng d\u00e2y Nanoco ND153W:<span class=\"uJ19be notranslate\" data-wiz-uids=\"Zwhvre_r,Zwhvre_s\" data-complete=\"true\" data-processed=\"true\"><span class=\"vKEkVd\" data-animation-atomic=\"\" data-sae=\"\">\u00a0<\/span><\/span><\/span><\/p>\n<ul class=\"KsbFXc U6u95\" data-complete=\"true\" data-processed=\"true\">\n<li data-hveid=\"CAYQAA\" data-complete=\"true\" data-sae=\"\"><span class=\"T286Pc\" style=\"color: #000000; font-size: 12pt; font-family: arial, helvetica, sans-serif;\" data-sfc-cp=\"\" data-complete=\"true\"><strong class=\"Yjhzub\" data-complete=\"true\">Th\u01b0\u01a1ng hi\u1ec7u<\/strong>: Nanoco<\/span><\/li>\n<li data-hveid=\"CAYQAQ\" data-complete=\"true\" data-sae=\"\"><span class=\"T286Pc\" style=\"color: #000000; font-size: 12pt; font-family: arial, helvetica, sans-serif;\" data-sfc-cp=\"\" data-complete=\"true\"><strong class=\"Yjhzub\" data-complete=\"true\">M\u00e3 s\u1ea3n ph\u1ea9m<\/strong>: ND153W<span style=\"color: #000000; font-size: 12pt; font-family: arial, helvetica, sans-serif;\">\/ND153BK<\/span><\/span><\/li>\n<li data-hveid=\"CAYQAg\" data-complete=\"true\" data-sae=\"\"><span class=\"T286Pc\" style=\"color: #000000; font-size: 12pt; font-family: arial, helvetica, sans-serif;\" data-sfc-cp=\"\" data-complete=\"true\"><strong class=\"Yjhzub\" data-complete=\"true\">Ngu\u1ed3n \u0111i\u1ec7n<\/strong>: 110V &#8211; 220V<\/span><\/li>\n<li data-hveid=\"CAYQAw\" data-complete=\"true\" data-sae=\"\"><span class=\"T286Pc\" style=\"color: #000000; font-size: 12pt; font-family: arial, helvetica, sans-serif;\" data-sfc-cp=\"\" data-complete=\"true\"><strong class=\"Yjhzub\" data-complete=\"true\">C\u00f4ng su\u1ea5t ti\u00eau th\u1ee5<\/strong>: T\u1ed1i \u0111a 0.5W<\/span><\/li>\n<li data-hveid=\"CAYQBA\" data-complete=\"true\" data-sae=\"\"><span class=\"T286Pc\" style=\"color: #000000; font-size: 12pt; font-family: arial, helvetica, sans-serif;\" data-sfc-cp=\"\" data-complete=\"true\"><strong class=\"Yjhzub\" data-complete=\"true\">\u00c2m l\u01b0\u1ee3ng<\/strong>: C\u00f3 4 m\u1ee9c \u0111i\u1ec1u ch\u1ec9nh, t\u1eeb 0dB (im l\u1eb7ng) \u0111\u1ebfn 110dB (l\u1edbn)<\/span><\/li>\n<li data-hveid=\"CAYQBA\" data-complete=\"true\" data-sae=\"\"><span style=\"color: #000000;\"><strong>M\u00e0u S\u1eafc<\/strong>: Tr\u1eafng v\u00e0 \u0110en<\/span><\/li>\n<li data-hveid=\"CAYQBQ\" data-complete=\"true\" data-sae=\"\"><span class=\"T286Pc\" style=\"color: #000000; font-size: 12pt; font-family: arial, helvetica, sans-serif;\" data-sfc-cp=\"\" data-complete=\"true\"><strong class=\"Yjhzub\" data-complete=\"true\">Ki\u1ec3u chu\u00f4ng<\/strong>: 36 ki\u1ec3u chu\u00f4ng.<\/span><\/li>\n<li data-hveid=\"CAYQBg\" data-complete=\"true\" data-sae=\"\"><span class=\"T286Pc\" style=\"color: #000000; font-size: 12pt; font-family: arial, helvetica, sans-serif;\" data-sfc-cp=\"\" data-complete=\"true\"><strong class=\"Yjhzub\" data-complete=\"true\">T\u1ea7m ho\u1ea1t \u0111\u1ed9ng<\/strong>: L\u00ean \u0111\u1ebfn 150m (trong \u0111i\u1ec1u ki\u1ec7n kh\u00f4ng v\u1eadt c\u1ea3n).<\/span><\/li>\n<li data-hveid=\"CAYQBw\" data-complete=\"true\" data-sae=\"\"><span class=\"T286Pc\" style=\"color: #000000; font-size: 12pt; font-family: arial, helvetica, sans-serif;\" data-sfc-cp=\"\" data-complete=\"true\"><strong class=\"Yjhzub\" data-complete=\"true\">T\u00ednh n\u0103ng \u0111\u1eb7c bi\u1ec7t<\/strong>:<\/span>\n<ul class=\"KsbFXc U6u95\" data-complete=\"true\">\n<li data-hveid=\"CAYQCA\" data-complete=\"true\" data-sae=\"\"><span class=\"T286Pc\" style=\"color: #000000; font-size: 12pt; font-family: arial, helvetica, sans-serif;\" data-sfc-cp=\"\" data-complete=\"true\"><strong class=\"Yjhzub\" data-complete=\"true\">N\u00fat nh\u1ea5n kh\u00f4ng d\u00f9ng pin<\/strong>: N\u00fat nh\u1ea5n chuy\u1ec3n h\u00f3a \u0111\u1ed9ng n\u0103ng th\u00e0nh \u0111i\u1ec7n n\u0103ng \u0111\u1ec3 ph\u00e1t t\u00edn hi\u1ec7u, kh\u00f4ng c\u1ea7n thay pin.<\/span><\/li>\n<li data-hveid=\"CAYQCQ\" data-complete=\"true\" data-sae=\"\"><span class=\"T286Pc\" style=\"color: #000000; font-size: 12pt; font-family: arial, helvetica, sans-serif;\" data-sfc-cp=\"\" data-complete=\"true\"><strong class=\"Yjhzub\" data-complete=\"true\">B\u00e1o hi\u1ec7u<\/strong>: K\u1ebft h\u1ee3p \u00e2m thanh v\u00e0 \u0111\u00e8n b\u00e1o LED flash.<\/span><\/li>\n<li data-hveid=\"CAYQCg\" data-complete=\"true\" data-sae=\"\"><span class=\"T286Pc\" style=\"color: #000000; font-size: 12pt; font-family: arial, helvetica, sans-serif;\" data-sfc-cp=\"\" data-complete=\"true\"><strong class=\"Yjhzub\" data-complete=\"true\">M\u1edf r\u1ed9ng<\/strong>: C\u00f3 th\u1ec3 k\u1ebft n\u1ed1i th\u00eam \u0111\u1ebfn 8 n\u00fat nh\u1ea5n chu\u00f4ng kh\u00f4ng d\u00f9ng pin.<\/span><\/li>\n<\/ul>\n<\/li>\n<li data-hveid=\"CAYQCw\" data-complete=\"true\" data-sae=\"\"><span style=\"color: #000000; font-size: 12pt; font-family: arial, helvetica, sans-serif;\"><span class=\"T286Pc\" data-sfc-cp=\"\" data-complete=\"true\"><strong class=\"Yjhzub\" data-complete=\"true\">Ch\u1ed1ng n\u01b0\u1edbc<\/strong>: N\u00fat nh\u1ea5n c\u00f3 kh\u1ea3 n\u0103ng ch\u1ed1ng n\u01b0\u1edbc IP44, c\u00f3 th\u1ec3 l\u1eafp \u0111\u1eb7t ngo\u00e0i tr\u1eddi.<\/span><span class=\"uJ19be notranslate\" data-wiz-uids=\"Zwhvre_1x,Zwhvre_1y\" data-complete=\"true\"><span class=\"vKEkVd\" data-animation-atomic=\"\" data-sae=\"\">\u00a0<\/span><\/span><\/span><\/li>\n<\/ul>\n<p><img decoding=\"async\" class=\"alignnone size-medium wp-image-13225 aligncenter\" src=\"http:\/\/thietbidienlama.com\/wp-content\/uploads\/2025\/10\/Bo-Chuong-Dien-Khong-Day-Mau-Den-Khong-Pin-ND153W-Nanoco-300x300.png\" alt=\"\" width=\"300\" height=\"300\" srcset=\"https:\/\/www.thietbidienlama.com\/wp-content\/uploads\/2025\/10\/Bo-Chuong-Dien-Khong-Day-Mau-Den-Khong-Pin-ND153W-Nanoco-300x300.png 300w, https:\/\/www.thietbidienlama.com\/wp-content\/uploads\/2025\/10\/Bo-Chuong-Dien-Khong-Day-Mau-Den-Khong-Pin-ND153W-Nanoco-150x150.png 150w, https:\/\/www.thietbidienlama.com\/wp-content\/uploads\/2025\/10\/Bo-Chuong-Dien-Khong-Day-Mau-Den-Khong-Pin-ND153W-Nanoco-12x12.png 12w, https:\/\/www.thietbidienlama.com\/wp-content\/uploads\/2025\/10\/Bo-Chuong-Dien-Khong-Day-Mau-Den-Khong-Pin-ND153W-Nanoco.png 500w\" sizes=\"(max-width: 300px) 100vw, 300px\" \/><\/p>\n<h3 class=\"AdPoic\" role=\"heading\" aria-level=\"3\" data-complete=\"true\" data-processed=\"true\"><strong><span style=\"color: #000000; font-size: 14pt; font-family: arial, helvetica, sans-serif;\">\u01afu \u0111i\u1ec3m<\/span><\/strong><\/h3>\n<ul class=\"KsbFXc U6u95\" data-complete=\"true\" data-processed=\"true\">\n<li data-hveid=\"CAgQAA\" data-complete=\"true\" data-sae=\"\"><span class=\"T286Pc\" style=\"color: #000000; font-size: 12pt; font-family: arial, helvetica, sans-serif;\" data-sfc-cp=\"\" data-complete=\"true\"><strong class=\"Yjhzub\" data-complete=\"true\">Ti\u1ec7n l\u1ee3i<\/strong>: L\u1eafp \u0111\u1eb7t d\u1ec5 d\u00e0ng, kh\u00f4ng c\u1ea7n d\u00e2y \u0111i\u1ec7n ph\u1ee9c t\u1ea1p v\u00e0 kh\u00f4ng c\u1ea7n khoan \u0111\u1ee5c t\u01b0\u1eddng.<\/span><\/li>\n<li data-hveid=\"CAgQAQ\" data-complete=\"true\" data-sae=\"\"><span class=\"T286Pc\" style=\"color: #000000; font-size: 12pt; font-family: arial, helvetica, sans-serif;\" data-sfc-cp=\"\" data-complete=\"true\"><strong class=\"Yjhzub\" data-complete=\"true\">Kh\u00f4ng c\u1ea7n thay pin<\/strong>: N\u00fat nh\u1ea5n s\u1eed d\u1ee5ng c\u00f4ng ngh\u1ec7 chuy\u1ec3n \u0111\u1ed5i \u0111\u1ed9ng n\u0103ng, gi\u00fap ti\u1ebft ki\u1ec7m chi ph\u00ed v\u00e0 th\u00e2n thi\u1ec7n v\u1edbi m\u00f4i tr\u01b0\u1eddng.<\/span><\/li>\n<li data-hveid=\"CAgQAg\" data-complete=\"true\" data-sae=\"\"><span class=\"T286Pc\" style=\"color: #000000; font-size: 12pt; font-family: arial, helvetica, sans-serif;\" data-sfc-cp=\"\" data-complete=\"true\"><strong class=\"Yjhzub\" data-complete=\"true\">Linh ho\u1ea1t<\/strong>: C\u00f3 nhi\u1ec1u ki\u1ec3u chu\u00f4ng v\u00e0 m\u1ee9c \u00e2m l\u01b0\u1ee3ng \u0111\u1ec3 l\u1ef1a ch\u1ecdn, ph\u00f9 h\u1ee3p v\u1edbi m\u1ecdi nhu c\u1ea7u.<\/span><\/li>\n<li data-hveid=\"CAgQAw\" data-complete=\"true\" data-sae=\"\"><span class=\"T286Pc\" style=\"color: #000000; font-size: 12pt; font-family: arial, helvetica, sans-serif;\" data-sfc-cp=\"\" data-complete=\"true\"><strong class=\"Yjhzub\" data-complete=\"true\">B\u1ec1n b\u1ec9<\/strong>: N\u00fat nh\u1ea5n c\u00f3 \u0111\u1ed9 b\u1ec1n cao, l\u00ean \u0111\u1ebfn 100.000 l\u1ea7n nh\u1ea5n.<\/span><\/li>\n<\/ul>\n<p><span style=\"font-size: 12pt; color: #000000;\"><strong>LI\u00caN H\u1ec6 : Hotline: 0935 228 204 ( Ms Lam )<\/strong><\/span><\/p>\n<p><span style=\"font-size: 12pt; color: #000000;\"><strong>Facebook:\u00a0<span style=\"color: #ff6600;\"><a style=\"color: #ff6600;\" href=\"https:\/\/www.facebook.com\/thietbidienlama\" target=\"_blank\" rel=\"noopener\">THI\u1ebeT\u00a0B\u1eca \u0110I\u1ec6N LAMA<\/a><\/span><\/strong><\/span><\/p>\n<p><span style=\"font-size: 12pt; color: #000000;\"><strong>Tiktok:\u00a0<span style=\"color: #ff6600;\"><a style=\"color: #ff6600;\" href=\"https:\/\/www.tiktok.com\/@thietbidienlama\" target=\"_blank\" rel=\"noopener\">THI\u1ebeT\u00a0B\u1eca \u0110I\u1ec6N LAMA<\/a><\/span><\/strong><\/span><\/p>","protected":false},"excerpt":{"rendered":"<p>B\u1ed9 Chu\u00f4ng \u0110i\u1ec7n Kh\u00f4ng D\u00e2y &#8211; Kh\u00f4ng Pin &#8211; ND153W\/ND153BK &#8211; Nanoco B\u1ed9 chu\u00f4ng \u0111i\u1ec7n kh\u00f4ng d\u00e2y kh\u00f4ng d\u00f9ng pin<\/p>","protected":false},"featured_media":13226,"comment_status":"closed","ping_status":"closed","template":"","meta":[],"product_brand":[],"product_cat":[897,866],"product_tag":[898,899,900],"class_list":{"0":"post-13228","1":"product","2":"type-product","3":"status-publish","4":"has-post-thumbnail","6":"product_cat-phu-kien-nanoco","7":"product_cat-thiet-bi-dien-nanoco","8":"product_tag-chuong-dien-khong-day","9":"product_tag-chuong-khong-day","10":"product_tag-chuong-khong-day-ngoai-troi","12":"first","13":"instock","14":"sale","15":"shipping-taxable","16":"purchasable","17":"product-type-simple"},"_links":{"self":[{"href":"https:\/\/www.thietbidienlama.com\/en\/wp-json\/wp\/v2\/product\/13228","targetHints":{"allow":["GET"]}}],"collection":[{"href":"https:\/\/www.thietbidienlama.com\/en\/wp-json\/wp\/v2\/product"}],"about":[{"href":"https:\/\/www.thietbidienlama.com\/en\/wp-json\/wp\/v2\/types\/product"}],"replies":[{"embeddable":true,"href":"https:\/\/www.thietbidienlama.com\/en\/wp-json\/wp\/v2\/comments?post=13228"}],"version-history":[{"count":3,"href":"https:\/\/www.thietbidienlama.com\/en\/wp-json\/wp\/v2\/product\/13228\/revisions"}],"predecessor-version":[{"id":13231,"href":"https:\/\/www.thietbidienlama.com\/en\/wp-json\/wp\/v2\/product\/13228\/revisions\/13231"}],"wp:featuredmedia":[{"embeddable":true,"href":"https:\/\/www.thietbidienlama.com\/en\/wp-json\/wp\/v2\/media\/13226"}],"wp:attachment":[{"href":"https:\/\/www.thietbidienlama.com\/en\/wp-json\/wp\/v2\/media?parent=13228"}],"wp:term":[{"taxonomy":"product_brand","embeddable":true,"href":"https:\/\/www.thietbidienlama.com\/en\/wp-json\/wp\/v2\/product_brand?post=13228"},{"taxonomy":"product_cat","embeddable":true,"href":"https:\/\/www.thietbidienlama.com\/en\/wp-json\/wp\/v2\/product_cat?post=13228"},{"taxonomy":"product_tag","embeddable":true,"href":"https:\/\/www.thietbidienlama.com\/en\/wp-json\/wp\/v2\/product_tag?post=13228"}],"curies":[{"name":"wp","href":"https:\/\/api.w.org\/{rel}","templated":true}]}}