{"id":13221,"date":"2025-10-14T14:37:33","date_gmt":"2025-10-14T07:37:33","guid":{"rendered":"https:\/\/thietbidienlama.com\/?post_type=product&#038;p=13221"},"modified":"2025-10-14T14:37:33","modified_gmt":"2025-10-14T07:37:33","slug":"den-lon-op-tran-30w-ln-208-euroto","status":"publish","type":"product","link":"https:\/\/www.thietbidienlama.com\/en\/den-lon-op-tran-30w-ln-208-euroto\/","title":{"rendered":"\u0110\u00e8n Lon \u1ed0p Tr\u1ea7n 30W LN 208 &#8211; Euroto"},"content":{"rendered":"<h2 style=\"text-align: center;\"><span style=\"color: #000000;\"><strong>\u0110\u00e8n Lon \u1ed0p Tr\u1ea7n 30W LN 208 &#8211; Euroto<\/strong><\/span><\/h2>\n<p><img fetchpriority=\"high\" decoding=\"async\" class=\"alignnone size-medium wp-image-13222 aligncenter\" src=\"http:\/\/thietbidienlama.com\/wp-content\/uploads\/2025\/10\/Den-Lon-Op-Tran-30W-LN-208-Euroto-300x300.jpg\" alt=\"\" width=\"300\" height=\"300\" srcset=\"https:\/\/www.thietbidienlama.com\/wp-content\/uploads\/2025\/10\/Den-Lon-Op-Tran-30W-LN-208-Euroto-300x300.jpg 300w, https:\/\/www.thietbidienlama.com\/wp-content\/uploads\/2025\/10\/Den-Lon-Op-Tran-30W-LN-208-Euroto-150x150.jpg 150w, https:\/\/www.thietbidienlama.com\/wp-content\/uploads\/2025\/10\/Den-Lon-Op-Tran-30W-LN-208-Euroto-12x12.jpg 12w, https:\/\/www.thietbidienlama.com\/wp-content\/uploads\/2025\/10\/Den-Lon-Op-Tran-30W-LN-208-Euroto.jpg 500w\" sizes=\"(max-width: 300px) 100vw, 300px\" \/><\/p>\n<p><span style=\"color: #000000;\"><strong><a href=\"https:\/\/thietbidienlama.com\/den-lon-op-tran-30w-ln-208-euroto\/\"><span style=\"color: #ff6600;\">\u0110\u00e8n lon \u1ed1p tr\u1ea7n<\/span><\/a> Euroto LN-208 30W<\/strong><\/span><\/p>\n<p><span style=\"color: #000000;\">M\u00e3 h\u00e0ng: LN-208 30W<\/span><\/p>\n<p><span style=\"color: #000000;\">K\u00edch th\u01b0\u1edbc \u0111\u00e8n: \u00d8135 x H110 mm<\/span><\/p>\n<p><span style=\"color: #000000;\">\u00c1nh s\u00e1ng \u0111\u01a1n ma\u0300u:<\/span><\/p>\n<p><span style=\"color: #000000;\">\u00c1nh s\u00e1ng tr\u1eafng<\/span><\/p>\n<p><span style=\"color: #000000;\">\u00c1nh s\u00e1ng trung t\u00ednh<\/span><\/p>\n<p><span style=\"color: #000000;\">\u00c1nh s\u00e1ng v\u00e0ng<\/span><\/p>\n<p><span style=\"color: #000000;\">Th\u00f4ng s\u1ed1 k\u1ef9 thu\u1eadt:<\/span><\/p>\n<p><span style=\"color: #000000;\">Chip led: Cree (USA)<\/span><\/p>\n<p><span style=\"color: #000000;\">Power: COB 12W \u2013 80W<\/span><\/p>\n<p><span style=\"color: #000000;\">Lumen: 120\/W<\/span><\/p>\n<p><span style=\"color: #000000;\">G\u00f3c chi\u1ebfu: 24\u00ba<\/span><\/p>\n<p><span style=\"color: #000000;\">Ch\u1ec9 s\u1ed1 ho\u00e0n m\u00e0u: CRI \u2013 RA \u2265 95<\/span><\/p>\n<p>&nbsp;<\/p>\n<p><span style=\"font-size: 12pt; color: #000000;\"><strong>LI\u00caN H\u1ec6 : Hotline: 0935 228 204 ( Ms Lam )<\/strong><\/span><\/p>\n<p><span style=\"font-size: 12pt; color: #000000;\"><strong>Facebook:\u00a0<span style=\"color: #ff6600;\"><a style=\"color: #ff6600;\" href=\"https:\/\/www.facebook.com\/thietbidienlama\" target=\"_blank\" rel=\"noopener\">THI\u1ebeT\u00a0B\u1eca \u0110I\u1ec6N LAMA<\/a><\/span><\/strong><\/span><\/p>\n<p><span style=\"font-size: 12pt; color: #000000;\"><strong>Tiktok:\u00a0<span style=\"color: #ff6600;\"><a style=\"color: #ff6600;\" href=\"https:\/\/www.tiktok.com\/@thietbidienlama\" target=\"_blank\" rel=\"noopener\">THI\u1ebeT\u00a0B\u1eca \u0110I\u1ec6N LAMA<\/a><\/span><\/strong><\/span><\/p>","protected":false},"excerpt":{"rendered":"<p>\u0110\u00e8n Lon \u1ed0p Tr\u1ea7n 30W LN 208 &#8211; Euroto \u0110\u00e8n lon \u1ed1p tr\u1ea7n Euroto LN-208 30W M\u00e3 h\u00e0ng: LN-208 30W<\/p>","protected":false},"featured_media":13222,"comment_status":"closed","ping_status":"closed","template":"","meta":[],"product_brand":[],"product_cat":[505,846],"product_tag":[896,870,895,894,871],"class_list":{"0":"post-13221","1":"product","2":"type-product","3":"status-publish","4":"has-post-thumbnail","6":"product_cat-den-trang-tri","7":"product_cat-den-lon-trang-tri","8":"product_tag-den-lon","9":"product_tag-den-lon-noi","10":"product_tag-den-lon-op-tran","11":"product_tag-den-lon-tran","12":"product_tag-den-lon-trang-tri","14":"first","15":"instock","16":"sale","17":"shipping-taxable","18":"purchasable","19":"product-type-simple"},"_links":{"self":[{"href":"https:\/\/www.thietbidienlama.com\/en\/wp-json\/wp\/v2\/product\/13221","targetHints":{"allow":["GET"]}}],"collection":[{"href":"https:\/\/www.thietbidienlama.com\/en\/wp-json\/wp\/v2\/product"}],"about":[{"href":"https:\/\/www.thietbidienlama.com\/en\/wp-json\/wp\/v2\/types\/product"}],"replies":[{"embeddable":true,"href":"https:\/\/www.thietbidienlama.com\/en\/wp-json\/wp\/v2\/comments?post=13221"}],"version-history":[{"count":2,"href":"https:\/\/www.thietbidienlama.com\/en\/wp-json\/wp\/v2\/product\/13221\/revisions"}],"predecessor-version":[{"id":13224,"href":"https:\/\/www.thietbidienlama.com\/en\/wp-json\/wp\/v2\/product\/13221\/revisions\/13224"}],"wp:featuredmedia":[{"embeddable":true,"href":"https:\/\/www.thietbidienlama.com\/en\/wp-json\/wp\/v2\/media\/13222"}],"wp:attachment":[{"href":"https:\/\/www.thietbidienlama.com\/en\/wp-json\/wp\/v2\/media?parent=13221"}],"wp:term":[{"taxonomy":"product_brand","embeddable":true,"href":"https:\/\/www.thietbidienlama.com\/en\/wp-json\/wp\/v2\/product_brand?post=13221"},{"taxonomy":"product_cat","embeddable":true,"href":"https:\/\/www.thietbidienlama.com\/en\/wp-json\/wp\/v2\/product_cat?post=13221"},{"taxonomy":"product_tag","embeddable":true,"href":"https:\/\/www.thietbidienlama.com\/en\/wp-json\/wp\/v2\/product_tag?post=13221"}],"curies":[{"name":"wp","href":"https:\/\/api.w.org\/{rel}","templated":true}]}}