{"id":13212,"date":"2025-10-05T13:41:59","date_gmt":"2025-10-05T06:41:59","guid":{"rendered":"https:\/\/thietbidienlama.com\/?post_type=product&#038;p=13212"},"modified":"2025-10-05T13:43:06","modified_gmt":"2025-10-05T06:43:06","slug":"den-op-noi-vuong","status":"publish","type":"product","link":"https:\/\/www.thietbidienlama.com\/en\/den-op-noi-vuong\/","title":{"rendered":"\u0110\u00e8n \u1ed0p N\u1ed5i Vu\u00f4ng Vi\u1ec1n \u0110en 24W 1 M\u00e0u"},"content":{"rendered":"<h2 style=\"text-align: center;\"><span style=\"color: #000000;\">\u0110\u00e8n \u1ed0p N\u1ed5i Vu\u00f4ng Vi\u1ec1n \u0110en 24W 1 M\u00e0u<\/span><\/h2>\n<p><span style=\"font-size: 12pt; color: #000000;\"><strong>M\u00f4 t\u1ea3 s\u1ea3n ph\u1ea9m<\/strong><\/span><\/p>\n<p style=\"text-align: justify;\"><span style=\"font-size: 12pt; color: #000000;\">\u0110\u00e8n LED Panel hay c\u00f2n g\u1ecdi l\u00e0 \u0111\u00e8n \u1ed1p tr\u1ea7n l\u00e0 lo\u1ea1i \u0111\u00e8n \u0111\u01b0\u1ee3c g\u1eafn n\u1ed5i, thi\u1ebft b\u1ecb chi\u1ebfu s\u00e1ng m\u1edbi th\u00edch h\u1ee3p \u0111\u1ec3 l\u1eafp cho nhi\u1ec1u ki\u1ec3u tr\u1ea7n kh\u00e1c nhau, d\u00f9ng \u0111\u01b0\u1ee3c cho m\u1ee5c \u0111\u00edch th\u01b0\u01a1ng m\u1ea1i l\u1eabn d\u00e2n d\u1ee5ng. <strong>\u0110\u00e8n LED Panel Nanoco<\/strong> g\u1ed3m: \u0111\u00e8n \u1ed1p n\u1ed5i vu\u00f4ng v\u00e0 Panel Office,&#8230; v\u1edbi m\u1ee5c \u0111\u00edch chi\u1ebfu s\u00e1ng cho kh\u00f4ng gian c\u00f3 di\u1ec7n t\u00edch s\u1eed d\u1ee5ng t\u01b0\u01a1ng \u0111\u1ed1i l\u1edbn, tr\u1ea7n r\u1ed9ng, ph\u00f9 h\u1ee3p v\u1edbi nhu c\u1ea7u \u00e1nh s\u00e1ng cao. V\u1edbi s\u1ef1 \u0111a d\u1ea1ng trong thi\u1ebft k\u1ebf v\u00e0 m\u1eabu m\u00e3 s\u1ea3n ph\u1ea9m m\u00e0 \u0111\u00e8n led \u1ed1p tr\u1ea7n ph\u00f9 h\u1ee3p v\u1edbi nhi\u1ec1u lo\u1ea1i kh\u00f4ng gian t\u1eeb c\u1ed5 \u0111i\u1ec3n \u0111\u1ebfn hi\u1ec7n \u0111\u1ea1i.<\/span><\/p>\n<p style=\"text-align: justify;\"><span style=\"font-size: 12pt; color: #000000;\"><span style=\"color: #ff6600;\"><a style=\"color: #ff6600;\" href=\"https:\/\/thietbidienlama.com\/den-op-noi-vuong\/\"><strong>\u0110\u00e8n \u1ed0p N\u1ed5i Vu\u00f4ng<\/strong><\/a><\/span> ph\u00e1t ra \u00e1nh s\u00e1ng tr\u1eafng m\u00e1t m\u1ebb, d\u1ec5 ch\u1ecbu v\u00e0 \u0111\u01b0\u1ee3c s\u1eed d\u1ee5ng ph\u1ed5 bi\u1ebfn trong c\u0103n h\u1ed9, v\u0103n ph\u00f2ng c\u0169ng nh\u01b0 c\u00e1c kh\u00f4ng gian l\u1edbn. \u0110\u00e8n g\u1ed3m c\u00f3 3 m\u00e0u s\u1eafc: v\u00e0ng, trung t\u00ednh v\u00e0 tr\u1eafng, cho ph\u00e9p ng\u01b0\u1eddi d\u00f9ng l\u1ef1a ch\u1ecdn lo\u1ea1i \u00e1nh s\u00e1ng ph\u00f9 h\u1ee3p cho m\u1ed7i kh\u00f4ng gian kh\u00e1c nhau. Ngo\u00e0i ra, \u0111\u00e8n \u1ed1p tr\u1ea7n n\u1ed5i vu\u00f4ng Nanoco \u0111\u01b0\u1ee3c s\u1ea3n xu\u1ea5t b\u1eb1ng ch\u1ea5t li\u1ec7u khung kim lo\u1ea1i, ch\u00f3a \u0111\u00e8n nh\u1ef1a, tu\u1ed5i th\u1ecd 25.000 gi\u1edd \u0111\u1ea3m b\u1ea3o \u0111\u01b0\u1ee3c nhu c\u1ea7u chi\u1ebfu s\u00e1ng t\u1ed1t nh\u1ea5t.<\/span><\/p>\n<p><span style=\"font-size: 12pt; color: #000000;\">LED Panel \u1ed1p tr\u1ea7n n\u1ed5i lo\u1ea1i vu\u00f4ng Nanoco c\u00f3 thi\u1ebft k\u1ebf trang nh\u00e3, v\u1edbi khung m\u00e0u tr\u1eafng v\u00e0 h\u00ecnh d\u1ea1ng g\u00f3c c\u1ea1nh, ph\u00f9 h\u1ee3p v\u1edbi nhi\u1ec1u phong c\u00e1ch n\u1ed9i th\u1ea5t kh\u00e1c nhau. \u0110\u1eb7c bi\u1ec7t, l\u1edbp v\u1ecf b\u1ea3o v\u1ec7 m\u00e0u tr\u1eafng gi\u00fap \u00e1nh s\u00e1ng ph\u00e2n b\u1ed1 \u0111\u1ec1u, kh\u00f4ng g\u00e2y s\u00e1ng ch\u00f3i kh\u00f3 ch\u1ecbu.<\/span><\/p>\n<p><img fetchpriority=\"high\" decoding=\"async\" class=\"alignnone size-full wp-image-13213 aligncenter\" src=\"http:\/\/thietbidienlama.com\/wp-content\/uploads\/2025\/10\/Den-Op-Noi-Vuong.jpg\" alt=\"\u0110\u00e8n \u1ed0p N\u1ed5i Vu\u00f4ng\" width=\"300\" height=\"300\" srcset=\"https:\/\/www.thietbidienlama.com\/wp-content\/uploads\/2025\/10\/Den-Op-Noi-Vuong.jpg 300w, https:\/\/www.thietbidienlama.com\/wp-content\/uploads\/2025\/10\/Den-Op-Noi-Vuong-150x150.jpg 150w, https:\/\/www.thietbidienlama.com\/wp-content\/uploads\/2025\/10\/Den-Op-Noi-Vuong-12x12.jpg 12w\" sizes=\"(max-width: 300px) 100vw, 300px\" \/><\/p>\n<p><span style=\"font-size: 12pt; color: #000000;\"><strong>\u01afu \u0111i\u1ec3m \u0111\u00e8n \u1ed1p n\u1ed5i vu\u00f4ng :<\/strong><\/span><\/p>\n<ul>\n<li><span style=\"font-size: 12pt; color: #000000;\">D\u1ec5 d\u00e0ng thay th\u1ebf ph\u1ee5 ki\u1ec7n v\u00e0 \u0111i\u1ec1u ch\u1ec9nh v\u1ecb tr\u00ed l\u1eafp \u0111\u1eb7t.<\/span><\/li>\n<li><span style=\"font-size: 12pt; color: #000000;\">Kh\u00f4ng l\u00e0m thay \u0111\u1ed5i c\u1ea5u tr\u00fac c\u1ee7a tr\u1ea7n nh\u00e0 ho\u1eb7c v\u1ecb tr\u00ed l\u1eafp \u0111\u1eb7t.<\/span><\/li>\n<li><span style=\"font-size: 12pt; color: #000000;\">Ti\u1ebft ki\u1ec7m \u0111i\u1ec7n n\u0103ng t\u1ed1i \u0111a \u0111\u1ebfn 80% so v\u1edbi \u0111\u00e8n th\u00f4ng th\u01b0\u1eddng.<\/span><\/li>\n<li><span style=\"font-size: 12pt; color: #000000;\">Kh\u00f4ng thu h\u00fat c\u00f4n tr\u00f9ng v\u00ec s\u1eed d\u1ee5ng b\u01b0\u1edbc s\u00f3ng c\u00f3 t\u1ea7n s\u1ed1 th\u1ea5p.<\/span><\/li>\n<li><span style=\"font-size: 12pt; color: #000000;\">T\u1ea1o t\u00ednh th\u1ea9m m\u1ef9, s\u1ef1 sang tr\u1ecdng cho c\u0103n nh\u00e0 nh\u1edd ki\u1ec3u d\u00e1ng phong c\u00e1ch Ch\u00e2u \u00c2u.<\/span><\/li>\n<\/ul>\n<table class=\"aligncenter\" style=\"width: 43.4817%;\" border=\"0\">\n<tbody>\n<tr>\n<td style=\"width: 132.766%;\" colspan=\"4\"><strong><span style=\"color: #000000; font-size: 12pt;\">TH\u00d4NG S\u1ed0 CHUNG<\/span><\/strong><\/td>\n<\/tr>\n<tr>\n<td style=\"width: 54.5627%;\" colspan=\"2\"><span style=\"color: #000000; font-size: 12pt;\">C\u00f4ng su\u1ea5t:<\/span><\/td>\n<td style=\"width: 78.2033%;\" colspan=\"2\"><span style=\"color: #000000; font-size: 12pt;\">24W<\/span><\/td>\n<\/tr>\n<tr>\n<td style=\"width: 54.5627%;\" colspan=\"2\"><span style=\"color: #000000; font-size: 12pt;\">\u0110i\u1ec7n th\u1ebf s\u1eed d\u1ee5ng:<\/span><\/td>\n<td style=\"width: 78.2033%;\" colspan=\"2\"><span style=\"color: #000000; font-size: 12pt;\">220V<\/span><\/td>\n<\/tr>\n<tr>\n<td style=\"width: 54.5627%;\" colspan=\"2\"><span style=\"color: #000000; font-size: 12pt;\">K\u00edch th\u01b0\u1edbc ph\u1ee7 b\u00ec:<\/span><\/td>\n<td style=\"width: 78.2033%;\" colspan=\"2\"><span style=\"color: #000000; font-size: 12pt;\">288 x 288 x H32 mm<\/span><\/td>\n<\/tr>\n<tr>\n<td style=\"width: 54.5627%;\" colspan=\"2\"><span style=\"color: #000000; font-size: 12pt;\">Th\u00e2n \u0111\u00e8n:<\/span><\/td>\n<td style=\"width: 78.2033%;\" colspan=\"2\"><span style=\"color: #000000; font-size: 12pt;\">Kim lo\u1ea1i<\/span><\/td>\n<\/tr>\n<tr>\n<td style=\"width: 54.5627%;\" colspan=\"2\"><span style=\"color: #000000; font-size: 12pt;\">Cho\u00e1 \u0111\u00e8n:<\/span><\/td>\n<td style=\"width: 78.2033%;\" colspan=\"2\"><span style=\"color: #000000; font-size: 12pt;\">Nh\u1ef1a<\/span><\/td>\n<\/tr>\n<tr>\n<td style=\"width: 54.5627%;\" colspan=\"2\"><span style=\"color: #000000; font-size: 12pt;\">Tu\u1ed5i th\u1ecd:<\/span><\/td>\n<td style=\"width: 78.2033%;\" colspan=\"2\"><span style=\"color: #000000; font-size: 12pt;\">25.000 gi\u1edd<\/span><\/td>\n<\/tr>\n<tr>\n<td style=\"width: 54.5627%;\" colspan=\"2\"><span style=\"color: #000000; font-size: 12pt;\">Ch\u1ec9 s\u1ed1 ho\u00e0n m\u00e0u:<\/span><\/td>\n<td style=\"width: 78.2033%;\" colspan=\"2\"><span style=\"color: #000000; font-size: 12pt;\">Ra 80<\/span><\/td>\n<\/tr>\n<tr>\n<td style=\"width: 54.5627%;\" colspan=\"2\"><span style=\"color: #000000; font-size: 12pt;\">G\u00f3c chi\u1ebfu:<\/span><\/td>\n<td style=\"width: 78.2033%;\" colspan=\"2\"><span style=\"color: #000000; font-size: 12pt;\">120\u00ba \u2013 120 \u0111\u1ed9<\/span><\/td>\n<\/tr>\n<tr>\n<td style=\"width: 54.5627%;\" colspan=\"2\"><span style=\"color: #000000; font-size: 12pt;\">C\u1ea5p b\u1ea3o v\u1ec7:<\/span><\/td>\n<td style=\"width: 78.2033%;\" colspan=\"2\"><span style=\"color: #000000; font-size: 12pt;\">IP20<\/span><\/td>\n<\/tr>\n<tr>\n<td style=\"width: 54.5627%;\" colspan=\"2\"><span style=\"color: #000000; font-size: 12pt;\">\u0110\u00f3ng g\u00f3i:<\/span><\/td>\n<td style=\"width: 78.2033%;\" colspan=\"2\"><span style=\"color: #000000; font-size: 12pt;\">10 c\u00e1i\/th\u00f9ng<\/span><\/td>\n<\/tr>\n<\/tbody>\n<\/table>\n<p>&nbsp;<\/p>\n<p><span style=\"font-size: 12pt; color: #000000;\"><strong>LI\u00caN H\u1ec6 : Hotline: 0935 228 204 ( Ms Lam )<\/strong><\/span><\/p>\n<p><span style=\"font-size: 12pt; color: #000000;\"><strong>Facebook:\u00a0<span style=\"color: #ff6600;\"><a style=\"color: #ff6600;\" href=\"https:\/\/www.facebook.com\/thietbidienlama\" target=\"_blank\" rel=\"noopener\">THI\u1ebeT\u00a0B\u1eca \u0110I\u1ec6N LAMA<\/a><\/span><\/strong><\/span><\/p>\n<p><span style=\"font-size: 12pt; color: #000000;\"><strong>Tiktok:\u00a0<span style=\"color: #ff6600;\"><a style=\"color: #ff6600;\" href=\"https:\/\/www.tiktok.com\/@thietbidienlama\" target=\"_blank\" rel=\"noopener\">THI\u1ebeT\u00a0B\u1eca \u0110I\u1ec6N LAMA<\/a><\/span><\/strong><\/span><\/p>","protected":false},"excerpt":{"rendered":"<p>\u0110\u00e8n \u1ed0p N\u1ed5i Vu\u00f4ng Vi\u1ec1n \u0110en 24W 1 M\u00e0u M\u00f4 t\u1ea3 s\u1ea3n ph\u1ea9m \u0110\u00e8n LED Panel hay c\u00f2n g\u1ecdi l\u00e0<\/p>","protected":false},"featured_media":13213,"comment_status":"closed","ping_status":"closed","template":"","meta":[],"product_brand":[],"product_cat":[872,851,866,196],"product_tag":[893,891,892,890],"class_list":{"0":"post-13212","1":"product","2":"type-product","3":"status-publish","4":"has-post-thumbnail","6":"product_cat-den-tran-nanoco","7":"product_cat-den-tran-phong-khach","8":"product_cat-thiet-bi-dien-nanoco","9":"product_cat-chua-phan-loai","10":"product_tag-bong-den-led-vuong","11":"product_tag-den-op-tran-vuong","12":"product_tag-den-tran-vuong","13":"product_tag-den-vuong-op-tran","15":"first","16":"instock","17":"sale","18":"shipping-taxable","19":"purchasable","20":"product-type-simple"},"_links":{"self":[{"href":"https:\/\/www.thietbidienlama.com\/en\/wp-json\/wp\/v2\/product\/13212","targetHints":{"allow":["GET"]}}],"collection":[{"href":"https:\/\/www.thietbidienlama.com\/en\/wp-json\/wp\/v2\/product"}],"about":[{"href":"https:\/\/www.thietbidienlama.com\/en\/wp-json\/wp\/v2\/types\/product"}],"replies":[{"embeddable":true,"href":"https:\/\/www.thietbidienlama.com\/en\/wp-json\/wp\/v2\/comments?post=13212"}],"version-history":[{"count":1,"href":"https:\/\/www.thietbidienlama.com\/en\/wp-json\/wp\/v2\/product\/13212\/revisions"}],"predecessor-version":[{"id":13214,"href":"https:\/\/www.thietbidienlama.com\/en\/wp-json\/wp\/v2\/product\/13212\/revisions\/13214"}],"wp:featuredmedia":[{"embeddable":true,"href":"https:\/\/www.thietbidienlama.com\/en\/wp-json\/wp\/v2\/media\/13213"}],"wp:attachment":[{"href":"https:\/\/www.thietbidienlama.com\/en\/wp-json\/wp\/v2\/media?parent=13212"}],"wp:term":[{"taxonomy":"product_brand","embeddable":true,"href":"https:\/\/www.thietbidienlama.com\/en\/wp-json\/wp\/v2\/product_brand?post=13212"},{"taxonomy":"product_cat","embeddable":true,"href":"https:\/\/www.thietbidienlama.com\/en\/wp-json\/wp\/v2\/product_cat?post=13212"},{"taxonomy":"product_tag","embeddable":true,"href":"https:\/\/www.thietbidienlama.com\/en\/wp-json\/wp\/v2\/product_tag?post=13212"}],"curies":[{"name":"wp","href":"https:\/\/api.w.org\/{rel}","templated":true}]}}