{"id":13203,"date":"2025-10-05T13:10:46","date_gmt":"2025-10-05T06:10:46","guid":{"rendered":"https:\/\/thietbidienlama.com\/?post_type=product&#038;p=13203"},"modified":"2025-10-05T13:10:46","modified_gmt":"2025-10-05T06:10:46","slug":"den-op-tran-vuong","status":"publish","type":"product","link":"https:\/\/www.thietbidienlama.com\/en\/den-op-tran-vuong\/","title":{"rendered":"\u0110\u00e8n \u1ed0p Tr\u1ea7n Vu\u00f4ng Vi\u1ec1n Tr\u1eafng 3 Ch\u1ebf \u0110\u1ed9 24W NPL24CSW"},"content":{"rendered":"<h2 style=\"text-align: center;\"><span style=\"color: #000000;\">\u0110\u00e8n \u1ed0p Tr\u1ea7n Vu\u00f4ng Vi\u1ec1n Tr\u1eafng 3 Ch\u1ebf \u0110\u1ed9 24W NPL24CSW<\/span><\/h2>\n<h3><span style=\"font-size: 14pt; color: #000000;\">1. \u0110\u1eb7c \u0111i\u1ec3m s\u1ea3n ph\u1ea9m<\/span><\/h3>\n<p><span style=\"font-size: 12pt; color: #000000;\">D\u00f2ng \u0111\u00e8n Led Panel \u1ed1p tr\u1ea7n n\u1ed5i l\u00e0 m\u1ed9t trong nh\u1eefng lo\u1ea1i \u0111\u00e8n chi\u1ebfu s\u00e1ng \u0111\u01b0\u1ee3c \u01b0a chu\u1ed9ng nh\u1ea5t trong th\u1eddi gian g\u1ea7n \u0111\u00e2y. V\u1edbi thi\u1ebft k\u1ebf tinh t\u1ebf, \u0111\u01a1n gi\u1ea3n nh\u01b0ng hi\u1ec7n \u0111\u1ea1i, \u0111\u00e8n Led Panel \u1ed1p tr\u1ea7n n\u1ed5i c\u00f3 th\u1ec3 ph\u00f9 h\u1ee3p v\u1edbi m\u1ecdi kh\u00f4ng gian, t\u1eeb ph\u00f2ng kh\u00e1ch \u0111\u1ebfn ph\u00f2ng ng\u1ee7, ph\u00f2ng l\u00e0m vi\u1ec7c hay ph\u00f2ng h\u1ecdp.<\/span><\/p>\n<p><span style=\"font-size: 12pt; color: #000000;\">\u0110\u00e8n Led Panel \u1ed1p tr\u1ea7n n\u1ed5i \u0111\u01b0\u1ee3c s\u1ea3n xu\u1ea5t v\u1edbi nhi\u1ec1u m\u1eabu m\u00e3 v\u00e0 ki\u1ec3u d\u00e1ng kh\u00e1c nhau, \u0111\u00e1p \u1ee9ng nhu c\u1ea7u s\u1eed d\u1ee5ng c\u1ee7a m\u1ecdi kh\u00e1ch h\u00e0ng. \u0110\u00e8n c\u00f3 h\u00ecnh d\u00e1ng vu\u00f4ng ho\u1eb7c tr\u00f2n, v\u1edbi vi\u1ec1n tr\u1eafng ho\u1eb7c vi\u1ec1n \u0111en, mang \u0111\u1ebfn s\u1ef1 l\u1ef1a ch\u1ecdn \u0111a d\u1ea1ng cho ng\u01b0\u1eddi ti\u00eau d\u00f9ng.<\/span><\/p>\n<p><span style=\"font-size: 12pt; color: #000000;\">M\u1ed9t trong nh\u1eefng \u0111\u1eb7c \u0111i\u1ec3m n\u1ed5i b\u1eadt c\u1ee7a \u0111\u00e8n Led Panel \u1ed1p tr\u1ea7n n\u1ed5i l\u00e0 kh\u1ea3 n\u0103ng \u0111\u1ed5i m\u00e0u \u00e1nh s\u00e1ng. V\u1edbi ba m\u00e0u \u00e1nh s\u00e1ng ch\u00ednh l\u00e0 tr\u1eafng 6500K, trung t\u00ednh 4000K v\u00e0 v\u00e0ng 3000K, ng\u01b0\u1eddi d\u00f9ng c\u00f3 th\u1ec3 d\u1ec5 d\u00e0ng l\u1ef1a ch\u1ecdn m\u00e0u s\u00e1ng ph\u00f9 h\u1ee3p v\u1edbi nhu c\u1ea7u s\u1eed d\u1ee5ng. \u0110\u1eb7c bi\u1ec7t, \u0111\u00e8n Led Panel \u1ed1p tr\u1ea7n n\u1ed5i c\u00f2n c\u00f3 t\u00ednh n\u0103ng \u0111\u1ed5i m\u00e0u \u00e1nh s\u00e1ng, gi\u00fap ng\u01b0\u1eddi d\u00f9ng c\u00f3 th\u1ec3 \u0111i\u1ec1u ch\u1ec9nh m\u00e0u s\u00e1ng ph\u00f9 h\u1ee3p v\u1edbi t\u1eebng ho\u00e0n c\u1ea3nh s\u1eed d\u1ee5ng.<\/span><\/p>\n<p><span style=\"font-size: 12pt; color: #000000;\">\u0110\u00e8n Led Panel \u1ed1p tr\u1ea7n n\u1ed5i c\u00f2n c\u00f3 tu\u1ed5i th\u1ecd r\u1ea5t cao, l\u00ean \u0111\u1ebfn 25.000 gi\u1edd, gi\u00fap ng\u01b0\u1eddi d\u00f9ng ti\u1ebft ki\u1ec7m \u0111\u01b0\u1ee3c chi ph\u00ed thay th\u1ebf \u0111\u00e8n. \u0110\u1ed9 ho\u00e0n m\u00e0u CRI c\u1ee7a \u0111\u00e8n l\u00e0 ra80, gi\u00fap t\u00e1i t\u1ea1o m\u00e0u s\u1eafc c\u1ee7a c\u00e1c v\u1eadt th\u1ec3 m\u1ed9t c\u00e1ch ch\u00ednh x\u00e1c, \u0111\u1ea3m b\u1ea3o \u0111\u1ed9 trung th\u1ef1c c\u1ee7a m\u00e0u s\u1eafc. G\u00f3c chi\u1ebfu c\u1ee7a \u0111\u00e8n Led Panel \u1ed1p tr\u1ea7n n\u1ed5i l\u00e0 120 \u0111\u1ed9, gi\u00fap ph\u00e1t s\u00e1ng \u0111\u1ec1u v\u00e0 r\u1ed9ng kh\u1eafp kh\u00f4ng gian. \u0110\u1ed9 b\u1ea3o v\u1ec7 IP20 c\u1ee7a \u0111\u00e8n gi\u00fap b\u1ea3o v\u1ec7 ch\u1ed1ng b\u1ee5i v\u00e0 \u1ea9m, t\u0103ng \u0111\u1ed9 b\u1ec1n cho s\u1ea3n ph\u1ea9m.<\/span><\/p>\n<p><span style=\"font-size: 12pt; color: #000000;\">Ch\u1ea5t l\u01b0\u1ee3ng khung kim lo\u1ea1i v\u00e0 ch\u00f3a \u0111\u00e8n nh\u1ef1a c\u1ee7a \u0111\u00e8n Led Panel \u1ed1p tr\u1ea7n n\u1ed5i r\u1ea5t t\u1ed1t, \u0111\u1ea3m b\u1ea3o \u0111\u1ed9 b\u1ec1n v\u00e0 \u0111\u1ed9 an to\u00e0n khi s\u1eed d\u1ee5ng. \u0110\u00e8n c\u00f3 c\u00f4ng su\u1ea5t t\u1eeb 6W \u0111\u1ebfn 24W, quang th\u00f4ng t\u1eeb 360 lumen \u0111\u1ebfn 1700 lumen, ph\u00f9 h\u1ee3p v\u1edbi m\u1ecdi k\u00edch th\u01b0\u1edbc kh\u00f4ng gian s\u1eed d\u1ee5ng.<\/span><\/p>\n<p><span style=\"font-size: 12pt; color: #000000;\">T\u00f3m l\u1ea1i, \u0111\u00e8n Led Panel \u1ed1p tr\u1ea7n n\u1ed5i l\u00e0 l\u1ef1a ch\u1ecdn t\u1ed1t \u0111\u1ec3 chi\u1ebfu s\u00e1ng cho m\u1ecdi kh\u00f4ng gian, v\u1edbi thi\u1ebft k\u1ebf hi\u1ec7n \u0111\u1ea1i, \u0111a d\u1ea1ng ki\u1ec3u d\u00e1ng v\u00e0 m\u00e0u s\u1eafc, t\u00ednh n\u0103ng \u0111\u1ed5i m\u00e0u \u00e1nh s\u00e1ng v\u00e0 tu\u1ed5i th\u1ecd cao. \u0110\u00e8n Led Panel \u1ed1p tr\u1ea7n n\u1ed5i s\u1ebd l\u00e0 m\u1ed9t s\u1ea3n ph\u1ea9m \u0111\u00e1ng \u0111\u1ec3 \u0111\u1ea7u t\u01b0 cho kh\u00f4ng gian s\u1ed1ng v\u00e0 l\u00e0m vi\u1ec7c c\u1ee7a b\u1ea1n.<\/span><\/p>\n<p><img fetchpriority=\"high\" decoding=\"async\" class=\"alignnone size-medium wp-image-13204 aligncenter\" src=\"http:\/\/thietbidienlama.com\/wp-content\/uploads\/2025\/10\/den-op-tran-vuong-300x300.jpg\" alt=\"\u0111\u00e8n \u1ed1p Tr\u1ea7n Vu\u00f4ng\" width=\"300\" height=\"300\" srcset=\"https:\/\/www.thietbidienlama.com\/wp-content\/uploads\/2025\/10\/den-op-tran-vuong-300x300.jpg 300w, https:\/\/www.thietbidienlama.com\/wp-content\/uploads\/2025\/10\/den-op-tran-vuong-150x150.jpg 150w, https:\/\/www.thietbidienlama.com\/wp-content\/uploads\/2025\/10\/den-op-tran-vuong-12x12.jpg 12w, https:\/\/www.thietbidienlama.com\/wp-content\/uploads\/2025\/10\/den-op-tran-vuong.jpg 600w\" sizes=\"(max-width: 300px) 100vw, 300px\" \/><\/p>\n<h3><span style=\"font-size: 14pt; color: #000000;\">2. Th\u00f4ng s\u1ed1 s\u1ea3n ph\u1ea9m<\/span><\/h3>\n<p><span style=\"font-size: 12pt; color: #000000;\">&#8211; C\u00f4ng su\u1ea5t: 24W<\/span><br \/>\n<span style=\"font-size: 12pt; color: #000000;\">&#8211; Lo\u1ea1i: m\u00e0u \u0111en, m\u00e0u tr\u1eafng<\/span><br \/>\n<span style=\"font-size: 12pt; color: #000000;\">&#8211; Nhi\u1ec7t \u0111\u1ed9 m\u00e0u: \u0110\u1ed5i m\u00e0u 3000K &#8211; 4000K &#8211; 6500K<\/span><br \/>\n<span style=\"font-size: 12pt; color: #000000;\">&#8211; \u0110i\u1ec7n th\u1ebf s\u1eed d\u1ee5ng: AC220-240V\/50-60Hz<\/span><br \/>\n<span style=\"font-size: 12pt; color: #000000;\">&#8211; Quang th\u00f4ng: 1500-1700lm<\/span><br \/>\n<span style=\"font-size: 12pt; color: #000000;\">&#8211; K\u00edch th\u01b0\u1edbc s\u1ea3n ph\u1ea9m d\u1ea1ng vu\u00f4ng: 288x288x32mm<\/span><br \/>\n<span style=\"font-size: 12pt; color: #000000;\">&#8211; Ch\u1ea5t li\u1ec7u: Khung \u0111\u00e8n kim lo\u1ea1i, ch\u00f3a \u0111\u00e8n nh\u1ef1a<\/span><br \/>\n<span style=\"font-size: 12pt; color: #000000;\">&#8211; G\u00f3c chi\u1ebfu: 120\u00b0<\/span><br \/>\n<span style=\"font-size: 12pt; color: #000000;\">&#8211; CRI: Ra80<\/span><br \/>\n<span style=\"font-size: 12pt; color: #000000;\">&#8211; Ch\u1ec9 s\u1ed1 b\u1ea3o v\u1ec7: IP20<\/span><br \/>\n<span style=\"font-size: 12pt; color: #000000;\">&#8211; PF: &gt;0.5<\/span><\/p>\n<p><span style=\"font-size: 12pt; color: #000000;\">3. Ch\u00ednh s\u00e1ch b\u1ea3o h\u00e0nh: 24 th\u00e1ng<\/span><br \/>\n<span style=\"font-size: 12pt; color: #000000;\">Ch\u00ednh s\u00e1ch \u0111\u1ed5i m\u1edbi: \u0110\u1ed5i m\u1edbi 1 \u0111\u1ed5i 1<\/span><\/p>\n<p><span style=\"font-size: 12pt; color: #000000;\"><strong>LI\u00caN H\u1ec6 : Hotline: 0935 228 204 ( Ms Lam )<\/strong><\/span><\/p>\n<p><span style=\"font-size: 12pt; color: #000000;\"><strong>Facebook:\u00a0<span style=\"color: #ff6600;\"><a style=\"color: #ff6600;\" href=\"https:\/\/www.facebook.com\/thietbidienlama\" target=\"_blank\" rel=\"noopener\">THI\u1ebeT\u00a0B\u1eca \u0110I\u1ec6N LAMA<\/a><\/span><\/strong><\/span><\/p>\n<p><span style=\"font-size: 12pt; color: #000000;\"><strong>Tiktok:\u00a0<span style=\"color: #ff6600;\"><a style=\"color: #ff6600;\" href=\"https:\/\/www.tiktok.com\/@thietbidienlama\" target=\"_blank\" rel=\"noopener\">THI\u1ebeT\u00a0B\u1eca \u0110I\u1ec6N LAMA<\/a><\/span><\/strong><\/span><\/p>","protected":false},"excerpt":{"rendered":"<p>\u0110\u00e8n \u1ed0p Tr\u1ea7n Vu\u00f4ng Vi\u1ec1n Tr\u1eafng 3 Ch\u1ebf \u0110\u1ed9 24W NPL24CSW 1. \u0110\u1eb7c \u0111i\u1ec3m s\u1ea3n ph\u1ea9m D\u00f2ng \u0111\u00e8n Led Panel<\/p>","protected":false},"featured_media":13204,"comment_status":"closed","ping_status":"closed","template":"","meta":[],"product_brand":[],"product_cat":[851,872,866],"product_tag":[891,890],"class_list":{"0":"post-13203","1":"product","2":"type-product","3":"status-publish","4":"has-post-thumbnail","6":"product_cat-den-tran-phong-khach","7":"product_cat-den-tran-nanoco","8":"product_cat-thiet-bi-dien-nanoco","9":"product_tag-den-op-tran-vuong","10":"product_tag-den-vuong-op-tran","12":"first","13":"instock","14":"sale","15":"shipping-taxable","16":"purchasable","17":"product-type-simple"},"_links":{"self":[{"href":"https:\/\/www.thietbidienlama.com\/en\/wp-json\/wp\/v2\/product\/13203","targetHints":{"allow":["GET"]}}],"collection":[{"href":"https:\/\/www.thietbidienlama.com\/en\/wp-json\/wp\/v2\/product"}],"about":[{"href":"https:\/\/www.thietbidienlama.com\/en\/wp-json\/wp\/v2\/types\/product"}],"replies":[{"embeddable":true,"href":"https:\/\/www.thietbidienlama.com\/en\/wp-json\/wp\/v2\/comments?post=13203"}],"version-history":[{"count":3,"href":"https:\/\/www.thietbidienlama.com\/en\/wp-json\/wp\/v2\/product\/13203\/revisions"}],"predecessor-version":[{"id":13207,"href":"https:\/\/www.thietbidienlama.com\/en\/wp-json\/wp\/v2\/product\/13203\/revisions\/13207"}],"wp:featuredmedia":[{"embeddable":true,"href":"https:\/\/www.thietbidienlama.com\/en\/wp-json\/wp\/v2\/media\/13204"}],"wp:attachment":[{"href":"https:\/\/www.thietbidienlama.com\/en\/wp-json\/wp\/v2\/media?parent=13203"}],"wp:term":[{"taxonomy":"product_brand","embeddable":true,"href":"https:\/\/www.thietbidienlama.com\/en\/wp-json\/wp\/v2\/product_brand?post=13203"},{"taxonomy":"product_cat","embeddable":true,"href":"https:\/\/www.thietbidienlama.com\/en\/wp-json\/wp\/v2\/product_cat?post=13203"},{"taxonomy":"product_tag","embeddable":true,"href":"https:\/\/www.thietbidienlama.com\/en\/wp-json\/wp\/v2\/product_tag?post=13203"}],"curies":[{"name":"wp","href":"https:\/\/api.w.org\/{rel}","templated":true}]}}