{"id":13197,"date":"2025-10-05T11:39:31","date_gmt":"2025-10-05T04:39:31","guid":{"rendered":"https:\/\/thietbidienlama.com\/?post_type=product&#038;p=13197"},"modified":"2025-10-05T13:03:41","modified_gmt":"2025-10-05T06:03:41","slug":"den-vuong-op-tran","status":"publish","type":"product","link":"https:\/\/www.thietbidienlama.com\/en\/den-vuong-op-tran\/","title":{"rendered":"\u0110\u00e8n Vu\u00f4ng \u1ed0p Tr\u1ea7n Vi\u1ec1n \u0111en 3 Ch\u1ebf \u0110\u1ed9 24W NPL24CSB"},"content":{"rendered":"<h2 style=\"text-align: center;\"><span style=\"color: #000000;\">\u0110\u00e8n Vu\u00f4ng \u1ed0p Tr\u1ea7n Vi\u1ec1n \u0111en 3 Ch\u1ebf \u0110\u1ed9 24W NPL24CSB<\/span><\/h2>\n<h3><span style=\"color: #000000;\"><strong><span style=\"font-size: 14pt;\">Chi ti\u1ebft s\u1ea3n ph\u1ea9m <span style=\"color: #ff6600;\"><a style=\"color: #ff6600;\" href=\"https:\/\/thietbidienlama.com\/den-vuong-op-tran\/\">\u0111\u00e8n vu\u00f4ng \u1ed1p tr\u1ea7n<\/a><\/span><\/span><\/strong><\/span><\/h3>\n<table border=\"0\">\n<tbody>\n<tr>\n<td colspan=\"2\"><span style=\"color: #000000;\">C\u00f4ng su\u1ea5t:<\/span><\/td>\n<td colspan=\"2\"><span style=\"color: #000000;\">24W<\/span><\/td>\n<\/tr>\n<tr>\n<td colspan=\"2\"><span style=\"color: #000000;\">\u0110i\u1ec7n th\u1ebf s\u1eed d\u1ee5ng:<\/span><\/td>\n<td colspan=\"2\"><span style=\"color: #000000;\">220V<\/span><\/td>\n<\/tr>\n<tr>\n<td colspan=\"2\"><span style=\"color: #000000;\">K\u00edch th\u01b0\u1edbc ph\u1ee7 b\u00ec:<\/span><\/td>\n<td colspan=\"2\"><span style=\"color: #000000;\">288 x 288 x H32 mm<\/span><\/td>\n<\/tr>\n<tr>\n<td colspan=\"2\"><span style=\"color: #000000;\">Th\u00e2n \u0111\u00e8n:<\/span><\/td>\n<td colspan=\"2\"><span style=\"color: #000000;\">Kim lo\u1ea1i<\/span><\/td>\n<\/tr>\n<tr>\n<td colspan=\"2\"><span style=\"color: #000000;\">Cho\u00e1 \u0111\u00e8n:<\/span><\/td>\n<td colspan=\"2\"><span style=\"color: #000000;\">Nh\u1ef1a<\/span><\/td>\n<\/tr>\n<tr>\n<td colspan=\"2\"><span style=\"color: #000000;\">Tu\u1ed5i th\u1ecd:<\/span><\/td>\n<td colspan=\"2\"><span style=\"color: #000000;\">25.000 gi\u1edd<\/span><\/td>\n<\/tr>\n<tr>\n<td colspan=\"2\"><span style=\"color: #000000;\">Ch\u1ec9 s\u1ed1 ho\u00e0n m\u00e0u:<\/span><\/td>\n<td colspan=\"2\"><span style=\"color: #000000;\">Ra 80<\/span><\/td>\n<\/tr>\n<tr>\n<td colspan=\"2\"><span style=\"color: #000000;\">G\u00f3c chi\u1ebfu:<\/span><\/td>\n<td colspan=\"2\"><span style=\"color: #000000;\">120\u00ba \u2013 120 \u0111\u1ed9<\/span><\/td>\n<\/tr>\n<tr>\n<td colspan=\"2\"><span style=\"color: #000000;\">C\u1ea5p b\u1ea3o v\u1ec7:<\/span><\/td>\n<td colspan=\"2\"><span style=\"color: #000000;\">IP20<\/span><\/td>\n<\/tr>\n<tr>\n<td colspan=\"2\"><span style=\"color: #000000;\">\u0110\u00f3ng g\u00f3i:<\/span><\/td>\n<td colspan=\"2\"><span style=\"color: #000000;\">10 c\u00e1i\/th\u00f9ng<\/span><\/td>\n<\/tr>\n<\/tbody>\n<\/table>\n<p><img fetchpriority=\"high\" decoding=\"async\" class=\"alignnone size-full wp-image-13198 aligncenter\" src=\"http:\/\/thietbidienlama.com\/wp-content\/uploads\/2025\/10\/den-vuong-op-tran.jpg\" alt=\"\u0111\u00e8n Vu\u00f4ng \u1ed1p Tr\u1ea7n\" width=\"300\" height=\"300\" srcset=\"https:\/\/www.thietbidienlama.com\/wp-content\/uploads\/2025\/10\/den-vuong-op-tran.jpg 300w, https:\/\/www.thietbidienlama.com\/wp-content\/uploads\/2025\/10\/den-vuong-op-tran-150x150.jpg 150w, https:\/\/www.thietbidienlama.com\/wp-content\/uploads\/2025\/10\/den-vuong-op-tran-12x12.jpg 12w\" sizes=\"(max-width: 300px) 100vw, 300px\" \/><\/p>\n<p><span style=\"font-size: 12pt; color: #000000;\"><strong>LI\u00caN H\u1ec6 : Hotline: 0935 228 204 ( Ms Lam )<\/strong><\/span><\/p>\n<p><span style=\"font-size: 12pt; color: #000000;\"><strong>Facebook:\u00a0<span style=\"color: #ff6600;\"><a style=\"color: #ff6600;\" href=\"https:\/\/www.facebook.com\/thietbidienlama\" target=\"_blank\" rel=\"noopener\">THI\u1ebeT\u00a0B\u1eca \u0110I\u1ec6N LAMA<\/a><\/span><\/strong><\/span><\/p>\n<p><span style=\"font-size: 12pt; color: #000000;\"><strong>Tiktok:\u00a0<span style=\"color: #ff6600;\"><a style=\"color: #ff6600;\" href=\"https:\/\/www.tiktok.com\/@thietbidienlama\" target=\"_blank\" rel=\"noopener\">THI\u1ebeT\u00a0B\u1eca \u0110I\u1ec6N LAMA<\/a><\/span><\/strong><\/span><\/p>","protected":false},"excerpt":{"rendered":"<p>\u0110\u00e8n Vu\u00f4ng \u1ed0p Tr\u1ea7n Vi\u1ec1n \u0111en 3 Ch\u1ebf \u0110\u1ed9 24W NPL24CSB Chi ti\u1ebft s\u1ea3n ph\u1ea9m \u0111\u00e8n vu\u00f4ng \u1ed1p tr\u1ea7n C\u00f4ng<\/p>","protected":false},"featured_media":13198,"comment_status":"closed","ping_status":"closed","template":"","meta":[],"product_brand":[],"product_cat":[851,872,866],"product_tag":[893,891,892,890],"class_list":{"0":"post-13197","1":"product","2":"type-product","3":"status-publish","4":"has-post-thumbnail","6":"product_cat-den-tran-phong-khach","7":"product_cat-den-tran-nanoco","8":"product_cat-thiet-bi-dien-nanoco","9":"product_tag-bong-den-led-vuong","10":"product_tag-den-op-tran-vuong","11":"product_tag-den-tran-vuong","12":"product_tag-den-vuong-op-tran","14":"first","15":"instock","16":"sale","17":"shipping-taxable","18":"purchasable","19":"product-type-simple"},"_links":{"self":[{"href":"https:\/\/www.thietbidienlama.com\/en\/wp-json\/wp\/v2\/product\/13197","targetHints":{"allow":["GET"]}}],"collection":[{"href":"https:\/\/www.thietbidienlama.com\/en\/wp-json\/wp\/v2\/product"}],"about":[{"href":"https:\/\/www.thietbidienlama.com\/en\/wp-json\/wp\/v2\/types\/product"}],"replies":[{"embeddable":true,"href":"https:\/\/www.thietbidienlama.com\/en\/wp-json\/wp\/v2\/comments?post=13197"}],"version-history":[{"count":4,"href":"https:\/\/www.thietbidienlama.com\/en\/wp-json\/wp\/v2\/product\/13197\/revisions"}],"predecessor-version":[{"id":13202,"href":"https:\/\/www.thietbidienlama.com\/en\/wp-json\/wp\/v2\/product\/13197\/revisions\/13202"}],"wp:featuredmedia":[{"embeddable":true,"href":"https:\/\/www.thietbidienlama.com\/en\/wp-json\/wp\/v2\/media\/13198"}],"wp:attachment":[{"href":"https:\/\/www.thietbidienlama.com\/en\/wp-json\/wp\/v2\/media?parent=13197"}],"wp:term":[{"taxonomy":"product_brand","embeddable":true,"href":"https:\/\/www.thietbidienlama.com\/en\/wp-json\/wp\/v2\/product_brand?post=13197"},{"taxonomy":"product_cat","embeddable":true,"href":"https:\/\/www.thietbidienlama.com\/en\/wp-json\/wp\/v2\/product_cat?post=13197"},{"taxonomy":"product_tag","embeddable":true,"href":"https:\/\/www.thietbidienlama.com\/en\/wp-json\/wp\/v2\/product_tag?post=13197"}],"curies":[{"name":"wp","href":"https:\/\/api.w.org\/{rel}","templated":true}]}}